{"id":116701,"date":"2025-05-29T13:52:55","date_gmt":"2025-05-29T11:52:55","guid":{"rendered":"https:\/\/yasminfood.ch\/product\/rani-saft-orange-granulat-240-ml\/"},"modified":"2025-06-20T00:49:44","modified_gmt":"2025-06-19T22:49:44","slug":"rani-saft-orange-granulat-240-ml","status":"publish","type":"product","link":"https:\/\/yasminfood.ch\/de\/product\/rani-saft-orange-granulat-240-ml\/","title":{"rendered":"Rani Saft Orange Granulat 240 ml"},"content":{"rendered":"<p >Rani Saft Orange Granulat 240 ml<\/p>\n<ul>\n<li >\n<div id=\"product-description-short-67388\" class=\"product-description-short sm-bottom\">Rani Orangensaftpulver mit erfrischendem Geschmack und malerischer Farbe, serviert mit kaltem Orangensaft, der ihm kristalline Eisst\u00fccke zugesetzt wird, <\/div>\n<\/li>\n<li >\n<div id=\"product-description-short-67388\" class=\"product-description-short sm-bottom\">F\u00fcr eine vollst\u00e4ndige Erholung, vor allem im Sommer,<\/div>\n<\/li>\n<li >\n<div id=\"product-description-short-67388\" class=\"product-description-short sm-bottom\">Da Orangensaft aus frischen Orangenfr\u00fcchten hergestellt wird<\/div>\n<\/li>\n<li >\n<div id=\"product-description-short-67388\" class=\"product-description-short sm-bottom\">Daher ist es gesund und sicher f\u00fcr den K\u00f6rper, da es den menschlichen K\u00f6rper mit Energie und Vitalit\u00e4t versorgt.<\/div>\n<\/li>\n<li >\n<div id=\"product-description-short-67388\" class=\"product-description-short sm-bottom\">Sie k\u00f6nnen Orangensaft mit vielen Arten von Snacks wie Pettiphore oder Chips essen.<\/div>\n<\/li>\n<li >\n<div id=\"product-description-short-67388\" class=\"product-description-short sm-bottom\">Es kann auch den G\u00e4sten serviert werden, um ihnen Frische und Vitalit\u00e4t zu verleihen.<\/div>\n<\/li>\n<li >\n<div id=\"product-description-short-67388\" class=\"product-description-short sm-bottom\">Das Unternehmen stellt Saftpulver mit Orangengeschmack auf feinste Weise her und lagert es in einer luftdichten Verpackung, um eine sichere Lagerung zu gew\u00e4hrleisten.<\/div>\n<div class=\"product-information light-box-bg mb-3\">\n<div class=\"product-prices sm-bottom\">\n<div class=\"d-flex flex-wrap align-items-center\"><\/div>\n<\/div>\n<\/div>\n<\/li>\n<\/ul>\n","protected":false},"excerpt":{"rendered":"<p class=\"ai-optimize-26 ai-optimize-introduction\">Rani Saft Orange Granulat 240 ml<\/p>\n<ul>\n<li class=\"ai-optimize-27\">\n<div id=\"product-description-short-67388\" class=\"product-description-short sm-bottom\">Rani Orangensaftpulver mit erfrischendem Geschmack und malerischer Farbe, serviert mit kaltem Orangensaft, der ihm kristalline Eisst\u00fccke zugesetzt wird, <\/div>\n<\/li>\n<li class=\"ai-optimize-27\">\n<div id=\"product-description-short-67388\" class=\"product-description-short sm-bottom\">F\u00fcr eine vollst\u00e4ndige Erholung, vor allem im Sommer,<\/div>\n<\/li>\n<li class=\"ai-optimize-27\">\n<div id=\"product-description-short-67388\" class=\"product-description-short sm-bottom\">Da Orangensaft aus frischen Orangenfr\u00fcchten hergestellt wird<\/div>\n<\/li>\n<\/ul>\n","protected":false},"featured_media":116681,"comment_status":"open","ping_status":"closed","template":"","meta":[],"product_brand":[],"product_cat":[367,378],"product_tag":[413,2239],"class_list":{"0":"post-116701","1":"product","2":"type-product","3":"status-publish","4":"has-post-thumbnail","6":"product_cat-getraenke-fluessigkeiten","7":"product_cat-safte","8":"product_tag-naturlicher-erfrischender-saft","9":"product_tag-rani-saft-naturliches-fruchtgranulat","11":"first","12":"outofstock","13":"taxable","14":"shipping-taxable","15":"purchasable","16":"product-type-simple"},"yoast_head":"<!-- This site is optimized with the Yoast SEO Premium plugin v26.5 (Yoast SEO v27.4) - https:\/\/yoast.com\/product\/yoast-seo-premium-wordpress\/ -->\n<title>Rani Saft Orange Granulat 240 ml - Yasmin Food<\/title>\n<meta name=\"description\" content=\"Genie\u00dfen Sie ein erfrischendes Getr\u00e4nk mit Rani Granulat Orangensaft 240ml, hergestellt aus frischen Orangenfr\u00fcchten. Holen Sie es sich noch heute f\u00fcr mehr Frische! Yasmin Food\" \/>\n<meta name=\"robots\" content=\"index, follow, max-snippet:-1, max-image-preview:large, max-video-preview:-1\" \/>\n<link rel=\"canonical\" href=\"https:\/\/yasminfood.ch\/de\/product\/rani-saft-orange-granulat-240-ml\/\" \/>\n<meta property=\"og:locale\" content=\"de_DE\" \/>\n<meta property=\"og:type\" content=\"article\" \/>\n<meta property=\"og:title\" content=\"Rani Saft Orange Granulat 240 ml\" \/>\n<meta property=\"og:description\" content=\"Rani Saft Orange Granulat 240 ml   Rani Orangensaftpulver mit erfrischendem Geschmack und malerischer Farbe, serviert mit kaltem Orangensaft, der ihm kristalline Eisst\u00fccke zugesetzt wird,   F\u00fcr eine vollst\u00e4ndige Erholung, vor allem im Sommer,  Da Orangensaft aus frischen Orangenfr\u00fcchten hergestellt wird\" \/>\n<meta property=\"og:url\" content=\"https:\/\/yasminfood.ch\/de\/product\/rani-saft-orange-granulat-240-ml\/\" \/>\n<meta property=\"og:site_name\" content=\"Yasmin Food\" \/>\n<meta property=\"article:publisher\" content=\"https:\/\/www.facebook.com\/yasminmarkt1\" \/>\n<meta property=\"article:modified_time\" content=\"2025-06-19T22:49:44+00:00\" \/>\n<meta property=\"og:image\" content=\"https:\/\/yasminfood.ch\/wp-content\/uploads\/2025\/05\/\u0639\u0635\u064a\u0631-\u0631\u0627\u0646\u064a-\u062d\u0628\u064a\u0628\u0627\u062a-\u0628\u0631\u062a\u0642\u0627\u0644-240-\u0645\u0644.png\" \/>\n\t<meta property=\"og:image:width\" content=\"1080\" \/>\n\t<meta property=\"og:image:height\" content=\"1080\" \/>\n\t<meta property=\"og:image:type\" content=\"image\/png\" \/>\n<meta name=\"twitter:card\" content=\"summary_large_image\" \/>\n<meta name=\"twitter:label1\" content=\"Preis\" \/>\n\t<meta name=\"twitter:data1\" content=\"1.95&nbsp;&#067;&#072;&#070;\" \/>\n\t<meta name=\"twitter:label2\" content=\"Verf\u00fcgbarkeit\" \/>\n\t<meta name=\"twitter:data2\" content=\"ausverkauft\" \/>\n<script type=\"application\/ld+json\" class=\"yoast-schema-graph\">{\"@context\":\"https:\\\/\\\/schema.org\",\"@graph\":[{\"@type\":\"WebPage\",\"@id\":\"https:\\\/\\\/yasminfood.ch\\\/de\\\/product\\\/rani-saft-orange-granulat-240-ml\\\/\",\"url\":\"https:\\\/\\\/yasminfood.ch\\\/de\\\/product\\\/rani-saft-orange-granulat-240-ml\\\/\",\"name\":\"Rani Saft Orange Granulat 240 ml - Yasmin Food\",\"isPartOf\":{\"@id\":\"https:\\\/\\\/yasminfood.ch\\\/de\\\/#website\"},\"primaryImageOfPage\":{\"@id\":\"https:\\\/\\\/yasminfood.ch\\\/de\\\/product\\\/rani-saft-orange-granulat-240-ml\\\/#primaryimage\"},\"image\":{\"@id\":\"https:\\\/\\\/yasminfood.ch\\\/de\\\/product\\\/rani-saft-orange-granulat-240-ml\\\/#primaryimage\"},\"thumbnailUrl\":\"https:\\\/\\\/yasminfood.ch\\\/wp-content\\\/uploads\\\/2025\\\/05\\\/\u0639\u0635\u064a\u0631-\u0631\u0627\u0646\u064a-\u062d\u0628\u064a\u0628\u0627\u062a-\u0628\u0631\u062a\u0642\u0627\u0644-240-\u0645\u0644.png\",\"datePublished\":\"2025-05-29T11:52:55+00:00\",\"dateModified\":\"2025-06-19T22:49:44+00:00\",\"description\":\"Genie\u00dfen Sie ein erfrischendes Getr\u00e4nk mit Rani Granulat Orangensaft 240ml, hergestellt aus frischen Orangenfr\u00fcchten. Holen Sie es sich noch heute f\u00fcr mehr Frische! Yasmin Food\",\"breadcrumb\":{\"@id\":\"https:\\\/\\\/yasminfood.ch\\\/de\\\/product\\\/rani-saft-orange-granulat-240-ml\\\/#breadcrumb\"},\"inLanguage\":\"de\",\"potentialAction\":[{\"@type\":\"ReadAction\",\"target\":[\"https:\\\/\\\/yasminfood.ch\\\/de\\\/product\\\/rani-saft-orange-granulat-240-ml\\\/\"]}]},{\"@type\":\"ImageObject\",\"inLanguage\":\"de\",\"@id\":\"https:\\\/\\\/yasminfood.ch\\\/de\\\/product\\\/rani-saft-orange-granulat-240-ml\\\/#primaryimage\",\"url\":\"https:\\\/\\\/yasminfood.ch\\\/wp-content\\\/uploads\\\/2025\\\/05\\\/\u0639\u0635\u064a\u0631-\u0631\u0627\u0646\u064a-\u062d\u0628\u064a\u0628\u0627\u062a-\u0628\u0631\u062a\u0642\u0627\u0644-240-\u0645\u0644.png\",\"contentUrl\":\"https:\\\/\\\/yasminfood.ch\\\/wp-content\\\/uploads\\\/2025\\\/05\\\/\u0639\u0635\u064a\u0631-\u0631\u0627\u0646\u064a-\u062d\u0628\u064a\u0628\u0627\u062a-\u0628\u0631\u062a\u0642\u0627\u0644-240-\u0645\u0644.png\",\"width\":1080,\"height\":1080,\"caption\":\"Rani Saft Orange Granulat 240 ml\"},{\"@type\":\"BreadcrumbList\",\"@id\":\"https:\\\/\\\/yasminfood.ch\\\/de\\\/product\\\/rani-saft-orange-granulat-240-ml\\\/#breadcrumb\",\"itemListElement\":[{\"@type\":\"ListItem\",\"position\":1,\"name\":\"\u0627\u0644\u0631\u0626\u064a\u0633\u064a\u0629\",\"item\":\"https:\\\/\\\/yasminfood.ch\\\/de\\\/zuhause\\\/\"},{\"@type\":\"ListItem\",\"position\":2,\"name\":\"Shop\",\"item\":\"https:\\\/\\\/yasminfood.ch\\\/de\\\/shop\\\/\"},{\"@type\":\"ListItem\",\"position\":3,\"name\":\"Getr\u00e4nke &amp; Fl\u00fcssigkeiten\",\"item\":\"https:\\\/\\\/yasminfood.ch\\\/de\\\/produkt-kategorie\\\/getraenke-fluessigkeiten\\\/\"},{\"@type\":\"ListItem\",\"position\":4,\"name\":\"Rani Saft Orange Granulat 240 ml\"}]},{\"@type\":\"WebSite\",\"@id\":\"https:\\\/\\\/yasminfood.ch\\\/de\\\/#website\",\"url\":\"https:\\\/\\\/yasminfood.ch\\\/de\\\/\",\"name\":\"\u064a\u0627\u0633\u0645\u064a\u0646 \u0645\u0627\u0631\u0643\u062a\",\"description\":\"Alles, was Sie brauchen, an einem Ort\",\"publisher\":{\"@id\":\"https:\\\/\\\/yasminfood.ch\\\/de\\\/#organization\"},\"alternateName\":\"Yasmin Food\",\"potentialAction\":[{\"@type\":\"SearchAction\",\"target\":{\"@type\":\"EntryPoint\",\"urlTemplate\":\"https:\\\/\\\/yasminfood.ch\\\/de\\\/?s={search_term_string}\"},\"query-input\":{\"@type\":\"PropertyValueSpecification\",\"valueRequired\":true,\"valueName\":\"search_term_string\"}}],\"inLanguage\":\"de\"},{\"@type\":\"Organization\",\"@id\":\"https:\\\/\\\/yasminfood.ch\\\/de\\\/#organization\",\"name\":\"\u064a\u0627\u0633\u0645\u064a\u0646 \u0645\u0627\u0631\u0643\u062a\",\"alternateName\":\"Yasmin Food\",\"url\":\"https:\\\/\\\/yasminfood.ch\\\/de\\\/\",\"logo\":{\"@type\":\"ImageObject\",\"inLanguage\":\"de\",\"@id\":\"https:\\\/\\\/yasminfood.ch\\\/de\\\/#\\\/schema\\\/logo\\\/image\\\/\",\"url\":\"https:\\\/\\\/yasminfood.ch\\\/wp-content\\\/uploads\\\/2025\\\/05\\\/yasmin-food-header-logo.png\",\"contentUrl\":\"https:\\\/\\\/yasminfood.ch\\\/wp-content\\\/uploads\\\/2025\\\/05\\\/yasmin-food-header-logo.png\",\"width\":330,\"height\":120,\"caption\":\"\u064a\u0627\u0633\u0645\u064a\u0646 \u0645\u0627\u0631\u0643\u062a\"},\"image\":{\"@id\":\"https:\\\/\\\/yasminfood.ch\\\/de\\\/#\\\/schema\\\/logo\\\/image\\\/\"},\"sameAs\":[\"https:\\\/\\\/www.facebook.com\\\/yasminmarkt1\",\"https:\\\/\\\/www.tiktok.com\\\/@yasminmarkt\",\"https:\\\/\\\/www.instagram.com\\\/yasmin.markt1\\\/\",\"https:\\\/\\\/api.whatsapp.com\\\/send\\\/?phone=41799000104\"],\"publishingPrinciples\":\"https:\\\/\\\/yasminfood.ch\\\/de\\\/shop\\\/\",\"ownershipFundingInfo\":\"https:\\\/\\\/yasminfood.ch\\\/de\\\/shop\\\/\"}]}<\/script>\n<meta property=\"product:price:amount\" content=\"1.95\" \/>\n<meta property=\"product:price:currency\" content=\"CHF\" \/>\n<meta property=\"og:availability\" content=\"out of stock\" \/>\n<meta property=\"product:availability\" content=\"out of stock\" \/>\n<meta property=\"product:condition\" content=\"new\" \/>\n<!-- \/ Yoast SEO Premium plugin. -->","yoast_head_json":{"title":"Rani Saft Orange Granulat 240 ml - Yasmin Food","description":"Genie\u00dfen Sie ein erfrischendes Getr\u00e4nk mit Rani Granulat Orangensaft 240ml, hergestellt aus frischen Orangenfr\u00fcchten. Holen Sie es sich noch heute f\u00fcr mehr Frische! Yasmin Food","robots":{"index":"index","follow":"follow","max-snippet":"max-snippet:-1","max-image-preview":"max-image-preview:large","max-video-preview":"max-video-preview:-1"},"canonical":"https:\/\/yasminfood.ch\/de\/product\/rani-saft-orange-granulat-240-ml\/","og_locale":"de_DE","og_type":"article","og_title":"Rani Saft Orange Granulat 240 ml","og_description":"Rani Saft Orange Granulat 240 ml   Rani Orangensaftpulver mit erfrischendem Geschmack und malerischer Farbe, serviert mit kaltem Orangensaft, der ihm kristalline Eisst\u00fccke zugesetzt wird,   F\u00fcr eine vollst\u00e4ndige Erholung, vor allem im Sommer,  Da Orangensaft aus frischen Orangenfr\u00fcchten hergestellt wird","og_url":"https:\/\/yasminfood.ch\/de\/product\/rani-saft-orange-granulat-240-ml\/","og_site_name":"Yasmin Food","article_publisher":"https:\/\/www.facebook.com\/yasminmarkt1","article_modified_time":"2025-06-19T22:49:44+00:00","og_image":[{"width":1080,"height":1080,"url":"https:\/\/yasminfood.ch\/wp-content\/uploads\/2025\/05\/\u0639\u0635\u064a\u0631-\u0631\u0627\u0646\u064a-\u062d\u0628\u064a\u0628\u0627\u062a-\u0628\u0631\u062a\u0642\u0627\u0644-240-\u0645\u0644.png","type":"image\/png"}],"twitter_card":"summary_large_image","twitter_misc":{"Preis":"1.95&nbsp;&#67;&#72;&#70;","Verf\u00fcgbarkeit":"ausverkauft"},"schema":{"@context":"https:\/\/schema.org","@graph":[{"@type":"WebPage","@id":"https:\/\/yasminfood.ch\/de\/product\/rani-saft-orange-granulat-240-ml\/","url":"https:\/\/yasminfood.ch\/de\/product\/rani-saft-orange-granulat-240-ml\/","name":"Rani Saft Orange Granulat 240 ml - Yasmin Food","isPartOf":{"@id":"https:\/\/yasminfood.ch\/de\/#website"},"primaryImageOfPage":{"@id":"https:\/\/yasminfood.ch\/de\/product\/rani-saft-orange-granulat-240-ml\/#primaryimage"},"image":{"@id":"https:\/\/yasminfood.ch\/de\/product\/rani-saft-orange-granulat-240-ml\/#primaryimage"},"thumbnailUrl":"https:\/\/yasminfood.ch\/wp-content\/uploads\/2025\/05\/\u0639\u0635\u064a\u0631-\u0631\u0627\u0646\u064a-\u062d\u0628\u064a\u0628\u0627\u062a-\u0628\u0631\u062a\u0642\u0627\u0644-240-\u0645\u0644.png","datePublished":"2025-05-29T11:52:55+00:00","dateModified":"2025-06-19T22:49:44+00:00","description":"Genie\u00dfen Sie ein erfrischendes Getr\u00e4nk mit Rani Granulat Orangensaft 240ml, hergestellt aus frischen Orangenfr\u00fcchten. Holen Sie es sich noch heute f\u00fcr mehr Frische! Yasmin Food","breadcrumb":{"@id":"https:\/\/yasminfood.ch\/de\/product\/rani-saft-orange-granulat-240-ml\/#breadcrumb"},"inLanguage":"de","potentialAction":[{"@type":"ReadAction","target":["https:\/\/yasminfood.ch\/de\/product\/rani-saft-orange-granulat-240-ml\/"]}]},{"@type":"ImageObject","inLanguage":"de","@id":"https:\/\/yasminfood.ch\/de\/product\/rani-saft-orange-granulat-240-ml\/#primaryimage","url":"https:\/\/yasminfood.ch\/wp-content\/uploads\/2025\/05\/\u0639\u0635\u064a\u0631-\u0631\u0627\u0646\u064a-\u062d\u0628\u064a\u0628\u0627\u062a-\u0628\u0631\u062a\u0642\u0627\u0644-240-\u0645\u0644.png","contentUrl":"https:\/\/yasminfood.ch\/wp-content\/uploads\/2025\/05\/\u0639\u0635\u064a\u0631-\u0631\u0627\u0646\u064a-\u062d\u0628\u064a\u0628\u0627\u062a-\u0628\u0631\u062a\u0642\u0627\u0644-240-\u0645\u0644.png","width":1080,"height":1080,"caption":"Rani Saft Orange Granulat 240 ml"},{"@type":"BreadcrumbList","@id":"https:\/\/yasminfood.ch\/de\/product\/rani-saft-orange-granulat-240-ml\/#breadcrumb","itemListElement":[{"@type":"ListItem","position":1,"name":"\u0627\u0644\u0631\u0626\u064a\u0633\u064a\u0629","item":"https:\/\/yasminfood.ch\/de\/zuhause\/"},{"@type":"ListItem","position":2,"name":"Shop","item":"https:\/\/yasminfood.ch\/de\/shop\/"},{"@type":"ListItem","position":3,"name":"Getr\u00e4nke &amp; Fl\u00fcssigkeiten","item":"https:\/\/yasminfood.ch\/de\/produkt-kategorie\/getraenke-fluessigkeiten\/"},{"@type":"ListItem","position":4,"name":"Rani Saft Orange Granulat 240 ml"}]},{"@type":"WebSite","@id":"https:\/\/yasminfood.ch\/de\/#website","url":"https:\/\/yasminfood.ch\/de\/","name":"\u064a\u0627\u0633\u0645\u064a\u0646 \u0645\u0627\u0631\u0643\u062a","description":"Alles, was Sie brauchen, an einem Ort","publisher":{"@id":"https:\/\/yasminfood.ch\/de\/#organization"},"alternateName":"Yasmin Food","potentialAction":[{"@type":"SearchAction","target":{"@type":"EntryPoint","urlTemplate":"https:\/\/yasminfood.ch\/de\/?s={search_term_string}"},"query-input":{"@type":"PropertyValueSpecification","valueRequired":true,"valueName":"search_term_string"}}],"inLanguage":"de"},{"@type":"Organization","@id":"https:\/\/yasminfood.ch\/de\/#organization","name":"\u064a\u0627\u0633\u0645\u064a\u0646 \u0645\u0627\u0631\u0643\u062a","alternateName":"Yasmin Food","url":"https:\/\/yasminfood.ch\/de\/","logo":{"@type":"ImageObject","inLanguage":"de","@id":"https:\/\/yasminfood.ch\/de\/#\/schema\/logo\/image\/","url":"https:\/\/yasminfood.ch\/wp-content\/uploads\/2025\/05\/yasmin-food-header-logo.png","contentUrl":"https:\/\/yasminfood.ch\/wp-content\/uploads\/2025\/05\/yasmin-food-header-logo.png","width":330,"height":120,"caption":"\u064a\u0627\u0633\u0645\u064a\u0646 \u0645\u0627\u0631\u0643\u062a"},"image":{"@id":"https:\/\/yasminfood.ch\/de\/#\/schema\/logo\/image\/"},"sameAs":["https:\/\/www.facebook.com\/yasminmarkt1","https:\/\/www.tiktok.com\/@yasminmarkt","https:\/\/www.instagram.com\/yasmin.markt1\/","https:\/\/api.whatsapp.com\/send\/?phone=41799000104"],"publishingPrinciples":"https:\/\/yasminfood.ch\/de\/shop\/","ownershipFundingInfo":"https:\/\/yasminfood.ch\/de\/shop\/"}]},"product_price_amount":"1.95","product_price_currency":"CHF","og_availability":"out of stock","product_availability":"out of stock","product_condition":"new"},"jetpack_sharing_enabled":true,"_links":{"self":[{"href":"https:\/\/yasminfood.ch\/de\/wp-json\/wp\/v2\/product\/116701","targetHints":{"allow":["GET"]}}],"collection":[{"href":"https:\/\/yasminfood.ch\/de\/wp-json\/wp\/v2\/product"}],"about":[{"href":"https:\/\/yasminfood.ch\/de\/wp-json\/wp\/v2\/types\/product"}],"replies":[{"embeddable":true,"href":"https:\/\/yasminfood.ch\/de\/wp-json\/wp\/v2\/comments?post=116701"}],"version-history":[{"count":0,"href":"https:\/\/yasminfood.ch\/de\/wp-json\/wp\/v2\/product\/116701\/revisions"}],"wp:featuredmedia":[{"embeddable":true,"href":"https:\/\/yasminfood.ch\/de\/wp-json\/wp\/v2\/media\/116681"}],"wp:attachment":[{"href":"https:\/\/yasminfood.ch\/de\/wp-json\/wp\/v2\/media?parent=116701"}],"wp:term":[{"taxonomy":"product_brand","embeddable":true,"href":"https:\/\/yasminfood.ch\/de\/wp-json\/wp\/v2\/product_brand?post=116701"},{"taxonomy":"product_cat","embeddable":true,"href":"https:\/\/yasminfood.ch\/de\/wp-json\/wp\/v2\/product_cat?post=116701"},{"taxonomy":"product_tag","embeddable":true,"href":"https:\/\/yasminfood.ch\/de\/wp-json\/wp\/v2\/product_tag?post=116701"}],"curies":[{"name":"wp","href":"https:\/\/api.w.org\/{rel}","templated":true}]}}