{"id":116712,"date":"2025-05-30T11:39:04","date_gmt":"2025-05-30T09:39:04","guid":{"rendered":"https:\/\/yasminfood.ch\/product\/sonnenblumenoel-1-liter\/"},"modified":"2025-06-20T00:49:40","modified_gmt":"2025-06-19T22:49:40","slug":"sonnenblumenoel-1-liter","status":"publish","type":"product","link":"https:\/\/yasminfood.ch\/de\/product\/sonnenblumenoel-1-liter\/","title":{"rendered":"Sonnenblumen\u00f6l 1 Liter"},"content":{"rendered":"<p>Sonnenblumen\u00f6l 1 Liter<\/p>\n<ul>\n<li>Sonnenblumen\u00f6l, das speziell f\u00fcr Sie entwickelt wurde, um Ihren Tischen die reinsten Geschmacksformen zu verleihen. <\/li>\n<li>  Hergestellt in der gr\u00f6\u00dften integrierten \u00d6lsaatenverarbeitungsanlage, wird es f\u00fcr alle warmen und kalten Speisen verwendet.<\/li>\n<\/ul>\n","protected":false},"excerpt":{"rendered":"<p class=\"ai-optimize-31 ai-optimize-introduction\">Sonnenblumen\u00f6l 1 Liter<\/p>\n<ul>\n<li class=\"ai-optimize-32\">Sonnenblumen\u00f6l, das speziell f\u00fcr Sie entwickelt wurde, um Ihren Tischen die reinsten Geschmacksformen zu verleihen. <\/li>\n<li class=\"ai-optimize-32\">  Hergestellt in der gr\u00f6\u00dften integrierten \u00d6lsaatenverarbeitungsanlage, wird es f\u00fcr alle warmen und kalten Speisen verwendet.<\/li>\n<\/ul>\n","protected":false},"featured_media":116709,"comment_status":"open","ping_status":"closed","template":"","meta":[],"product_brand":[],"product_cat":[347,355],"product_tag":[],"class_list":{"0":"post-116712","1":"product","2":"type-product","3":"status-publish","4":"has-post-thumbnail","6":"product_cat-oele-margarine","7":"product_cat-sonnenblumenol","9":"first","10":"outofstock","11":"taxable","12":"shipping-taxable","13":"purchasable","14":"product-type-simple"},"yoast_head":"<!-- This site is optimized with the Yoast SEO Premium plugin v26.5 (Yoast SEO v27.4) - https:\/\/yoast.com\/product\/yoast-seo-premium-wordpress\/ -->\n<title>Sonnenblumen\u00f6l 1 Liter - Yasmin Food<\/title>\n<meta name=\"description\" content=\"Genie\u00dfen Sie den besten Geschmack mit 1 l Sonnenblumen\u00f6l, das sorgf\u00e4ltig auf die Bed\u00fcrfnisse Ihrer K\u00fcche zugeschnitten ist. Erleben Sie jetzt den Unterschied in Ihren Gerichten! Yasmin Food Sonnenblumen\u00f6l 1 Liter\" \/>\n<meta name=\"robots\" content=\"index, follow, max-snippet:-1, max-image-preview:large, max-video-preview:-1\" \/>\n<link rel=\"canonical\" href=\"https:\/\/yasminfood.ch\/de\/product\/sonnenblumenoel-1-liter\/\" \/>\n<meta property=\"og:locale\" content=\"de_DE\" \/>\n<meta property=\"og:type\" content=\"article\" \/>\n<meta property=\"og:title\" content=\"Sonnenblumen\u00f6l 1 Liter\" \/>\n<meta property=\"og:description\" content=\"Sonnenblumen\u00f6l 1 Liter   Sonnenblumen\u00f6l, das speziell f\u00fcr Sie entwickelt wurde, um Ihren Tischen die reinsten Geschmacksformen zu verleihen.   Hergestellt in der gr\u00f6\u00dften integrierten \u00d6lsaatenverarbeitungsanlage, wird es f\u00fcr alle warmen und kalten Speisen verwendet.\" \/>\n<meta property=\"og:url\" content=\"https:\/\/yasminfood.ch\/de\/product\/sonnenblumenoel-1-liter\/\" \/>\n<meta property=\"og:site_name\" content=\"Yasmin Food\" \/>\n<meta property=\"article:publisher\" content=\"https:\/\/www.facebook.com\/yasminmarkt1\" \/>\n<meta property=\"article:modified_time\" content=\"2025-06-19T22:49:40+00:00\" \/>\n<meta property=\"og:image\" content=\"https:\/\/yasminfood.ch\/wp-content\/uploads\/2025\/05\/\u0632\u064a\u062a-\u062f\u0648\u0627\u0631-\u0627\u0644\u0634\u0645\u0633-1-\u0644\u062a\u0631.png\" \/>\n\t<meta property=\"og:image:width\" content=\"1080\" \/>\n\t<meta property=\"og:image:height\" content=\"1080\" \/>\n\t<meta property=\"og:image:type\" content=\"image\/png\" \/>\n<meta name=\"twitter:card\" content=\"summary_large_image\" \/>\n<meta name=\"twitter:label1\" content=\"Preis\" \/>\n\t<meta name=\"twitter:data1\" content=\"4.25&nbsp;&#067;&#072;&#070;\" \/>\n\t<meta name=\"twitter:label2\" content=\"Verf\u00fcgbarkeit\" \/>\n\t<meta name=\"twitter:data2\" content=\"ausverkauft\" \/>\n<script type=\"application\/ld+json\" class=\"yoast-schema-graph\">{\"@context\":\"https:\\\/\\\/schema.org\",\"@graph\":[{\"@type\":\"WebPage\",\"@id\":\"https:\\\/\\\/yasminfood.ch\\\/de\\\/product\\\/sonnenblumenoel-1-liter\\\/\",\"url\":\"https:\\\/\\\/yasminfood.ch\\\/de\\\/product\\\/sonnenblumenoel-1-liter\\\/\",\"name\":\"Sonnenblumen\u00f6l 1 Liter - Yasmin Food\",\"isPartOf\":{\"@id\":\"https:\\\/\\\/yasminfood.ch\\\/de\\\/#website\"},\"primaryImageOfPage\":{\"@id\":\"https:\\\/\\\/yasminfood.ch\\\/de\\\/product\\\/sonnenblumenoel-1-liter\\\/#primaryimage\"},\"image\":{\"@id\":\"https:\\\/\\\/yasminfood.ch\\\/de\\\/product\\\/sonnenblumenoel-1-liter\\\/#primaryimage\"},\"thumbnailUrl\":\"https:\\\/\\\/yasminfood.ch\\\/wp-content\\\/uploads\\\/2025\\\/05\\\/\u0632\u064a\u062a-\u062f\u0648\u0627\u0631-\u0627\u0644\u0634\u0645\u0633-1-\u0644\u062a\u0631.png\",\"datePublished\":\"2025-05-30T09:39:04+00:00\",\"dateModified\":\"2025-06-19T22:49:40+00:00\",\"description\":\"Genie\u00dfen Sie den besten Geschmack mit 1 l Sonnenblumen\u00f6l, das sorgf\u00e4ltig auf die Bed\u00fcrfnisse Ihrer K\u00fcche zugeschnitten ist. Erleben Sie jetzt den Unterschied in Ihren Gerichten! Yasmin Food Sonnenblumen\u00f6l 1 Liter\",\"breadcrumb\":{\"@id\":\"https:\\\/\\\/yasminfood.ch\\\/de\\\/product\\\/sonnenblumenoel-1-liter\\\/#breadcrumb\"},\"inLanguage\":\"de\",\"potentialAction\":[{\"@type\":\"ReadAction\",\"target\":[\"https:\\\/\\\/yasminfood.ch\\\/de\\\/product\\\/sonnenblumenoel-1-liter\\\/\"]}]},{\"@type\":\"ImageObject\",\"inLanguage\":\"de\",\"@id\":\"https:\\\/\\\/yasminfood.ch\\\/de\\\/product\\\/sonnenblumenoel-1-liter\\\/#primaryimage\",\"url\":\"https:\\\/\\\/yasminfood.ch\\\/wp-content\\\/uploads\\\/2025\\\/05\\\/\u0632\u064a\u062a-\u062f\u0648\u0627\u0631-\u0627\u0644\u0634\u0645\u0633-1-\u0644\u062a\u0631.png\",\"contentUrl\":\"https:\\\/\\\/yasminfood.ch\\\/wp-content\\\/uploads\\\/2025\\\/05\\\/\u0632\u064a\u062a-\u062f\u0648\u0627\u0631-\u0627\u0644\u0634\u0645\u0633-1-\u0644\u062a\u0631.png\",\"width\":1080,\"height\":1080,\"caption\":\"Sonnenblumen\u00f6l 1 Liter\"},{\"@type\":\"BreadcrumbList\",\"@id\":\"https:\\\/\\\/yasminfood.ch\\\/de\\\/product\\\/sonnenblumenoel-1-liter\\\/#breadcrumb\",\"itemListElement\":[{\"@type\":\"ListItem\",\"position\":1,\"name\":\"\u0627\u0644\u0631\u0626\u064a\u0633\u064a\u0629\",\"item\":\"https:\\\/\\\/yasminfood.ch\\\/de\\\/zuhause\\\/\"},{\"@type\":\"ListItem\",\"position\":2,\"name\":\"Shop\",\"item\":\"https:\\\/\\\/yasminfood.ch\\\/de\\\/shop\\\/\"},{\"@type\":\"ListItem\",\"position\":3,\"name\":\"\u00d6le &amp; Margarine\",\"item\":\"https:\\\/\\\/yasminfood.ch\\\/de\\\/produkt-kategorie\\\/oele-margarine\\\/\"},{\"@type\":\"ListItem\",\"position\":4,\"name\":\"Sonnenblumen\u00f6l\",\"item\":\"https:\\\/\\\/yasminfood.ch\\\/de\\\/produkt-kategorie\\\/oele-margarine\\\/sonnenblumenol\\\/\"},{\"@type\":\"ListItem\",\"position\":5,\"name\":\"Sonnenblumen\u00f6l 1 Liter\"}]},{\"@type\":\"WebSite\",\"@id\":\"https:\\\/\\\/yasminfood.ch\\\/de\\\/#website\",\"url\":\"https:\\\/\\\/yasminfood.ch\\\/de\\\/\",\"name\":\"\u064a\u0627\u0633\u0645\u064a\u0646 \u0645\u0627\u0631\u0643\u062a\",\"description\":\"Alles, was Sie brauchen, an einem Ort\",\"publisher\":{\"@id\":\"https:\\\/\\\/yasminfood.ch\\\/de\\\/#organization\"},\"alternateName\":\"Yasmin Food\",\"potentialAction\":[{\"@type\":\"SearchAction\",\"target\":{\"@type\":\"EntryPoint\",\"urlTemplate\":\"https:\\\/\\\/yasminfood.ch\\\/de\\\/?s={search_term_string}\"},\"query-input\":{\"@type\":\"PropertyValueSpecification\",\"valueRequired\":true,\"valueName\":\"search_term_string\"}}],\"inLanguage\":\"de\"},{\"@type\":\"Organization\",\"@id\":\"https:\\\/\\\/yasminfood.ch\\\/de\\\/#organization\",\"name\":\"\u064a\u0627\u0633\u0645\u064a\u0646 \u0645\u0627\u0631\u0643\u062a\",\"alternateName\":\"Yasmin Food\",\"url\":\"https:\\\/\\\/yasminfood.ch\\\/de\\\/\",\"logo\":{\"@type\":\"ImageObject\",\"inLanguage\":\"de\",\"@id\":\"https:\\\/\\\/yasminfood.ch\\\/de\\\/#\\\/schema\\\/logo\\\/image\\\/\",\"url\":\"https:\\\/\\\/yasminfood.ch\\\/wp-content\\\/uploads\\\/2025\\\/05\\\/yasmin-food-header-logo.png\",\"contentUrl\":\"https:\\\/\\\/yasminfood.ch\\\/wp-content\\\/uploads\\\/2025\\\/05\\\/yasmin-food-header-logo.png\",\"width\":330,\"height\":120,\"caption\":\"\u064a\u0627\u0633\u0645\u064a\u0646 \u0645\u0627\u0631\u0643\u062a\"},\"image\":{\"@id\":\"https:\\\/\\\/yasminfood.ch\\\/de\\\/#\\\/schema\\\/logo\\\/image\\\/\"},\"sameAs\":[\"https:\\\/\\\/www.facebook.com\\\/yasminmarkt1\",\"https:\\\/\\\/www.tiktok.com\\\/@yasminmarkt\",\"https:\\\/\\\/www.instagram.com\\\/yasmin.markt1\\\/\",\"https:\\\/\\\/api.whatsapp.com\\\/send\\\/?phone=41799000104\"],\"publishingPrinciples\":\"https:\\\/\\\/yasminfood.ch\\\/de\\\/shop\\\/\",\"ownershipFundingInfo\":\"https:\\\/\\\/yasminfood.ch\\\/de\\\/shop\\\/\"}]}<\/script>\n<meta property=\"product:price:amount\" content=\"4.25\" \/>\n<meta property=\"product:price:currency\" content=\"CHF\" \/>\n<meta property=\"og:availability\" content=\"out of stock\" \/>\n<meta property=\"product:availability\" content=\"out of stock\" \/>\n<meta property=\"product:condition\" content=\"new\" \/>\n<!-- \/ Yoast SEO Premium plugin. -->","yoast_head_json":{"title":"Sonnenblumen\u00f6l 1 Liter - Yasmin Food","description":"Genie\u00dfen Sie den besten Geschmack mit 1 l Sonnenblumen\u00f6l, das sorgf\u00e4ltig auf die Bed\u00fcrfnisse Ihrer K\u00fcche zugeschnitten ist. Erleben Sie jetzt den Unterschied in Ihren Gerichten! Yasmin Food Sonnenblumen\u00f6l 1 Liter","robots":{"index":"index","follow":"follow","max-snippet":"max-snippet:-1","max-image-preview":"max-image-preview:large","max-video-preview":"max-video-preview:-1"},"canonical":"https:\/\/yasminfood.ch\/de\/product\/sonnenblumenoel-1-liter\/","og_locale":"de_DE","og_type":"article","og_title":"Sonnenblumen\u00f6l 1 Liter","og_description":"Sonnenblumen\u00f6l 1 Liter   Sonnenblumen\u00f6l, das speziell f\u00fcr Sie entwickelt wurde, um Ihren Tischen die reinsten Geschmacksformen zu verleihen.   Hergestellt in der gr\u00f6\u00dften integrierten \u00d6lsaatenverarbeitungsanlage, wird es f\u00fcr alle warmen und kalten Speisen verwendet.","og_url":"https:\/\/yasminfood.ch\/de\/product\/sonnenblumenoel-1-liter\/","og_site_name":"Yasmin Food","article_publisher":"https:\/\/www.facebook.com\/yasminmarkt1","article_modified_time":"2025-06-19T22:49:40+00:00","og_image":[{"width":1080,"height":1080,"url":"https:\/\/yasminfood.ch\/wp-content\/uploads\/2025\/05\/\u0632\u064a\u062a-\u062f\u0648\u0627\u0631-\u0627\u0644\u0634\u0645\u0633-1-\u0644\u062a\u0631.png","type":"image\/png"}],"twitter_card":"summary_large_image","twitter_misc":{"Preis":"4.25&nbsp;&#67;&#72;&#70;","Verf\u00fcgbarkeit":"ausverkauft"},"schema":{"@context":"https:\/\/schema.org","@graph":[{"@type":"WebPage","@id":"https:\/\/yasminfood.ch\/de\/product\/sonnenblumenoel-1-liter\/","url":"https:\/\/yasminfood.ch\/de\/product\/sonnenblumenoel-1-liter\/","name":"Sonnenblumen\u00f6l 1 Liter - Yasmin Food","isPartOf":{"@id":"https:\/\/yasminfood.ch\/de\/#website"},"primaryImageOfPage":{"@id":"https:\/\/yasminfood.ch\/de\/product\/sonnenblumenoel-1-liter\/#primaryimage"},"image":{"@id":"https:\/\/yasminfood.ch\/de\/product\/sonnenblumenoel-1-liter\/#primaryimage"},"thumbnailUrl":"https:\/\/yasminfood.ch\/wp-content\/uploads\/2025\/05\/\u0632\u064a\u062a-\u062f\u0648\u0627\u0631-\u0627\u0644\u0634\u0645\u0633-1-\u0644\u062a\u0631.png","datePublished":"2025-05-30T09:39:04+00:00","dateModified":"2025-06-19T22:49:40+00:00","description":"Genie\u00dfen Sie den besten Geschmack mit 1 l Sonnenblumen\u00f6l, das sorgf\u00e4ltig auf die Bed\u00fcrfnisse Ihrer K\u00fcche zugeschnitten ist. Erleben Sie jetzt den Unterschied in Ihren Gerichten! Yasmin Food Sonnenblumen\u00f6l 1 Liter","breadcrumb":{"@id":"https:\/\/yasminfood.ch\/de\/product\/sonnenblumenoel-1-liter\/#breadcrumb"},"inLanguage":"de","potentialAction":[{"@type":"ReadAction","target":["https:\/\/yasminfood.ch\/de\/product\/sonnenblumenoel-1-liter\/"]}]},{"@type":"ImageObject","inLanguage":"de","@id":"https:\/\/yasminfood.ch\/de\/product\/sonnenblumenoel-1-liter\/#primaryimage","url":"https:\/\/yasminfood.ch\/wp-content\/uploads\/2025\/05\/\u0632\u064a\u062a-\u062f\u0648\u0627\u0631-\u0627\u0644\u0634\u0645\u0633-1-\u0644\u062a\u0631.png","contentUrl":"https:\/\/yasminfood.ch\/wp-content\/uploads\/2025\/05\/\u0632\u064a\u062a-\u062f\u0648\u0627\u0631-\u0627\u0644\u0634\u0645\u0633-1-\u0644\u062a\u0631.png","width":1080,"height":1080,"caption":"Sonnenblumen\u00f6l 1 Liter"},{"@type":"BreadcrumbList","@id":"https:\/\/yasminfood.ch\/de\/product\/sonnenblumenoel-1-liter\/#breadcrumb","itemListElement":[{"@type":"ListItem","position":1,"name":"\u0627\u0644\u0631\u0626\u064a\u0633\u064a\u0629","item":"https:\/\/yasminfood.ch\/de\/zuhause\/"},{"@type":"ListItem","position":2,"name":"Shop","item":"https:\/\/yasminfood.ch\/de\/shop\/"},{"@type":"ListItem","position":3,"name":"\u00d6le &amp; Margarine","item":"https:\/\/yasminfood.ch\/de\/produkt-kategorie\/oele-margarine\/"},{"@type":"ListItem","position":4,"name":"Sonnenblumen\u00f6l","item":"https:\/\/yasminfood.ch\/de\/produkt-kategorie\/oele-margarine\/sonnenblumenol\/"},{"@type":"ListItem","position":5,"name":"Sonnenblumen\u00f6l 1 Liter"}]},{"@type":"WebSite","@id":"https:\/\/yasminfood.ch\/de\/#website","url":"https:\/\/yasminfood.ch\/de\/","name":"\u064a\u0627\u0633\u0645\u064a\u0646 \u0645\u0627\u0631\u0643\u062a","description":"Alles, was Sie brauchen, an einem Ort","publisher":{"@id":"https:\/\/yasminfood.ch\/de\/#organization"},"alternateName":"Yasmin Food","potentialAction":[{"@type":"SearchAction","target":{"@type":"EntryPoint","urlTemplate":"https:\/\/yasminfood.ch\/de\/?s={search_term_string}"},"query-input":{"@type":"PropertyValueSpecification","valueRequired":true,"valueName":"search_term_string"}}],"inLanguage":"de"},{"@type":"Organization","@id":"https:\/\/yasminfood.ch\/de\/#organization","name":"\u064a\u0627\u0633\u0645\u064a\u0646 \u0645\u0627\u0631\u0643\u062a","alternateName":"Yasmin Food","url":"https:\/\/yasminfood.ch\/de\/","logo":{"@type":"ImageObject","inLanguage":"de","@id":"https:\/\/yasminfood.ch\/de\/#\/schema\/logo\/image\/","url":"https:\/\/yasminfood.ch\/wp-content\/uploads\/2025\/05\/yasmin-food-header-logo.png","contentUrl":"https:\/\/yasminfood.ch\/wp-content\/uploads\/2025\/05\/yasmin-food-header-logo.png","width":330,"height":120,"caption":"\u064a\u0627\u0633\u0645\u064a\u0646 \u0645\u0627\u0631\u0643\u062a"},"image":{"@id":"https:\/\/yasminfood.ch\/de\/#\/schema\/logo\/image\/"},"sameAs":["https:\/\/www.facebook.com\/yasminmarkt1","https:\/\/www.tiktok.com\/@yasminmarkt","https:\/\/www.instagram.com\/yasmin.markt1\/","https:\/\/api.whatsapp.com\/send\/?phone=41799000104"],"publishingPrinciples":"https:\/\/yasminfood.ch\/de\/shop\/","ownershipFundingInfo":"https:\/\/yasminfood.ch\/de\/shop\/"}]},"product_price_amount":"4.25","product_price_currency":"CHF","og_availability":"out of stock","product_availability":"out of stock","product_condition":"new"},"jetpack_sharing_enabled":true,"_links":{"self":[{"href":"https:\/\/yasminfood.ch\/de\/wp-json\/wp\/v2\/product\/116712","targetHints":{"allow":["GET"]}}],"collection":[{"href":"https:\/\/yasminfood.ch\/de\/wp-json\/wp\/v2\/product"}],"about":[{"href":"https:\/\/yasminfood.ch\/de\/wp-json\/wp\/v2\/types\/product"}],"replies":[{"embeddable":true,"href":"https:\/\/yasminfood.ch\/de\/wp-json\/wp\/v2\/comments?post=116712"}],"version-history":[{"count":0,"href":"https:\/\/yasminfood.ch\/de\/wp-json\/wp\/v2\/product\/116712\/revisions"}],"wp:featuredmedia":[{"embeddable":true,"href":"https:\/\/yasminfood.ch\/de\/wp-json\/wp\/v2\/media\/116709"}],"wp:attachment":[{"href":"https:\/\/yasminfood.ch\/de\/wp-json\/wp\/v2\/media?parent=116712"}],"wp:term":[{"taxonomy":"product_brand","embeddable":true,"href":"https:\/\/yasminfood.ch\/de\/wp-json\/wp\/v2\/product_brand?post=116712"},{"taxonomy":"product_cat","embeddable":true,"href":"https:\/\/yasminfood.ch\/de\/wp-json\/wp\/v2\/product_cat?post=116712"},{"taxonomy":"product_tag","embeddable":true,"href":"https:\/\/yasminfood.ch\/de\/wp-json\/wp\/v2\/product_tag?post=116712"}],"curies":[{"name":"wp","href":"https:\/\/api.w.org\/{rel}","templated":true}]}}