{"id":116758,"date":"2025-05-30T13:22:44","date_gmt":"2025-05-30T11:22:44","guid":{"rendered":"https:\/\/yasminfood.ch\/product\/ruby-extra-kekse-milchcreme-24-stueck\/"},"modified":"2025-06-20T00:49:27","modified_gmt":"2025-06-19T22:49:27","slug":"ruby-extra-kekse-milchcreme-24-stueck","status":"publish","type":"product","link":"https:\/\/yasminfood.ch\/de\/product\/ruby-extra-kekse-milchcreme-24-stueck\/","title":{"rendered":"Ruby Extra Kekse (Milchcreme) 24 St\u00fcck"},"content":{"rendered":"<p>Ruby Extra Kekse (Milchcreme) 24 St\u00fcck<\/p>\n<div class=\"product-tabs-wrapper\">\n<div class=\"container product-tabs-inner\">\n<div class=\"woocommerce-tabs wc-tabs-wrapper tabs-layout-tabs wd-opener-pos-right wd-opener-style-arrow\" data-state=\"first\" data-layout=\"tabs\">\n<div class=\"wd-accordion-item\">\n<div id=\"tab-description\" class=\"entry-content woocommerce-Tabs-panel woocommerce-Tabs-panel--description wd-active panel wc-tab\" role=\"tabpanel\" aria-labelledby=\"tab-title-description\" data-accordion-index=\"description\">\n<div class=\"wc-tab-inner wd-entry-content\">\n<ul>\n<li>Rubinkekse (mit Milchcreme) sind eine ideale Option f\u00fcr Liebhaber von S\u00fc\u00dfigkeiten und Snacks.<\/li>\n<li>Dieser Keks hat ein k\u00f6stliches Sortiment, das ihm einen reichen und exquisiten Geschmack verleiht.<\/li>\n<li>Jede Packung enth\u00e4lt 24 Kekse, die zu jeder Zeit passen<\/li>\n<li>Sei es als Snack zwischendurch oder mit einer Tasse Kaffee oder Tee.<\/li>\n<\/ul>\n<\/div>\n<\/div>\n<\/div>\n<div class=\"wd-accordion-item\"><\/div>\n<\/div>\n<\/div>\n<\/div>\n<div class=\"container related-and-upsells\">\n<div id=\"carousel-561\" class=\"wd-carousel-container related-products with-title wd-products-element wd-products products wd-quantity-enabled products-bordered-grid\">\n<h2 class=\"wd-el-title title slider-title element-title\"><\/h2>\n<\/div>\n<\/div>\n","protected":false},"excerpt":{"rendered":"<p class=\"ai-optimize-26 ai-optimize-introduction\">Ruby Extra Kekse (Milchcreme) 24 St\u00fcck<\/p>\n<div class=\"product-tabs-wrapper\">\n<div class=\"container product-tabs-inner\">\n<div class=\"woocommerce-tabs wc-tabs-wrapper tabs-layout-tabs wd-opener-pos-right wd-opener-style-arrow\" data-state=\"first\" data-layout=\"tabs\">\n<div class=\"wd-accordion-item\">\n<div id=\"tab-description\" class=\"entry-content woocommerce-Tabs-panel woocommerce-Tabs-panel--description wd-active panel wc-tab\" role=\"tabpanel\" aria-labelledby=\"tab-title-description\" data-accordion-index=\"description\">\n<div class=\"wc-tab-inner wd-entry-content\">\n<ul>\n<li class=\"ai-optimize-29\">Rubinkekse (mit Milchcreme) sind eine ideale Option f\u00fcr Liebhaber von S\u00fc\u00dfigkeiten und Snacks.<\/li>\n<li class=\"ai-optimize-29\">Dieser Keks hat ein k\u00f6stliches Sortiment, das ihm einen reichen und exquisiten Geschmack verleiht.<\/li>\n<\/ul>\n<\/div>\n<\/div>\n<\/div>\n<\/div>\n<\/div>\n<\/div>\n","protected":false},"featured_media":116744,"comment_status":"open","ping_status":"closed","template":"","meta":[],"product_brand":[],"product_cat":[297,305],"product_tag":[],"class_list":{"0":"post-116758","1":"product","2":"type-product","3":"status-publish","4":"has-post-thumbnail","6":"product_cat-dessert-chips-2","7":"product_cat-kekse","9":"first","10":"instock","11":"featured","12":"taxable","13":"shipping-taxable","14":"purchasable","15":"product-type-simple"},"yoast_head":"<!-- This site is optimized with the Yoast SEO Premium plugin v26.5 (Yoast SEO v27.4) - https:\/\/yoast.com\/product\/yoast-seo-premium-wordpress\/ -->\n<title>Ruby Extra Kekse (Milchcreme) 24 St\u00fcck - Yasmin Food<\/title>\n<meta name=\"description\" content=\"Genie\u00dfen Sie eine besondere Zeit mit Ruby Extra Keksen (Milchcreme) 24 St\u00fcck. Reichhaltiger Geschmack f\u00fcr alle Geb\u00e4ckliebhaber, holen Sie sich jetzt Ihre Verpackung! Ruby Extra Kekse (Milchcreme) 24 St\u00fcck\" \/>\n<meta name=\"robots\" content=\"index, follow, max-snippet:-1, max-image-preview:large, max-video-preview:-1\" \/>\n<link rel=\"canonical\" href=\"https:\/\/yasminfood.ch\/de\/product\/ruby-extra-kekse-milchcreme-24-stueck\/\" \/>\n<meta property=\"og:locale\" content=\"de_DE\" \/>\n<meta property=\"og:type\" content=\"article\" \/>\n<meta property=\"og:title\" content=\"Ruby Extra Kekse (Milchcreme) 24 St\u00fcck\" \/>\n<meta property=\"og:description\" content=\"Ruby Extra Kekse (Milchcreme) 24 St\u00fcck      Rubinkekse (mit Milchcreme) sind eine ideale Option f\u00fcr Liebhaber von S\u00fc\u00dfigkeiten und Snacks.  Dieser Keks hat ein k\u00f6stliches Sortiment, das ihm einen reichen und exquisiten Geschmack verleiht.\" \/>\n<meta property=\"og:url\" content=\"https:\/\/yasminfood.ch\/de\/product\/ruby-extra-kekse-milchcreme-24-stueck\/\" \/>\n<meta property=\"og:site_name\" content=\"Yasmin Food\" \/>\n<meta property=\"article:publisher\" content=\"https:\/\/www.facebook.com\/yasminmarkt1\" \/>\n<meta property=\"article:modified_time\" content=\"2025-06-19T22:49:27+00:00\" \/>\n<meta property=\"og:image\" content=\"https:\/\/yasminfood.ch\/wp-content\/uploads\/2025\/05\/\u0628\u0633\u0643\u0648\u064a\u062a-\u0631\u0648\u0628\u064a-\u0627\u0643\u0633\u062a\u0631\u0627-\u0628\u0643\u0631\u064a\u0645\u0629-\u0627\u0644\u062d\u0644\u064a\u0628-24-\u0642\u0637\u0639\u0629.png\" \/>\n\t<meta property=\"og:image:width\" content=\"1080\" \/>\n\t<meta property=\"og:image:height\" content=\"1080\" \/>\n\t<meta property=\"og:image:type\" content=\"image\/png\" \/>\n<meta name=\"twitter:card\" content=\"summary_large_image\" \/>\n<meta name=\"twitter:label1\" content=\"Preis\" \/>\n\t<meta name=\"twitter:data1\" content=\"7.95&nbsp;&#067;&#072;&#070;\" \/>\n\t<meta name=\"twitter:label2\" content=\"Verf\u00fcgbarkeit\" \/>\n\t<meta name=\"twitter:data2\" content=\"Auf Lager\" \/>\n<script type=\"application\/ld+json\" class=\"yoast-schema-graph\">{\"@context\":\"https:\\\/\\\/schema.org\",\"@graph\":[{\"@type\":\"WebPage\",\"@id\":\"https:\\\/\\\/yasminfood.ch\\\/de\\\/product\\\/ruby-extra-kekse-milchcreme-24-stueck\\\/\",\"url\":\"https:\\\/\\\/yasminfood.ch\\\/de\\\/product\\\/ruby-extra-kekse-milchcreme-24-stueck\\\/\",\"name\":\"Ruby Extra Kekse (Milchcreme) 24 St\u00fcck - Yasmin Food\",\"isPartOf\":{\"@id\":\"https:\\\/\\\/yasminfood.ch\\\/de\\\/#website\"},\"primaryImageOfPage\":{\"@id\":\"https:\\\/\\\/yasminfood.ch\\\/de\\\/product\\\/ruby-extra-kekse-milchcreme-24-stueck\\\/#primaryimage\"},\"image\":{\"@id\":\"https:\\\/\\\/yasminfood.ch\\\/de\\\/product\\\/ruby-extra-kekse-milchcreme-24-stueck\\\/#primaryimage\"},\"thumbnailUrl\":\"https:\\\/\\\/yasminfood.ch\\\/wp-content\\\/uploads\\\/2025\\\/05\\\/\u0628\u0633\u0643\u0648\u064a\u062a-\u0631\u0648\u0628\u064a-\u0627\u0643\u0633\u062a\u0631\u0627-\u0628\u0643\u0631\u064a\u0645\u0629-\u0627\u0644\u062d\u0644\u064a\u0628-24-\u0642\u0637\u0639\u0629.png\",\"datePublished\":\"2025-05-30T11:22:44+00:00\",\"dateModified\":\"2025-06-19T22:49:27+00:00\",\"description\":\"Genie\u00dfen Sie eine besondere Zeit mit Ruby Extra Keksen (Milchcreme) 24 St\u00fcck. Reichhaltiger Geschmack f\u00fcr alle Geb\u00e4ckliebhaber, holen Sie sich jetzt Ihre Verpackung! Ruby Extra Kekse (Milchcreme) 24 St\u00fcck\",\"breadcrumb\":{\"@id\":\"https:\\\/\\\/yasminfood.ch\\\/de\\\/product\\\/ruby-extra-kekse-milchcreme-24-stueck\\\/#breadcrumb\"},\"inLanguage\":\"de\",\"potentialAction\":[{\"@type\":\"ReadAction\",\"target\":[\"https:\\\/\\\/yasminfood.ch\\\/de\\\/product\\\/ruby-extra-kekse-milchcreme-24-stueck\\\/\"]}]},{\"@type\":\"ImageObject\",\"inLanguage\":\"de\",\"@id\":\"https:\\\/\\\/yasminfood.ch\\\/de\\\/product\\\/ruby-extra-kekse-milchcreme-24-stueck\\\/#primaryimage\",\"url\":\"https:\\\/\\\/yasminfood.ch\\\/wp-content\\\/uploads\\\/2025\\\/05\\\/\u0628\u0633\u0643\u0648\u064a\u062a-\u0631\u0648\u0628\u064a-\u0627\u0643\u0633\u062a\u0631\u0627-\u0628\u0643\u0631\u064a\u0645\u0629-\u0627\u0644\u062d\u0644\u064a\u0628-24-\u0642\u0637\u0639\u0629.png\",\"contentUrl\":\"https:\\\/\\\/yasminfood.ch\\\/wp-content\\\/uploads\\\/2025\\\/05\\\/\u0628\u0633\u0643\u0648\u064a\u062a-\u0631\u0648\u0628\u064a-\u0627\u0643\u0633\u062a\u0631\u0627-\u0628\u0643\u0631\u064a\u0645\u0629-\u0627\u0644\u062d\u0644\u064a\u0628-24-\u0642\u0637\u0639\u0629.png\",\"width\":1080,\"height\":1080,\"caption\":\"Ruby Extra Kekse (Milchcreme) 24 St\u00fcck\"},{\"@type\":\"BreadcrumbList\",\"@id\":\"https:\\\/\\\/yasminfood.ch\\\/de\\\/product\\\/ruby-extra-kekse-milchcreme-24-stueck\\\/#breadcrumb\",\"itemListElement\":[{\"@type\":\"ListItem\",\"position\":1,\"name\":\"\u0627\u0644\u0631\u0626\u064a\u0633\u064a\u0629\",\"item\":\"https:\\\/\\\/yasminfood.ch\\\/de\\\/zuhause\\\/\"},{\"@type\":\"ListItem\",\"position\":2,\"name\":\"Shop\",\"item\":\"https:\\\/\\\/yasminfood.ch\\\/de\\\/shop\\\/\"},{\"@type\":\"ListItem\",\"position\":3,\"name\":\"Dessert &amp; Chips\",\"item\":\"https:\\\/\\\/yasminfood.ch\\\/de\\\/produkt-kategorie\\\/dessert-chips-2\\\/\"},{\"@type\":\"ListItem\",\"position\":4,\"name\":\"Kekse\",\"item\":\"https:\\\/\\\/yasminfood.ch\\\/de\\\/produkt-kategorie\\\/dessert-chips-2\\\/kekse\\\/\"},{\"@type\":\"ListItem\",\"position\":5,\"name\":\"Ruby Extra Kekse (Milchcreme) 24 St\u00fcck\"}]},{\"@type\":\"WebSite\",\"@id\":\"https:\\\/\\\/yasminfood.ch\\\/de\\\/#website\",\"url\":\"https:\\\/\\\/yasminfood.ch\\\/de\\\/\",\"name\":\"\u064a\u0627\u0633\u0645\u064a\u0646 \u0645\u0627\u0631\u0643\u062a\",\"description\":\"Alles, was Sie brauchen, an einem Ort\",\"publisher\":{\"@id\":\"https:\\\/\\\/yasminfood.ch\\\/de\\\/#organization\"},\"alternateName\":\"Yasmin Food\",\"potentialAction\":[{\"@type\":\"SearchAction\",\"target\":{\"@type\":\"EntryPoint\",\"urlTemplate\":\"https:\\\/\\\/yasminfood.ch\\\/de\\\/?s={search_term_string}\"},\"query-input\":{\"@type\":\"PropertyValueSpecification\",\"valueRequired\":true,\"valueName\":\"search_term_string\"}}],\"inLanguage\":\"de\"},{\"@type\":\"Organization\",\"@id\":\"https:\\\/\\\/yasminfood.ch\\\/de\\\/#organization\",\"name\":\"\u064a\u0627\u0633\u0645\u064a\u0646 \u0645\u0627\u0631\u0643\u062a\",\"alternateName\":\"Yasmin Food\",\"url\":\"https:\\\/\\\/yasminfood.ch\\\/de\\\/\",\"logo\":{\"@type\":\"ImageObject\",\"inLanguage\":\"de\",\"@id\":\"https:\\\/\\\/yasminfood.ch\\\/de\\\/#\\\/schema\\\/logo\\\/image\\\/\",\"url\":\"https:\\\/\\\/yasminfood.ch\\\/wp-content\\\/uploads\\\/2025\\\/05\\\/yasmin-food-header-logo.png\",\"contentUrl\":\"https:\\\/\\\/yasminfood.ch\\\/wp-content\\\/uploads\\\/2025\\\/05\\\/yasmin-food-header-logo.png\",\"width\":330,\"height\":120,\"caption\":\"\u064a\u0627\u0633\u0645\u064a\u0646 \u0645\u0627\u0631\u0643\u062a\"},\"image\":{\"@id\":\"https:\\\/\\\/yasminfood.ch\\\/de\\\/#\\\/schema\\\/logo\\\/image\\\/\"},\"sameAs\":[\"https:\\\/\\\/www.facebook.com\\\/yasminmarkt1\",\"https:\\\/\\\/www.tiktok.com\\\/@yasminmarkt\",\"https:\\\/\\\/www.instagram.com\\\/yasmin.markt1\\\/\",\"https:\\\/\\\/api.whatsapp.com\\\/send\\\/?phone=41799000104\"],\"publishingPrinciples\":\"https:\\\/\\\/yasminfood.ch\\\/de\\\/shop\\\/\",\"ownershipFundingInfo\":\"https:\\\/\\\/yasminfood.ch\\\/de\\\/shop\\\/\"}]}<\/script>\n<meta property=\"product:price:amount\" content=\"7.95\" \/>\n<meta property=\"product:price:currency\" content=\"CHF\" \/>\n<meta property=\"og:availability\" content=\"instock\" \/>\n<meta property=\"product:availability\" content=\"instock\" \/>\n<meta property=\"product:condition\" content=\"new\" \/>\n<!-- \/ Yoast SEO Premium plugin. -->","yoast_head_json":{"title":"Ruby Extra Kekse (Milchcreme) 24 St\u00fcck - Yasmin Food","description":"Genie\u00dfen Sie eine besondere Zeit mit Ruby Extra Keksen (Milchcreme) 24 St\u00fcck. Reichhaltiger Geschmack f\u00fcr alle Geb\u00e4ckliebhaber, holen Sie sich jetzt Ihre Verpackung! Ruby Extra Kekse (Milchcreme) 24 St\u00fcck","robots":{"index":"index","follow":"follow","max-snippet":"max-snippet:-1","max-image-preview":"max-image-preview:large","max-video-preview":"max-video-preview:-1"},"canonical":"https:\/\/yasminfood.ch\/de\/product\/ruby-extra-kekse-milchcreme-24-stueck\/","og_locale":"de_DE","og_type":"article","og_title":"Ruby Extra Kekse (Milchcreme) 24 St\u00fcck","og_description":"Ruby Extra Kekse (Milchcreme) 24 St\u00fcck      Rubinkekse (mit Milchcreme) sind eine ideale Option f\u00fcr Liebhaber von S\u00fc\u00dfigkeiten und Snacks.  Dieser Keks hat ein k\u00f6stliches Sortiment, das ihm einen reichen und exquisiten Geschmack verleiht.","og_url":"https:\/\/yasminfood.ch\/de\/product\/ruby-extra-kekse-milchcreme-24-stueck\/","og_site_name":"Yasmin Food","article_publisher":"https:\/\/www.facebook.com\/yasminmarkt1","article_modified_time":"2025-06-19T22:49:27+00:00","og_image":[{"width":1080,"height":1080,"url":"https:\/\/yasminfood.ch\/wp-content\/uploads\/2025\/05\/\u0628\u0633\u0643\u0648\u064a\u062a-\u0631\u0648\u0628\u064a-\u0627\u0643\u0633\u062a\u0631\u0627-\u0628\u0643\u0631\u064a\u0645\u0629-\u0627\u0644\u062d\u0644\u064a\u0628-24-\u0642\u0637\u0639\u0629.png","type":"image\/png"}],"twitter_card":"summary_large_image","twitter_misc":{"Preis":"7.95&nbsp;&#67;&#72;&#70;","Verf\u00fcgbarkeit":"Auf Lager"},"schema":{"@context":"https:\/\/schema.org","@graph":[{"@type":"WebPage","@id":"https:\/\/yasminfood.ch\/de\/product\/ruby-extra-kekse-milchcreme-24-stueck\/","url":"https:\/\/yasminfood.ch\/de\/product\/ruby-extra-kekse-milchcreme-24-stueck\/","name":"Ruby Extra Kekse (Milchcreme) 24 St\u00fcck - Yasmin Food","isPartOf":{"@id":"https:\/\/yasminfood.ch\/de\/#website"},"primaryImageOfPage":{"@id":"https:\/\/yasminfood.ch\/de\/product\/ruby-extra-kekse-milchcreme-24-stueck\/#primaryimage"},"image":{"@id":"https:\/\/yasminfood.ch\/de\/product\/ruby-extra-kekse-milchcreme-24-stueck\/#primaryimage"},"thumbnailUrl":"https:\/\/yasminfood.ch\/wp-content\/uploads\/2025\/05\/\u0628\u0633\u0643\u0648\u064a\u062a-\u0631\u0648\u0628\u064a-\u0627\u0643\u0633\u062a\u0631\u0627-\u0628\u0643\u0631\u064a\u0645\u0629-\u0627\u0644\u062d\u0644\u064a\u0628-24-\u0642\u0637\u0639\u0629.png","datePublished":"2025-05-30T11:22:44+00:00","dateModified":"2025-06-19T22:49:27+00:00","description":"Genie\u00dfen Sie eine besondere Zeit mit Ruby Extra Keksen (Milchcreme) 24 St\u00fcck. Reichhaltiger Geschmack f\u00fcr alle Geb\u00e4ckliebhaber, holen Sie sich jetzt Ihre Verpackung! Ruby Extra Kekse (Milchcreme) 24 St\u00fcck","breadcrumb":{"@id":"https:\/\/yasminfood.ch\/de\/product\/ruby-extra-kekse-milchcreme-24-stueck\/#breadcrumb"},"inLanguage":"de","potentialAction":[{"@type":"ReadAction","target":["https:\/\/yasminfood.ch\/de\/product\/ruby-extra-kekse-milchcreme-24-stueck\/"]}]},{"@type":"ImageObject","inLanguage":"de","@id":"https:\/\/yasminfood.ch\/de\/product\/ruby-extra-kekse-milchcreme-24-stueck\/#primaryimage","url":"https:\/\/yasminfood.ch\/wp-content\/uploads\/2025\/05\/\u0628\u0633\u0643\u0648\u064a\u062a-\u0631\u0648\u0628\u064a-\u0627\u0643\u0633\u062a\u0631\u0627-\u0628\u0643\u0631\u064a\u0645\u0629-\u0627\u0644\u062d\u0644\u064a\u0628-24-\u0642\u0637\u0639\u0629.png","contentUrl":"https:\/\/yasminfood.ch\/wp-content\/uploads\/2025\/05\/\u0628\u0633\u0643\u0648\u064a\u062a-\u0631\u0648\u0628\u064a-\u0627\u0643\u0633\u062a\u0631\u0627-\u0628\u0643\u0631\u064a\u0645\u0629-\u0627\u0644\u062d\u0644\u064a\u0628-24-\u0642\u0637\u0639\u0629.png","width":1080,"height":1080,"caption":"Ruby Extra Kekse (Milchcreme) 24 St\u00fcck"},{"@type":"BreadcrumbList","@id":"https:\/\/yasminfood.ch\/de\/product\/ruby-extra-kekse-milchcreme-24-stueck\/#breadcrumb","itemListElement":[{"@type":"ListItem","position":1,"name":"\u0627\u0644\u0631\u0626\u064a\u0633\u064a\u0629","item":"https:\/\/yasminfood.ch\/de\/zuhause\/"},{"@type":"ListItem","position":2,"name":"Shop","item":"https:\/\/yasminfood.ch\/de\/shop\/"},{"@type":"ListItem","position":3,"name":"Dessert &amp; Chips","item":"https:\/\/yasminfood.ch\/de\/produkt-kategorie\/dessert-chips-2\/"},{"@type":"ListItem","position":4,"name":"Kekse","item":"https:\/\/yasminfood.ch\/de\/produkt-kategorie\/dessert-chips-2\/kekse\/"},{"@type":"ListItem","position":5,"name":"Ruby Extra Kekse (Milchcreme) 24 St\u00fcck"}]},{"@type":"WebSite","@id":"https:\/\/yasminfood.ch\/de\/#website","url":"https:\/\/yasminfood.ch\/de\/","name":"\u064a\u0627\u0633\u0645\u064a\u0646 \u0645\u0627\u0631\u0643\u062a","description":"Alles, was Sie brauchen, an einem Ort","publisher":{"@id":"https:\/\/yasminfood.ch\/de\/#organization"},"alternateName":"Yasmin Food","potentialAction":[{"@type":"SearchAction","target":{"@type":"EntryPoint","urlTemplate":"https:\/\/yasminfood.ch\/de\/?s={search_term_string}"},"query-input":{"@type":"PropertyValueSpecification","valueRequired":true,"valueName":"search_term_string"}}],"inLanguage":"de"},{"@type":"Organization","@id":"https:\/\/yasminfood.ch\/de\/#organization","name":"\u064a\u0627\u0633\u0645\u064a\u0646 \u0645\u0627\u0631\u0643\u062a","alternateName":"Yasmin Food","url":"https:\/\/yasminfood.ch\/de\/","logo":{"@type":"ImageObject","inLanguage":"de","@id":"https:\/\/yasminfood.ch\/de\/#\/schema\/logo\/image\/","url":"https:\/\/yasminfood.ch\/wp-content\/uploads\/2025\/05\/yasmin-food-header-logo.png","contentUrl":"https:\/\/yasminfood.ch\/wp-content\/uploads\/2025\/05\/yasmin-food-header-logo.png","width":330,"height":120,"caption":"\u064a\u0627\u0633\u0645\u064a\u0646 \u0645\u0627\u0631\u0643\u062a"},"image":{"@id":"https:\/\/yasminfood.ch\/de\/#\/schema\/logo\/image\/"},"sameAs":["https:\/\/www.facebook.com\/yasminmarkt1","https:\/\/www.tiktok.com\/@yasminmarkt","https:\/\/www.instagram.com\/yasmin.markt1\/","https:\/\/api.whatsapp.com\/send\/?phone=41799000104"],"publishingPrinciples":"https:\/\/yasminfood.ch\/de\/shop\/","ownershipFundingInfo":"https:\/\/yasminfood.ch\/de\/shop\/"}]},"product_price_amount":"7.95","product_price_currency":"CHF","og_availability":"instock","product_availability":"instock","product_condition":"new"},"jetpack_sharing_enabled":true,"_links":{"self":[{"href":"https:\/\/yasminfood.ch\/de\/wp-json\/wp\/v2\/product\/116758","targetHints":{"allow":["GET"]}}],"collection":[{"href":"https:\/\/yasminfood.ch\/de\/wp-json\/wp\/v2\/product"}],"about":[{"href":"https:\/\/yasminfood.ch\/de\/wp-json\/wp\/v2\/types\/product"}],"replies":[{"embeddable":true,"href":"https:\/\/yasminfood.ch\/de\/wp-json\/wp\/v2\/comments?post=116758"}],"version-history":[{"count":0,"href":"https:\/\/yasminfood.ch\/de\/wp-json\/wp\/v2\/product\/116758\/revisions"}],"wp:featuredmedia":[{"embeddable":true,"href":"https:\/\/yasminfood.ch\/de\/wp-json\/wp\/v2\/media\/116744"}],"wp:attachment":[{"href":"https:\/\/yasminfood.ch\/de\/wp-json\/wp\/v2\/media?parent=116758"}],"wp:term":[{"taxonomy":"product_brand","embeddable":true,"href":"https:\/\/yasminfood.ch\/de\/wp-json\/wp\/v2\/product_brand?post=116758"},{"taxonomy":"product_cat","embeddable":true,"href":"https:\/\/yasminfood.ch\/de\/wp-json\/wp\/v2\/product_cat?post=116758"},{"taxonomy":"product_tag","embeddable":true,"href":"https:\/\/yasminfood.ch\/de\/wp-json\/wp\/v2\/product_tag?post=116758"}],"curies":[{"name":"wp","href":"https:\/\/api.w.org\/{rel}","templated":true}]}}