{"id":116799,"date":"2025-05-31T15:17:11","date_gmt":"2025-05-31T13:18:02","guid":{"rendered":"https:\/\/yasminfood.ch\/product\/dabur-amla-haaroel-jasmin-300ml\/"},"modified":"2025-06-20T00:49:18","modified_gmt":"2025-06-19T22:49:18","slug":"dabur-amla-haaroel-jasmin-300ml","status":"publish","type":"product","link":"https:\/\/yasminfood.ch\/de\/product\/dabur-amla-haaroel-jasmin-300ml\/","title":{"rendered":"Dabur Amla Haar\u00f6l Jasmin 300ml"},"content":{"rendered":"<p>Dabur Amla Haar\u00f6l Jasmin 300ml<\/p>\n<ul>\n<li>\n<p dir=\"rtl\"><span dir=\"rtl\"><strong>\u2022 So verwenden Sie das Produkt:<\/strong><\/span><\/p>\n<p dir=\"rtl\">\u2022 Massieren Sie Dabur Haar\u00f6l mit Jasmin mit den Fingerspitzen sanft in die Kopfhaut und das Haar ein. Die regelm\u00e4\u00dfige Anwendung st\u00e4rkt das Haar und l\u00e4sst Ihr Haar l\u00e4nger gl\u00e4nzen. <\/p>\n<p dir=\"rtl\"><span dir=\"rtl\"><strong>\u2022Angaben:<\/strong><\/span><\/p>\n<p dir=\"rtl\">\u2022 Pflegt und st\u00e4rkt das Haar.<br \/>\n\u2022 Amla &#8211; n\u00e4hrt, st\u00e4rkt das Haar.<br \/>\n\u2022 Jasmin &#8211; verleiht dem Haar einen neuen Duft.<br \/>\n\u2022 F\u00f6rdert das Haarwachstum.<br \/>\n\u2022 F\u00fcr coloriertes Haar, das Schutz ben\u00f6tigt.<br \/>\n\u2022 Machen Sie das Haar weich.<br \/>\n\u2022 Raps\u00f6l ist \u00e4u\u00dferst n\u00fctzlich, um ein schnelleres Haarwachstum zu f\u00f6rdern und enth\u00e4lt Vitamin E, das das Haar vor Sch\u00e4den durch freie Radikale sch\u00fctzt und das Haarwachstum f\u00f6rdert. <\/p>\n<p dir=\"rtl\"><span dir=\"rtl\"><strong>Wirkstoffe:<\/strong><\/span><\/p>\n<p dir=\"rtl\">\u2022 Fl\u00fcssiges Paraffinum.<br \/>\n\u2022 Raps\u00f6l.<br \/>\n\u2022 Tocopherylacetat.<br \/>\n\u2022 Isopropylmyrstat.<br \/>\n\u2022 Emile Sinamal.<br \/>\n\u2022 Benzylalkohol.<br \/>\n\u2022 Benzylbenzoat.<br \/>\n\u2022 Benzylsalicylat.<br \/>\n\u2022Citral.<br \/>\n\u2022Cumarin.<br \/>\n\u2022Limonen.<br \/>\n\u2022 Flevanthus implica (Amla) Extrakt f\u00fcr Fr\u00fcchte.<br \/>\n\u2022 Rosmarius officinalis (Rosmarin) \u00d6l<\/p>\n<\/li>\n<\/ul>\n","protected":false},"excerpt":{"rendered":"<p class=\"ai-optimize-28 ai-optimize-introduction\">Dabur Amla Haar\u00f6l Jasmin 300ml<\/p>\n<ul>\n<li class=\"ai-optimize-29\">  Dabur Amla Jasmine Hair Oil ist ein Haar\u00f6l, das speziell f\u00fcr coloriertes Haar entwickelt wurde.<\/li>\n<li class=\"ai-optimize-29\">Diese hocharomatische Alternative zur Amla Haar\u00f6lfamilie sch\u00fctzt coloriertes Haar vor vorzeitigem Verblassen und beugt Haarsch\u00e4den vor.<\/li>\n<li class=\"ai-optimize-29\">F\u00f6rdert das Haarwachstum und Jasmin verleiht ihm einen frischen Duft.<\/li>\n<\/ul>\n","protected":false},"featured_media":116796,"comment_status":"open","ping_status":"closed","template":"","meta":[],"product_brand":[],"product_cat":[916,388],"product_tag":[2251],"class_list":{"0":"post-116799","1":"product","2":"type-product","3":"status-publish","4":"has-post-thumbnail","6":"product_cat-gesundheit-schoenheit","7":"product_cat-nonfood","8":"product_tag-dabur-amla-haarol-mit-jasmin","10":"first","11":"instock","12":"taxable","13":"shipping-taxable","14":"purchasable","15":"product-type-simple"},"yoast_head":"<!-- This site is optimized with the Yoast SEO Premium plugin v26.5 (Yoast SEO v27.4) - https:\/\/yoast.com\/product\/yoast-seo-premium-wordpress\/ -->\n<title>Dabur Amla Haar\u00f6l Jasmin 300ml - Yasmin Food<\/title>\n<meta name=\"description\" content=\"Verj\u00fcngen Sie Ihr Haar mit Dabur Amla Jasmine Hair Oil 300ml. Massieren Sie es in Ihre Kopfhaut ein und genie\u00dfen Sie jeden Tag pflegendes und angenehm duftendes Haar! Yasmin Food Dabur Amla Haar\u00f6l Jasmin 300ml\" \/>\n<meta name=\"robots\" content=\"index, follow, max-snippet:-1, max-image-preview:large, max-video-preview:-1\" \/>\n<link rel=\"canonical\" href=\"https:\/\/yasminfood.ch\/de\/product\/dabur-amla-haaroel-jasmin-300ml\/\" \/>\n<meta property=\"og:locale\" content=\"de_DE\" \/>\n<meta property=\"og:type\" content=\"article\" \/>\n<meta property=\"og:title\" content=\"Dabur Amla Haar\u00f6l Jasmin 300ml\" \/>\n<meta property=\"og:description\" content=\"Dabur Amla Haar\u00f6l Jasmin 300ml    Dabur Amla Jasmine Hair Oil ist ein Haar\u00f6l, das speziell f\u00fcr coloriertes Haar entwickelt wurde.  Diese hocharomatische Alternative zur Amla Haar\u00f6lfamilie sch\u00fctzt coloriertes Haar vor vorzeitigem Verblassen und beugt Haarsch\u00e4den vor.  F\u00f6rdert das Haarwachstum und Jasmin verleiht ihm einen frischen Duft.\" \/>\n<meta property=\"og:url\" content=\"https:\/\/yasminfood.ch\/de\/product\/dabur-amla-haaroel-jasmin-300ml\/\" \/>\n<meta property=\"og:site_name\" content=\"Yasmin Food\" \/>\n<meta property=\"article:publisher\" content=\"https:\/\/www.facebook.com\/yasminmarkt1\" \/>\n<meta property=\"article:modified_time\" content=\"2025-06-19T22:49:18+00:00\" \/>\n<meta property=\"og:image\" content=\"https:\/\/yasminfood.ch\/wp-content\/uploads\/2025\/05\/\u062f\u0627\u0628\u0631-\u0627\u0645\u0644\u0627-\u0632\u064a\u062a-\u0634\u0639\u0631-\u0628\u0627\u0644\u064a\u0627\u0633\u0645\u064a\u0646-300\u0645\u0644.png\" \/>\n\t<meta property=\"og:image:width\" content=\"1080\" \/>\n\t<meta property=\"og:image:height\" content=\"1080\" \/>\n\t<meta property=\"og:image:type\" content=\"image\/png\" \/>\n<meta name=\"twitter:card\" content=\"summary_large_image\" \/>\n<meta name=\"twitter:label1\" content=\"Preis\" \/>\n\t<meta name=\"twitter:data1\" content=\"10.95&nbsp;&#067;&#072;&#070;\" \/>\n\t<meta name=\"twitter:label2\" content=\"Verf\u00fcgbarkeit\" \/>\n\t<meta name=\"twitter:data2\" content=\"Auf Lager\" \/>\n<script type=\"application\/ld+json\" class=\"yoast-schema-graph\">{\"@context\":\"https:\\\/\\\/schema.org\",\"@graph\":[{\"@type\":\"WebPage\",\"@id\":\"https:\\\/\\\/yasminfood.ch\\\/de\\\/product\\\/dabur-amla-haaroel-jasmin-300ml\\\/\",\"url\":\"https:\\\/\\\/yasminfood.ch\\\/de\\\/product\\\/dabur-amla-haaroel-jasmin-300ml\\\/\",\"name\":\"Dabur Amla Haar\u00f6l Jasmin 300ml - Yasmin Food\",\"isPartOf\":{\"@id\":\"https:\\\/\\\/yasminfood.ch\\\/de\\\/#website\"},\"primaryImageOfPage\":{\"@id\":\"https:\\\/\\\/yasminfood.ch\\\/de\\\/product\\\/dabur-amla-haaroel-jasmin-300ml\\\/#primaryimage\"},\"image\":{\"@id\":\"https:\\\/\\\/yasminfood.ch\\\/de\\\/product\\\/dabur-amla-haaroel-jasmin-300ml\\\/#primaryimage\"},\"thumbnailUrl\":\"https:\\\/\\\/yasminfood.ch\\\/wp-content\\\/uploads\\\/2025\\\/05\\\/\u062f\u0627\u0628\u0631-\u0627\u0645\u0644\u0627-\u0632\u064a\u062a-\u0634\u0639\u0631-\u0628\u0627\u0644\u064a\u0627\u0633\u0645\u064a\u0646-300\u0645\u0644.png\",\"datePublished\":\"2025-05-31T13:18:02+00:00\",\"dateModified\":\"2025-06-19T22:49:18+00:00\",\"description\":\"Verj\u00fcngen Sie Ihr Haar mit Dabur Amla Jasmine Hair Oil 300ml. Massieren Sie es in Ihre Kopfhaut ein und genie\u00dfen Sie jeden Tag pflegendes und angenehm duftendes Haar! Yasmin Food Dabur Amla Haar\u00f6l Jasmin 300ml\",\"breadcrumb\":{\"@id\":\"https:\\\/\\\/yasminfood.ch\\\/de\\\/product\\\/dabur-amla-haaroel-jasmin-300ml\\\/#breadcrumb\"},\"inLanguage\":\"de\",\"potentialAction\":[{\"@type\":\"ReadAction\",\"target\":[\"https:\\\/\\\/yasminfood.ch\\\/de\\\/product\\\/dabur-amla-haaroel-jasmin-300ml\\\/\"]}]},{\"@type\":\"ImageObject\",\"inLanguage\":\"de\",\"@id\":\"https:\\\/\\\/yasminfood.ch\\\/de\\\/product\\\/dabur-amla-haaroel-jasmin-300ml\\\/#primaryimage\",\"url\":\"https:\\\/\\\/yasminfood.ch\\\/wp-content\\\/uploads\\\/2025\\\/05\\\/\u062f\u0627\u0628\u0631-\u0627\u0645\u0644\u0627-\u0632\u064a\u062a-\u0634\u0639\u0631-\u0628\u0627\u0644\u064a\u0627\u0633\u0645\u064a\u0646-300\u0645\u0644.png\",\"contentUrl\":\"https:\\\/\\\/yasminfood.ch\\\/wp-content\\\/uploads\\\/2025\\\/05\\\/\u062f\u0627\u0628\u0631-\u0627\u0645\u0644\u0627-\u0632\u064a\u062a-\u0634\u0639\u0631-\u0628\u0627\u0644\u064a\u0627\u0633\u0645\u064a\u0646-300\u0645\u0644.png\",\"width\":1080,\"height\":1080,\"caption\":\"Dabur Amla Haar\u00f6l Jasmin 300ml\"},{\"@type\":\"BreadcrumbList\",\"@id\":\"https:\\\/\\\/yasminfood.ch\\\/de\\\/product\\\/dabur-amla-haaroel-jasmin-300ml\\\/#breadcrumb\",\"itemListElement\":[{\"@type\":\"ListItem\",\"position\":1,\"name\":\"\u0627\u0644\u0631\u0626\u064a\u0633\u064a\u0629\",\"item\":\"https:\\\/\\\/yasminfood.ch\\\/de\\\/zuhause\\\/\"},{\"@type\":\"ListItem\",\"position\":2,\"name\":\"Shop\",\"item\":\"https:\\\/\\\/yasminfood.ch\\\/de\\\/shop\\\/\"},{\"@type\":\"ListItem\",\"position\":3,\"name\":\"Nonfood\",\"item\":\"https:\\\/\\\/yasminfood.ch\\\/de\\\/produkt-kategorie\\\/nonfood\\\/\"},{\"@type\":\"ListItem\",\"position\":4,\"name\":\"Dabur Amla Haar\u00f6l Jasmin 300ml\"}]},{\"@type\":\"WebSite\",\"@id\":\"https:\\\/\\\/yasminfood.ch\\\/de\\\/#website\",\"url\":\"https:\\\/\\\/yasminfood.ch\\\/de\\\/\",\"name\":\"\u064a\u0627\u0633\u0645\u064a\u0646 \u0645\u0627\u0631\u0643\u062a\",\"description\":\"Alles, was Sie brauchen, an einem Ort\",\"publisher\":{\"@id\":\"https:\\\/\\\/yasminfood.ch\\\/de\\\/#organization\"},\"alternateName\":\"Yasmin Food\",\"potentialAction\":[{\"@type\":\"SearchAction\",\"target\":{\"@type\":\"EntryPoint\",\"urlTemplate\":\"https:\\\/\\\/yasminfood.ch\\\/de\\\/?s={search_term_string}\"},\"query-input\":{\"@type\":\"PropertyValueSpecification\",\"valueRequired\":true,\"valueName\":\"search_term_string\"}}],\"inLanguage\":\"de\"},{\"@type\":\"Organization\",\"@id\":\"https:\\\/\\\/yasminfood.ch\\\/de\\\/#organization\",\"name\":\"\u064a\u0627\u0633\u0645\u064a\u0646 \u0645\u0627\u0631\u0643\u062a\",\"alternateName\":\"Yasmin Food\",\"url\":\"https:\\\/\\\/yasminfood.ch\\\/de\\\/\",\"logo\":{\"@type\":\"ImageObject\",\"inLanguage\":\"de\",\"@id\":\"https:\\\/\\\/yasminfood.ch\\\/de\\\/#\\\/schema\\\/logo\\\/image\\\/\",\"url\":\"https:\\\/\\\/yasminfood.ch\\\/wp-content\\\/uploads\\\/2025\\\/05\\\/yasmin-food-header-logo.png\",\"contentUrl\":\"https:\\\/\\\/yasminfood.ch\\\/wp-content\\\/uploads\\\/2025\\\/05\\\/yasmin-food-header-logo.png\",\"width\":330,\"height\":120,\"caption\":\"\u064a\u0627\u0633\u0645\u064a\u0646 \u0645\u0627\u0631\u0643\u062a\"},\"image\":{\"@id\":\"https:\\\/\\\/yasminfood.ch\\\/de\\\/#\\\/schema\\\/logo\\\/image\\\/\"},\"sameAs\":[\"https:\\\/\\\/www.facebook.com\\\/yasminmarkt1\",\"https:\\\/\\\/www.tiktok.com\\\/@yasminmarkt\",\"https:\\\/\\\/www.instagram.com\\\/yasmin.markt1\\\/\",\"https:\\\/\\\/api.whatsapp.com\\\/send\\\/?phone=41799000104\"],\"publishingPrinciples\":\"https:\\\/\\\/yasminfood.ch\\\/de\\\/shop\\\/\",\"ownershipFundingInfo\":\"https:\\\/\\\/yasminfood.ch\\\/de\\\/shop\\\/\"}]}<\/script>\n<meta property=\"product:price:amount\" content=\"10.95\" \/>\n<meta property=\"product:price:currency\" content=\"CHF\" \/>\n<meta property=\"og:availability\" content=\"instock\" \/>\n<meta property=\"product:availability\" content=\"instock\" \/>\n<meta property=\"product:condition\" content=\"new\" \/>\n<!-- \/ Yoast SEO Premium plugin. -->","yoast_head_json":{"title":"Dabur Amla Haar\u00f6l Jasmin 300ml - Yasmin Food","description":"Verj\u00fcngen Sie Ihr Haar mit Dabur Amla Jasmine Hair Oil 300ml. Massieren Sie es in Ihre Kopfhaut ein und genie\u00dfen Sie jeden Tag pflegendes und angenehm duftendes Haar! Yasmin Food Dabur Amla Haar\u00f6l Jasmin 300ml","robots":{"index":"index","follow":"follow","max-snippet":"max-snippet:-1","max-image-preview":"max-image-preview:large","max-video-preview":"max-video-preview:-1"},"canonical":"https:\/\/yasminfood.ch\/de\/product\/dabur-amla-haaroel-jasmin-300ml\/","og_locale":"de_DE","og_type":"article","og_title":"Dabur Amla Haar\u00f6l Jasmin 300ml","og_description":"Dabur Amla Haar\u00f6l Jasmin 300ml    Dabur Amla Jasmine Hair Oil ist ein Haar\u00f6l, das speziell f\u00fcr coloriertes Haar entwickelt wurde.  Diese hocharomatische Alternative zur Amla Haar\u00f6lfamilie sch\u00fctzt coloriertes Haar vor vorzeitigem Verblassen und beugt Haarsch\u00e4den vor.  F\u00f6rdert das Haarwachstum und Jasmin verleiht ihm einen frischen Duft.","og_url":"https:\/\/yasminfood.ch\/de\/product\/dabur-amla-haaroel-jasmin-300ml\/","og_site_name":"Yasmin Food","article_publisher":"https:\/\/www.facebook.com\/yasminmarkt1","article_modified_time":"2025-06-19T22:49:18+00:00","og_image":[{"width":1080,"height":1080,"url":"https:\/\/yasminfood.ch\/wp-content\/uploads\/2025\/05\/\u062f\u0627\u0628\u0631-\u0627\u0645\u0644\u0627-\u0632\u064a\u062a-\u0634\u0639\u0631-\u0628\u0627\u0644\u064a\u0627\u0633\u0645\u064a\u0646-300\u0645\u0644.png","type":"image\/png"}],"twitter_card":"summary_large_image","twitter_misc":{"Preis":"10.95&nbsp;&#67;&#72;&#70;","Verf\u00fcgbarkeit":"Auf Lager"},"schema":{"@context":"https:\/\/schema.org","@graph":[{"@type":"WebPage","@id":"https:\/\/yasminfood.ch\/de\/product\/dabur-amla-haaroel-jasmin-300ml\/","url":"https:\/\/yasminfood.ch\/de\/product\/dabur-amla-haaroel-jasmin-300ml\/","name":"Dabur Amla Haar\u00f6l Jasmin 300ml - Yasmin Food","isPartOf":{"@id":"https:\/\/yasminfood.ch\/de\/#website"},"primaryImageOfPage":{"@id":"https:\/\/yasminfood.ch\/de\/product\/dabur-amla-haaroel-jasmin-300ml\/#primaryimage"},"image":{"@id":"https:\/\/yasminfood.ch\/de\/product\/dabur-amla-haaroel-jasmin-300ml\/#primaryimage"},"thumbnailUrl":"https:\/\/yasminfood.ch\/wp-content\/uploads\/2025\/05\/\u062f\u0627\u0628\u0631-\u0627\u0645\u0644\u0627-\u0632\u064a\u062a-\u0634\u0639\u0631-\u0628\u0627\u0644\u064a\u0627\u0633\u0645\u064a\u0646-300\u0645\u0644.png","datePublished":"2025-05-31T13:18:02+00:00","dateModified":"2025-06-19T22:49:18+00:00","description":"Verj\u00fcngen Sie Ihr Haar mit Dabur Amla Jasmine Hair Oil 300ml. Massieren Sie es in Ihre Kopfhaut ein und genie\u00dfen Sie jeden Tag pflegendes und angenehm duftendes Haar! Yasmin Food Dabur Amla Haar\u00f6l Jasmin 300ml","breadcrumb":{"@id":"https:\/\/yasminfood.ch\/de\/product\/dabur-amla-haaroel-jasmin-300ml\/#breadcrumb"},"inLanguage":"de","potentialAction":[{"@type":"ReadAction","target":["https:\/\/yasminfood.ch\/de\/product\/dabur-amla-haaroel-jasmin-300ml\/"]}]},{"@type":"ImageObject","inLanguage":"de","@id":"https:\/\/yasminfood.ch\/de\/product\/dabur-amla-haaroel-jasmin-300ml\/#primaryimage","url":"https:\/\/yasminfood.ch\/wp-content\/uploads\/2025\/05\/\u062f\u0627\u0628\u0631-\u0627\u0645\u0644\u0627-\u0632\u064a\u062a-\u0634\u0639\u0631-\u0628\u0627\u0644\u064a\u0627\u0633\u0645\u064a\u0646-300\u0645\u0644.png","contentUrl":"https:\/\/yasminfood.ch\/wp-content\/uploads\/2025\/05\/\u062f\u0627\u0628\u0631-\u0627\u0645\u0644\u0627-\u0632\u064a\u062a-\u0634\u0639\u0631-\u0628\u0627\u0644\u064a\u0627\u0633\u0645\u064a\u0646-300\u0645\u0644.png","width":1080,"height":1080,"caption":"Dabur Amla Haar\u00f6l Jasmin 300ml"},{"@type":"BreadcrumbList","@id":"https:\/\/yasminfood.ch\/de\/product\/dabur-amla-haaroel-jasmin-300ml\/#breadcrumb","itemListElement":[{"@type":"ListItem","position":1,"name":"\u0627\u0644\u0631\u0626\u064a\u0633\u064a\u0629","item":"https:\/\/yasminfood.ch\/de\/zuhause\/"},{"@type":"ListItem","position":2,"name":"Shop","item":"https:\/\/yasminfood.ch\/de\/shop\/"},{"@type":"ListItem","position":3,"name":"Nonfood","item":"https:\/\/yasminfood.ch\/de\/produkt-kategorie\/nonfood\/"},{"@type":"ListItem","position":4,"name":"Dabur Amla Haar\u00f6l Jasmin 300ml"}]},{"@type":"WebSite","@id":"https:\/\/yasminfood.ch\/de\/#website","url":"https:\/\/yasminfood.ch\/de\/","name":"\u064a\u0627\u0633\u0645\u064a\u0646 \u0645\u0627\u0631\u0643\u062a","description":"Alles, was Sie brauchen, an einem Ort","publisher":{"@id":"https:\/\/yasminfood.ch\/de\/#organization"},"alternateName":"Yasmin Food","potentialAction":[{"@type":"SearchAction","target":{"@type":"EntryPoint","urlTemplate":"https:\/\/yasminfood.ch\/de\/?s={search_term_string}"},"query-input":{"@type":"PropertyValueSpecification","valueRequired":true,"valueName":"search_term_string"}}],"inLanguage":"de"},{"@type":"Organization","@id":"https:\/\/yasminfood.ch\/de\/#organization","name":"\u064a\u0627\u0633\u0645\u064a\u0646 \u0645\u0627\u0631\u0643\u062a","alternateName":"Yasmin Food","url":"https:\/\/yasminfood.ch\/de\/","logo":{"@type":"ImageObject","inLanguage":"de","@id":"https:\/\/yasminfood.ch\/de\/#\/schema\/logo\/image\/","url":"https:\/\/yasminfood.ch\/wp-content\/uploads\/2025\/05\/yasmin-food-header-logo.png","contentUrl":"https:\/\/yasminfood.ch\/wp-content\/uploads\/2025\/05\/yasmin-food-header-logo.png","width":330,"height":120,"caption":"\u064a\u0627\u0633\u0645\u064a\u0646 \u0645\u0627\u0631\u0643\u062a"},"image":{"@id":"https:\/\/yasminfood.ch\/de\/#\/schema\/logo\/image\/"},"sameAs":["https:\/\/www.facebook.com\/yasminmarkt1","https:\/\/www.tiktok.com\/@yasminmarkt","https:\/\/www.instagram.com\/yasmin.markt1\/","https:\/\/api.whatsapp.com\/send\/?phone=41799000104"],"publishingPrinciples":"https:\/\/yasminfood.ch\/de\/shop\/","ownershipFundingInfo":"https:\/\/yasminfood.ch\/de\/shop\/"}]},"product_price_amount":"10.95","product_price_currency":"CHF","og_availability":"instock","product_availability":"instock","product_condition":"new"},"jetpack_sharing_enabled":true,"_links":{"self":[{"href":"https:\/\/yasminfood.ch\/de\/wp-json\/wp\/v2\/product\/116799","targetHints":{"allow":["GET"]}}],"collection":[{"href":"https:\/\/yasminfood.ch\/de\/wp-json\/wp\/v2\/product"}],"about":[{"href":"https:\/\/yasminfood.ch\/de\/wp-json\/wp\/v2\/types\/product"}],"replies":[{"embeddable":true,"href":"https:\/\/yasminfood.ch\/de\/wp-json\/wp\/v2\/comments?post=116799"}],"version-history":[{"count":0,"href":"https:\/\/yasminfood.ch\/de\/wp-json\/wp\/v2\/product\/116799\/revisions"}],"wp:featuredmedia":[{"embeddable":true,"href":"https:\/\/yasminfood.ch\/de\/wp-json\/wp\/v2\/media\/116796"}],"wp:attachment":[{"href":"https:\/\/yasminfood.ch\/de\/wp-json\/wp\/v2\/media?parent=116799"}],"wp:term":[{"taxonomy":"product_brand","embeddable":true,"href":"https:\/\/yasminfood.ch\/de\/wp-json\/wp\/v2\/product_brand?post=116799"},{"taxonomy":"product_cat","embeddable":true,"href":"https:\/\/yasminfood.ch\/de\/wp-json\/wp\/v2\/product_cat?post=116799"},{"taxonomy":"product_tag","embeddable":true,"href":"https:\/\/yasminfood.ch\/de\/wp-json\/wp\/v2\/product_tag?post=116799"}],"curies":[{"name":"wp","href":"https:\/\/api.w.org\/{rel}","templated":true}]}}