{"id":116843,"date":"2025-06-01T13:33:43","date_gmt":"2025-06-01T11:33:43","guid":{"rendered":"https:\/\/yasminfood.ch\/product\/dattelmelasse-400g-lara\/"},"modified":"2025-06-20T00:49:09","modified_gmt":"2025-06-19T22:49:09","slug":"dattelmelasse-400g-lara","status":"publish","type":"product","link":"https:\/\/yasminfood.ch\/de\/product\/dattelmelasse-400g-lara\/","title":{"rendered":"Dattelmelasse 400g Lara"},"content":{"rendered":"<p  data-start=\"212\" data-end=\"237\">\n<p  data-start=\"414\" data-end=\"439\"><strong data-start=\"414\" data-end=\"439\">Dattelmelasse 400g \u2013 Lara<\/strong><\/p>\n<p  data-start=\"441\" data-end=\"656\"><em data-start=\"455\" data-end=\"461\">Lara<\/em> Dattelmelasse bietet eine gl\u00e4nzende Honigfarbe, eine viskose, fl\u00fcssige Textur und einen s\u00fc\u00dfen Geschmack, den jeder, der sie probiert, genie\u00dfen wird.<br data-start=\"541\" data-end=\"544\">Manche nennen es <em data-start=\"557\" data-end=\"568\">Dattelhonig<\/em> oder <em data-start=\"572\" data-end=\"583\">Dattelpaste<\/em>, und es ist eines der am h\u00e4ufigsten verwendeten Produkte bei der Zubereitung von S\u00fc\u00dfigkeiten und traditionellen Gerichten.  <\/p>\n<p  data-start=\"658\" data-end=\"713\">K\u00f6che und Hausfrauen verwenden diese Melasse auf unterschiedliche Weise, Als:<\/p>\n<ul data-start=\"715\" data-end=\"922\">\n<li  data-start=\"715\" data-end=\"753\">\n<p  data-start=\"717\" data-end=\"753\">Mischen Sie es w\u00e4hrend der Zubereitung mit den Dessertzutaten.<\/p>\n<\/li>\n<li  data-start=\"754\" data-end=\"795\">\n<p  data-start=\"756\" data-end=\"795\">Ein wenig davon wurde gegossen, um fertige Desserts zu dekorieren.<\/p>\n<\/li>\n<li  data-start=\"796\" data-end=\"834\">\n<p  data-start=\"798\" data-end=\"834\">Nehmen Sie es mit Mehl als einfache und nahrhafte Mahlzeit ein.<\/p>\n<\/li>\n<li  data-start=\"835\" data-end=\"922\">\n<p  data-start=\"837\" data-end=\"922\">Kochen Sie es mit Reis, um das Gericht \u201eReis mit Dattelmelasse\u201c zuzubereiten, das dank seines Geschmacks und seiner Vorteile sehr beliebt ist. <\/p>\n<\/li>\n<\/ul>\n<h3  data-start=\"924\" data-end=\"955\">\ud83d\udca1 <strong data-start=\"931\" data-end=\"955\">Eigenschaften der Lara Dattelmelasse:<\/strong><\/h3>\n<ul data-start=\"956\" data-end=\"1133\">\n<li  data-start=\"956\" data-end=\"1036\">\n<p  data-start=\"958\" data-end=\"1036\">Es bietet einen nat\u00fcrlichen s\u00fc\u00dfen Geschmack, der den Blutzucker nicht schnell ansteigen l\u00e4sst, so dass es f\u00fcr Diabetiker geeignet ist. <\/p>\n<\/li>\n<li  data-start=\"1037\" data-end=\"1098\">\n<p  data-start=\"1039\" data-end=\"1098\">Es versorgt den K\u00f6rper mit essentiellen Vitaminen und Mineralstoffen, die die Immunit\u00e4t und Energie st\u00e4rken.<\/p>\n<\/li>\n<li  data-start=\"1099\" data-end=\"1133\">\n<p  data-start=\"1101\" data-end=\"1133\">Verbessert die Verdauung und gibt ein S\u00e4ttigungsgef\u00fchl.<\/p>\n<\/li>\n<\/ul>\n<p  data-start=\"1135\" data-end=\"1303\"><em data-start=\"1145\" data-end=\"1151\">Lara<\/em> interessiert sich f\u00fcr die Auswahl der besten Dattelsorten und \u00fcberwacht streng die Herstellungsphasen, vom Kochen \u00fcber die Verpackung bis hin zur Lagerung. Das Unternehmen garantiert die Qualit\u00e4t des Produkts und ist bestrebt, es auf gesunde und sichere Weise zu pr\u00e4sentieren   <\/p>\n","protected":false},"excerpt":{"rendered":"<p class=\"ai-optimize-88 ai-optimize-introduction\" data-start=\"414\" data-end=\"439\"><strong data-start=\"414\" data-end=\"439\">Dattelmelasse 400g \u2013 Lara<\/strong><\/p>\n<ul>\n<li class=\"ai-optimize-89\" data-start=\"441\" data-end=\"656\"><em data-start=\"455\" data-end=\"461\">Lara<\/em> Dattelmelasse bietet eine gl\u00e4nzende Honigfarbe, eine viskose, fl\u00fcssige Textur und einen s\u00fc\u00dfen Geschmack, den jeder, der sie probiert, genie\u00dfen wird.<br data-start=\"541\" data-end=\"544\">Manche nennen es <em data-start=\"557\" data-end=\"568\">Dattelhonig<\/em> oder <em data-start=\"572\" data-end=\"583\">Dattelpaste<\/em>, und es ist eines der am h\u00e4ufigsten verwendeten Produkte bei der Zubereitung von S\u00fc\u00dfigkeiten und traditionellen Gerichten  <\/li>\n<\/ul>\n","protected":false},"featured_media":116839,"comment_status":"open","ping_status":"closed","template":"","meta":[],"product_brand":[],"product_cat":[273,245],"product_tag":[],"class_list":{"0":"post-116843","1":"product","2":"type-product","3":"status-publish","4":"has-post-thumbnail","6":"product_cat-granatapfelsirup-dattelsirup","7":"product_cat-konserven-lebensmittel","9":"first","10":"instock","11":"taxable","12":"shipping-taxable","13":"purchasable","14":"product-type-simple"},"yoast_head":"<!-- This site is optimized with the Yoast SEO Premium plugin v26.5 (Yoast SEO v27.4) - https:\/\/yoast.com\/product\/yoast-seo-premium-wordpress\/ -->\n<title>Dattelmelasse 400g Lara - Yasmin Food<\/title>\n<meta name=\"description\" content=\"Genie\u00dfen Sie die S\u00fc\u00dfe der Dattelmelasse 400g Lara, die reich an Vitaminen ist und f\u00fcr Diabetiker geeignet ist. Probieren Sie es jetzt aus und machen Sie Ihr Essen noch leckerer! Yasmin Food Dattelmelasse 400g Lara\" \/>\n<meta name=\"robots\" content=\"index, follow, max-snippet:-1, max-image-preview:large, max-video-preview:-1\" \/>\n<link rel=\"canonical\" href=\"https:\/\/yasminfood.ch\/de\/product\/dattelmelasse-400g-lara\/\" \/>\n<meta property=\"og:locale\" content=\"de_DE\" \/>\n<meta property=\"og:type\" content=\"article\" \/>\n<meta property=\"og:title\" content=\"Dattelmelasse 400g Lara\" \/>\n<meta property=\"og:description\" content=\"Dattelmelasse 400g \u2013 Lara   Lara Dattelmelasse bietet eine gl\u00e4nzende Honigfarbe, eine viskose, fl\u00fcssige Textur und einen s\u00fc\u00dfen Geschmack, den jeder, der sie probiert, genie\u00dfen wird.Manche nennen es Dattelhonig oder Dattelpaste, und es ist eines der am h\u00e4ufigsten verwendeten Produkte bei der Zubereitung von S\u00fc\u00dfigkeiten und traditionellen Gerichten\" \/>\n<meta property=\"og:url\" content=\"https:\/\/yasminfood.ch\/de\/product\/dattelmelasse-400g-lara\/\" \/>\n<meta property=\"og:site_name\" content=\"Yasmin Food\" \/>\n<meta property=\"article:publisher\" content=\"https:\/\/www.facebook.com\/yasminmarkt1\" \/>\n<meta property=\"article:modified_time\" content=\"2025-06-19T22:49:09+00:00\" \/>\n<meta property=\"og:image\" content=\"https:\/\/yasminfood.ch\/wp-content\/uploads\/2025\/06\/\u062f\u0628\u0633-\u0627\u0644\u062a\u0645\u0631-400\u063a-\u0644\u0627\u0631\u0627-\u0639\u062f\u062f12.png\" \/>\n\t<meta property=\"og:image:width\" content=\"1080\" \/>\n\t<meta property=\"og:image:height\" content=\"1080\" \/>\n\t<meta property=\"og:image:type\" content=\"image\/png\" \/>\n<meta name=\"twitter:card\" content=\"summary_large_image\" \/>\n<meta name=\"twitter:label1\" content=\"Preis\" \/>\n\t<meta name=\"twitter:data1\" content=\"5.95&nbsp;&#067;&#072;&#070;\" \/>\n\t<meta name=\"twitter:label2\" content=\"Verf\u00fcgbarkeit\" \/>\n\t<meta name=\"twitter:data2\" content=\"Auf Lager\" \/>\n<script type=\"application\/ld+json\" class=\"yoast-schema-graph\">{\"@context\":\"https:\\\/\\\/schema.org\",\"@graph\":[{\"@type\":\"WebPage\",\"@id\":\"https:\\\/\\\/yasminfood.ch\\\/de\\\/product\\\/dattelmelasse-400g-lara\\\/\",\"url\":\"https:\\\/\\\/yasminfood.ch\\\/de\\\/product\\\/dattelmelasse-400g-lara\\\/\",\"name\":\"Dattelmelasse 400g Lara - Yasmin Food\",\"isPartOf\":{\"@id\":\"https:\\\/\\\/yasminfood.ch\\\/de\\\/#website\"},\"primaryImageOfPage\":{\"@id\":\"https:\\\/\\\/yasminfood.ch\\\/de\\\/product\\\/dattelmelasse-400g-lara\\\/#primaryimage\"},\"image\":{\"@id\":\"https:\\\/\\\/yasminfood.ch\\\/de\\\/product\\\/dattelmelasse-400g-lara\\\/#primaryimage\"},\"thumbnailUrl\":\"https:\\\/\\\/yasminfood.ch\\\/wp-content\\\/uploads\\\/2025\\\/06\\\/\u062f\u0628\u0633-\u0627\u0644\u062a\u0645\u0631-400\u063a-\u0644\u0627\u0631\u0627-\u0639\u062f\u062f12.png\",\"datePublished\":\"2025-06-01T11:33:43+00:00\",\"dateModified\":\"2025-06-19T22:49:09+00:00\",\"description\":\"Genie\u00dfen Sie die S\u00fc\u00dfe der Dattelmelasse 400g Lara, die reich an Vitaminen ist und f\u00fcr Diabetiker geeignet ist. Probieren Sie es jetzt aus und machen Sie Ihr Essen noch leckerer! Yasmin Food Dattelmelasse 400g Lara\",\"breadcrumb\":{\"@id\":\"https:\\\/\\\/yasminfood.ch\\\/de\\\/product\\\/dattelmelasse-400g-lara\\\/#breadcrumb\"},\"inLanguage\":\"de\",\"potentialAction\":[{\"@type\":\"ReadAction\",\"target\":[\"https:\\\/\\\/yasminfood.ch\\\/de\\\/product\\\/dattelmelasse-400g-lara\\\/\"]}]},{\"@type\":\"ImageObject\",\"inLanguage\":\"de\",\"@id\":\"https:\\\/\\\/yasminfood.ch\\\/de\\\/product\\\/dattelmelasse-400g-lara\\\/#primaryimage\",\"url\":\"https:\\\/\\\/yasminfood.ch\\\/wp-content\\\/uploads\\\/2025\\\/06\\\/\u062f\u0628\u0633-\u0627\u0644\u062a\u0645\u0631-400\u063a-\u0644\u0627\u0631\u0627-\u0639\u062f\u062f12.png\",\"contentUrl\":\"https:\\\/\\\/yasminfood.ch\\\/wp-content\\\/uploads\\\/2025\\\/06\\\/\u062f\u0628\u0633-\u0627\u0644\u062a\u0645\u0631-400\u063a-\u0644\u0627\u0631\u0627-\u0639\u062f\u062f12.png\",\"width\":1080,\"height\":1080,\"caption\":\"Dattelmelasse 400g Lara\"},{\"@type\":\"BreadcrumbList\",\"@id\":\"https:\\\/\\\/yasminfood.ch\\\/de\\\/product\\\/dattelmelasse-400g-lara\\\/#breadcrumb\",\"itemListElement\":[{\"@type\":\"ListItem\",\"position\":1,\"name\":\"\u0627\u0644\u0631\u0626\u064a\u0633\u064a\u0629\",\"item\":\"https:\\\/\\\/yasminfood.ch\\\/de\\\/zuhause\\\/\"},{\"@type\":\"ListItem\",\"position\":2,\"name\":\"Shop\",\"item\":\"https:\\\/\\\/yasminfood.ch\\\/de\\\/shop\\\/\"},{\"@type\":\"ListItem\",\"position\":3,\"name\":\"Konserven - Lebensmittel\",\"item\":\"https:\\\/\\\/yasminfood.ch\\\/de\\\/produkt-kategorie\\\/konserven-lebensmittel\\\/\"},{\"@type\":\"ListItem\",\"position\":4,\"name\":\"Granatapfelsirup - Dattelsirup\",\"item\":\"https:\\\/\\\/yasminfood.ch\\\/de\\\/produkt-kategorie\\\/konserven-lebensmittel\\\/granatapfelsirup-dattelsirup\\\/\"},{\"@type\":\"ListItem\",\"position\":5,\"name\":\"Dattelmelasse 400g Lara\"}]},{\"@type\":\"WebSite\",\"@id\":\"https:\\\/\\\/yasminfood.ch\\\/de\\\/#website\",\"url\":\"https:\\\/\\\/yasminfood.ch\\\/de\\\/\",\"name\":\"\u064a\u0627\u0633\u0645\u064a\u0646 \u0645\u0627\u0631\u0643\u062a\",\"description\":\"Alles, was Sie brauchen, an einem Ort\",\"publisher\":{\"@id\":\"https:\\\/\\\/yasminfood.ch\\\/de\\\/#organization\"},\"alternateName\":\"Yasmin Food\",\"potentialAction\":[{\"@type\":\"SearchAction\",\"target\":{\"@type\":\"EntryPoint\",\"urlTemplate\":\"https:\\\/\\\/yasminfood.ch\\\/de\\\/?s={search_term_string}\"},\"query-input\":{\"@type\":\"PropertyValueSpecification\",\"valueRequired\":true,\"valueName\":\"search_term_string\"}}],\"inLanguage\":\"de\"},{\"@type\":\"Organization\",\"@id\":\"https:\\\/\\\/yasminfood.ch\\\/de\\\/#organization\",\"name\":\"\u064a\u0627\u0633\u0645\u064a\u0646 \u0645\u0627\u0631\u0643\u062a\",\"alternateName\":\"Yasmin Food\",\"url\":\"https:\\\/\\\/yasminfood.ch\\\/de\\\/\",\"logo\":{\"@type\":\"ImageObject\",\"inLanguage\":\"de\",\"@id\":\"https:\\\/\\\/yasminfood.ch\\\/de\\\/#\\\/schema\\\/logo\\\/image\\\/\",\"url\":\"https:\\\/\\\/yasminfood.ch\\\/wp-content\\\/uploads\\\/2025\\\/05\\\/yasmin-food-header-logo.png\",\"contentUrl\":\"https:\\\/\\\/yasminfood.ch\\\/wp-content\\\/uploads\\\/2025\\\/05\\\/yasmin-food-header-logo.png\",\"width\":330,\"height\":120,\"caption\":\"\u064a\u0627\u0633\u0645\u064a\u0646 \u0645\u0627\u0631\u0643\u062a\"},\"image\":{\"@id\":\"https:\\\/\\\/yasminfood.ch\\\/de\\\/#\\\/schema\\\/logo\\\/image\\\/\"},\"sameAs\":[\"https:\\\/\\\/www.facebook.com\\\/yasminmarkt1\",\"https:\\\/\\\/www.tiktok.com\\\/@yasminmarkt\",\"https:\\\/\\\/www.instagram.com\\\/yasmin.markt1\\\/\",\"https:\\\/\\\/api.whatsapp.com\\\/send\\\/?phone=41799000104\"],\"publishingPrinciples\":\"https:\\\/\\\/yasminfood.ch\\\/de\\\/shop\\\/\",\"ownershipFundingInfo\":\"https:\\\/\\\/yasminfood.ch\\\/de\\\/shop\\\/\"}]}<\/script>\n<meta property=\"product:price:amount\" content=\"5.95\" \/>\n<meta property=\"product:price:currency\" content=\"CHF\" \/>\n<meta property=\"og:availability\" content=\"instock\" \/>\n<meta property=\"product:availability\" content=\"instock\" \/>\n<meta property=\"product:condition\" content=\"new\" \/>\n<!-- \/ Yoast SEO Premium plugin. -->","yoast_head_json":{"title":"Dattelmelasse 400g Lara - Yasmin Food","description":"Genie\u00dfen Sie die S\u00fc\u00dfe der Dattelmelasse 400g Lara, die reich an Vitaminen ist und f\u00fcr Diabetiker geeignet ist. Probieren Sie es jetzt aus und machen Sie Ihr Essen noch leckerer! Yasmin Food Dattelmelasse 400g Lara","robots":{"index":"index","follow":"follow","max-snippet":"max-snippet:-1","max-image-preview":"max-image-preview:large","max-video-preview":"max-video-preview:-1"},"canonical":"https:\/\/yasminfood.ch\/de\/product\/dattelmelasse-400g-lara\/","og_locale":"de_DE","og_type":"article","og_title":"Dattelmelasse 400g Lara","og_description":"Dattelmelasse 400g \u2013 Lara   Lara Dattelmelasse bietet eine gl\u00e4nzende Honigfarbe, eine viskose, fl\u00fcssige Textur und einen s\u00fc\u00dfen Geschmack, den jeder, der sie probiert, genie\u00dfen wird.Manche nennen es Dattelhonig oder Dattelpaste, und es ist eines der am h\u00e4ufigsten verwendeten Produkte bei der Zubereitung von S\u00fc\u00dfigkeiten und traditionellen Gerichten","og_url":"https:\/\/yasminfood.ch\/de\/product\/dattelmelasse-400g-lara\/","og_site_name":"Yasmin Food","article_publisher":"https:\/\/www.facebook.com\/yasminmarkt1","article_modified_time":"2025-06-19T22:49:09+00:00","og_image":[{"width":1080,"height":1080,"url":"https:\/\/yasminfood.ch\/wp-content\/uploads\/2025\/06\/\u062f\u0628\u0633-\u0627\u0644\u062a\u0645\u0631-400\u063a-\u0644\u0627\u0631\u0627-\u0639\u062f\u062f12.png","type":"image\/png"}],"twitter_card":"summary_large_image","twitter_misc":{"Preis":"5.95&nbsp;&#67;&#72;&#70;","Verf\u00fcgbarkeit":"Auf Lager"},"schema":{"@context":"https:\/\/schema.org","@graph":[{"@type":"WebPage","@id":"https:\/\/yasminfood.ch\/de\/product\/dattelmelasse-400g-lara\/","url":"https:\/\/yasminfood.ch\/de\/product\/dattelmelasse-400g-lara\/","name":"Dattelmelasse 400g Lara - Yasmin Food","isPartOf":{"@id":"https:\/\/yasminfood.ch\/de\/#website"},"primaryImageOfPage":{"@id":"https:\/\/yasminfood.ch\/de\/product\/dattelmelasse-400g-lara\/#primaryimage"},"image":{"@id":"https:\/\/yasminfood.ch\/de\/product\/dattelmelasse-400g-lara\/#primaryimage"},"thumbnailUrl":"https:\/\/yasminfood.ch\/wp-content\/uploads\/2025\/06\/\u062f\u0628\u0633-\u0627\u0644\u062a\u0645\u0631-400\u063a-\u0644\u0627\u0631\u0627-\u0639\u062f\u062f12.png","datePublished":"2025-06-01T11:33:43+00:00","dateModified":"2025-06-19T22:49:09+00:00","description":"Genie\u00dfen Sie die S\u00fc\u00dfe der Dattelmelasse 400g Lara, die reich an Vitaminen ist und f\u00fcr Diabetiker geeignet ist. Probieren Sie es jetzt aus und machen Sie Ihr Essen noch leckerer! Yasmin Food Dattelmelasse 400g Lara","breadcrumb":{"@id":"https:\/\/yasminfood.ch\/de\/product\/dattelmelasse-400g-lara\/#breadcrumb"},"inLanguage":"de","potentialAction":[{"@type":"ReadAction","target":["https:\/\/yasminfood.ch\/de\/product\/dattelmelasse-400g-lara\/"]}]},{"@type":"ImageObject","inLanguage":"de","@id":"https:\/\/yasminfood.ch\/de\/product\/dattelmelasse-400g-lara\/#primaryimage","url":"https:\/\/yasminfood.ch\/wp-content\/uploads\/2025\/06\/\u062f\u0628\u0633-\u0627\u0644\u062a\u0645\u0631-400\u063a-\u0644\u0627\u0631\u0627-\u0639\u062f\u062f12.png","contentUrl":"https:\/\/yasminfood.ch\/wp-content\/uploads\/2025\/06\/\u062f\u0628\u0633-\u0627\u0644\u062a\u0645\u0631-400\u063a-\u0644\u0627\u0631\u0627-\u0639\u062f\u062f12.png","width":1080,"height":1080,"caption":"Dattelmelasse 400g Lara"},{"@type":"BreadcrumbList","@id":"https:\/\/yasminfood.ch\/de\/product\/dattelmelasse-400g-lara\/#breadcrumb","itemListElement":[{"@type":"ListItem","position":1,"name":"\u0627\u0644\u0631\u0626\u064a\u0633\u064a\u0629","item":"https:\/\/yasminfood.ch\/de\/zuhause\/"},{"@type":"ListItem","position":2,"name":"Shop","item":"https:\/\/yasminfood.ch\/de\/shop\/"},{"@type":"ListItem","position":3,"name":"Konserven - Lebensmittel","item":"https:\/\/yasminfood.ch\/de\/produkt-kategorie\/konserven-lebensmittel\/"},{"@type":"ListItem","position":4,"name":"Granatapfelsirup - Dattelsirup","item":"https:\/\/yasminfood.ch\/de\/produkt-kategorie\/konserven-lebensmittel\/granatapfelsirup-dattelsirup\/"},{"@type":"ListItem","position":5,"name":"Dattelmelasse 400g Lara"}]},{"@type":"WebSite","@id":"https:\/\/yasminfood.ch\/de\/#website","url":"https:\/\/yasminfood.ch\/de\/","name":"\u064a\u0627\u0633\u0645\u064a\u0646 \u0645\u0627\u0631\u0643\u062a","description":"Alles, was Sie brauchen, an einem Ort","publisher":{"@id":"https:\/\/yasminfood.ch\/de\/#organization"},"alternateName":"Yasmin Food","potentialAction":[{"@type":"SearchAction","target":{"@type":"EntryPoint","urlTemplate":"https:\/\/yasminfood.ch\/de\/?s={search_term_string}"},"query-input":{"@type":"PropertyValueSpecification","valueRequired":true,"valueName":"search_term_string"}}],"inLanguage":"de"},{"@type":"Organization","@id":"https:\/\/yasminfood.ch\/de\/#organization","name":"\u064a\u0627\u0633\u0645\u064a\u0646 \u0645\u0627\u0631\u0643\u062a","alternateName":"Yasmin Food","url":"https:\/\/yasminfood.ch\/de\/","logo":{"@type":"ImageObject","inLanguage":"de","@id":"https:\/\/yasminfood.ch\/de\/#\/schema\/logo\/image\/","url":"https:\/\/yasminfood.ch\/wp-content\/uploads\/2025\/05\/yasmin-food-header-logo.png","contentUrl":"https:\/\/yasminfood.ch\/wp-content\/uploads\/2025\/05\/yasmin-food-header-logo.png","width":330,"height":120,"caption":"\u064a\u0627\u0633\u0645\u064a\u0646 \u0645\u0627\u0631\u0643\u062a"},"image":{"@id":"https:\/\/yasminfood.ch\/de\/#\/schema\/logo\/image\/"},"sameAs":["https:\/\/www.facebook.com\/yasminmarkt1","https:\/\/www.tiktok.com\/@yasminmarkt","https:\/\/www.instagram.com\/yasmin.markt1\/","https:\/\/api.whatsapp.com\/send\/?phone=41799000104"],"publishingPrinciples":"https:\/\/yasminfood.ch\/de\/shop\/","ownershipFundingInfo":"https:\/\/yasminfood.ch\/de\/shop\/"}]},"product_price_amount":"5.95","product_price_currency":"CHF","og_availability":"instock","product_availability":"instock","product_condition":"new"},"jetpack_sharing_enabled":true,"_links":{"self":[{"href":"https:\/\/yasminfood.ch\/de\/wp-json\/wp\/v2\/product\/116843","targetHints":{"allow":["GET"]}}],"collection":[{"href":"https:\/\/yasminfood.ch\/de\/wp-json\/wp\/v2\/product"}],"about":[{"href":"https:\/\/yasminfood.ch\/de\/wp-json\/wp\/v2\/types\/product"}],"replies":[{"embeddable":true,"href":"https:\/\/yasminfood.ch\/de\/wp-json\/wp\/v2\/comments?post=116843"}],"version-history":[{"count":0,"href":"https:\/\/yasminfood.ch\/de\/wp-json\/wp\/v2\/product\/116843\/revisions"}],"wp:featuredmedia":[{"embeddable":true,"href":"https:\/\/yasminfood.ch\/de\/wp-json\/wp\/v2\/media\/116839"}],"wp:attachment":[{"href":"https:\/\/yasminfood.ch\/de\/wp-json\/wp\/v2\/media?parent=116843"}],"wp:term":[{"taxonomy":"product_brand","embeddable":true,"href":"https:\/\/yasminfood.ch\/de\/wp-json\/wp\/v2\/product_brand?post=116843"},{"taxonomy":"product_cat","embeddable":true,"href":"https:\/\/yasminfood.ch\/de\/wp-json\/wp\/v2\/product_cat?post=116843"},{"taxonomy":"product_tag","embeddable":true,"href":"https:\/\/yasminfood.ch\/de\/wp-json\/wp\/v2\/product_tag?post=116843"}],"curies":[{"name":"wp","href":"https:\/\/api.w.org\/{rel}","templated":true}]}}