{"id":116857,"date":"2025-06-01T15:48:13","date_gmt":"2025-06-01T13:49:56","guid":{"rendered":"https:\/\/yasminfood.ch\/product\/weinblaetter-1000g-lara\/"},"modified":"2025-06-20T00:49:07","modified_gmt":"2025-06-19T22:49:07","slug":"weinblaetter-1000g-lara","status":"publish","type":"product","link":"https:\/\/yasminfood.ch\/de\/product\/weinblaetter-1000g-lara\/","title":{"rendered":"Weinbl\u00e4tter 1000g Lara"},"content":{"rendered":"<p ><strong>Weinbl\u00e4tter 1000g Lara<\/strong><\/p>\n<ul>\n<li  data-start=\"214\" data-end=\"425\"><em data-start=\"228\" data-end=\"234\">Lara<\/em> bietet Ihnen luxuri\u00f6se Weinbl\u00e4tter, die aus den feinsten, sorgf\u00e4ltig ausgew\u00e4hlten Weinbl\u00e4ttern zubereitet werden.<br data-start=\"290\" data-end=\"293\">Dieses Papier zeichnet sich durch seine nat\u00fcrliche gr\u00fcne Farbe und seine weiche Textur aus. <\/li>\n<li  data-start=\"214\" data-end=\"425\">Seine ideale Gr\u00f6\u00dfe zum Bef\u00fcllen macht ihn zur perfekten Wahl f\u00fcr alle, die Qualit\u00e4t und Komfort beim Kochen suchen <\/li>\n<li  data-start=\"214\" data-end=\"425\">Geeignet f\u00fcr die Zubereitung von Yalangi, Dolma und anderen traditionellen orientalischen Gerichten. <\/li>\n<li data-start=\"214\" data-end=\"425\">\n<\/li>\n<\/ul>\n<p>&nbsp;<\/p>\n","protected":false},"excerpt":{"rendered":"<p class=\"ai-optimize-26 ai-optimize-introduction\"><strong>Weinbl\u00e4tter 1000g Lara<\/strong><\/p>\n<ul>\n<li class=\"ai-optimize-32\" data-start=\"214\" data-end=\"425\"><em data-start=\"228\" data-end=\"234\">Lara<\/em> bietet Ihnen luxuri\u00f6se Weinbl\u00e4tter, die aus den feinsten, sorgf\u00e4ltig ausgew\u00e4hlten Weinbl\u00e4ttern zubereitet werden.<br data-start=\"290\" data-end=\"293\">Dieses Papier zeichnet sich durch seine nat\u00fcrliche gr\u00fcne Farbe und seine weiche Textur aus. <\/li>\n<li class=\"ai-optimize-32\" data-start=\"214\" data-end=\"425\">Seine ideale Gr\u00f6\u00dfe zum Bef\u00fcllen macht ihn zur perfekten Wahl f\u00fcr alle, die Qualit\u00e4t und Komfort beim Kochen suchen <\/li>\n<li class=\"ai-optimize-34\" data-start=\"214\" data-end=\"425\">Hergestellt aus weichen, d\u00fcnnen Bl\u00e4ttern, die das Rollen erleichtern und den Geschmack behalten<\/li>\n<\/ul>\n","protected":false},"featured_media":116850,"comment_status":"open","ping_status":"closed","template":"","meta":[],"product_brand":[2324],"product_cat":[257,293,245],"product_tag":[2263],"class_list":{"0":"post-116857","1":"product","2":"type-product","3":"status-publish","4":"has-post-thumbnail","6":"product_brand-lara-de","7":"product_cat-eingelegtes-gemuse","8":"product_cat-gefuellte-weinblaetter-traubenblaetter","9":"product_cat-konserven-lebensmittel","10":"product_tag-weinblatter","12":"first","13":"outofstock","14":"taxable","15":"shipping-taxable","16":"purchasable","17":"product-type-simple"},"yoast_head":"<!-- This site is optimized with the Yoast SEO Premium plugin v26.5 (Yoast SEO v27.5) - https:\/\/yoast.com\/product\/yoast-seo-premium-wordpress\/ -->\n<title>Weinbl\u00e4tter 1000g Lara - Yasmin Food<\/title>\n<meta name=\"description\" content=\"Genie\u00dfen Sie k\u00f6stliche K\u00fcche mit 1000 g Lara-Weinbl\u00e4ttern, die aus den am besten ausgew\u00e4hlten Bl\u00e4ttern zubereitet werden. Holen Sie sich jetzt Ihren Komfort und Ihre Qualit\u00e4t in der K\u00fcche! Yasmin Food\" \/>\n<meta name=\"robots\" content=\"index, follow, max-snippet:-1, max-image-preview:large, max-video-preview:-1\" \/>\n<link rel=\"canonical\" href=\"https:\/\/yasminfood.ch\/de\/product\/weinblaetter-1000g-lara\/\" \/>\n<meta property=\"og:locale\" content=\"de_DE\" \/>\n<meta property=\"og:type\" content=\"article\" \/>\n<meta property=\"og:title\" content=\"Weinbl\u00e4tter 1000g Lara\" \/>\n<meta property=\"og:description\" content=\"Weinbl\u00e4tter 1000g Lara   Lara bietet Ihnen luxuri\u00f6se Weinbl\u00e4tter, die aus den feinsten, sorgf\u00e4ltig ausgew\u00e4hlten Weinbl\u00e4ttern zubereitet werden.Dieses Papier zeichnet sich durch seine nat\u00fcrliche gr\u00fcne Farbe und seine weiche Textur aus.  Seine ideale Gr\u00f6\u00dfe zum Bef\u00fcllen macht ihn zur perfekten Wahl f\u00fcr alle, die Qualit\u00e4t und Komfort beim Kochen suchen  Hergestellt aus weichen, d\u00fcnnen Bl\u00e4ttern, die das Rollen erleichtern und den Geschmack behalten\" \/>\n<meta property=\"og:url\" content=\"https:\/\/yasminfood.ch\/de\/product\/weinblaetter-1000g-lara\/\" \/>\n<meta property=\"og:site_name\" content=\"Yasmin Food\" \/>\n<meta property=\"article:publisher\" content=\"https:\/\/www.facebook.com\/yasminmarkt1\" \/>\n<meta property=\"article:modified_time\" content=\"2025-06-19T22:49:07+00:00\" \/>\n<meta property=\"og:image\" content=\"https:\/\/yasminfood.ch\/wp-content\/uploads\/2025\/06\/Grape_leaves_LARA_1000Gr-1.jpg\" \/>\n\t<meta property=\"og:image:width\" content=\"800\" \/>\n\t<meta property=\"og:image:height\" content=\"800\" \/>\n\t<meta property=\"og:image:type\" content=\"image\/jpeg\" \/>\n<meta name=\"twitter:card\" content=\"summary_large_image\" \/>\n<meta name=\"twitter:label1\" content=\"Preis\" \/>\n\t<meta name=\"twitter:data1\" content=\"5.95&nbsp;&#067;&#072;&#070;\" \/>\n\t<meta name=\"twitter:label2\" content=\"Verf\u00fcgbarkeit\" \/>\n\t<meta name=\"twitter:data2\" content=\"ausverkauft\" \/>\n<script type=\"application\/ld+json\" class=\"yoast-schema-graph\">{\"@context\":\"https:\\\/\\\/schema.org\",\"@graph\":[{\"@type\":\"WebPage\",\"@id\":\"https:\\\/\\\/yasminfood.ch\\\/de\\\/product\\\/weinblaetter-1000g-lara\\\/\",\"url\":\"https:\\\/\\\/yasminfood.ch\\\/de\\\/product\\\/weinblaetter-1000g-lara\\\/\",\"name\":\"Weinbl\u00e4tter 1000g Lara - Yasmin Food\",\"isPartOf\":{\"@id\":\"https:\\\/\\\/yasminfood.ch\\\/de\\\/#website\"},\"primaryImageOfPage\":{\"@id\":\"https:\\\/\\\/yasminfood.ch\\\/de\\\/product\\\/weinblaetter-1000g-lara\\\/#primaryimage\"},\"image\":{\"@id\":\"https:\\\/\\\/yasminfood.ch\\\/de\\\/product\\\/weinblaetter-1000g-lara\\\/#primaryimage\"},\"thumbnailUrl\":\"https:\\\/\\\/yasminfood.ch\\\/wp-content\\\/uploads\\\/2025\\\/06\\\/Grape_leaves_LARA_1000Gr-1.jpg\",\"datePublished\":\"2025-06-01T13:49:56+00:00\",\"dateModified\":\"2025-06-19T22:49:07+00:00\",\"description\":\"Genie\u00dfen Sie k\u00f6stliche K\u00fcche mit 1000 g Lara-Weinbl\u00e4ttern, die aus den am besten ausgew\u00e4hlten Bl\u00e4ttern zubereitet werden. Holen Sie sich jetzt Ihren Komfort und Ihre Qualit\u00e4t in der K\u00fcche! Yasmin Food\",\"breadcrumb\":{\"@id\":\"https:\\\/\\\/yasminfood.ch\\\/de\\\/product\\\/weinblaetter-1000g-lara\\\/#breadcrumb\"},\"inLanguage\":\"de\",\"potentialAction\":[{\"@type\":\"ReadAction\",\"target\":[\"https:\\\/\\\/yasminfood.ch\\\/de\\\/product\\\/weinblaetter-1000g-lara\\\/\"]}]},{\"@type\":\"ImageObject\",\"inLanguage\":\"de\",\"@id\":\"https:\\\/\\\/yasminfood.ch\\\/de\\\/product\\\/weinblaetter-1000g-lara\\\/#primaryimage\",\"url\":\"https:\\\/\\\/yasminfood.ch\\\/wp-content\\\/uploads\\\/2025\\\/06\\\/Grape_leaves_LARA_1000Gr-1.jpg\",\"contentUrl\":\"https:\\\/\\\/yasminfood.ch\\\/wp-content\\\/uploads\\\/2025\\\/06\\\/Grape_leaves_LARA_1000Gr-1.jpg\",\"width\":800,\"height\":800,\"caption\":\"Weinbl\u00e4tter 1000g Lara\"},{\"@type\":\"BreadcrumbList\",\"@id\":\"https:\\\/\\\/yasminfood.ch\\\/de\\\/product\\\/weinblaetter-1000g-lara\\\/#breadcrumb\",\"itemListElement\":[{\"@type\":\"ListItem\",\"position\":1,\"name\":\"\u0627\u0644\u0631\u0626\u064a\u0633\u064a\u0629\",\"item\":\"https:\\\/\\\/yasminfood.ch\\\/de\\\/zuhause\\\/\"},{\"@type\":\"ListItem\",\"position\":2,\"name\":\"Shop\",\"item\":\"https:\\\/\\\/yasminfood.ch\\\/de\\\/shop\\\/\"},{\"@type\":\"ListItem\",\"position\":3,\"name\":\"Konserven - Lebensmittel\",\"item\":\"https:\\\/\\\/yasminfood.ch\\\/de\\\/produkt-kategorie\\\/konserven-lebensmittel\\\/\"},{\"@type\":\"ListItem\",\"position\":4,\"name\":\"Weinbl\u00e4tter 1000g Lara\"}]},{\"@type\":\"WebSite\",\"@id\":\"https:\\\/\\\/yasminfood.ch\\\/de\\\/#website\",\"url\":\"https:\\\/\\\/yasminfood.ch\\\/de\\\/\",\"name\":\"\u064a\u0627\u0633\u0645\u064a\u0646 \u0645\u0627\u0631\u0643\u062a\",\"description\":\"Alles, was Sie brauchen, an einem Ort\",\"publisher\":{\"@id\":\"https:\\\/\\\/yasminfood.ch\\\/de\\\/#organization\"},\"alternateName\":\"Yasmin Food\",\"potentialAction\":[{\"@type\":\"SearchAction\",\"target\":{\"@type\":\"EntryPoint\",\"urlTemplate\":\"https:\\\/\\\/yasminfood.ch\\\/de\\\/?s={search_term_string}\"},\"query-input\":{\"@type\":\"PropertyValueSpecification\",\"valueRequired\":true,\"valueName\":\"search_term_string\"}}],\"inLanguage\":\"de\"},{\"@type\":\"Organization\",\"@id\":\"https:\\\/\\\/yasminfood.ch\\\/de\\\/#organization\",\"name\":\"\u064a\u0627\u0633\u0645\u064a\u0646 \u0645\u0627\u0631\u0643\u062a\",\"alternateName\":\"Yasmin Food\",\"url\":\"https:\\\/\\\/yasminfood.ch\\\/de\\\/\",\"logo\":{\"@type\":\"ImageObject\",\"inLanguage\":\"de\",\"@id\":\"https:\\\/\\\/yasminfood.ch\\\/de\\\/#\\\/schema\\\/logo\\\/image\\\/\",\"url\":\"https:\\\/\\\/yasminfood.ch\\\/wp-content\\\/uploads\\\/2025\\\/05\\\/yasmin-food-header-logo.png\",\"contentUrl\":\"https:\\\/\\\/yasminfood.ch\\\/wp-content\\\/uploads\\\/2025\\\/05\\\/yasmin-food-header-logo.png\",\"width\":330,\"height\":120,\"caption\":\"\u064a\u0627\u0633\u0645\u064a\u0646 \u0645\u0627\u0631\u0643\u062a\"},\"image\":{\"@id\":\"https:\\\/\\\/yasminfood.ch\\\/de\\\/#\\\/schema\\\/logo\\\/image\\\/\"},\"sameAs\":[\"https:\\\/\\\/www.facebook.com\\\/yasminmarkt1\",\"https:\\\/\\\/www.tiktok.com\\\/@yasminmarkt\",\"https:\\\/\\\/www.instagram.com\\\/yasmin.markt1\\\/\",\"https:\\\/\\\/api.whatsapp.com\\\/send\\\/?phone=41799000104\"],\"publishingPrinciples\":\"https:\\\/\\\/yasminfood.ch\\\/de\\\/shop\\\/\",\"ownershipFundingInfo\":\"https:\\\/\\\/yasminfood.ch\\\/de\\\/shop\\\/\"}]}<\/script>\n<meta property=\"product:price:amount\" content=\"5.95\" \/>\n<meta property=\"product:price:currency\" content=\"CHF\" \/>\n<meta property=\"og:availability\" content=\"out of stock\" \/>\n<meta property=\"product:availability\" content=\"out of stock\" \/>\n<meta property=\"product:condition\" content=\"new\" \/>\n<!-- \/ Yoast SEO Premium plugin. -->","yoast_head_json":{"title":"Weinbl\u00e4tter 1000g Lara - Yasmin Food","description":"Genie\u00dfen Sie k\u00f6stliche K\u00fcche mit 1000 g Lara-Weinbl\u00e4ttern, die aus den am besten ausgew\u00e4hlten Bl\u00e4ttern zubereitet werden. Holen Sie sich jetzt Ihren Komfort und Ihre Qualit\u00e4t in der K\u00fcche! Yasmin Food","robots":{"index":"index","follow":"follow","max-snippet":"max-snippet:-1","max-image-preview":"max-image-preview:large","max-video-preview":"max-video-preview:-1"},"canonical":"https:\/\/yasminfood.ch\/de\/product\/weinblaetter-1000g-lara\/","og_locale":"de_DE","og_type":"article","og_title":"Weinbl\u00e4tter 1000g Lara","og_description":"Weinbl\u00e4tter 1000g Lara   Lara bietet Ihnen luxuri\u00f6se Weinbl\u00e4tter, die aus den feinsten, sorgf\u00e4ltig ausgew\u00e4hlten Weinbl\u00e4ttern zubereitet werden.Dieses Papier zeichnet sich durch seine nat\u00fcrliche gr\u00fcne Farbe und seine weiche Textur aus.  Seine ideale Gr\u00f6\u00dfe zum Bef\u00fcllen macht ihn zur perfekten Wahl f\u00fcr alle, die Qualit\u00e4t und Komfort beim Kochen suchen  Hergestellt aus weichen, d\u00fcnnen Bl\u00e4ttern, die das Rollen erleichtern und den Geschmack behalten","og_url":"https:\/\/yasminfood.ch\/de\/product\/weinblaetter-1000g-lara\/","og_site_name":"Yasmin Food","article_publisher":"https:\/\/www.facebook.com\/yasminmarkt1","article_modified_time":"2025-06-19T22:49:07+00:00","og_image":[{"width":800,"height":800,"url":"https:\/\/yasminfood.ch\/wp-content\/uploads\/2025\/06\/Grape_leaves_LARA_1000Gr-1.jpg","type":"image\/jpeg"}],"twitter_card":"summary_large_image","twitter_misc":{"Preis":"5.95&nbsp;&#67;&#72;&#70;","Verf\u00fcgbarkeit":"ausverkauft"},"schema":{"@context":"https:\/\/schema.org","@graph":[{"@type":"WebPage","@id":"https:\/\/yasminfood.ch\/de\/product\/weinblaetter-1000g-lara\/","url":"https:\/\/yasminfood.ch\/de\/product\/weinblaetter-1000g-lara\/","name":"Weinbl\u00e4tter 1000g Lara - Yasmin Food","isPartOf":{"@id":"https:\/\/yasminfood.ch\/de\/#website"},"primaryImageOfPage":{"@id":"https:\/\/yasminfood.ch\/de\/product\/weinblaetter-1000g-lara\/#primaryimage"},"image":{"@id":"https:\/\/yasminfood.ch\/de\/product\/weinblaetter-1000g-lara\/#primaryimage"},"thumbnailUrl":"https:\/\/yasminfood.ch\/wp-content\/uploads\/2025\/06\/Grape_leaves_LARA_1000Gr-1.jpg","datePublished":"2025-06-01T13:49:56+00:00","dateModified":"2025-06-19T22:49:07+00:00","description":"Genie\u00dfen Sie k\u00f6stliche K\u00fcche mit 1000 g Lara-Weinbl\u00e4ttern, die aus den am besten ausgew\u00e4hlten Bl\u00e4ttern zubereitet werden. Holen Sie sich jetzt Ihren Komfort und Ihre Qualit\u00e4t in der K\u00fcche! Yasmin Food","breadcrumb":{"@id":"https:\/\/yasminfood.ch\/de\/product\/weinblaetter-1000g-lara\/#breadcrumb"},"inLanguage":"de","potentialAction":[{"@type":"ReadAction","target":["https:\/\/yasminfood.ch\/de\/product\/weinblaetter-1000g-lara\/"]}]},{"@type":"ImageObject","inLanguage":"de","@id":"https:\/\/yasminfood.ch\/de\/product\/weinblaetter-1000g-lara\/#primaryimage","url":"https:\/\/yasminfood.ch\/wp-content\/uploads\/2025\/06\/Grape_leaves_LARA_1000Gr-1.jpg","contentUrl":"https:\/\/yasminfood.ch\/wp-content\/uploads\/2025\/06\/Grape_leaves_LARA_1000Gr-1.jpg","width":800,"height":800,"caption":"Weinbl\u00e4tter 1000g Lara"},{"@type":"BreadcrumbList","@id":"https:\/\/yasminfood.ch\/de\/product\/weinblaetter-1000g-lara\/#breadcrumb","itemListElement":[{"@type":"ListItem","position":1,"name":"\u0627\u0644\u0631\u0626\u064a\u0633\u064a\u0629","item":"https:\/\/yasminfood.ch\/de\/zuhause\/"},{"@type":"ListItem","position":2,"name":"Shop","item":"https:\/\/yasminfood.ch\/de\/shop\/"},{"@type":"ListItem","position":3,"name":"Konserven - Lebensmittel","item":"https:\/\/yasminfood.ch\/de\/produkt-kategorie\/konserven-lebensmittel\/"},{"@type":"ListItem","position":4,"name":"Weinbl\u00e4tter 1000g Lara"}]},{"@type":"WebSite","@id":"https:\/\/yasminfood.ch\/de\/#website","url":"https:\/\/yasminfood.ch\/de\/","name":"\u064a\u0627\u0633\u0645\u064a\u0646 \u0645\u0627\u0631\u0643\u062a","description":"Alles, was Sie brauchen, an einem Ort","publisher":{"@id":"https:\/\/yasminfood.ch\/de\/#organization"},"alternateName":"Yasmin Food","potentialAction":[{"@type":"SearchAction","target":{"@type":"EntryPoint","urlTemplate":"https:\/\/yasminfood.ch\/de\/?s={search_term_string}"},"query-input":{"@type":"PropertyValueSpecification","valueRequired":true,"valueName":"search_term_string"}}],"inLanguage":"de"},{"@type":"Organization","@id":"https:\/\/yasminfood.ch\/de\/#organization","name":"\u064a\u0627\u0633\u0645\u064a\u0646 \u0645\u0627\u0631\u0643\u062a","alternateName":"Yasmin Food","url":"https:\/\/yasminfood.ch\/de\/","logo":{"@type":"ImageObject","inLanguage":"de","@id":"https:\/\/yasminfood.ch\/de\/#\/schema\/logo\/image\/","url":"https:\/\/yasminfood.ch\/wp-content\/uploads\/2025\/05\/yasmin-food-header-logo.png","contentUrl":"https:\/\/yasminfood.ch\/wp-content\/uploads\/2025\/05\/yasmin-food-header-logo.png","width":330,"height":120,"caption":"\u064a\u0627\u0633\u0645\u064a\u0646 \u0645\u0627\u0631\u0643\u062a"},"image":{"@id":"https:\/\/yasminfood.ch\/de\/#\/schema\/logo\/image\/"},"sameAs":["https:\/\/www.facebook.com\/yasminmarkt1","https:\/\/www.tiktok.com\/@yasminmarkt","https:\/\/www.instagram.com\/yasmin.markt1\/","https:\/\/api.whatsapp.com\/send\/?phone=41799000104"],"publishingPrinciples":"https:\/\/yasminfood.ch\/de\/shop\/","ownershipFundingInfo":"https:\/\/yasminfood.ch\/de\/shop\/"}]},"product_price_amount":"5.95","product_price_currency":"CHF","og_availability":"out of stock","product_availability":"out of stock","product_condition":"new"},"jetpack_sharing_enabled":true,"_links":{"self":[{"href":"https:\/\/yasminfood.ch\/de\/wp-json\/wp\/v2\/product\/116857","targetHints":{"allow":["GET"]}}],"collection":[{"href":"https:\/\/yasminfood.ch\/de\/wp-json\/wp\/v2\/product"}],"about":[{"href":"https:\/\/yasminfood.ch\/de\/wp-json\/wp\/v2\/types\/product"}],"replies":[{"embeddable":true,"href":"https:\/\/yasminfood.ch\/de\/wp-json\/wp\/v2\/comments?post=116857"}],"version-history":[{"count":0,"href":"https:\/\/yasminfood.ch\/de\/wp-json\/wp\/v2\/product\/116857\/revisions"}],"wp:featuredmedia":[{"embeddable":true,"href":"https:\/\/yasminfood.ch\/de\/wp-json\/wp\/v2\/media\/116850"}],"wp:attachment":[{"href":"https:\/\/yasminfood.ch\/de\/wp-json\/wp\/v2\/media?parent=116857"}],"wp:term":[{"taxonomy":"product_brand","embeddable":true,"href":"https:\/\/yasminfood.ch\/de\/wp-json\/wp\/v2\/product_brand?post=116857"},{"taxonomy":"product_cat","embeddable":true,"href":"https:\/\/yasminfood.ch\/de\/wp-json\/wp\/v2\/product_cat?post=116857"},{"taxonomy":"product_tag","embeddable":true,"href":"https:\/\/yasminfood.ch\/de\/wp-json\/wp\/v2\/product_tag?post=116857"}],"curies":[{"name":"wp","href":"https:\/\/api.w.org\/{rel}","templated":true}]}}