{"id":116865,"date":"2025-06-01T20:40:57","date_gmt":"2025-06-01T18:40:57","guid":{"rendered":"https:\/\/yasminfood.ch\/product\/kiosk-500g-redur\/"},"modified":"2025-06-20T00:49:04","modified_gmt":"2025-06-19T22:49:04","slug":"kiosk-500g-redur","status":"publish","type":"product","link":"https:\/\/yasminfood.ch\/de\/product\/kiosk-500g-redur\/","title":{"rendered":"Kiosk 500g Redur"},"content":{"rendered":"<p ><strong>Kiosk 500g Redur<\/strong><\/p>\n<ul>\n<li >\n<p  data-start=\"204\" data-end=\"334\">Der Kiosk ist ein traditionelles Lebensmittel, das reich an N\u00e4hrwerten und einzigartigem Geschmack ist<\/p>\n<\/li>\n<li >\n<p  data-start=\"204\" data-end=\"334\"><em data-start=\"289\" data-end=\"296\">Redur<\/em> bietet es Ihnen mit hoher Qualit\u00e4t und einem authentischen Geschmack, der aus dem Erbe stammt.<\/p>\n<p  data-start=\"336\" data-end=\"478\">Redur bereitete den Stand mit Milchpulver und hochwertigem Bulgur vor<\/p>\n<\/li>\n<li >\n<p  data-start=\"336\" data-end=\"478\">Beim Trocknen und Mahlen wurden sorgf\u00e4ltige Schritte befolgt, um einen ausgewogenen Geschmack und eine glatte, einfach anzuwendende Textur zu gew\u00e4hrleisten.<\/p>\n<\/li>\n<li >\n<h3  data-start=\"480\" data-end=\"513\"><strong data-start=\"487\" data-end=\"513\">Warum sollten Sie sich f\u00fcr den Redur-Kiosk entscheiden?<\/strong><\/h3>\n<ul data-start=\"514\" data-end=\"734\">\n<li  data-start=\"514\" data-end=\"547\">\n<p  data-start=\"516\" data-end=\"547\">Sofort einsatzbereit beim Kochen.<\/p>\n<\/li>\n<li  data-start=\"548\" data-end=\"595\">\n<p  data-start=\"550\" data-end=\"595\">Hergestellt aus 100% nat\u00fcrlichen Inhaltsstoffen<\/p>\n<\/li>\n<li  data-start=\"596\" data-end=\"637\">\n<p  data-start=\"598\" data-end=\"637\">Reich an Proteinen und Mineralien, die f\u00fcr den K\u00f6rper von Vorteil sind.<\/p>\n<\/li>\n<li  data-start=\"638\" data-end=\"689\">\n<p  data-start=\"640\" data-end=\"689\">Es verleiht Kishk-Gerichten oder Suppen einen k\u00f6stlichen traditionellen Geschmack.<\/p>\n<\/li>\n<li  data-start=\"690\" data-end=\"734\">\n<p  data-start=\"692\" data-end=\"734\">Frei von Konservierungsstoffen und k\u00fcnstlichen Farbstoffen<\/p>\n<\/li>\n<\/ul>\n<p  data-start=\"736\" data-end=\"848\">Sie k\u00f6nnen es verwenden, um das ber\u00fchmte warme Kioskgericht zuzubereiten, oder es zu Suppen und Dorfessen hinzuf\u00fcgen, um den Geschmack und die N\u00fctzlichkeit zu erh\u00f6hen. <\/p>\n<h3  data-start=\"850\" data-end=\"880\">\ud83e\udd44 Zubereitungsart (empfohlen):<\/h3>\n<ol data-start=\"881\" data-end=\"1043\">\n<li  data-start=\"881\" data-end=\"928\">\n<p  data-start=\"884\" data-end=\"928\">Geben Sie 2 Essl\u00f6ffel Kiosk in eine Tasse hei\u00dfes Wasser.<\/p>\n<\/li>\n<li  data-start=\"929\" data-end=\"959\">\n<p  data-start=\"932\" data-end=\"959\">Gut umr\u00fchren, bis es sich vollst\u00e4ndig aufgel\u00f6st hat.<\/p>\n<\/li>\n<li  data-start=\"960\" data-end=\"1001\">\n<p  data-start=\"963\" data-end=\"1001\">Bei schwacher Hitze unter st\u00e4ndigem R\u00fchren kochen.<\/p>\n<\/li>\n<li  data-start=\"1002\" data-end=\"1043\">\n<p  data-start=\"1005\" data-end=\"1043\">Mit Knoblauch oder R\u00f6stzwiebeln abschmecken<\/p>\n<\/li>\n<\/ol>\n<\/li>\n<\/ul>\n","protected":false},"excerpt":{"rendered":"<p class=\"ai-optimize-28 ai-optimize-introduction\"><strong>Kiosk 500g Redur<\/strong><\/p>\n<ul>\n<li class=\"ai-optimize-29\">\n<p class=\"ai-optimize-30\" data-start=\"204\" data-end=\"334\">Der Kiosk ist ein traditionelles Lebensmittel, das reich an N\u00e4hrwerten und einzigartigem Geschmack ist<\/p>\n<\/li>\n<li class=\"ai-optimize-29\">\n<p class=\"ai-optimize-30\" data-start=\"204\" data-end=\"334\"><em data-start=\"289\" data-end=\"296\">Redur<\/em> bietet es Ihnen mit hoher Qualit\u00e4t und einem authentischen Geschmack, der aus dem Erbe stammt.<\/p>\n<p class=\"ai-optimize-31\" data-start=\"336\" data-end=\"478\">Redur bereitete den Stand mit Milchpulver und hochwertigem Bulgur vor<\/p>\n<\/li>\n<li class=\"ai-optimize-29\">\n<p class=\"ai-optimize-31\" data-start=\"336\" data-end=\"478\">Beim Trocknen und Mahlen wurden sorgf\u00e4ltige Schritte befolgt, um einen ausgewogenen Geschmack und eine glatte, einfach anzuwendende Textur zu gew\u00e4hrleisten.<\/p>\n<\/li>\n<\/ul>\n","protected":false},"featured_media":116862,"comment_status":"open","ping_status":"closed","template":"","meta":[],"product_brand":[],"product_cat":[341,295,320],"product_tag":[2266],"class_list":{"0":"post-116865","1":"product","2":"type-product","3":"status-publish","4":"has-post-thumbnail","6":"product_cat-keshk-de","7":"product_cat-milchprodukte-und-eier","8":"product_cat-reis-getreide","9":"product_tag-ausgezeichneter-stadtischer-kiosk","11":"first","12":"outofstock","13":"taxable","14":"shipping-taxable","15":"purchasable","16":"product-type-simple"},"yoast_head":"<!-- This site is optimized with the Yoast SEO Premium plugin v26.5 (Yoast SEO v27.5) - https:\/\/yoast.com\/product\/yoast-seo-premium-wordpress\/ -->\n<title>Kiosk 500g Redur: Authentischer Geschmack und hoher N\u00e4hrwert - Yasmin Food<\/title>\n<meta name=\"description\" content=\"Genie\u00dfen Sie den traditionellen Geschmack mit dem 500g Redur Kiosk, der reich an n\u00fctzlichen Proteinen und Mineralien ist. Sofort einsatzbereit, holen Sie es sich jetzt! Yasmin Food\" \/>\n<meta name=\"robots\" content=\"index, follow, max-snippet:-1, max-image-preview:large, max-video-preview:-1\" \/>\n<link rel=\"canonical\" href=\"https:\/\/yasminfood.ch\/de\/product\/kiosk-500g-redur\/\" \/>\n<meta property=\"og:locale\" content=\"de_DE\" \/>\n<meta property=\"og:type\" content=\"article\" \/>\n<meta property=\"og:title\" content=\"Kiosk 500g Redur\" \/>\n<meta property=\"og:description\" content=\"Kiosk 500g Redur   Der Kiosk ist ein traditionelles Lebensmittel, das reich an N\u00e4hrwerten und einzigartigem Geschmack ist   Redur bietet es Ihnen mit hoher Qualit\u00e4t und einem authentischen Geschmack, der aus dem Erbe stammt. Redur bereitete den Stand mit Milchpulver und hochwertigem Bulgur vor   Beim Trocknen und Mahlen wurden sorgf\u00e4ltige Schritte befolgt, um einen ausgewogenen Geschmack und eine glatte, einfach anzuwendende Textur zu gew\u00e4hrleisten.\" \/>\n<meta property=\"og:url\" content=\"https:\/\/yasminfood.ch\/de\/product\/kiosk-500g-redur\/\" \/>\n<meta property=\"og:site_name\" content=\"Yasmin Food\" \/>\n<meta property=\"article:publisher\" content=\"https:\/\/www.facebook.com\/yasminmarkt1\" \/>\n<meta property=\"article:modified_time\" content=\"2025-06-19T22:49:04+00:00\" \/>\n<meta property=\"og:image\" content=\"https:\/\/yasminfood.ch\/wp-content\/uploads\/2025\/06\/\u0643\u0634\u0643-500\u063a-Redur.png\" \/>\n\t<meta property=\"og:image:width\" content=\"1080\" \/>\n\t<meta property=\"og:image:height\" content=\"1080\" \/>\n\t<meta property=\"og:image:type\" content=\"image\/png\" \/>\n<meta name=\"twitter:card\" content=\"summary_large_image\" \/>\n<meta name=\"twitter:label1\" content=\"Preis\" \/>\n\t<meta name=\"twitter:data1\" content=\"9.50&nbsp;&#067;&#072;&#070;\" \/>\n\t<meta name=\"twitter:label2\" content=\"Verf\u00fcgbarkeit\" \/>\n\t<meta name=\"twitter:data2\" content=\"ausverkauft\" \/>\n<script type=\"application\/ld+json\" class=\"yoast-schema-graph\">{\"@context\":\"https:\\\/\\\/schema.org\",\"@graph\":[{\"@type\":\"WebPage\",\"@id\":\"https:\\\/\\\/yasminfood.ch\\\/de\\\/product\\\/kiosk-500g-redur\\\/\",\"url\":\"https:\\\/\\\/yasminfood.ch\\\/de\\\/product\\\/kiosk-500g-redur\\\/\",\"name\":\"Kiosk 500g Redur: Authentischer Geschmack und hoher N\u00e4hrwert - Yasmin Food\",\"isPartOf\":{\"@id\":\"https:\\\/\\\/yasminfood.ch\\\/de\\\/#website\"},\"primaryImageOfPage\":{\"@id\":\"https:\\\/\\\/yasminfood.ch\\\/de\\\/product\\\/kiosk-500g-redur\\\/#primaryimage\"},\"image\":{\"@id\":\"https:\\\/\\\/yasminfood.ch\\\/de\\\/product\\\/kiosk-500g-redur\\\/#primaryimage\"},\"thumbnailUrl\":\"https:\\\/\\\/yasminfood.ch\\\/wp-content\\\/uploads\\\/2025\\\/06\\\/\u0643\u0634\u0643-500\u063a-Redur.png\",\"datePublished\":\"2025-06-01T18:40:57+00:00\",\"dateModified\":\"2025-06-19T22:49:04+00:00\",\"description\":\"Genie\u00dfen Sie den traditionellen Geschmack mit dem 500g Redur Kiosk, der reich an n\u00fctzlichen Proteinen und Mineralien ist. Sofort einsatzbereit, holen Sie es sich jetzt! Yasmin Food\",\"breadcrumb\":{\"@id\":\"https:\\\/\\\/yasminfood.ch\\\/de\\\/product\\\/kiosk-500g-redur\\\/#breadcrumb\"},\"inLanguage\":\"de\",\"potentialAction\":[{\"@type\":\"ReadAction\",\"target\":[\"https:\\\/\\\/yasminfood.ch\\\/de\\\/product\\\/kiosk-500g-redur\\\/\"]}]},{\"@type\":\"ImageObject\",\"inLanguage\":\"de\",\"@id\":\"https:\\\/\\\/yasminfood.ch\\\/de\\\/product\\\/kiosk-500g-redur\\\/#primaryimage\",\"url\":\"https:\\\/\\\/yasminfood.ch\\\/wp-content\\\/uploads\\\/2025\\\/06\\\/\u0643\u0634\u0643-500\u063a-Redur.png\",\"contentUrl\":\"https:\\\/\\\/yasminfood.ch\\\/wp-content\\\/uploads\\\/2025\\\/06\\\/\u0643\u0634\u0643-500\u063a-Redur.png\",\"width\":1080,\"height\":1080,\"caption\":\"Kiosk 500g Redur\"},{\"@type\":\"BreadcrumbList\",\"@id\":\"https:\\\/\\\/yasminfood.ch\\\/de\\\/product\\\/kiosk-500g-redur\\\/#breadcrumb\",\"itemListElement\":[{\"@type\":\"ListItem\",\"position\":1,\"name\":\"\u0627\u0644\u0631\u0626\u064a\u0633\u064a\u0629\",\"item\":\"https:\\\/\\\/yasminfood.ch\\\/de\\\/zuhause\\\/\"},{\"@type\":\"ListItem\",\"position\":2,\"name\":\"Shop\",\"item\":\"https:\\\/\\\/yasminfood.ch\\\/de\\\/shop\\\/\"},{\"@type\":\"ListItem\",\"position\":3,\"name\":\"Reis &amp; Getreide\",\"item\":\"https:\\\/\\\/yasminfood.ch\\\/de\\\/produkt-kategorie\\\/reis-getreide\\\/\"},{\"@type\":\"ListItem\",\"position\":4,\"name\":\"Keshk\",\"item\":\"https:\\\/\\\/yasminfood.ch\\\/de\\\/produkt-kategorie\\\/reis-getreide\\\/keshk-de\\\/\"},{\"@type\":\"ListItem\",\"position\":5,\"name\":\"Kiosk 500g Redur\"}]},{\"@type\":\"WebSite\",\"@id\":\"https:\\\/\\\/yasminfood.ch\\\/de\\\/#website\",\"url\":\"https:\\\/\\\/yasminfood.ch\\\/de\\\/\",\"name\":\"\u064a\u0627\u0633\u0645\u064a\u0646 \u0645\u0627\u0631\u0643\u062a\",\"description\":\"Alles, was Sie brauchen, an einem Ort\",\"publisher\":{\"@id\":\"https:\\\/\\\/yasminfood.ch\\\/de\\\/#organization\"},\"alternateName\":\"Yasmin Food\",\"potentialAction\":[{\"@type\":\"SearchAction\",\"target\":{\"@type\":\"EntryPoint\",\"urlTemplate\":\"https:\\\/\\\/yasminfood.ch\\\/de\\\/?s={search_term_string}\"},\"query-input\":{\"@type\":\"PropertyValueSpecification\",\"valueRequired\":true,\"valueName\":\"search_term_string\"}}],\"inLanguage\":\"de\"},{\"@type\":\"Organization\",\"@id\":\"https:\\\/\\\/yasminfood.ch\\\/de\\\/#organization\",\"name\":\"\u064a\u0627\u0633\u0645\u064a\u0646 \u0645\u0627\u0631\u0643\u062a\",\"alternateName\":\"Yasmin Food\",\"url\":\"https:\\\/\\\/yasminfood.ch\\\/de\\\/\",\"logo\":{\"@type\":\"ImageObject\",\"inLanguage\":\"de\",\"@id\":\"https:\\\/\\\/yasminfood.ch\\\/de\\\/#\\\/schema\\\/logo\\\/image\\\/\",\"url\":\"https:\\\/\\\/yasminfood.ch\\\/wp-content\\\/uploads\\\/2025\\\/05\\\/yasmin-food-header-logo.png\",\"contentUrl\":\"https:\\\/\\\/yasminfood.ch\\\/wp-content\\\/uploads\\\/2025\\\/05\\\/yasmin-food-header-logo.png\",\"width\":330,\"height\":120,\"caption\":\"\u064a\u0627\u0633\u0645\u064a\u0646 \u0645\u0627\u0631\u0643\u062a\"},\"image\":{\"@id\":\"https:\\\/\\\/yasminfood.ch\\\/de\\\/#\\\/schema\\\/logo\\\/image\\\/\"},\"sameAs\":[\"https:\\\/\\\/www.facebook.com\\\/yasminmarkt1\",\"https:\\\/\\\/www.tiktok.com\\\/@yasminmarkt\",\"https:\\\/\\\/www.instagram.com\\\/yasmin.markt1\\\/\",\"https:\\\/\\\/api.whatsapp.com\\\/send\\\/?phone=41799000104\"],\"publishingPrinciples\":\"https:\\\/\\\/yasminfood.ch\\\/de\\\/shop\\\/\",\"ownershipFundingInfo\":\"https:\\\/\\\/yasminfood.ch\\\/de\\\/shop\\\/\"}]}<\/script>\n<meta property=\"product:price:amount\" content=\"9.50\" \/>\n<meta property=\"product:price:currency\" content=\"CHF\" \/>\n<meta property=\"og:availability\" content=\"out of stock\" \/>\n<meta property=\"product:availability\" content=\"out of stock\" \/>\n<meta property=\"product:condition\" content=\"new\" \/>\n<!-- \/ Yoast SEO Premium plugin. -->","yoast_head_json":{"title":"Kiosk 500g Redur: Authentischer Geschmack und hoher N\u00e4hrwert - Yasmin Food","description":"Genie\u00dfen Sie den traditionellen Geschmack mit dem 500g Redur Kiosk, der reich an n\u00fctzlichen Proteinen und Mineralien ist. Sofort einsatzbereit, holen Sie es sich jetzt! Yasmin Food","robots":{"index":"index","follow":"follow","max-snippet":"max-snippet:-1","max-image-preview":"max-image-preview:large","max-video-preview":"max-video-preview:-1"},"canonical":"https:\/\/yasminfood.ch\/de\/product\/kiosk-500g-redur\/","og_locale":"de_DE","og_type":"article","og_title":"Kiosk 500g Redur","og_description":"Kiosk 500g Redur   Der Kiosk ist ein traditionelles Lebensmittel, das reich an N\u00e4hrwerten und einzigartigem Geschmack ist   Redur bietet es Ihnen mit hoher Qualit\u00e4t und einem authentischen Geschmack, der aus dem Erbe stammt. Redur bereitete den Stand mit Milchpulver und hochwertigem Bulgur vor   Beim Trocknen und Mahlen wurden sorgf\u00e4ltige Schritte befolgt, um einen ausgewogenen Geschmack und eine glatte, einfach anzuwendende Textur zu gew\u00e4hrleisten.","og_url":"https:\/\/yasminfood.ch\/de\/product\/kiosk-500g-redur\/","og_site_name":"Yasmin Food","article_publisher":"https:\/\/www.facebook.com\/yasminmarkt1","article_modified_time":"2025-06-19T22:49:04+00:00","og_image":[{"width":1080,"height":1080,"url":"https:\/\/yasminfood.ch\/wp-content\/uploads\/2025\/06\/\u0643\u0634\u0643-500\u063a-Redur.png","type":"image\/png"}],"twitter_card":"summary_large_image","twitter_misc":{"Preis":"9.50&nbsp;&#67;&#72;&#70;","Verf\u00fcgbarkeit":"ausverkauft"},"schema":{"@context":"https:\/\/schema.org","@graph":[{"@type":"WebPage","@id":"https:\/\/yasminfood.ch\/de\/product\/kiosk-500g-redur\/","url":"https:\/\/yasminfood.ch\/de\/product\/kiosk-500g-redur\/","name":"Kiosk 500g Redur: Authentischer Geschmack und hoher N\u00e4hrwert - Yasmin Food","isPartOf":{"@id":"https:\/\/yasminfood.ch\/de\/#website"},"primaryImageOfPage":{"@id":"https:\/\/yasminfood.ch\/de\/product\/kiosk-500g-redur\/#primaryimage"},"image":{"@id":"https:\/\/yasminfood.ch\/de\/product\/kiosk-500g-redur\/#primaryimage"},"thumbnailUrl":"https:\/\/yasminfood.ch\/wp-content\/uploads\/2025\/06\/\u0643\u0634\u0643-500\u063a-Redur.png","datePublished":"2025-06-01T18:40:57+00:00","dateModified":"2025-06-19T22:49:04+00:00","description":"Genie\u00dfen Sie den traditionellen Geschmack mit dem 500g Redur Kiosk, der reich an n\u00fctzlichen Proteinen und Mineralien ist. Sofort einsatzbereit, holen Sie es sich jetzt! Yasmin Food","breadcrumb":{"@id":"https:\/\/yasminfood.ch\/de\/product\/kiosk-500g-redur\/#breadcrumb"},"inLanguage":"de","potentialAction":[{"@type":"ReadAction","target":["https:\/\/yasminfood.ch\/de\/product\/kiosk-500g-redur\/"]}]},{"@type":"ImageObject","inLanguage":"de","@id":"https:\/\/yasminfood.ch\/de\/product\/kiosk-500g-redur\/#primaryimage","url":"https:\/\/yasminfood.ch\/wp-content\/uploads\/2025\/06\/\u0643\u0634\u0643-500\u063a-Redur.png","contentUrl":"https:\/\/yasminfood.ch\/wp-content\/uploads\/2025\/06\/\u0643\u0634\u0643-500\u063a-Redur.png","width":1080,"height":1080,"caption":"Kiosk 500g Redur"},{"@type":"BreadcrumbList","@id":"https:\/\/yasminfood.ch\/de\/product\/kiosk-500g-redur\/#breadcrumb","itemListElement":[{"@type":"ListItem","position":1,"name":"\u0627\u0644\u0631\u0626\u064a\u0633\u064a\u0629","item":"https:\/\/yasminfood.ch\/de\/zuhause\/"},{"@type":"ListItem","position":2,"name":"Shop","item":"https:\/\/yasminfood.ch\/de\/shop\/"},{"@type":"ListItem","position":3,"name":"Reis &amp; Getreide","item":"https:\/\/yasminfood.ch\/de\/produkt-kategorie\/reis-getreide\/"},{"@type":"ListItem","position":4,"name":"Keshk","item":"https:\/\/yasminfood.ch\/de\/produkt-kategorie\/reis-getreide\/keshk-de\/"},{"@type":"ListItem","position":5,"name":"Kiosk 500g Redur"}]},{"@type":"WebSite","@id":"https:\/\/yasminfood.ch\/de\/#website","url":"https:\/\/yasminfood.ch\/de\/","name":"\u064a\u0627\u0633\u0645\u064a\u0646 \u0645\u0627\u0631\u0643\u062a","description":"Alles, was Sie brauchen, an einem Ort","publisher":{"@id":"https:\/\/yasminfood.ch\/de\/#organization"},"alternateName":"Yasmin Food","potentialAction":[{"@type":"SearchAction","target":{"@type":"EntryPoint","urlTemplate":"https:\/\/yasminfood.ch\/de\/?s={search_term_string}"},"query-input":{"@type":"PropertyValueSpecification","valueRequired":true,"valueName":"search_term_string"}}],"inLanguage":"de"},{"@type":"Organization","@id":"https:\/\/yasminfood.ch\/de\/#organization","name":"\u064a\u0627\u0633\u0645\u064a\u0646 \u0645\u0627\u0631\u0643\u062a","alternateName":"Yasmin Food","url":"https:\/\/yasminfood.ch\/de\/","logo":{"@type":"ImageObject","inLanguage":"de","@id":"https:\/\/yasminfood.ch\/de\/#\/schema\/logo\/image\/","url":"https:\/\/yasminfood.ch\/wp-content\/uploads\/2025\/05\/yasmin-food-header-logo.png","contentUrl":"https:\/\/yasminfood.ch\/wp-content\/uploads\/2025\/05\/yasmin-food-header-logo.png","width":330,"height":120,"caption":"\u064a\u0627\u0633\u0645\u064a\u0646 \u0645\u0627\u0631\u0643\u062a"},"image":{"@id":"https:\/\/yasminfood.ch\/de\/#\/schema\/logo\/image\/"},"sameAs":["https:\/\/www.facebook.com\/yasminmarkt1","https:\/\/www.tiktok.com\/@yasminmarkt","https:\/\/www.instagram.com\/yasmin.markt1\/","https:\/\/api.whatsapp.com\/send\/?phone=41799000104"],"publishingPrinciples":"https:\/\/yasminfood.ch\/de\/shop\/","ownershipFundingInfo":"https:\/\/yasminfood.ch\/de\/shop\/"}]},"product_price_amount":"9.50","product_price_currency":"CHF","og_availability":"out of stock","product_availability":"out of stock","product_condition":"new"},"jetpack_sharing_enabled":true,"_links":{"self":[{"href":"https:\/\/yasminfood.ch\/de\/wp-json\/wp\/v2\/product\/116865","targetHints":{"allow":["GET"]}}],"collection":[{"href":"https:\/\/yasminfood.ch\/de\/wp-json\/wp\/v2\/product"}],"about":[{"href":"https:\/\/yasminfood.ch\/de\/wp-json\/wp\/v2\/types\/product"}],"replies":[{"embeddable":true,"href":"https:\/\/yasminfood.ch\/de\/wp-json\/wp\/v2\/comments?post=116865"}],"version-history":[{"count":0,"href":"https:\/\/yasminfood.ch\/de\/wp-json\/wp\/v2\/product\/116865\/revisions"}],"wp:featuredmedia":[{"embeddable":true,"href":"https:\/\/yasminfood.ch\/de\/wp-json\/wp\/v2\/media\/116862"}],"wp:attachment":[{"href":"https:\/\/yasminfood.ch\/de\/wp-json\/wp\/v2\/media?parent=116865"}],"wp:term":[{"taxonomy":"product_brand","embeddable":true,"href":"https:\/\/yasminfood.ch\/de\/wp-json\/wp\/v2\/product_brand?post=116865"},{"taxonomy":"product_cat","embeddable":true,"href":"https:\/\/yasminfood.ch\/de\/wp-json\/wp\/v2\/product_cat?post=116865"},{"taxonomy":"product_tag","embeddable":true,"href":"https:\/\/yasminfood.ch\/de\/wp-json\/wp\/v2\/product_tag?post=116865"}],"curies":[{"name":"wp","href":"https:\/\/api.w.org\/{rel}","templated":true}]}}