{"id":116903,"date":"2025-06-03T13:26:52","date_gmt":"2025-06-03T11:26:52","guid":{"rendered":"https:\/\/yasminfood.ch\/product\/arabesque-tahini-800g\/"},"modified":"2025-06-20T00:49:01","modified_gmt":"2025-06-19T22:49:01","slug":"arabesque-tahini-800g","status":"publish","type":"product","link":"https:\/\/yasminfood.ch\/de\/product\/arabesque-tahini-800g\/","title":{"rendered":"Arabesque Tahini 800g"},"content":{"rendered":"<h2 data-start=\"122\" data-end=\"175\">\ud83e\udd44 Arabesque Tahini 800 g \u2013 Authentischer Geschmack und hohe Qualit\u00e4t<\/h2>\n<p data-start=\"177\" data-end=\"326\">Genie\u00dfen Sie den reichen Geschmack und die cremige Textur der Arabesque-M\u00fchle, die aus sorgf\u00e4ltig ger\u00f6steten Sesamsamen hergestellt wird, um Ihnen ein 100% nat\u00fcrliches Produkt zu bieten, das frei von k\u00fcnstlichen Zusatzstoffen ist.  <\/p>\n<h3 data-start=\"328\" data-end=\"345\">\ud83c\udf1f Leistungsbeschreibung:<\/h3>\n<ul data-start=\"347\" data-end=\"499\">\n<li data-start=\"347\" data-end=\"375\">\n<p data-start=\"349\" data-end=\"375\"><strong data-start=\"349\" data-end=\"366\">Nettogewicht:<\/strong> 800 g<\/p>\n<\/li>\n<li data-start=\"376\" data-end=\"406\">\n<p data-start=\"378\" data-end=\"406\"><strong data-start=\"378\" data-end=\"391\">Zutaten:<\/strong> 100% ger\u00f6steter Sesam<\/p>\n<\/li>\n<li data-start=\"407\" data-end=\"438\">\n<p data-start=\"409\" data-end=\"438\"><strong data-start=\"409\" data-end=\"430\">Hersteller:<\/strong> Arabesque<\/p>\n<\/li>\n<li data-start=\"439\" data-end=\"460\">\n<p data-start=\"441\" data-end=\"460\"><strong data-start=\"441\" data-end=\"456\">Herkunftsland:<\/strong> \u00c4gypten<\/p>\n<\/li>\n<li data-start=\"461\" data-end=\"499\">\n<p data-start=\"463\" data-end=\"499\"><strong data-start=\"463\" data-end=\"475\">Lagerung:<\/strong> An einem k\u00fchlen, trockenen Ort lagern<\/p>\n<\/li>\n<\/ul>\n<h3 data-start=\"501\" data-end=\"521\">\ud83c\udf7d\ufe0f Benutzungen:<\/h3>\n<p data-start=\"523\" data-end=\"537\">Ideal f\u00fcr die Zubereitung:<\/p>\n<ul data-start=\"539\" data-end=\"620\">\n<li data-start=\"539\" data-end=\"555\">\n<p data-start=\"541\" data-end=\"555\">Hummus und Rosenkranz<\/p>\n<\/li>\n<li data-start=\"556\" data-end=\"571\">\n<p data-start=\"558\" data-end=\"571\">Tahini-Saucen<\/p>\n<\/li>\n<li data-start=\"572\" data-end=\"589\">\n<p data-start=\"574\" data-end=\"589\">Salatso\u00dfe<\/p>\n<\/li>\n<li data-start=\"590\" data-end=\"620\">\n<p data-start=\"592\" data-end=\"620\">Orientalische S\u00fc\u00dfigkeiten wie S\u00fc\u00dfes<\/p>\n<\/li>\n<\/ul>\n","protected":false},"excerpt":{"rendered":"<h2 class=\"ai-optimize-24\" data-start=\"122\" data-end=\"175\">\ud83e\udd44 Arabesque Tahini 800 g \u2013 Authentischer Geschmack und hohe Qualit\u00e4t<\/h2>\n<p class=\"ai-optimize-25 ai-optimize-introduction\" data-start=\"177\" data-end=\"326\">Genie\u00dfen Sie den reichen Geschmack und die cremige Textur der Arabesque-M\u00fchle, die aus sorgf\u00e4ltig ger\u00f6steten Sesamsamen hergestellt wird, um Ihnen ein 100% nat\u00fcrliches Produkt zu bieten, das frei von k\u00fcnstlichen Zusatzstoffen ist.  <\/p>\n","protected":false},"featured_media":116893,"comment_status":"open","ping_status":"closed","template":"","meta":[],"product_brand":[],"product_cat":[245,277],"product_tag":[],"class_list":{"0":"post-116903","1":"product","2":"type-product","3":"status-publish","4":"has-post-thumbnail","6":"product_cat-konserven-lebensmittel","7":"product_cat-tahini-de","9":"first","10":"outofstock","11":"taxable","12":"shipping-taxable","13":"purchasable","14":"product-type-simple"},"yoast_head":"<!-- This site is optimized with the Yoast SEO Premium plugin v26.5 (Yoast SEO v27.5) - https:\/\/yoast.com\/product\/yoast-seo-premium-wordpress\/ -->\n<title>Arabesque Tahini 800g - Yasmin Food<\/title>\n<meta name=\"description\" content=\"Machen Sie Ihr Essen zu etwas Besonderem mit Arabesque Tahini 800g! Enth\u00e4lt ger\u00f6steten Sesam, der frei von k\u00fcnstlichen Substanzen ist. Probieren Sie es jetzt aus und genie\u00dfen Sie den Geschmack! Yasmin Food\" \/>\n<meta name=\"robots\" content=\"index, follow, max-snippet:-1, max-image-preview:large, max-video-preview:-1\" \/>\n<link rel=\"canonical\" href=\"https:\/\/yasminfood.ch\/de\/product\/arabesque-tahini-800g\/\" \/>\n<meta property=\"og:locale\" content=\"de_DE\" \/>\n<meta property=\"og:type\" content=\"article\" \/>\n<meta property=\"og:title\" content=\"Arabesque Tahini 800g\" \/>\n<meta property=\"og:description\" content=\"\ud83e\udd44 Arabesque Tahini 800 g \u2013 Authentischer Geschmack und hohe Qualit\u00e4t Genie\u00dfen Sie den reichen Geschmack und die cremige Textur der Arabesque-M\u00fchle, die aus sorgf\u00e4ltig ger\u00f6steten Sesamsamen hergestellt wird, um Ihnen ein 100% nat\u00fcrliches Produkt zu bieten, das frei von k\u00fcnstlichen Zusatzstoffen ist.\" \/>\n<meta property=\"og:url\" content=\"https:\/\/yasminfood.ch\/de\/product\/arabesque-tahini-800g\/\" \/>\n<meta property=\"og:site_name\" content=\"Yasmin Food\" \/>\n<meta property=\"article:publisher\" content=\"https:\/\/www.facebook.com\/yasminmarkt1\" \/>\n<meta property=\"article:modified_time\" content=\"2025-06-19T22:49:01+00:00\" \/>\n<meta property=\"og:image\" content=\"https:\/\/yasminfood.ch\/wp-content\/uploads\/2025\/06\/\u0637\u062d\u064a\u0646\u0629-\u0623\u0631\u0627\u0628\u064a\u0633\u0643-800\u063a.png\" \/>\n\t<meta property=\"og:image:width\" content=\"1080\" \/>\n\t<meta property=\"og:image:height\" content=\"1080\" \/>\n\t<meta property=\"og:image:type\" content=\"image\/png\" \/>\n<meta name=\"twitter:card\" content=\"summary_large_image\" \/>\n<meta name=\"twitter:label1\" content=\"Preis\" \/>\n\t<meta name=\"twitter:data1\" content=\"7.95&nbsp;&#067;&#072;&#070;\" \/>\n\t<meta name=\"twitter:label2\" content=\"Verf\u00fcgbarkeit\" \/>\n\t<meta name=\"twitter:data2\" content=\"ausverkauft\" \/>\n<script type=\"application\/ld+json\" class=\"yoast-schema-graph\">{\"@context\":\"https:\\\/\\\/schema.org\",\"@graph\":[{\"@type\":\"WebPage\",\"@id\":\"https:\\\/\\\/yasminfood.ch\\\/de\\\/product\\\/arabesque-tahini-800g\\\/\",\"url\":\"https:\\\/\\\/yasminfood.ch\\\/de\\\/product\\\/arabesque-tahini-800g\\\/\",\"name\":\"Arabesque Tahini 800g - Yasmin Food\",\"isPartOf\":{\"@id\":\"https:\\\/\\\/yasminfood.ch\\\/de\\\/#website\"},\"primaryImageOfPage\":{\"@id\":\"https:\\\/\\\/yasminfood.ch\\\/de\\\/product\\\/arabesque-tahini-800g\\\/#primaryimage\"},\"image\":{\"@id\":\"https:\\\/\\\/yasminfood.ch\\\/de\\\/product\\\/arabesque-tahini-800g\\\/#primaryimage\"},\"thumbnailUrl\":\"https:\\\/\\\/yasminfood.ch\\\/wp-content\\\/uploads\\\/2025\\\/06\\\/\u0637\u062d\u064a\u0646\u0629-\u0623\u0631\u0627\u0628\u064a\u0633\u0643-800\u063a.png\",\"datePublished\":\"2025-06-03T11:26:52+00:00\",\"dateModified\":\"2025-06-19T22:49:01+00:00\",\"description\":\"Machen Sie Ihr Essen zu etwas Besonderem mit Arabesque Tahini 800g! Enth\u00e4lt ger\u00f6steten Sesam, der frei von k\u00fcnstlichen Substanzen ist. Probieren Sie es jetzt aus und genie\u00dfen Sie den Geschmack! Yasmin Food\",\"breadcrumb\":{\"@id\":\"https:\\\/\\\/yasminfood.ch\\\/de\\\/product\\\/arabesque-tahini-800g\\\/#breadcrumb\"},\"inLanguage\":\"de\",\"potentialAction\":[{\"@type\":\"ReadAction\",\"target\":[\"https:\\\/\\\/yasminfood.ch\\\/de\\\/product\\\/arabesque-tahini-800g\\\/\"]}]},{\"@type\":\"ImageObject\",\"inLanguage\":\"de\",\"@id\":\"https:\\\/\\\/yasminfood.ch\\\/de\\\/product\\\/arabesque-tahini-800g\\\/#primaryimage\",\"url\":\"https:\\\/\\\/yasminfood.ch\\\/wp-content\\\/uploads\\\/2025\\\/06\\\/\u0637\u062d\u064a\u0646\u0629-\u0623\u0631\u0627\u0628\u064a\u0633\u0643-800\u063a.png\",\"contentUrl\":\"https:\\\/\\\/yasminfood.ch\\\/wp-content\\\/uploads\\\/2025\\\/06\\\/\u0637\u062d\u064a\u0646\u0629-\u0623\u0631\u0627\u0628\u064a\u0633\u0643-800\u063a.png\",\"width\":1080,\"height\":1080,\"caption\":\"Arabesque Tahini 800g\"},{\"@type\":\"BreadcrumbList\",\"@id\":\"https:\\\/\\\/yasminfood.ch\\\/de\\\/product\\\/arabesque-tahini-800g\\\/#breadcrumb\",\"itemListElement\":[{\"@type\":\"ListItem\",\"position\":1,\"name\":\"\u0627\u0644\u0631\u0626\u064a\u0633\u064a\u0629\",\"item\":\"https:\\\/\\\/yasminfood.ch\\\/de\\\/zuhause\\\/\"},{\"@type\":\"ListItem\",\"position\":2,\"name\":\"Shop\",\"item\":\"https:\\\/\\\/yasminfood.ch\\\/de\\\/shop\\\/\"},{\"@type\":\"ListItem\",\"position\":3,\"name\":\"Konserven - Lebensmittel\",\"item\":\"https:\\\/\\\/yasminfood.ch\\\/de\\\/produkt-kategorie\\\/konserven-lebensmittel\\\/\"},{\"@type\":\"ListItem\",\"position\":4,\"name\":\"Arabesque Tahini 800g\"}]},{\"@type\":\"WebSite\",\"@id\":\"https:\\\/\\\/yasminfood.ch\\\/de\\\/#website\",\"url\":\"https:\\\/\\\/yasminfood.ch\\\/de\\\/\",\"name\":\"\u064a\u0627\u0633\u0645\u064a\u0646 \u0645\u0627\u0631\u0643\u062a\",\"description\":\"Alles, was Sie brauchen, an einem Ort\",\"publisher\":{\"@id\":\"https:\\\/\\\/yasminfood.ch\\\/de\\\/#organization\"},\"alternateName\":\"Yasmin Food\",\"potentialAction\":[{\"@type\":\"SearchAction\",\"target\":{\"@type\":\"EntryPoint\",\"urlTemplate\":\"https:\\\/\\\/yasminfood.ch\\\/de\\\/?s={search_term_string}\"},\"query-input\":{\"@type\":\"PropertyValueSpecification\",\"valueRequired\":true,\"valueName\":\"search_term_string\"}}],\"inLanguage\":\"de\"},{\"@type\":\"Organization\",\"@id\":\"https:\\\/\\\/yasminfood.ch\\\/de\\\/#organization\",\"name\":\"\u064a\u0627\u0633\u0645\u064a\u0646 \u0645\u0627\u0631\u0643\u062a\",\"alternateName\":\"Yasmin Food\",\"url\":\"https:\\\/\\\/yasminfood.ch\\\/de\\\/\",\"logo\":{\"@type\":\"ImageObject\",\"inLanguage\":\"de\",\"@id\":\"https:\\\/\\\/yasminfood.ch\\\/de\\\/#\\\/schema\\\/logo\\\/image\\\/\",\"url\":\"https:\\\/\\\/yasminfood.ch\\\/wp-content\\\/uploads\\\/2025\\\/05\\\/yasmin-food-header-logo.png\",\"contentUrl\":\"https:\\\/\\\/yasminfood.ch\\\/wp-content\\\/uploads\\\/2025\\\/05\\\/yasmin-food-header-logo.png\",\"width\":330,\"height\":120,\"caption\":\"\u064a\u0627\u0633\u0645\u064a\u0646 \u0645\u0627\u0631\u0643\u062a\"},\"image\":{\"@id\":\"https:\\\/\\\/yasminfood.ch\\\/de\\\/#\\\/schema\\\/logo\\\/image\\\/\"},\"sameAs\":[\"https:\\\/\\\/www.facebook.com\\\/yasminmarkt1\",\"https:\\\/\\\/www.tiktok.com\\\/@yasminmarkt\",\"https:\\\/\\\/www.instagram.com\\\/yasmin.markt1\\\/\",\"https:\\\/\\\/api.whatsapp.com\\\/send\\\/?phone=41799000104\"],\"publishingPrinciples\":\"https:\\\/\\\/yasminfood.ch\\\/de\\\/shop\\\/\",\"ownershipFundingInfo\":\"https:\\\/\\\/yasminfood.ch\\\/de\\\/shop\\\/\"}]}<\/script>\n<meta property=\"product:price:amount\" content=\"7.95\" \/>\n<meta property=\"product:price:currency\" content=\"CHF\" \/>\n<meta property=\"og:availability\" content=\"out of stock\" \/>\n<meta property=\"product:availability\" content=\"out of stock\" \/>\n<meta property=\"product:condition\" content=\"new\" \/>\n<!-- \/ Yoast SEO Premium plugin. -->","yoast_head_json":{"title":"Arabesque Tahini 800g - Yasmin Food","description":"Machen Sie Ihr Essen zu etwas Besonderem mit Arabesque Tahini 800g! Enth\u00e4lt ger\u00f6steten Sesam, der frei von k\u00fcnstlichen Substanzen ist. Probieren Sie es jetzt aus und genie\u00dfen Sie den Geschmack! Yasmin Food","robots":{"index":"index","follow":"follow","max-snippet":"max-snippet:-1","max-image-preview":"max-image-preview:large","max-video-preview":"max-video-preview:-1"},"canonical":"https:\/\/yasminfood.ch\/de\/product\/arabesque-tahini-800g\/","og_locale":"de_DE","og_type":"article","og_title":"Arabesque Tahini 800g","og_description":"\ud83e\udd44 Arabesque Tahini 800 g \u2013 Authentischer Geschmack und hohe Qualit\u00e4t Genie\u00dfen Sie den reichen Geschmack und die cremige Textur der Arabesque-M\u00fchle, die aus sorgf\u00e4ltig ger\u00f6steten Sesamsamen hergestellt wird, um Ihnen ein 100% nat\u00fcrliches Produkt zu bieten, das frei von k\u00fcnstlichen Zusatzstoffen ist.","og_url":"https:\/\/yasminfood.ch\/de\/product\/arabesque-tahini-800g\/","og_site_name":"Yasmin Food","article_publisher":"https:\/\/www.facebook.com\/yasminmarkt1","article_modified_time":"2025-06-19T22:49:01+00:00","og_image":[{"width":1080,"height":1080,"url":"https:\/\/yasminfood.ch\/wp-content\/uploads\/2025\/06\/\u0637\u062d\u064a\u0646\u0629-\u0623\u0631\u0627\u0628\u064a\u0633\u0643-800\u063a.png","type":"image\/png"}],"twitter_card":"summary_large_image","twitter_misc":{"Preis":"7.95&nbsp;&#67;&#72;&#70;","Verf\u00fcgbarkeit":"ausverkauft"},"schema":{"@context":"https:\/\/schema.org","@graph":[{"@type":"WebPage","@id":"https:\/\/yasminfood.ch\/de\/product\/arabesque-tahini-800g\/","url":"https:\/\/yasminfood.ch\/de\/product\/arabesque-tahini-800g\/","name":"Arabesque Tahini 800g - Yasmin Food","isPartOf":{"@id":"https:\/\/yasminfood.ch\/de\/#website"},"primaryImageOfPage":{"@id":"https:\/\/yasminfood.ch\/de\/product\/arabesque-tahini-800g\/#primaryimage"},"image":{"@id":"https:\/\/yasminfood.ch\/de\/product\/arabesque-tahini-800g\/#primaryimage"},"thumbnailUrl":"https:\/\/yasminfood.ch\/wp-content\/uploads\/2025\/06\/\u0637\u062d\u064a\u0646\u0629-\u0623\u0631\u0627\u0628\u064a\u0633\u0643-800\u063a.png","datePublished":"2025-06-03T11:26:52+00:00","dateModified":"2025-06-19T22:49:01+00:00","description":"Machen Sie Ihr Essen zu etwas Besonderem mit Arabesque Tahini 800g! Enth\u00e4lt ger\u00f6steten Sesam, der frei von k\u00fcnstlichen Substanzen ist. Probieren Sie es jetzt aus und genie\u00dfen Sie den Geschmack! Yasmin Food","breadcrumb":{"@id":"https:\/\/yasminfood.ch\/de\/product\/arabesque-tahini-800g\/#breadcrumb"},"inLanguage":"de","potentialAction":[{"@type":"ReadAction","target":["https:\/\/yasminfood.ch\/de\/product\/arabesque-tahini-800g\/"]}]},{"@type":"ImageObject","inLanguage":"de","@id":"https:\/\/yasminfood.ch\/de\/product\/arabesque-tahini-800g\/#primaryimage","url":"https:\/\/yasminfood.ch\/wp-content\/uploads\/2025\/06\/\u0637\u062d\u064a\u0646\u0629-\u0623\u0631\u0627\u0628\u064a\u0633\u0643-800\u063a.png","contentUrl":"https:\/\/yasminfood.ch\/wp-content\/uploads\/2025\/06\/\u0637\u062d\u064a\u0646\u0629-\u0623\u0631\u0627\u0628\u064a\u0633\u0643-800\u063a.png","width":1080,"height":1080,"caption":"Arabesque Tahini 800g"},{"@type":"BreadcrumbList","@id":"https:\/\/yasminfood.ch\/de\/product\/arabesque-tahini-800g\/#breadcrumb","itemListElement":[{"@type":"ListItem","position":1,"name":"\u0627\u0644\u0631\u0626\u064a\u0633\u064a\u0629","item":"https:\/\/yasminfood.ch\/de\/zuhause\/"},{"@type":"ListItem","position":2,"name":"Shop","item":"https:\/\/yasminfood.ch\/de\/shop\/"},{"@type":"ListItem","position":3,"name":"Konserven - Lebensmittel","item":"https:\/\/yasminfood.ch\/de\/produkt-kategorie\/konserven-lebensmittel\/"},{"@type":"ListItem","position":4,"name":"Arabesque Tahini 800g"}]},{"@type":"WebSite","@id":"https:\/\/yasminfood.ch\/de\/#website","url":"https:\/\/yasminfood.ch\/de\/","name":"\u064a\u0627\u0633\u0645\u064a\u0646 \u0645\u0627\u0631\u0643\u062a","description":"Alles, was Sie brauchen, an einem Ort","publisher":{"@id":"https:\/\/yasminfood.ch\/de\/#organization"},"alternateName":"Yasmin Food","potentialAction":[{"@type":"SearchAction","target":{"@type":"EntryPoint","urlTemplate":"https:\/\/yasminfood.ch\/de\/?s={search_term_string}"},"query-input":{"@type":"PropertyValueSpecification","valueRequired":true,"valueName":"search_term_string"}}],"inLanguage":"de"},{"@type":"Organization","@id":"https:\/\/yasminfood.ch\/de\/#organization","name":"\u064a\u0627\u0633\u0645\u064a\u0646 \u0645\u0627\u0631\u0643\u062a","alternateName":"Yasmin Food","url":"https:\/\/yasminfood.ch\/de\/","logo":{"@type":"ImageObject","inLanguage":"de","@id":"https:\/\/yasminfood.ch\/de\/#\/schema\/logo\/image\/","url":"https:\/\/yasminfood.ch\/wp-content\/uploads\/2025\/05\/yasmin-food-header-logo.png","contentUrl":"https:\/\/yasminfood.ch\/wp-content\/uploads\/2025\/05\/yasmin-food-header-logo.png","width":330,"height":120,"caption":"\u064a\u0627\u0633\u0645\u064a\u0646 \u0645\u0627\u0631\u0643\u062a"},"image":{"@id":"https:\/\/yasminfood.ch\/de\/#\/schema\/logo\/image\/"},"sameAs":["https:\/\/www.facebook.com\/yasminmarkt1","https:\/\/www.tiktok.com\/@yasminmarkt","https:\/\/www.instagram.com\/yasmin.markt1\/","https:\/\/api.whatsapp.com\/send\/?phone=41799000104"],"publishingPrinciples":"https:\/\/yasminfood.ch\/de\/shop\/","ownershipFundingInfo":"https:\/\/yasminfood.ch\/de\/shop\/"}]},"product_price_amount":"7.95","product_price_currency":"CHF","og_availability":"out of stock","product_availability":"out of stock","product_condition":"new"},"jetpack_sharing_enabled":true,"_links":{"self":[{"href":"https:\/\/yasminfood.ch\/de\/wp-json\/wp\/v2\/product\/116903","targetHints":{"allow":["GET"]}}],"collection":[{"href":"https:\/\/yasminfood.ch\/de\/wp-json\/wp\/v2\/product"}],"about":[{"href":"https:\/\/yasminfood.ch\/de\/wp-json\/wp\/v2\/types\/product"}],"replies":[{"embeddable":true,"href":"https:\/\/yasminfood.ch\/de\/wp-json\/wp\/v2\/comments?post=116903"}],"version-history":[{"count":0,"href":"https:\/\/yasminfood.ch\/de\/wp-json\/wp\/v2\/product\/116903\/revisions"}],"wp:featuredmedia":[{"embeddable":true,"href":"https:\/\/yasminfood.ch\/de\/wp-json\/wp\/v2\/media\/116893"}],"wp:attachment":[{"href":"https:\/\/yasminfood.ch\/de\/wp-json\/wp\/v2\/media?parent=116903"}],"wp:term":[{"taxonomy":"product_brand","embeddable":true,"href":"https:\/\/yasminfood.ch\/de\/wp-json\/wp\/v2\/product_brand?post=116903"},{"taxonomy":"product_cat","embeddable":true,"href":"https:\/\/yasminfood.ch\/de\/wp-json\/wp\/v2\/product_cat?post=116903"},{"taxonomy":"product_tag","embeddable":true,"href":"https:\/\/yasminfood.ch\/de\/wp-json\/wp\/v2\/product_tag?post=116903"}],"curies":[{"name":"wp","href":"https:\/\/api.w.org\/{rel}","templated":true}]}}