{"id":116911,"date":"2025-06-03T17:48:12","date_gmt":"2025-06-03T15:48:12","guid":{"rendered":"https:\/\/yasminfood.ch\/product\/dreieckiger-komfort-mit-pistazien-1-kg\/"},"modified":"2025-06-20T00:48:59","modified_gmt":"2025-06-19T22:48:59","slug":"dreieckiger-komfort-mit-pistazien-1-kg","status":"publish","type":"product","link":"https:\/\/yasminfood.ch\/de\/product\/dreieckiger-komfort-mit-pistazien-1-kg\/","title":{"rendered":"Dreieckiger Komfort mit Pistazien 1 kg"},"content":{"rendered":"<h2 data-start=\"114\" data-end=\"149\">\ud83c\udf6c Triangle Comfort mit Pistazien \u2013 1 kg<\/h2>\n<ul>\n<li data-start=\"150\" data-end=\"180\"><strong data-start=\"150\" data-end=\"180\">Luxuri\u00f6ser orientalischer Geschmack&#8230; Mit Mund schmelzen!<\/strong><\/li>\n<\/ul>\n<p data-start=\"182\" data-end=\"353\">Verw\u00f6hnen Sie Ihre Sinne mit <em data-start=\"196\" data-end=\"220\">dreieckigem Pistazienkomfort<\/em> auf traditionelle Weise<\/p>\n<p data-start=\"182\" data-end=\"353\">Um Ihnen eine au\u00dfergew\u00f6hnlich weiche und zarte Textur zu verleihen, verleihen die luxuri\u00f6sen Pistazien einen k\u00f6stlichen Crunch und einen unwiderstehlichen Geschmack. <\/p>\n<h3 data-start=\"355\" data-end=\"371\"><\/h3>\n","protected":false},"excerpt":{"rendered":"<h2 class=\"ai-optimize-26\" data-start=\"114\" data-end=\"149\">\ud83c\udf6c Triangle Comfort mit Pistazien \u2013 1 kg<\/h2>\n<ul>\n<li class=\"ai-optimize-27 ai-optimize-introduction\" data-start=\"150\" data-end=\"180\"><strong data-start=\"150\" data-end=\"180\">Luxuri\u00f6ser orientalischer Geschmack&#8230; Mit Mund schmelzen!<\/strong><\/li>\n<\/ul>\n<p class=\"ai-optimize-28\" data-start=\"182\" data-end=\"353\">Verw\u00f6hnen Sie Ihre Sinne mit <em data-start=\"196\" data-end=\"220\">dreieckigem Pistazienkomfort<\/em> auf traditionelle Weise<\/p>\n<p class=\"ai-optimize-28\" data-start=\"182\" data-end=\"353\">Um Ihnen eine au\u00dfergew\u00f6hnlich weiche und zarte Textur zu verleihen, verleihen die luxuri\u00f6sen Pistazien einen k\u00f6stlichen Crunch und einen unwiderstehlichen Geschmack. <\/p>\n<h3 data-start=\"355\" data-end=\"371\"><\/h3>\n","protected":false},"featured_media":116908,"comment_status":"open","ping_status":"closed","template":"","meta":[],"product_brand":[],"product_cat":[301,297],"product_tag":[],"class_list":{"0":"post-116911","1":"product","2":"type-product","3":"status-publish","4":"has-post-thumbnail","6":"product_cat-arabische-suessigkeiten","7":"product_cat-dessert-chips-2","9":"first","10":"outofstock","11":"taxable","12":"shipping-taxable","13":"purchasable","14":"product-type-simple"},"yoast_head":"<!-- This site is optimized with the Yoast SEO Premium plugin v26.5 (Yoast SEO v27.4) - https:\/\/yoast.com\/product\/yoast-seo-premium-wordpress\/ -->\n<title>Dreieckiger Komfort mit Pistazien 1 kg - Yasmin Food<\/title>\n<meta name=\"description\" content=\"Genie\u00dfen Sie den Geschmack des Ostens mit einem dreieckigen Komfort mit Pistazien 1 Kilo. Mit einem Geschmack, der auf der Zunge zergeht, vers\u00fc\u00dfen Sie sich jetzt Ihre Momente! Yasmin Food Dreieckiger Komfort mit Pistazien 1 kg\" \/>\n<meta name=\"robots\" content=\"index, follow, max-snippet:-1, max-image-preview:large, max-video-preview:-1\" \/>\n<link rel=\"canonical\" href=\"https:\/\/yasminfood.ch\/de\/product\/dreieckiger-komfort-mit-pistazien-1-kg\/\" \/>\n<meta property=\"og:locale\" content=\"de_DE\" \/>\n<meta property=\"og:type\" content=\"article\" \/>\n<meta property=\"og:title\" content=\"Dreieckiger Komfort mit Pistazien 1 kg\" \/>\n<meta property=\"og:description\" content=\"\ud83c\udf6c Triangle Comfort mit Pistazien \u2013 1 kg  Luxuri\u00f6ser orientalischer Geschmack... Mit Mund schmelzen! Verw\u00f6hnen Sie Ihre Sinne mit dreieckigem Pistazienkomfort auf traditionelle Weise Um Ihnen eine au\u00dfergew\u00f6hnlich weiche und zarte Textur zu verleihen, verleihen die luxuri\u00f6sen Pistazien einen k\u00f6stlichen Crunch und einen unwiderstehlichen Geschmack.\" \/>\n<meta property=\"og:url\" content=\"https:\/\/yasminfood.ch\/de\/product\/dreieckiger-komfort-mit-pistazien-1-kg\/\" \/>\n<meta property=\"og:site_name\" content=\"Yasmin Food\" \/>\n<meta property=\"article:publisher\" content=\"https:\/\/www.facebook.com\/yasminmarkt1\" \/>\n<meta property=\"article:modified_time\" content=\"2025-06-19T22:48:59+00:00\" \/>\n<meta property=\"og:image\" content=\"https:\/\/yasminfood.ch\/wp-content\/uploads\/2025\/06\/\u0631\u0627\u062d\u0629-\u0645\u062b\u0644\u062b\u0629-\u0628\u0627\u0644\u0641\u0633\u062a\u0642-1-\u0643\u064a\u0644\u0648.png\" \/>\n\t<meta property=\"og:image:width\" content=\"1080\" \/>\n\t<meta property=\"og:image:height\" content=\"1080\" \/>\n\t<meta property=\"og:image:type\" content=\"image\/png\" \/>\n<meta name=\"twitter:card\" content=\"summary_large_image\" \/>\n<meta name=\"twitter:label1\" content=\"Preis\" \/>\n\t<meta name=\"twitter:data1\" content=\"28.00&nbsp;&#067;&#072;&#070;\" \/>\n\t<meta name=\"twitter:label2\" content=\"Verf\u00fcgbarkeit\" \/>\n\t<meta name=\"twitter:data2\" content=\"ausverkauft\" \/>\n<script type=\"application\/ld+json\" class=\"yoast-schema-graph\">{\"@context\":\"https:\\\/\\\/schema.org\",\"@graph\":[{\"@type\":\"WebPage\",\"@id\":\"https:\\\/\\\/yasminfood.ch\\\/de\\\/product\\\/dreieckiger-komfort-mit-pistazien-1-kg\\\/\",\"url\":\"https:\\\/\\\/yasminfood.ch\\\/de\\\/product\\\/dreieckiger-komfort-mit-pistazien-1-kg\\\/\",\"name\":\"Dreieckiger Komfort mit Pistazien 1 kg - Yasmin Food\",\"isPartOf\":{\"@id\":\"https:\\\/\\\/yasminfood.ch\\\/de\\\/#website\"},\"primaryImageOfPage\":{\"@id\":\"https:\\\/\\\/yasminfood.ch\\\/de\\\/product\\\/dreieckiger-komfort-mit-pistazien-1-kg\\\/#primaryimage\"},\"image\":{\"@id\":\"https:\\\/\\\/yasminfood.ch\\\/de\\\/product\\\/dreieckiger-komfort-mit-pistazien-1-kg\\\/#primaryimage\"},\"thumbnailUrl\":\"https:\\\/\\\/yasminfood.ch\\\/wp-content\\\/uploads\\\/2025\\\/06\\\/\u0631\u0627\u062d\u0629-\u0645\u062b\u0644\u062b\u0629-\u0628\u0627\u0644\u0641\u0633\u062a\u0642-1-\u0643\u064a\u0644\u0648.png\",\"datePublished\":\"2025-06-03T15:48:12+00:00\",\"dateModified\":\"2025-06-19T22:48:59+00:00\",\"description\":\"Genie\u00dfen Sie den Geschmack des Ostens mit einem dreieckigen Komfort mit Pistazien 1 Kilo. Mit einem Geschmack, der auf der Zunge zergeht, vers\u00fc\u00dfen Sie sich jetzt Ihre Momente! Yasmin Food Dreieckiger Komfort mit Pistazien 1 kg\",\"breadcrumb\":{\"@id\":\"https:\\\/\\\/yasminfood.ch\\\/de\\\/product\\\/dreieckiger-komfort-mit-pistazien-1-kg\\\/#breadcrumb\"},\"inLanguage\":\"de\",\"potentialAction\":[{\"@type\":\"ReadAction\",\"target\":[\"https:\\\/\\\/yasminfood.ch\\\/de\\\/product\\\/dreieckiger-komfort-mit-pistazien-1-kg\\\/\"]}]},{\"@type\":\"ImageObject\",\"inLanguage\":\"de\",\"@id\":\"https:\\\/\\\/yasminfood.ch\\\/de\\\/product\\\/dreieckiger-komfort-mit-pistazien-1-kg\\\/#primaryimage\",\"url\":\"https:\\\/\\\/yasminfood.ch\\\/wp-content\\\/uploads\\\/2025\\\/06\\\/\u0631\u0627\u062d\u0629-\u0645\u062b\u0644\u062b\u0629-\u0628\u0627\u0644\u0641\u0633\u062a\u0642-1-\u0643\u064a\u0644\u0648.png\",\"contentUrl\":\"https:\\\/\\\/yasminfood.ch\\\/wp-content\\\/uploads\\\/2025\\\/06\\\/\u0631\u0627\u062d\u0629-\u0645\u062b\u0644\u062b\u0629-\u0628\u0627\u0644\u0641\u0633\u062a\u0642-1-\u0643\u064a\u0644\u0648.png\",\"width\":1080,\"height\":1080,\"caption\":\"Dreieckiger Komfort mit Pistazien 1 kg\"},{\"@type\":\"BreadcrumbList\",\"@id\":\"https:\\\/\\\/yasminfood.ch\\\/de\\\/product\\\/dreieckiger-komfort-mit-pistazien-1-kg\\\/#breadcrumb\",\"itemListElement\":[{\"@type\":\"ListItem\",\"position\":1,\"name\":\"\u0627\u0644\u0631\u0626\u064a\u0633\u064a\u0629\",\"item\":\"https:\\\/\\\/yasminfood.ch\\\/de\\\/zuhause\\\/\"},{\"@type\":\"ListItem\",\"position\":2,\"name\":\"Shop\",\"item\":\"https:\\\/\\\/yasminfood.ch\\\/de\\\/shop\\\/\"},{\"@type\":\"ListItem\",\"position\":3,\"name\":\"Dessert &amp; Chips\",\"item\":\"https:\\\/\\\/yasminfood.ch\\\/de\\\/produkt-kategorie\\\/dessert-chips-2\\\/\"},{\"@type\":\"ListItem\",\"position\":4,\"name\":\"Arabische s\u00fc\u00dfigkeiten\",\"item\":\"https:\\\/\\\/yasminfood.ch\\\/de\\\/produkt-kategorie\\\/dessert-chips-2\\\/arabische-suessigkeiten\\\/\"},{\"@type\":\"ListItem\",\"position\":5,\"name\":\"Dreieckiger Komfort mit Pistazien 1 kg\"}]},{\"@type\":\"WebSite\",\"@id\":\"https:\\\/\\\/yasminfood.ch\\\/de\\\/#website\",\"url\":\"https:\\\/\\\/yasminfood.ch\\\/de\\\/\",\"name\":\"\u064a\u0627\u0633\u0645\u064a\u0646 \u0645\u0627\u0631\u0643\u062a\",\"description\":\"Alles, was Sie brauchen, an einem Ort\",\"publisher\":{\"@id\":\"https:\\\/\\\/yasminfood.ch\\\/de\\\/#organization\"},\"alternateName\":\"Yasmin Food\",\"potentialAction\":[{\"@type\":\"SearchAction\",\"target\":{\"@type\":\"EntryPoint\",\"urlTemplate\":\"https:\\\/\\\/yasminfood.ch\\\/de\\\/?s={search_term_string}\"},\"query-input\":{\"@type\":\"PropertyValueSpecification\",\"valueRequired\":true,\"valueName\":\"search_term_string\"}}],\"inLanguage\":\"de\"},{\"@type\":\"Organization\",\"@id\":\"https:\\\/\\\/yasminfood.ch\\\/de\\\/#organization\",\"name\":\"\u064a\u0627\u0633\u0645\u064a\u0646 \u0645\u0627\u0631\u0643\u062a\",\"alternateName\":\"Yasmin Food\",\"url\":\"https:\\\/\\\/yasminfood.ch\\\/de\\\/\",\"logo\":{\"@type\":\"ImageObject\",\"inLanguage\":\"de\",\"@id\":\"https:\\\/\\\/yasminfood.ch\\\/de\\\/#\\\/schema\\\/logo\\\/image\\\/\",\"url\":\"https:\\\/\\\/yasminfood.ch\\\/wp-content\\\/uploads\\\/2025\\\/05\\\/yasmin-food-header-logo.png\",\"contentUrl\":\"https:\\\/\\\/yasminfood.ch\\\/wp-content\\\/uploads\\\/2025\\\/05\\\/yasmin-food-header-logo.png\",\"width\":330,\"height\":120,\"caption\":\"\u064a\u0627\u0633\u0645\u064a\u0646 \u0645\u0627\u0631\u0643\u062a\"},\"image\":{\"@id\":\"https:\\\/\\\/yasminfood.ch\\\/de\\\/#\\\/schema\\\/logo\\\/image\\\/\"},\"sameAs\":[\"https:\\\/\\\/www.facebook.com\\\/yasminmarkt1\",\"https:\\\/\\\/www.tiktok.com\\\/@yasminmarkt\",\"https:\\\/\\\/www.instagram.com\\\/yasmin.markt1\\\/\",\"https:\\\/\\\/api.whatsapp.com\\\/send\\\/?phone=41799000104\"],\"publishingPrinciples\":\"https:\\\/\\\/yasminfood.ch\\\/de\\\/shop\\\/\",\"ownershipFundingInfo\":\"https:\\\/\\\/yasminfood.ch\\\/de\\\/shop\\\/\"}]}<\/script>\n<meta property=\"product:price:amount\" content=\"28.00\" \/>\n<meta property=\"product:price:currency\" content=\"CHF\" \/>\n<meta property=\"og:availability\" content=\"out of stock\" \/>\n<meta property=\"product:availability\" content=\"out of stock\" \/>\n<meta property=\"product:condition\" content=\"new\" \/>\n<!-- \/ Yoast SEO Premium plugin. -->","yoast_head_json":{"title":"Dreieckiger Komfort mit Pistazien 1 kg - Yasmin Food","description":"Genie\u00dfen Sie den Geschmack des Ostens mit einem dreieckigen Komfort mit Pistazien 1 Kilo. Mit einem Geschmack, der auf der Zunge zergeht, vers\u00fc\u00dfen Sie sich jetzt Ihre Momente! Yasmin Food Dreieckiger Komfort mit Pistazien 1 kg","robots":{"index":"index","follow":"follow","max-snippet":"max-snippet:-1","max-image-preview":"max-image-preview:large","max-video-preview":"max-video-preview:-1"},"canonical":"https:\/\/yasminfood.ch\/de\/product\/dreieckiger-komfort-mit-pistazien-1-kg\/","og_locale":"de_DE","og_type":"article","og_title":"Dreieckiger Komfort mit Pistazien 1 kg","og_description":"\ud83c\udf6c Triangle Comfort mit Pistazien \u2013 1 kg  Luxuri\u00f6ser orientalischer Geschmack... Mit Mund schmelzen! Verw\u00f6hnen Sie Ihre Sinne mit dreieckigem Pistazienkomfort auf traditionelle Weise Um Ihnen eine au\u00dfergew\u00f6hnlich weiche und zarte Textur zu verleihen, verleihen die luxuri\u00f6sen Pistazien einen k\u00f6stlichen Crunch und einen unwiderstehlichen Geschmack.","og_url":"https:\/\/yasminfood.ch\/de\/product\/dreieckiger-komfort-mit-pistazien-1-kg\/","og_site_name":"Yasmin Food","article_publisher":"https:\/\/www.facebook.com\/yasminmarkt1","article_modified_time":"2025-06-19T22:48:59+00:00","og_image":[{"width":1080,"height":1080,"url":"https:\/\/yasminfood.ch\/wp-content\/uploads\/2025\/06\/\u0631\u0627\u062d\u0629-\u0645\u062b\u0644\u062b\u0629-\u0628\u0627\u0644\u0641\u0633\u062a\u0642-1-\u0643\u064a\u0644\u0648.png","type":"image\/png"}],"twitter_card":"summary_large_image","twitter_misc":{"Preis":"28.00&nbsp;&#67;&#72;&#70;","Verf\u00fcgbarkeit":"ausverkauft"},"schema":{"@context":"https:\/\/schema.org","@graph":[{"@type":"WebPage","@id":"https:\/\/yasminfood.ch\/de\/product\/dreieckiger-komfort-mit-pistazien-1-kg\/","url":"https:\/\/yasminfood.ch\/de\/product\/dreieckiger-komfort-mit-pistazien-1-kg\/","name":"Dreieckiger Komfort mit Pistazien 1 kg - Yasmin Food","isPartOf":{"@id":"https:\/\/yasminfood.ch\/de\/#website"},"primaryImageOfPage":{"@id":"https:\/\/yasminfood.ch\/de\/product\/dreieckiger-komfort-mit-pistazien-1-kg\/#primaryimage"},"image":{"@id":"https:\/\/yasminfood.ch\/de\/product\/dreieckiger-komfort-mit-pistazien-1-kg\/#primaryimage"},"thumbnailUrl":"https:\/\/yasminfood.ch\/wp-content\/uploads\/2025\/06\/\u0631\u0627\u062d\u0629-\u0645\u062b\u0644\u062b\u0629-\u0628\u0627\u0644\u0641\u0633\u062a\u0642-1-\u0643\u064a\u0644\u0648.png","datePublished":"2025-06-03T15:48:12+00:00","dateModified":"2025-06-19T22:48:59+00:00","description":"Genie\u00dfen Sie den Geschmack des Ostens mit einem dreieckigen Komfort mit Pistazien 1 Kilo. Mit einem Geschmack, der auf der Zunge zergeht, vers\u00fc\u00dfen Sie sich jetzt Ihre Momente! Yasmin Food Dreieckiger Komfort mit Pistazien 1 kg","breadcrumb":{"@id":"https:\/\/yasminfood.ch\/de\/product\/dreieckiger-komfort-mit-pistazien-1-kg\/#breadcrumb"},"inLanguage":"de","potentialAction":[{"@type":"ReadAction","target":["https:\/\/yasminfood.ch\/de\/product\/dreieckiger-komfort-mit-pistazien-1-kg\/"]}]},{"@type":"ImageObject","inLanguage":"de","@id":"https:\/\/yasminfood.ch\/de\/product\/dreieckiger-komfort-mit-pistazien-1-kg\/#primaryimage","url":"https:\/\/yasminfood.ch\/wp-content\/uploads\/2025\/06\/\u0631\u0627\u062d\u0629-\u0645\u062b\u0644\u062b\u0629-\u0628\u0627\u0644\u0641\u0633\u062a\u0642-1-\u0643\u064a\u0644\u0648.png","contentUrl":"https:\/\/yasminfood.ch\/wp-content\/uploads\/2025\/06\/\u0631\u0627\u062d\u0629-\u0645\u062b\u0644\u062b\u0629-\u0628\u0627\u0644\u0641\u0633\u062a\u0642-1-\u0643\u064a\u0644\u0648.png","width":1080,"height":1080,"caption":"Dreieckiger Komfort mit Pistazien 1 kg"},{"@type":"BreadcrumbList","@id":"https:\/\/yasminfood.ch\/de\/product\/dreieckiger-komfort-mit-pistazien-1-kg\/#breadcrumb","itemListElement":[{"@type":"ListItem","position":1,"name":"\u0627\u0644\u0631\u0626\u064a\u0633\u064a\u0629","item":"https:\/\/yasminfood.ch\/de\/zuhause\/"},{"@type":"ListItem","position":2,"name":"Shop","item":"https:\/\/yasminfood.ch\/de\/shop\/"},{"@type":"ListItem","position":3,"name":"Dessert &amp; Chips","item":"https:\/\/yasminfood.ch\/de\/produkt-kategorie\/dessert-chips-2\/"},{"@type":"ListItem","position":4,"name":"Arabische s\u00fc\u00dfigkeiten","item":"https:\/\/yasminfood.ch\/de\/produkt-kategorie\/dessert-chips-2\/arabische-suessigkeiten\/"},{"@type":"ListItem","position":5,"name":"Dreieckiger Komfort mit Pistazien 1 kg"}]},{"@type":"WebSite","@id":"https:\/\/yasminfood.ch\/de\/#website","url":"https:\/\/yasminfood.ch\/de\/","name":"\u064a\u0627\u0633\u0645\u064a\u0646 \u0645\u0627\u0631\u0643\u062a","description":"Alles, was Sie brauchen, an einem Ort","publisher":{"@id":"https:\/\/yasminfood.ch\/de\/#organization"},"alternateName":"Yasmin Food","potentialAction":[{"@type":"SearchAction","target":{"@type":"EntryPoint","urlTemplate":"https:\/\/yasminfood.ch\/de\/?s={search_term_string}"},"query-input":{"@type":"PropertyValueSpecification","valueRequired":true,"valueName":"search_term_string"}}],"inLanguage":"de"},{"@type":"Organization","@id":"https:\/\/yasminfood.ch\/de\/#organization","name":"\u064a\u0627\u0633\u0645\u064a\u0646 \u0645\u0627\u0631\u0643\u062a","alternateName":"Yasmin Food","url":"https:\/\/yasminfood.ch\/de\/","logo":{"@type":"ImageObject","inLanguage":"de","@id":"https:\/\/yasminfood.ch\/de\/#\/schema\/logo\/image\/","url":"https:\/\/yasminfood.ch\/wp-content\/uploads\/2025\/05\/yasmin-food-header-logo.png","contentUrl":"https:\/\/yasminfood.ch\/wp-content\/uploads\/2025\/05\/yasmin-food-header-logo.png","width":330,"height":120,"caption":"\u064a\u0627\u0633\u0645\u064a\u0646 \u0645\u0627\u0631\u0643\u062a"},"image":{"@id":"https:\/\/yasminfood.ch\/de\/#\/schema\/logo\/image\/"},"sameAs":["https:\/\/www.facebook.com\/yasminmarkt1","https:\/\/www.tiktok.com\/@yasminmarkt","https:\/\/www.instagram.com\/yasmin.markt1\/","https:\/\/api.whatsapp.com\/send\/?phone=41799000104"],"publishingPrinciples":"https:\/\/yasminfood.ch\/de\/shop\/","ownershipFundingInfo":"https:\/\/yasminfood.ch\/de\/shop\/"}]},"product_price_amount":"28.00","product_price_currency":"CHF","og_availability":"out of stock","product_availability":"out of stock","product_condition":"new"},"jetpack_sharing_enabled":true,"_links":{"self":[{"href":"https:\/\/yasminfood.ch\/de\/wp-json\/wp\/v2\/product\/116911","targetHints":{"allow":["GET"]}}],"collection":[{"href":"https:\/\/yasminfood.ch\/de\/wp-json\/wp\/v2\/product"}],"about":[{"href":"https:\/\/yasminfood.ch\/de\/wp-json\/wp\/v2\/types\/product"}],"replies":[{"embeddable":true,"href":"https:\/\/yasminfood.ch\/de\/wp-json\/wp\/v2\/comments?post=116911"}],"version-history":[{"count":0,"href":"https:\/\/yasminfood.ch\/de\/wp-json\/wp\/v2\/product\/116911\/revisions"}],"wp:featuredmedia":[{"embeddable":true,"href":"https:\/\/yasminfood.ch\/de\/wp-json\/wp\/v2\/media\/116908"}],"wp:attachment":[{"href":"https:\/\/yasminfood.ch\/de\/wp-json\/wp\/v2\/media?parent=116911"}],"wp:term":[{"taxonomy":"product_brand","embeddable":true,"href":"https:\/\/yasminfood.ch\/de\/wp-json\/wp\/v2\/product_brand?post=116911"},{"taxonomy":"product_cat","embeddable":true,"href":"https:\/\/yasminfood.ch\/de\/wp-json\/wp\/v2\/product_cat?post=116911"},{"taxonomy":"product_tag","embeddable":true,"href":"https:\/\/yasminfood.ch\/de\/wp-json\/wp\/v2\/product_tag?post=116911"}],"curies":[{"name":"wp","href":"https:\/\/api.w.org\/{rel}","templated":true}]}}