{"id":116938,"date":"2025-06-09T01:36:39","date_gmt":"2025-06-08T23:36:39","guid":{"rendered":"https:\/\/yasminfood.ch\/product\/tonsa-haehnchenbruehe-200-gr-20-beutel\/"},"modified":"2025-06-20T00:48:56","modified_gmt":"2025-06-19T22:48:56","slug":"tonsa-haehnchenbruehe-200-gr-20-beutel","status":"publish","type":"product","link":"https:\/\/yasminfood.ch\/de\/product\/tonsa-haehnchenbruehe-200-gr-20-beutel\/","title":{"rendered":"Tonsa H\u00e4hnchenbr\u00fche 200 gr 20 Beutel"},"content":{"rendered":"<h1 class=\"page-heading\">Tonsa H\u00e4hnchenbr\u00fche 200 gr 20 Beutel<\/h1>\n<ul>\n<li>Verleihen Sie Ihren Gerichten einen authentischen und reichhaltigen Geschmack mit <strong data-start=\"229\" data-end=\"252\">Tonsa H\u00e4hnchenbr\u00fche<\/strong>,<\/li>\n<li>Die ideale Wahl f\u00fcr jede K\u00fcche, die ein Gleichgewicht zwischen Geschmack und Sparsamkeit sucht.<\/li>\n<li>Die Packung enth\u00e4lt <strong data-start=\"331\" data-end=\"350\">20 einzelne Umschl\u00e4ge<\/strong> mit einem Gewicht von <strong data-start=\"364\" data-end=\"375\">jeweils 10 Gramm<\/strong>,<\/li>\n<li>Um Ihnen eine einfache Bedienung und praktische Aufbewahrung zu bieten.<\/li>\n<li>\n<h4 data-start=\"426\" data-end=\"447\">\u2705 <strong data-start=\"433\" data-end=\"447\">Leistungsbeschreibung:<\/strong><\/h4>\n<ul data-start=\"448\" data-end=\"649\">\n<li data-start=\"448\" data-end=\"495\">\n<p data-start=\"450\" data-end=\"495\"><strong data-start=\"450\" data-end=\"467\">Nettogewicht:<\/strong> 200 g (20 Beutel \u00d7 10 g)<\/p>\n<\/li>\n<li data-start=\"496\" data-end=\"532\">\n<p data-start=\"498\" data-end=\"532\"><strong data-start=\"498\" data-end=\"509\">Geschmack:<\/strong> Huhn<\/p>\n<\/li>\n<li data-start=\"533\" data-end=\"594\">\n<p data-start=\"535\" data-end=\"594\"><strong data-start=\"535\" data-end=\"551\">Verwendung:<\/strong> Suppen, Reis, Aufl\u00e4ufe, Br\u00fchen, Dressings <\/p>\n<\/li>\n<li data-start=\"533\" data-end=\"594\">\n<h4 data-start=\"656\" data-end=\"677\">\ud83d\udca1 <strong data-start=\"664\" data-end=\"677\">Funktionen:<\/strong><\/h4>\n<ul data-start=\"678\" data-end=\"849\">\n<li data-start=\"678\" data-end=\"717\">\n<p data-start=\"680\" data-end=\"717\">Ein nat\u00fcrlicher und konzentrierter Geschmack, der Ihren Gerichten Reichhaltigkeit verleiht<\/p>\n<\/li>\n<li data-start=\"718\" data-end=\"780\">\n<p data-start=\"720\" data-end=\"780\">Einfach zu bedienen \u2013 geben Sie den Umschlag einfach in kochendes Wasser oder w\u00e4hrend des Kochens<\/p>\n<\/li>\n<li data-start=\"781\" data-end=\"812\">\n<p data-start=\"783\" data-end=\"812\">Praktische Verf\u00fcgbarkeit durch individuelle Verpackung<\/p>\n<\/li>\n<li data-start=\"813\" data-end=\"849\">\n<p data-start=\"815\" data-end=\"849\">Ideal f\u00fcr den privaten oder professionellen Einsatz<\/p>\n<\/li>\n<\/ul>\n<\/li>\n<\/ul>\n<\/li>\n<\/ul>\n","protected":false},"excerpt":{"rendered":"<h1 class=\"page-heading ai-optimize-23\">Tonsa H\u00e4hnchenbr\u00fche 200 gr 20 Beutel<\/h1>\n<ul>\n<li class=\"ai-optimize-24 ai-optimize-introduction\">Verleihen Sie Ihren Gerichten einen authentischen und reichhaltigen Geschmack mit <strong data-start=\"229\" data-end=\"252\">Tonsa H\u00e4hnchenbr\u00fche<\/strong>,<\/li>\n<li class=\"ai-optimize-24\">Die ideale Wahl f\u00fcr jede K\u00fcche, die ein Gleichgewicht zwischen Geschmack und Sparsamkeit sucht.<\/li>\n<li class=\"ai-optimize-24\">Die Packung enth\u00e4lt <strong data-start=\"331\" data-end=\"350\">20 einzelne Umschl\u00e4ge<\/strong> mit einem Gewicht von <strong data-start=\"364\" data-end=\"375\">jeweils 10 Gramm<\/strong>,<\/li>\n<li class=\"ai-optimize-24\">Um Ihnen eine einfache Bedienung und praktische Aufbewahrung zu bieten.<\/li>\n<\/ul>\n","protected":false},"featured_media":120727,"comment_status":"open","ping_status":"closed","template":"","meta":[],"product_brand":[],"product_cat":[356,364],"product_tag":[],"class_list":{"0":"post-116938","1":"product","2":"type-product","3":"status-publish","4":"has-post-thumbnail","6":"product_cat-gewuerze-nuesse","7":"product_cat-huhnerfleischbruhe-suppen","9":"first","10":"instock","11":"taxable","12":"shipping-taxable","13":"purchasable","14":"product-type-simple"},"yoast_head":"<!-- This site is optimized with the Yoast SEO Premium plugin v26.5 (Yoast SEO v27.4) - https:\/\/yoast.com\/product\/yoast-seo-premium-wordpress\/ -->\n<title>Tonsa H\u00e4hnchenbr\u00fche 200 gr 20 Beutel - Yasmin Food<\/title>\n<meta name=\"description\" content=\"Genie\u00dfen Sie einen authentischen Geschmack zu jeder Mahlzeit mit Tonsa Chicken Bouillon 200g 20 Beutel. Holen Sie sich noch heute Qualit\u00e4t und Geschmack zu einem erschwinglichen Preis! Yasmin Food\" \/>\n<meta name=\"robots\" content=\"index, follow, max-snippet:-1, max-image-preview:large, max-video-preview:-1\" \/>\n<link rel=\"canonical\" href=\"https:\/\/yasminfood.ch\/de\/product\/tonsa-haehnchenbruehe-200-gr-20-beutel\/\" \/>\n<meta property=\"og:locale\" content=\"de_DE\" \/>\n<meta property=\"og:type\" content=\"article\" \/>\n<meta property=\"og:title\" content=\"Tonsa H\u00e4hnchenbr\u00fche 200 gr 20 Beutel\" \/>\n<meta property=\"og:description\" content=\"Tonsa H\u00e4hnchenbr\u00fche 200 gr 20 Beutel  Verleihen Sie Ihren Gerichten einen authentischen und reichhaltigen Geschmack mit Tonsa H\u00e4hnchenbr\u00fche,  Die ideale Wahl f\u00fcr jede K\u00fcche, die ein Gleichgewicht zwischen Geschmack und Sparsamkeit sucht.  Die Packung enth\u00e4lt 20 einzelne Umschl\u00e4ge mit einem Gewicht von jeweils 10 Gramm,  Um Ihnen eine einfache Bedienung und praktische Aufbewahrung zu bieten.\" \/>\n<meta property=\"og:url\" content=\"https:\/\/yasminfood.ch\/de\/product\/tonsa-haehnchenbruehe-200-gr-20-beutel\/\" \/>\n<meta property=\"og:site_name\" content=\"Yasmin Food\" \/>\n<meta property=\"article:publisher\" content=\"https:\/\/www.facebook.com\/yasminmarkt1\" \/>\n<meta property=\"article:modified_time\" content=\"2025-06-19T22:48:56+00:00\" \/>\n<meta property=\"og:image\" content=\"https:\/\/yasminfood.ch\/wp-content\/uploads\/2025\/06\/\u0645\u0631\u0642\u0629-\u0627\u0644\u062f\u062c\u0627\u062c-\u0627\u0644\u062a\u0648\u0646\u0633\u0627-20-\u0638\u0631\u0641.png\" \/>\n\t<meta property=\"og:image:width\" content=\"1755\" \/>\n\t<meta property=\"og:image:height\" content=\"1755\" \/>\n\t<meta property=\"og:image:type\" content=\"image\/png\" \/>\n<meta name=\"twitter:card\" content=\"summary_large_image\" \/>\n<meta name=\"twitter:label1\" content=\"Preis\" \/>\n\t<meta name=\"twitter:data1\" content=\"5.50&nbsp;&#067;&#072;&#070;\" \/>\n\t<meta name=\"twitter:label2\" content=\"Verf\u00fcgbarkeit\" \/>\n\t<meta name=\"twitter:data2\" content=\"Auf Lager\" \/>\n<script type=\"application\/ld+json\" class=\"yoast-schema-graph\">{\"@context\":\"https:\\\/\\\/schema.org\",\"@graph\":[{\"@type\":\"WebPage\",\"@id\":\"https:\\\/\\\/yasminfood.ch\\\/de\\\/product\\\/tonsa-haehnchenbruehe-200-gr-20-beutel\\\/\",\"url\":\"https:\\\/\\\/yasminfood.ch\\\/de\\\/product\\\/tonsa-haehnchenbruehe-200-gr-20-beutel\\\/\",\"name\":\"Tonsa H\u00e4hnchenbr\u00fche 200 gr 20 Beutel - Yasmin Food\",\"isPartOf\":{\"@id\":\"https:\\\/\\\/yasminfood.ch\\\/de\\\/#website\"},\"primaryImageOfPage\":{\"@id\":\"https:\\\/\\\/yasminfood.ch\\\/de\\\/product\\\/tonsa-haehnchenbruehe-200-gr-20-beutel\\\/#primaryimage\"},\"image\":{\"@id\":\"https:\\\/\\\/yasminfood.ch\\\/de\\\/product\\\/tonsa-haehnchenbruehe-200-gr-20-beutel\\\/#primaryimage\"},\"thumbnailUrl\":\"https:\\\/\\\/yasminfood.ch\\\/wp-content\\\/uploads\\\/2025\\\/06\\\/\u0645\u0631\u0642\u0629-\u0627\u0644\u062f\u062c\u0627\u062c-\u0627\u0644\u062a\u0648\u0646\u0633\u0627-20-\u0638\u0631\u0641.png\",\"datePublished\":\"2025-06-08T23:36:39+00:00\",\"dateModified\":\"2025-06-19T22:48:56+00:00\",\"description\":\"Genie\u00dfen Sie einen authentischen Geschmack zu jeder Mahlzeit mit Tonsa Chicken Bouillon 200g 20 Beutel. Holen Sie sich noch heute Qualit\u00e4t und Geschmack zu einem erschwinglichen Preis! Yasmin Food\",\"breadcrumb\":{\"@id\":\"https:\\\/\\\/yasminfood.ch\\\/de\\\/product\\\/tonsa-haehnchenbruehe-200-gr-20-beutel\\\/#breadcrumb\"},\"inLanguage\":\"de\",\"potentialAction\":[{\"@type\":\"ReadAction\",\"target\":[\"https:\\\/\\\/yasminfood.ch\\\/de\\\/product\\\/tonsa-haehnchenbruehe-200-gr-20-beutel\\\/\"]}]},{\"@type\":\"ImageObject\",\"inLanguage\":\"de\",\"@id\":\"https:\\\/\\\/yasminfood.ch\\\/de\\\/product\\\/tonsa-haehnchenbruehe-200-gr-20-beutel\\\/#primaryimage\",\"url\":\"https:\\\/\\\/yasminfood.ch\\\/wp-content\\\/uploads\\\/2025\\\/06\\\/\u0645\u0631\u0642\u0629-\u0627\u0644\u062f\u062c\u0627\u062c-\u0627\u0644\u062a\u0648\u0646\u0633\u0627-20-\u0638\u0631\u0641.png\",\"contentUrl\":\"https:\\\/\\\/yasminfood.ch\\\/wp-content\\\/uploads\\\/2025\\\/06\\\/\u0645\u0631\u0642\u0629-\u0627\u0644\u062f\u062c\u0627\u062c-\u0627\u0644\u062a\u0648\u0646\u0633\u0627-20-\u0638\u0631\u0641.png\",\"width\":1755,\"height\":1755,\"caption\":\"\u0645\u0631\u0642\u0629 \u0627\u0644\u062f\u062c\u0627\u062c \u0627\u0644\u062a\u0648\u0646\u0633\u0627 200 \u063a\u0631\u0627\u0645 20 \u0638\u0631\u0641\"},{\"@type\":\"BreadcrumbList\",\"@id\":\"https:\\\/\\\/yasminfood.ch\\\/de\\\/product\\\/tonsa-haehnchenbruehe-200-gr-20-beutel\\\/#breadcrumb\",\"itemListElement\":[{\"@type\":\"ListItem\",\"position\":1,\"name\":\"\u0627\u0644\u0631\u0626\u064a\u0633\u064a\u0629\",\"item\":\"https:\\\/\\\/yasminfood.ch\\\/de\\\/zuhause\\\/\"},{\"@type\":\"ListItem\",\"position\":2,\"name\":\"Shop\",\"item\":\"https:\\\/\\\/yasminfood.ch\\\/de\\\/shop\\\/\"},{\"@type\":\"ListItem\",\"position\":3,\"name\":\"Gew\u00fcrze &amp; N\u00fcsse\",\"item\":\"https:\\\/\\\/yasminfood.ch\\\/de\\\/produkt-kategorie\\\/gewuerze-nuesse\\\/\"},{\"@type\":\"ListItem\",\"position\":4,\"name\":\"H\u00fchnerfleischbr\u00fche-Suppen\",\"item\":\"https:\\\/\\\/yasminfood.ch\\\/de\\\/produkt-kategorie\\\/gewuerze-nuesse\\\/huhnerfleischbruhe-suppen\\\/\"},{\"@type\":\"ListItem\",\"position\":5,\"name\":\"Tonsa H\u00e4hnchenbr\u00fche 200 gr 20 Beutel\"}]},{\"@type\":\"WebSite\",\"@id\":\"https:\\\/\\\/yasminfood.ch\\\/de\\\/#website\",\"url\":\"https:\\\/\\\/yasminfood.ch\\\/de\\\/\",\"name\":\"\u064a\u0627\u0633\u0645\u064a\u0646 \u0645\u0627\u0631\u0643\u062a\",\"description\":\"Alles, was Sie brauchen, an einem Ort\",\"publisher\":{\"@id\":\"https:\\\/\\\/yasminfood.ch\\\/de\\\/#organization\"},\"alternateName\":\"Yasmin Food\",\"potentialAction\":[{\"@type\":\"SearchAction\",\"target\":{\"@type\":\"EntryPoint\",\"urlTemplate\":\"https:\\\/\\\/yasminfood.ch\\\/de\\\/?s={search_term_string}\"},\"query-input\":{\"@type\":\"PropertyValueSpecification\",\"valueRequired\":true,\"valueName\":\"search_term_string\"}}],\"inLanguage\":\"de\"},{\"@type\":\"Organization\",\"@id\":\"https:\\\/\\\/yasminfood.ch\\\/de\\\/#organization\",\"name\":\"\u064a\u0627\u0633\u0645\u064a\u0646 \u0645\u0627\u0631\u0643\u062a\",\"alternateName\":\"Yasmin Food\",\"url\":\"https:\\\/\\\/yasminfood.ch\\\/de\\\/\",\"logo\":{\"@type\":\"ImageObject\",\"inLanguage\":\"de\",\"@id\":\"https:\\\/\\\/yasminfood.ch\\\/de\\\/#\\\/schema\\\/logo\\\/image\\\/\",\"url\":\"https:\\\/\\\/yasminfood.ch\\\/wp-content\\\/uploads\\\/2025\\\/05\\\/yasmin-food-header-logo.png\",\"contentUrl\":\"https:\\\/\\\/yasminfood.ch\\\/wp-content\\\/uploads\\\/2025\\\/05\\\/yasmin-food-header-logo.png\",\"width\":330,\"height\":120,\"caption\":\"\u064a\u0627\u0633\u0645\u064a\u0646 \u0645\u0627\u0631\u0643\u062a\"},\"image\":{\"@id\":\"https:\\\/\\\/yasminfood.ch\\\/de\\\/#\\\/schema\\\/logo\\\/image\\\/\"},\"sameAs\":[\"https:\\\/\\\/www.facebook.com\\\/yasminmarkt1\",\"https:\\\/\\\/www.tiktok.com\\\/@yasminmarkt\",\"https:\\\/\\\/www.instagram.com\\\/yasmin.markt1\\\/\",\"https:\\\/\\\/api.whatsapp.com\\\/send\\\/?phone=41799000104\"],\"publishingPrinciples\":\"https:\\\/\\\/yasminfood.ch\\\/de\\\/shop\\\/\",\"ownershipFundingInfo\":\"https:\\\/\\\/yasminfood.ch\\\/de\\\/shop\\\/\"}]}<\/script>\n<meta property=\"product:price:amount\" content=\"5.50\" \/>\n<meta property=\"product:price:currency\" content=\"CHF\" \/>\n<meta property=\"og:availability\" content=\"instock\" \/>\n<meta property=\"product:availability\" content=\"instock\" \/>\n<meta property=\"product:condition\" content=\"new\" \/>\n<!-- \/ Yoast SEO Premium plugin. -->","yoast_head_json":{"title":"Tonsa H\u00e4hnchenbr\u00fche 200 gr 20 Beutel - Yasmin Food","description":"Genie\u00dfen Sie einen authentischen Geschmack zu jeder Mahlzeit mit Tonsa Chicken Bouillon 200g 20 Beutel. Holen Sie sich noch heute Qualit\u00e4t und Geschmack zu einem erschwinglichen Preis! Yasmin Food","robots":{"index":"index","follow":"follow","max-snippet":"max-snippet:-1","max-image-preview":"max-image-preview:large","max-video-preview":"max-video-preview:-1"},"canonical":"https:\/\/yasminfood.ch\/de\/product\/tonsa-haehnchenbruehe-200-gr-20-beutel\/","og_locale":"de_DE","og_type":"article","og_title":"Tonsa H\u00e4hnchenbr\u00fche 200 gr 20 Beutel","og_description":"Tonsa H\u00e4hnchenbr\u00fche 200 gr 20 Beutel  Verleihen Sie Ihren Gerichten einen authentischen und reichhaltigen Geschmack mit Tonsa H\u00e4hnchenbr\u00fche,  Die ideale Wahl f\u00fcr jede K\u00fcche, die ein Gleichgewicht zwischen Geschmack und Sparsamkeit sucht.  Die Packung enth\u00e4lt 20 einzelne Umschl\u00e4ge mit einem Gewicht von jeweils 10 Gramm,  Um Ihnen eine einfache Bedienung und praktische Aufbewahrung zu bieten.","og_url":"https:\/\/yasminfood.ch\/de\/product\/tonsa-haehnchenbruehe-200-gr-20-beutel\/","og_site_name":"Yasmin Food","article_publisher":"https:\/\/www.facebook.com\/yasminmarkt1","article_modified_time":"2025-06-19T22:48:56+00:00","og_image":[{"width":1755,"height":1755,"url":"https:\/\/yasminfood.ch\/wp-content\/uploads\/2025\/06\/\u0645\u0631\u0642\u0629-\u0627\u0644\u062f\u062c\u0627\u062c-\u0627\u0644\u062a\u0648\u0646\u0633\u0627-20-\u0638\u0631\u0641.png","type":"image\/png"}],"twitter_card":"summary_large_image","twitter_misc":{"Preis":"5.50&nbsp;&#67;&#72;&#70;","Verf\u00fcgbarkeit":"Auf Lager"},"schema":{"@context":"https:\/\/schema.org","@graph":[{"@type":"WebPage","@id":"https:\/\/yasminfood.ch\/de\/product\/tonsa-haehnchenbruehe-200-gr-20-beutel\/","url":"https:\/\/yasminfood.ch\/de\/product\/tonsa-haehnchenbruehe-200-gr-20-beutel\/","name":"Tonsa H\u00e4hnchenbr\u00fche 200 gr 20 Beutel - Yasmin Food","isPartOf":{"@id":"https:\/\/yasminfood.ch\/de\/#website"},"primaryImageOfPage":{"@id":"https:\/\/yasminfood.ch\/de\/product\/tonsa-haehnchenbruehe-200-gr-20-beutel\/#primaryimage"},"image":{"@id":"https:\/\/yasminfood.ch\/de\/product\/tonsa-haehnchenbruehe-200-gr-20-beutel\/#primaryimage"},"thumbnailUrl":"https:\/\/yasminfood.ch\/wp-content\/uploads\/2025\/06\/\u0645\u0631\u0642\u0629-\u0627\u0644\u062f\u062c\u0627\u062c-\u0627\u0644\u062a\u0648\u0646\u0633\u0627-20-\u0638\u0631\u0641.png","datePublished":"2025-06-08T23:36:39+00:00","dateModified":"2025-06-19T22:48:56+00:00","description":"Genie\u00dfen Sie einen authentischen Geschmack zu jeder Mahlzeit mit Tonsa Chicken Bouillon 200g 20 Beutel. Holen Sie sich noch heute Qualit\u00e4t und Geschmack zu einem erschwinglichen Preis! Yasmin Food","breadcrumb":{"@id":"https:\/\/yasminfood.ch\/de\/product\/tonsa-haehnchenbruehe-200-gr-20-beutel\/#breadcrumb"},"inLanguage":"de","potentialAction":[{"@type":"ReadAction","target":["https:\/\/yasminfood.ch\/de\/product\/tonsa-haehnchenbruehe-200-gr-20-beutel\/"]}]},{"@type":"ImageObject","inLanguage":"de","@id":"https:\/\/yasminfood.ch\/de\/product\/tonsa-haehnchenbruehe-200-gr-20-beutel\/#primaryimage","url":"https:\/\/yasminfood.ch\/wp-content\/uploads\/2025\/06\/\u0645\u0631\u0642\u0629-\u0627\u0644\u062f\u062c\u0627\u062c-\u0627\u0644\u062a\u0648\u0646\u0633\u0627-20-\u0638\u0631\u0641.png","contentUrl":"https:\/\/yasminfood.ch\/wp-content\/uploads\/2025\/06\/\u0645\u0631\u0642\u0629-\u0627\u0644\u062f\u062c\u0627\u062c-\u0627\u0644\u062a\u0648\u0646\u0633\u0627-20-\u0638\u0631\u0641.png","width":1755,"height":1755,"caption":"\u0645\u0631\u0642\u0629 \u0627\u0644\u062f\u062c\u0627\u062c \u0627\u0644\u062a\u0648\u0646\u0633\u0627 200 \u063a\u0631\u0627\u0645 20 \u0638\u0631\u0641"},{"@type":"BreadcrumbList","@id":"https:\/\/yasminfood.ch\/de\/product\/tonsa-haehnchenbruehe-200-gr-20-beutel\/#breadcrumb","itemListElement":[{"@type":"ListItem","position":1,"name":"\u0627\u0644\u0631\u0626\u064a\u0633\u064a\u0629","item":"https:\/\/yasminfood.ch\/de\/zuhause\/"},{"@type":"ListItem","position":2,"name":"Shop","item":"https:\/\/yasminfood.ch\/de\/shop\/"},{"@type":"ListItem","position":3,"name":"Gew\u00fcrze &amp; N\u00fcsse","item":"https:\/\/yasminfood.ch\/de\/produkt-kategorie\/gewuerze-nuesse\/"},{"@type":"ListItem","position":4,"name":"H\u00fchnerfleischbr\u00fche-Suppen","item":"https:\/\/yasminfood.ch\/de\/produkt-kategorie\/gewuerze-nuesse\/huhnerfleischbruhe-suppen\/"},{"@type":"ListItem","position":5,"name":"Tonsa H\u00e4hnchenbr\u00fche 200 gr 20 Beutel"}]},{"@type":"WebSite","@id":"https:\/\/yasminfood.ch\/de\/#website","url":"https:\/\/yasminfood.ch\/de\/","name":"\u064a\u0627\u0633\u0645\u064a\u0646 \u0645\u0627\u0631\u0643\u062a","description":"Alles, was Sie brauchen, an einem Ort","publisher":{"@id":"https:\/\/yasminfood.ch\/de\/#organization"},"alternateName":"Yasmin Food","potentialAction":[{"@type":"SearchAction","target":{"@type":"EntryPoint","urlTemplate":"https:\/\/yasminfood.ch\/de\/?s={search_term_string}"},"query-input":{"@type":"PropertyValueSpecification","valueRequired":true,"valueName":"search_term_string"}}],"inLanguage":"de"},{"@type":"Organization","@id":"https:\/\/yasminfood.ch\/de\/#organization","name":"\u064a\u0627\u0633\u0645\u064a\u0646 \u0645\u0627\u0631\u0643\u062a","alternateName":"Yasmin Food","url":"https:\/\/yasminfood.ch\/de\/","logo":{"@type":"ImageObject","inLanguage":"de","@id":"https:\/\/yasminfood.ch\/de\/#\/schema\/logo\/image\/","url":"https:\/\/yasminfood.ch\/wp-content\/uploads\/2025\/05\/yasmin-food-header-logo.png","contentUrl":"https:\/\/yasminfood.ch\/wp-content\/uploads\/2025\/05\/yasmin-food-header-logo.png","width":330,"height":120,"caption":"\u064a\u0627\u0633\u0645\u064a\u0646 \u0645\u0627\u0631\u0643\u062a"},"image":{"@id":"https:\/\/yasminfood.ch\/de\/#\/schema\/logo\/image\/"},"sameAs":["https:\/\/www.facebook.com\/yasminmarkt1","https:\/\/www.tiktok.com\/@yasminmarkt","https:\/\/www.instagram.com\/yasmin.markt1\/","https:\/\/api.whatsapp.com\/send\/?phone=41799000104"],"publishingPrinciples":"https:\/\/yasminfood.ch\/de\/shop\/","ownershipFundingInfo":"https:\/\/yasminfood.ch\/de\/shop\/"}]},"product_price_amount":"5.50","product_price_currency":"CHF","og_availability":"instock","product_availability":"instock","product_condition":"new"},"jetpack_sharing_enabled":true,"_links":{"self":[{"href":"https:\/\/yasminfood.ch\/de\/wp-json\/wp\/v2\/product\/116938","targetHints":{"allow":["GET"]}}],"collection":[{"href":"https:\/\/yasminfood.ch\/de\/wp-json\/wp\/v2\/product"}],"about":[{"href":"https:\/\/yasminfood.ch\/de\/wp-json\/wp\/v2\/types\/product"}],"replies":[{"embeddable":true,"href":"https:\/\/yasminfood.ch\/de\/wp-json\/wp\/v2\/comments?post=116938"}],"version-history":[{"count":0,"href":"https:\/\/yasminfood.ch\/de\/wp-json\/wp\/v2\/product\/116938\/revisions"}],"wp:featuredmedia":[{"embeddable":true,"href":"https:\/\/yasminfood.ch\/de\/wp-json\/wp\/v2\/media\/120727"}],"wp:attachment":[{"href":"https:\/\/yasminfood.ch\/de\/wp-json\/wp\/v2\/media?parent=116938"}],"wp:term":[{"taxonomy":"product_brand","embeddable":true,"href":"https:\/\/yasminfood.ch\/de\/wp-json\/wp\/v2\/product_brand?post=116938"},{"taxonomy":"product_cat","embeddable":true,"href":"https:\/\/yasminfood.ch\/de\/wp-json\/wp\/v2\/product_cat?post=116938"},{"taxonomy":"product_tag","embeddable":true,"href":"https:\/\/yasminfood.ch\/de\/wp-json\/wp\/v2\/product_tag?post=116938"}],"curies":[{"name":"wp","href":"https:\/\/api.w.org\/{rel}","templated":true}]}}