{"id":116948,"date":"2025-06-09T01:49:10","date_gmt":"2025-06-08T23:49:10","guid":{"rendered":"https:\/\/yasminfood.ch\/product\/hummus-mit-tahini-rosenkranz-durra-370g\/"},"modified":"2025-06-20T00:48:54","modified_gmt":"2025-06-19T22:48:54","slug":"hummus-mit-tahini-rosenkranz-durra-370g","status":"publish","type":"product","link":"https:\/\/yasminfood.ch\/de\/product\/hummus-mit-tahini-rosenkranz-durra-370g\/","title":{"rendered":"Hummus mit Tahini Rosenkranz Durra 370g"},"content":{"rendered":"<h5>Hummus mit Tahini Rosenkranz Durra 370g<\/h5>\n<ul>\n<li>\n<div id=\"product-description-short-21158\" class=\"product-description-short sm-bottom\">  Masbaha, ein Tahini mit gekochten Kichererbsen<\/div>\n<\/li>\n<li>\n<div id=\"product-description-short-21158\" class=\"product-description-short sm-bottom\">Und Knoblauch und Zitrone hinzugef\u00fcgt, um zusammen einen k\u00f6stlichen Geschmack zu erhalten, dem man nicht widerstehen kann,<\/div>\n<\/li>\n<li>\n<div id=\"product-description-short-21158\" class=\"product-description-short sm-bottom\">Die Firma Dora hat die k\u00f6stlichsten Rosenkranzsorten vorbereitet,<\/div>\n<\/li>\n<li>\n<div id=\"product-description-short-21158\" class=\"product-description-short sm-bottom\">Dies gilt als eine Art von Vorspeise, die in den arabischen L\u00e4ndern bekannt ist, insbesondere bei den Menschen in der Levante und in Aleppo,<\/div>\n<\/li>\n<li>\n<div id=\"product-description-short-21158\" class=\"product-description-short sm-bottom\">Es wird zum Fr\u00fchst\u00fcck als Snack gegessen und ist neben seinem gro\u00dfen Nutzen, weil es ganze Kichererbsen enth\u00e4lt<\/div>\n<\/li>\n<li>\n<div id=\"product-description-short-21158\" class=\"product-description-short sm-bottom\">Dies tr\u00e4gt wesentlich zur Erhaltung der Knochengesundheit und des Blutzuckerspiegels bei<\/div>\n<\/li>\n<li>\n<div id=\"product-description-short-21158\" class=\"product-description-short sm-bottom\">Dar\u00fcber hinaus gilt es als die am besten geeignete Option zur Gewichtsabnahme bei gleichzeitiger Erhaltung der Gesundheit des K\u00f6rpers.<\/div>\n<div class=\"product-information light-box-bg mb-3\"><\/div>\n<\/li>\n<\/ul>\n","protected":false},"excerpt":{"rendered":"<h5 class=\"ai-optimize-24 ai-optimize-introduction\">Hummus mit Tahini Rosenkranz Durra 370g<\/h5>\n<ul>\n<li class=\"ai-optimize-25\">\n<div id=\"product-description-short-21158\" class=\"product-description-short sm-bottom ai-optimize-introduction\">Masbaha, ein Tahini mit gekochten Kichererbsen<\/div>\n<\/li>\n<li class=\"ai-optimize-25\">\n<div id=\"product-description-short-21158\" class=\"product-description-short sm-bottom\">Und Knoblauch und Zitrone hinzugef\u00fcgt, um zusammen einen k\u00f6stlichen Geschmack zu erhalten, dem man nicht widerstehen kann,<\/div>\n<\/li>\n<li class=\"ai-optimize-25\">\n<div id=\"product-description-short-21158\" class=\"product-description-short sm-bottom\">Und die Firma Dora hat das k\u00f6stlichste Anwa \u00fcber den Rosenkranz zubereitet<\/div>\n<\/li>\n<\/ul>\n","protected":false},"featured_media":116945,"comment_status":"open","ping_status":"closed","template":"","meta":[],"product_brand":[],"product_cat":[267,245],"product_tag":[2193,2269],"class_list":{"0":"post-116948","1":"product","2":"type-product","3":"status-publish","4":"has-post-thumbnail","6":"product_cat-hummus","7":"product_cat-konserven-lebensmittel","8":"product_tag-bereiter-rosenkranz","9":"product_tag-hummus-mit-tahini-rosenkranz-durra-370g","11":"first","12":"instock","13":"taxable","14":"shipping-taxable","15":"purchasable","16":"product-type-simple"},"yoast_head":"<!-- This site is optimized with the Yoast SEO Premium plugin v26.5 (Yoast SEO v27.4) - https:\/\/yoast.com\/product\/yoast-seo-premium-wordpress\/ -->\n<title>Hummus mit Tahini Rosenkranz Durra 370g - Yasmin Food<\/title>\n<meta name=\"description\" content=\"Genie\u00dfen Sie den k\u00f6stlichen Geschmack von Hummus mit Tahini Rosenkranz Durra 370g mit frischen Kichererbsen, Knoblauch und Zitrone. Probieren Sie es als s\u00e4ttigenden Snack! Hummus mit Tahini Rosenkranz Durra 370g\" \/>\n<meta name=\"robots\" content=\"index, follow, max-snippet:-1, max-image-preview:large, max-video-preview:-1\" \/>\n<link rel=\"canonical\" href=\"https:\/\/yasminfood.ch\/de\/product\/hummus-mit-tahini-rosenkranz-durra-370g\/\" \/>\n<meta property=\"og:locale\" content=\"de_DE\" \/>\n<meta property=\"og:type\" content=\"article\" \/>\n<meta property=\"og:title\" content=\"Hummus mit Tahini Rosenkranz Durra 370g\" \/>\n<meta property=\"og:description\" content=\"Hummus mit Tahini Rosenkranz Durra 370g   Masbaha, ein Tahini mit gekochten Kichererbsen  Und Knoblauch und Zitrone hinzugef\u00fcgt, um zusammen einen k\u00f6stlichen Geschmack zu erhalten, dem man nicht widerstehen kann,  Und die Firma Dora hat das k\u00f6stlichste Anwa \u00fcber den Rosenkranz zubereitet\" \/>\n<meta property=\"og:url\" content=\"https:\/\/yasminfood.ch\/de\/product\/hummus-mit-tahini-rosenkranz-durra-370g\/\" \/>\n<meta property=\"og:site_name\" content=\"Yasmin Food\" \/>\n<meta property=\"article:publisher\" content=\"https:\/\/www.facebook.com\/yasminmarkt1\" \/>\n<meta property=\"article:modified_time\" content=\"2025-06-19T22:48:54+00:00\" \/>\n<meta property=\"og:image\" content=\"https:\/\/yasminfood.ch\/wp-content\/uploads\/2025\/06\/\u062d\u0645\u0635-\u0628\u0627\u0644\u0637\u062d\u064a\u0646\u0629-\u0645\u0633\u0628\u062d\u0629-\u0627\u0644\u062f\u0631\u0629-370\u063a.png\" \/>\n\t<meta property=\"og:image:width\" content=\"1080\" \/>\n\t<meta property=\"og:image:height\" content=\"1080\" \/>\n\t<meta property=\"og:image:type\" content=\"image\/png\" \/>\n<meta name=\"twitter:card\" content=\"summary_large_image\" \/>\n<meta name=\"twitter:label1\" content=\"Preis\" \/>\n\t<meta name=\"twitter:data1\" content=\"1.95&nbsp;&#067;&#072;&#070;\" \/>\n\t<meta name=\"twitter:label2\" content=\"Verf\u00fcgbarkeit\" \/>\n\t<meta name=\"twitter:data2\" content=\"Auf Lager\" \/>\n<script type=\"application\/ld+json\" class=\"yoast-schema-graph\">{\"@context\":\"https:\\\/\\\/schema.org\",\"@graph\":[{\"@type\":\"WebPage\",\"@id\":\"https:\\\/\\\/yasminfood.ch\\\/de\\\/product\\\/hummus-mit-tahini-rosenkranz-durra-370g\\\/\",\"url\":\"https:\\\/\\\/yasminfood.ch\\\/de\\\/product\\\/hummus-mit-tahini-rosenkranz-durra-370g\\\/\",\"name\":\"Hummus mit Tahini Rosenkranz Durra 370g - Yasmin Food\",\"isPartOf\":{\"@id\":\"https:\\\/\\\/yasminfood.ch\\\/de\\\/#website\"},\"primaryImageOfPage\":{\"@id\":\"https:\\\/\\\/yasminfood.ch\\\/de\\\/product\\\/hummus-mit-tahini-rosenkranz-durra-370g\\\/#primaryimage\"},\"image\":{\"@id\":\"https:\\\/\\\/yasminfood.ch\\\/de\\\/product\\\/hummus-mit-tahini-rosenkranz-durra-370g\\\/#primaryimage\"},\"thumbnailUrl\":\"https:\\\/\\\/yasminfood.ch\\\/wp-content\\\/uploads\\\/2025\\\/06\\\/\u062d\u0645\u0635-\u0628\u0627\u0644\u0637\u062d\u064a\u0646\u0629-\u0645\u0633\u0628\u062d\u0629-\u0627\u0644\u062f\u0631\u0629-370\u063a.png\",\"datePublished\":\"2025-06-08T23:49:10+00:00\",\"dateModified\":\"2025-06-19T22:48:54+00:00\",\"description\":\"Genie\u00dfen Sie den k\u00f6stlichen Geschmack von Hummus mit Tahini Rosenkranz Durra 370g mit frischen Kichererbsen, Knoblauch und Zitrone. Probieren Sie es als s\u00e4ttigenden Snack! Hummus mit Tahini Rosenkranz Durra 370g\",\"breadcrumb\":{\"@id\":\"https:\\\/\\\/yasminfood.ch\\\/de\\\/product\\\/hummus-mit-tahini-rosenkranz-durra-370g\\\/#breadcrumb\"},\"inLanguage\":\"de\",\"potentialAction\":[{\"@type\":\"ReadAction\",\"target\":[\"https:\\\/\\\/yasminfood.ch\\\/de\\\/product\\\/hummus-mit-tahini-rosenkranz-durra-370g\\\/\"]}]},{\"@type\":\"ImageObject\",\"inLanguage\":\"de\",\"@id\":\"https:\\\/\\\/yasminfood.ch\\\/de\\\/product\\\/hummus-mit-tahini-rosenkranz-durra-370g\\\/#primaryimage\",\"url\":\"https:\\\/\\\/yasminfood.ch\\\/wp-content\\\/uploads\\\/2025\\\/06\\\/\u062d\u0645\u0635-\u0628\u0627\u0644\u0637\u062d\u064a\u0646\u0629-\u0645\u0633\u0628\u062d\u0629-\u0627\u0644\u062f\u0631\u0629-370\u063a.png\",\"contentUrl\":\"https:\\\/\\\/yasminfood.ch\\\/wp-content\\\/uploads\\\/2025\\\/06\\\/\u062d\u0645\u0635-\u0628\u0627\u0644\u0637\u062d\u064a\u0646\u0629-\u0645\u0633\u0628\u062d\u0629-\u0627\u0644\u062f\u0631\u0629-370\u063a.png\",\"width\":1080,\"height\":1080,\"caption\":\"Hummus mit Tahini Rosenkranz Durra 370g\"},{\"@type\":\"BreadcrumbList\",\"@id\":\"https:\\\/\\\/yasminfood.ch\\\/de\\\/product\\\/hummus-mit-tahini-rosenkranz-durra-370g\\\/#breadcrumb\",\"itemListElement\":[{\"@type\":\"ListItem\",\"position\":1,\"name\":\"\u0627\u0644\u0631\u0626\u064a\u0633\u064a\u0629\",\"item\":\"https:\\\/\\\/yasminfood.ch\\\/de\\\/zuhause\\\/\"},{\"@type\":\"ListItem\",\"position\":2,\"name\":\"Shop\",\"item\":\"https:\\\/\\\/yasminfood.ch\\\/de\\\/shop\\\/\"},{\"@type\":\"ListItem\",\"position\":3,\"name\":\"Konserven - Lebensmittel\",\"item\":\"https:\\\/\\\/yasminfood.ch\\\/de\\\/produkt-kategorie\\\/konserven-lebensmittel\\\/\"},{\"@type\":\"ListItem\",\"position\":4,\"name\":\"Hummus\",\"item\":\"https:\\\/\\\/yasminfood.ch\\\/de\\\/produkt-kategorie\\\/konserven-lebensmittel\\\/hummus\\\/\"},{\"@type\":\"ListItem\",\"position\":5,\"name\":\"Hummus mit Tahini Rosenkranz Durra 370g\"}]},{\"@type\":\"WebSite\",\"@id\":\"https:\\\/\\\/yasminfood.ch\\\/de\\\/#website\",\"url\":\"https:\\\/\\\/yasminfood.ch\\\/de\\\/\",\"name\":\"\u064a\u0627\u0633\u0645\u064a\u0646 \u0645\u0627\u0631\u0643\u062a\",\"description\":\"Alles, was Sie brauchen, an einem Ort\",\"publisher\":{\"@id\":\"https:\\\/\\\/yasminfood.ch\\\/de\\\/#organization\"},\"alternateName\":\"Yasmin Food\",\"potentialAction\":[{\"@type\":\"SearchAction\",\"target\":{\"@type\":\"EntryPoint\",\"urlTemplate\":\"https:\\\/\\\/yasminfood.ch\\\/de\\\/?s={search_term_string}\"},\"query-input\":{\"@type\":\"PropertyValueSpecification\",\"valueRequired\":true,\"valueName\":\"search_term_string\"}}],\"inLanguage\":\"de\"},{\"@type\":\"Organization\",\"@id\":\"https:\\\/\\\/yasminfood.ch\\\/de\\\/#organization\",\"name\":\"\u064a\u0627\u0633\u0645\u064a\u0646 \u0645\u0627\u0631\u0643\u062a\",\"alternateName\":\"Yasmin Food\",\"url\":\"https:\\\/\\\/yasminfood.ch\\\/de\\\/\",\"logo\":{\"@type\":\"ImageObject\",\"inLanguage\":\"de\",\"@id\":\"https:\\\/\\\/yasminfood.ch\\\/de\\\/#\\\/schema\\\/logo\\\/image\\\/\",\"url\":\"https:\\\/\\\/yasminfood.ch\\\/wp-content\\\/uploads\\\/2025\\\/05\\\/yasmin-food-header-logo.png\",\"contentUrl\":\"https:\\\/\\\/yasminfood.ch\\\/wp-content\\\/uploads\\\/2025\\\/05\\\/yasmin-food-header-logo.png\",\"width\":330,\"height\":120,\"caption\":\"\u064a\u0627\u0633\u0645\u064a\u0646 \u0645\u0627\u0631\u0643\u062a\"},\"image\":{\"@id\":\"https:\\\/\\\/yasminfood.ch\\\/de\\\/#\\\/schema\\\/logo\\\/image\\\/\"},\"sameAs\":[\"https:\\\/\\\/www.facebook.com\\\/yasminmarkt1\",\"https:\\\/\\\/www.tiktok.com\\\/@yasminmarkt\",\"https:\\\/\\\/www.instagram.com\\\/yasmin.markt1\\\/\",\"https:\\\/\\\/api.whatsapp.com\\\/send\\\/?phone=41799000104\"],\"publishingPrinciples\":\"https:\\\/\\\/yasminfood.ch\\\/de\\\/shop\\\/\",\"ownershipFundingInfo\":\"https:\\\/\\\/yasminfood.ch\\\/de\\\/shop\\\/\"}]}<\/script>\n<meta property=\"product:price:amount\" content=\"1.95\" \/>\n<meta property=\"product:price:currency\" content=\"CHF\" \/>\n<meta property=\"og:availability\" content=\"instock\" \/>\n<meta property=\"product:availability\" content=\"instock\" \/>\n<meta property=\"product:condition\" content=\"new\" \/>\n<!-- \/ Yoast SEO Premium plugin. -->","yoast_head_json":{"title":"Hummus mit Tahini Rosenkranz Durra 370g - Yasmin Food","description":"Genie\u00dfen Sie den k\u00f6stlichen Geschmack von Hummus mit Tahini Rosenkranz Durra 370g mit frischen Kichererbsen, Knoblauch und Zitrone. Probieren Sie es als s\u00e4ttigenden Snack! Hummus mit Tahini Rosenkranz Durra 370g","robots":{"index":"index","follow":"follow","max-snippet":"max-snippet:-1","max-image-preview":"max-image-preview:large","max-video-preview":"max-video-preview:-1"},"canonical":"https:\/\/yasminfood.ch\/de\/product\/hummus-mit-tahini-rosenkranz-durra-370g\/","og_locale":"de_DE","og_type":"article","og_title":"Hummus mit Tahini Rosenkranz Durra 370g","og_description":"Hummus mit Tahini Rosenkranz Durra 370g   Masbaha, ein Tahini mit gekochten Kichererbsen  Und Knoblauch und Zitrone hinzugef\u00fcgt, um zusammen einen k\u00f6stlichen Geschmack zu erhalten, dem man nicht widerstehen kann,  Und die Firma Dora hat das k\u00f6stlichste Anwa \u00fcber den Rosenkranz zubereitet","og_url":"https:\/\/yasminfood.ch\/de\/product\/hummus-mit-tahini-rosenkranz-durra-370g\/","og_site_name":"Yasmin Food","article_publisher":"https:\/\/www.facebook.com\/yasminmarkt1","article_modified_time":"2025-06-19T22:48:54+00:00","og_image":[{"width":1080,"height":1080,"url":"https:\/\/yasminfood.ch\/wp-content\/uploads\/2025\/06\/\u062d\u0645\u0635-\u0628\u0627\u0644\u0637\u062d\u064a\u0646\u0629-\u0645\u0633\u0628\u062d\u0629-\u0627\u0644\u062f\u0631\u0629-370\u063a.png","type":"image\/png"}],"twitter_card":"summary_large_image","twitter_misc":{"Preis":"1.95&nbsp;&#67;&#72;&#70;","Verf\u00fcgbarkeit":"Auf Lager"},"schema":{"@context":"https:\/\/schema.org","@graph":[{"@type":"WebPage","@id":"https:\/\/yasminfood.ch\/de\/product\/hummus-mit-tahini-rosenkranz-durra-370g\/","url":"https:\/\/yasminfood.ch\/de\/product\/hummus-mit-tahini-rosenkranz-durra-370g\/","name":"Hummus mit Tahini Rosenkranz Durra 370g - Yasmin Food","isPartOf":{"@id":"https:\/\/yasminfood.ch\/de\/#website"},"primaryImageOfPage":{"@id":"https:\/\/yasminfood.ch\/de\/product\/hummus-mit-tahini-rosenkranz-durra-370g\/#primaryimage"},"image":{"@id":"https:\/\/yasminfood.ch\/de\/product\/hummus-mit-tahini-rosenkranz-durra-370g\/#primaryimage"},"thumbnailUrl":"https:\/\/yasminfood.ch\/wp-content\/uploads\/2025\/06\/\u062d\u0645\u0635-\u0628\u0627\u0644\u0637\u062d\u064a\u0646\u0629-\u0645\u0633\u0628\u062d\u0629-\u0627\u0644\u062f\u0631\u0629-370\u063a.png","datePublished":"2025-06-08T23:49:10+00:00","dateModified":"2025-06-19T22:48:54+00:00","description":"Genie\u00dfen Sie den k\u00f6stlichen Geschmack von Hummus mit Tahini Rosenkranz Durra 370g mit frischen Kichererbsen, Knoblauch und Zitrone. Probieren Sie es als s\u00e4ttigenden Snack! Hummus mit Tahini Rosenkranz Durra 370g","breadcrumb":{"@id":"https:\/\/yasminfood.ch\/de\/product\/hummus-mit-tahini-rosenkranz-durra-370g\/#breadcrumb"},"inLanguage":"de","potentialAction":[{"@type":"ReadAction","target":["https:\/\/yasminfood.ch\/de\/product\/hummus-mit-tahini-rosenkranz-durra-370g\/"]}]},{"@type":"ImageObject","inLanguage":"de","@id":"https:\/\/yasminfood.ch\/de\/product\/hummus-mit-tahini-rosenkranz-durra-370g\/#primaryimage","url":"https:\/\/yasminfood.ch\/wp-content\/uploads\/2025\/06\/\u062d\u0645\u0635-\u0628\u0627\u0644\u0637\u062d\u064a\u0646\u0629-\u0645\u0633\u0628\u062d\u0629-\u0627\u0644\u062f\u0631\u0629-370\u063a.png","contentUrl":"https:\/\/yasminfood.ch\/wp-content\/uploads\/2025\/06\/\u062d\u0645\u0635-\u0628\u0627\u0644\u0637\u062d\u064a\u0646\u0629-\u0645\u0633\u0628\u062d\u0629-\u0627\u0644\u062f\u0631\u0629-370\u063a.png","width":1080,"height":1080,"caption":"Hummus mit Tahini Rosenkranz Durra 370g"},{"@type":"BreadcrumbList","@id":"https:\/\/yasminfood.ch\/de\/product\/hummus-mit-tahini-rosenkranz-durra-370g\/#breadcrumb","itemListElement":[{"@type":"ListItem","position":1,"name":"\u0627\u0644\u0631\u0626\u064a\u0633\u064a\u0629","item":"https:\/\/yasminfood.ch\/de\/zuhause\/"},{"@type":"ListItem","position":2,"name":"Shop","item":"https:\/\/yasminfood.ch\/de\/shop\/"},{"@type":"ListItem","position":3,"name":"Konserven - Lebensmittel","item":"https:\/\/yasminfood.ch\/de\/produkt-kategorie\/konserven-lebensmittel\/"},{"@type":"ListItem","position":4,"name":"Hummus","item":"https:\/\/yasminfood.ch\/de\/produkt-kategorie\/konserven-lebensmittel\/hummus\/"},{"@type":"ListItem","position":5,"name":"Hummus mit Tahini Rosenkranz Durra 370g"}]},{"@type":"WebSite","@id":"https:\/\/yasminfood.ch\/de\/#website","url":"https:\/\/yasminfood.ch\/de\/","name":"\u064a\u0627\u0633\u0645\u064a\u0646 \u0645\u0627\u0631\u0643\u062a","description":"Alles, was Sie brauchen, an einem Ort","publisher":{"@id":"https:\/\/yasminfood.ch\/de\/#organization"},"alternateName":"Yasmin Food","potentialAction":[{"@type":"SearchAction","target":{"@type":"EntryPoint","urlTemplate":"https:\/\/yasminfood.ch\/de\/?s={search_term_string}"},"query-input":{"@type":"PropertyValueSpecification","valueRequired":true,"valueName":"search_term_string"}}],"inLanguage":"de"},{"@type":"Organization","@id":"https:\/\/yasminfood.ch\/de\/#organization","name":"\u064a\u0627\u0633\u0645\u064a\u0646 \u0645\u0627\u0631\u0643\u062a","alternateName":"Yasmin Food","url":"https:\/\/yasminfood.ch\/de\/","logo":{"@type":"ImageObject","inLanguage":"de","@id":"https:\/\/yasminfood.ch\/de\/#\/schema\/logo\/image\/","url":"https:\/\/yasminfood.ch\/wp-content\/uploads\/2025\/05\/yasmin-food-header-logo.png","contentUrl":"https:\/\/yasminfood.ch\/wp-content\/uploads\/2025\/05\/yasmin-food-header-logo.png","width":330,"height":120,"caption":"\u064a\u0627\u0633\u0645\u064a\u0646 \u0645\u0627\u0631\u0643\u062a"},"image":{"@id":"https:\/\/yasminfood.ch\/de\/#\/schema\/logo\/image\/"},"sameAs":["https:\/\/www.facebook.com\/yasminmarkt1","https:\/\/www.tiktok.com\/@yasminmarkt","https:\/\/www.instagram.com\/yasmin.markt1\/","https:\/\/api.whatsapp.com\/send\/?phone=41799000104"],"publishingPrinciples":"https:\/\/yasminfood.ch\/de\/shop\/","ownershipFundingInfo":"https:\/\/yasminfood.ch\/de\/shop\/"}]},"product_price_amount":"1.95","product_price_currency":"CHF","og_availability":"instock","product_availability":"instock","product_condition":"new"},"jetpack_sharing_enabled":true,"_links":{"self":[{"href":"https:\/\/yasminfood.ch\/de\/wp-json\/wp\/v2\/product\/116948","targetHints":{"allow":["GET"]}}],"collection":[{"href":"https:\/\/yasminfood.ch\/de\/wp-json\/wp\/v2\/product"}],"about":[{"href":"https:\/\/yasminfood.ch\/de\/wp-json\/wp\/v2\/types\/product"}],"replies":[{"embeddable":true,"href":"https:\/\/yasminfood.ch\/de\/wp-json\/wp\/v2\/comments?post=116948"}],"version-history":[{"count":0,"href":"https:\/\/yasminfood.ch\/de\/wp-json\/wp\/v2\/product\/116948\/revisions"}],"wp:featuredmedia":[{"embeddable":true,"href":"https:\/\/yasminfood.ch\/de\/wp-json\/wp\/v2\/media\/116945"}],"wp:attachment":[{"href":"https:\/\/yasminfood.ch\/de\/wp-json\/wp\/v2\/media?parent=116948"}],"wp:term":[{"taxonomy":"product_brand","embeddable":true,"href":"https:\/\/yasminfood.ch\/de\/wp-json\/wp\/v2\/product_brand?post=116948"},{"taxonomy":"product_cat","embeddable":true,"href":"https:\/\/yasminfood.ch\/de\/wp-json\/wp\/v2\/product_cat?post=116948"},{"taxonomy":"product_tag","embeddable":true,"href":"https:\/\/yasminfood.ch\/de\/wp-json\/wp\/v2\/product_tag?post=116948"}],"curies":[{"name":"wp","href":"https:\/\/api.w.org\/{rel}","templated":true}]}}