{"id":116989,"date":"2025-06-10T22:56:42","date_gmt":"2025-06-10T20:57:44","guid":{"rendered":"https:\/\/yasminfood.ch\/product\/eingelegte-paprika-arabeske-660-g\/"},"modified":"2025-06-20T00:48:49","modified_gmt":"2025-06-19T22:48:49","slug":"eingelegte-paprika-arabeske-660-g","status":"publish","type":"product","link":"https:\/\/yasminfood.ch\/de\/product\/eingelegte-paprika-arabeske-660-g\/","title":{"rendered":"Eingelegte Paprika Arabeske 660 g"},"content":{"rendered":"<h3 data-start=\"103\" data-end=\"142\">\ud83c\udf36 Eingelegte Paprika Arabeske \u2013 660 g<\/h3>\n<ul data-start=\"162\" data-end=\"501\">\n<li data-start=\"162\" data-end=\"311\">\n<p data-start=\"164\" data-end=\"311\"><strong data-start=\"164\" data-end=\"184\">Reichhaltiger und unverwechselbarer Geschmack<\/strong>: Pfeffer aus den besten Ernten, eingelegt mit einem perfekten Gleichgewicht von S\u00e4ure und Salzgehalt, um den Appetit zu er\u00f6ffnen und das Vorspeisenmen\u00fc stark zu erg\u00e4nzen.<\/p>\n<\/li>\n<li data-start=\"312\" data-end=\"390\">\n<p data-start=\"314\" data-end=\"390\"><strong data-start=\"314\" data-end=\"334\">Knusprige und frische Textur: sorgf\u00e4ltig<\/strong> verpackt, um die Frische und den knusprigen Zuckerpfeffer zu bewahren.<\/p>\n<\/li>\n<li data-start=\"391\" data-end=\"501\">\n<p data-start=\"393\" data-end=\"501\"><strong data-start=\"393\" data-end=\"415\">Eine ideale Option f\u00fcr den Tisch<\/strong>: Serviert zu Grillgerichten, orientalischen Gerichten, Sandwiches oder sogar als Abschluss von Salaten.<\/p>\n<\/li>\n<\/ul>\n<ul data-start=\"525\" data-end=\"704\">\n<li data-start=\"525\" data-end=\"550\">\n<p data-start=\"527\" data-end=\"550\"><strong data-start=\"527\" data-end=\"543\">Nettogewicht<\/strong>: 660 g<\/p>\n<\/li>\n<li data-start=\"551\" data-end=\"627\">\n<p data-start=\"553\" data-end=\"627\"><strong data-start=\"553\" data-end=\"570\">Lagerung<\/strong>: Nach dem \u00d6ffnen k\u00fchl lagern, um bakterielle \u00dcbergabe zu vermeiden.<\/p>\n<\/li>\n<li data-start=\"628\" data-end=\"704\">\n<p data-start=\"630\" data-end=\"704\"><strong data-start=\"630\" data-end=\"645\">Wichtige Informationen<\/strong>: Es enth\u00e4lt einen hohen Salzgehalt, es wird empfohlen, es in Ma\u00dfen zu konsumieren.<\/p>\n<\/li>\n<\/ul>\n<p data-start=\"706\" data-end=\"834\"><strong data-start=\"706\" data-end=\"724\">\u2049\ufe0f :<\/strong><br \/>\nBitte beachten Sie, dass das Produkt Salz in der Zusammensetzung der Gurke enth\u00e4lt, daher wird empfohlen, es im Gleichgewicht mit der Ern\u00e4hrung zu konsumieren. <\/p>\n","protected":false},"excerpt":{"rendered":"<h3 class=\"ai-optimize-25\" data-start=\"103\" data-end=\"142\">\ud83c\udf36 Eingelegte Paprika Arabeske \u2013 660 g<\/h3>\n<ul data-start=\"162\" data-end=\"501\">\n<li class=\"ai-optimize-27\" data-start=\"162\" data-end=\"311\">\n<p class=\"ai-optimize-28 ai-optimize-introduction\" data-start=\"164\" data-end=\"311\"><strong data-start=\"164\" data-end=\"184\">Reichhaltiger und unverwechselbarer Geschmack<\/strong>: kommunaler Pfeffer aus den besten Kulturen,<\/p>\n<\/li>\n<li class=\"ai-optimize-27\" data-start=\"162\" data-end=\"311\">\n<p class=\"ai-optimize-28\" data-start=\"164\" data-end=\"311\">Eingelegt mit einer perfekten Balance von S\u00e4ure und Salzgehalt, regt er den Appetit an und erg\u00e4nzt das Vorspeisenmen\u00fc stark. <\/p>\n<\/li>\n<\/ul>\n","protected":false},"featured_media":116986,"comment_status":"open","ping_status":"closed","template":"","meta":[],"product_brand":[],"product_cat":[257,245],"product_tag":[],"class_list":{"0":"post-116989","1":"product","2":"type-product","3":"status-publish","4":"has-post-thumbnail","6":"product_cat-eingelegtes-gemuse","7":"product_cat-konserven-lebensmittel","9":"first","10":"outofstock","11":"sale","12":"taxable","13":"shipping-taxable","14":"purchasable","15":"product-type-simple"},"yoast_head":"<!-- This site is optimized with the Yoast SEO Premium plugin v26.5 (Yoast SEO v27.5) - https:\/\/yoast.com\/product\/yoast-seo-premium-wordpress\/ -->\n<title>Eingelegte Paprika Arabeske 660 g - Yasmin Food<\/title>\n<meta name=\"description\" content=\"Eingelegte Paprika Arabesque 660 g hat eine knusprige Textur und einen appetitlichen Geschmack. Verpassen Sie nicht die Gelegenheit, es zu Ihren Lieblingssandwiches zu servieren! \ud83c\udf36\ufe0f Eingelegte Paprika Arabeske 660 g\" \/>\n<meta name=\"robots\" content=\"index, follow, max-snippet:-1, max-image-preview:large, max-video-preview:-1\" \/>\n<link rel=\"canonical\" href=\"https:\/\/yasminfood.ch\/de\/product\/eingelegte-paprika-arabeske-660-g\/\" \/>\n<meta property=\"og:locale\" content=\"de_DE\" \/>\n<meta property=\"og:type\" content=\"article\" \/>\n<meta property=\"og:title\" content=\"Eingelegte Paprika Arabeske 660 g\" \/>\n<meta property=\"og:description\" content=\"\ud83c\udf36 Eingelegte Paprika Arabeske \u2013 660 g   Reichhaltiger und unverwechselbarer Geschmack: kommunaler Pfeffer aus den besten Kulturen,   Eingelegt mit einer perfekten Balance von S\u00e4ure und Salzgehalt, regt er den Appetit an und erg\u00e4nzt das Vorspeisenmen\u00fc stark.\" \/>\n<meta property=\"og:url\" content=\"https:\/\/yasminfood.ch\/de\/product\/eingelegte-paprika-arabeske-660-g\/\" \/>\n<meta property=\"og:site_name\" content=\"Yasmin Food\" \/>\n<meta property=\"article:publisher\" content=\"https:\/\/www.facebook.com\/yasminmarkt1\" \/>\n<meta property=\"article:modified_time\" content=\"2025-06-19T22:48:49+00:00\" \/>\n<meta property=\"og:image\" content=\"https:\/\/yasminfood.ch\/wp-content\/uploads\/2025\/06\/\u0645\u062e\u0644\u0644-\u0641\u0644\u064a\u0641\u0644\u0629-\u0628\u0644\u062f\u064a-\u0627\u0631\u0627\u0628\u064a\u0633\u0643-660-g.png\" \/>\n\t<meta property=\"og:image:width\" content=\"1080\" \/>\n\t<meta property=\"og:image:height\" content=\"1080\" \/>\n\t<meta property=\"og:image:type\" content=\"image\/png\" \/>\n<meta name=\"twitter:card\" content=\"summary_large_image\" \/>\n<meta name=\"twitter:label1\" content=\"Preis\" \/>\n\t<meta name=\"twitter:data1\" content=\"0.99&nbsp;&#067;&#072;&#070;\" \/>\n\t<meta name=\"twitter:label2\" content=\"Verf\u00fcgbarkeit\" \/>\n\t<meta name=\"twitter:data2\" content=\"ausverkauft\" \/>\n<script type=\"application\/ld+json\" class=\"yoast-schema-graph\">{\"@context\":\"https:\\\/\\\/schema.org\",\"@graph\":[{\"@type\":\"WebPage\",\"@id\":\"https:\\\/\\\/yasminfood.ch\\\/de\\\/product\\\/eingelegte-paprika-arabeske-660-g\\\/\",\"url\":\"https:\\\/\\\/yasminfood.ch\\\/de\\\/product\\\/eingelegte-paprika-arabeske-660-g\\\/\",\"name\":\"Eingelegte Paprika Arabeske 660 g - Yasmin Food\",\"isPartOf\":{\"@id\":\"https:\\\/\\\/yasminfood.ch\\\/de\\\/#website\"},\"primaryImageOfPage\":{\"@id\":\"https:\\\/\\\/yasminfood.ch\\\/de\\\/product\\\/eingelegte-paprika-arabeske-660-g\\\/#primaryimage\"},\"image\":{\"@id\":\"https:\\\/\\\/yasminfood.ch\\\/de\\\/product\\\/eingelegte-paprika-arabeske-660-g\\\/#primaryimage\"},\"thumbnailUrl\":\"https:\\\/\\\/yasminfood.ch\\\/wp-content\\\/uploads\\\/2025\\\/06\\\/\u0645\u062e\u0644\u0644-\u0641\u0644\u064a\u0641\u0644\u0629-\u0628\u0644\u062f\u064a-\u0627\u0631\u0627\u0628\u064a\u0633\u0643-660-g.png\",\"datePublished\":\"2025-06-10T20:57:44+00:00\",\"dateModified\":\"2025-06-19T22:48:49+00:00\",\"description\":\"Eingelegte Paprika Arabesque 660 g hat eine knusprige Textur und einen appetitlichen Geschmack. Verpassen Sie nicht die Gelegenheit, es zu Ihren Lieblingssandwiches zu servieren! \ud83c\udf36\ufe0f Eingelegte Paprika Arabeske 660 g\",\"breadcrumb\":{\"@id\":\"https:\\\/\\\/yasminfood.ch\\\/de\\\/product\\\/eingelegte-paprika-arabeske-660-g\\\/#breadcrumb\"},\"inLanguage\":\"de\",\"potentialAction\":[{\"@type\":\"ReadAction\",\"target\":[\"https:\\\/\\\/yasminfood.ch\\\/de\\\/product\\\/eingelegte-paprika-arabeske-660-g\\\/\"]}]},{\"@type\":\"ImageObject\",\"inLanguage\":\"de\",\"@id\":\"https:\\\/\\\/yasminfood.ch\\\/de\\\/product\\\/eingelegte-paprika-arabeske-660-g\\\/#primaryimage\",\"url\":\"https:\\\/\\\/yasminfood.ch\\\/wp-content\\\/uploads\\\/2025\\\/06\\\/\u0645\u062e\u0644\u0644-\u0641\u0644\u064a\u0641\u0644\u0629-\u0628\u0644\u062f\u064a-\u0627\u0631\u0627\u0628\u064a\u0633\u0643-660-g.png\",\"contentUrl\":\"https:\\\/\\\/yasminfood.ch\\\/wp-content\\\/uploads\\\/2025\\\/06\\\/\u0645\u062e\u0644\u0644-\u0641\u0644\u064a\u0641\u0644\u0629-\u0628\u0644\u062f\u064a-\u0627\u0631\u0627\u0628\u064a\u0633\u0643-660-g.png\",\"width\":1080,\"height\":1080,\"caption\":\"Eingelegte Paprika Arabeske 660 g\"},{\"@type\":\"BreadcrumbList\",\"@id\":\"https:\\\/\\\/yasminfood.ch\\\/de\\\/product\\\/eingelegte-paprika-arabeske-660-g\\\/#breadcrumb\",\"itemListElement\":[{\"@type\":\"ListItem\",\"position\":1,\"name\":\"\u0627\u0644\u0631\u0626\u064a\u0633\u064a\u0629\",\"item\":\"https:\\\/\\\/yasminfood.ch\\\/de\\\/zuhause\\\/\"},{\"@type\":\"ListItem\",\"position\":2,\"name\":\"Shop\",\"item\":\"https:\\\/\\\/yasminfood.ch\\\/de\\\/shop\\\/\"},{\"@type\":\"ListItem\",\"position\":3,\"name\":\"Konserven - Lebensmittel\",\"item\":\"https:\\\/\\\/yasminfood.ch\\\/de\\\/produkt-kategorie\\\/konserven-lebensmittel\\\/\"},{\"@type\":\"ListItem\",\"position\":4,\"name\":\"Eingelegte Paprika Arabeske 660 g\"}]},{\"@type\":\"WebSite\",\"@id\":\"https:\\\/\\\/yasminfood.ch\\\/de\\\/#website\",\"url\":\"https:\\\/\\\/yasminfood.ch\\\/de\\\/\",\"name\":\"\u064a\u0627\u0633\u0645\u064a\u0646 \u0645\u0627\u0631\u0643\u062a\",\"description\":\"Alles, was Sie brauchen, an einem Ort\",\"publisher\":{\"@id\":\"https:\\\/\\\/yasminfood.ch\\\/de\\\/#organization\"},\"alternateName\":\"Yasmin Food\",\"potentialAction\":[{\"@type\":\"SearchAction\",\"target\":{\"@type\":\"EntryPoint\",\"urlTemplate\":\"https:\\\/\\\/yasminfood.ch\\\/de\\\/?s={search_term_string}\"},\"query-input\":{\"@type\":\"PropertyValueSpecification\",\"valueRequired\":true,\"valueName\":\"search_term_string\"}}],\"inLanguage\":\"de\"},{\"@type\":\"Organization\",\"@id\":\"https:\\\/\\\/yasminfood.ch\\\/de\\\/#organization\",\"name\":\"\u064a\u0627\u0633\u0645\u064a\u0646 \u0645\u0627\u0631\u0643\u062a\",\"alternateName\":\"Yasmin Food\",\"url\":\"https:\\\/\\\/yasminfood.ch\\\/de\\\/\",\"logo\":{\"@type\":\"ImageObject\",\"inLanguage\":\"de\",\"@id\":\"https:\\\/\\\/yasminfood.ch\\\/de\\\/#\\\/schema\\\/logo\\\/image\\\/\",\"url\":\"https:\\\/\\\/yasminfood.ch\\\/wp-content\\\/uploads\\\/2025\\\/05\\\/yasmin-food-header-logo.png\",\"contentUrl\":\"https:\\\/\\\/yasminfood.ch\\\/wp-content\\\/uploads\\\/2025\\\/05\\\/yasmin-food-header-logo.png\",\"width\":330,\"height\":120,\"caption\":\"\u064a\u0627\u0633\u0645\u064a\u0646 \u0645\u0627\u0631\u0643\u062a\"},\"image\":{\"@id\":\"https:\\\/\\\/yasminfood.ch\\\/de\\\/#\\\/schema\\\/logo\\\/image\\\/\"},\"sameAs\":[\"https:\\\/\\\/www.facebook.com\\\/yasminmarkt1\",\"https:\\\/\\\/www.tiktok.com\\\/@yasminmarkt\",\"https:\\\/\\\/www.instagram.com\\\/yasmin.markt1\\\/\",\"https:\\\/\\\/api.whatsapp.com\\\/send\\\/?phone=41799000104\"],\"publishingPrinciples\":\"https:\\\/\\\/yasminfood.ch\\\/de\\\/shop\\\/\",\"ownershipFundingInfo\":\"https:\\\/\\\/yasminfood.ch\\\/de\\\/shop\\\/\"}]}<\/script>\n<meta property=\"product:price:amount\" content=\"0.99\" \/>\n<meta property=\"product:price:currency\" content=\"CHF\" \/>\n<meta property=\"og:availability\" content=\"out of stock\" \/>\n<meta property=\"product:availability\" content=\"out of stock\" \/>\n<meta property=\"product:condition\" content=\"new\" \/>\n<!-- \/ Yoast SEO Premium plugin. -->","yoast_head_json":{"title":"Eingelegte Paprika Arabeske 660 g - Yasmin Food","description":"Eingelegte Paprika Arabesque 660 g hat eine knusprige Textur und einen appetitlichen Geschmack. Verpassen Sie nicht die Gelegenheit, es zu Ihren Lieblingssandwiches zu servieren! \ud83c\udf36\ufe0f Eingelegte Paprika Arabeske 660 g","robots":{"index":"index","follow":"follow","max-snippet":"max-snippet:-1","max-image-preview":"max-image-preview:large","max-video-preview":"max-video-preview:-1"},"canonical":"https:\/\/yasminfood.ch\/de\/product\/eingelegte-paprika-arabeske-660-g\/","og_locale":"de_DE","og_type":"article","og_title":"Eingelegte Paprika Arabeske 660 g","og_description":"\ud83c\udf36 Eingelegte Paprika Arabeske \u2013 660 g   Reichhaltiger und unverwechselbarer Geschmack: kommunaler Pfeffer aus den besten Kulturen,   Eingelegt mit einer perfekten Balance von S\u00e4ure und Salzgehalt, regt er den Appetit an und erg\u00e4nzt das Vorspeisenmen\u00fc stark.","og_url":"https:\/\/yasminfood.ch\/de\/product\/eingelegte-paprika-arabeske-660-g\/","og_site_name":"Yasmin Food","article_publisher":"https:\/\/www.facebook.com\/yasminmarkt1","article_modified_time":"2025-06-19T22:48:49+00:00","og_image":[{"width":1080,"height":1080,"url":"https:\/\/yasminfood.ch\/wp-content\/uploads\/2025\/06\/\u0645\u062e\u0644\u0644-\u0641\u0644\u064a\u0641\u0644\u0629-\u0628\u0644\u062f\u064a-\u0627\u0631\u0627\u0628\u064a\u0633\u0643-660-g.png","type":"image\/png"}],"twitter_card":"summary_large_image","twitter_misc":{"Preis":"0.99&nbsp;&#67;&#72;&#70;","Verf\u00fcgbarkeit":"ausverkauft"},"schema":{"@context":"https:\/\/schema.org","@graph":[{"@type":"WebPage","@id":"https:\/\/yasminfood.ch\/de\/product\/eingelegte-paprika-arabeske-660-g\/","url":"https:\/\/yasminfood.ch\/de\/product\/eingelegte-paprika-arabeske-660-g\/","name":"Eingelegte Paprika Arabeske 660 g - Yasmin Food","isPartOf":{"@id":"https:\/\/yasminfood.ch\/de\/#website"},"primaryImageOfPage":{"@id":"https:\/\/yasminfood.ch\/de\/product\/eingelegte-paprika-arabeske-660-g\/#primaryimage"},"image":{"@id":"https:\/\/yasminfood.ch\/de\/product\/eingelegte-paprika-arabeske-660-g\/#primaryimage"},"thumbnailUrl":"https:\/\/yasminfood.ch\/wp-content\/uploads\/2025\/06\/\u0645\u062e\u0644\u0644-\u0641\u0644\u064a\u0641\u0644\u0629-\u0628\u0644\u062f\u064a-\u0627\u0631\u0627\u0628\u064a\u0633\u0643-660-g.png","datePublished":"2025-06-10T20:57:44+00:00","dateModified":"2025-06-19T22:48:49+00:00","description":"Eingelegte Paprika Arabesque 660 g hat eine knusprige Textur und einen appetitlichen Geschmack. Verpassen Sie nicht die Gelegenheit, es zu Ihren Lieblingssandwiches zu servieren! \ud83c\udf36\ufe0f Eingelegte Paprika Arabeske 660 g","breadcrumb":{"@id":"https:\/\/yasminfood.ch\/de\/product\/eingelegte-paprika-arabeske-660-g\/#breadcrumb"},"inLanguage":"de","potentialAction":[{"@type":"ReadAction","target":["https:\/\/yasminfood.ch\/de\/product\/eingelegte-paprika-arabeske-660-g\/"]}]},{"@type":"ImageObject","inLanguage":"de","@id":"https:\/\/yasminfood.ch\/de\/product\/eingelegte-paprika-arabeske-660-g\/#primaryimage","url":"https:\/\/yasminfood.ch\/wp-content\/uploads\/2025\/06\/\u0645\u062e\u0644\u0644-\u0641\u0644\u064a\u0641\u0644\u0629-\u0628\u0644\u062f\u064a-\u0627\u0631\u0627\u0628\u064a\u0633\u0643-660-g.png","contentUrl":"https:\/\/yasminfood.ch\/wp-content\/uploads\/2025\/06\/\u0645\u062e\u0644\u0644-\u0641\u0644\u064a\u0641\u0644\u0629-\u0628\u0644\u062f\u064a-\u0627\u0631\u0627\u0628\u064a\u0633\u0643-660-g.png","width":1080,"height":1080,"caption":"Eingelegte Paprika Arabeske 660 g"},{"@type":"BreadcrumbList","@id":"https:\/\/yasminfood.ch\/de\/product\/eingelegte-paprika-arabeske-660-g\/#breadcrumb","itemListElement":[{"@type":"ListItem","position":1,"name":"\u0627\u0644\u0631\u0626\u064a\u0633\u064a\u0629","item":"https:\/\/yasminfood.ch\/de\/zuhause\/"},{"@type":"ListItem","position":2,"name":"Shop","item":"https:\/\/yasminfood.ch\/de\/shop\/"},{"@type":"ListItem","position":3,"name":"Konserven - Lebensmittel","item":"https:\/\/yasminfood.ch\/de\/produkt-kategorie\/konserven-lebensmittel\/"},{"@type":"ListItem","position":4,"name":"Eingelegte Paprika Arabeske 660 g"}]},{"@type":"WebSite","@id":"https:\/\/yasminfood.ch\/de\/#website","url":"https:\/\/yasminfood.ch\/de\/","name":"\u064a\u0627\u0633\u0645\u064a\u0646 \u0645\u0627\u0631\u0643\u062a","description":"Alles, was Sie brauchen, an einem Ort","publisher":{"@id":"https:\/\/yasminfood.ch\/de\/#organization"},"alternateName":"Yasmin Food","potentialAction":[{"@type":"SearchAction","target":{"@type":"EntryPoint","urlTemplate":"https:\/\/yasminfood.ch\/de\/?s={search_term_string}"},"query-input":{"@type":"PropertyValueSpecification","valueRequired":true,"valueName":"search_term_string"}}],"inLanguage":"de"},{"@type":"Organization","@id":"https:\/\/yasminfood.ch\/de\/#organization","name":"\u064a\u0627\u0633\u0645\u064a\u0646 \u0645\u0627\u0631\u0643\u062a","alternateName":"Yasmin Food","url":"https:\/\/yasminfood.ch\/de\/","logo":{"@type":"ImageObject","inLanguage":"de","@id":"https:\/\/yasminfood.ch\/de\/#\/schema\/logo\/image\/","url":"https:\/\/yasminfood.ch\/wp-content\/uploads\/2025\/05\/yasmin-food-header-logo.png","contentUrl":"https:\/\/yasminfood.ch\/wp-content\/uploads\/2025\/05\/yasmin-food-header-logo.png","width":330,"height":120,"caption":"\u064a\u0627\u0633\u0645\u064a\u0646 \u0645\u0627\u0631\u0643\u062a"},"image":{"@id":"https:\/\/yasminfood.ch\/de\/#\/schema\/logo\/image\/"},"sameAs":["https:\/\/www.facebook.com\/yasminmarkt1","https:\/\/www.tiktok.com\/@yasminmarkt","https:\/\/www.instagram.com\/yasmin.markt1\/","https:\/\/api.whatsapp.com\/send\/?phone=41799000104"],"publishingPrinciples":"https:\/\/yasminfood.ch\/de\/shop\/","ownershipFundingInfo":"https:\/\/yasminfood.ch\/de\/shop\/"}]},"product_price_amount":"0.99","product_price_currency":"CHF","og_availability":"out of stock","product_availability":"out of stock","product_condition":"new"},"jetpack_sharing_enabled":true,"_links":{"self":[{"href":"https:\/\/yasminfood.ch\/de\/wp-json\/wp\/v2\/product\/116989","targetHints":{"allow":["GET"]}}],"collection":[{"href":"https:\/\/yasminfood.ch\/de\/wp-json\/wp\/v2\/product"}],"about":[{"href":"https:\/\/yasminfood.ch\/de\/wp-json\/wp\/v2\/types\/product"}],"replies":[{"embeddable":true,"href":"https:\/\/yasminfood.ch\/de\/wp-json\/wp\/v2\/comments?post=116989"}],"version-history":[{"count":0,"href":"https:\/\/yasminfood.ch\/de\/wp-json\/wp\/v2\/product\/116989\/revisions"}],"wp:featuredmedia":[{"embeddable":true,"href":"https:\/\/yasminfood.ch\/de\/wp-json\/wp\/v2\/media\/116986"}],"wp:attachment":[{"href":"https:\/\/yasminfood.ch\/de\/wp-json\/wp\/v2\/media?parent=116989"}],"wp:term":[{"taxonomy":"product_brand","embeddable":true,"href":"https:\/\/yasminfood.ch\/de\/wp-json\/wp\/v2\/product_brand?post=116989"},{"taxonomy":"product_cat","embeddable":true,"href":"https:\/\/yasminfood.ch\/de\/wp-json\/wp\/v2\/product_cat?post=116989"},{"taxonomy":"product_tag","embeddable":true,"href":"https:\/\/yasminfood.ch\/de\/wp-json\/wp\/v2\/product_tag?post=116989"}],"curies":[{"name":"wp","href":"https:\/\/api.w.org\/{rel}","templated":true}]}}