{"id":117027,"date":"2025-06-11T23:00:24","date_gmt":"2025-06-11T21:00:24","guid":{"rendered":"https:\/\/yasminfood.ch\/product\/aseel-ghee-500g\/"},"modified":"2025-06-20T00:48:45","modified_gmt":"2025-06-19T22:48:45","slug":"aseel-ghee-500g","status":"publish","type":"product","link":"https:\/\/yasminfood.ch\/de\/product\/aseel-ghee-500g\/","title":{"rendered":"Aseel Ghee 500g"},"content":{"rendered":"<p  data-start=\"132\" data-end=\"183\"><strong data-start=\"132\" data-end=\"183\">Aseel Ghee 500 g | Traditioneller Geschmack und hohe Qualit\u00e4t<\/strong><\/p>\n<p  data-start=\"185\" data-end=\"361\">Genie\u00dfen Sie einen authentischen Geschmack, der Sie zu den Aromen der traditionellen arabischen K\u00fcche mit <strong data-start=\"245\" data-end=\"258\">hochwertigem, authentischem Ghee<\/strong> zur\u00fcckbringt. Sorgf\u00e4ltig hergestellt, um Ihren Gerichten einen reichhaltigen Geschmack zu verleihen, sei es in Desserts oder in der allt\u00e4glichen K\u00fcche.  <\/p>\n<h3  data-start=\"363\" data-end=\"375\">Funktionen:<\/h3>\n<ul data-start=\"376\" data-end=\"655\">\n<li  data-start=\"376\" data-end=\"448\">\n<p  data-start=\"378\" data-end=\"448\"><strong data-start=\"378\" data-end=\"401\">Reicher Geschmack und Aroma:<\/strong> perfekt zum Kochen, Braten und Zubereiten von orientalischen Desserts.<\/p>\n<\/li>\n<li  data-start=\"449\" data-end=\"517\">\n<p  data-start=\"451\" data-end=\"517\"><strong data-start=\"451\" data-end=\"479\">Die cremige Textur ist einfach zu verwenden<\/strong>: l\u00f6st sich schnell auf und verteilt den Geschmack gleichm\u00e4\u00dfig.<\/p>\n<\/li>\n<li  data-start=\"518\" data-end=\"587\">\n<p  data-start=\"520\" data-end=\"587\"><strong data-start=\"520\" data-end=\"549\">Hygienische und luftdichte Verpackung: um<\/strong> die Frische so lange wie m\u00f6glich zu erhalten.<\/p>\n<\/li>\n<li  data-start=\"588\" data-end=\"655\">\n<p  data-start=\"590\" data-end=\"655\"><strong data-start=\"590\" data-end=\"617\">Ohne Konservierungsstoffe<\/strong>: Hergestellt aus sorgf\u00e4ltig ausgew\u00e4hlten nat\u00fcrlichen Inhaltsstoffen.<\/p>\n<\/li>\n<\/ul>\n<h3  data-start=\"657\" data-end=\"673\">Benutzungen:<\/h3>\n<p  data-start=\"674\" data-end=\"688\">Ideal f\u00fcr die Zubereitung:<\/p>\n<ul data-start=\"689\" data-end=\"775\">\n<li  data-start=\"689\" data-end=\"718\">\n<p  data-start=\"691\" data-end=\"718\">Kabsa und Maqlooba und Manasif<\/p>\n<\/li>\n<li  data-start=\"719\" data-end=\"749\">\n<p  data-start=\"721\" data-end=\"749\">Kunafa, Baklava und Maamoul<\/p>\n<\/li>\n<li  data-start=\"750\" data-end=\"775\">\n<p  data-start=\"752\" data-end=\"775\">Fr\u00fchst\u00fccks- und B\u00e4ckereiplatten<\/p>\n<\/li>\n<\/ul>\n<h3  data-start=\"777\" data-end=\"791\">Leistungsbeschreibung:<\/h3>\n<ul data-start=\"792\" data-end=\"935\">\n<li  data-start=\"792\" data-end=\"815\">\n<p  data-start=\"794\" data-end=\"815\"><strong data-start=\"794\" data-end=\"803\">Gewicht<\/strong>: 500 g<\/p>\n<\/li>\n<li  data-start=\"816\" data-end=\"888\">\n<p  data-start=\"818\" data-end=\"888\"><strong data-start=\"818\" data-end=\"827\">Typ<\/strong>: Pflanzliche Fettleibigkeit<\/p>\n<\/li>\n<\/ul>\n<p  data-start=\"937\" data-end=\"983\">\ud83d\uded2 Bestellen Sie jetzt und genie\u00dfen Sie einen unwiderstehlichen Geschmack zu jeder Mahlzeit!<\/p>\n<hr data-start=\"985\" data-end=\"988\">\n<p data-start=\"990\" data-end=\"1103\" data-is-last-node=\"\" data-is-only-node=\"\">\n","protected":false},"excerpt":{"rendered":"<p class=\"ai-optimize-30 ai-optimize-introduction\" data-start=\"132\" data-end=\"183\"><strong data-start=\"132\" data-end=\"183\">Aseel Ghee 500 g | Traditioneller Geschmack und hohe Qualit\u00e4t<\/strong><\/p>\n<p class=\"ai-optimize-31\" data-start=\"185\" data-end=\"361\">Genie\u00dfen Sie einen authentischen Geschmack, der Sie mit <strong data-start=\"245\" data-end=\"258\">authentischem Ghee<\/strong> zu den Aromen der traditionellen arabischen K\u00fcche zur\u00fcckversetzt<\/p>\n<p class=\"ai-optimize-31\" data-start=\"185\" data-end=\"361\">\u00dcberlegene Qualit\u00e4t. Sorgf\u00e4ltig hergestellt, um Ihren Gerichten einen reichhaltigen Geschmack zu verleihen, sei es in Desserts oder in der allt\u00e4glichen K\u00fcche.  <\/p>\n<h3 class=\"ai-optimize-32\" data-start=\"363\" data-end=\"375\"><\/h3>\n","protected":false},"featured_media":117024,"comment_status":"open","ping_status":"closed","template":"","meta":[],"product_brand":[],"product_cat":[351,347],"product_tag":[],"class_list":{"0":"post-117027","1":"product","2":"type-product","3":"status-publish","4":"has-post-thumbnail","6":"product_cat-margarine","7":"product_cat-oele-margarine","9":"first","10":"instock","11":"taxable","12":"shipping-taxable","13":"purchasable","14":"product-type-simple"},"yoast_head":"<!-- This site is optimized with the Yoast SEO Premium plugin v26.5 (Yoast SEO v27.3) - https:\/\/yoast.com\/product\/yoast-seo-premium-wordpress\/ -->\n<title>Aseel Ghee 500g - Yasmin Food<\/title>\n<meta name=\"description\" content=\"Genie\u00dfen Sie den reichhaltigen Geschmack von Ghee 500g, der Sie zu den Aromen der traditionellen arabischen K\u00fcche zur\u00fcckbringt. Bestellen Sie jetzt und entdecken Sie einen unvergesslichen Geschmack! Yasmin Food\" \/>\n<meta name=\"robots\" content=\"index, follow, max-snippet:-1, max-image-preview:large, max-video-preview:-1\" \/>\n<link rel=\"canonical\" href=\"https:\/\/yasminfood.ch\/de\/product\/aseel-ghee-500g\/\" \/>\n<meta property=\"og:locale\" content=\"de_DE\" \/>\n<meta property=\"og:type\" content=\"article\" \/>\n<meta property=\"og:title\" content=\"Aseel Ghee 500g\" \/>\n<meta property=\"og:description\" content=\"Aseel Ghee 500 g | Traditioneller Geschmack und hohe Qualit\u00e4t Genie\u00dfen Sie einen authentischen Geschmack, der Sie mit authentischem Ghee zu den Aromen der traditionellen arabischen K\u00fcche zur\u00fcckversetzt \u00dcberlegene Qualit\u00e4t. Sorgf\u00e4ltig hergestellt, um Ihren Gerichten einen reichhaltigen Geschmack zu verleihen, sei es in Desserts oder in der allt\u00e4glichen K\u00fcche.\" \/>\n<meta property=\"og:url\" content=\"https:\/\/yasminfood.ch\/de\/product\/aseel-ghee-500g\/\" \/>\n<meta property=\"og:site_name\" content=\"Yasmin Food\" \/>\n<meta property=\"article:publisher\" content=\"https:\/\/www.facebook.com\/yasminmarkt1\" \/>\n<meta property=\"article:modified_time\" content=\"2025-06-19T22:48:45+00:00\" \/>\n<meta property=\"og:image\" content=\"https:\/\/yasminfood.ch\/wp-content\/uploads\/2025\/06\/\u0633\u0645\u0646\u0629-\u0627\u0635\u064a\u0644-500\u063a.png\" \/>\n\t<meta property=\"og:image:width\" content=\"1080\" \/>\n\t<meta property=\"og:image:height\" content=\"1080\" \/>\n\t<meta property=\"og:image:type\" content=\"image\/png\" \/>\n<meta name=\"twitter:card\" content=\"summary_large_image\" \/>\n<meta name=\"twitter:label1\" content=\"Preis\" \/>\n\t<meta name=\"twitter:data1\" content=\"8.50&nbsp;&#067;&#072;&#070;\" \/>\n\t<meta name=\"twitter:label2\" content=\"Verf\u00fcgbarkeit\" \/>\n\t<meta name=\"twitter:data2\" content=\"Auf Lager\" \/>\n<script type=\"application\/ld+json\" class=\"yoast-schema-graph\">{\"@context\":\"https:\\\/\\\/schema.org\",\"@graph\":[{\"@type\":\"WebPage\",\"@id\":\"https:\\\/\\\/yasminfood.ch\\\/de\\\/product\\\/aseel-ghee-500g\\\/\",\"url\":\"https:\\\/\\\/yasminfood.ch\\\/de\\\/product\\\/aseel-ghee-500g\\\/\",\"name\":\"Aseel Ghee 500g - Yasmin Food\",\"isPartOf\":{\"@id\":\"https:\\\/\\\/yasminfood.ch\\\/de\\\/#website\"},\"primaryImageOfPage\":{\"@id\":\"https:\\\/\\\/yasminfood.ch\\\/de\\\/product\\\/aseel-ghee-500g\\\/#primaryimage\"},\"image\":{\"@id\":\"https:\\\/\\\/yasminfood.ch\\\/de\\\/product\\\/aseel-ghee-500g\\\/#primaryimage\"},\"thumbnailUrl\":\"https:\\\/\\\/yasminfood.ch\\\/wp-content\\\/uploads\\\/2025\\\/06\\\/\u0633\u0645\u0646\u0629-\u0627\u0635\u064a\u0644-500\u063a.png\",\"datePublished\":\"2025-06-11T21:00:24+00:00\",\"dateModified\":\"2025-06-19T22:48:45+00:00\",\"description\":\"Genie\u00dfen Sie den reichhaltigen Geschmack von Ghee 500g, der Sie zu den Aromen der traditionellen arabischen K\u00fcche zur\u00fcckbringt. Bestellen Sie jetzt und entdecken Sie einen unvergesslichen Geschmack! Yasmin Food\",\"breadcrumb\":{\"@id\":\"https:\\\/\\\/yasminfood.ch\\\/de\\\/product\\\/aseel-ghee-500g\\\/#breadcrumb\"},\"inLanguage\":\"de\",\"potentialAction\":[{\"@type\":\"ReadAction\",\"target\":[\"https:\\\/\\\/yasminfood.ch\\\/de\\\/product\\\/aseel-ghee-500g\\\/\"]}]},{\"@type\":\"ImageObject\",\"inLanguage\":\"de\",\"@id\":\"https:\\\/\\\/yasminfood.ch\\\/de\\\/product\\\/aseel-ghee-500g\\\/#primaryimage\",\"url\":\"https:\\\/\\\/yasminfood.ch\\\/wp-content\\\/uploads\\\/2025\\\/06\\\/\u0633\u0645\u0646\u0629-\u0627\u0635\u064a\u0644-500\u063a.png\",\"contentUrl\":\"https:\\\/\\\/yasminfood.ch\\\/wp-content\\\/uploads\\\/2025\\\/06\\\/\u0633\u0645\u0646\u0629-\u0627\u0635\u064a\u0644-500\u063a.png\",\"width\":1080,\"height\":1080,\"caption\":\"Aseel Ghee 500g\"},{\"@type\":\"BreadcrumbList\",\"@id\":\"https:\\\/\\\/yasminfood.ch\\\/de\\\/product\\\/aseel-ghee-500g\\\/#breadcrumb\",\"itemListElement\":[{\"@type\":\"ListItem\",\"position\":1,\"name\":\"\u0627\u0644\u0631\u0626\u064a\u0633\u064a\u0629\",\"item\":\"https:\\\/\\\/yasminfood.ch\\\/de\\\/zuhause\\\/\"},{\"@type\":\"ListItem\",\"position\":2,\"name\":\"Shop\",\"item\":\"https:\\\/\\\/yasminfood.ch\\\/de\\\/shop\\\/\"},{\"@type\":\"ListItem\",\"position\":3,\"name\":\"\u00d6le &amp; Margarine\",\"item\":\"https:\\\/\\\/yasminfood.ch\\\/de\\\/produkt-kategorie\\\/oele-margarine\\\/\"},{\"@type\":\"ListItem\",\"position\":4,\"name\":\"Margarine\",\"item\":\"https:\\\/\\\/yasminfood.ch\\\/de\\\/produkt-kategorie\\\/oele-margarine\\\/margarine\\\/\"},{\"@type\":\"ListItem\",\"position\":5,\"name\":\"Aseel Ghee 500g\"}]},{\"@type\":\"WebSite\",\"@id\":\"https:\\\/\\\/yasminfood.ch\\\/de\\\/#website\",\"url\":\"https:\\\/\\\/yasminfood.ch\\\/de\\\/\",\"name\":\"\u064a\u0627\u0633\u0645\u064a\u0646 \u0645\u0627\u0631\u0643\u062a\",\"description\":\"Alles, was Sie brauchen, an einem Ort\",\"publisher\":{\"@id\":\"https:\\\/\\\/yasminfood.ch\\\/de\\\/#organization\"},\"alternateName\":\"Yasmin Food\",\"potentialAction\":[{\"@type\":\"SearchAction\",\"target\":{\"@type\":\"EntryPoint\",\"urlTemplate\":\"https:\\\/\\\/yasminfood.ch\\\/de\\\/?s={search_term_string}\"},\"query-input\":{\"@type\":\"PropertyValueSpecification\",\"valueRequired\":true,\"valueName\":\"search_term_string\"}}],\"inLanguage\":\"de\"},{\"@type\":\"Organization\",\"@id\":\"https:\\\/\\\/yasminfood.ch\\\/de\\\/#organization\",\"name\":\"\u064a\u0627\u0633\u0645\u064a\u0646 \u0645\u0627\u0631\u0643\u062a\",\"alternateName\":\"Yasmin Food\",\"url\":\"https:\\\/\\\/yasminfood.ch\\\/de\\\/\",\"logo\":{\"@type\":\"ImageObject\",\"inLanguage\":\"de\",\"@id\":\"https:\\\/\\\/yasminfood.ch\\\/de\\\/#\\\/schema\\\/logo\\\/image\\\/\",\"url\":\"https:\\\/\\\/yasminfood.ch\\\/wp-content\\\/uploads\\\/2025\\\/05\\\/yasmin-food-header-logo.png\",\"contentUrl\":\"https:\\\/\\\/yasminfood.ch\\\/wp-content\\\/uploads\\\/2025\\\/05\\\/yasmin-food-header-logo.png\",\"width\":330,\"height\":120,\"caption\":\"\u064a\u0627\u0633\u0645\u064a\u0646 \u0645\u0627\u0631\u0643\u062a\"},\"image\":{\"@id\":\"https:\\\/\\\/yasminfood.ch\\\/de\\\/#\\\/schema\\\/logo\\\/image\\\/\"},\"sameAs\":[\"https:\\\/\\\/www.facebook.com\\\/yasminmarkt1\",\"https:\\\/\\\/www.tiktok.com\\\/@yasminmarkt\",\"https:\\\/\\\/www.instagram.com\\\/yasmin.markt1\\\/\",\"https:\\\/\\\/api.whatsapp.com\\\/send\\\/?phone=41799000104\"],\"publishingPrinciples\":\"https:\\\/\\\/yasminfood.ch\\\/de\\\/shop\\\/\",\"ownershipFundingInfo\":\"https:\\\/\\\/yasminfood.ch\\\/de\\\/shop\\\/\"}]}<\/script>\n<meta property=\"product:price:amount\" content=\"8.50\" \/>\n<meta property=\"product:price:currency\" content=\"CHF\" \/>\n<meta property=\"og:availability\" content=\"instock\" \/>\n<meta property=\"product:availability\" content=\"instock\" \/>\n<meta property=\"product:condition\" content=\"new\" \/>\n<!-- \/ Yoast SEO Premium plugin. -->","yoast_head_json":{"title":"Aseel Ghee 500g - Yasmin Food","description":"Genie\u00dfen Sie den reichhaltigen Geschmack von Ghee 500g, der Sie zu den Aromen der traditionellen arabischen K\u00fcche zur\u00fcckbringt. Bestellen Sie jetzt und entdecken Sie einen unvergesslichen Geschmack! Yasmin Food","robots":{"index":"index","follow":"follow","max-snippet":"max-snippet:-1","max-image-preview":"max-image-preview:large","max-video-preview":"max-video-preview:-1"},"canonical":"https:\/\/yasminfood.ch\/de\/product\/aseel-ghee-500g\/","og_locale":"de_DE","og_type":"article","og_title":"Aseel Ghee 500g","og_description":"Aseel Ghee 500 g | Traditioneller Geschmack und hohe Qualit\u00e4t Genie\u00dfen Sie einen authentischen Geschmack, der Sie mit authentischem Ghee zu den Aromen der traditionellen arabischen K\u00fcche zur\u00fcckversetzt \u00dcberlegene Qualit\u00e4t. Sorgf\u00e4ltig hergestellt, um Ihren Gerichten einen reichhaltigen Geschmack zu verleihen, sei es in Desserts oder in der allt\u00e4glichen K\u00fcche.","og_url":"https:\/\/yasminfood.ch\/de\/product\/aseel-ghee-500g\/","og_site_name":"Yasmin Food","article_publisher":"https:\/\/www.facebook.com\/yasminmarkt1","article_modified_time":"2025-06-19T22:48:45+00:00","og_image":[{"width":1080,"height":1080,"url":"https:\/\/yasminfood.ch\/wp-content\/uploads\/2025\/06\/\u0633\u0645\u0646\u0629-\u0627\u0635\u064a\u0644-500\u063a.png","type":"image\/png"}],"twitter_card":"summary_large_image","twitter_misc":{"Preis":"8.50&nbsp;&#67;&#72;&#70;","Verf\u00fcgbarkeit":"Auf Lager"},"schema":{"@context":"https:\/\/schema.org","@graph":[{"@type":"WebPage","@id":"https:\/\/yasminfood.ch\/de\/product\/aseel-ghee-500g\/","url":"https:\/\/yasminfood.ch\/de\/product\/aseel-ghee-500g\/","name":"Aseel Ghee 500g - Yasmin Food","isPartOf":{"@id":"https:\/\/yasminfood.ch\/de\/#website"},"primaryImageOfPage":{"@id":"https:\/\/yasminfood.ch\/de\/product\/aseel-ghee-500g\/#primaryimage"},"image":{"@id":"https:\/\/yasminfood.ch\/de\/product\/aseel-ghee-500g\/#primaryimage"},"thumbnailUrl":"https:\/\/yasminfood.ch\/wp-content\/uploads\/2025\/06\/\u0633\u0645\u0646\u0629-\u0627\u0635\u064a\u0644-500\u063a.png","datePublished":"2025-06-11T21:00:24+00:00","dateModified":"2025-06-19T22:48:45+00:00","description":"Genie\u00dfen Sie den reichhaltigen Geschmack von Ghee 500g, der Sie zu den Aromen der traditionellen arabischen K\u00fcche zur\u00fcckbringt. Bestellen Sie jetzt und entdecken Sie einen unvergesslichen Geschmack! Yasmin Food","breadcrumb":{"@id":"https:\/\/yasminfood.ch\/de\/product\/aseel-ghee-500g\/#breadcrumb"},"inLanguage":"de","potentialAction":[{"@type":"ReadAction","target":["https:\/\/yasminfood.ch\/de\/product\/aseel-ghee-500g\/"]}]},{"@type":"ImageObject","inLanguage":"de","@id":"https:\/\/yasminfood.ch\/de\/product\/aseel-ghee-500g\/#primaryimage","url":"https:\/\/yasminfood.ch\/wp-content\/uploads\/2025\/06\/\u0633\u0645\u0646\u0629-\u0627\u0635\u064a\u0644-500\u063a.png","contentUrl":"https:\/\/yasminfood.ch\/wp-content\/uploads\/2025\/06\/\u0633\u0645\u0646\u0629-\u0627\u0635\u064a\u0644-500\u063a.png","width":1080,"height":1080,"caption":"Aseel Ghee 500g"},{"@type":"BreadcrumbList","@id":"https:\/\/yasminfood.ch\/de\/product\/aseel-ghee-500g\/#breadcrumb","itemListElement":[{"@type":"ListItem","position":1,"name":"\u0627\u0644\u0631\u0626\u064a\u0633\u064a\u0629","item":"https:\/\/yasminfood.ch\/de\/zuhause\/"},{"@type":"ListItem","position":2,"name":"Shop","item":"https:\/\/yasminfood.ch\/de\/shop\/"},{"@type":"ListItem","position":3,"name":"\u00d6le &amp; Margarine","item":"https:\/\/yasminfood.ch\/de\/produkt-kategorie\/oele-margarine\/"},{"@type":"ListItem","position":4,"name":"Margarine","item":"https:\/\/yasminfood.ch\/de\/produkt-kategorie\/oele-margarine\/margarine\/"},{"@type":"ListItem","position":5,"name":"Aseel Ghee 500g"}]},{"@type":"WebSite","@id":"https:\/\/yasminfood.ch\/de\/#website","url":"https:\/\/yasminfood.ch\/de\/","name":"\u064a\u0627\u0633\u0645\u064a\u0646 \u0645\u0627\u0631\u0643\u062a","description":"Alles, was Sie brauchen, an einem Ort","publisher":{"@id":"https:\/\/yasminfood.ch\/de\/#organization"},"alternateName":"Yasmin Food","potentialAction":[{"@type":"SearchAction","target":{"@type":"EntryPoint","urlTemplate":"https:\/\/yasminfood.ch\/de\/?s={search_term_string}"},"query-input":{"@type":"PropertyValueSpecification","valueRequired":true,"valueName":"search_term_string"}}],"inLanguage":"de"},{"@type":"Organization","@id":"https:\/\/yasminfood.ch\/de\/#organization","name":"\u064a\u0627\u0633\u0645\u064a\u0646 \u0645\u0627\u0631\u0643\u062a","alternateName":"Yasmin Food","url":"https:\/\/yasminfood.ch\/de\/","logo":{"@type":"ImageObject","inLanguage":"de","@id":"https:\/\/yasminfood.ch\/de\/#\/schema\/logo\/image\/","url":"https:\/\/yasminfood.ch\/wp-content\/uploads\/2025\/05\/yasmin-food-header-logo.png","contentUrl":"https:\/\/yasminfood.ch\/wp-content\/uploads\/2025\/05\/yasmin-food-header-logo.png","width":330,"height":120,"caption":"\u064a\u0627\u0633\u0645\u064a\u0646 \u0645\u0627\u0631\u0643\u062a"},"image":{"@id":"https:\/\/yasminfood.ch\/de\/#\/schema\/logo\/image\/"},"sameAs":["https:\/\/www.facebook.com\/yasminmarkt1","https:\/\/www.tiktok.com\/@yasminmarkt","https:\/\/www.instagram.com\/yasmin.markt1\/","https:\/\/api.whatsapp.com\/send\/?phone=41799000104"],"publishingPrinciples":"https:\/\/yasminfood.ch\/de\/shop\/","ownershipFundingInfo":"https:\/\/yasminfood.ch\/de\/shop\/"}]},"product_price_amount":"8.50","product_price_currency":"CHF","og_availability":"instock","product_availability":"instock","product_condition":"new"},"jetpack_sharing_enabled":true,"_links":{"self":[{"href":"https:\/\/yasminfood.ch\/de\/wp-json\/wp\/v2\/product\/117027","targetHints":{"allow":["GET"]}}],"collection":[{"href":"https:\/\/yasminfood.ch\/de\/wp-json\/wp\/v2\/product"}],"about":[{"href":"https:\/\/yasminfood.ch\/de\/wp-json\/wp\/v2\/types\/product"}],"replies":[{"embeddable":true,"href":"https:\/\/yasminfood.ch\/de\/wp-json\/wp\/v2\/comments?post=117027"}],"version-history":[{"count":0,"href":"https:\/\/yasminfood.ch\/de\/wp-json\/wp\/v2\/product\/117027\/revisions"}],"wp:featuredmedia":[{"embeddable":true,"href":"https:\/\/yasminfood.ch\/de\/wp-json\/wp\/v2\/media\/117024"}],"wp:attachment":[{"href":"https:\/\/yasminfood.ch\/de\/wp-json\/wp\/v2\/media?parent=117027"}],"wp:term":[{"taxonomy":"product_brand","embeddable":true,"href":"https:\/\/yasminfood.ch\/de\/wp-json\/wp\/v2\/product_brand?post=117027"},{"taxonomy":"product_cat","embeddable":true,"href":"https:\/\/yasminfood.ch\/de\/wp-json\/wp\/v2\/product_cat?post=117027"},{"taxonomy":"product_tag","embeddable":true,"href":"https:\/\/yasminfood.ch\/de\/wp-json\/wp\/v2\/product_tag?post=117027"}],"curies":[{"name":"wp","href":"https:\/\/api.w.org\/{rel}","templated":true}]}}