{"id":117034,"date":"2025-06-11T23:17:08","date_gmt":"2025-06-11T21:17:08","guid":{"rendered":"https:\/\/yasminfood.ch\/product\/tosca-fadennudeln-1-kg\/"},"modified":"2025-06-20T00:48:43","modified_gmt":"2025-06-19T22:48:43","slug":"tosca-fadennudeln-1-kg","status":"publish","type":"product","link":"https:\/\/yasminfood.ch\/de\/product\/tosca-fadennudeln-1-kg\/","title":{"rendered":"Tosca Fadennudeln 1 kg"},"content":{"rendered":"<h3  data-start=\"115\" data-end=\"170\"><strong data-start=\"122\" data-end=\"170\">Tosca Fadennudeln 1 kg | Au\u00dfergew\u00f6hnliche Qualit\u00e4t und authentischer Geschmack<\/strong><\/h3>\n<p  data-start=\"172\" data-end=\"360\">Genie\u00dfen Sie die besten Gerichte mit Tosca-Fadennudeln aus Hartweizengrie\u00df.<\/p>\n<p  data-start=\"172\" data-end=\"360\">Perfekt f\u00fcr Suppen, Fadennudeln Reis oder als schnelle und herzhafte Mahlzeit. Es wird in einer Packung von 1 kg geliefert, um den Bed\u00fcrfnissen von Familien und Gro\u00dfk\u00fcchen gerecht zu werden.   <\/p>\n<h4  data-start=\"362\" data-end=\"377\">\u2705 Funktionen:<\/h4>\n<ul data-start=\"378\" data-end=\"510\">\n<li  data-start=\"378\" data-end=\"420\">\n<p  data-start=\"380\" data-end=\"420\">Hergestellt aus hochwertigem Hartweizengrie\u00df<\/p>\n<\/li>\n<li  data-start=\"421\" data-end=\"456\">\n<p  data-start=\"423\" data-end=\"456\">Perfekte Textur, die beim Kochen nicht zerbr\u00f6ckelt<\/p>\n<\/li>\n<li  data-start=\"457\" data-end=\"488\">\n<p  data-start=\"459\" data-end=\"488\">Reichhaltiger Geschmack, der zu verschiedenen Rezepten passt<\/p>\n<\/li>\n<li  data-start=\"489\" data-end=\"510\">\n<p  data-start=\"491\" data-end=\"510\">Einfach und schnell zubereitet<\/p>\n<\/li>\n<\/ul>\n<h4  data-start=\"512\" data-end=\"545\">\ud83d\udcca N\u00e4hrwerte pro 100 g:<\/h4>\n<ul data-start=\"546\" data-end=\"647\">\n<li  data-start=\"546\" data-end=\"568\">\n<p  data-start=\"548\" data-end=\"568\">Energie: 354 kcal <\/p>\n<\/li>\n<li  data-start=\"569\" data-end=\"586\">\n<p  data-start=\"571\" data-end=\"586\">Fett: 1,5 g <\/p>\n<\/li>\n<li  data-start=\"587\" data-end=\"609\">\n<p  data-start=\"589\" data-end=\"609\">Kohlenhydrate: 72 g <\/p>\n<\/li>\n<li  data-start=\"610\" data-end=\"630\">\n<p  data-start=\"612\" data-end=\"630\">Eiwei\u00df: 11,8 g <\/p>\n<\/li>\n<li  data-start=\"631\" data-end=\"647\">\n<p  data-start=\"633\" data-end=\"647\">Salz: 0,025 g <\/p>\n<\/li>\n<\/ul>\n<h4  data-start=\"649\" data-end=\"670\">\ud83d\udee0\ufe0f Benutzungen:<\/h4>\n<ul data-start=\"671\" data-end=\"750\">\n<li  data-start=\"671\" data-end=\"690\">\n<p  data-start=\"673\" data-end=\"690\">Suppe mit Fadennudeln<\/p>\n<\/li>\n<li  data-start=\"691\" data-end=\"708\">\n<p  data-start=\"693\" data-end=\"708\">Reis mit Fadennudeln<\/p>\n<\/li>\n<li  data-start=\"709\" data-end=\"726\">\n<p  data-start=\"711\" data-end=\"726\">Leichte Pasta<\/p>\n<\/li>\n<li  data-start=\"727\" data-end=\"750\">\n<p  data-start=\"729\" data-end=\"750\">Zusatzstoffe f\u00fcr Bestimmungsgerichte<\/p>\n<\/li>\n<\/ul>\n<p  data-start=\"752\" data-end=\"809\">\ud83d\uded2 Bestellen Sie es jetzt und verleihen Sie Ihren Rezepten einen Hauch von Qualit\u00e4t und authentischem Geschmack!<\/p>\n","protected":false},"excerpt":{"rendered":"<h3 class=\"ai-optimize-28\" data-start=\"115\" data-end=\"170\"><strong data-start=\"122\" data-end=\"170\">Tosca Fadennudeln 1 kg | Au\u00dfergew\u00f6hnliche Qualit\u00e4t und authentischer Geschmack<\/strong><\/h3>\n<p class=\"ai-optimize-29 ai-optimize-introduction\" data-start=\"172\" data-end=\"360\">Genie\u00dfen Sie die besten Gerichte mit Tosca-Fadennudeln aus Hartweizengrie\u00df.<\/p>\n<p class=\"ai-optimize-29 ai-optimize-introduction\" data-start=\"172\" data-end=\"360\">Perfekt f\u00fcr Suppen, Fadennudeln Reis oder als schnelle und herzhafte Mahlzeit. Es wird in einer Packung von 1 kg geliefert, um den Bed\u00fcrfnissen von Familien und Gro\u00dfk\u00fcchen gerecht zu werden.   <\/p>\n<h4 class=\"ai-optimize-30\" data-start=\"362\" data-end=\"377\"><\/h4>\n","protected":false},"featured_media":117031,"comment_status":"open","ping_status":"closed","template":"","meta":[],"product_brand":[],"product_cat":[331,317,320],"product_tag":[],"class_list":{"0":"post-117034","1":"product","2":"type-product","3":"status-publish","4":"has-post-thumbnail","6":"product_cat-fadennudeln","7":"product_cat-nudeln-instant-fadennudeln","8":"product_cat-reis-getreide","10":"first","11":"instock","12":"taxable","13":"shipping-taxable","14":"purchasable","15":"product-type-simple"},"yoast_head":"<!-- This site is optimized with the Yoast SEO Premium plugin v26.5 (Yoast SEO v27.4) - https:\/\/yoast.com\/product\/yoast-seo-premium-wordpress\/ -->\n<title>Tosca Fadennudeln 1 kg - Yasmin Food<\/title>\n<meta name=\"description\" content=\"Genie\u00dfen Sie die Zubereitung k\u00f6stlicher Gerichte mit Tosca-Nudeln 1 kg! Perfekt f\u00fcr Suppen und Vorspeisen, schnell zubereitet und lecker, jetzt bestellen! \ud83d\uded2 Yasmin Food\" \/>\n<meta name=\"robots\" content=\"index, follow, max-snippet:-1, max-image-preview:large, max-video-preview:-1\" \/>\n<link rel=\"canonical\" href=\"https:\/\/yasminfood.ch\/de\/product\/tosca-fadennudeln-1-kg\/\" \/>\n<meta property=\"og:locale\" content=\"de_DE\" \/>\n<meta property=\"og:type\" content=\"article\" \/>\n<meta property=\"og:title\" content=\"Tosca Fadennudeln 1 kg\" \/>\n<meta property=\"og:description\" content=\"Tosca Fadennudeln 1 kg | Au\u00dfergew\u00f6hnliche Qualit\u00e4t und authentischer Geschmack Genie\u00dfen Sie die besten Gerichte mit Tosca-Fadennudeln aus Hartweizengrie\u00df. Perfekt f\u00fcr Suppen, Fadennudeln Reis oder als schnelle und herzhafte Mahlzeit. Es wird in einer Packung von 1 kg geliefert, um den Bed\u00fcrfnissen von Familien und Gro\u00dfk\u00fcchen gerecht zu werden.\" \/>\n<meta property=\"og:url\" content=\"https:\/\/yasminfood.ch\/de\/product\/tosca-fadennudeln-1-kg\/\" \/>\n<meta property=\"og:site_name\" content=\"Yasmin Food\" \/>\n<meta property=\"article:publisher\" content=\"https:\/\/www.facebook.com\/yasminmarkt1\" \/>\n<meta property=\"article:modified_time\" content=\"2025-06-19T22:48:43+00:00\" \/>\n<meta property=\"og:image\" content=\"https:\/\/yasminfood.ch\/wp-content\/uploads\/2025\/06\/\u0634\u0639\u064a\u0631\u064a\u0629-\u062a\u0648\u0633\u0643\u0627-\u0661-\u0643\u063a.png\" \/>\n\t<meta property=\"og:image:width\" content=\"1080\" \/>\n\t<meta property=\"og:image:height\" content=\"1080\" \/>\n\t<meta property=\"og:image:type\" content=\"image\/png\" \/>\n<meta name=\"twitter:card\" content=\"summary_large_image\" \/>\n<meta name=\"twitter:label1\" content=\"Preis\" \/>\n\t<meta name=\"twitter:data1\" content=\"4.50&nbsp;&#067;&#072;&#070;\" \/>\n\t<meta name=\"twitter:label2\" content=\"Verf\u00fcgbarkeit\" \/>\n\t<meta name=\"twitter:data2\" content=\"Auf Lager\" \/>\n<script type=\"application\/ld+json\" class=\"yoast-schema-graph\">{\"@context\":\"https:\\\/\\\/schema.org\",\"@graph\":[{\"@type\":\"WebPage\",\"@id\":\"https:\\\/\\\/yasminfood.ch\\\/de\\\/product\\\/tosca-fadennudeln-1-kg\\\/\",\"url\":\"https:\\\/\\\/yasminfood.ch\\\/de\\\/product\\\/tosca-fadennudeln-1-kg\\\/\",\"name\":\"Tosca Fadennudeln 1 kg - Yasmin Food\",\"isPartOf\":{\"@id\":\"https:\\\/\\\/yasminfood.ch\\\/de\\\/#website\"},\"primaryImageOfPage\":{\"@id\":\"https:\\\/\\\/yasminfood.ch\\\/de\\\/product\\\/tosca-fadennudeln-1-kg\\\/#primaryimage\"},\"image\":{\"@id\":\"https:\\\/\\\/yasminfood.ch\\\/de\\\/product\\\/tosca-fadennudeln-1-kg\\\/#primaryimage\"},\"thumbnailUrl\":\"https:\\\/\\\/yasminfood.ch\\\/wp-content\\\/uploads\\\/2025\\\/06\\\/\u0634\u0639\u064a\u0631\u064a\u0629-\u062a\u0648\u0633\u0643\u0627-\u0661-\u0643\u063a.png\",\"datePublished\":\"2025-06-11T21:17:08+00:00\",\"dateModified\":\"2025-06-19T22:48:43+00:00\",\"description\":\"Genie\u00dfen Sie die Zubereitung k\u00f6stlicher Gerichte mit Tosca-Nudeln 1 kg! Perfekt f\u00fcr Suppen und Vorspeisen, schnell zubereitet und lecker, jetzt bestellen! \ud83d\uded2 Yasmin Food\",\"breadcrumb\":{\"@id\":\"https:\\\/\\\/yasminfood.ch\\\/de\\\/product\\\/tosca-fadennudeln-1-kg\\\/#breadcrumb\"},\"inLanguage\":\"de\",\"potentialAction\":[{\"@type\":\"ReadAction\",\"target\":[\"https:\\\/\\\/yasminfood.ch\\\/de\\\/product\\\/tosca-fadennudeln-1-kg\\\/\"]}]},{\"@type\":\"ImageObject\",\"inLanguage\":\"de\",\"@id\":\"https:\\\/\\\/yasminfood.ch\\\/de\\\/product\\\/tosca-fadennudeln-1-kg\\\/#primaryimage\",\"url\":\"https:\\\/\\\/yasminfood.ch\\\/wp-content\\\/uploads\\\/2025\\\/06\\\/\u0634\u0639\u064a\u0631\u064a\u0629-\u062a\u0648\u0633\u0643\u0627-\u0661-\u0643\u063a.png\",\"contentUrl\":\"https:\\\/\\\/yasminfood.ch\\\/wp-content\\\/uploads\\\/2025\\\/06\\\/\u0634\u0639\u064a\u0631\u064a\u0629-\u062a\u0648\u0633\u0643\u0627-\u0661-\u0643\u063a.png\",\"width\":1080,\"height\":1080,\"caption\":\"Tosca Fadennudeln 1 kg\"},{\"@type\":\"BreadcrumbList\",\"@id\":\"https:\\\/\\\/yasminfood.ch\\\/de\\\/product\\\/tosca-fadennudeln-1-kg\\\/#breadcrumb\",\"itemListElement\":[{\"@type\":\"ListItem\",\"position\":1,\"name\":\"\u0627\u0644\u0631\u0626\u064a\u0633\u064a\u0629\",\"item\":\"https:\\\/\\\/yasminfood.ch\\\/de\\\/zuhause\\\/\"},{\"@type\":\"ListItem\",\"position\":2,\"name\":\"Shop\",\"item\":\"https:\\\/\\\/yasminfood.ch\\\/de\\\/shop\\\/\"},{\"@type\":\"ListItem\",\"position\":3,\"name\":\"Reis &amp; Getreide\",\"item\":\"https:\\\/\\\/yasminfood.ch\\\/de\\\/produkt-kategorie\\\/reis-getreide\\\/\"},{\"@type\":\"ListItem\",\"position\":4,\"name\":\"Fadennudeln\",\"item\":\"https:\\\/\\\/yasminfood.ch\\\/de\\\/produkt-kategorie\\\/reis-getreide\\\/fadennudeln\\\/\"},{\"@type\":\"ListItem\",\"position\":5,\"name\":\"Tosca Fadennudeln 1 kg\"}]},{\"@type\":\"WebSite\",\"@id\":\"https:\\\/\\\/yasminfood.ch\\\/de\\\/#website\",\"url\":\"https:\\\/\\\/yasminfood.ch\\\/de\\\/\",\"name\":\"\u064a\u0627\u0633\u0645\u064a\u0646 \u0645\u0627\u0631\u0643\u062a\",\"description\":\"Alles, was Sie brauchen, an einem Ort\",\"publisher\":{\"@id\":\"https:\\\/\\\/yasminfood.ch\\\/de\\\/#organization\"},\"alternateName\":\"Yasmin Food\",\"potentialAction\":[{\"@type\":\"SearchAction\",\"target\":{\"@type\":\"EntryPoint\",\"urlTemplate\":\"https:\\\/\\\/yasminfood.ch\\\/de\\\/?s={search_term_string}\"},\"query-input\":{\"@type\":\"PropertyValueSpecification\",\"valueRequired\":true,\"valueName\":\"search_term_string\"}}],\"inLanguage\":\"de\"},{\"@type\":\"Organization\",\"@id\":\"https:\\\/\\\/yasminfood.ch\\\/de\\\/#organization\",\"name\":\"\u064a\u0627\u0633\u0645\u064a\u0646 \u0645\u0627\u0631\u0643\u062a\",\"alternateName\":\"Yasmin Food\",\"url\":\"https:\\\/\\\/yasminfood.ch\\\/de\\\/\",\"logo\":{\"@type\":\"ImageObject\",\"inLanguage\":\"de\",\"@id\":\"https:\\\/\\\/yasminfood.ch\\\/de\\\/#\\\/schema\\\/logo\\\/image\\\/\",\"url\":\"https:\\\/\\\/yasminfood.ch\\\/wp-content\\\/uploads\\\/2025\\\/05\\\/yasmin-food-header-logo.png\",\"contentUrl\":\"https:\\\/\\\/yasminfood.ch\\\/wp-content\\\/uploads\\\/2025\\\/05\\\/yasmin-food-header-logo.png\",\"width\":330,\"height\":120,\"caption\":\"\u064a\u0627\u0633\u0645\u064a\u0646 \u0645\u0627\u0631\u0643\u062a\"},\"image\":{\"@id\":\"https:\\\/\\\/yasminfood.ch\\\/de\\\/#\\\/schema\\\/logo\\\/image\\\/\"},\"sameAs\":[\"https:\\\/\\\/www.facebook.com\\\/yasminmarkt1\",\"https:\\\/\\\/www.tiktok.com\\\/@yasminmarkt\",\"https:\\\/\\\/www.instagram.com\\\/yasmin.markt1\\\/\",\"https:\\\/\\\/api.whatsapp.com\\\/send\\\/?phone=41799000104\"],\"publishingPrinciples\":\"https:\\\/\\\/yasminfood.ch\\\/de\\\/shop\\\/\",\"ownershipFundingInfo\":\"https:\\\/\\\/yasminfood.ch\\\/de\\\/shop\\\/\"}]}<\/script>\n<meta property=\"product:price:amount\" content=\"4.50\" \/>\n<meta property=\"product:price:currency\" content=\"CHF\" \/>\n<meta property=\"og:availability\" content=\"instock\" \/>\n<meta property=\"product:availability\" content=\"instock\" \/>\n<meta property=\"product:condition\" content=\"new\" \/>\n<!-- \/ Yoast SEO Premium plugin. -->","yoast_head_json":{"title":"Tosca Fadennudeln 1 kg - Yasmin Food","description":"Genie\u00dfen Sie die Zubereitung k\u00f6stlicher Gerichte mit Tosca-Nudeln 1 kg! Perfekt f\u00fcr Suppen und Vorspeisen, schnell zubereitet und lecker, jetzt bestellen! \ud83d\uded2 Yasmin Food","robots":{"index":"index","follow":"follow","max-snippet":"max-snippet:-1","max-image-preview":"max-image-preview:large","max-video-preview":"max-video-preview:-1"},"canonical":"https:\/\/yasminfood.ch\/de\/product\/tosca-fadennudeln-1-kg\/","og_locale":"de_DE","og_type":"article","og_title":"Tosca Fadennudeln 1 kg","og_description":"Tosca Fadennudeln 1 kg | Au\u00dfergew\u00f6hnliche Qualit\u00e4t und authentischer Geschmack Genie\u00dfen Sie die besten Gerichte mit Tosca-Fadennudeln aus Hartweizengrie\u00df. Perfekt f\u00fcr Suppen, Fadennudeln Reis oder als schnelle und herzhafte Mahlzeit. Es wird in einer Packung von 1 kg geliefert, um den Bed\u00fcrfnissen von Familien und Gro\u00dfk\u00fcchen gerecht zu werden.","og_url":"https:\/\/yasminfood.ch\/de\/product\/tosca-fadennudeln-1-kg\/","og_site_name":"Yasmin Food","article_publisher":"https:\/\/www.facebook.com\/yasminmarkt1","article_modified_time":"2025-06-19T22:48:43+00:00","og_image":[{"width":1080,"height":1080,"url":"https:\/\/yasminfood.ch\/wp-content\/uploads\/2025\/06\/\u0634\u0639\u064a\u0631\u064a\u0629-\u062a\u0648\u0633\u0643\u0627-\u0661-\u0643\u063a.png","type":"image\/png"}],"twitter_card":"summary_large_image","twitter_misc":{"Preis":"4.50&nbsp;&#67;&#72;&#70;","Verf\u00fcgbarkeit":"Auf Lager"},"schema":{"@context":"https:\/\/schema.org","@graph":[{"@type":"WebPage","@id":"https:\/\/yasminfood.ch\/de\/product\/tosca-fadennudeln-1-kg\/","url":"https:\/\/yasminfood.ch\/de\/product\/tosca-fadennudeln-1-kg\/","name":"Tosca Fadennudeln 1 kg - Yasmin Food","isPartOf":{"@id":"https:\/\/yasminfood.ch\/de\/#website"},"primaryImageOfPage":{"@id":"https:\/\/yasminfood.ch\/de\/product\/tosca-fadennudeln-1-kg\/#primaryimage"},"image":{"@id":"https:\/\/yasminfood.ch\/de\/product\/tosca-fadennudeln-1-kg\/#primaryimage"},"thumbnailUrl":"https:\/\/yasminfood.ch\/wp-content\/uploads\/2025\/06\/\u0634\u0639\u064a\u0631\u064a\u0629-\u062a\u0648\u0633\u0643\u0627-\u0661-\u0643\u063a.png","datePublished":"2025-06-11T21:17:08+00:00","dateModified":"2025-06-19T22:48:43+00:00","description":"Genie\u00dfen Sie die Zubereitung k\u00f6stlicher Gerichte mit Tosca-Nudeln 1 kg! Perfekt f\u00fcr Suppen und Vorspeisen, schnell zubereitet und lecker, jetzt bestellen! \ud83d\uded2 Yasmin Food","breadcrumb":{"@id":"https:\/\/yasminfood.ch\/de\/product\/tosca-fadennudeln-1-kg\/#breadcrumb"},"inLanguage":"de","potentialAction":[{"@type":"ReadAction","target":["https:\/\/yasminfood.ch\/de\/product\/tosca-fadennudeln-1-kg\/"]}]},{"@type":"ImageObject","inLanguage":"de","@id":"https:\/\/yasminfood.ch\/de\/product\/tosca-fadennudeln-1-kg\/#primaryimage","url":"https:\/\/yasminfood.ch\/wp-content\/uploads\/2025\/06\/\u0634\u0639\u064a\u0631\u064a\u0629-\u062a\u0648\u0633\u0643\u0627-\u0661-\u0643\u063a.png","contentUrl":"https:\/\/yasminfood.ch\/wp-content\/uploads\/2025\/06\/\u0634\u0639\u064a\u0631\u064a\u0629-\u062a\u0648\u0633\u0643\u0627-\u0661-\u0643\u063a.png","width":1080,"height":1080,"caption":"Tosca Fadennudeln 1 kg"},{"@type":"BreadcrumbList","@id":"https:\/\/yasminfood.ch\/de\/product\/tosca-fadennudeln-1-kg\/#breadcrumb","itemListElement":[{"@type":"ListItem","position":1,"name":"\u0627\u0644\u0631\u0626\u064a\u0633\u064a\u0629","item":"https:\/\/yasminfood.ch\/de\/zuhause\/"},{"@type":"ListItem","position":2,"name":"Shop","item":"https:\/\/yasminfood.ch\/de\/shop\/"},{"@type":"ListItem","position":3,"name":"Reis &amp; Getreide","item":"https:\/\/yasminfood.ch\/de\/produkt-kategorie\/reis-getreide\/"},{"@type":"ListItem","position":4,"name":"Fadennudeln","item":"https:\/\/yasminfood.ch\/de\/produkt-kategorie\/reis-getreide\/fadennudeln\/"},{"@type":"ListItem","position":5,"name":"Tosca Fadennudeln 1 kg"}]},{"@type":"WebSite","@id":"https:\/\/yasminfood.ch\/de\/#website","url":"https:\/\/yasminfood.ch\/de\/","name":"\u064a\u0627\u0633\u0645\u064a\u0646 \u0645\u0627\u0631\u0643\u062a","description":"Alles, was Sie brauchen, an einem Ort","publisher":{"@id":"https:\/\/yasminfood.ch\/de\/#organization"},"alternateName":"Yasmin Food","potentialAction":[{"@type":"SearchAction","target":{"@type":"EntryPoint","urlTemplate":"https:\/\/yasminfood.ch\/de\/?s={search_term_string}"},"query-input":{"@type":"PropertyValueSpecification","valueRequired":true,"valueName":"search_term_string"}}],"inLanguage":"de"},{"@type":"Organization","@id":"https:\/\/yasminfood.ch\/de\/#organization","name":"\u064a\u0627\u0633\u0645\u064a\u0646 \u0645\u0627\u0631\u0643\u062a","alternateName":"Yasmin Food","url":"https:\/\/yasminfood.ch\/de\/","logo":{"@type":"ImageObject","inLanguage":"de","@id":"https:\/\/yasminfood.ch\/de\/#\/schema\/logo\/image\/","url":"https:\/\/yasminfood.ch\/wp-content\/uploads\/2025\/05\/yasmin-food-header-logo.png","contentUrl":"https:\/\/yasminfood.ch\/wp-content\/uploads\/2025\/05\/yasmin-food-header-logo.png","width":330,"height":120,"caption":"\u064a\u0627\u0633\u0645\u064a\u0646 \u0645\u0627\u0631\u0643\u062a"},"image":{"@id":"https:\/\/yasminfood.ch\/de\/#\/schema\/logo\/image\/"},"sameAs":["https:\/\/www.facebook.com\/yasminmarkt1","https:\/\/www.tiktok.com\/@yasminmarkt","https:\/\/www.instagram.com\/yasmin.markt1\/","https:\/\/api.whatsapp.com\/send\/?phone=41799000104"],"publishingPrinciples":"https:\/\/yasminfood.ch\/de\/shop\/","ownershipFundingInfo":"https:\/\/yasminfood.ch\/de\/shop\/"}]},"product_price_amount":"4.50","product_price_currency":"CHF","og_availability":"instock","product_availability":"instock","product_condition":"new"},"jetpack_sharing_enabled":true,"_links":{"self":[{"href":"https:\/\/yasminfood.ch\/de\/wp-json\/wp\/v2\/product\/117034","targetHints":{"allow":["GET"]}}],"collection":[{"href":"https:\/\/yasminfood.ch\/de\/wp-json\/wp\/v2\/product"}],"about":[{"href":"https:\/\/yasminfood.ch\/de\/wp-json\/wp\/v2\/types\/product"}],"replies":[{"embeddable":true,"href":"https:\/\/yasminfood.ch\/de\/wp-json\/wp\/v2\/comments?post=117034"}],"version-history":[{"count":0,"href":"https:\/\/yasminfood.ch\/de\/wp-json\/wp\/v2\/product\/117034\/revisions"}],"wp:featuredmedia":[{"embeddable":true,"href":"https:\/\/yasminfood.ch\/de\/wp-json\/wp\/v2\/media\/117031"}],"wp:attachment":[{"href":"https:\/\/yasminfood.ch\/de\/wp-json\/wp\/v2\/media?parent=117034"}],"wp:term":[{"taxonomy":"product_brand","embeddable":true,"href":"https:\/\/yasminfood.ch\/de\/wp-json\/wp\/v2\/product_brand?post=117034"},{"taxonomy":"product_cat","embeddable":true,"href":"https:\/\/yasminfood.ch\/de\/wp-json\/wp\/v2\/product_cat?post=117034"},{"taxonomy":"product_tag","embeddable":true,"href":"https:\/\/yasminfood.ch\/de\/wp-json\/wp\/v2\/product_tag?post=117034"}],"curies":[{"name":"wp","href":"https:\/\/api.w.org\/{rel}","templated":true}]}}