{"id":117074,"date":"2025-06-12T11:42:55","date_gmt":"2025-06-12T09:42:55","guid":{"rendered":"https:\/\/yasminfood.ch\/product\/luxus-schokoladenkekse-12-stueck\/"},"modified":"2025-06-20T00:48:33","modified_gmt":"2025-06-19T22:48:33","slug":"luxus-schokoladenkekse-12-stueck","status":"publish","type":"product","link":"https:\/\/yasminfood.ch\/de\/product\/luxus-schokoladenkekse-12-stueck\/","title":{"rendered":"Luxus Schokoladenkekse 12 St\u00fcck"},"content":{"rendered":"<p ><strong>Luxus-Schokoladenkekse 12 St\u00fcck<\/strong> <strong data-start=\"90\" data-end=\"156\">mit reichem Geschmack f\u00fcr Schokoladenliebhaber<\/strong><\/p>\n<p  data-start=\"158\" data-end=\"313\">Verw\u00f6hnen Sie Ihre Sinne mit der perfekten Mischung aus Knusprigkeit und Weichheit mit einem luxuri\u00f6sen Schokoladengeschmack.<\/p>\n<p  data-start=\"158\" data-end=\"313\">Eine komplette Packung mit 12 k\u00f6stlichen St\u00fccken, perfekt f\u00fcr die ganze Familie. <\/p>\n<h4  data-start=\"315\" data-end=\"331\">\u2705 Funktionen:<\/h4>\n<ul data-start=\"332\" data-end=\"497\">\n<li  data-start=\"332\" data-end=\"381\">\n<p  data-start=\"334\" data-end=\"381\">12 leckere Kekse \u00fcberzogen oder mit Schokolade gef\u00fcllt<\/p>\n<\/li>\n<li  data-start=\"382\" data-end=\"417\">\n<p  data-start=\"384\" data-end=\"417\">Ausgewogener Geschmack zwischen S\u00fc\u00dfe und Crunch<\/p>\n<\/li>\n<li  data-start=\"418\" data-end=\"457\">\n<p  data-start=\"420\" data-end=\"457\">Jederzeit f\u00fcr Kinder und Erwachsene geeignet<\/p>\n<\/li>\n<li  data-start=\"458\" data-end=\"497\">\n<p  data-start=\"460\" data-end=\"497\">Perfekt als Snack oder zu Kaffee und Tee<\/p>\n<\/li>\n<\/ul>\n<p  data-start=\"499\" data-end=\"557\">\ud83d\uded2 Bestellen Sie jetzt bei <strong data-start=\"515\" data-end=\"529\">Jasmine Food<\/strong> und genie\u00dfen Sie einen luxuri\u00f6sen und unvergesslichen Geschmack!<\/p>\n<p data-start=\"499\" data-end=\"557\">\n","protected":false},"excerpt":{"rendered":"<p class=\"ai-optimize-23 ai-optimize-introduction\"><strong>Luxus-Schokoladenkekse 12 St\u00fcck<\/strong> <strong data-start=\"90\" data-end=\"156\">mit reichem Geschmack f\u00fcr Schokoladenliebhaber<\/strong><\/p>\n<p class=\"ai-optimize-26\" data-start=\"158\" data-end=\"313\">Verw\u00f6hnen Sie Ihre Sinne mit der perfekten Mischung aus Knusprigkeit und Weichheit mit einem luxuri\u00f6sen Schokoladengeschmack.<\/p>\n<p class=\"ai-optimize-26\" data-start=\"158\" data-end=\"313\">Eine komplette Packung mit 12 k\u00f6stlichen St\u00fccken, perfekt f\u00fcr die ganze Familie. <\/p>\n","protected":false},"featured_media":117071,"comment_status":"open","ping_status":"closed","template":"","meta":[],"product_brand":[],"product_cat":[297,305],"product_tag":[],"class_list":{"0":"post-117074","1":"product","2":"type-product","3":"status-publish","4":"has-post-thumbnail","6":"product_cat-dessert-chips-2","7":"product_cat-kekse","9":"first","10":"outofstock","11":"taxable","12":"shipping-taxable","13":"purchasable","14":"product-type-simple"},"yoast_head":"<!-- This site is optimized with the Yoast SEO Premium plugin v26.5 (Yoast SEO v27.5) - https:\/\/yoast.com\/product\/yoast-seo-premium-wordpress\/ -->\n<title>Luxus Schokoladenkekse 12 St\u00fcck - Yasmin Food<\/title>\n<meta name=\"description\" content=\"Verw\u00f6hnen Sie Ihre Sinne mit Premium Chocolate Biscuits 12 Pieces, der perfekten Mischung aus Knusprigkeit und Weichheit. Bestellen Sie jetzt und genie\u00dfen Sie den Geschmack von Schokolade! \ud83c\udf6a Yasmin Food\" \/>\n<meta name=\"robots\" content=\"index, follow, max-snippet:-1, max-image-preview:large, max-video-preview:-1\" \/>\n<link rel=\"canonical\" href=\"https:\/\/yasminfood.ch\/de\/product\/luxus-schokoladenkekse-12-stueck\/\" \/>\n<meta property=\"og:locale\" content=\"de_DE\" \/>\n<meta property=\"og:type\" content=\"article\" \/>\n<meta property=\"og:title\" content=\"Luxus Schokoladenkekse 12 St\u00fcck\" \/>\n<meta property=\"og:description\" content=\"Luxus-Schokoladenkekse 12 St\u00fcck mit reichem Geschmack f\u00fcr Schokoladenliebhaber Verw\u00f6hnen Sie Ihre Sinne mit der perfekten Mischung aus Knusprigkeit und Weichheit mit einem luxuri\u00f6sen Schokoladengeschmack. Eine komplette Packung mit 12 k\u00f6stlichen St\u00fccken, perfekt f\u00fcr die ganze Familie.\" \/>\n<meta property=\"og:url\" content=\"https:\/\/yasminfood.ch\/de\/product\/luxus-schokoladenkekse-12-stueck\/\" \/>\n<meta property=\"og:site_name\" content=\"Yasmin Food\" \/>\n<meta property=\"article:publisher\" content=\"https:\/\/www.facebook.com\/yasminmarkt1\" \/>\n<meta property=\"article:modified_time\" content=\"2025-06-19T22:48:33+00:00\" \/>\n<meta property=\"og:image\" content=\"https:\/\/yasminfood.ch\/wp-content\/uploads\/2025\/06\/\u0628\u0633\u0643\u0648\u064a\u062a-\u0627\u0644\u0641\u0627\u062e\u0631-\u0634\u0648\u0643\u0648\u0644\u0627-12-\u0642\u0637\u0639\u0629.png\" \/>\n\t<meta property=\"og:image:width\" content=\"1080\" \/>\n\t<meta property=\"og:image:height\" content=\"1080\" \/>\n\t<meta property=\"og:image:type\" content=\"image\/png\" \/>\n<meta name=\"twitter:card\" content=\"summary_large_image\" \/>\n<meta name=\"twitter:label1\" content=\"Preis\" \/>\n\t<meta name=\"twitter:data1\" content=\"4.95&nbsp;&#067;&#072;&#070;\" \/>\n\t<meta name=\"twitter:label2\" content=\"Verf\u00fcgbarkeit\" \/>\n\t<meta name=\"twitter:data2\" content=\"ausverkauft\" \/>\n<script type=\"application\/ld+json\" class=\"yoast-schema-graph\">{\"@context\":\"https:\\\/\\\/schema.org\",\"@graph\":[{\"@type\":\"WebPage\",\"@id\":\"https:\\\/\\\/yasminfood.ch\\\/de\\\/product\\\/luxus-schokoladenkekse-12-stueck\\\/\",\"url\":\"https:\\\/\\\/yasminfood.ch\\\/de\\\/product\\\/luxus-schokoladenkekse-12-stueck\\\/\",\"name\":\"Luxus Schokoladenkekse 12 St\u00fcck - Yasmin Food\",\"isPartOf\":{\"@id\":\"https:\\\/\\\/yasminfood.ch\\\/de\\\/#website\"},\"primaryImageOfPage\":{\"@id\":\"https:\\\/\\\/yasminfood.ch\\\/de\\\/product\\\/luxus-schokoladenkekse-12-stueck\\\/#primaryimage\"},\"image\":{\"@id\":\"https:\\\/\\\/yasminfood.ch\\\/de\\\/product\\\/luxus-schokoladenkekse-12-stueck\\\/#primaryimage\"},\"thumbnailUrl\":\"https:\\\/\\\/yasminfood.ch\\\/wp-content\\\/uploads\\\/2025\\\/06\\\/\u0628\u0633\u0643\u0648\u064a\u062a-\u0627\u0644\u0641\u0627\u062e\u0631-\u0634\u0648\u0643\u0648\u0644\u0627-12-\u0642\u0637\u0639\u0629.png\",\"datePublished\":\"2025-06-12T09:42:55+00:00\",\"dateModified\":\"2025-06-19T22:48:33+00:00\",\"description\":\"Verw\u00f6hnen Sie Ihre Sinne mit Premium Chocolate Biscuits 12 Pieces, der perfekten Mischung aus Knusprigkeit und Weichheit. Bestellen Sie jetzt und genie\u00dfen Sie den Geschmack von Schokolade! \ud83c\udf6a Yasmin Food\",\"breadcrumb\":{\"@id\":\"https:\\\/\\\/yasminfood.ch\\\/de\\\/product\\\/luxus-schokoladenkekse-12-stueck\\\/#breadcrumb\"},\"inLanguage\":\"de\",\"potentialAction\":[{\"@type\":\"ReadAction\",\"target\":[\"https:\\\/\\\/yasminfood.ch\\\/de\\\/product\\\/luxus-schokoladenkekse-12-stueck\\\/\"]}]},{\"@type\":\"ImageObject\",\"inLanguage\":\"de\",\"@id\":\"https:\\\/\\\/yasminfood.ch\\\/de\\\/product\\\/luxus-schokoladenkekse-12-stueck\\\/#primaryimage\",\"url\":\"https:\\\/\\\/yasminfood.ch\\\/wp-content\\\/uploads\\\/2025\\\/06\\\/\u0628\u0633\u0643\u0648\u064a\u062a-\u0627\u0644\u0641\u0627\u062e\u0631-\u0634\u0648\u0643\u0648\u0644\u0627-12-\u0642\u0637\u0639\u0629.png\",\"contentUrl\":\"https:\\\/\\\/yasminfood.ch\\\/wp-content\\\/uploads\\\/2025\\\/06\\\/\u0628\u0633\u0643\u0648\u064a\u062a-\u0627\u0644\u0641\u0627\u062e\u0631-\u0634\u0648\u0643\u0648\u0644\u0627-12-\u0642\u0637\u0639\u0629.png\",\"width\":1080,\"height\":1080,\"caption\":\"Luxus Schokoladenkekse 12 St\u00fcck\"},{\"@type\":\"BreadcrumbList\",\"@id\":\"https:\\\/\\\/yasminfood.ch\\\/de\\\/product\\\/luxus-schokoladenkekse-12-stueck\\\/#breadcrumb\",\"itemListElement\":[{\"@type\":\"ListItem\",\"position\":1,\"name\":\"\u0627\u0644\u0631\u0626\u064a\u0633\u064a\u0629\",\"item\":\"https:\\\/\\\/yasminfood.ch\\\/de\\\/zuhause\\\/\"},{\"@type\":\"ListItem\",\"position\":2,\"name\":\"Shop\",\"item\":\"https:\\\/\\\/yasminfood.ch\\\/de\\\/shop\\\/\"},{\"@type\":\"ListItem\",\"position\":3,\"name\":\"Dessert &amp; Chips\",\"item\":\"https:\\\/\\\/yasminfood.ch\\\/de\\\/produkt-kategorie\\\/dessert-chips-2\\\/\"},{\"@type\":\"ListItem\",\"position\":4,\"name\":\"Kekse\",\"item\":\"https:\\\/\\\/yasminfood.ch\\\/de\\\/produkt-kategorie\\\/dessert-chips-2\\\/kekse\\\/\"},{\"@type\":\"ListItem\",\"position\":5,\"name\":\"Luxus Schokoladenkekse 12 St\u00fcck\"}]},{\"@type\":\"WebSite\",\"@id\":\"https:\\\/\\\/yasminfood.ch\\\/de\\\/#website\",\"url\":\"https:\\\/\\\/yasminfood.ch\\\/de\\\/\",\"name\":\"\u064a\u0627\u0633\u0645\u064a\u0646 \u0645\u0627\u0631\u0643\u062a\",\"description\":\"Alles, was Sie brauchen, an einem Ort\",\"publisher\":{\"@id\":\"https:\\\/\\\/yasminfood.ch\\\/de\\\/#organization\"},\"alternateName\":\"Yasmin Food\",\"potentialAction\":[{\"@type\":\"SearchAction\",\"target\":{\"@type\":\"EntryPoint\",\"urlTemplate\":\"https:\\\/\\\/yasminfood.ch\\\/de\\\/?s={search_term_string}\"},\"query-input\":{\"@type\":\"PropertyValueSpecification\",\"valueRequired\":true,\"valueName\":\"search_term_string\"}}],\"inLanguage\":\"de\"},{\"@type\":\"Organization\",\"@id\":\"https:\\\/\\\/yasminfood.ch\\\/de\\\/#organization\",\"name\":\"\u064a\u0627\u0633\u0645\u064a\u0646 \u0645\u0627\u0631\u0643\u062a\",\"alternateName\":\"Yasmin Food\",\"url\":\"https:\\\/\\\/yasminfood.ch\\\/de\\\/\",\"logo\":{\"@type\":\"ImageObject\",\"inLanguage\":\"de\",\"@id\":\"https:\\\/\\\/yasminfood.ch\\\/de\\\/#\\\/schema\\\/logo\\\/image\\\/\",\"url\":\"https:\\\/\\\/yasminfood.ch\\\/wp-content\\\/uploads\\\/2025\\\/05\\\/yasmin-food-header-logo.png\",\"contentUrl\":\"https:\\\/\\\/yasminfood.ch\\\/wp-content\\\/uploads\\\/2025\\\/05\\\/yasmin-food-header-logo.png\",\"width\":330,\"height\":120,\"caption\":\"\u064a\u0627\u0633\u0645\u064a\u0646 \u0645\u0627\u0631\u0643\u062a\"},\"image\":{\"@id\":\"https:\\\/\\\/yasminfood.ch\\\/de\\\/#\\\/schema\\\/logo\\\/image\\\/\"},\"sameAs\":[\"https:\\\/\\\/www.facebook.com\\\/yasminmarkt1\",\"https:\\\/\\\/www.tiktok.com\\\/@yasminmarkt\",\"https:\\\/\\\/www.instagram.com\\\/yasmin.markt1\\\/\",\"https:\\\/\\\/api.whatsapp.com\\\/send\\\/?phone=41799000104\"],\"publishingPrinciples\":\"https:\\\/\\\/yasminfood.ch\\\/de\\\/shop\\\/\",\"ownershipFundingInfo\":\"https:\\\/\\\/yasminfood.ch\\\/de\\\/shop\\\/\"}]}<\/script>\n<meta property=\"product:price:amount\" content=\"4.95\" \/>\n<meta property=\"product:price:currency\" content=\"CHF\" \/>\n<meta property=\"og:availability\" content=\"out of stock\" \/>\n<meta property=\"product:availability\" content=\"out of stock\" \/>\n<meta property=\"product:condition\" content=\"new\" \/>\n<!-- \/ Yoast SEO Premium plugin. -->","yoast_head_json":{"title":"Luxus Schokoladenkekse 12 St\u00fcck - Yasmin Food","description":"Verw\u00f6hnen Sie Ihre Sinne mit Premium Chocolate Biscuits 12 Pieces, der perfekten Mischung aus Knusprigkeit und Weichheit. Bestellen Sie jetzt und genie\u00dfen Sie den Geschmack von Schokolade! \ud83c\udf6a Yasmin Food","robots":{"index":"index","follow":"follow","max-snippet":"max-snippet:-1","max-image-preview":"max-image-preview:large","max-video-preview":"max-video-preview:-1"},"canonical":"https:\/\/yasminfood.ch\/de\/product\/luxus-schokoladenkekse-12-stueck\/","og_locale":"de_DE","og_type":"article","og_title":"Luxus Schokoladenkekse 12 St\u00fcck","og_description":"Luxus-Schokoladenkekse 12 St\u00fcck mit reichem Geschmack f\u00fcr Schokoladenliebhaber Verw\u00f6hnen Sie Ihre Sinne mit der perfekten Mischung aus Knusprigkeit und Weichheit mit einem luxuri\u00f6sen Schokoladengeschmack. Eine komplette Packung mit 12 k\u00f6stlichen St\u00fccken, perfekt f\u00fcr die ganze Familie.","og_url":"https:\/\/yasminfood.ch\/de\/product\/luxus-schokoladenkekse-12-stueck\/","og_site_name":"Yasmin Food","article_publisher":"https:\/\/www.facebook.com\/yasminmarkt1","article_modified_time":"2025-06-19T22:48:33+00:00","og_image":[{"width":1080,"height":1080,"url":"https:\/\/yasminfood.ch\/wp-content\/uploads\/2025\/06\/\u0628\u0633\u0643\u0648\u064a\u062a-\u0627\u0644\u0641\u0627\u062e\u0631-\u0634\u0648\u0643\u0648\u0644\u0627-12-\u0642\u0637\u0639\u0629.png","type":"image\/png"}],"twitter_card":"summary_large_image","twitter_misc":{"Preis":"4.95&nbsp;&#67;&#72;&#70;","Verf\u00fcgbarkeit":"ausverkauft"},"schema":{"@context":"https:\/\/schema.org","@graph":[{"@type":"WebPage","@id":"https:\/\/yasminfood.ch\/de\/product\/luxus-schokoladenkekse-12-stueck\/","url":"https:\/\/yasminfood.ch\/de\/product\/luxus-schokoladenkekse-12-stueck\/","name":"Luxus Schokoladenkekse 12 St\u00fcck - Yasmin Food","isPartOf":{"@id":"https:\/\/yasminfood.ch\/de\/#website"},"primaryImageOfPage":{"@id":"https:\/\/yasminfood.ch\/de\/product\/luxus-schokoladenkekse-12-stueck\/#primaryimage"},"image":{"@id":"https:\/\/yasminfood.ch\/de\/product\/luxus-schokoladenkekse-12-stueck\/#primaryimage"},"thumbnailUrl":"https:\/\/yasminfood.ch\/wp-content\/uploads\/2025\/06\/\u0628\u0633\u0643\u0648\u064a\u062a-\u0627\u0644\u0641\u0627\u062e\u0631-\u0634\u0648\u0643\u0648\u0644\u0627-12-\u0642\u0637\u0639\u0629.png","datePublished":"2025-06-12T09:42:55+00:00","dateModified":"2025-06-19T22:48:33+00:00","description":"Verw\u00f6hnen Sie Ihre Sinne mit Premium Chocolate Biscuits 12 Pieces, der perfekten Mischung aus Knusprigkeit und Weichheit. Bestellen Sie jetzt und genie\u00dfen Sie den Geschmack von Schokolade! \ud83c\udf6a Yasmin Food","breadcrumb":{"@id":"https:\/\/yasminfood.ch\/de\/product\/luxus-schokoladenkekse-12-stueck\/#breadcrumb"},"inLanguage":"de","potentialAction":[{"@type":"ReadAction","target":["https:\/\/yasminfood.ch\/de\/product\/luxus-schokoladenkekse-12-stueck\/"]}]},{"@type":"ImageObject","inLanguage":"de","@id":"https:\/\/yasminfood.ch\/de\/product\/luxus-schokoladenkekse-12-stueck\/#primaryimage","url":"https:\/\/yasminfood.ch\/wp-content\/uploads\/2025\/06\/\u0628\u0633\u0643\u0648\u064a\u062a-\u0627\u0644\u0641\u0627\u062e\u0631-\u0634\u0648\u0643\u0648\u0644\u0627-12-\u0642\u0637\u0639\u0629.png","contentUrl":"https:\/\/yasminfood.ch\/wp-content\/uploads\/2025\/06\/\u0628\u0633\u0643\u0648\u064a\u062a-\u0627\u0644\u0641\u0627\u062e\u0631-\u0634\u0648\u0643\u0648\u0644\u0627-12-\u0642\u0637\u0639\u0629.png","width":1080,"height":1080,"caption":"Luxus Schokoladenkekse 12 St\u00fcck"},{"@type":"BreadcrumbList","@id":"https:\/\/yasminfood.ch\/de\/product\/luxus-schokoladenkekse-12-stueck\/#breadcrumb","itemListElement":[{"@type":"ListItem","position":1,"name":"\u0627\u0644\u0631\u0626\u064a\u0633\u064a\u0629","item":"https:\/\/yasminfood.ch\/de\/zuhause\/"},{"@type":"ListItem","position":2,"name":"Shop","item":"https:\/\/yasminfood.ch\/de\/shop\/"},{"@type":"ListItem","position":3,"name":"Dessert &amp; Chips","item":"https:\/\/yasminfood.ch\/de\/produkt-kategorie\/dessert-chips-2\/"},{"@type":"ListItem","position":4,"name":"Kekse","item":"https:\/\/yasminfood.ch\/de\/produkt-kategorie\/dessert-chips-2\/kekse\/"},{"@type":"ListItem","position":5,"name":"Luxus Schokoladenkekse 12 St\u00fcck"}]},{"@type":"WebSite","@id":"https:\/\/yasminfood.ch\/de\/#website","url":"https:\/\/yasminfood.ch\/de\/","name":"\u064a\u0627\u0633\u0645\u064a\u0646 \u0645\u0627\u0631\u0643\u062a","description":"Alles, was Sie brauchen, an einem Ort","publisher":{"@id":"https:\/\/yasminfood.ch\/de\/#organization"},"alternateName":"Yasmin Food","potentialAction":[{"@type":"SearchAction","target":{"@type":"EntryPoint","urlTemplate":"https:\/\/yasminfood.ch\/de\/?s={search_term_string}"},"query-input":{"@type":"PropertyValueSpecification","valueRequired":true,"valueName":"search_term_string"}}],"inLanguage":"de"},{"@type":"Organization","@id":"https:\/\/yasminfood.ch\/de\/#organization","name":"\u064a\u0627\u0633\u0645\u064a\u0646 \u0645\u0627\u0631\u0643\u062a","alternateName":"Yasmin Food","url":"https:\/\/yasminfood.ch\/de\/","logo":{"@type":"ImageObject","inLanguage":"de","@id":"https:\/\/yasminfood.ch\/de\/#\/schema\/logo\/image\/","url":"https:\/\/yasminfood.ch\/wp-content\/uploads\/2025\/05\/yasmin-food-header-logo.png","contentUrl":"https:\/\/yasminfood.ch\/wp-content\/uploads\/2025\/05\/yasmin-food-header-logo.png","width":330,"height":120,"caption":"\u064a\u0627\u0633\u0645\u064a\u0646 \u0645\u0627\u0631\u0643\u062a"},"image":{"@id":"https:\/\/yasminfood.ch\/de\/#\/schema\/logo\/image\/"},"sameAs":["https:\/\/www.facebook.com\/yasminmarkt1","https:\/\/www.tiktok.com\/@yasminmarkt","https:\/\/www.instagram.com\/yasmin.markt1\/","https:\/\/api.whatsapp.com\/send\/?phone=41799000104"],"publishingPrinciples":"https:\/\/yasminfood.ch\/de\/shop\/","ownershipFundingInfo":"https:\/\/yasminfood.ch\/de\/shop\/"}]},"product_price_amount":"4.95","product_price_currency":"CHF","og_availability":"out of stock","product_availability":"out of stock","product_condition":"new"},"jetpack_sharing_enabled":true,"_links":{"self":[{"href":"https:\/\/yasminfood.ch\/de\/wp-json\/wp\/v2\/product\/117074","targetHints":{"allow":["GET"]}}],"collection":[{"href":"https:\/\/yasminfood.ch\/de\/wp-json\/wp\/v2\/product"}],"about":[{"href":"https:\/\/yasminfood.ch\/de\/wp-json\/wp\/v2\/types\/product"}],"replies":[{"embeddable":true,"href":"https:\/\/yasminfood.ch\/de\/wp-json\/wp\/v2\/comments?post=117074"}],"version-history":[{"count":0,"href":"https:\/\/yasminfood.ch\/de\/wp-json\/wp\/v2\/product\/117074\/revisions"}],"wp:featuredmedia":[{"embeddable":true,"href":"https:\/\/yasminfood.ch\/de\/wp-json\/wp\/v2\/media\/117071"}],"wp:attachment":[{"href":"https:\/\/yasminfood.ch\/de\/wp-json\/wp\/v2\/media?parent=117074"}],"wp:term":[{"taxonomy":"product_brand","embeddable":true,"href":"https:\/\/yasminfood.ch\/de\/wp-json\/wp\/v2\/product_brand?post=117074"},{"taxonomy":"product_cat","embeddable":true,"href":"https:\/\/yasminfood.ch\/de\/wp-json\/wp\/v2\/product_cat?post=117074"},{"taxonomy":"product_tag","embeddable":true,"href":"https:\/\/yasminfood.ch\/de\/wp-json\/wp\/v2\/product_tag?post=117074"}],"curies":[{"name":"wp","href":"https:\/\/api.w.org\/{rel}","templated":true}]}}