{"id":117117,"date":"2025-06-12T14:23:31","date_gmt":"2025-06-12T12:24:33","guid":{"rendered":"https:\/\/yasminfood.ch\/product\/mahmoud-basmati-reis-900g\/"},"modified":"2025-06-20T00:48:31","modified_gmt":"2025-06-19T22:48:31","slug":"mahmoud-basmati-reis-900g","status":"publish","type":"product","link":"https:\/\/yasminfood.ch\/de\/product\/mahmoud-basmati-reis-900g\/","title":{"rendered":"Mahmoud Basmati Reis 900g"},"content":{"rendered":"<div class=\"product-tabs-wrapper\">\n<div class=\"container product-tabs-inner\">\n<div class=\"woocommerce-tabs wc-tabs-wrapper tabs-layout-tabs wd-opener-pos-right wd-opener-style-arrow\" data-state=\"first\" data-layout=\"tabs\">\n<div class=\"wd-accordion-item\">\n<div id=\"tab-description\" class=\"entry-content woocommerce-Tabs-panel woocommerce-Tabs-panel--description wd-active panel wc-tab\" role=\"tabpanel\" aria-labelledby=\"tab-title-description\" data-accordion-index=\"description\">\n<div class=\"wc-tab-inner wd-entry-content\">\n<h3  data-start=\"140\" data-end=\"169\"><strong data-start=\"144\" data-end=\"169\">Mahmoud Basmati Reis 900g<\/strong><\/h3>\n<p  data-start=\"171\" data-end=\"383\">Genie\u00dfen Sie den Geschmack von Premium-Reis, der f\u00fcr seine hohe Qualit\u00e4t, sein angenehmes Aroma und seine langen und markanten K\u00f6rner bekannt ist.<br data-start=\"281\" data-end=\"284\">Angebaut in den \u00fcppigen Ebenen des Punjab, unterliegt dieser Reis h\u00f6chsten Qualit\u00e4tsstandards, um jedes Mal das perfekte Kocherlebnis zu gew\u00e4hrleisten. <\/p>\n<p  data-start=\"385\" data-end=\"397\"><strong data-start=\"385\" data-end=\"397\">Funktionen:<\/strong><\/p>\n<ul data-start=\"398\" data-end=\"595\">\n<li  data-start=\"398\" data-end=\"417\">\n<p  data-start=\"400\" data-end=\"417\">Gewicht: 900 g <\/p>\n<\/li>\n<li  data-start=\"418\" data-end=\"449\">\n<p  data-start=\"420\" data-end=\"449\">Reissorte: Langkorn-Basmati <\/p>\n<\/li>\n<li  data-start=\"450\" data-end=\"523\">\n<p  data-start=\"452\" data-end=\"523\">Ideal f\u00fcr besondere Anl\u00e4sse und orientalische Gerichte wie Kabsa, Biryani und Mandi <\/p>\n<\/li>\n<li  data-start=\"524\" data-end=\"547\">\n<p  data-start=\"526\" data-end=\"547\">Leicht zu kochen und klebt nicht<\/p>\n<\/li>\n<li  data-start=\"548\" data-end=\"595\">\n<p  data-start=\"550\" data-end=\"595\">Frei von Konservierungsstoffen oder k\u00fcnstlichen Zusatzstoffen<\/p>\n<\/li>\n<\/ul>\n<p  data-start=\"597\" data-end=\"615\"><strong data-start=\"597\" data-end=\"615\">Kochen:<\/strong><\/p>\n<ol data-start=\"616\" data-end=\"740\">\n<li  data-start=\"616\" data-end=\"658\">\n<p  data-start=\"619\" data-end=\"658\">Wasche den Reis gr\u00fcndlich, bis das Wasser klar ist.<\/p>\n<\/li>\n<li  data-start=\"659\" data-end=\"685\">\n<p  data-start=\"662\" data-end=\"685\">20-30 Minuten einweichen.<\/p>\n<\/li>\n<li  data-start=\"686\" data-end=\"740\">\n<p  data-start=\"689\" data-end=\"740\">Kochen Sie in einem Verh\u00e4ltnis von 1 Tasse Reis zu 1,5 Tassen Wasser oder nach Geschmack.<\/p>\n<\/li>\n<\/ol>\n<p  data-start=\"742\" data-end=\"793\"><strong data-start=\"742\" data-end=\"757\">Herkunftsland:<\/strong> Indien<br data-start=\"763\" data-end=\"766\"><strong data-start=\"766\" data-end=\"787\">Hersteller:<\/strong> Mahmoud<\/p>\n<\/div>\n<\/div>\n<\/div>\n<\/div>\n<\/div>\n<\/div>\n","protected":false},"excerpt":{"rendered":"<div class=\"woocommerce-product-details__short-description\">\n<h3 class=\"ai-optimize-31\" data-start=\"140\" data-end=\"169\"><strong data-start=\"144\" data-end=\"169\">Mahmoud Basmati Reis \u2013 900g<\/strong><\/h3>\n<p class=\"ai-optimize-32 ai-optimize-introduction\" data-start=\"171\" data-end=\"383\">Genie\u00dfen Sie den Geschmack von Premium-Reis, der f\u00fcr seine hohe Qualit\u00e4t, sein angenehmes Aroma und seine langen und markanten K\u00f6rner bekannt ist.<br data-start=\"281\" data-end=\"284\">Angebaut in den \u00fcppigen Ebenen des Punjab, unterliegt dieser Reis h\u00f6chsten Qualit\u00e4tsstandards, um jedes Mal das perfekte Kocherlebnis zu gew\u00e4hrleisten. <\/p>\n<\/div>\n","protected":false},"featured_media":109837,"comment_status":"open","ping_status":"closed","template":"","meta":[],"product_brand":[],"product_cat":[327,320],"product_tag":[],"class_list":{"0":"post-117117","1":"product","2":"type-product","3":"status-publish","4":"has-post-thumbnail","6":"product_cat-reis","7":"product_cat-reis-getreide","9":"first","10":"instock","11":"taxable","12":"shipping-taxable","13":"purchasable","14":"product-type-simple"},"yoast_head":"<!-- This site is optimized with the Yoast SEO Premium plugin v26.5 (Yoast SEO v27.3) - https:\/\/yoast.com\/product\/yoast-seo-premium-wordpress\/ -->\n<title>Mahmoud Basmati Reis 900g - Yasmin Food<\/title>\n<meta name=\"description\" content=\"Genie\u00dfen Sie das perfekte Kocherlebnis mit Mahmoud Basmati Reis 900g. Dieser luxuri\u00f6se Reis wird in den freien Ebenen des Punjab gepflanzt. Probieren Sie es jetzt aus! Yasmin Food Mahmoud Basmati Reis 900g\" \/>\n<meta name=\"robots\" content=\"index, follow, max-snippet:-1, max-image-preview:large, max-video-preview:-1\" \/>\n<link rel=\"canonical\" href=\"https:\/\/yasminfood.ch\/de\/product\/mahmoud-basmati-reis-900g\/\" \/>\n<meta property=\"og:locale\" content=\"de_DE\" \/>\n<meta property=\"og:type\" content=\"article\" \/>\n<meta property=\"og:title\" content=\"Mahmoud Basmati Reis 900g\" \/>\n<meta property=\"og:description\" content=\"Mahmoud Basmati Reis \u2013 900g Genie\u00dfen Sie den Geschmack von Premium-Reis, der f\u00fcr seine hohe Qualit\u00e4t, sein angenehmes Aroma und seine langen und markanten K\u00f6rner bekannt ist.Angebaut in den \u00fcppigen Ebenen des Punjab, unterliegt dieser Reis h\u00f6chsten Qualit\u00e4tsstandards, um jedes Mal das perfekte Kocherlebnis zu gew\u00e4hrleisten.\" \/>\n<meta property=\"og:url\" content=\"https:\/\/yasminfood.ch\/de\/product\/mahmoud-basmati-reis-900g\/\" \/>\n<meta property=\"og:site_name\" content=\"Yasmin Food\" \/>\n<meta property=\"article:publisher\" content=\"https:\/\/www.facebook.com\/yasminmarkt1\" \/>\n<meta property=\"article:modified_time\" content=\"2025-06-19T22:48:31+00:00\" \/>\n<meta property=\"og:image\" content=\"https:\/\/yasminfood.ch\/wp-content\/uploads\/2021\/08\/\u0631\u0632-\u0628\u0633\u0645\u062a\u064a-\u0645\u062d\u0645\u0648\u062f-900\u063a.png\" \/>\n\t<meta property=\"og:image:width\" content=\"1080\" \/>\n\t<meta property=\"og:image:height\" content=\"1080\" \/>\n\t<meta property=\"og:image:type\" content=\"image\/png\" \/>\n<meta name=\"twitter:card\" content=\"summary_large_image\" \/>\n<meta name=\"twitter:label1\" content=\"Preis\" \/>\n\t<meta name=\"twitter:data1\" content=\"3.90&nbsp;&#067;&#072;&#070;\" \/>\n\t<meta name=\"twitter:label2\" content=\"Verf\u00fcgbarkeit\" \/>\n\t<meta name=\"twitter:data2\" content=\"Auf Lager\" \/>\n<script type=\"application\/ld+json\" class=\"yoast-schema-graph\">{\"@context\":\"https:\\\/\\\/schema.org\",\"@graph\":[{\"@type\":\"WebPage\",\"@id\":\"https:\\\/\\\/yasminfood.ch\\\/de\\\/product\\\/mahmoud-basmati-reis-900g\\\/\",\"url\":\"https:\\\/\\\/yasminfood.ch\\\/de\\\/product\\\/mahmoud-basmati-reis-900g\\\/\",\"name\":\"Mahmoud Basmati Reis 900g - Yasmin Food\",\"isPartOf\":{\"@id\":\"https:\\\/\\\/yasminfood.ch\\\/de\\\/#website\"},\"primaryImageOfPage\":{\"@id\":\"https:\\\/\\\/yasminfood.ch\\\/de\\\/product\\\/mahmoud-basmati-reis-900g\\\/#primaryimage\"},\"image\":{\"@id\":\"https:\\\/\\\/yasminfood.ch\\\/de\\\/product\\\/mahmoud-basmati-reis-900g\\\/#primaryimage\"},\"thumbnailUrl\":\"https:\\\/\\\/yasminfood.ch\\\/wp-content\\\/uploads\\\/2021\\\/08\\\/\u0631\u0632-\u0628\u0633\u0645\u062a\u064a-\u0645\u062d\u0645\u0648\u062f-900\u063a.png\",\"datePublished\":\"2025-06-12T12:24:33+00:00\",\"dateModified\":\"2025-06-19T22:48:31+00:00\",\"description\":\"Genie\u00dfen Sie das perfekte Kocherlebnis mit Mahmoud Basmati Reis 900g. Dieser luxuri\u00f6se Reis wird in den freien Ebenen des Punjab gepflanzt. Probieren Sie es jetzt aus! Yasmin Food Mahmoud Basmati Reis 900g\",\"breadcrumb\":{\"@id\":\"https:\\\/\\\/yasminfood.ch\\\/de\\\/product\\\/mahmoud-basmati-reis-900g\\\/#breadcrumb\"},\"inLanguage\":\"de\",\"potentialAction\":[{\"@type\":\"ReadAction\",\"target\":[\"https:\\\/\\\/yasminfood.ch\\\/de\\\/product\\\/mahmoud-basmati-reis-900g\\\/\"]}]},{\"@type\":\"ImageObject\",\"inLanguage\":\"de\",\"@id\":\"https:\\\/\\\/yasminfood.ch\\\/de\\\/product\\\/mahmoud-basmati-reis-900g\\\/#primaryimage\",\"url\":\"https:\\\/\\\/yasminfood.ch\\\/wp-content\\\/uploads\\\/2021\\\/08\\\/\u0631\u0632-\u0628\u0633\u0645\u062a\u064a-\u0645\u062d\u0645\u0648\u062f-900\u063a.png\",\"contentUrl\":\"https:\\\/\\\/yasminfood.ch\\\/wp-content\\\/uploads\\\/2021\\\/08\\\/\u0631\u0632-\u0628\u0633\u0645\u062a\u064a-\u0645\u062d\u0645\u0648\u062f-900\u063a.png\",\"width\":1080,\"height\":1080,\"caption\":\"Reis Basmati Mahmoud -900g\"},{\"@type\":\"BreadcrumbList\",\"@id\":\"https:\\\/\\\/yasminfood.ch\\\/de\\\/product\\\/mahmoud-basmati-reis-900g\\\/#breadcrumb\",\"itemListElement\":[{\"@type\":\"ListItem\",\"position\":1,\"name\":\"\u0627\u0644\u0631\u0626\u064a\u0633\u064a\u0629\",\"item\":\"https:\\\/\\\/yasminfood.ch\\\/de\\\/zuhause\\\/\"},{\"@type\":\"ListItem\",\"position\":2,\"name\":\"Shop\",\"item\":\"https:\\\/\\\/yasminfood.ch\\\/de\\\/shop\\\/\"},{\"@type\":\"ListItem\",\"position\":3,\"name\":\"Reis &amp; Getreide\",\"item\":\"https:\\\/\\\/yasminfood.ch\\\/de\\\/produkt-kategorie\\\/reis-getreide\\\/\"},{\"@type\":\"ListItem\",\"position\":4,\"name\":\"Mahmoud Basmati Reis 900g\"}]},{\"@type\":\"WebSite\",\"@id\":\"https:\\\/\\\/yasminfood.ch\\\/de\\\/#website\",\"url\":\"https:\\\/\\\/yasminfood.ch\\\/de\\\/\",\"name\":\"\u064a\u0627\u0633\u0645\u064a\u0646 \u0645\u0627\u0631\u0643\u062a\",\"description\":\"Alles, was Sie brauchen, an einem Ort\",\"publisher\":{\"@id\":\"https:\\\/\\\/yasminfood.ch\\\/de\\\/#organization\"},\"alternateName\":\"Yasmin Food\",\"potentialAction\":[{\"@type\":\"SearchAction\",\"target\":{\"@type\":\"EntryPoint\",\"urlTemplate\":\"https:\\\/\\\/yasminfood.ch\\\/de\\\/?s={search_term_string}\"},\"query-input\":{\"@type\":\"PropertyValueSpecification\",\"valueRequired\":true,\"valueName\":\"search_term_string\"}}],\"inLanguage\":\"de\"},{\"@type\":\"Organization\",\"@id\":\"https:\\\/\\\/yasminfood.ch\\\/de\\\/#organization\",\"name\":\"\u064a\u0627\u0633\u0645\u064a\u0646 \u0645\u0627\u0631\u0643\u062a\",\"alternateName\":\"Yasmin Food\",\"url\":\"https:\\\/\\\/yasminfood.ch\\\/de\\\/\",\"logo\":{\"@type\":\"ImageObject\",\"inLanguage\":\"de\",\"@id\":\"https:\\\/\\\/yasminfood.ch\\\/de\\\/#\\\/schema\\\/logo\\\/image\\\/\",\"url\":\"https:\\\/\\\/yasminfood.ch\\\/wp-content\\\/uploads\\\/2025\\\/05\\\/yasmin-food-header-logo.png\",\"contentUrl\":\"https:\\\/\\\/yasminfood.ch\\\/wp-content\\\/uploads\\\/2025\\\/05\\\/yasmin-food-header-logo.png\",\"width\":330,\"height\":120,\"caption\":\"\u064a\u0627\u0633\u0645\u064a\u0646 \u0645\u0627\u0631\u0643\u062a\"},\"image\":{\"@id\":\"https:\\\/\\\/yasminfood.ch\\\/de\\\/#\\\/schema\\\/logo\\\/image\\\/\"},\"sameAs\":[\"https:\\\/\\\/www.facebook.com\\\/yasminmarkt1\",\"https:\\\/\\\/www.tiktok.com\\\/@yasminmarkt\",\"https:\\\/\\\/www.instagram.com\\\/yasmin.markt1\\\/\",\"https:\\\/\\\/api.whatsapp.com\\\/send\\\/?phone=41799000104\"],\"publishingPrinciples\":\"https:\\\/\\\/yasminfood.ch\\\/de\\\/shop\\\/\",\"ownershipFundingInfo\":\"https:\\\/\\\/yasminfood.ch\\\/de\\\/shop\\\/\"}]}<\/script>\n<meta property=\"product:price:amount\" content=\"3.90\" \/>\n<meta property=\"product:price:currency\" content=\"CHF\" \/>\n<meta property=\"og:availability\" content=\"instock\" \/>\n<meta property=\"product:availability\" content=\"instock\" \/>\n<meta property=\"product:condition\" content=\"new\" \/>\n<!-- \/ Yoast SEO Premium plugin. -->","yoast_head_json":{"title":"Mahmoud Basmati Reis 900g - Yasmin Food","description":"Genie\u00dfen Sie das perfekte Kocherlebnis mit Mahmoud Basmati Reis 900g. Dieser luxuri\u00f6se Reis wird in den freien Ebenen des Punjab gepflanzt. Probieren Sie es jetzt aus! Yasmin Food Mahmoud Basmati Reis 900g","robots":{"index":"index","follow":"follow","max-snippet":"max-snippet:-1","max-image-preview":"max-image-preview:large","max-video-preview":"max-video-preview:-1"},"canonical":"https:\/\/yasminfood.ch\/de\/product\/mahmoud-basmati-reis-900g\/","og_locale":"de_DE","og_type":"article","og_title":"Mahmoud Basmati Reis 900g","og_description":"Mahmoud Basmati Reis \u2013 900g Genie\u00dfen Sie den Geschmack von Premium-Reis, der f\u00fcr seine hohe Qualit\u00e4t, sein angenehmes Aroma und seine langen und markanten K\u00f6rner bekannt ist.Angebaut in den \u00fcppigen Ebenen des Punjab, unterliegt dieser Reis h\u00f6chsten Qualit\u00e4tsstandards, um jedes Mal das perfekte Kocherlebnis zu gew\u00e4hrleisten.","og_url":"https:\/\/yasminfood.ch\/de\/product\/mahmoud-basmati-reis-900g\/","og_site_name":"Yasmin Food","article_publisher":"https:\/\/www.facebook.com\/yasminmarkt1","article_modified_time":"2025-06-19T22:48:31+00:00","og_image":[{"width":1080,"height":1080,"url":"https:\/\/yasminfood.ch\/wp-content\/uploads\/2021\/08\/\u0631\u0632-\u0628\u0633\u0645\u062a\u064a-\u0645\u062d\u0645\u0648\u062f-900\u063a.png","type":"image\/png"}],"twitter_card":"summary_large_image","twitter_misc":{"Preis":"3.90&nbsp;&#67;&#72;&#70;","Verf\u00fcgbarkeit":"Auf Lager"},"schema":{"@context":"https:\/\/schema.org","@graph":[{"@type":"WebPage","@id":"https:\/\/yasminfood.ch\/de\/product\/mahmoud-basmati-reis-900g\/","url":"https:\/\/yasminfood.ch\/de\/product\/mahmoud-basmati-reis-900g\/","name":"Mahmoud Basmati Reis 900g - Yasmin Food","isPartOf":{"@id":"https:\/\/yasminfood.ch\/de\/#website"},"primaryImageOfPage":{"@id":"https:\/\/yasminfood.ch\/de\/product\/mahmoud-basmati-reis-900g\/#primaryimage"},"image":{"@id":"https:\/\/yasminfood.ch\/de\/product\/mahmoud-basmati-reis-900g\/#primaryimage"},"thumbnailUrl":"https:\/\/yasminfood.ch\/wp-content\/uploads\/2021\/08\/\u0631\u0632-\u0628\u0633\u0645\u062a\u064a-\u0645\u062d\u0645\u0648\u062f-900\u063a.png","datePublished":"2025-06-12T12:24:33+00:00","dateModified":"2025-06-19T22:48:31+00:00","description":"Genie\u00dfen Sie das perfekte Kocherlebnis mit Mahmoud Basmati Reis 900g. Dieser luxuri\u00f6se Reis wird in den freien Ebenen des Punjab gepflanzt. Probieren Sie es jetzt aus! Yasmin Food Mahmoud Basmati Reis 900g","breadcrumb":{"@id":"https:\/\/yasminfood.ch\/de\/product\/mahmoud-basmati-reis-900g\/#breadcrumb"},"inLanguage":"de","potentialAction":[{"@type":"ReadAction","target":["https:\/\/yasminfood.ch\/de\/product\/mahmoud-basmati-reis-900g\/"]}]},{"@type":"ImageObject","inLanguage":"de","@id":"https:\/\/yasminfood.ch\/de\/product\/mahmoud-basmati-reis-900g\/#primaryimage","url":"https:\/\/yasminfood.ch\/wp-content\/uploads\/2021\/08\/\u0631\u0632-\u0628\u0633\u0645\u062a\u064a-\u0645\u062d\u0645\u0648\u062f-900\u063a.png","contentUrl":"https:\/\/yasminfood.ch\/wp-content\/uploads\/2021\/08\/\u0631\u0632-\u0628\u0633\u0645\u062a\u064a-\u0645\u062d\u0645\u0648\u062f-900\u063a.png","width":1080,"height":1080,"caption":"Reis Basmati Mahmoud -900g"},{"@type":"BreadcrumbList","@id":"https:\/\/yasminfood.ch\/de\/product\/mahmoud-basmati-reis-900g\/#breadcrumb","itemListElement":[{"@type":"ListItem","position":1,"name":"\u0627\u0644\u0631\u0626\u064a\u0633\u064a\u0629","item":"https:\/\/yasminfood.ch\/de\/zuhause\/"},{"@type":"ListItem","position":2,"name":"Shop","item":"https:\/\/yasminfood.ch\/de\/shop\/"},{"@type":"ListItem","position":3,"name":"Reis &amp; Getreide","item":"https:\/\/yasminfood.ch\/de\/produkt-kategorie\/reis-getreide\/"},{"@type":"ListItem","position":4,"name":"Mahmoud Basmati Reis 900g"}]},{"@type":"WebSite","@id":"https:\/\/yasminfood.ch\/de\/#website","url":"https:\/\/yasminfood.ch\/de\/","name":"\u064a\u0627\u0633\u0645\u064a\u0646 \u0645\u0627\u0631\u0643\u062a","description":"Alles, was Sie brauchen, an einem Ort","publisher":{"@id":"https:\/\/yasminfood.ch\/de\/#organization"},"alternateName":"Yasmin Food","potentialAction":[{"@type":"SearchAction","target":{"@type":"EntryPoint","urlTemplate":"https:\/\/yasminfood.ch\/de\/?s={search_term_string}"},"query-input":{"@type":"PropertyValueSpecification","valueRequired":true,"valueName":"search_term_string"}}],"inLanguage":"de"},{"@type":"Organization","@id":"https:\/\/yasminfood.ch\/de\/#organization","name":"\u064a\u0627\u0633\u0645\u064a\u0646 \u0645\u0627\u0631\u0643\u062a","alternateName":"Yasmin Food","url":"https:\/\/yasminfood.ch\/de\/","logo":{"@type":"ImageObject","inLanguage":"de","@id":"https:\/\/yasminfood.ch\/de\/#\/schema\/logo\/image\/","url":"https:\/\/yasminfood.ch\/wp-content\/uploads\/2025\/05\/yasmin-food-header-logo.png","contentUrl":"https:\/\/yasminfood.ch\/wp-content\/uploads\/2025\/05\/yasmin-food-header-logo.png","width":330,"height":120,"caption":"\u064a\u0627\u0633\u0645\u064a\u0646 \u0645\u0627\u0631\u0643\u062a"},"image":{"@id":"https:\/\/yasminfood.ch\/de\/#\/schema\/logo\/image\/"},"sameAs":["https:\/\/www.facebook.com\/yasminmarkt1","https:\/\/www.tiktok.com\/@yasminmarkt","https:\/\/www.instagram.com\/yasmin.markt1\/","https:\/\/api.whatsapp.com\/send\/?phone=41799000104"],"publishingPrinciples":"https:\/\/yasminfood.ch\/de\/shop\/","ownershipFundingInfo":"https:\/\/yasminfood.ch\/de\/shop\/"}]},"product_price_amount":"3.90","product_price_currency":"CHF","og_availability":"instock","product_availability":"instock","product_condition":"new"},"jetpack_sharing_enabled":true,"_links":{"self":[{"href":"https:\/\/yasminfood.ch\/de\/wp-json\/wp\/v2\/product\/117117","targetHints":{"allow":["GET"]}}],"collection":[{"href":"https:\/\/yasminfood.ch\/de\/wp-json\/wp\/v2\/product"}],"about":[{"href":"https:\/\/yasminfood.ch\/de\/wp-json\/wp\/v2\/types\/product"}],"replies":[{"embeddable":true,"href":"https:\/\/yasminfood.ch\/de\/wp-json\/wp\/v2\/comments?post=117117"}],"version-history":[{"count":0,"href":"https:\/\/yasminfood.ch\/de\/wp-json\/wp\/v2\/product\/117117\/revisions"}],"wp:featuredmedia":[{"embeddable":true,"href":"https:\/\/yasminfood.ch\/de\/wp-json\/wp\/v2\/media\/109837"}],"wp:attachment":[{"href":"https:\/\/yasminfood.ch\/de\/wp-json\/wp\/v2\/media?parent=117117"}],"wp:term":[{"taxonomy":"product_brand","embeddable":true,"href":"https:\/\/yasminfood.ch\/de\/wp-json\/wp\/v2\/product_brand?post=117117"},{"taxonomy":"product_cat","embeddable":true,"href":"https:\/\/yasminfood.ch\/de\/wp-json\/wp\/v2\/product_cat?post=117117"},{"taxonomy":"product_tag","embeddable":true,"href":"https:\/\/yasminfood.ch\/de\/wp-json\/wp\/v2\/product_tag?post=117117"}],"curies":[{"name":"wp","href":"https:\/\/api.w.org\/{rel}","templated":true}]}}