{"id":117169,"date":"2025-06-12T21:34:20","date_gmt":"2025-06-12T19:35:27","guid":{"rendered":"https:\/\/yasminfood.ch\/product\/dabur-amla-haaroel-200-ml\/"},"modified":"2025-06-20T00:48:19","modified_gmt":"2025-06-19T22:48:19","slug":"dabur-amla-haaroel-200-ml","status":"publish","type":"product","link":"https:\/\/yasminfood.ch\/de\/product\/dabur-amla-haaroel-200-ml\/","title":{"rendered":"Dabur Amla Haar\u00f6l &#8211; 200 ml"},"content":{"rendered":"<h1 class=\"text-xl md:text-2xl leading-10 font-bold mb-2 lg:mb-6\">Dabur Amla Haar\u00f6l &#8211; 200 ml<\/h1>\n<div class=\"flex whitespace-nowrap gap-2.5 items-center mb-5\">\n<p data-start=\"139\" data-end=\"324\">G\u00f6nnen Sie Ihrem Haar die Pflege, die es verdient, mit <strong data-start=\"174\" data-end=\"191\">Dabur Amla \u00d6l<\/strong> , angereichert mit nat\u00fcrlichem Amla-Fruchtextrakt.<\/p>\n<p data-start=\"139\" data-end=\"324\">Die einzigartige Formel st\u00e4rkt das Haar von der Wurzel bis zur Spitze und verleiht ihm bei jeder Anwendung ein gesundes Aussehen und nat\u00fcrliches Volumen. <\/p>\n<h4 data-start=\"326\" data-end=\"342\">\u2705 Funktionen:<\/h4>\n<ul data-start=\"343\" data-end=\"540\">\n<li data-start=\"343\" data-end=\"381\">\n<p data-start=\"345\" data-end=\"381\">Das Volumen von 200 ml ist f\u00fcr den regelm\u00e4\u00dfigen Gebrauch geeignet<\/p>\n<\/li>\n<li data-start=\"382\" data-end=\"436\">\n<p data-start=\"384\" data-end=\"436\">Enth\u00e4lt n\u00e4hrenden Amla-Extrakt (indische Stachelbeere)<\/p>\n<\/li>\n<li data-start=\"437\" data-end=\"477\">\n<p data-start=\"439\" data-end=\"477\">Hilft, das Haar zu st\u00e4rken und Haarausfall zu reduzieren<\/p>\n<\/li>\n<li data-start=\"478\" data-end=\"514\">\n<p data-start=\"480\" data-end=\"514\">Verleiht dem Haar nat\u00fcrlichen Glanz und Geschmeidigkeit<\/p>\n<\/li>\n<li data-start=\"515\" data-end=\"540\">\n<p data-start=\"517\" data-end=\"540\">Geeignet f\u00fcr alle Haartypen<\/p>\n<\/li>\n<\/ul>\n<p data-start=\"542\" data-end=\"634\">\n<\/div>\n","protected":false},"excerpt":{"rendered":"<h1 class=\"text-xl md:text-2xl leading-10 font-bold mb-2 lg:mb-6 ai-optimize-23\">Dabur Amla Haar\u00f6l &#8211; 200 ml<\/h1>\n<div class=\"flex whitespace-nowrap gap-2.5 items-center mb-5\">\n<p class=\"ai-optimize-24 ai-optimize-introduction\" data-start=\"139\" data-end=\"324\">G\u00f6nnen Sie Ihrem Haar die Pflege, die es verdient, mit <strong data-start=\"174\" data-end=\"191\">Dabur Amla \u00d6l<\/strong> , angereichert mit nat\u00fcrlichem Amla-Fruchtextrakt.<\/p>\n<p class=\"ai-optimize-24\" data-start=\"139\" data-end=\"324\">Die einzigartige Formel st\u00e4rkt das Haar von der Wurzel bis zur Spitze und verleiht ihm bei jeder Anwendung ein gesundes Aussehen und nat\u00fcrliches Volumen. <\/p>\n<h4 class=\"ai-optimize-25\" data-start=\"326\" data-end=\"342\"><\/h4>\n<\/div>\n","protected":false},"featured_media":117166,"comment_status":"open","ping_status":"closed","template":"","meta":[],"product_brand":[],"product_cat":[916,388],"product_tag":[],"class_list":{"0":"post-117169","1":"product","2":"type-product","3":"status-publish","4":"has-post-thumbnail","6":"product_cat-gesundheit-schoenheit","7":"product_cat-nonfood","9":"first","10":"instock","11":"taxable","12":"shipping-taxable","13":"purchasable","14":"product-type-simple"},"yoast_head":"<!-- This site is optimized with the Yoast SEO Premium plugin v26.5 (Yoast SEO v27.3) - https:\/\/yoast.com\/product\/yoast-seo-premium-wordpress\/ -->\n<title>Dabur Amla Haar\u00f6l - 200 ml - Yasmin Food<\/title>\n<meta name=\"description\" content=\"G\u00f6nnen Sie Ihrem Haar die Pflege, die es verdient, mit Dabur Amla \u00d6l, angereichert mit nat\u00fcrlichem Amla-Fruchtextrakt. Dabur Amla Haar\u00f6l - 200 ml Yasmin Food\" \/>\n<meta name=\"robots\" content=\"index, follow, max-snippet:-1, max-image-preview:large, max-video-preview:-1\" \/>\n<link rel=\"canonical\" href=\"https:\/\/yasminfood.ch\/de\/product\/dabur-amla-haaroel-200-ml\/\" \/>\n<meta property=\"og:locale\" content=\"de_DE\" \/>\n<meta property=\"og:type\" content=\"article\" \/>\n<meta property=\"og:title\" content=\"Dabur Amla Haar\u00f6l - 200 ml\" \/>\n<meta property=\"og:description\" content=\"Dabur Amla Haar\u00f6l - 200 ml G\u00f6nnen Sie Ihrem Haar die Pflege, die es verdient, mit Dabur Amla \u00d6l , angereichert mit nat\u00fcrlichem Amla-Fruchtextrakt. Die einzigartige Formel st\u00e4rkt das Haar von der Wurzel bis zur Spitze und verleiht ihm bei jeder Anwendung ein gesundes Aussehen und nat\u00fcrliches Volumen.\" \/>\n<meta property=\"og:url\" content=\"https:\/\/yasminfood.ch\/de\/product\/dabur-amla-haaroel-200-ml\/\" \/>\n<meta property=\"og:site_name\" content=\"Yasmin Food\" \/>\n<meta property=\"article:publisher\" content=\"https:\/\/www.facebook.com\/yasminmarkt1\" \/>\n<meta property=\"article:modified_time\" content=\"2025-06-19T22:48:19+00:00\" \/>\n<meta property=\"og:image\" content=\"https:\/\/yasminfood.ch\/wp-content\/uploads\/2025\/06\/\u062f\u0627\u0628\u0631-\u0627\u0645\u0644\u0627-\u0632\u064a\u062a-\u0644\u0644\u0634\u0639\u0631-200-\u0645\u0644.png\" \/>\n\t<meta property=\"og:image:width\" content=\"1080\" \/>\n\t<meta property=\"og:image:height\" content=\"1080\" \/>\n\t<meta property=\"og:image:type\" content=\"image\/png\" \/>\n<meta name=\"twitter:card\" content=\"summary_large_image\" \/>\n<meta name=\"twitter:label1\" content=\"Preis\" \/>\n\t<meta name=\"twitter:data1\" content=\"10.95&nbsp;&#067;&#072;&#070;\" \/>\n\t<meta name=\"twitter:label2\" content=\"Verf\u00fcgbarkeit\" \/>\n\t<meta name=\"twitter:data2\" content=\"Auf Lager\" \/>\n<script type=\"application\/ld+json\" class=\"yoast-schema-graph\">{\"@context\":\"https:\\\/\\\/schema.org\",\"@graph\":[{\"@type\":\"WebPage\",\"@id\":\"https:\\\/\\\/yasminfood.ch\\\/de\\\/product\\\/dabur-amla-haaroel-200-ml\\\/\",\"url\":\"https:\\\/\\\/yasminfood.ch\\\/de\\\/product\\\/dabur-amla-haaroel-200-ml\\\/\",\"name\":\"Dabur Amla Haar\u00f6l - 200 ml - Yasmin Food\",\"isPartOf\":{\"@id\":\"https:\\\/\\\/yasminfood.ch\\\/de\\\/#website\"},\"primaryImageOfPage\":{\"@id\":\"https:\\\/\\\/yasminfood.ch\\\/de\\\/product\\\/dabur-amla-haaroel-200-ml\\\/#primaryimage\"},\"image\":{\"@id\":\"https:\\\/\\\/yasminfood.ch\\\/de\\\/product\\\/dabur-amla-haaroel-200-ml\\\/#primaryimage\"},\"thumbnailUrl\":\"https:\\\/\\\/yasminfood.ch\\\/wp-content\\\/uploads\\\/2025\\\/06\\\/\u062f\u0627\u0628\u0631-\u0627\u0645\u0644\u0627-\u0632\u064a\u062a-\u0644\u0644\u0634\u0639\u0631-200-\u0645\u0644.png\",\"datePublished\":\"2025-06-12T19:35:27+00:00\",\"dateModified\":\"2025-06-19T22:48:19+00:00\",\"description\":\"G\u00f6nnen Sie Ihrem Haar die Pflege, die es verdient, mit Dabur Amla \u00d6l, angereichert mit nat\u00fcrlichem Amla-Fruchtextrakt. Dabur Amla Haar\u00f6l - 200 ml Yasmin Food\",\"breadcrumb\":{\"@id\":\"https:\\\/\\\/yasminfood.ch\\\/de\\\/product\\\/dabur-amla-haaroel-200-ml\\\/#breadcrumb\"},\"inLanguage\":\"de\",\"potentialAction\":[{\"@type\":\"ReadAction\",\"target\":[\"https:\\\/\\\/yasminfood.ch\\\/de\\\/product\\\/dabur-amla-haaroel-200-ml\\\/\"]}]},{\"@type\":\"ImageObject\",\"inLanguage\":\"de\",\"@id\":\"https:\\\/\\\/yasminfood.ch\\\/de\\\/product\\\/dabur-amla-haaroel-200-ml\\\/#primaryimage\",\"url\":\"https:\\\/\\\/yasminfood.ch\\\/wp-content\\\/uploads\\\/2025\\\/06\\\/\u062f\u0627\u0628\u0631-\u0627\u0645\u0644\u0627-\u0632\u064a\u062a-\u0644\u0644\u0634\u0639\u0631-200-\u0645\u0644.png\",\"contentUrl\":\"https:\\\/\\\/yasminfood.ch\\\/wp-content\\\/uploads\\\/2025\\\/06\\\/\u062f\u0627\u0628\u0631-\u0627\u0645\u0644\u0627-\u0632\u064a\u062a-\u0644\u0644\u0634\u0639\u0631-200-\u0645\u0644.png\",\"width\":1080,\"height\":1080,\"caption\":\"Dabur Amla Haar\u00f6l - 200 ml\"},{\"@type\":\"BreadcrumbList\",\"@id\":\"https:\\\/\\\/yasminfood.ch\\\/de\\\/product\\\/dabur-amla-haaroel-200-ml\\\/#breadcrumb\",\"itemListElement\":[{\"@type\":\"ListItem\",\"position\":1,\"name\":\"\u0627\u0644\u0631\u0626\u064a\u0633\u064a\u0629\",\"item\":\"https:\\\/\\\/yasminfood.ch\\\/de\\\/zuhause\\\/\"},{\"@type\":\"ListItem\",\"position\":2,\"name\":\"Shop\",\"item\":\"https:\\\/\\\/yasminfood.ch\\\/de\\\/shop\\\/\"},{\"@type\":\"ListItem\",\"position\":3,\"name\":\"Nonfood\",\"item\":\"https:\\\/\\\/yasminfood.ch\\\/de\\\/produkt-kategorie\\\/nonfood\\\/\"},{\"@type\":\"ListItem\",\"position\":4,\"name\":\"Dabur Amla Haar\u00f6l &#8211; 200 ml\"}]},{\"@type\":\"WebSite\",\"@id\":\"https:\\\/\\\/yasminfood.ch\\\/de\\\/#website\",\"url\":\"https:\\\/\\\/yasminfood.ch\\\/de\\\/\",\"name\":\"\u064a\u0627\u0633\u0645\u064a\u0646 \u0645\u0627\u0631\u0643\u062a\",\"description\":\"Alles, was Sie brauchen, an einem Ort\",\"publisher\":{\"@id\":\"https:\\\/\\\/yasminfood.ch\\\/de\\\/#organization\"},\"alternateName\":\"Yasmin Food\",\"potentialAction\":[{\"@type\":\"SearchAction\",\"target\":{\"@type\":\"EntryPoint\",\"urlTemplate\":\"https:\\\/\\\/yasminfood.ch\\\/de\\\/?s={search_term_string}\"},\"query-input\":{\"@type\":\"PropertyValueSpecification\",\"valueRequired\":true,\"valueName\":\"search_term_string\"}}],\"inLanguage\":\"de\"},{\"@type\":\"Organization\",\"@id\":\"https:\\\/\\\/yasminfood.ch\\\/de\\\/#organization\",\"name\":\"\u064a\u0627\u0633\u0645\u064a\u0646 \u0645\u0627\u0631\u0643\u062a\",\"alternateName\":\"Yasmin Food\",\"url\":\"https:\\\/\\\/yasminfood.ch\\\/de\\\/\",\"logo\":{\"@type\":\"ImageObject\",\"inLanguage\":\"de\",\"@id\":\"https:\\\/\\\/yasminfood.ch\\\/de\\\/#\\\/schema\\\/logo\\\/image\\\/\",\"url\":\"https:\\\/\\\/yasminfood.ch\\\/wp-content\\\/uploads\\\/2025\\\/05\\\/yasmin-food-header-logo.png\",\"contentUrl\":\"https:\\\/\\\/yasminfood.ch\\\/wp-content\\\/uploads\\\/2025\\\/05\\\/yasmin-food-header-logo.png\",\"width\":330,\"height\":120,\"caption\":\"\u064a\u0627\u0633\u0645\u064a\u0646 \u0645\u0627\u0631\u0643\u062a\"},\"image\":{\"@id\":\"https:\\\/\\\/yasminfood.ch\\\/de\\\/#\\\/schema\\\/logo\\\/image\\\/\"},\"sameAs\":[\"https:\\\/\\\/www.facebook.com\\\/yasminmarkt1\",\"https:\\\/\\\/www.tiktok.com\\\/@yasminmarkt\",\"https:\\\/\\\/www.instagram.com\\\/yasmin.markt1\\\/\",\"https:\\\/\\\/api.whatsapp.com\\\/send\\\/?phone=41799000104\"],\"publishingPrinciples\":\"https:\\\/\\\/yasminfood.ch\\\/de\\\/shop\\\/\",\"ownershipFundingInfo\":\"https:\\\/\\\/yasminfood.ch\\\/de\\\/shop\\\/\"}]}<\/script>\n<meta property=\"product:price:amount\" content=\"10.95\" \/>\n<meta property=\"product:price:currency\" content=\"CHF\" \/>\n<meta property=\"og:availability\" content=\"instock\" \/>\n<meta property=\"product:availability\" content=\"instock\" \/>\n<meta property=\"product:condition\" content=\"new\" \/>\n<!-- \/ Yoast SEO Premium plugin. -->","yoast_head_json":{"title":"Dabur Amla Haar\u00f6l - 200 ml - Yasmin Food","description":"G\u00f6nnen Sie Ihrem Haar die Pflege, die es verdient, mit Dabur Amla \u00d6l, angereichert mit nat\u00fcrlichem Amla-Fruchtextrakt. Dabur Amla Haar\u00f6l - 200 ml Yasmin Food","robots":{"index":"index","follow":"follow","max-snippet":"max-snippet:-1","max-image-preview":"max-image-preview:large","max-video-preview":"max-video-preview:-1"},"canonical":"https:\/\/yasminfood.ch\/de\/product\/dabur-amla-haaroel-200-ml\/","og_locale":"de_DE","og_type":"article","og_title":"Dabur Amla Haar\u00f6l - 200 ml","og_description":"Dabur Amla Haar\u00f6l - 200 ml G\u00f6nnen Sie Ihrem Haar die Pflege, die es verdient, mit Dabur Amla \u00d6l , angereichert mit nat\u00fcrlichem Amla-Fruchtextrakt. Die einzigartige Formel st\u00e4rkt das Haar von der Wurzel bis zur Spitze und verleiht ihm bei jeder Anwendung ein gesundes Aussehen und nat\u00fcrliches Volumen.","og_url":"https:\/\/yasminfood.ch\/de\/product\/dabur-amla-haaroel-200-ml\/","og_site_name":"Yasmin Food","article_publisher":"https:\/\/www.facebook.com\/yasminmarkt1","article_modified_time":"2025-06-19T22:48:19+00:00","og_image":[{"width":1080,"height":1080,"url":"https:\/\/yasminfood.ch\/wp-content\/uploads\/2025\/06\/\u062f\u0627\u0628\u0631-\u0627\u0645\u0644\u0627-\u0632\u064a\u062a-\u0644\u0644\u0634\u0639\u0631-200-\u0645\u0644.png","type":"image\/png"}],"twitter_card":"summary_large_image","twitter_misc":{"Preis":"10.95&nbsp;&#67;&#72;&#70;","Verf\u00fcgbarkeit":"Auf Lager"},"schema":{"@context":"https:\/\/schema.org","@graph":[{"@type":"WebPage","@id":"https:\/\/yasminfood.ch\/de\/product\/dabur-amla-haaroel-200-ml\/","url":"https:\/\/yasminfood.ch\/de\/product\/dabur-amla-haaroel-200-ml\/","name":"Dabur Amla Haar\u00f6l - 200 ml - Yasmin Food","isPartOf":{"@id":"https:\/\/yasminfood.ch\/de\/#website"},"primaryImageOfPage":{"@id":"https:\/\/yasminfood.ch\/de\/product\/dabur-amla-haaroel-200-ml\/#primaryimage"},"image":{"@id":"https:\/\/yasminfood.ch\/de\/product\/dabur-amla-haaroel-200-ml\/#primaryimage"},"thumbnailUrl":"https:\/\/yasminfood.ch\/wp-content\/uploads\/2025\/06\/\u062f\u0627\u0628\u0631-\u0627\u0645\u0644\u0627-\u0632\u064a\u062a-\u0644\u0644\u0634\u0639\u0631-200-\u0645\u0644.png","datePublished":"2025-06-12T19:35:27+00:00","dateModified":"2025-06-19T22:48:19+00:00","description":"G\u00f6nnen Sie Ihrem Haar die Pflege, die es verdient, mit Dabur Amla \u00d6l, angereichert mit nat\u00fcrlichem Amla-Fruchtextrakt. Dabur Amla Haar\u00f6l - 200 ml Yasmin Food","breadcrumb":{"@id":"https:\/\/yasminfood.ch\/de\/product\/dabur-amla-haaroel-200-ml\/#breadcrumb"},"inLanguage":"de","potentialAction":[{"@type":"ReadAction","target":["https:\/\/yasminfood.ch\/de\/product\/dabur-amla-haaroel-200-ml\/"]}]},{"@type":"ImageObject","inLanguage":"de","@id":"https:\/\/yasminfood.ch\/de\/product\/dabur-amla-haaroel-200-ml\/#primaryimage","url":"https:\/\/yasminfood.ch\/wp-content\/uploads\/2025\/06\/\u062f\u0627\u0628\u0631-\u0627\u0645\u0644\u0627-\u0632\u064a\u062a-\u0644\u0644\u0634\u0639\u0631-200-\u0645\u0644.png","contentUrl":"https:\/\/yasminfood.ch\/wp-content\/uploads\/2025\/06\/\u062f\u0627\u0628\u0631-\u0627\u0645\u0644\u0627-\u0632\u064a\u062a-\u0644\u0644\u0634\u0639\u0631-200-\u0645\u0644.png","width":1080,"height":1080,"caption":"Dabur Amla Haar\u00f6l - 200 ml"},{"@type":"BreadcrumbList","@id":"https:\/\/yasminfood.ch\/de\/product\/dabur-amla-haaroel-200-ml\/#breadcrumb","itemListElement":[{"@type":"ListItem","position":1,"name":"\u0627\u0644\u0631\u0626\u064a\u0633\u064a\u0629","item":"https:\/\/yasminfood.ch\/de\/zuhause\/"},{"@type":"ListItem","position":2,"name":"Shop","item":"https:\/\/yasminfood.ch\/de\/shop\/"},{"@type":"ListItem","position":3,"name":"Nonfood","item":"https:\/\/yasminfood.ch\/de\/produkt-kategorie\/nonfood\/"},{"@type":"ListItem","position":4,"name":"Dabur Amla Haar\u00f6l &#8211; 200 ml"}]},{"@type":"WebSite","@id":"https:\/\/yasminfood.ch\/de\/#website","url":"https:\/\/yasminfood.ch\/de\/","name":"\u064a\u0627\u0633\u0645\u064a\u0646 \u0645\u0627\u0631\u0643\u062a","description":"Alles, was Sie brauchen, an einem Ort","publisher":{"@id":"https:\/\/yasminfood.ch\/de\/#organization"},"alternateName":"Yasmin Food","potentialAction":[{"@type":"SearchAction","target":{"@type":"EntryPoint","urlTemplate":"https:\/\/yasminfood.ch\/de\/?s={search_term_string}"},"query-input":{"@type":"PropertyValueSpecification","valueRequired":true,"valueName":"search_term_string"}}],"inLanguage":"de"},{"@type":"Organization","@id":"https:\/\/yasminfood.ch\/de\/#organization","name":"\u064a\u0627\u0633\u0645\u064a\u0646 \u0645\u0627\u0631\u0643\u062a","alternateName":"Yasmin Food","url":"https:\/\/yasminfood.ch\/de\/","logo":{"@type":"ImageObject","inLanguage":"de","@id":"https:\/\/yasminfood.ch\/de\/#\/schema\/logo\/image\/","url":"https:\/\/yasminfood.ch\/wp-content\/uploads\/2025\/05\/yasmin-food-header-logo.png","contentUrl":"https:\/\/yasminfood.ch\/wp-content\/uploads\/2025\/05\/yasmin-food-header-logo.png","width":330,"height":120,"caption":"\u064a\u0627\u0633\u0645\u064a\u0646 \u0645\u0627\u0631\u0643\u062a"},"image":{"@id":"https:\/\/yasminfood.ch\/de\/#\/schema\/logo\/image\/"},"sameAs":["https:\/\/www.facebook.com\/yasminmarkt1","https:\/\/www.tiktok.com\/@yasminmarkt","https:\/\/www.instagram.com\/yasmin.markt1\/","https:\/\/api.whatsapp.com\/send\/?phone=41799000104"],"publishingPrinciples":"https:\/\/yasminfood.ch\/de\/shop\/","ownershipFundingInfo":"https:\/\/yasminfood.ch\/de\/shop\/"}]},"product_price_amount":"10.95","product_price_currency":"CHF","og_availability":"instock","product_availability":"instock","product_condition":"new"},"jetpack_sharing_enabled":true,"_links":{"self":[{"href":"https:\/\/yasminfood.ch\/de\/wp-json\/wp\/v2\/product\/117169","targetHints":{"allow":["GET"]}}],"collection":[{"href":"https:\/\/yasminfood.ch\/de\/wp-json\/wp\/v2\/product"}],"about":[{"href":"https:\/\/yasminfood.ch\/de\/wp-json\/wp\/v2\/types\/product"}],"replies":[{"embeddable":true,"href":"https:\/\/yasminfood.ch\/de\/wp-json\/wp\/v2\/comments?post=117169"}],"version-history":[{"count":0,"href":"https:\/\/yasminfood.ch\/de\/wp-json\/wp\/v2\/product\/117169\/revisions"}],"wp:featuredmedia":[{"embeddable":true,"href":"https:\/\/yasminfood.ch\/de\/wp-json\/wp\/v2\/media\/117166"}],"wp:attachment":[{"href":"https:\/\/yasminfood.ch\/de\/wp-json\/wp\/v2\/media?parent=117169"}],"wp:term":[{"taxonomy":"product_brand","embeddable":true,"href":"https:\/\/yasminfood.ch\/de\/wp-json\/wp\/v2\/product_brand?post=117169"},{"taxonomy":"product_cat","embeddable":true,"href":"https:\/\/yasminfood.ch\/de\/wp-json\/wp\/v2\/product_cat?post=117169"},{"taxonomy":"product_tag","embeddable":true,"href":"https:\/\/yasminfood.ch\/de\/wp-json\/wp\/v2\/product_tag?post=117169"}],"curies":[{"name":"wp","href":"https:\/\/api.w.org\/{rel}","templated":true}]}}