{"id":117250,"date":"2025-06-13T20:18:03","date_gmt":"2025-06-13T18:18:03","guid":{"rendered":"https:\/\/yasminfood.ch\/product\/ceylon-tee-mit-kardamom-500g-de-ghazal\/"},"modified":"2025-06-20T00:48:11","modified_gmt":"2025-06-19T22:48:11","slug":"ceylon-tee-mit-kardamom-500g-de-ghazal","status":"publish","type":"product","link":"https:\/\/yasminfood.ch\/de\/product\/ceylon-tee-mit-kardamom-500g-de-ghazal\/","title":{"rendered":"Ceylon Tee mit Kardamom 500g de Ghazal"},"content":{"rendered":"<p>Ceylon Tee mit Kardamom 500g de Ghazal<\/p>\n<p data-start=\"423\" data-end=\"673\">Genie\u00dfen Sie W\u00e4rme und Geschmack mit <strong data-start=\"446\" data-end=\"477\">Ceylon de Ghazal Kardamomtee<\/strong> \u2013 einer luxuri\u00f6sen Mischung aus schwarzen Ceylon-Teebl\u00e4ttern mit nat\u00fcrlicher Kardamomliebe, die Ihnen einen unwiderstehlichen traditionellen arabischen Geschmack verleiht. <br data-start=\"581\" data-end=\"584\">Ein hochwertiges Produkt, das von den bekanntesten Marken der Teewelt zu Ihnen kommt, um jeden Moment der Pause zu einem einzigartigen Erlebnis zu machen. <\/p>\n<p data-start=\"675\" data-end=\"821\">\u2615 <strong data-start=\"677\" data-end=\"694\">Nettogewicht:<\/strong> 500 g<br data-start=\"703\" data-end=\"706\">\ud83c\udf3f <strong data-start=\"709\" data-end=\"719\">Typ:<\/strong> Ceylon-Schwarztee gemischt mit Kardamom<br data-start=\"748\" data-end=\"751\">\ud83d\udce6 <strong data-start=\"754\" data-end=\"775\">Hersteller:<\/strong> Do Ghazal<br data-start=\"795\" data-end=\"798\"><\/p>\n<h3 data-start=\"828\" data-end=\"847\"><strong data-start=\"832\" data-end=\"845\">Funktionen:<\/strong><\/h3>\n<p data-start=\"848\" data-end=\"987\">\u2714\ufe0f Ein ausgewogener Geschmack zwischen der Kraft des Tees und dem Aroma von Kardamom<br data-start=\"888\" data-end=\"891\">\u2714\ufe0f Ohne k\u00fcnstliche Aromen<br data-start=\"912\" data-end=\"915\">\u2714\ufe0f Ideal zum Servieren mit oder ohne Milch<\/p>\n<h3 data-start=\"994\" data-end=\"1018\"><strong data-start=\"998\" data-end=\"1016\">Kochen:<\/strong><\/h3>\n<ol data-start=\"1019\" data-end=\"1126\">\n<li data-start=\"1019\" data-end=\"1051\">\n<p data-start=\"1022\" data-end=\"1051\">Geben Sie einen Teel\u00f6ffel pro Tasse Wasser.<\/p>\n<\/li>\n<li data-start=\"1052\" data-end=\"1091\">\n<p data-start=\"1055\" data-end=\"1091\">Mit kochendem Wasser aufgie\u00dfen und 3\u20135 Minuten ziehen lassen.<\/p>\n<\/li>\n<li data-start=\"1092\" data-end=\"1126\">\n<p data-start=\"1095\" data-end=\"1126\">Mit Zucker oder Milch abschmecken.<\/p>\n<\/li>\n<\/ol>\n","protected":false},"excerpt":{"rendered":"<p class=\"ai-optimize-50 ai-optimize-introduction\">Ceylon Tee mit Kardamom 500g de Gazelle Spezial<\/p>\n<p class=\"ai-optimize-50 ai-optimize-introduction\">Gemischt mit nat\u00fcrlichem Kardamomgeschmack, um Ihnen eine warme Tasse zu geben, die reich an authentischen orientalischen Aromen ist und Ihnen einen unwiderstehlichen traditionellen arabischen Geschmack verleiht. <\/p>\n","protected":false},"featured_media":117224,"comment_status":"open","ping_status":"closed","template":"","meta":[],"product_brand":[],"product_cat":[367,377],"product_tag":[],"class_list":{"0":"post-117250","1":"product","2":"type-product","3":"status-publish","4":"has-post-thumbnail","6":"product_cat-getraenke-fluessigkeiten","7":"product_cat-tee","9":"first","10":"instock","11":"taxable","12":"shipping-taxable","13":"purchasable","14":"product-type-simple"},"yoast_head":"<!-- This site is optimized with the Yoast SEO Premium plugin v26.5 (Yoast SEO v27.5) - https:\/\/yoast.com\/product\/yoast-seo-premium-wordpress\/ -->\n<title>Ceylon Tee mit Kardamom 500g de Ghazal - Yasmin Food<\/title>\n<meta name=\"description\" content=\"Genie\u00dfen Sie den Geschmack von Ceylon-Tee mit Kardamom 500g de Ghazal, die perfekte Mischung aus Luxus und Tradition. Nippen Sie an der W\u00e4rme jeder Tasse und f\u00fchlen Sie sich frisch! Yasmin Food\" \/>\n<meta name=\"robots\" content=\"index, follow, max-snippet:-1, max-image-preview:large, max-video-preview:-1\" \/>\n<link rel=\"canonical\" href=\"https:\/\/yasminfood.ch\/de\/product\/ceylon-tee-mit-kardamom-500g-de-ghazal\/\" \/>\n<meta property=\"og:locale\" content=\"de_DE\" \/>\n<meta property=\"og:type\" content=\"article\" \/>\n<meta property=\"og:title\" content=\"Ceylon Tee mit Kardamom 500g de Ghazal\" \/>\n<meta property=\"og:description\" content=\"Ceylon Tee mit Kardamom 500g de Gazelle Spezial Gemischt mit nat\u00fcrlichem Kardamomgeschmack, um Ihnen eine warme Tasse zu geben, die reich an authentischen orientalischen Aromen ist und Ihnen einen unwiderstehlichen traditionellen arabischen Geschmack verleiht.\" \/>\n<meta property=\"og:url\" content=\"https:\/\/yasminfood.ch\/de\/product\/ceylon-tee-mit-kardamom-500g-de-ghazal\/\" \/>\n<meta property=\"og:site_name\" content=\"Yasmin Food\" \/>\n<meta property=\"article:publisher\" content=\"https:\/\/www.facebook.com\/yasminmarkt1\" \/>\n<meta property=\"article:modified_time\" content=\"2025-06-19T22:48:11+00:00\" \/>\n<meta property=\"og:image\" content=\"https:\/\/yasminfood.ch\/wp-content\/uploads\/2025\/06\/\u0634\u0627\u064a-\u0633\u064a\u0644\u0627\u0646\u064a-\u0628\u0627\u0644\u0647\u064a\u0644-500\u063a-\u062f\u0648-\u063a\u0632\u0627\u0644.png\" \/>\n\t<meta property=\"og:image:width\" content=\"1080\" \/>\n\t<meta property=\"og:image:height\" content=\"1080\" \/>\n\t<meta property=\"og:image:type\" content=\"image\/png\" \/>\n<meta name=\"twitter:card\" content=\"summary_large_image\" \/>\n<meta name=\"twitter:label1\" content=\"Preis\" \/>\n\t<meta name=\"twitter:data1\" content=\"12.50&nbsp;&#067;&#072;&#070;\" \/>\n\t<meta name=\"twitter:label2\" content=\"Verf\u00fcgbarkeit\" \/>\n\t<meta name=\"twitter:data2\" content=\"Auf Lager\" \/>\n<script type=\"application\/ld+json\" class=\"yoast-schema-graph\">{\"@context\":\"https:\\\/\\\/schema.org\",\"@graph\":[{\"@type\":\"WebPage\",\"@id\":\"https:\\\/\\\/yasminfood.ch\\\/de\\\/product\\\/ceylon-tee-mit-kardamom-500g-de-ghazal\\\/\",\"url\":\"https:\\\/\\\/yasminfood.ch\\\/de\\\/product\\\/ceylon-tee-mit-kardamom-500g-de-ghazal\\\/\",\"name\":\"Ceylon Tee mit Kardamom 500g de Ghazal - Yasmin Food\",\"isPartOf\":{\"@id\":\"https:\\\/\\\/yasminfood.ch\\\/de\\\/#website\"},\"primaryImageOfPage\":{\"@id\":\"https:\\\/\\\/yasminfood.ch\\\/de\\\/product\\\/ceylon-tee-mit-kardamom-500g-de-ghazal\\\/#primaryimage\"},\"image\":{\"@id\":\"https:\\\/\\\/yasminfood.ch\\\/de\\\/product\\\/ceylon-tee-mit-kardamom-500g-de-ghazal\\\/#primaryimage\"},\"thumbnailUrl\":\"https:\\\/\\\/yasminfood.ch\\\/wp-content\\\/uploads\\\/2025\\\/06\\\/\u0634\u0627\u064a-\u0633\u064a\u0644\u0627\u0646\u064a-\u0628\u0627\u0644\u0647\u064a\u0644-500\u063a-\u062f\u0648-\u063a\u0632\u0627\u0644.png\",\"datePublished\":\"2025-06-13T18:18:03+00:00\",\"dateModified\":\"2025-06-19T22:48:11+00:00\",\"description\":\"Genie\u00dfen Sie den Geschmack von Ceylon-Tee mit Kardamom 500g de Ghazal, die perfekte Mischung aus Luxus und Tradition. Nippen Sie an der W\u00e4rme jeder Tasse und f\u00fchlen Sie sich frisch! Yasmin Food\",\"breadcrumb\":{\"@id\":\"https:\\\/\\\/yasminfood.ch\\\/de\\\/product\\\/ceylon-tee-mit-kardamom-500g-de-ghazal\\\/#breadcrumb\"},\"inLanguage\":\"de\",\"potentialAction\":[{\"@type\":\"ReadAction\",\"target\":[\"https:\\\/\\\/yasminfood.ch\\\/de\\\/product\\\/ceylon-tee-mit-kardamom-500g-de-ghazal\\\/\"]}]},{\"@type\":\"ImageObject\",\"inLanguage\":\"de\",\"@id\":\"https:\\\/\\\/yasminfood.ch\\\/de\\\/product\\\/ceylon-tee-mit-kardamom-500g-de-ghazal\\\/#primaryimage\",\"url\":\"https:\\\/\\\/yasminfood.ch\\\/wp-content\\\/uploads\\\/2025\\\/06\\\/\u0634\u0627\u064a-\u0633\u064a\u0644\u0627\u0646\u064a-\u0628\u0627\u0644\u0647\u064a\u0644-500\u063a-\u062f\u0648-\u063a\u0632\u0627\u0644.png\",\"contentUrl\":\"https:\\\/\\\/yasminfood.ch\\\/wp-content\\\/uploads\\\/2025\\\/06\\\/\u0634\u0627\u064a-\u0633\u064a\u0644\u0627\u0646\u064a-\u0628\u0627\u0644\u0647\u064a\u0644-500\u063a-\u062f\u0648-\u063a\u0632\u0627\u0644.png\",\"width\":1080,\"height\":1080,\"caption\":\"Ceylon Tee mit Kardamom 500g de Ghazal\"},{\"@type\":\"BreadcrumbList\",\"@id\":\"https:\\\/\\\/yasminfood.ch\\\/de\\\/product\\\/ceylon-tee-mit-kardamom-500g-de-ghazal\\\/#breadcrumb\",\"itemListElement\":[{\"@type\":\"ListItem\",\"position\":1,\"name\":\"\u0627\u0644\u0631\u0626\u064a\u0633\u064a\u0629\",\"item\":\"https:\\\/\\\/yasminfood.ch\\\/de\\\/zuhause\\\/\"},{\"@type\":\"ListItem\",\"position\":2,\"name\":\"Shop\",\"item\":\"https:\\\/\\\/yasminfood.ch\\\/de\\\/shop\\\/\"},{\"@type\":\"ListItem\",\"position\":3,\"name\":\"Getr\u00e4nke &amp; Fl\u00fcssigkeiten\",\"item\":\"https:\\\/\\\/yasminfood.ch\\\/de\\\/produkt-kategorie\\\/getraenke-fluessigkeiten\\\/\"},{\"@type\":\"ListItem\",\"position\":4,\"name\":\"Tee\",\"item\":\"https:\\\/\\\/yasminfood.ch\\\/de\\\/produkt-kategorie\\\/getraenke-fluessigkeiten\\\/tee\\\/\"},{\"@type\":\"ListItem\",\"position\":5,\"name\":\"Ceylon Tee mit Kardamom 500g de Ghazal\"}]},{\"@type\":\"WebSite\",\"@id\":\"https:\\\/\\\/yasminfood.ch\\\/de\\\/#website\",\"url\":\"https:\\\/\\\/yasminfood.ch\\\/de\\\/\",\"name\":\"\u064a\u0627\u0633\u0645\u064a\u0646 \u0645\u0627\u0631\u0643\u062a\",\"description\":\"Alles, was Sie brauchen, an einem Ort\",\"publisher\":{\"@id\":\"https:\\\/\\\/yasminfood.ch\\\/de\\\/#organization\"},\"alternateName\":\"Yasmin Food\",\"potentialAction\":[{\"@type\":\"SearchAction\",\"target\":{\"@type\":\"EntryPoint\",\"urlTemplate\":\"https:\\\/\\\/yasminfood.ch\\\/de\\\/?s={search_term_string}\"},\"query-input\":{\"@type\":\"PropertyValueSpecification\",\"valueRequired\":true,\"valueName\":\"search_term_string\"}}],\"inLanguage\":\"de\"},{\"@type\":\"Organization\",\"@id\":\"https:\\\/\\\/yasminfood.ch\\\/de\\\/#organization\",\"name\":\"\u064a\u0627\u0633\u0645\u064a\u0646 \u0645\u0627\u0631\u0643\u062a\",\"alternateName\":\"Yasmin Food\",\"url\":\"https:\\\/\\\/yasminfood.ch\\\/de\\\/\",\"logo\":{\"@type\":\"ImageObject\",\"inLanguage\":\"de\",\"@id\":\"https:\\\/\\\/yasminfood.ch\\\/de\\\/#\\\/schema\\\/logo\\\/image\\\/\",\"url\":\"https:\\\/\\\/yasminfood.ch\\\/wp-content\\\/uploads\\\/2025\\\/05\\\/yasmin-food-header-logo.png\",\"contentUrl\":\"https:\\\/\\\/yasminfood.ch\\\/wp-content\\\/uploads\\\/2025\\\/05\\\/yasmin-food-header-logo.png\",\"width\":330,\"height\":120,\"caption\":\"\u064a\u0627\u0633\u0645\u064a\u0646 \u0645\u0627\u0631\u0643\u062a\"},\"image\":{\"@id\":\"https:\\\/\\\/yasminfood.ch\\\/de\\\/#\\\/schema\\\/logo\\\/image\\\/\"},\"sameAs\":[\"https:\\\/\\\/www.facebook.com\\\/yasminmarkt1\",\"https:\\\/\\\/www.tiktok.com\\\/@yasminmarkt\",\"https:\\\/\\\/www.instagram.com\\\/yasmin.markt1\\\/\",\"https:\\\/\\\/api.whatsapp.com\\\/send\\\/?phone=41799000104\"],\"publishingPrinciples\":\"https:\\\/\\\/yasminfood.ch\\\/de\\\/shop\\\/\",\"ownershipFundingInfo\":\"https:\\\/\\\/yasminfood.ch\\\/de\\\/shop\\\/\"}]}<\/script>\n<meta property=\"product:price:amount\" content=\"12.50\" \/>\n<meta property=\"product:price:currency\" content=\"CHF\" \/>\n<meta property=\"og:availability\" content=\"instock\" \/>\n<meta property=\"product:availability\" content=\"instock\" \/>\n<meta property=\"product:condition\" content=\"new\" \/>\n<!-- \/ Yoast SEO Premium plugin. -->","yoast_head_json":{"title":"Ceylon Tee mit Kardamom 500g de Ghazal - Yasmin Food","description":"Genie\u00dfen Sie den Geschmack von Ceylon-Tee mit Kardamom 500g de Ghazal, die perfekte Mischung aus Luxus und Tradition. Nippen Sie an der W\u00e4rme jeder Tasse und f\u00fchlen Sie sich frisch! Yasmin Food","robots":{"index":"index","follow":"follow","max-snippet":"max-snippet:-1","max-image-preview":"max-image-preview:large","max-video-preview":"max-video-preview:-1"},"canonical":"https:\/\/yasminfood.ch\/de\/product\/ceylon-tee-mit-kardamom-500g-de-ghazal\/","og_locale":"de_DE","og_type":"article","og_title":"Ceylon Tee mit Kardamom 500g de Ghazal","og_description":"Ceylon Tee mit Kardamom 500g de Gazelle Spezial Gemischt mit nat\u00fcrlichem Kardamomgeschmack, um Ihnen eine warme Tasse zu geben, die reich an authentischen orientalischen Aromen ist und Ihnen einen unwiderstehlichen traditionellen arabischen Geschmack verleiht.","og_url":"https:\/\/yasminfood.ch\/de\/product\/ceylon-tee-mit-kardamom-500g-de-ghazal\/","og_site_name":"Yasmin Food","article_publisher":"https:\/\/www.facebook.com\/yasminmarkt1","article_modified_time":"2025-06-19T22:48:11+00:00","og_image":[{"width":1080,"height":1080,"url":"https:\/\/yasminfood.ch\/wp-content\/uploads\/2025\/06\/\u0634\u0627\u064a-\u0633\u064a\u0644\u0627\u0646\u064a-\u0628\u0627\u0644\u0647\u064a\u0644-500\u063a-\u062f\u0648-\u063a\u0632\u0627\u0644.png","type":"image\/png"}],"twitter_card":"summary_large_image","twitter_misc":{"Preis":"12.50&nbsp;&#67;&#72;&#70;","Verf\u00fcgbarkeit":"Auf Lager"},"schema":{"@context":"https:\/\/schema.org","@graph":[{"@type":"WebPage","@id":"https:\/\/yasminfood.ch\/de\/product\/ceylon-tee-mit-kardamom-500g-de-ghazal\/","url":"https:\/\/yasminfood.ch\/de\/product\/ceylon-tee-mit-kardamom-500g-de-ghazal\/","name":"Ceylon Tee mit Kardamom 500g de Ghazal - Yasmin Food","isPartOf":{"@id":"https:\/\/yasminfood.ch\/de\/#website"},"primaryImageOfPage":{"@id":"https:\/\/yasminfood.ch\/de\/product\/ceylon-tee-mit-kardamom-500g-de-ghazal\/#primaryimage"},"image":{"@id":"https:\/\/yasminfood.ch\/de\/product\/ceylon-tee-mit-kardamom-500g-de-ghazal\/#primaryimage"},"thumbnailUrl":"https:\/\/yasminfood.ch\/wp-content\/uploads\/2025\/06\/\u0634\u0627\u064a-\u0633\u064a\u0644\u0627\u0646\u064a-\u0628\u0627\u0644\u0647\u064a\u0644-500\u063a-\u062f\u0648-\u063a\u0632\u0627\u0644.png","datePublished":"2025-06-13T18:18:03+00:00","dateModified":"2025-06-19T22:48:11+00:00","description":"Genie\u00dfen Sie den Geschmack von Ceylon-Tee mit Kardamom 500g de Ghazal, die perfekte Mischung aus Luxus und Tradition. Nippen Sie an der W\u00e4rme jeder Tasse und f\u00fchlen Sie sich frisch! Yasmin Food","breadcrumb":{"@id":"https:\/\/yasminfood.ch\/de\/product\/ceylon-tee-mit-kardamom-500g-de-ghazal\/#breadcrumb"},"inLanguage":"de","potentialAction":[{"@type":"ReadAction","target":["https:\/\/yasminfood.ch\/de\/product\/ceylon-tee-mit-kardamom-500g-de-ghazal\/"]}]},{"@type":"ImageObject","inLanguage":"de","@id":"https:\/\/yasminfood.ch\/de\/product\/ceylon-tee-mit-kardamom-500g-de-ghazal\/#primaryimage","url":"https:\/\/yasminfood.ch\/wp-content\/uploads\/2025\/06\/\u0634\u0627\u064a-\u0633\u064a\u0644\u0627\u0646\u064a-\u0628\u0627\u0644\u0647\u064a\u0644-500\u063a-\u062f\u0648-\u063a\u0632\u0627\u0644.png","contentUrl":"https:\/\/yasminfood.ch\/wp-content\/uploads\/2025\/06\/\u0634\u0627\u064a-\u0633\u064a\u0644\u0627\u0646\u064a-\u0628\u0627\u0644\u0647\u064a\u0644-500\u063a-\u062f\u0648-\u063a\u0632\u0627\u0644.png","width":1080,"height":1080,"caption":"Ceylon Tee mit Kardamom 500g de Ghazal"},{"@type":"BreadcrumbList","@id":"https:\/\/yasminfood.ch\/de\/product\/ceylon-tee-mit-kardamom-500g-de-ghazal\/#breadcrumb","itemListElement":[{"@type":"ListItem","position":1,"name":"\u0627\u0644\u0631\u0626\u064a\u0633\u064a\u0629","item":"https:\/\/yasminfood.ch\/de\/zuhause\/"},{"@type":"ListItem","position":2,"name":"Shop","item":"https:\/\/yasminfood.ch\/de\/shop\/"},{"@type":"ListItem","position":3,"name":"Getr\u00e4nke &amp; Fl\u00fcssigkeiten","item":"https:\/\/yasminfood.ch\/de\/produkt-kategorie\/getraenke-fluessigkeiten\/"},{"@type":"ListItem","position":4,"name":"Tee","item":"https:\/\/yasminfood.ch\/de\/produkt-kategorie\/getraenke-fluessigkeiten\/tee\/"},{"@type":"ListItem","position":5,"name":"Ceylon Tee mit Kardamom 500g de Ghazal"}]},{"@type":"WebSite","@id":"https:\/\/yasminfood.ch\/de\/#website","url":"https:\/\/yasminfood.ch\/de\/","name":"\u064a\u0627\u0633\u0645\u064a\u0646 \u0645\u0627\u0631\u0643\u062a","description":"Alles, was Sie brauchen, an einem Ort","publisher":{"@id":"https:\/\/yasminfood.ch\/de\/#organization"},"alternateName":"Yasmin Food","potentialAction":[{"@type":"SearchAction","target":{"@type":"EntryPoint","urlTemplate":"https:\/\/yasminfood.ch\/de\/?s={search_term_string}"},"query-input":{"@type":"PropertyValueSpecification","valueRequired":true,"valueName":"search_term_string"}}],"inLanguage":"de"},{"@type":"Organization","@id":"https:\/\/yasminfood.ch\/de\/#organization","name":"\u064a\u0627\u0633\u0645\u064a\u0646 \u0645\u0627\u0631\u0643\u062a","alternateName":"Yasmin Food","url":"https:\/\/yasminfood.ch\/de\/","logo":{"@type":"ImageObject","inLanguage":"de","@id":"https:\/\/yasminfood.ch\/de\/#\/schema\/logo\/image\/","url":"https:\/\/yasminfood.ch\/wp-content\/uploads\/2025\/05\/yasmin-food-header-logo.png","contentUrl":"https:\/\/yasminfood.ch\/wp-content\/uploads\/2025\/05\/yasmin-food-header-logo.png","width":330,"height":120,"caption":"\u064a\u0627\u0633\u0645\u064a\u0646 \u0645\u0627\u0631\u0643\u062a"},"image":{"@id":"https:\/\/yasminfood.ch\/de\/#\/schema\/logo\/image\/"},"sameAs":["https:\/\/www.facebook.com\/yasminmarkt1","https:\/\/www.tiktok.com\/@yasminmarkt","https:\/\/www.instagram.com\/yasmin.markt1\/","https:\/\/api.whatsapp.com\/send\/?phone=41799000104"],"publishingPrinciples":"https:\/\/yasminfood.ch\/de\/shop\/","ownershipFundingInfo":"https:\/\/yasminfood.ch\/de\/shop\/"}]},"product_price_amount":"12.50","product_price_currency":"CHF","og_availability":"instock","product_availability":"instock","product_condition":"new"},"jetpack_sharing_enabled":true,"_links":{"self":[{"href":"https:\/\/yasminfood.ch\/de\/wp-json\/wp\/v2\/product\/117250","targetHints":{"allow":["GET"]}}],"collection":[{"href":"https:\/\/yasminfood.ch\/de\/wp-json\/wp\/v2\/product"}],"about":[{"href":"https:\/\/yasminfood.ch\/de\/wp-json\/wp\/v2\/types\/product"}],"replies":[{"embeddable":true,"href":"https:\/\/yasminfood.ch\/de\/wp-json\/wp\/v2\/comments?post=117250"}],"version-history":[{"count":0,"href":"https:\/\/yasminfood.ch\/de\/wp-json\/wp\/v2\/product\/117250\/revisions"}],"wp:featuredmedia":[{"embeddable":true,"href":"https:\/\/yasminfood.ch\/de\/wp-json\/wp\/v2\/media\/117224"}],"wp:attachment":[{"href":"https:\/\/yasminfood.ch\/de\/wp-json\/wp\/v2\/media?parent=117250"}],"wp:term":[{"taxonomy":"product_brand","embeddable":true,"href":"https:\/\/yasminfood.ch\/de\/wp-json\/wp\/v2\/product_brand?post=117250"},{"taxonomy":"product_cat","embeddable":true,"href":"https:\/\/yasminfood.ch\/de\/wp-json\/wp\/v2\/product_cat?post=117250"},{"taxonomy":"product_tag","embeddable":true,"href":"https:\/\/yasminfood.ch\/de\/wp-json\/wp\/v2\/product_tag?post=117250"}],"curies":[{"name":"wp","href":"https:\/\/api.w.org\/{rel}","templated":true}]}}