{"id":117256,"date":"2025-06-13T20:24:57","date_gmt":"2025-06-13T18:24:57","guid":{"rendered":"https:\/\/yasminfood.ch\/product\/schwarze-oliven-500g-marmarabirtik\/"},"modified":"2025-06-20T00:48:09","modified_gmt":"2025-06-19T22:48:09","slug":"schwarze-oliven-500g-marmarabirtik","status":"publish","type":"product","link":"https:\/\/yasminfood.ch\/de\/product\/schwarze-oliven-500g-marmarabirtik\/","title":{"rendered":"Schwarze Oliven 500g Marmarabirtik"},"content":{"rendered":"<p><strong>Schwarze Oliven 500g Marmarabirtik  <\/strong><\/p>\n<ul>\n<li data-start=\"418\" data-end=\"662\">Genie\u00dfen Sie den urspr\u00fcnglichen Geschmack der t\u00fcrkischen Oliven mit den schwarzen Marmarabirlik-Oliven, die f\u00fcr ihre hohe Qualit\u00e4t und ihren einzigartigen Geschmack bekannt sind. <br data-start=\"528\" data-end=\"531\">Die K\u00f6rner werden sorgf\u00e4ltig aus den feinsten Oliven ausgew\u00e4hlt, nach t\u00fcrkischer Tradition verarbeitet und serviert, um einen ausgewogenen Geschmack zwischen Salzgehalt und Weichheit zu gew\u00e4hrleisten. <\/li>\n<\/ul>\n<p data-start=\"664\" data-end=\"803\">\ud83e\udd63 <strong data-start=\"667\" data-end=\"684\">Nettogewicht:<\/strong> 500 g<br data-start=\"693\" data-end=\"696\">\ud83c\udf3f <strong data-start=\"699\" data-end=\"709\">Typ:<\/strong> Nat\u00fcrliche schwarze Oliven \u2013 Vollkorn<br data-start=\"739\" data-end=\"742\">\ud83d\udce6 <strong data-start=\"745\" data-end=\"766\">Hersteller:<\/strong> Marmarabirlik<br data-start=\"780\" data-end=\"783\">\ud83c\udf0d <strong data-start=\"786\" data-end=\"797\">Herkunft:<\/strong> T\u00fcrkei<\/p>\n<h3 data-start=\"810\" data-end=\"829\"><strong data-start=\"814\" data-end=\"827\">Funktionen:<\/strong><\/h3>\n<p data-start=\"830\" data-end=\"955\">\u2714\ufe0f Traditioneller t\u00fcrkischer Geschmack<br data-start=\"851\" data-end=\"854\">\u2714\ufe0f Ohne Konservierungsstoffe<br data-start=\"879\" data-end=\"882\">\u2714\ufe0f Perfekt zum Fr\u00fchst\u00fcck, f\u00fcr Salate und Vorspeisen<br data-start=\"918\" data-end=\"921\">\u2714\ufe0f Verpackt so, dass Geschmack und Textur erhalten bleiben <\/p>\n<h3 data-start=\"962\" data-end=\"984\"><strong data-start=\"966\" data-end=\"982\">So sparen Sie:<\/strong><\/h3>\n<p data-start=\"985\" data-end=\"1055\">\u2744\ufe0f An einem k\u00fchlen, trockenen Ort lagern, vorzugsweise nach dem \u00d6ffnen gek\u00fchlt, um die Frische zu erhalten. <\/p>\n","protected":false},"excerpt":{"rendered":"<p class=\"ai-optimize-40 ai-optimize-introduction\">Schwarze Oliven 500g Marmarabirtik<\/p>\n<ul>\n<li class=\"ai-optimize-41\">Die nat\u00fcrlichen schwarzen Oliven von Marmarabirlik mit ihrem reichhaltigen Geschmack und ihrer weichen Textur eignen sich perfekt zum Fr\u00fchst\u00fcck und als Vorspeise. Ein authentisches t\u00fcrkisches Produkt, das Qualit\u00e4t und traditionellen Geschmack vereint.   <\/li>\n<\/ul>\n","protected":false},"featured_media":117227,"comment_status":"open","ping_status":"closed","template":"","meta":[],"product_brand":[],"product_cat":[245,253],"product_tag":[],"class_list":{"0":"post-117256","1":"product","2":"type-product","3":"status-publish","4":"has-post-thumbnail","6":"product_cat-konserven-lebensmittel","7":"product_cat-oliven","9":"first","10":"instock","11":"taxable","12":"shipping-taxable","13":"purchasable","14":"product-type-simple"},"yoast_head":"<!-- This site is optimized with the Yoast SEO Premium plugin v26.5 (Yoast SEO v27.5) - https:\/\/yoast.com\/product\/yoast-seo-premium-wordpress\/ -->\n<title>Schwarze Oliven 500g Marmarabirtik - Yasmin Food<\/title>\n<meta name=\"description\" content=\"Genie\u00dfen Sie den Geschmack von schwarzen Oliven 500g Marmarabirtik, sorgf\u00e4ltig ausgew\u00e4hlt f\u00fcr Qualit\u00e4t und ausgewogenen Geschmack. Verleihen Sie Ihrem Tisch noch heute einen t\u00fcrkischen Touch! Yasmin Food Schwarze Oliven 500g Marmarabirtik\" \/>\n<meta name=\"robots\" content=\"index, follow, max-snippet:-1, max-image-preview:large, max-video-preview:-1\" \/>\n<link rel=\"canonical\" href=\"https:\/\/yasminfood.ch\/de\/product\/schwarze-oliven-500g-marmarabirtik\/\" \/>\n<meta property=\"og:locale\" content=\"de_DE\" \/>\n<meta property=\"og:type\" content=\"article\" \/>\n<meta property=\"og:title\" content=\"Schwarze Oliven 500g Marmarabirtik\" \/>\n<meta property=\"og:description\" content=\"Schwarze Oliven 500g Marmarabirtik   Die nat\u00fcrlichen schwarzen Oliven von Marmarabirlik mit ihrem reichhaltigen Geschmack und ihrer weichen Textur eignen sich perfekt zum Fr\u00fchst\u00fcck und als Vorspeise. Ein authentisches t\u00fcrkisches Produkt, das Qualit\u00e4t und traditionellen Geschmack vereint.\" \/>\n<meta property=\"og:url\" content=\"https:\/\/yasminfood.ch\/de\/product\/schwarze-oliven-500g-marmarabirtik\/\" \/>\n<meta property=\"og:site_name\" content=\"Yasmin Food\" \/>\n<meta property=\"article:publisher\" content=\"https:\/\/www.facebook.com\/yasminmarkt1\" \/>\n<meta property=\"article:modified_time\" content=\"2025-06-19T22:48:09+00:00\" \/>\n<meta property=\"og:image\" content=\"https:\/\/yasminfood.ch\/wp-content\/uploads\/2025\/06\/\u0632\u064a\u062a\u0648\u0646-\u0623\u0633\u0648\u062f-500\u063a-Marmarabirtik.png\" \/>\n\t<meta property=\"og:image:width\" content=\"1080\" \/>\n\t<meta property=\"og:image:height\" content=\"1080\" \/>\n\t<meta property=\"og:image:type\" content=\"image\/png\" \/>\n<meta name=\"twitter:card\" content=\"summary_large_image\" \/>\n<meta name=\"twitter:label1\" content=\"Preis\" \/>\n\t<meta name=\"twitter:data1\" content=\"7.95&nbsp;&#067;&#072;&#070;\" \/>\n\t<meta name=\"twitter:label2\" content=\"Verf\u00fcgbarkeit\" \/>\n\t<meta name=\"twitter:data2\" content=\"Auf Lager\" \/>\n<script type=\"application\/ld+json\" class=\"yoast-schema-graph\">{\"@context\":\"https:\\\/\\\/schema.org\",\"@graph\":[{\"@type\":\"WebPage\",\"@id\":\"https:\\\/\\\/yasminfood.ch\\\/de\\\/product\\\/schwarze-oliven-500g-marmarabirtik\\\/\",\"url\":\"https:\\\/\\\/yasminfood.ch\\\/de\\\/product\\\/schwarze-oliven-500g-marmarabirtik\\\/\",\"name\":\"Schwarze Oliven 500g Marmarabirtik - Yasmin Food\",\"isPartOf\":{\"@id\":\"https:\\\/\\\/yasminfood.ch\\\/de\\\/#website\"},\"primaryImageOfPage\":{\"@id\":\"https:\\\/\\\/yasminfood.ch\\\/de\\\/product\\\/schwarze-oliven-500g-marmarabirtik\\\/#primaryimage\"},\"image\":{\"@id\":\"https:\\\/\\\/yasminfood.ch\\\/de\\\/product\\\/schwarze-oliven-500g-marmarabirtik\\\/#primaryimage\"},\"thumbnailUrl\":\"https:\\\/\\\/yasminfood.ch\\\/wp-content\\\/uploads\\\/2025\\\/06\\\/\u0632\u064a\u062a\u0648\u0646-\u0623\u0633\u0648\u062f-500\u063a-Marmarabirtik.png\",\"datePublished\":\"2025-06-13T18:24:57+00:00\",\"dateModified\":\"2025-06-19T22:48:09+00:00\",\"description\":\"Genie\u00dfen Sie den Geschmack von schwarzen Oliven 500g Marmarabirtik, sorgf\u00e4ltig ausgew\u00e4hlt f\u00fcr Qualit\u00e4t und ausgewogenen Geschmack. Verleihen Sie Ihrem Tisch noch heute einen t\u00fcrkischen Touch! Yasmin Food Schwarze Oliven 500g Marmarabirtik\",\"breadcrumb\":{\"@id\":\"https:\\\/\\\/yasminfood.ch\\\/de\\\/product\\\/schwarze-oliven-500g-marmarabirtik\\\/#breadcrumb\"},\"inLanguage\":\"de\",\"potentialAction\":[{\"@type\":\"ReadAction\",\"target\":[\"https:\\\/\\\/yasminfood.ch\\\/de\\\/product\\\/schwarze-oliven-500g-marmarabirtik\\\/\"]}]},{\"@type\":\"ImageObject\",\"inLanguage\":\"de\",\"@id\":\"https:\\\/\\\/yasminfood.ch\\\/de\\\/product\\\/schwarze-oliven-500g-marmarabirtik\\\/#primaryimage\",\"url\":\"https:\\\/\\\/yasminfood.ch\\\/wp-content\\\/uploads\\\/2025\\\/06\\\/\u0632\u064a\u062a\u0648\u0646-\u0623\u0633\u0648\u062f-500\u063a-Marmarabirtik.png\",\"contentUrl\":\"https:\\\/\\\/yasminfood.ch\\\/wp-content\\\/uploads\\\/2025\\\/06\\\/\u0632\u064a\u062a\u0648\u0646-\u0623\u0633\u0648\u062f-500\u063a-Marmarabirtik.png\",\"width\":1080,\"height\":1080,\"caption\":\"Schwarze Oliven 500g Marmarabirtik\"},{\"@type\":\"BreadcrumbList\",\"@id\":\"https:\\\/\\\/yasminfood.ch\\\/de\\\/product\\\/schwarze-oliven-500g-marmarabirtik\\\/#breadcrumb\",\"itemListElement\":[{\"@type\":\"ListItem\",\"position\":1,\"name\":\"\u0627\u0644\u0631\u0626\u064a\u0633\u064a\u0629\",\"item\":\"https:\\\/\\\/yasminfood.ch\\\/de\\\/zuhause\\\/\"},{\"@type\":\"ListItem\",\"position\":2,\"name\":\"Shop\",\"item\":\"https:\\\/\\\/yasminfood.ch\\\/de\\\/shop\\\/\"},{\"@type\":\"ListItem\",\"position\":3,\"name\":\"Konserven - Lebensmittel\",\"item\":\"https:\\\/\\\/yasminfood.ch\\\/de\\\/produkt-kategorie\\\/konserven-lebensmittel\\\/\"},{\"@type\":\"ListItem\",\"position\":4,\"name\":\"Oliven\",\"item\":\"https:\\\/\\\/yasminfood.ch\\\/de\\\/produkt-kategorie\\\/konserven-lebensmittel\\\/oliven\\\/\"},{\"@type\":\"ListItem\",\"position\":5,\"name\":\"Schwarze Oliven 500g Marmarabirtik\"}]},{\"@type\":\"WebSite\",\"@id\":\"https:\\\/\\\/yasminfood.ch\\\/de\\\/#website\",\"url\":\"https:\\\/\\\/yasminfood.ch\\\/de\\\/\",\"name\":\"\u064a\u0627\u0633\u0645\u064a\u0646 \u0645\u0627\u0631\u0643\u062a\",\"description\":\"Alles, was Sie brauchen, an einem Ort\",\"publisher\":{\"@id\":\"https:\\\/\\\/yasminfood.ch\\\/de\\\/#organization\"},\"alternateName\":\"Yasmin Food\",\"potentialAction\":[{\"@type\":\"SearchAction\",\"target\":{\"@type\":\"EntryPoint\",\"urlTemplate\":\"https:\\\/\\\/yasminfood.ch\\\/de\\\/?s={search_term_string}\"},\"query-input\":{\"@type\":\"PropertyValueSpecification\",\"valueRequired\":true,\"valueName\":\"search_term_string\"}}],\"inLanguage\":\"de\"},{\"@type\":\"Organization\",\"@id\":\"https:\\\/\\\/yasminfood.ch\\\/de\\\/#organization\",\"name\":\"\u064a\u0627\u0633\u0645\u064a\u0646 \u0645\u0627\u0631\u0643\u062a\",\"alternateName\":\"Yasmin Food\",\"url\":\"https:\\\/\\\/yasminfood.ch\\\/de\\\/\",\"logo\":{\"@type\":\"ImageObject\",\"inLanguage\":\"de\",\"@id\":\"https:\\\/\\\/yasminfood.ch\\\/de\\\/#\\\/schema\\\/logo\\\/image\\\/\",\"url\":\"https:\\\/\\\/yasminfood.ch\\\/wp-content\\\/uploads\\\/2025\\\/05\\\/yasmin-food-header-logo.png\",\"contentUrl\":\"https:\\\/\\\/yasminfood.ch\\\/wp-content\\\/uploads\\\/2025\\\/05\\\/yasmin-food-header-logo.png\",\"width\":330,\"height\":120,\"caption\":\"\u064a\u0627\u0633\u0645\u064a\u0646 \u0645\u0627\u0631\u0643\u062a\"},\"image\":{\"@id\":\"https:\\\/\\\/yasminfood.ch\\\/de\\\/#\\\/schema\\\/logo\\\/image\\\/\"},\"sameAs\":[\"https:\\\/\\\/www.facebook.com\\\/yasminmarkt1\",\"https:\\\/\\\/www.tiktok.com\\\/@yasminmarkt\",\"https:\\\/\\\/www.instagram.com\\\/yasmin.markt1\\\/\",\"https:\\\/\\\/api.whatsapp.com\\\/send\\\/?phone=41799000104\"],\"publishingPrinciples\":\"https:\\\/\\\/yasminfood.ch\\\/de\\\/shop\\\/\",\"ownershipFundingInfo\":\"https:\\\/\\\/yasminfood.ch\\\/de\\\/shop\\\/\"}]}<\/script>\n<meta property=\"product:price:amount\" content=\"7.95\" \/>\n<meta property=\"product:price:currency\" content=\"CHF\" \/>\n<meta property=\"og:availability\" content=\"instock\" \/>\n<meta property=\"product:availability\" content=\"instock\" \/>\n<meta property=\"product:condition\" content=\"new\" \/>\n<!-- \/ Yoast SEO Premium plugin. -->","yoast_head_json":{"title":"Schwarze Oliven 500g Marmarabirtik - Yasmin Food","description":"Genie\u00dfen Sie den Geschmack von schwarzen Oliven 500g Marmarabirtik, sorgf\u00e4ltig ausgew\u00e4hlt f\u00fcr Qualit\u00e4t und ausgewogenen Geschmack. Verleihen Sie Ihrem Tisch noch heute einen t\u00fcrkischen Touch! Yasmin Food Schwarze Oliven 500g Marmarabirtik","robots":{"index":"index","follow":"follow","max-snippet":"max-snippet:-1","max-image-preview":"max-image-preview:large","max-video-preview":"max-video-preview:-1"},"canonical":"https:\/\/yasminfood.ch\/de\/product\/schwarze-oliven-500g-marmarabirtik\/","og_locale":"de_DE","og_type":"article","og_title":"Schwarze Oliven 500g Marmarabirtik","og_description":"Schwarze Oliven 500g Marmarabirtik   Die nat\u00fcrlichen schwarzen Oliven von Marmarabirlik mit ihrem reichhaltigen Geschmack und ihrer weichen Textur eignen sich perfekt zum Fr\u00fchst\u00fcck und als Vorspeise. Ein authentisches t\u00fcrkisches Produkt, das Qualit\u00e4t und traditionellen Geschmack vereint.","og_url":"https:\/\/yasminfood.ch\/de\/product\/schwarze-oliven-500g-marmarabirtik\/","og_site_name":"Yasmin Food","article_publisher":"https:\/\/www.facebook.com\/yasminmarkt1","article_modified_time":"2025-06-19T22:48:09+00:00","og_image":[{"width":1080,"height":1080,"url":"https:\/\/yasminfood.ch\/wp-content\/uploads\/2025\/06\/\u0632\u064a\u062a\u0648\u0646-\u0623\u0633\u0648\u062f-500\u063a-Marmarabirtik.png","type":"image\/png"}],"twitter_card":"summary_large_image","twitter_misc":{"Preis":"7.95&nbsp;&#67;&#72;&#70;","Verf\u00fcgbarkeit":"Auf Lager"},"schema":{"@context":"https:\/\/schema.org","@graph":[{"@type":"WebPage","@id":"https:\/\/yasminfood.ch\/de\/product\/schwarze-oliven-500g-marmarabirtik\/","url":"https:\/\/yasminfood.ch\/de\/product\/schwarze-oliven-500g-marmarabirtik\/","name":"Schwarze Oliven 500g Marmarabirtik - Yasmin Food","isPartOf":{"@id":"https:\/\/yasminfood.ch\/de\/#website"},"primaryImageOfPage":{"@id":"https:\/\/yasminfood.ch\/de\/product\/schwarze-oliven-500g-marmarabirtik\/#primaryimage"},"image":{"@id":"https:\/\/yasminfood.ch\/de\/product\/schwarze-oliven-500g-marmarabirtik\/#primaryimage"},"thumbnailUrl":"https:\/\/yasminfood.ch\/wp-content\/uploads\/2025\/06\/\u0632\u064a\u062a\u0648\u0646-\u0623\u0633\u0648\u062f-500\u063a-Marmarabirtik.png","datePublished":"2025-06-13T18:24:57+00:00","dateModified":"2025-06-19T22:48:09+00:00","description":"Genie\u00dfen Sie den Geschmack von schwarzen Oliven 500g Marmarabirtik, sorgf\u00e4ltig ausgew\u00e4hlt f\u00fcr Qualit\u00e4t und ausgewogenen Geschmack. Verleihen Sie Ihrem Tisch noch heute einen t\u00fcrkischen Touch! Yasmin Food Schwarze Oliven 500g Marmarabirtik","breadcrumb":{"@id":"https:\/\/yasminfood.ch\/de\/product\/schwarze-oliven-500g-marmarabirtik\/#breadcrumb"},"inLanguage":"de","potentialAction":[{"@type":"ReadAction","target":["https:\/\/yasminfood.ch\/de\/product\/schwarze-oliven-500g-marmarabirtik\/"]}]},{"@type":"ImageObject","inLanguage":"de","@id":"https:\/\/yasminfood.ch\/de\/product\/schwarze-oliven-500g-marmarabirtik\/#primaryimage","url":"https:\/\/yasminfood.ch\/wp-content\/uploads\/2025\/06\/\u0632\u064a\u062a\u0648\u0646-\u0623\u0633\u0648\u062f-500\u063a-Marmarabirtik.png","contentUrl":"https:\/\/yasminfood.ch\/wp-content\/uploads\/2025\/06\/\u0632\u064a\u062a\u0648\u0646-\u0623\u0633\u0648\u062f-500\u063a-Marmarabirtik.png","width":1080,"height":1080,"caption":"Schwarze Oliven 500g Marmarabirtik"},{"@type":"BreadcrumbList","@id":"https:\/\/yasminfood.ch\/de\/product\/schwarze-oliven-500g-marmarabirtik\/#breadcrumb","itemListElement":[{"@type":"ListItem","position":1,"name":"\u0627\u0644\u0631\u0626\u064a\u0633\u064a\u0629","item":"https:\/\/yasminfood.ch\/de\/zuhause\/"},{"@type":"ListItem","position":2,"name":"Shop","item":"https:\/\/yasminfood.ch\/de\/shop\/"},{"@type":"ListItem","position":3,"name":"Konserven - Lebensmittel","item":"https:\/\/yasminfood.ch\/de\/produkt-kategorie\/konserven-lebensmittel\/"},{"@type":"ListItem","position":4,"name":"Oliven","item":"https:\/\/yasminfood.ch\/de\/produkt-kategorie\/konserven-lebensmittel\/oliven\/"},{"@type":"ListItem","position":5,"name":"Schwarze Oliven 500g Marmarabirtik"}]},{"@type":"WebSite","@id":"https:\/\/yasminfood.ch\/de\/#website","url":"https:\/\/yasminfood.ch\/de\/","name":"\u064a\u0627\u0633\u0645\u064a\u0646 \u0645\u0627\u0631\u0643\u062a","description":"Alles, was Sie brauchen, an einem Ort","publisher":{"@id":"https:\/\/yasminfood.ch\/de\/#organization"},"alternateName":"Yasmin Food","potentialAction":[{"@type":"SearchAction","target":{"@type":"EntryPoint","urlTemplate":"https:\/\/yasminfood.ch\/de\/?s={search_term_string}"},"query-input":{"@type":"PropertyValueSpecification","valueRequired":true,"valueName":"search_term_string"}}],"inLanguage":"de"},{"@type":"Organization","@id":"https:\/\/yasminfood.ch\/de\/#organization","name":"\u064a\u0627\u0633\u0645\u064a\u0646 \u0645\u0627\u0631\u0643\u062a","alternateName":"Yasmin Food","url":"https:\/\/yasminfood.ch\/de\/","logo":{"@type":"ImageObject","inLanguage":"de","@id":"https:\/\/yasminfood.ch\/de\/#\/schema\/logo\/image\/","url":"https:\/\/yasminfood.ch\/wp-content\/uploads\/2025\/05\/yasmin-food-header-logo.png","contentUrl":"https:\/\/yasminfood.ch\/wp-content\/uploads\/2025\/05\/yasmin-food-header-logo.png","width":330,"height":120,"caption":"\u064a\u0627\u0633\u0645\u064a\u0646 \u0645\u0627\u0631\u0643\u062a"},"image":{"@id":"https:\/\/yasminfood.ch\/de\/#\/schema\/logo\/image\/"},"sameAs":["https:\/\/www.facebook.com\/yasminmarkt1","https:\/\/www.tiktok.com\/@yasminmarkt","https:\/\/www.instagram.com\/yasmin.markt1\/","https:\/\/api.whatsapp.com\/send\/?phone=41799000104"],"publishingPrinciples":"https:\/\/yasminfood.ch\/de\/shop\/","ownershipFundingInfo":"https:\/\/yasminfood.ch\/de\/shop\/"}]},"product_price_amount":"7.95","product_price_currency":"CHF","og_availability":"instock","product_availability":"instock","product_condition":"new"},"jetpack_sharing_enabled":true,"_links":{"self":[{"href":"https:\/\/yasminfood.ch\/de\/wp-json\/wp\/v2\/product\/117256","targetHints":{"allow":["GET"]}}],"collection":[{"href":"https:\/\/yasminfood.ch\/de\/wp-json\/wp\/v2\/product"}],"about":[{"href":"https:\/\/yasminfood.ch\/de\/wp-json\/wp\/v2\/types\/product"}],"replies":[{"embeddable":true,"href":"https:\/\/yasminfood.ch\/de\/wp-json\/wp\/v2\/comments?post=117256"}],"version-history":[{"count":0,"href":"https:\/\/yasminfood.ch\/de\/wp-json\/wp\/v2\/product\/117256\/revisions"}],"wp:featuredmedia":[{"embeddable":true,"href":"https:\/\/yasminfood.ch\/de\/wp-json\/wp\/v2\/media\/117227"}],"wp:attachment":[{"href":"https:\/\/yasminfood.ch\/de\/wp-json\/wp\/v2\/media?parent=117256"}],"wp:term":[{"taxonomy":"product_brand","embeddable":true,"href":"https:\/\/yasminfood.ch\/de\/wp-json\/wp\/v2\/product_brand?post=117256"},{"taxonomy":"product_cat","embeddable":true,"href":"https:\/\/yasminfood.ch\/de\/wp-json\/wp\/v2\/product_cat?post=117256"},{"taxonomy":"product_tag","embeddable":true,"href":"https:\/\/yasminfood.ch\/de\/wp-json\/wp\/v2\/product_tag?post=117256"}],"curies":[{"name":"wp","href":"https:\/\/api.w.org\/{rel}","templated":true}]}}