{"id":117258,"date":"2025-06-13T20:30:42","date_gmt":"2025-06-13T18:30:42","guid":{"rendered":"https:\/\/yasminfood.ch\/product\/gruentee-envelopes-de-gazelle\/"},"modified":"2025-11-12T12:38:07","modified_gmt":"2025-11-12T11:38:07","slug":"gruentee-envelopes-de-gazelle","status":"publish","type":"product","link":"https:\/\/yasminfood.ch\/de\/product\/gruentee-envelopes-de-gazelle\/","title":{"rendered":"Gr\u00fcner Tee du Ghazal 100 Beutel"},"content":{"rendered":"<p><strong>Gr\u00fcner Tee du Ghazal 100 Beutel<\/strong><\/p>\n<ul>\n<li data-start=\"396\" data-end=\"659\">Hergestellt aus hochwertigen Gr\u00fcnteebl\u00e4ttern, sorgf\u00e4ltig verpackt in T\u00fcten, um Frische und einfache Zubereitung zu gew\u00e4hrleisten. <br data-start=\"545\" data-end=\"548\">Dieser Tee ist bekannt f\u00fcr seine vielf\u00e4ltigen gesundheitlichen Vorteile wie die Ankurbelung des Stoffwechsels und die Unterst\u00fctzung des Immunsystems sowie f\u00fcr seinen milden und erfrischenden Geschmack. <\/li>\n<\/ul>\n<p data-start=\"661\" data-end=\"806\">\ud83c\udf43 <strong data-start=\"664\" data-end=\"675\">Menge:<\/strong> 25 Teebeutel<br data-start=\"697\" data-end=\"700\">\ud83c\udf3f <strong data-start=\"703\" data-end=\"713\">Typ:<\/strong> 100% nat\u00fcrlicher gr\u00fcner Tee<br data-start=\"733\" data-end=\"736\">\ud83d\udce6 <strong data-start=\"739\" data-end=\"760\">Marke:<\/strong> Do Ghazal<\/p>\n<h3 data-start=\"813\" data-end=\"832\"><strong data-start=\"817\" data-end=\"830\">Funktionen:<\/strong><\/h3>\n<p data-start=\"833\" data-end=\"987\">\u2714\ufe0f Reich an Antioxidantien<br data-start=\"855\" data-end=\"858\">\u2714\ufe0f Keine k\u00fcnstlichen Zusatzstoffe oder Aromen<br data-start=\"898\" data-end=\"901\">\u2714\ufe0f Einfach zuzubereiten \u2013 einzeln verpackte Beutel<br data-start=\"937\" data-end=\"940\">\u2714\ufe0f Geeignet f\u00fcr den t\u00e4glichen Gebrauch oder in Zeiten der Entspannung<\/p>\n<p>&nbsp;<\/p>\n","protected":false},"excerpt":{"rendered":"<p class=\"ai-optimize-26\">Gr\u00fcner Tee du Ghazal 100 Beutel<\/p>\n<ul>\n<li class=\"ai-optimize-29\">Verpackt in einfach zu handhabenden Beuteln. Ein weicher und erfrischender Geschmack, der reich an Antioxidantien ist. Ideal f\u00fcr alle, die einen gesunden und ausgewogenen Lebensstil suchen <\/li>\n<\/ul>\n","protected":false},"featured_media":120663,"comment_status":"open","ping_status":"closed","template":"","meta":[],"product_brand":[],"product_cat":[367,377],"product_tag":[],"class_list":{"0":"post-117258","1":"product","2":"type-product","3":"status-publish","4":"has-post-thumbnail","6":"product_cat-getraenke-fluessigkeiten","7":"product_cat-tee","9":"first","10":"instock","11":"taxable","12":"shipping-taxable","13":"purchasable","14":"product-type-simple"},"yoast_head":"<!-- This site is optimized with the Yoast SEO Premium plugin v26.5 (Yoast SEO v27.5) - https:\/\/yoast.com\/product\/yoast-seo-premium-wordpress\/ -->\n<title>Gr\u00fcner Tee du Ghazal 100 Beutel - Yasmin Food<\/title>\n<meta name=\"description\" content=\"Genie\u00dfen Sie eine Tasse Reinheit mit gr\u00fcnem Tee Conditions de Gazelle, der einfach zuzubereiten und reich an Antioxidantien ist. Probieren Sie es jetzt aus, um Ihre Stimmung zu verbessern! \ud83c\udf43 Gr\u00fcner Tee du Ghazal 100 Beutel des Yasmin Food\" \/>\n<meta name=\"robots\" content=\"index, follow, max-snippet:-1, max-image-preview:large, max-video-preview:-1\" \/>\n<link rel=\"canonical\" href=\"https:\/\/yasminfood.ch\/de\/product\/gruentee-envelopes-de-gazelle\/\" \/>\n<meta property=\"og:locale\" content=\"de_DE\" \/>\n<meta property=\"og:type\" content=\"article\" \/>\n<meta property=\"og:title\" content=\"Gr\u00fcner Tee du Ghazal 100 Beutel\" \/>\n<meta property=\"og:description\" content=\"Gr\u00fcner Tee du Ghazal 100 Beutel   Verpackt in einfach zu handhabenden Beuteln. Ein weicher und erfrischender Geschmack, der reich an Antioxidantien ist. Ideal f\u00fcr alle, die einen gesunden und ausgewogenen Lebensstil suchen\" \/>\n<meta property=\"og:url\" content=\"https:\/\/yasminfood.ch\/de\/product\/gruentee-envelopes-de-gazelle\/\" \/>\n<meta property=\"og:site_name\" content=\"Yasmin Food\" \/>\n<meta property=\"article:publisher\" content=\"https:\/\/www.facebook.com\/yasminmarkt1\" \/>\n<meta property=\"article:modified_time\" content=\"2025-11-12T11:38:07+00:00\" \/>\n<meta property=\"og:image\" content=\"https:\/\/yasminfood.ch\/wp-content\/uploads\/2025\/06\/\u0634\u0627\u064a-\u0623\u062e\u0636\u0631-\u062f\u0648-\u063a\u0632\u0627\u0644-100-\u0638\u0631\u0641.png\" \/>\n\t<meta property=\"og:image:width\" content=\"1080\" \/>\n\t<meta property=\"og:image:height\" content=\"1080\" \/>\n\t<meta property=\"og:image:type\" content=\"image\/png\" \/>\n<meta name=\"twitter:card\" content=\"summary_large_image\" \/>\n<meta name=\"twitter:label1\" content=\"Preis\" \/>\n\t<meta name=\"twitter:data1\" content=\"6.95&nbsp;&#067;&#072;&#070;\" \/>\n\t<meta name=\"twitter:label2\" content=\"Verf\u00fcgbarkeit\" \/>\n\t<meta name=\"twitter:data2\" content=\"Auf Lager\" \/>\n<script type=\"application\/ld+json\" class=\"yoast-schema-graph\">{\"@context\":\"https:\\\/\\\/schema.org\",\"@graph\":[{\"@type\":\"WebPage\",\"@id\":\"https:\\\/\\\/yasminfood.ch\\\/de\\\/product\\\/gruentee-envelopes-de-gazelle\\\/\",\"url\":\"https:\\\/\\\/yasminfood.ch\\\/de\\\/product\\\/gruentee-envelopes-de-gazelle\\\/\",\"name\":\"Gr\u00fcner Tee du Ghazal 100 Beutel - Yasmin Food\",\"isPartOf\":{\"@id\":\"https:\\\/\\\/yasminfood.ch\\\/de\\\/#website\"},\"primaryImageOfPage\":{\"@id\":\"https:\\\/\\\/yasminfood.ch\\\/de\\\/product\\\/gruentee-envelopes-de-gazelle\\\/#primaryimage\"},\"image\":{\"@id\":\"https:\\\/\\\/yasminfood.ch\\\/de\\\/product\\\/gruentee-envelopes-de-gazelle\\\/#primaryimage\"},\"thumbnailUrl\":\"https:\\\/\\\/yasminfood.ch\\\/wp-content\\\/uploads\\\/2025\\\/06\\\/\u0634\u0627\u064a-\u0623\u062e\u0636\u0631-\u062f\u0648-\u063a\u0632\u0627\u0644-100-\u0638\u0631\u0641.png\",\"datePublished\":\"2025-06-13T18:30:42+00:00\",\"dateModified\":\"2025-11-12T11:38:07+00:00\",\"description\":\"Genie\u00dfen Sie eine Tasse Reinheit mit gr\u00fcnem Tee Conditions de Gazelle, der einfach zuzubereiten und reich an Antioxidantien ist. Probieren Sie es jetzt aus, um Ihre Stimmung zu verbessern! \ud83c\udf43 Gr\u00fcner Tee du Ghazal 100 Beutel des Yasmin Food\",\"breadcrumb\":{\"@id\":\"https:\\\/\\\/yasminfood.ch\\\/de\\\/product\\\/gruentee-envelopes-de-gazelle\\\/#breadcrumb\"},\"inLanguage\":\"de\",\"potentialAction\":[{\"@type\":\"ReadAction\",\"target\":[\"https:\\\/\\\/yasminfood.ch\\\/de\\\/product\\\/gruentee-envelopes-de-gazelle\\\/\"]}]},{\"@type\":\"ImageObject\",\"inLanguage\":\"de\",\"@id\":\"https:\\\/\\\/yasminfood.ch\\\/de\\\/product\\\/gruentee-envelopes-de-gazelle\\\/#primaryimage\",\"url\":\"https:\\\/\\\/yasminfood.ch\\\/wp-content\\\/uploads\\\/2025\\\/06\\\/\u0634\u0627\u064a-\u0623\u062e\u0636\u0631-\u062f\u0648-\u063a\u0632\u0627\u0644-100-\u0638\u0631\u0641.png\",\"contentUrl\":\"https:\\\/\\\/yasminfood.ch\\\/wp-content\\\/uploads\\\/2025\\\/06\\\/\u0634\u0627\u064a-\u0623\u062e\u0636\u0631-\u062f\u0648-\u063a\u0632\u0627\u0644-100-\u0638\u0631\u0641.png\",\"width\":1080,\"height\":1080,\"caption\":\"Gr\u00fcner Tee du Ghazal 100 Beutel\"},{\"@type\":\"BreadcrumbList\",\"@id\":\"https:\\\/\\\/yasminfood.ch\\\/de\\\/product\\\/gruentee-envelopes-de-gazelle\\\/#breadcrumb\",\"itemListElement\":[{\"@type\":\"ListItem\",\"position\":1,\"name\":\"\u0627\u0644\u0631\u0626\u064a\u0633\u064a\u0629\",\"item\":\"https:\\\/\\\/yasminfood.ch\\\/de\\\/zuhause\\\/\"},{\"@type\":\"ListItem\",\"position\":2,\"name\":\"Shop\",\"item\":\"https:\\\/\\\/yasminfood.ch\\\/de\\\/shop\\\/\"},{\"@type\":\"ListItem\",\"position\":3,\"name\":\"Getr\u00e4nke &amp; Fl\u00fcssigkeiten\",\"item\":\"https:\\\/\\\/yasminfood.ch\\\/de\\\/produkt-kategorie\\\/getraenke-fluessigkeiten\\\/\"},{\"@type\":\"ListItem\",\"position\":4,\"name\":\"Tee\",\"item\":\"https:\\\/\\\/yasminfood.ch\\\/de\\\/produkt-kategorie\\\/getraenke-fluessigkeiten\\\/tee\\\/\"},{\"@type\":\"ListItem\",\"position\":5,\"name\":\"Gr\u00fcner Tee du Ghazal 100 Beutel\"}]},{\"@type\":\"WebSite\",\"@id\":\"https:\\\/\\\/yasminfood.ch\\\/de\\\/#website\",\"url\":\"https:\\\/\\\/yasminfood.ch\\\/de\\\/\",\"name\":\"\u064a\u0627\u0633\u0645\u064a\u0646 \u0645\u0627\u0631\u0643\u062a\",\"description\":\"Alles, was Sie brauchen, an einem Ort\",\"publisher\":{\"@id\":\"https:\\\/\\\/yasminfood.ch\\\/de\\\/#organization\"},\"alternateName\":\"Yasmin Food\",\"potentialAction\":[{\"@type\":\"SearchAction\",\"target\":{\"@type\":\"EntryPoint\",\"urlTemplate\":\"https:\\\/\\\/yasminfood.ch\\\/de\\\/?s={search_term_string}\"},\"query-input\":{\"@type\":\"PropertyValueSpecification\",\"valueRequired\":true,\"valueName\":\"search_term_string\"}}],\"inLanguage\":\"de\"},{\"@type\":\"Organization\",\"@id\":\"https:\\\/\\\/yasminfood.ch\\\/de\\\/#organization\",\"name\":\"\u064a\u0627\u0633\u0645\u064a\u0646 \u0645\u0627\u0631\u0643\u062a\",\"alternateName\":\"Yasmin Food\",\"url\":\"https:\\\/\\\/yasminfood.ch\\\/de\\\/\",\"logo\":{\"@type\":\"ImageObject\",\"inLanguage\":\"de\",\"@id\":\"https:\\\/\\\/yasminfood.ch\\\/de\\\/#\\\/schema\\\/logo\\\/image\\\/\",\"url\":\"https:\\\/\\\/yasminfood.ch\\\/wp-content\\\/uploads\\\/2025\\\/05\\\/yasmin-food-header-logo.png\",\"contentUrl\":\"https:\\\/\\\/yasminfood.ch\\\/wp-content\\\/uploads\\\/2025\\\/05\\\/yasmin-food-header-logo.png\",\"width\":330,\"height\":120,\"caption\":\"\u064a\u0627\u0633\u0645\u064a\u0646 \u0645\u0627\u0631\u0643\u062a\"},\"image\":{\"@id\":\"https:\\\/\\\/yasminfood.ch\\\/de\\\/#\\\/schema\\\/logo\\\/image\\\/\"},\"sameAs\":[\"https:\\\/\\\/www.facebook.com\\\/yasminmarkt1\",\"https:\\\/\\\/www.tiktok.com\\\/@yasminmarkt\",\"https:\\\/\\\/www.instagram.com\\\/yasmin.markt1\\\/\",\"https:\\\/\\\/api.whatsapp.com\\\/send\\\/?phone=41799000104\"],\"publishingPrinciples\":\"https:\\\/\\\/yasminfood.ch\\\/de\\\/shop\\\/\",\"ownershipFundingInfo\":\"https:\\\/\\\/yasminfood.ch\\\/de\\\/shop\\\/\"}]}<\/script>\n<meta property=\"product:price:amount\" content=\"6.95\" \/>\n<meta property=\"product:price:currency\" content=\"CHF\" \/>\n<meta property=\"og:availability\" content=\"instock\" \/>\n<meta property=\"product:availability\" content=\"instock\" \/>\n<meta property=\"product:condition\" content=\"new\" \/>\n<!-- \/ Yoast SEO Premium plugin. -->","yoast_head_json":{"title":"Gr\u00fcner Tee du Ghazal 100 Beutel - Yasmin Food","description":"Genie\u00dfen Sie eine Tasse Reinheit mit gr\u00fcnem Tee Conditions de Gazelle, der einfach zuzubereiten und reich an Antioxidantien ist. Probieren Sie es jetzt aus, um Ihre Stimmung zu verbessern! \ud83c\udf43 Gr\u00fcner Tee du Ghazal 100 Beutel des Yasmin Food","robots":{"index":"index","follow":"follow","max-snippet":"max-snippet:-1","max-image-preview":"max-image-preview:large","max-video-preview":"max-video-preview:-1"},"canonical":"https:\/\/yasminfood.ch\/de\/product\/gruentee-envelopes-de-gazelle\/","og_locale":"de_DE","og_type":"article","og_title":"Gr\u00fcner Tee du Ghazal 100 Beutel","og_description":"Gr\u00fcner Tee du Ghazal 100 Beutel   Verpackt in einfach zu handhabenden Beuteln. Ein weicher und erfrischender Geschmack, der reich an Antioxidantien ist. Ideal f\u00fcr alle, die einen gesunden und ausgewogenen Lebensstil suchen","og_url":"https:\/\/yasminfood.ch\/de\/product\/gruentee-envelopes-de-gazelle\/","og_site_name":"Yasmin Food","article_publisher":"https:\/\/www.facebook.com\/yasminmarkt1","article_modified_time":"2025-11-12T11:38:07+00:00","og_image":[{"width":1080,"height":1080,"url":"https:\/\/yasminfood.ch\/wp-content\/uploads\/2025\/06\/\u0634\u0627\u064a-\u0623\u062e\u0636\u0631-\u062f\u0648-\u063a\u0632\u0627\u0644-100-\u0638\u0631\u0641.png","type":"image\/png"}],"twitter_card":"summary_large_image","twitter_misc":{"Preis":"6.95&nbsp;&#67;&#72;&#70;","Verf\u00fcgbarkeit":"Auf Lager"},"schema":{"@context":"https:\/\/schema.org","@graph":[{"@type":"WebPage","@id":"https:\/\/yasminfood.ch\/de\/product\/gruentee-envelopes-de-gazelle\/","url":"https:\/\/yasminfood.ch\/de\/product\/gruentee-envelopes-de-gazelle\/","name":"Gr\u00fcner Tee du Ghazal 100 Beutel - Yasmin Food","isPartOf":{"@id":"https:\/\/yasminfood.ch\/de\/#website"},"primaryImageOfPage":{"@id":"https:\/\/yasminfood.ch\/de\/product\/gruentee-envelopes-de-gazelle\/#primaryimage"},"image":{"@id":"https:\/\/yasminfood.ch\/de\/product\/gruentee-envelopes-de-gazelle\/#primaryimage"},"thumbnailUrl":"https:\/\/yasminfood.ch\/wp-content\/uploads\/2025\/06\/\u0634\u0627\u064a-\u0623\u062e\u0636\u0631-\u062f\u0648-\u063a\u0632\u0627\u0644-100-\u0638\u0631\u0641.png","datePublished":"2025-06-13T18:30:42+00:00","dateModified":"2025-11-12T11:38:07+00:00","description":"Genie\u00dfen Sie eine Tasse Reinheit mit gr\u00fcnem Tee Conditions de Gazelle, der einfach zuzubereiten und reich an Antioxidantien ist. Probieren Sie es jetzt aus, um Ihre Stimmung zu verbessern! \ud83c\udf43 Gr\u00fcner Tee du Ghazal 100 Beutel des Yasmin Food","breadcrumb":{"@id":"https:\/\/yasminfood.ch\/de\/product\/gruentee-envelopes-de-gazelle\/#breadcrumb"},"inLanguage":"de","potentialAction":[{"@type":"ReadAction","target":["https:\/\/yasminfood.ch\/de\/product\/gruentee-envelopes-de-gazelle\/"]}]},{"@type":"ImageObject","inLanguage":"de","@id":"https:\/\/yasminfood.ch\/de\/product\/gruentee-envelopes-de-gazelle\/#primaryimage","url":"https:\/\/yasminfood.ch\/wp-content\/uploads\/2025\/06\/\u0634\u0627\u064a-\u0623\u062e\u0636\u0631-\u062f\u0648-\u063a\u0632\u0627\u0644-100-\u0638\u0631\u0641.png","contentUrl":"https:\/\/yasminfood.ch\/wp-content\/uploads\/2025\/06\/\u0634\u0627\u064a-\u0623\u062e\u0636\u0631-\u062f\u0648-\u063a\u0632\u0627\u0644-100-\u0638\u0631\u0641.png","width":1080,"height":1080,"caption":"Gr\u00fcner Tee du Ghazal 100 Beutel"},{"@type":"BreadcrumbList","@id":"https:\/\/yasminfood.ch\/de\/product\/gruentee-envelopes-de-gazelle\/#breadcrumb","itemListElement":[{"@type":"ListItem","position":1,"name":"\u0627\u0644\u0631\u0626\u064a\u0633\u064a\u0629","item":"https:\/\/yasminfood.ch\/de\/zuhause\/"},{"@type":"ListItem","position":2,"name":"Shop","item":"https:\/\/yasminfood.ch\/de\/shop\/"},{"@type":"ListItem","position":3,"name":"Getr\u00e4nke &amp; Fl\u00fcssigkeiten","item":"https:\/\/yasminfood.ch\/de\/produkt-kategorie\/getraenke-fluessigkeiten\/"},{"@type":"ListItem","position":4,"name":"Tee","item":"https:\/\/yasminfood.ch\/de\/produkt-kategorie\/getraenke-fluessigkeiten\/tee\/"},{"@type":"ListItem","position":5,"name":"Gr\u00fcner Tee du Ghazal 100 Beutel"}]},{"@type":"WebSite","@id":"https:\/\/yasminfood.ch\/de\/#website","url":"https:\/\/yasminfood.ch\/de\/","name":"\u064a\u0627\u0633\u0645\u064a\u0646 \u0645\u0627\u0631\u0643\u062a","description":"Alles, was Sie brauchen, an einem Ort","publisher":{"@id":"https:\/\/yasminfood.ch\/de\/#organization"},"alternateName":"Yasmin Food","potentialAction":[{"@type":"SearchAction","target":{"@type":"EntryPoint","urlTemplate":"https:\/\/yasminfood.ch\/de\/?s={search_term_string}"},"query-input":{"@type":"PropertyValueSpecification","valueRequired":true,"valueName":"search_term_string"}}],"inLanguage":"de"},{"@type":"Organization","@id":"https:\/\/yasminfood.ch\/de\/#organization","name":"\u064a\u0627\u0633\u0645\u064a\u0646 \u0645\u0627\u0631\u0643\u062a","alternateName":"Yasmin Food","url":"https:\/\/yasminfood.ch\/de\/","logo":{"@type":"ImageObject","inLanguage":"de","@id":"https:\/\/yasminfood.ch\/de\/#\/schema\/logo\/image\/","url":"https:\/\/yasminfood.ch\/wp-content\/uploads\/2025\/05\/yasmin-food-header-logo.png","contentUrl":"https:\/\/yasminfood.ch\/wp-content\/uploads\/2025\/05\/yasmin-food-header-logo.png","width":330,"height":120,"caption":"\u064a\u0627\u0633\u0645\u064a\u0646 \u0645\u0627\u0631\u0643\u062a"},"image":{"@id":"https:\/\/yasminfood.ch\/de\/#\/schema\/logo\/image\/"},"sameAs":["https:\/\/www.facebook.com\/yasminmarkt1","https:\/\/www.tiktok.com\/@yasminmarkt","https:\/\/www.instagram.com\/yasmin.markt1\/","https:\/\/api.whatsapp.com\/send\/?phone=41799000104"],"publishingPrinciples":"https:\/\/yasminfood.ch\/de\/shop\/","ownershipFundingInfo":"https:\/\/yasminfood.ch\/de\/shop\/"}]},"product_price_amount":"6.95","product_price_currency":"CHF","og_availability":"instock","product_availability":"instock","product_condition":"new"},"jetpack_sharing_enabled":true,"_links":{"self":[{"href":"https:\/\/yasminfood.ch\/de\/wp-json\/wp\/v2\/product\/117258","targetHints":{"allow":["GET"]}}],"collection":[{"href":"https:\/\/yasminfood.ch\/de\/wp-json\/wp\/v2\/product"}],"about":[{"href":"https:\/\/yasminfood.ch\/de\/wp-json\/wp\/v2\/types\/product"}],"replies":[{"embeddable":true,"href":"https:\/\/yasminfood.ch\/de\/wp-json\/wp\/v2\/comments?post=117258"}],"version-history":[{"count":1,"href":"https:\/\/yasminfood.ch\/de\/wp-json\/wp\/v2\/product\/117258\/revisions"}],"predecessor-version":[{"id":120665,"href":"https:\/\/yasminfood.ch\/de\/wp-json\/wp\/v2\/product\/117258\/revisions\/120665"}],"wp:featuredmedia":[{"embeddable":true,"href":"https:\/\/yasminfood.ch\/de\/wp-json\/wp\/v2\/media\/120663"}],"wp:attachment":[{"href":"https:\/\/yasminfood.ch\/de\/wp-json\/wp\/v2\/media?parent=117258"}],"wp:term":[{"taxonomy":"product_brand","embeddable":true,"href":"https:\/\/yasminfood.ch\/de\/wp-json\/wp\/v2\/product_brand?post=117258"},{"taxonomy":"product_cat","embeddable":true,"href":"https:\/\/yasminfood.ch\/de\/wp-json\/wp\/v2\/product_cat?post=117258"},{"taxonomy":"product_tag","embeddable":true,"href":"https:\/\/yasminfood.ch\/de\/wp-json\/wp\/v2\/product_tag?post=117258"}],"curies":[{"name":"wp","href":"https:\/\/api.w.org\/{rel}","templated":true}]}}