{"id":117284,"date":"2025-06-14T02:32:06","date_gmt":"2025-06-14T00:33:07","guid":{"rendered":"https:\/\/yasminfood.ch\/product\/aegyptischer-reis-baldo-1-kg-bashan\/"},"modified":"2025-06-20T00:47:55","modified_gmt":"2025-06-19T22:47:55","slug":"aegyptischer-reis-baldo-1-kg-bashan","status":"publish","type":"product","link":"https:\/\/yasminfood.ch\/de\/product\/aegyptischer-reis-baldo-1-kg-bashan\/","title":{"rendered":"\u00c4gyptischer Reis Baldo 1 Kg Bashan"},"content":{"rendered":"<p>\u00c4gyptischer Reis Baldo 1 Kg Bashan<\/p>\n<ul>\n<li>\n<p data-start=\"264\" data-end=\"424\">Hochwertiger Baldo-Reis, kurzfaserig und ideal f\u00fcr die Zubereitung von Mahshi, Pfefferreis, Koshari und orientalischen Reisgerichten. Ihre perfekte Wahl f\u00fcr zarte Textur und zusammenh\u00e4ngenden Geschmack.    <\/p>\n<\/li>\n<li>\n<p data-start=\"479\" data-end=\"693\">Die Lieblingssorte in der arabischen K\u00fcche, um die besten Gerichte zuzubereiten.<br data-start=\"588\" data-end=\"591\">Dieser Reis ist bekannt f\u00fcr seine kurzen, prallen K\u00f6rner, die Aromen perfekt aufnehmen und mit einer weichen Textur garen, ohne zu kneten. <\/p>\n<p data-start=\"695\" data-end=\"787\">Sorgf\u00e4ltig verpackt in einem 1-kg-Beutel, beh\u00e4lt es seine Qualit\u00e4t und Reinheit, um Ihnen bei jedem Kochen garantierte Ergebnisse zu liefern <\/p>\n<\/li>\n<li>\n<div class=\"_tableContainer_16hzy_1\">\n<div class=\"_tableWrapper_16hzy_14 group flex w-fit flex-col-reverse\">\n<table class=\"w-fit min-w-(--thread-content-width)\" data-start=\"789\" data-end=\"1043\">\n<thead data-start=\"789\" data-end=\"813\">\n<tr data-start=\"789\" data-end=\"813\">\n<th data-start=\"789\" data-end=\"801\" data-col-size=\"sm\">Leistungsbeschreibung<\/th>\n<th data-start=\"801\" data-end=\"813\" data-col-size=\"sm\">Details<\/th>\n<\/tr>\n<\/thead>\n<tbody data-start=\"841\" data-end=\"1043\">\n<tr data-start=\"841\" data-end=\"864\">\n<td data-start=\"841\" data-end=\"856\" data-col-size=\"sm\">Nettogewicht<\/td>\n<td data-col-size=\"sm\" data-start=\"856\" data-end=\"864\">ca. 1 kg<\/td>\n<\/tr>\n<tr data-start=\"865\" data-end=\"902\">\n<td data-start=\"865\" data-end=\"877\" data-col-size=\"sm\">Typ der Perle<\/td>\n<td data-col-size=\"sm\" data-start=\"877\" data-end=\"902\">Kurz \u2013 Baldo<\/td>\n<\/tr>\n<tr data-start=\"903\" data-end=\"956\">\n<td data-start=\"903\" data-end=\"922\" data-col-size=\"sm\">Texturen nach dem Kochen<\/td>\n<td data-col-size=\"sm\" data-start=\"922\" data-end=\"956\">Weich \u2013 gepfeffert, wenn es richtig eingestellt ist<\/td>\n<\/tr>\n<tr data-start=\"957\" data-end=\"994\">\n<td data-start=\"957\" data-end=\"976\" data-col-size=\"sm\">Branding<\/td>\n<td data-col-size=\"sm\" data-start=\"976\" data-end=\"994\">Ba\u015fhan<\/td>\n<\/tr>\n<tr data-start=\"995\" data-end=\"1043\">\n<td data-start=\"995\" data-end=\"1004\" data-col-size=\"sm\">Ursprung<\/td>\n<td data-col-size=\"sm\" data-start=\"1004\" data-end=\"1043\">T\u00fcrkei (importiertes und sorgf\u00e4ltig gewaschenes Getreide)<\/td>\n<\/tr>\n<\/tbody>\n<\/table>\n<div class=\"sticky end-(--thread-content-margin) h-0 self-end select-none\">\n<div class=\"absolute end-0 flex items-end\">\n<h3 data-start=\"1050\" data-end=\"1069\"><strong data-start=\"1056\" data-end=\"1069\">Funktionen:<\/strong><\/h3>\n<ul data-start=\"1071\" data-end=\"1271\">\n<li data-start=\"1071\" data-end=\"1181\">\n<p data-start=\"1073\" data-end=\"1086\">Ideal f\u00fcr die Zubereitung:<\/p>\n<ul data-start=\"1089\" data-end=\"1181\">\n<li data-start=\"1089\" data-end=\"1111\">\n<p data-start=\"1091\" data-end=\"1111\">Weinbl\u00e4tter und gef\u00fcllt<\/p>\n<\/li>\n<li data-start=\"1114\" data-end=\"1131\">\n<p data-start=\"1116\" data-end=\"1131\">\u00c4gyptisches Koshari<\/p>\n<\/li>\n<li data-start=\"1134\" data-end=\"1155\">\n<p data-start=\"1136\" data-end=\"1155\">Wei\u00dfer oder gepfefferter Reis<\/p>\n<\/li>\n<li data-start=\"1158\" data-end=\"1181\">\n<p data-start=\"1160\" data-end=\"1181\">Gekochte Gem\u00fcsegerichte<\/p>\n<\/li>\n<\/ul>\n<\/li>\n<li data-start=\"1183\" data-end=\"1209\">\n<p data-start=\"1185\" data-end=\"1209\">Ohne Konservierungsstoffe<\/p>\n<\/li>\n<li data-start=\"1210\" data-end=\"1238\">\n<p data-start=\"1212\" data-end=\"1238\">Einfach zu kochen und garantierte Ergebnisse<\/p>\n<\/li>\n<li data-start=\"1239\" data-end=\"1271\">\n<p data-start=\"1241\" data-end=\"1271\">T\u00fcrkische Qualit\u00e4t und hohe Verpackungsstandards<\/p>\n<\/li>\n<\/ul>\n<\/div>\n<\/div>\n<\/div>\n<\/div>\n<\/li>\n<\/ul>\n","protected":false},"excerpt":{"rendered":"<p class=\"ai-optimize-29 ai-optimize-introduction\">\u00c4gyptischer Reis Baldo 1 Kg Bashan<\/p>\n<ul>\n<li class=\"ai-optimize-30\">\n<p class=\"ai-optimize-31\" data-start=\"264\" data-end=\"424\">Hochwertiger Baldoreis, kurzfaserig <\/p>\n<\/li>\n<li class=\"ai-optimize-30\">\n<p class=\"ai-optimize-31\" data-start=\"264\" data-end=\"424\">Perfekt f\u00fcr die Zubereitung von Mahshi, Paprikareis, Koshari und orientalischen Reisgerichten. Ihre perfekte Wahl f\u00fcr zarte Textur und zusammenh\u00e4ngenden Geschmack.   <\/p>\n<\/li>\n<\/ul>\n","protected":false},"featured_media":117280,"comment_status":"open","ping_status":"closed","template":"","meta":[],"product_brand":[2335],"product_cat":[327,320],"product_tag":[2277],"class_list":{"0":"post-117284","1":"product","2":"type-product","3":"status-publish","4":"has-post-thumbnail","6":"product_brand-bashan-de","7":"product_cat-reis","8":"product_cat-reis-getreide","9":"product_tag-baldo-reis","11":"first","12":"instock","13":"taxable","14":"shipping-taxable","15":"purchasable","16":"product-type-simple"},"yoast_head":"<!-- This site is optimized with the Yoast SEO Premium plugin v26.5 (Yoast SEO v27.3) - https:\/\/yoast.com\/product\/yoast-seo-premium-wordpress\/ -->\n<title>\u00c4gyptischer Reis Baldo 1 Kg Bashan - Yasmin Food<\/title>\n<meta name=\"description\" content=\"Genie\u00dfen Sie die beste Qualit\u00e4t mit \u00e4gyptischem Baldo Reis 1 Kilo Bashan. Perfekt zum Kochen orientalischer Gerichte mit der besten Textur und dem besten Geschmack, holen Sie es sich jetzt! \u00c4gyptischer Reis Baldo 1 Kg Bashan\" \/>\n<meta name=\"robots\" content=\"index, follow, max-snippet:-1, max-image-preview:large, max-video-preview:-1\" \/>\n<link rel=\"canonical\" href=\"https:\/\/yasminfood.ch\/de\/product\/aegyptischer-reis-baldo-1-kg-bashan\/\" \/>\n<meta property=\"og:locale\" content=\"de_DE\" \/>\n<meta property=\"og:type\" content=\"article\" \/>\n<meta property=\"og:title\" content=\"\u00c4gyptischer Reis Baldo 1 Kg Bashan\" \/>\n<meta property=\"og:description\" content=\"\u00c4gyptischer Reis Baldo 1 Kg Bashan   Hochwertiger Baldoreis, kurzfaserig   Perfekt f\u00fcr die Zubereitung von Mahshi, Paprikareis, Koshari und orientalischen Reisgerichten. Ihre perfekte Wahl f\u00fcr zarte Textur und zusammenh\u00e4ngenden Geschmack.\" \/>\n<meta property=\"og:url\" content=\"https:\/\/yasminfood.ch\/de\/product\/aegyptischer-reis-baldo-1-kg-bashan\/\" \/>\n<meta property=\"og:site_name\" content=\"Yasmin Food\" \/>\n<meta property=\"article:publisher\" content=\"https:\/\/www.facebook.com\/yasminmarkt1\" \/>\n<meta property=\"article:modified_time\" content=\"2025-06-19T22:47:55+00:00\" \/>\n<meta property=\"og:image\" content=\"https:\/\/yasminfood.ch\/wp-content\/uploads\/2025\/06\/\u0631\u0632-\u0645\u0635\u0631\u064a-1-\u0643\u064a\u0644\u0648-\u0628\u0627\u0634\u0627\u0646.png\" \/>\n\t<meta property=\"og:image:width\" content=\"1080\" \/>\n\t<meta property=\"og:image:height\" content=\"1080\" \/>\n\t<meta property=\"og:image:type\" content=\"image\/png\" \/>\n<meta name=\"twitter:card\" content=\"summary_large_image\" \/>\n<meta name=\"twitter:label1\" content=\"Preis\" \/>\n\t<meta name=\"twitter:data1\" content=\"4.95&nbsp;&#067;&#072;&#070;\" \/>\n\t<meta name=\"twitter:label2\" content=\"Verf\u00fcgbarkeit\" \/>\n\t<meta name=\"twitter:data2\" content=\"Auf Lager\" \/>\n<script type=\"application\/ld+json\" class=\"yoast-schema-graph\">{\"@context\":\"https:\\\/\\\/schema.org\",\"@graph\":[{\"@type\":\"WebPage\",\"@id\":\"https:\\\/\\\/yasminfood.ch\\\/de\\\/product\\\/aegyptischer-reis-baldo-1-kg-bashan\\\/\",\"url\":\"https:\\\/\\\/yasminfood.ch\\\/de\\\/product\\\/aegyptischer-reis-baldo-1-kg-bashan\\\/\",\"name\":\"\u00c4gyptischer Reis Baldo 1 Kg Bashan - Yasmin Food\",\"isPartOf\":{\"@id\":\"https:\\\/\\\/yasminfood.ch\\\/de\\\/#website\"},\"primaryImageOfPage\":{\"@id\":\"https:\\\/\\\/yasminfood.ch\\\/de\\\/product\\\/aegyptischer-reis-baldo-1-kg-bashan\\\/#primaryimage\"},\"image\":{\"@id\":\"https:\\\/\\\/yasminfood.ch\\\/de\\\/product\\\/aegyptischer-reis-baldo-1-kg-bashan\\\/#primaryimage\"},\"thumbnailUrl\":\"https:\\\/\\\/yasminfood.ch\\\/wp-content\\\/uploads\\\/2025\\\/06\\\/\u0631\u0632-\u0645\u0635\u0631\u064a-1-\u0643\u064a\u0644\u0648-\u0628\u0627\u0634\u0627\u0646.png\",\"datePublished\":\"2025-06-14T00:33:07+00:00\",\"dateModified\":\"2025-06-19T22:47:55+00:00\",\"description\":\"Genie\u00dfen Sie die beste Qualit\u00e4t mit \u00e4gyptischem Baldo Reis 1 Kilo Bashan. Perfekt zum Kochen orientalischer Gerichte mit der besten Textur und dem besten Geschmack, holen Sie es sich jetzt! \u00c4gyptischer Reis Baldo 1 Kg Bashan\",\"breadcrumb\":{\"@id\":\"https:\\\/\\\/yasminfood.ch\\\/de\\\/product\\\/aegyptischer-reis-baldo-1-kg-bashan\\\/#breadcrumb\"},\"inLanguage\":\"de\",\"potentialAction\":[{\"@type\":\"ReadAction\",\"target\":[\"https:\\\/\\\/yasminfood.ch\\\/de\\\/product\\\/aegyptischer-reis-baldo-1-kg-bashan\\\/\"]}]},{\"@type\":\"ImageObject\",\"inLanguage\":\"de\",\"@id\":\"https:\\\/\\\/yasminfood.ch\\\/de\\\/product\\\/aegyptischer-reis-baldo-1-kg-bashan\\\/#primaryimage\",\"url\":\"https:\\\/\\\/yasminfood.ch\\\/wp-content\\\/uploads\\\/2025\\\/06\\\/\u0631\u0632-\u0645\u0635\u0631\u064a-1-\u0643\u064a\u0644\u0648-\u0628\u0627\u0634\u0627\u0646.png\",\"contentUrl\":\"https:\\\/\\\/yasminfood.ch\\\/wp-content\\\/uploads\\\/2025\\\/06\\\/\u0631\u0632-\u0645\u0635\u0631\u064a-1-\u0643\u064a\u0644\u0648-\u0628\u0627\u0634\u0627\u0646.png\",\"width\":1080,\"height\":1080,\"caption\":\"\u00c4gyptischer Reis Baldo 1 Kg Bashan\"},{\"@type\":\"BreadcrumbList\",\"@id\":\"https:\\\/\\\/yasminfood.ch\\\/de\\\/product\\\/aegyptischer-reis-baldo-1-kg-bashan\\\/#breadcrumb\",\"itemListElement\":[{\"@type\":\"ListItem\",\"position\":1,\"name\":\"\u0627\u0644\u0631\u0626\u064a\u0633\u064a\u0629\",\"item\":\"https:\\\/\\\/yasminfood.ch\\\/de\\\/zuhause\\\/\"},{\"@type\":\"ListItem\",\"position\":2,\"name\":\"Shop\",\"item\":\"https:\\\/\\\/yasminfood.ch\\\/de\\\/shop\\\/\"},{\"@type\":\"ListItem\",\"position\":3,\"name\":\"Reis &amp; Getreide\",\"item\":\"https:\\\/\\\/yasminfood.ch\\\/de\\\/produkt-kategorie\\\/reis-getreide\\\/\"},{\"@type\":\"ListItem\",\"position\":4,\"name\":\"\u00c4gyptischer Reis Baldo 1 Kg Bashan\"}]},{\"@type\":\"WebSite\",\"@id\":\"https:\\\/\\\/yasminfood.ch\\\/de\\\/#website\",\"url\":\"https:\\\/\\\/yasminfood.ch\\\/de\\\/\",\"name\":\"\u064a\u0627\u0633\u0645\u064a\u0646 \u0645\u0627\u0631\u0643\u062a\",\"description\":\"Alles, was Sie brauchen, an einem Ort\",\"publisher\":{\"@id\":\"https:\\\/\\\/yasminfood.ch\\\/de\\\/#organization\"},\"alternateName\":\"Yasmin Food\",\"potentialAction\":[{\"@type\":\"SearchAction\",\"target\":{\"@type\":\"EntryPoint\",\"urlTemplate\":\"https:\\\/\\\/yasminfood.ch\\\/de\\\/?s={search_term_string}\"},\"query-input\":{\"@type\":\"PropertyValueSpecification\",\"valueRequired\":true,\"valueName\":\"search_term_string\"}}],\"inLanguage\":\"de\"},{\"@type\":\"Organization\",\"@id\":\"https:\\\/\\\/yasminfood.ch\\\/de\\\/#organization\",\"name\":\"\u064a\u0627\u0633\u0645\u064a\u0646 \u0645\u0627\u0631\u0643\u062a\",\"alternateName\":\"Yasmin Food\",\"url\":\"https:\\\/\\\/yasminfood.ch\\\/de\\\/\",\"logo\":{\"@type\":\"ImageObject\",\"inLanguage\":\"de\",\"@id\":\"https:\\\/\\\/yasminfood.ch\\\/de\\\/#\\\/schema\\\/logo\\\/image\\\/\",\"url\":\"https:\\\/\\\/yasminfood.ch\\\/wp-content\\\/uploads\\\/2025\\\/05\\\/yasmin-food-header-logo.png\",\"contentUrl\":\"https:\\\/\\\/yasminfood.ch\\\/wp-content\\\/uploads\\\/2025\\\/05\\\/yasmin-food-header-logo.png\",\"width\":330,\"height\":120,\"caption\":\"\u064a\u0627\u0633\u0645\u064a\u0646 \u0645\u0627\u0631\u0643\u062a\"},\"image\":{\"@id\":\"https:\\\/\\\/yasminfood.ch\\\/de\\\/#\\\/schema\\\/logo\\\/image\\\/\"},\"sameAs\":[\"https:\\\/\\\/www.facebook.com\\\/yasminmarkt1\",\"https:\\\/\\\/www.tiktok.com\\\/@yasminmarkt\",\"https:\\\/\\\/www.instagram.com\\\/yasmin.markt1\\\/\",\"https:\\\/\\\/api.whatsapp.com\\\/send\\\/?phone=41799000104\"],\"publishingPrinciples\":\"https:\\\/\\\/yasminfood.ch\\\/de\\\/shop\\\/\",\"ownershipFundingInfo\":\"https:\\\/\\\/yasminfood.ch\\\/de\\\/shop\\\/\"}]}<\/script>\n<meta property=\"product:price:amount\" content=\"4.95\" \/>\n<meta property=\"product:price:currency\" content=\"CHF\" \/>\n<meta property=\"og:availability\" content=\"instock\" \/>\n<meta property=\"product:availability\" content=\"instock\" \/>\n<meta property=\"product:condition\" content=\"new\" \/>\n<!-- \/ Yoast SEO Premium plugin. -->","yoast_head_json":{"title":"\u00c4gyptischer Reis Baldo 1 Kg Bashan - Yasmin Food","description":"Genie\u00dfen Sie die beste Qualit\u00e4t mit \u00e4gyptischem Baldo Reis 1 Kilo Bashan. Perfekt zum Kochen orientalischer Gerichte mit der besten Textur und dem besten Geschmack, holen Sie es sich jetzt! \u00c4gyptischer Reis Baldo 1 Kg Bashan","robots":{"index":"index","follow":"follow","max-snippet":"max-snippet:-1","max-image-preview":"max-image-preview:large","max-video-preview":"max-video-preview:-1"},"canonical":"https:\/\/yasminfood.ch\/de\/product\/aegyptischer-reis-baldo-1-kg-bashan\/","og_locale":"de_DE","og_type":"article","og_title":"\u00c4gyptischer Reis Baldo 1 Kg Bashan","og_description":"\u00c4gyptischer Reis Baldo 1 Kg Bashan   Hochwertiger Baldoreis, kurzfaserig   Perfekt f\u00fcr die Zubereitung von Mahshi, Paprikareis, Koshari und orientalischen Reisgerichten. Ihre perfekte Wahl f\u00fcr zarte Textur und zusammenh\u00e4ngenden Geschmack.","og_url":"https:\/\/yasminfood.ch\/de\/product\/aegyptischer-reis-baldo-1-kg-bashan\/","og_site_name":"Yasmin Food","article_publisher":"https:\/\/www.facebook.com\/yasminmarkt1","article_modified_time":"2025-06-19T22:47:55+00:00","og_image":[{"width":1080,"height":1080,"url":"https:\/\/yasminfood.ch\/wp-content\/uploads\/2025\/06\/\u0631\u0632-\u0645\u0635\u0631\u064a-1-\u0643\u064a\u0644\u0648-\u0628\u0627\u0634\u0627\u0646.png","type":"image\/png"}],"twitter_card":"summary_large_image","twitter_misc":{"Preis":"4.95&nbsp;&#67;&#72;&#70;","Verf\u00fcgbarkeit":"Auf Lager"},"schema":{"@context":"https:\/\/schema.org","@graph":[{"@type":"WebPage","@id":"https:\/\/yasminfood.ch\/de\/product\/aegyptischer-reis-baldo-1-kg-bashan\/","url":"https:\/\/yasminfood.ch\/de\/product\/aegyptischer-reis-baldo-1-kg-bashan\/","name":"\u00c4gyptischer Reis Baldo 1 Kg Bashan - Yasmin Food","isPartOf":{"@id":"https:\/\/yasminfood.ch\/de\/#website"},"primaryImageOfPage":{"@id":"https:\/\/yasminfood.ch\/de\/product\/aegyptischer-reis-baldo-1-kg-bashan\/#primaryimage"},"image":{"@id":"https:\/\/yasminfood.ch\/de\/product\/aegyptischer-reis-baldo-1-kg-bashan\/#primaryimage"},"thumbnailUrl":"https:\/\/yasminfood.ch\/wp-content\/uploads\/2025\/06\/\u0631\u0632-\u0645\u0635\u0631\u064a-1-\u0643\u064a\u0644\u0648-\u0628\u0627\u0634\u0627\u0646.png","datePublished":"2025-06-14T00:33:07+00:00","dateModified":"2025-06-19T22:47:55+00:00","description":"Genie\u00dfen Sie die beste Qualit\u00e4t mit \u00e4gyptischem Baldo Reis 1 Kilo Bashan. Perfekt zum Kochen orientalischer Gerichte mit der besten Textur und dem besten Geschmack, holen Sie es sich jetzt! \u00c4gyptischer Reis Baldo 1 Kg Bashan","breadcrumb":{"@id":"https:\/\/yasminfood.ch\/de\/product\/aegyptischer-reis-baldo-1-kg-bashan\/#breadcrumb"},"inLanguage":"de","potentialAction":[{"@type":"ReadAction","target":["https:\/\/yasminfood.ch\/de\/product\/aegyptischer-reis-baldo-1-kg-bashan\/"]}]},{"@type":"ImageObject","inLanguage":"de","@id":"https:\/\/yasminfood.ch\/de\/product\/aegyptischer-reis-baldo-1-kg-bashan\/#primaryimage","url":"https:\/\/yasminfood.ch\/wp-content\/uploads\/2025\/06\/\u0631\u0632-\u0645\u0635\u0631\u064a-1-\u0643\u064a\u0644\u0648-\u0628\u0627\u0634\u0627\u0646.png","contentUrl":"https:\/\/yasminfood.ch\/wp-content\/uploads\/2025\/06\/\u0631\u0632-\u0645\u0635\u0631\u064a-1-\u0643\u064a\u0644\u0648-\u0628\u0627\u0634\u0627\u0646.png","width":1080,"height":1080,"caption":"\u00c4gyptischer Reis Baldo 1 Kg Bashan"},{"@type":"BreadcrumbList","@id":"https:\/\/yasminfood.ch\/de\/product\/aegyptischer-reis-baldo-1-kg-bashan\/#breadcrumb","itemListElement":[{"@type":"ListItem","position":1,"name":"\u0627\u0644\u0631\u0626\u064a\u0633\u064a\u0629","item":"https:\/\/yasminfood.ch\/de\/zuhause\/"},{"@type":"ListItem","position":2,"name":"Shop","item":"https:\/\/yasminfood.ch\/de\/shop\/"},{"@type":"ListItem","position":3,"name":"Reis &amp; Getreide","item":"https:\/\/yasminfood.ch\/de\/produkt-kategorie\/reis-getreide\/"},{"@type":"ListItem","position":4,"name":"\u00c4gyptischer Reis Baldo 1 Kg Bashan"}]},{"@type":"WebSite","@id":"https:\/\/yasminfood.ch\/de\/#website","url":"https:\/\/yasminfood.ch\/de\/","name":"\u064a\u0627\u0633\u0645\u064a\u0646 \u0645\u0627\u0631\u0643\u062a","description":"Alles, was Sie brauchen, an einem Ort","publisher":{"@id":"https:\/\/yasminfood.ch\/de\/#organization"},"alternateName":"Yasmin Food","potentialAction":[{"@type":"SearchAction","target":{"@type":"EntryPoint","urlTemplate":"https:\/\/yasminfood.ch\/de\/?s={search_term_string}"},"query-input":{"@type":"PropertyValueSpecification","valueRequired":true,"valueName":"search_term_string"}}],"inLanguage":"de"},{"@type":"Organization","@id":"https:\/\/yasminfood.ch\/de\/#organization","name":"\u064a\u0627\u0633\u0645\u064a\u0646 \u0645\u0627\u0631\u0643\u062a","alternateName":"Yasmin Food","url":"https:\/\/yasminfood.ch\/de\/","logo":{"@type":"ImageObject","inLanguage":"de","@id":"https:\/\/yasminfood.ch\/de\/#\/schema\/logo\/image\/","url":"https:\/\/yasminfood.ch\/wp-content\/uploads\/2025\/05\/yasmin-food-header-logo.png","contentUrl":"https:\/\/yasminfood.ch\/wp-content\/uploads\/2025\/05\/yasmin-food-header-logo.png","width":330,"height":120,"caption":"\u064a\u0627\u0633\u0645\u064a\u0646 \u0645\u0627\u0631\u0643\u062a"},"image":{"@id":"https:\/\/yasminfood.ch\/de\/#\/schema\/logo\/image\/"},"sameAs":["https:\/\/www.facebook.com\/yasminmarkt1","https:\/\/www.tiktok.com\/@yasminmarkt","https:\/\/www.instagram.com\/yasmin.markt1\/","https:\/\/api.whatsapp.com\/send\/?phone=41799000104"],"publishingPrinciples":"https:\/\/yasminfood.ch\/de\/shop\/","ownershipFundingInfo":"https:\/\/yasminfood.ch\/de\/shop\/"}]},"product_price_amount":"4.95","product_price_currency":"CHF","og_availability":"instock","product_availability":"instock","product_condition":"new"},"jetpack_sharing_enabled":true,"_links":{"self":[{"href":"https:\/\/yasminfood.ch\/de\/wp-json\/wp\/v2\/product\/117284","targetHints":{"allow":["GET"]}}],"collection":[{"href":"https:\/\/yasminfood.ch\/de\/wp-json\/wp\/v2\/product"}],"about":[{"href":"https:\/\/yasminfood.ch\/de\/wp-json\/wp\/v2\/types\/product"}],"replies":[{"embeddable":true,"href":"https:\/\/yasminfood.ch\/de\/wp-json\/wp\/v2\/comments?post=117284"}],"version-history":[{"count":0,"href":"https:\/\/yasminfood.ch\/de\/wp-json\/wp\/v2\/product\/117284\/revisions"}],"wp:featuredmedia":[{"embeddable":true,"href":"https:\/\/yasminfood.ch\/de\/wp-json\/wp\/v2\/media\/117280"}],"wp:attachment":[{"href":"https:\/\/yasminfood.ch\/de\/wp-json\/wp\/v2\/media?parent=117284"}],"wp:term":[{"taxonomy":"product_brand","embeddable":true,"href":"https:\/\/yasminfood.ch\/de\/wp-json\/wp\/v2\/product_brand?post=117284"},{"taxonomy":"product_cat","embeddable":true,"href":"https:\/\/yasminfood.ch\/de\/wp-json\/wp\/v2\/product_cat?post=117284"},{"taxonomy":"product_tag","embeddable":true,"href":"https:\/\/yasminfood.ch\/de\/wp-json\/wp\/v2\/product_tag?post=117284"}],"curies":[{"name":"wp","href":"https:\/\/api.w.org\/{rel}","templated":true}]}}