{"id":117299,"date":"2025-06-14T03:06:52","date_gmt":"2025-06-14T01:06:52","guid":{"rendered":"https:\/\/yasminfood.ch\/product\/mossul-gurken-950g-lara\/"},"modified":"2025-06-20T00:47:53","modified_gmt":"2025-06-19T22:47:53","slug":"mossul-gurken-950g-lara","status":"publish","type":"product","link":"https:\/\/yasminfood.ch\/de\/product\/mossul-gurken-950g-lara\/","title":{"rendered":"Mossul Gurken 950g Lara"},"content":{"rendered":"<p>Mossul Gurken 950g Lara<\/p>\n<ul>\n<li>Traditionelle Mossuler Gurken<\/li>\n<li>Nat\u00fcrliche Gurke, die aus sorgf\u00e4ltig ausgew\u00e4hltem Gem\u00fcse zubereitet und mit alten orientalischen Gew\u00fcrzen gew\u00fcrzt wird.<\/li>\n<li>Ein ausgewogener Geschmack zwischen S\u00e4ure und Salzgehalt, ideal f\u00fcr den orientalischen Tisch. <\/li>\n<li>\n<p data-start=\"485\" data-end=\"692\">Dieses Produkt zeichnet sich durch seine reiche Vielfalt an eingelegtem Gem\u00fcse wie Blumenkohl, Karotten, Gurken, Paprika und anderen mit einer traditionellen Gew\u00fcrzmischung aus, die einen unvergesslichen Geschmack verleiht. Tarshi wird auf traditionelle Weise auf authentische Weise in Mossul zubereitet und ist somit ein idealer Begleiter zu Reis, Grillgerichten und umgekehrten Gerichten.<\/p>\n<\/li>\n<li>\n<table>\n<thead data-start=\"846\" data-end=\"870\">\n<tr data-start=\"846\" data-end=\"870\">\n<th data-start=\"846\" data-end=\"858\" data-col-size=\"sm\">Leistungsbeschreibung<\/th>\n<th data-start=\"858\" data-end=\"870\" data-col-size=\"sm\">Details<\/th>\n<\/tr>\n<\/thead>\n<\/table>\n<div>\n<table>\n<tbody>\n<tr data-start=\"897\" data-end=\"924\">\n<td data-start=\"897\" data-end=\"912\" data-col-size=\"sm\">Nettogewicht<\/td>\n<td data-start=\"912\" data-end=\"924\" data-col-size=\"sm\">950 Gramm<\/td>\n<\/tr>\n<\/tbody>\n<\/table>\n<\/div>\n<div>\n<table>\n<tbody>\n<tr data-start=\"925\" data-end=\"959\">\n<td data-start=\"925\" data-end=\"933\" data-col-size=\"sm\">Genre<\/td>\n<td data-start=\"933\" data-end=\"959\" data-col-size=\"sm\">Mossul Pickles \u2013 gemischte Gurken<\/td>\n<\/tr>\n<\/tbody>\n<\/table>\n<\/div>\n<div>\n<table>\n<tbody>\n<tr data-start=\"960\" data-end=\"1014\">\n<td data-start=\"960\" data-end=\"971\" data-col-size=\"sm\">Zutaten<\/td>\n<td data-start=\"971\" data-end=\"1014\" data-col-size=\"sm\">Gem\u00fcse der Saison, Essig, Wasser, Salz, nat\u00fcrliche Gew\u00fcrze <\/td>\n<\/tr>\n<\/tbody>\n<\/table>\n<\/div>\n<\/li>\n<\/ul>\n","protected":false},"excerpt":{"rendered":"<p class=\"ai-optimize-26 ai-optimize-introduction\">Mossul Gurken 950g Lara<\/p>\n<ul>\n<li class=\"ai-optimize-29\">Traditionelle Mossuler Gurken<\/li>\n<li class=\"ai-optimize-29\">Nat\u00fcrliche Gurke, die aus sorgf\u00e4ltig ausgew\u00e4hltem Gem\u00fcse zubereitet und mit alten orientalischen Gew\u00fcrzen gew\u00fcrzt wird.<\/li>\n<li class=\"ai-optimize-29\">Ein ausgewogener Geschmack zwischen S\u00e4ure und Salzgehalt, ideal f\u00fcr den orientalischen Tisch. <\/li>\n<\/ul>\n","protected":false},"featured_media":117292,"comment_status":"open","ping_status":"closed","template":"","meta":[],"product_brand":[],"product_cat":[257,245],"product_tag":[2283,2282],"class_list":{"0":"post-117299","1":"product","2":"type-product","3":"status-publish","4":"has-post-thumbnail","6":"product_cat-eingelegtes-gemuse","7":"product_cat-konserven-lebensmittel","8":"product_tag-irakische-vorspeisen","9":"product_tag-mossul-gurken","11":"first","12":"instock","13":"taxable","14":"shipping-taxable","15":"purchasable","16":"product-type-simple"},"yoast_head":"<!-- This site is optimized with the Yoast SEO Premium plugin v26.5 (Yoast SEO v27.3) - https:\/\/yoast.com\/product\/yoast-seo-premium-wordpress\/ -->\n<title>Mossul Gurken 950g Lara - Yasmin Food<\/title>\n<meta name=\"description\" content=\"Genie\u00dfen Sie den Geschmack von Mossul Tarshi 950g Lara, sorgf\u00e4ltig zubereitet mit ausgew\u00e4hltem Gem\u00fcse und unverwechselbaren orientalischen Gew\u00fcrzen. Erleben Sie den traditionellen Geschmack noch heute! Yasmin Food\" \/>\n<meta name=\"robots\" content=\"index, follow, max-snippet:-1, max-image-preview:large, max-video-preview:-1\" \/>\n<link rel=\"canonical\" href=\"https:\/\/yasminfood.ch\/de\/product\/mossul-gurken-950g-lara\/\" \/>\n<meta property=\"og:locale\" content=\"de_DE\" \/>\n<meta property=\"og:type\" content=\"article\" \/>\n<meta property=\"og:title\" content=\"Mossul Gurken 950g Lara\" \/>\n<meta property=\"og:description\" content=\"Mossul Gurken 950g Lara   Traditionelle Mossuler Gurken  Nat\u00fcrliche Gurke, die aus sorgf\u00e4ltig ausgew\u00e4hltem Gem\u00fcse zubereitet und mit alten orientalischen Gew\u00fcrzen gew\u00fcrzt wird.  Ein ausgewogener Geschmack zwischen S\u00e4ure und Salzgehalt, ideal f\u00fcr den orientalischen Tisch.\" \/>\n<meta property=\"og:url\" content=\"https:\/\/yasminfood.ch\/de\/product\/mossul-gurken-950g-lara\/\" \/>\n<meta property=\"og:site_name\" content=\"Yasmin Food\" \/>\n<meta property=\"article:publisher\" content=\"https:\/\/www.facebook.com\/yasminmarkt1\" \/>\n<meta property=\"article:modified_time\" content=\"2025-06-19T22:47:53+00:00\" \/>\n<meta property=\"og:image\" content=\"https:\/\/yasminfood.ch\/wp-content\/uploads\/2025\/06\/\u0637\u0631\u0634\u064a-\u0627\u0644\u0645\u0648\u0635\u0644-\u0644\u0627\u0631\u0627-950\u063a.png\" \/>\n\t<meta property=\"og:image:width\" content=\"1080\" \/>\n\t<meta property=\"og:image:height\" content=\"1080\" \/>\n\t<meta property=\"og:image:type\" content=\"image\/png\" \/>\n<meta name=\"twitter:card\" content=\"summary_large_image\" \/>\n<meta name=\"twitter:label1\" content=\"Preis\" \/>\n\t<meta name=\"twitter:data1\" content=\"7.95&nbsp;&#067;&#072;&#070;\" \/>\n\t<meta name=\"twitter:label2\" content=\"Verf\u00fcgbarkeit\" \/>\n\t<meta name=\"twitter:data2\" content=\"Auf Lager\" \/>\n<script type=\"application\/ld+json\" class=\"yoast-schema-graph\">{\"@context\":\"https:\\\/\\\/schema.org\",\"@graph\":[{\"@type\":\"WebPage\",\"@id\":\"https:\\\/\\\/yasminfood.ch\\\/de\\\/product\\\/mossul-gurken-950g-lara\\\/\",\"url\":\"https:\\\/\\\/yasminfood.ch\\\/de\\\/product\\\/mossul-gurken-950g-lara\\\/\",\"name\":\"Mossul Gurken 950g Lara - Yasmin Food\",\"isPartOf\":{\"@id\":\"https:\\\/\\\/yasminfood.ch\\\/de\\\/#website\"},\"primaryImageOfPage\":{\"@id\":\"https:\\\/\\\/yasminfood.ch\\\/de\\\/product\\\/mossul-gurken-950g-lara\\\/#primaryimage\"},\"image\":{\"@id\":\"https:\\\/\\\/yasminfood.ch\\\/de\\\/product\\\/mossul-gurken-950g-lara\\\/#primaryimage\"},\"thumbnailUrl\":\"https:\\\/\\\/yasminfood.ch\\\/wp-content\\\/uploads\\\/2025\\\/06\\\/\u0637\u0631\u0634\u064a-\u0627\u0644\u0645\u0648\u0635\u0644-\u0644\u0627\u0631\u0627-950\u063a.png\",\"datePublished\":\"2025-06-14T01:06:52+00:00\",\"dateModified\":\"2025-06-19T22:47:53+00:00\",\"description\":\"Genie\u00dfen Sie den Geschmack von Mossul Tarshi 950g Lara, sorgf\u00e4ltig zubereitet mit ausgew\u00e4hltem Gem\u00fcse und unverwechselbaren orientalischen Gew\u00fcrzen. Erleben Sie den traditionellen Geschmack noch heute! Yasmin Food\",\"breadcrumb\":{\"@id\":\"https:\\\/\\\/yasminfood.ch\\\/de\\\/product\\\/mossul-gurken-950g-lara\\\/#breadcrumb\"},\"inLanguage\":\"de\",\"potentialAction\":[{\"@type\":\"ReadAction\",\"target\":[\"https:\\\/\\\/yasminfood.ch\\\/de\\\/product\\\/mossul-gurken-950g-lara\\\/\"]}]},{\"@type\":\"ImageObject\",\"inLanguage\":\"de\",\"@id\":\"https:\\\/\\\/yasminfood.ch\\\/de\\\/product\\\/mossul-gurken-950g-lara\\\/#primaryimage\",\"url\":\"https:\\\/\\\/yasminfood.ch\\\/wp-content\\\/uploads\\\/2025\\\/06\\\/\u0637\u0631\u0634\u064a-\u0627\u0644\u0645\u0648\u0635\u0644-\u0644\u0627\u0631\u0627-950\u063a.png\",\"contentUrl\":\"https:\\\/\\\/yasminfood.ch\\\/wp-content\\\/uploads\\\/2025\\\/06\\\/\u0637\u0631\u0634\u064a-\u0627\u0644\u0645\u0648\u0635\u0644-\u0644\u0627\u0631\u0627-950\u063a.png\",\"width\":1080,\"height\":1080,\"caption\":\"Mossul Gurken 950g Lara\"},{\"@type\":\"BreadcrumbList\",\"@id\":\"https:\\\/\\\/yasminfood.ch\\\/de\\\/product\\\/mossul-gurken-950g-lara\\\/#breadcrumb\",\"itemListElement\":[{\"@type\":\"ListItem\",\"position\":1,\"name\":\"\u0627\u0644\u0631\u0626\u064a\u0633\u064a\u0629\",\"item\":\"https:\\\/\\\/yasminfood.ch\\\/de\\\/zuhause\\\/\"},{\"@type\":\"ListItem\",\"position\":2,\"name\":\"Shop\",\"item\":\"https:\\\/\\\/yasminfood.ch\\\/de\\\/shop\\\/\"},{\"@type\":\"ListItem\",\"position\":3,\"name\":\"Konserven - Lebensmittel\",\"item\":\"https:\\\/\\\/yasminfood.ch\\\/de\\\/produkt-kategorie\\\/konserven-lebensmittel\\\/\"},{\"@type\":\"ListItem\",\"position\":4,\"name\":\"Eingelegtes Gem\u00fcse\",\"item\":\"https:\\\/\\\/yasminfood.ch\\\/de\\\/produkt-kategorie\\\/konserven-lebensmittel\\\/eingelegtes-gemuse\\\/\"},{\"@type\":\"ListItem\",\"position\":5,\"name\":\"Mossul Gurken 950g Lara\"}]},{\"@type\":\"WebSite\",\"@id\":\"https:\\\/\\\/yasminfood.ch\\\/de\\\/#website\",\"url\":\"https:\\\/\\\/yasminfood.ch\\\/de\\\/\",\"name\":\"\u064a\u0627\u0633\u0645\u064a\u0646 \u0645\u0627\u0631\u0643\u062a\",\"description\":\"Alles, was Sie brauchen, an einem Ort\",\"publisher\":{\"@id\":\"https:\\\/\\\/yasminfood.ch\\\/de\\\/#organization\"},\"alternateName\":\"Yasmin Food\",\"potentialAction\":[{\"@type\":\"SearchAction\",\"target\":{\"@type\":\"EntryPoint\",\"urlTemplate\":\"https:\\\/\\\/yasminfood.ch\\\/de\\\/?s={search_term_string}\"},\"query-input\":{\"@type\":\"PropertyValueSpecification\",\"valueRequired\":true,\"valueName\":\"search_term_string\"}}],\"inLanguage\":\"de\"},{\"@type\":\"Organization\",\"@id\":\"https:\\\/\\\/yasminfood.ch\\\/de\\\/#organization\",\"name\":\"\u064a\u0627\u0633\u0645\u064a\u0646 \u0645\u0627\u0631\u0643\u062a\",\"alternateName\":\"Yasmin Food\",\"url\":\"https:\\\/\\\/yasminfood.ch\\\/de\\\/\",\"logo\":{\"@type\":\"ImageObject\",\"inLanguage\":\"de\",\"@id\":\"https:\\\/\\\/yasminfood.ch\\\/de\\\/#\\\/schema\\\/logo\\\/image\\\/\",\"url\":\"https:\\\/\\\/yasminfood.ch\\\/wp-content\\\/uploads\\\/2025\\\/05\\\/yasmin-food-header-logo.png\",\"contentUrl\":\"https:\\\/\\\/yasminfood.ch\\\/wp-content\\\/uploads\\\/2025\\\/05\\\/yasmin-food-header-logo.png\",\"width\":330,\"height\":120,\"caption\":\"\u064a\u0627\u0633\u0645\u064a\u0646 \u0645\u0627\u0631\u0643\u062a\"},\"image\":{\"@id\":\"https:\\\/\\\/yasminfood.ch\\\/de\\\/#\\\/schema\\\/logo\\\/image\\\/\"},\"sameAs\":[\"https:\\\/\\\/www.facebook.com\\\/yasminmarkt1\",\"https:\\\/\\\/www.tiktok.com\\\/@yasminmarkt\",\"https:\\\/\\\/www.instagram.com\\\/yasmin.markt1\\\/\",\"https:\\\/\\\/api.whatsapp.com\\\/send\\\/?phone=41799000104\"],\"publishingPrinciples\":\"https:\\\/\\\/yasminfood.ch\\\/de\\\/shop\\\/\",\"ownershipFundingInfo\":\"https:\\\/\\\/yasminfood.ch\\\/de\\\/shop\\\/\"}]}<\/script>\n<meta property=\"product:price:amount\" content=\"7.95\" \/>\n<meta property=\"product:price:currency\" content=\"CHF\" \/>\n<meta property=\"og:availability\" content=\"instock\" \/>\n<meta property=\"product:availability\" content=\"instock\" \/>\n<meta property=\"product:condition\" content=\"new\" \/>\n<!-- \/ Yoast SEO Premium plugin. -->","yoast_head_json":{"title":"Mossul Gurken 950g Lara - Yasmin Food","description":"Genie\u00dfen Sie den Geschmack von Mossul Tarshi 950g Lara, sorgf\u00e4ltig zubereitet mit ausgew\u00e4hltem Gem\u00fcse und unverwechselbaren orientalischen Gew\u00fcrzen. Erleben Sie den traditionellen Geschmack noch heute! Yasmin Food","robots":{"index":"index","follow":"follow","max-snippet":"max-snippet:-1","max-image-preview":"max-image-preview:large","max-video-preview":"max-video-preview:-1"},"canonical":"https:\/\/yasminfood.ch\/de\/product\/mossul-gurken-950g-lara\/","og_locale":"de_DE","og_type":"article","og_title":"Mossul Gurken 950g Lara","og_description":"Mossul Gurken 950g Lara   Traditionelle Mossuler Gurken  Nat\u00fcrliche Gurke, die aus sorgf\u00e4ltig ausgew\u00e4hltem Gem\u00fcse zubereitet und mit alten orientalischen Gew\u00fcrzen gew\u00fcrzt wird.  Ein ausgewogener Geschmack zwischen S\u00e4ure und Salzgehalt, ideal f\u00fcr den orientalischen Tisch.","og_url":"https:\/\/yasminfood.ch\/de\/product\/mossul-gurken-950g-lara\/","og_site_name":"Yasmin Food","article_publisher":"https:\/\/www.facebook.com\/yasminmarkt1","article_modified_time":"2025-06-19T22:47:53+00:00","og_image":[{"width":1080,"height":1080,"url":"https:\/\/yasminfood.ch\/wp-content\/uploads\/2025\/06\/\u0637\u0631\u0634\u064a-\u0627\u0644\u0645\u0648\u0635\u0644-\u0644\u0627\u0631\u0627-950\u063a.png","type":"image\/png"}],"twitter_card":"summary_large_image","twitter_misc":{"Preis":"7.95&nbsp;&#67;&#72;&#70;","Verf\u00fcgbarkeit":"Auf Lager"},"schema":{"@context":"https:\/\/schema.org","@graph":[{"@type":"WebPage","@id":"https:\/\/yasminfood.ch\/de\/product\/mossul-gurken-950g-lara\/","url":"https:\/\/yasminfood.ch\/de\/product\/mossul-gurken-950g-lara\/","name":"Mossul Gurken 950g Lara - Yasmin Food","isPartOf":{"@id":"https:\/\/yasminfood.ch\/de\/#website"},"primaryImageOfPage":{"@id":"https:\/\/yasminfood.ch\/de\/product\/mossul-gurken-950g-lara\/#primaryimage"},"image":{"@id":"https:\/\/yasminfood.ch\/de\/product\/mossul-gurken-950g-lara\/#primaryimage"},"thumbnailUrl":"https:\/\/yasminfood.ch\/wp-content\/uploads\/2025\/06\/\u0637\u0631\u0634\u064a-\u0627\u0644\u0645\u0648\u0635\u0644-\u0644\u0627\u0631\u0627-950\u063a.png","datePublished":"2025-06-14T01:06:52+00:00","dateModified":"2025-06-19T22:47:53+00:00","description":"Genie\u00dfen Sie den Geschmack von Mossul Tarshi 950g Lara, sorgf\u00e4ltig zubereitet mit ausgew\u00e4hltem Gem\u00fcse und unverwechselbaren orientalischen Gew\u00fcrzen. Erleben Sie den traditionellen Geschmack noch heute! Yasmin Food","breadcrumb":{"@id":"https:\/\/yasminfood.ch\/de\/product\/mossul-gurken-950g-lara\/#breadcrumb"},"inLanguage":"de","potentialAction":[{"@type":"ReadAction","target":["https:\/\/yasminfood.ch\/de\/product\/mossul-gurken-950g-lara\/"]}]},{"@type":"ImageObject","inLanguage":"de","@id":"https:\/\/yasminfood.ch\/de\/product\/mossul-gurken-950g-lara\/#primaryimage","url":"https:\/\/yasminfood.ch\/wp-content\/uploads\/2025\/06\/\u0637\u0631\u0634\u064a-\u0627\u0644\u0645\u0648\u0635\u0644-\u0644\u0627\u0631\u0627-950\u063a.png","contentUrl":"https:\/\/yasminfood.ch\/wp-content\/uploads\/2025\/06\/\u0637\u0631\u0634\u064a-\u0627\u0644\u0645\u0648\u0635\u0644-\u0644\u0627\u0631\u0627-950\u063a.png","width":1080,"height":1080,"caption":"Mossul Gurken 950g Lara"},{"@type":"BreadcrumbList","@id":"https:\/\/yasminfood.ch\/de\/product\/mossul-gurken-950g-lara\/#breadcrumb","itemListElement":[{"@type":"ListItem","position":1,"name":"\u0627\u0644\u0631\u0626\u064a\u0633\u064a\u0629","item":"https:\/\/yasminfood.ch\/de\/zuhause\/"},{"@type":"ListItem","position":2,"name":"Shop","item":"https:\/\/yasminfood.ch\/de\/shop\/"},{"@type":"ListItem","position":3,"name":"Konserven - Lebensmittel","item":"https:\/\/yasminfood.ch\/de\/produkt-kategorie\/konserven-lebensmittel\/"},{"@type":"ListItem","position":4,"name":"Eingelegtes Gem\u00fcse","item":"https:\/\/yasminfood.ch\/de\/produkt-kategorie\/konserven-lebensmittel\/eingelegtes-gemuse\/"},{"@type":"ListItem","position":5,"name":"Mossul Gurken 950g Lara"}]},{"@type":"WebSite","@id":"https:\/\/yasminfood.ch\/de\/#website","url":"https:\/\/yasminfood.ch\/de\/","name":"\u064a\u0627\u0633\u0645\u064a\u0646 \u0645\u0627\u0631\u0643\u062a","description":"Alles, was Sie brauchen, an einem Ort","publisher":{"@id":"https:\/\/yasminfood.ch\/de\/#organization"},"alternateName":"Yasmin Food","potentialAction":[{"@type":"SearchAction","target":{"@type":"EntryPoint","urlTemplate":"https:\/\/yasminfood.ch\/de\/?s={search_term_string}"},"query-input":{"@type":"PropertyValueSpecification","valueRequired":true,"valueName":"search_term_string"}}],"inLanguage":"de"},{"@type":"Organization","@id":"https:\/\/yasminfood.ch\/de\/#organization","name":"\u064a\u0627\u0633\u0645\u064a\u0646 \u0645\u0627\u0631\u0643\u062a","alternateName":"Yasmin Food","url":"https:\/\/yasminfood.ch\/de\/","logo":{"@type":"ImageObject","inLanguage":"de","@id":"https:\/\/yasminfood.ch\/de\/#\/schema\/logo\/image\/","url":"https:\/\/yasminfood.ch\/wp-content\/uploads\/2025\/05\/yasmin-food-header-logo.png","contentUrl":"https:\/\/yasminfood.ch\/wp-content\/uploads\/2025\/05\/yasmin-food-header-logo.png","width":330,"height":120,"caption":"\u064a\u0627\u0633\u0645\u064a\u0646 \u0645\u0627\u0631\u0643\u062a"},"image":{"@id":"https:\/\/yasminfood.ch\/de\/#\/schema\/logo\/image\/"},"sameAs":["https:\/\/www.facebook.com\/yasminmarkt1","https:\/\/www.tiktok.com\/@yasminmarkt","https:\/\/www.instagram.com\/yasmin.markt1\/","https:\/\/api.whatsapp.com\/send\/?phone=41799000104"],"publishingPrinciples":"https:\/\/yasminfood.ch\/de\/shop\/","ownershipFundingInfo":"https:\/\/yasminfood.ch\/de\/shop\/"}]},"product_price_amount":"7.95","product_price_currency":"CHF","og_availability":"instock","product_availability":"instock","product_condition":"new"},"jetpack_sharing_enabled":true,"_links":{"self":[{"href":"https:\/\/yasminfood.ch\/de\/wp-json\/wp\/v2\/product\/117299","targetHints":{"allow":["GET"]}}],"collection":[{"href":"https:\/\/yasminfood.ch\/de\/wp-json\/wp\/v2\/product"}],"about":[{"href":"https:\/\/yasminfood.ch\/de\/wp-json\/wp\/v2\/types\/product"}],"replies":[{"embeddable":true,"href":"https:\/\/yasminfood.ch\/de\/wp-json\/wp\/v2\/comments?post=117299"}],"version-history":[{"count":0,"href":"https:\/\/yasminfood.ch\/de\/wp-json\/wp\/v2\/product\/117299\/revisions"}],"wp:featuredmedia":[{"embeddable":true,"href":"https:\/\/yasminfood.ch\/de\/wp-json\/wp\/v2\/media\/117292"}],"wp:attachment":[{"href":"https:\/\/yasminfood.ch\/de\/wp-json\/wp\/v2\/media?parent=117299"}],"wp:term":[{"taxonomy":"product_brand","embeddable":true,"href":"https:\/\/yasminfood.ch\/de\/wp-json\/wp\/v2\/product_brand?post=117299"},{"taxonomy":"product_cat","embeddable":true,"href":"https:\/\/yasminfood.ch\/de\/wp-json\/wp\/v2\/product_cat?post=117299"},{"taxonomy":"product_tag","embeddable":true,"href":"https:\/\/yasminfood.ch\/de\/wp-json\/wp\/v2\/product_tag?post=117299"}],"curies":[{"name":"wp","href":"https:\/\/api.w.org\/{rel}","templated":true}]}}