{"id":117340,"date":"2025-06-16T10:17:02","date_gmt":"2025-06-16T08:17:02","guid":{"rendered":"https:\/\/yasminfood.ch\/product\/maamoul-shamsin-510-g\/"},"modified":"2025-06-20T00:47:49","modified_gmt":"2025-06-19T22:47:49","slug":"maamoul-shamsin-510-g","status":"publish","type":"product","link":"https:\/\/yasminfood.ch\/de\/product\/maamoul-shamsin-510-g\/","title":{"rendered":"Maamoul Shamsin 510 g"},"content":{"rendered":"<p >Maamoul Shamsin 510 g<\/p>\n<ul>\n<li >\n<p  data-start=\"121\" data-end=\"251\">Luxuri\u00f6ses Maamoul gef\u00fcllt mit Datteln mit authentischem Geschmack und orientalischen Traditionen in jedem Bissen.<\/p>\n<\/li>\n<li >\n<p >Sorgf\u00e4ltig aus den besten Zutaten hergestellt und mit weichen und s\u00fc\u00dfen Datteln gef\u00fcllt, um Ihnen ein reichhaltiges Erlebnis und einen unvergesslichen traditionellen Geschmack zu bieten.<br \/>\nMaamoul by Shamsin ist eine ideale Wahl f\u00fcr die Gastfreundschaft an Feiertagen und Anl\u00e4ssen oder bei einer Tasse Kaffee in den Pausen.<\/p>\n<p >Funktionen:<\/p>\n<p >Gef\u00fcllt mit weichen Naturdatteln.<\/p>\n<p >Perfekte Frische und ausgewogener Geschmack.<\/p>\n<p >Keine k\u00fcnstlichen Konservierungsstoffe.<\/p>\n<p >Geeignet f\u00fcr Vegetarier.<\/p>\n<\/li>\n<li >\n<p >Gewicht: 510 g<br \/>\nHersteller: Shamsine<br \/>\nHerkunftsland: Libanon   <\/p>\n<p>&nbsp;<\/li>\n<\/ul>\n","protected":false},"excerpt":{"rendered":"<p class=\"ai-optimize-28 ai-optimize-introduction\">Maamoul Shamsin 510 g<\/p>\n<ul>\n<li class=\"ai-optimize-29\">\n<p class=\"ai-optimize-30\" data-start=\"121\" data-end=\"251\">Luxuri\u00f6ses Maamoul gef\u00fcllt mit Datteln, der authentische Geschmack und die orientalischen Traditionen in jedem Bissen<\/p>\n<\/li>\n<li class=\"ai-optimize-39\">Sorgf\u00e4ltig aus den besten Zutaten hergestellt und mit weichen und s\u00fc\u00dfen Datteln gef\u00fcllt, um Ihnen ein reichhaltiges Erlebnis und einen unvergesslichen traditionellen Geschmack zu bieten. <\/li>\n<\/ul>\n","protected":false},"featured_media":117337,"comment_status":"open","ping_status":"closed","template":"","meta":[],"product_brand":[2332],"product_cat":[301,298,297],"product_tag":[],"class_list":{"0":"post-117340","1":"product","2":"type-product","3":"status-publish","4":"has-post-thumbnail","6":"product_brand-chamsine-de","7":"product_cat-arabische-suessigkeiten","8":"product_cat-datteln","9":"product_cat-dessert-chips-2","11":"first","12":"outofstock","13":"taxable","14":"shipping-taxable","15":"purchasable","16":"product-type-simple"},"yoast_head":"<!-- This site is optimized with the Yoast SEO Premium plugin v26.5 (Yoast SEO v27.4) - https:\/\/yoast.com\/product\/yoast-seo-premium-wordpress\/ -->\n<title>Maamoul Shamsin 510 g - Yasmin Food<\/title>\n<meta name=\"description\" content=\"Genie\u00dfen Sie einen unvergesslichen traditionellen Geschmack mit Maamoul Shamsin 510g, gef\u00fcllt mit feinen Datteln. Perfekt f\u00fcr die Gastfreundschaft oder zum Kaffee. Jetzt bestellen! Yasmin Food\" \/>\n<meta name=\"robots\" content=\"index, follow, max-snippet:-1, max-image-preview:large, max-video-preview:-1\" \/>\n<link rel=\"canonical\" href=\"https:\/\/yasminfood.ch\/de\/product\/maamoul-shamsin-510-g\/\" \/>\n<meta property=\"og:locale\" content=\"de_DE\" \/>\n<meta property=\"og:type\" content=\"article\" \/>\n<meta property=\"og:title\" content=\"Maamoul Shamsin 510 g\" \/>\n<meta property=\"og:description\" content=\"Maamoul Shamsin 510 g   Luxuri\u00f6ses Maamoul gef\u00fcllt mit Datteln, der authentische Geschmack und die orientalischen Traditionen in jedem Bissen  Sorgf\u00e4ltig aus den besten Zutaten hergestellt und mit weichen und s\u00fc\u00dfen Datteln gef\u00fcllt, um Ihnen ein reichhaltiges Erlebnis und einen unvergesslichen traditionellen Geschmack zu bieten.\" \/>\n<meta property=\"og:url\" content=\"https:\/\/yasminfood.ch\/de\/product\/maamoul-shamsin-510-g\/\" \/>\n<meta property=\"og:site_name\" content=\"Yasmin Food\" \/>\n<meta property=\"article:publisher\" content=\"https:\/\/www.facebook.com\/yasminmarkt1\" \/>\n<meta property=\"article:modified_time\" content=\"2025-06-19T22:47:49+00:00\" \/>\n<meta property=\"og:image\" content=\"https:\/\/yasminfood.ch\/wp-content\/uploads\/2025\/06\/\u0645\u0639\u0645\u0648\u0644-\u0634\u0645\u0633\u064a\u0646-510-\u063a.png\" \/>\n\t<meta property=\"og:image:width\" content=\"1080\" \/>\n\t<meta property=\"og:image:height\" content=\"1080\" \/>\n\t<meta property=\"og:image:type\" content=\"image\/png\" \/>\n<meta name=\"twitter:card\" content=\"summary_large_image\" \/>\n<meta name=\"twitter:label1\" content=\"Preis\" \/>\n\t<meta name=\"twitter:data1\" content=\"9.95&nbsp;&#067;&#072;&#070;\" \/>\n\t<meta name=\"twitter:label2\" content=\"Verf\u00fcgbarkeit\" \/>\n\t<meta name=\"twitter:data2\" content=\"ausverkauft\" \/>\n<script type=\"application\/ld+json\" class=\"yoast-schema-graph\">{\"@context\":\"https:\\\/\\\/schema.org\",\"@graph\":[{\"@type\":\"WebPage\",\"@id\":\"https:\\\/\\\/yasminfood.ch\\\/de\\\/product\\\/maamoul-shamsin-510-g\\\/\",\"url\":\"https:\\\/\\\/yasminfood.ch\\\/de\\\/product\\\/maamoul-shamsin-510-g\\\/\",\"name\":\"Maamoul Shamsin 510 g - Yasmin Food\",\"isPartOf\":{\"@id\":\"https:\\\/\\\/yasminfood.ch\\\/de\\\/#website\"},\"primaryImageOfPage\":{\"@id\":\"https:\\\/\\\/yasminfood.ch\\\/de\\\/product\\\/maamoul-shamsin-510-g\\\/#primaryimage\"},\"image\":{\"@id\":\"https:\\\/\\\/yasminfood.ch\\\/de\\\/product\\\/maamoul-shamsin-510-g\\\/#primaryimage\"},\"thumbnailUrl\":\"https:\\\/\\\/yasminfood.ch\\\/wp-content\\\/uploads\\\/2025\\\/06\\\/\u0645\u0639\u0645\u0648\u0644-\u0634\u0645\u0633\u064a\u0646-510-\u063a.png\",\"datePublished\":\"2025-06-16T08:17:02+00:00\",\"dateModified\":\"2025-06-19T22:47:49+00:00\",\"description\":\"Genie\u00dfen Sie einen unvergesslichen traditionellen Geschmack mit Maamoul Shamsin 510g, gef\u00fcllt mit feinen Datteln. Perfekt f\u00fcr die Gastfreundschaft oder zum Kaffee. Jetzt bestellen! Yasmin Food\",\"breadcrumb\":{\"@id\":\"https:\\\/\\\/yasminfood.ch\\\/de\\\/product\\\/maamoul-shamsin-510-g\\\/#breadcrumb\"},\"inLanguage\":\"de\",\"potentialAction\":[{\"@type\":\"ReadAction\",\"target\":[\"https:\\\/\\\/yasminfood.ch\\\/de\\\/product\\\/maamoul-shamsin-510-g\\\/\"]}]},{\"@type\":\"ImageObject\",\"inLanguage\":\"de\",\"@id\":\"https:\\\/\\\/yasminfood.ch\\\/de\\\/product\\\/maamoul-shamsin-510-g\\\/#primaryimage\",\"url\":\"https:\\\/\\\/yasminfood.ch\\\/wp-content\\\/uploads\\\/2025\\\/06\\\/\u0645\u0639\u0645\u0648\u0644-\u0634\u0645\u0633\u064a\u0646-510-\u063a.png\",\"contentUrl\":\"https:\\\/\\\/yasminfood.ch\\\/wp-content\\\/uploads\\\/2025\\\/06\\\/\u0645\u0639\u0645\u0648\u0644-\u0634\u0645\u0633\u064a\u0646-510-\u063a.png\",\"width\":1080,\"height\":1080,\"caption\":\"Maamoul Shamsin 510 g\"},{\"@type\":\"BreadcrumbList\",\"@id\":\"https:\\\/\\\/yasminfood.ch\\\/de\\\/product\\\/maamoul-shamsin-510-g\\\/#breadcrumb\",\"itemListElement\":[{\"@type\":\"ListItem\",\"position\":1,\"name\":\"\u0627\u0644\u0631\u0626\u064a\u0633\u064a\u0629\",\"item\":\"https:\\\/\\\/yasminfood.ch\\\/de\\\/zuhause\\\/\"},{\"@type\":\"ListItem\",\"position\":2,\"name\":\"Shop\",\"item\":\"https:\\\/\\\/yasminfood.ch\\\/de\\\/shop\\\/\"},{\"@type\":\"ListItem\",\"position\":3,\"name\":\"Dessert &amp; Chips\",\"item\":\"https:\\\/\\\/yasminfood.ch\\\/de\\\/produkt-kategorie\\\/dessert-chips-2\\\/\"},{\"@type\":\"ListItem\",\"position\":4,\"name\":\"Arabische s\u00fc\u00dfigkeiten\",\"item\":\"https:\\\/\\\/yasminfood.ch\\\/de\\\/produkt-kategorie\\\/dessert-chips-2\\\/arabische-suessigkeiten\\\/\"},{\"@type\":\"ListItem\",\"position\":5,\"name\":\"Maamoul Shamsin 510 g\"}]},{\"@type\":\"WebSite\",\"@id\":\"https:\\\/\\\/yasminfood.ch\\\/de\\\/#website\",\"url\":\"https:\\\/\\\/yasminfood.ch\\\/de\\\/\",\"name\":\"\u064a\u0627\u0633\u0645\u064a\u0646 \u0645\u0627\u0631\u0643\u062a\",\"description\":\"Alles, was Sie brauchen, an einem Ort\",\"publisher\":{\"@id\":\"https:\\\/\\\/yasminfood.ch\\\/de\\\/#organization\"},\"alternateName\":\"Yasmin Food\",\"potentialAction\":[{\"@type\":\"SearchAction\",\"target\":{\"@type\":\"EntryPoint\",\"urlTemplate\":\"https:\\\/\\\/yasminfood.ch\\\/de\\\/?s={search_term_string}\"},\"query-input\":{\"@type\":\"PropertyValueSpecification\",\"valueRequired\":true,\"valueName\":\"search_term_string\"}}],\"inLanguage\":\"de\"},{\"@type\":\"Organization\",\"@id\":\"https:\\\/\\\/yasminfood.ch\\\/de\\\/#organization\",\"name\":\"\u064a\u0627\u0633\u0645\u064a\u0646 \u0645\u0627\u0631\u0643\u062a\",\"alternateName\":\"Yasmin Food\",\"url\":\"https:\\\/\\\/yasminfood.ch\\\/de\\\/\",\"logo\":{\"@type\":\"ImageObject\",\"inLanguage\":\"de\",\"@id\":\"https:\\\/\\\/yasminfood.ch\\\/de\\\/#\\\/schema\\\/logo\\\/image\\\/\",\"url\":\"https:\\\/\\\/yasminfood.ch\\\/wp-content\\\/uploads\\\/2025\\\/05\\\/yasmin-food-header-logo.png\",\"contentUrl\":\"https:\\\/\\\/yasminfood.ch\\\/wp-content\\\/uploads\\\/2025\\\/05\\\/yasmin-food-header-logo.png\",\"width\":330,\"height\":120,\"caption\":\"\u064a\u0627\u0633\u0645\u064a\u0646 \u0645\u0627\u0631\u0643\u062a\"},\"image\":{\"@id\":\"https:\\\/\\\/yasminfood.ch\\\/de\\\/#\\\/schema\\\/logo\\\/image\\\/\"},\"sameAs\":[\"https:\\\/\\\/www.facebook.com\\\/yasminmarkt1\",\"https:\\\/\\\/www.tiktok.com\\\/@yasminmarkt\",\"https:\\\/\\\/www.instagram.com\\\/yasmin.markt1\\\/\",\"https:\\\/\\\/api.whatsapp.com\\\/send\\\/?phone=41799000104\"],\"publishingPrinciples\":\"https:\\\/\\\/yasminfood.ch\\\/de\\\/shop\\\/\",\"ownershipFundingInfo\":\"https:\\\/\\\/yasminfood.ch\\\/de\\\/shop\\\/\"}]}<\/script>\n<meta property=\"product:price:amount\" content=\"9.95\" \/>\n<meta property=\"product:price:currency\" content=\"CHF\" \/>\n<meta property=\"og:availability\" content=\"out of stock\" \/>\n<meta property=\"product:availability\" content=\"out of stock\" \/>\n<meta property=\"product:condition\" content=\"new\" \/>\n<!-- \/ Yoast SEO Premium plugin. -->","yoast_head_json":{"title":"Maamoul Shamsin 510 g - Yasmin Food","description":"Genie\u00dfen Sie einen unvergesslichen traditionellen Geschmack mit Maamoul Shamsin 510g, gef\u00fcllt mit feinen Datteln. Perfekt f\u00fcr die Gastfreundschaft oder zum Kaffee. Jetzt bestellen! Yasmin Food","robots":{"index":"index","follow":"follow","max-snippet":"max-snippet:-1","max-image-preview":"max-image-preview:large","max-video-preview":"max-video-preview:-1"},"canonical":"https:\/\/yasminfood.ch\/de\/product\/maamoul-shamsin-510-g\/","og_locale":"de_DE","og_type":"article","og_title":"Maamoul Shamsin 510 g","og_description":"Maamoul Shamsin 510 g   Luxuri\u00f6ses Maamoul gef\u00fcllt mit Datteln, der authentische Geschmack und die orientalischen Traditionen in jedem Bissen  Sorgf\u00e4ltig aus den besten Zutaten hergestellt und mit weichen und s\u00fc\u00dfen Datteln gef\u00fcllt, um Ihnen ein reichhaltiges Erlebnis und einen unvergesslichen traditionellen Geschmack zu bieten.","og_url":"https:\/\/yasminfood.ch\/de\/product\/maamoul-shamsin-510-g\/","og_site_name":"Yasmin Food","article_publisher":"https:\/\/www.facebook.com\/yasminmarkt1","article_modified_time":"2025-06-19T22:47:49+00:00","og_image":[{"width":1080,"height":1080,"url":"https:\/\/yasminfood.ch\/wp-content\/uploads\/2025\/06\/\u0645\u0639\u0645\u0648\u0644-\u0634\u0645\u0633\u064a\u0646-510-\u063a.png","type":"image\/png"}],"twitter_card":"summary_large_image","twitter_misc":{"Preis":"9.95&nbsp;&#67;&#72;&#70;","Verf\u00fcgbarkeit":"ausverkauft"},"schema":{"@context":"https:\/\/schema.org","@graph":[{"@type":"WebPage","@id":"https:\/\/yasminfood.ch\/de\/product\/maamoul-shamsin-510-g\/","url":"https:\/\/yasminfood.ch\/de\/product\/maamoul-shamsin-510-g\/","name":"Maamoul Shamsin 510 g - Yasmin Food","isPartOf":{"@id":"https:\/\/yasminfood.ch\/de\/#website"},"primaryImageOfPage":{"@id":"https:\/\/yasminfood.ch\/de\/product\/maamoul-shamsin-510-g\/#primaryimage"},"image":{"@id":"https:\/\/yasminfood.ch\/de\/product\/maamoul-shamsin-510-g\/#primaryimage"},"thumbnailUrl":"https:\/\/yasminfood.ch\/wp-content\/uploads\/2025\/06\/\u0645\u0639\u0645\u0648\u0644-\u0634\u0645\u0633\u064a\u0646-510-\u063a.png","datePublished":"2025-06-16T08:17:02+00:00","dateModified":"2025-06-19T22:47:49+00:00","description":"Genie\u00dfen Sie einen unvergesslichen traditionellen Geschmack mit Maamoul Shamsin 510g, gef\u00fcllt mit feinen Datteln. Perfekt f\u00fcr die Gastfreundschaft oder zum Kaffee. Jetzt bestellen! Yasmin Food","breadcrumb":{"@id":"https:\/\/yasminfood.ch\/de\/product\/maamoul-shamsin-510-g\/#breadcrumb"},"inLanguage":"de","potentialAction":[{"@type":"ReadAction","target":["https:\/\/yasminfood.ch\/de\/product\/maamoul-shamsin-510-g\/"]}]},{"@type":"ImageObject","inLanguage":"de","@id":"https:\/\/yasminfood.ch\/de\/product\/maamoul-shamsin-510-g\/#primaryimage","url":"https:\/\/yasminfood.ch\/wp-content\/uploads\/2025\/06\/\u0645\u0639\u0645\u0648\u0644-\u0634\u0645\u0633\u064a\u0646-510-\u063a.png","contentUrl":"https:\/\/yasminfood.ch\/wp-content\/uploads\/2025\/06\/\u0645\u0639\u0645\u0648\u0644-\u0634\u0645\u0633\u064a\u0646-510-\u063a.png","width":1080,"height":1080,"caption":"Maamoul Shamsin 510 g"},{"@type":"BreadcrumbList","@id":"https:\/\/yasminfood.ch\/de\/product\/maamoul-shamsin-510-g\/#breadcrumb","itemListElement":[{"@type":"ListItem","position":1,"name":"\u0627\u0644\u0631\u0626\u064a\u0633\u064a\u0629","item":"https:\/\/yasminfood.ch\/de\/zuhause\/"},{"@type":"ListItem","position":2,"name":"Shop","item":"https:\/\/yasminfood.ch\/de\/shop\/"},{"@type":"ListItem","position":3,"name":"Dessert &amp; Chips","item":"https:\/\/yasminfood.ch\/de\/produkt-kategorie\/dessert-chips-2\/"},{"@type":"ListItem","position":4,"name":"Arabische s\u00fc\u00dfigkeiten","item":"https:\/\/yasminfood.ch\/de\/produkt-kategorie\/dessert-chips-2\/arabische-suessigkeiten\/"},{"@type":"ListItem","position":5,"name":"Maamoul Shamsin 510 g"}]},{"@type":"WebSite","@id":"https:\/\/yasminfood.ch\/de\/#website","url":"https:\/\/yasminfood.ch\/de\/","name":"\u064a\u0627\u0633\u0645\u064a\u0646 \u0645\u0627\u0631\u0643\u062a","description":"Alles, was Sie brauchen, an einem Ort","publisher":{"@id":"https:\/\/yasminfood.ch\/de\/#organization"},"alternateName":"Yasmin Food","potentialAction":[{"@type":"SearchAction","target":{"@type":"EntryPoint","urlTemplate":"https:\/\/yasminfood.ch\/de\/?s={search_term_string}"},"query-input":{"@type":"PropertyValueSpecification","valueRequired":true,"valueName":"search_term_string"}}],"inLanguage":"de"},{"@type":"Organization","@id":"https:\/\/yasminfood.ch\/de\/#organization","name":"\u064a\u0627\u0633\u0645\u064a\u0646 \u0645\u0627\u0631\u0643\u062a","alternateName":"Yasmin Food","url":"https:\/\/yasminfood.ch\/de\/","logo":{"@type":"ImageObject","inLanguage":"de","@id":"https:\/\/yasminfood.ch\/de\/#\/schema\/logo\/image\/","url":"https:\/\/yasminfood.ch\/wp-content\/uploads\/2025\/05\/yasmin-food-header-logo.png","contentUrl":"https:\/\/yasminfood.ch\/wp-content\/uploads\/2025\/05\/yasmin-food-header-logo.png","width":330,"height":120,"caption":"\u064a\u0627\u0633\u0645\u064a\u0646 \u0645\u0627\u0631\u0643\u062a"},"image":{"@id":"https:\/\/yasminfood.ch\/de\/#\/schema\/logo\/image\/"},"sameAs":["https:\/\/www.facebook.com\/yasminmarkt1","https:\/\/www.tiktok.com\/@yasminmarkt","https:\/\/www.instagram.com\/yasmin.markt1\/","https:\/\/api.whatsapp.com\/send\/?phone=41799000104"],"publishingPrinciples":"https:\/\/yasminfood.ch\/de\/shop\/","ownershipFundingInfo":"https:\/\/yasminfood.ch\/de\/shop\/"}]},"product_price_amount":"9.95","product_price_currency":"CHF","og_availability":"out of stock","product_availability":"out of stock","product_condition":"new"},"jetpack_sharing_enabled":true,"_links":{"self":[{"href":"https:\/\/yasminfood.ch\/de\/wp-json\/wp\/v2\/product\/117340","targetHints":{"allow":["GET"]}}],"collection":[{"href":"https:\/\/yasminfood.ch\/de\/wp-json\/wp\/v2\/product"}],"about":[{"href":"https:\/\/yasminfood.ch\/de\/wp-json\/wp\/v2\/types\/product"}],"replies":[{"embeddable":true,"href":"https:\/\/yasminfood.ch\/de\/wp-json\/wp\/v2\/comments?post=117340"}],"version-history":[{"count":0,"href":"https:\/\/yasminfood.ch\/de\/wp-json\/wp\/v2\/product\/117340\/revisions"}],"wp:featuredmedia":[{"embeddable":true,"href":"https:\/\/yasminfood.ch\/de\/wp-json\/wp\/v2\/media\/117337"}],"wp:attachment":[{"href":"https:\/\/yasminfood.ch\/de\/wp-json\/wp\/v2\/media?parent=117340"}],"wp:term":[{"taxonomy":"product_brand","embeddable":true,"href":"https:\/\/yasminfood.ch\/de\/wp-json\/wp\/v2\/product_brand?post=117340"},{"taxonomy":"product_cat","embeddable":true,"href":"https:\/\/yasminfood.ch\/de\/wp-json\/wp\/v2\/product_cat?post=117340"},{"taxonomy":"product_tag","embeddable":true,"href":"https:\/\/yasminfood.ch\/de\/wp-json\/wp\/v2\/product_tag?post=117340"}],"curies":[{"name":"wp","href":"https:\/\/api.w.org\/{rel}","templated":true}]}}