{"id":117502,"date":"2025-06-19T13:14:30","date_gmt":"2025-06-19T11:14:30","guid":{"rendered":"https:\/\/yasminfood.ch\/product\/erdbeermarmelade-900-g-shamsin\/"},"modified":"2025-06-20T00:47:14","modified_gmt":"2025-06-19T22:47:14","slug":"erdbeermarmelade-900-g-shamsin","status":"publish","type":"product","link":"https:\/\/yasminfood.ch\/de\/product\/erdbeermarmelade-900-g-shamsin\/","title":{"rendered":"Erdbeermarmelade 900 g Shamsin"},"content":{"rendered":"<p><strong>Erdbeermarmelade 900 g Shamsin<\/strong><\/p>\n<p>Angereichert mit echten Erdbeeren und einer fettperfekten Textur macht es Ihr Fr\u00fchst\u00fcck zu einem Moment des reinen Genusses. <\/p>\n<p data-start=\"340\" data-end=\"642\">Eine der feinsten nat\u00fcrlichen Erdbeeren, schonend mit Zucker gekocht<br data-start=\"468\" data-end=\"471\">Diese Konfit\u00fcre zeichnet sich durch ihre attraktive rote Farbe, ihr duftendes Aroma und ihre koh\u00e4sive Textur aus.  <\/p>\n<p data-start=\"340\" data-end=\"642\">Dies macht es zu einer idealen Wahl als Aufstrich auf Brot oder Toast oder als k\u00f6stliche Erg\u00e4nzung in Desserts, Kuchen oder zu Joghurt.  <\/p>\n<p data-start=\"644\" data-end=\"723\"><strong data-start=\"644\" data-end=\"723\">Der reichhaltige Geschmack von Erdbeeren macht jeden L\u00f6ffel zu einem Moment des Gl\u00fccks, egal ob zum Fr\u00fchst\u00fcck oder zum Dessert. <\/strong><\/p>\n<p data-start=\"730\" data-end=\"744\"><strong data-start=\"730\" data-end=\"744\">\u2705 Funktionen:<\/strong><\/p>\n<ul data-start=\"745\" data-end=\"906\">\n<li data-start=\"745\" data-end=\"776\">\n<p data-start=\"747\" data-end=\"776\">Hergestellt aus 100% nat\u00fcrlichen Erdbeeren<\/p>\n<\/li>\n<li data-start=\"777\" data-end=\"821\">\n<p data-start=\"779\" data-end=\"821\">Frei von Konservierungsstoffen und k\u00fcnstlichen Farbstoffen<\/p>\n<\/li>\n<li data-start=\"822\" data-end=\"859\">\n<p data-start=\"824\" data-end=\"859\">Gro\u00dfe Familienpackung (900g)<\/p>\n<\/li>\n<li data-start=\"860\" data-end=\"886\">\n<p data-start=\"862\" data-end=\"886\">Perfekte Textur und aromatischer Geschmack<\/p>\n<\/li>\n<li data-start=\"887\" data-end=\"906\">\n<p data-start=\"889\" data-end=\"906\">F\u00fcr Vegetarier Geeignet<\/p>\n<\/li>\n<\/ul>\n","protected":false},"excerpt":{"rendered":"<p class=\"ai-optimize-26 ai-optimize-introduction\"><strong>Erdbeermarmelade 900 g Shamsin<\/strong><\/p>\n<p class=\"ai-optimize-29\">Angereichert mit echten Erdbeeren und einer fettperfekten Textur macht es Ihr Fr\u00fchst\u00fcck zu einem Moment des reinen Genusses. <\/p>\n<p class=\"ai-optimize-30\" data-start=\"340\" data-end=\"642\">\n","protected":false},"featured_media":117449,"comment_status":"open","ping_status":"closed","template":"","meta":[],"product_brand":[],"product_cat":[245,258],"product_tag":[],"class_list":{"0":"post-117502","1":"product","2":"type-product","3":"status-publish","4":"has-post-thumbnail","6":"product_cat-konserven-lebensmittel","7":"product_cat-marmelade-und-honig","9":"first","10":"instock","11":"taxable","12":"shipping-taxable","13":"purchasable","14":"product-type-simple"},"yoast_head":"<!-- This site is optimized with the Yoast SEO Premium plugin v26.5 (Yoast SEO v27.4) - https:\/\/yoast.com\/product\/yoast-seo-premium-wordpress\/ -->\n<title>Erdbeermarmelade 900 g Shamsin - Yasmin Food<\/title>\n<meta name=\"description\" content=\"Genie\u00dfen Sie tolle Fr\u00fchst\u00fccksmomente mit Shamsin Erdbeermarmelade 900 g, hergestellt aus nat\u00fcrlichen Erdbeeren. Kommen Sie und probieren Sie noch heute den charakteristischen Geschmack! Yasmin Food\" \/>\n<meta name=\"robots\" content=\"index, follow, max-snippet:-1, max-image-preview:large, max-video-preview:-1\" \/>\n<link rel=\"canonical\" href=\"https:\/\/yasminfood.ch\/de\/product\/erdbeermarmelade-900-g-shamsin\/\" \/>\n<meta property=\"og:locale\" content=\"de_DE\" \/>\n<meta property=\"og:type\" content=\"article\" \/>\n<meta property=\"og:title\" content=\"Erdbeermarmelade 900 g Shamsin\" \/>\n<meta property=\"og:description\" content=\"Erdbeermarmelade 900 g Shamsin Angereichert mit echten Erdbeeren und einer fettperfekten Textur macht es Ihr Fr\u00fchst\u00fcck zu einem Moment des reinen Genusses.\" \/>\n<meta property=\"og:url\" content=\"https:\/\/yasminfood.ch\/de\/product\/erdbeermarmelade-900-g-shamsin\/\" \/>\n<meta property=\"og:site_name\" content=\"Yasmin Food\" \/>\n<meta property=\"article:publisher\" content=\"https:\/\/www.facebook.com\/yasminmarkt1\" \/>\n<meta property=\"article:modified_time\" content=\"2025-06-19T22:47:14+00:00\" \/>\n<meta property=\"og:image\" content=\"https:\/\/yasminfood.ch\/wp-content\/uploads\/2025\/06\/\u0645\u0631\u0628\u0649-\u0627\u0644\u0641\u0631\u0627\u0648\u0644\u0629-900-\u063a-\u0634\u0645\u0633\u064a\u0646-1024x1024.png\" \/>\n\t<meta property=\"og:image:width\" content=\"1024\" \/>\n\t<meta property=\"og:image:height\" content=\"1024\" \/>\n\t<meta property=\"og:image:type\" content=\"image\/png\" \/>\n<meta name=\"twitter:card\" content=\"summary_large_image\" \/>\n<meta name=\"twitter:label1\" content=\"Preis\" \/>\n\t<meta name=\"twitter:data1\" content=\"8.50&nbsp;&#067;&#072;&#070;\" \/>\n\t<meta name=\"twitter:label2\" content=\"Verf\u00fcgbarkeit\" \/>\n\t<meta name=\"twitter:data2\" content=\"Auf Lager\" \/>\n<script type=\"application\/ld+json\" class=\"yoast-schema-graph\">{\"@context\":\"https:\\\/\\\/schema.org\",\"@graph\":[{\"@type\":\"WebPage\",\"@id\":\"https:\\\/\\\/yasminfood.ch\\\/de\\\/product\\\/erdbeermarmelade-900-g-shamsin\\\/\",\"url\":\"https:\\\/\\\/yasminfood.ch\\\/de\\\/product\\\/erdbeermarmelade-900-g-shamsin\\\/\",\"name\":\"Erdbeermarmelade 900 g Shamsin - Yasmin Food\",\"isPartOf\":{\"@id\":\"https:\\\/\\\/yasminfood.ch\\\/de\\\/#website\"},\"primaryImageOfPage\":{\"@id\":\"https:\\\/\\\/yasminfood.ch\\\/de\\\/product\\\/erdbeermarmelade-900-g-shamsin\\\/#primaryimage\"},\"image\":{\"@id\":\"https:\\\/\\\/yasminfood.ch\\\/de\\\/product\\\/erdbeermarmelade-900-g-shamsin\\\/#primaryimage\"},\"thumbnailUrl\":\"https:\\\/\\\/yasminfood.ch\\\/wp-content\\\/uploads\\\/2025\\\/06\\\/\u0645\u0631\u0628\u0649-\u0627\u0644\u0641\u0631\u0627\u0648\u0644\u0629-900-\u063a-\u0634\u0645\u0633\u064a\u0646.png\",\"datePublished\":\"2025-06-19T11:14:30+00:00\",\"dateModified\":\"2025-06-19T22:47:14+00:00\",\"description\":\"Genie\u00dfen Sie tolle Fr\u00fchst\u00fccksmomente mit Shamsin Erdbeermarmelade 900 g, hergestellt aus nat\u00fcrlichen Erdbeeren. Kommen Sie und probieren Sie noch heute den charakteristischen Geschmack! Yasmin Food\",\"breadcrumb\":{\"@id\":\"https:\\\/\\\/yasminfood.ch\\\/de\\\/product\\\/erdbeermarmelade-900-g-shamsin\\\/#breadcrumb\"},\"inLanguage\":\"de\",\"potentialAction\":[{\"@type\":\"ReadAction\",\"target\":[\"https:\\\/\\\/yasminfood.ch\\\/de\\\/product\\\/erdbeermarmelade-900-g-shamsin\\\/\"]}]},{\"@type\":\"ImageObject\",\"inLanguage\":\"de\",\"@id\":\"https:\\\/\\\/yasminfood.ch\\\/de\\\/product\\\/erdbeermarmelade-900-g-shamsin\\\/#primaryimage\",\"url\":\"https:\\\/\\\/yasminfood.ch\\\/wp-content\\\/uploads\\\/2025\\\/06\\\/\u0645\u0631\u0628\u0649-\u0627\u0644\u0641\u0631\u0627\u0648\u0644\u0629-900-\u063a-\u0634\u0645\u0633\u064a\u0646.png\",\"contentUrl\":\"https:\\\/\\\/yasminfood.ch\\\/wp-content\\\/uploads\\\/2025\\\/06\\\/\u0645\u0631\u0628\u0649-\u0627\u0644\u0641\u0631\u0627\u0648\u0644\u0629-900-\u063a-\u0634\u0645\u0633\u064a\u0646.png\",\"width\":1890,\"height\":1890,\"caption\":\"Erdbeermarmelade 900 g Shamsin\"},{\"@type\":\"BreadcrumbList\",\"@id\":\"https:\\\/\\\/yasminfood.ch\\\/de\\\/product\\\/erdbeermarmelade-900-g-shamsin\\\/#breadcrumb\",\"itemListElement\":[{\"@type\":\"ListItem\",\"position\":1,\"name\":\"\u0627\u0644\u0631\u0626\u064a\u0633\u064a\u0629\",\"item\":\"https:\\\/\\\/yasminfood.ch\\\/de\\\/zuhause\\\/\"},{\"@type\":\"ListItem\",\"position\":2,\"name\":\"Shop\",\"item\":\"https:\\\/\\\/yasminfood.ch\\\/de\\\/shop\\\/\"},{\"@type\":\"ListItem\",\"position\":3,\"name\":\"Konserven - Lebensmittel\",\"item\":\"https:\\\/\\\/yasminfood.ch\\\/de\\\/produkt-kategorie\\\/konserven-lebensmittel\\\/\"},{\"@type\":\"ListItem\",\"position\":4,\"name\":\"Marmelade und Honig\",\"item\":\"https:\\\/\\\/yasminfood.ch\\\/de\\\/produkt-kategorie\\\/konserven-lebensmittel\\\/marmelade-und-honig\\\/\"},{\"@type\":\"ListItem\",\"position\":5,\"name\":\"Erdbeermarmelade 900 g Shamsin\"}]},{\"@type\":\"WebSite\",\"@id\":\"https:\\\/\\\/yasminfood.ch\\\/de\\\/#website\",\"url\":\"https:\\\/\\\/yasminfood.ch\\\/de\\\/\",\"name\":\"\u064a\u0627\u0633\u0645\u064a\u0646 \u0645\u0627\u0631\u0643\u062a\",\"description\":\"Alles, was Sie brauchen, an einem Ort\",\"publisher\":{\"@id\":\"https:\\\/\\\/yasminfood.ch\\\/de\\\/#organization\"},\"alternateName\":\"Yasmin Food\",\"potentialAction\":[{\"@type\":\"SearchAction\",\"target\":{\"@type\":\"EntryPoint\",\"urlTemplate\":\"https:\\\/\\\/yasminfood.ch\\\/de\\\/?s={search_term_string}\"},\"query-input\":{\"@type\":\"PropertyValueSpecification\",\"valueRequired\":true,\"valueName\":\"search_term_string\"}}],\"inLanguage\":\"de\"},{\"@type\":\"Organization\",\"@id\":\"https:\\\/\\\/yasminfood.ch\\\/de\\\/#organization\",\"name\":\"\u064a\u0627\u0633\u0645\u064a\u0646 \u0645\u0627\u0631\u0643\u062a\",\"alternateName\":\"Yasmin Food\",\"url\":\"https:\\\/\\\/yasminfood.ch\\\/de\\\/\",\"logo\":{\"@type\":\"ImageObject\",\"inLanguage\":\"de\",\"@id\":\"https:\\\/\\\/yasminfood.ch\\\/de\\\/#\\\/schema\\\/logo\\\/image\\\/\",\"url\":\"https:\\\/\\\/yasminfood.ch\\\/wp-content\\\/uploads\\\/2025\\\/05\\\/yasmin-food-header-logo.png\",\"contentUrl\":\"https:\\\/\\\/yasminfood.ch\\\/wp-content\\\/uploads\\\/2025\\\/05\\\/yasmin-food-header-logo.png\",\"width\":330,\"height\":120,\"caption\":\"\u064a\u0627\u0633\u0645\u064a\u0646 \u0645\u0627\u0631\u0643\u062a\"},\"image\":{\"@id\":\"https:\\\/\\\/yasminfood.ch\\\/de\\\/#\\\/schema\\\/logo\\\/image\\\/\"},\"sameAs\":[\"https:\\\/\\\/www.facebook.com\\\/yasminmarkt1\",\"https:\\\/\\\/www.tiktok.com\\\/@yasminmarkt\",\"https:\\\/\\\/www.instagram.com\\\/yasmin.markt1\\\/\",\"https:\\\/\\\/api.whatsapp.com\\\/send\\\/?phone=41799000104\"],\"publishingPrinciples\":\"https:\\\/\\\/yasminfood.ch\\\/de\\\/shop\\\/\",\"ownershipFundingInfo\":\"https:\\\/\\\/yasminfood.ch\\\/de\\\/shop\\\/\"}]}<\/script>\n<meta property=\"product:price:amount\" content=\"8.50\" \/>\n<meta property=\"product:price:currency\" content=\"CHF\" \/>\n<meta property=\"og:availability\" content=\"instock\" \/>\n<meta property=\"product:availability\" content=\"instock\" \/>\n<meta property=\"product:condition\" content=\"new\" \/>\n<!-- \/ Yoast SEO Premium plugin. -->","yoast_head_json":{"title":"Erdbeermarmelade 900 g Shamsin - Yasmin Food","description":"Genie\u00dfen Sie tolle Fr\u00fchst\u00fccksmomente mit Shamsin Erdbeermarmelade 900 g, hergestellt aus nat\u00fcrlichen Erdbeeren. Kommen Sie und probieren Sie noch heute den charakteristischen Geschmack! Yasmin Food","robots":{"index":"index","follow":"follow","max-snippet":"max-snippet:-1","max-image-preview":"max-image-preview:large","max-video-preview":"max-video-preview:-1"},"canonical":"https:\/\/yasminfood.ch\/de\/product\/erdbeermarmelade-900-g-shamsin\/","og_locale":"de_DE","og_type":"article","og_title":"Erdbeermarmelade 900 g Shamsin","og_description":"Erdbeermarmelade 900 g Shamsin Angereichert mit echten Erdbeeren und einer fettperfekten Textur macht es Ihr Fr\u00fchst\u00fcck zu einem Moment des reinen Genusses.","og_url":"https:\/\/yasminfood.ch\/de\/product\/erdbeermarmelade-900-g-shamsin\/","og_site_name":"Yasmin Food","article_publisher":"https:\/\/www.facebook.com\/yasminmarkt1","article_modified_time":"2025-06-19T22:47:14+00:00","og_image":[{"width":1024,"height":1024,"url":"https:\/\/yasminfood.ch\/wp-content\/uploads\/2025\/06\/\u0645\u0631\u0628\u0649-\u0627\u0644\u0641\u0631\u0627\u0648\u0644\u0629-900-\u063a-\u0634\u0645\u0633\u064a\u0646-1024x1024.png","type":"image\/png"}],"twitter_card":"summary_large_image","twitter_misc":{"Preis":"8.50&nbsp;&#67;&#72;&#70;","Verf\u00fcgbarkeit":"Auf Lager"},"schema":{"@context":"https:\/\/schema.org","@graph":[{"@type":"WebPage","@id":"https:\/\/yasminfood.ch\/de\/product\/erdbeermarmelade-900-g-shamsin\/","url":"https:\/\/yasminfood.ch\/de\/product\/erdbeermarmelade-900-g-shamsin\/","name":"Erdbeermarmelade 900 g Shamsin - Yasmin Food","isPartOf":{"@id":"https:\/\/yasminfood.ch\/de\/#website"},"primaryImageOfPage":{"@id":"https:\/\/yasminfood.ch\/de\/product\/erdbeermarmelade-900-g-shamsin\/#primaryimage"},"image":{"@id":"https:\/\/yasminfood.ch\/de\/product\/erdbeermarmelade-900-g-shamsin\/#primaryimage"},"thumbnailUrl":"https:\/\/yasminfood.ch\/wp-content\/uploads\/2025\/06\/\u0645\u0631\u0628\u0649-\u0627\u0644\u0641\u0631\u0627\u0648\u0644\u0629-900-\u063a-\u0634\u0645\u0633\u064a\u0646.png","datePublished":"2025-06-19T11:14:30+00:00","dateModified":"2025-06-19T22:47:14+00:00","description":"Genie\u00dfen Sie tolle Fr\u00fchst\u00fccksmomente mit Shamsin Erdbeermarmelade 900 g, hergestellt aus nat\u00fcrlichen Erdbeeren. Kommen Sie und probieren Sie noch heute den charakteristischen Geschmack! Yasmin Food","breadcrumb":{"@id":"https:\/\/yasminfood.ch\/de\/product\/erdbeermarmelade-900-g-shamsin\/#breadcrumb"},"inLanguage":"de","potentialAction":[{"@type":"ReadAction","target":["https:\/\/yasminfood.ch\/de\/product\/erdbeermarmelade-900-g-shamsin\/"]}]},{"@type":"ImageObject","inLanguage":"de","@id":"https:\/\/yasminfood.ch\/de\/product\/erdbeermarmelade-900-g-shamsin\/#primaryimage","url":"https:\/\/yasminfood.ch\/wp-content\/uploads\/2025\/06\/\u0645\u0631\u0628\u0649-\u0627\u0644\u0641\u0631\u0627\u0648\u0644\u0629-900-\u063a-\u0634\u0645\u0633\u064a\u0646.png","contentUrl":"https:\/\/yasminfood.ch\/wp-content\/uploads\/2025\/06\/\u0645\u0631\u0628\u0649-\u0627\u0644\u0641\u0631\u0627\u0648\u0644\u0629-900-\u063a-\u0634\u0645\u0633\u064a\u0646.png","width":1890,"height":1890,"caption":"Erdbeermarmelade 900 g Shamsin"},{"@type":"BreadcrumbList","@id":"https:\/\/yasminfood.ch\/de\/product\/erdbeermarmelade-900-g-shamsin\/#breadcrumb","itemListElement":[{"@type":"ListItem","position":1,"name":"\u0627\u0644\u0631\u0626\u064a\u0633\u064a\u0629","item":"https:\/\/yasminfood.ch\/de\/zuhause\/"},{"@type":"ListItem","position":2,"name":"Shop","item":"https:\/\/yasminfood.ch\/de\/shop\/"},{"@type":"ListItem","position":3,"name":"Konserven - Lebensmittel","item":"https:\/\/yasminfood.ch\/de\/produkt-kategorie\/konserven-lebensmittel\/"},{"@type":"ListItem","position":4,"name":"Marmelade und Honig","item":"https:\/\/yasminfood.ch\/de\/produkt-kategorie\/konserven-lebensmittel\/marmelade-und-honig\/"},{"@type":"ListItem","position":5,"name":"Erdbeermarmelade 900 g Shamsin"}]},{"@type":"WebSite","@id":"https:\/\/yasminfood.ch\/de\/#website","url":"https:\/\/yasminfood.ch\/de\/","name":"\u064a\u0627\u0633\u0645\u064a\u0646 \u0645\u0627\u0631\u0643\u062a","description":"Alles, was Sie brauchen, an einem Ort","publisher":{"@id":"https:\/\/yasminfood.ch\/de\/#organization"},"alternateName":"Yasmin Food","potentialAction":[{"@type":"SearchAction","target":{"@type":"EntryPoint","urlTemplate":"https:\/\/yasminfood.ch\/de\/?s={search_term_string}"},"query-input":{"@type":"PropertyValueSpecification","valueRequired":true,"valueName":"search_term_string"}}],"inLanguage":"de"},{"@type":"Organization","@id":"https:\/\/yasminfood.ch\/de\/#organization","name":"\u064a\u0627\u0633\u0645\u064a\u0646 \u0645\u0627\u0631\u0643\u062a","alternateName":"Yasmin Food","url":"https:\/\/yasminfood.ch\/de\/","logo":{"@type":"ImageObject","inLanguage":"de","@id":"https:\/\/yasminfood.ch\/de\/#\/schema\/logo\/image\/","url":"https:\/\/yasminfood.ch\/wp-content\/uploads\/2025\/05\/yasmin-food-header-logo.png","contentUrl":"https:\/\/yasminfood.ch\/wp-content\/uploads\/2025\/05\/yasmin-food-header-logo.png","width":330,"height":120,"caption":"\u064a\u0627\u0633\u0645\u064a\u0646 \u0645\u0627\u0631\u0643\u062a"},"image":{"@id":"https:\/\/yasminfood.ch\/de\/#\/schema\/logo\/image\/"},"sameAs":["https:\/\/www.facebook.com\/yasminmarkt1","https:\/\/www.tiktok.com\/@yasminmarkt","https:\/\/www.instagram.com\/yasmin.markt1\/","https:\/\/api.whatsapp.com\/send\/?phone=41799000104"],"publishingPrinciples":"https:\/\/yasminfood.ch\/de\/shop\/","ownershipFundingInfo":"https:\/\/yasminfood.ch\/de\/shop\/"}]},"product_price_amount":"8.50","product_price_currency":"CHF","og_availability":"instock","product_availability":"instock","product_condition":"new"},"jetpack_sharing_enabled":true,"_links":{"self":[{"href":"https:\/\/yasminfood.ch\/de\/wp-json\/wp\/v2\/product\/117502","targetHints":{"allow":["GET"]}}],"collection":[{"href":"https:\/\/yasminfood.ch\/de\/wp-json\/wp\/v2\/product"}],"about":[{"href":"https:\/\/yasminfood.ch\/de\/wp-json\/wp\/v2\/types\/product"}],"replies":[{"embeddable":true,"href":"https:\/\/yasminfood.ch\/de\/wp-json\/wp\/v2\/comments?post=117502"}],"version-history":[{"count":0,"href":"https:\/\/yasminfood.ch\/de\/wp-json\/wp\/v2\/product\/117502\/revisions"}],"wp:featuredmedia":[{"embeddable":true,"href":"https:\/\/yasminfood.ch\/de\/wp-json\/wp\/v2\/media\/117449"}],"wp:attachment":[{"href":"https:\/\/yasminfood.ch\/de\/wp-json\/wp\/v2\/media?parent=117502"}],"wp:term":[{"taxonomy":"product_brand","embeddable":true,"href":"https:\/\/yasminfood.ch\/de\/wp-json\/wp\/v2\/product_brand?post=117502"},{"taxonomy":"product_cat","embeddable":true,"href":"https:\/\/yasminfood.ch\/de\/wp-json\/wp\/v2\/product_cat?post=117502"},{"taxonomy":"product_tag","embeddable":true,"href":"https:\/\/yasminfood.ch\/de\/wp-json\/wp\/v2\/product_tag?post=117502"}],"curies":[{"name":"wp","href":"https:\/\/api.w.org\/{rel}","templated":true}]}}