{"id":117504,"date":"2025-06-19T13:24:21","date_gmt":"2025-06-19T11:24:21","guid":{"rendered":"https:\/\/yasminfood.ch\/product\/einbau-mit-halterung-500-g-al-rifai\/"},"modified":"2025-07-30T16:37:25","modified_gmt":"2025-07-30T14:37:25","slug":"einbau-mit-halterung-500-g-al-rifai","status":"publish","type":"product","link":"https:\/\/yasminfood.ch\/de\/product\/einbau-mit-halterung-500-g-al-rifai\/","title":{"rendered":"Ruhegriff 400 g Rifai"},"content":{"rendered":"<p><strong>Ruhegriff 400 g Rifai<\/strong><\/p>\n<ul>\n<li>Ein traditionelles orientalisches Dessert mit einem Geschmack von Bl\u00fcten und Mastix, einer weichen Textur, die auf der Zunge zergeht, und einem Geschmack, der Sie in die Zeit der guten alten Zeit zur\u00fcckversetzt. <\/li>\n<li data-start=\"338\" data-end=\"636\">Um Ihnen eine weiche Textur und einen unwiderstehlichen Geschmack zu verleihen. Komfort ist eine der bekanntesten traditionellen S\u00fc\u00dfigkeiten in der Levante und der T\u00fcrkei, <\/li>\n<\/ul>\n<p data-start=\"338\" data-end=\"636\">Es wird zu Anl\u00e4ssen und Gastfreundschaft oder als Snack mit einer Tasse Kaffee oder Tee serviert.<\/p>\n<p data-start=\"638\" data-end=\"773\">  Sorgf\u00e4ltig verpackt, um Frische und Geschmack zu bewahren, ist es eine ideale Wahl f\u00fcr alle Liebhaber authentischer orientalischer S\u00fc\u00dfigkeiten. <\/p>\n<p data-start=\"780\" data-end=\"794\">\u2705 Funktionen:<\/p>\n<ul data-start=\"795\" data-end=\"949\">\n<li data-start=\"795\" data-end=\"816\">\n<p data-start=\"797\" data-end=\"816\">Nat\u00fcrlicher Mastixgeschmack<\/p>\n<\/li>\n<li data-start=\"817\" data-end=\"844\">\n<p data-start=\"819\" data-end=\"844\">Ohne Konservierungsstoffe<\/p>\n<\/li>\n<li data-start=\"845\" data-end=\"870\">\n<p data-start=\"847\" data-end=\"870\">Weiche Textur, die im Mund zergeht<\/p>\n<\/li>\n<li data-start=\"871\" data-end=\"909\">\n<p data-start=\"873\" data-end=\"909\">Geeignet f\u00fcr die Gastfreundschaft oder den pers\u00f6nlichen Konsum<\/p>\n<\/li>\n<li data-start=\"910\" data-end=\"949\">\n<p data-start=\"912\" data-end=\"949\">Marke Al-Rifai, bekannt f\u00fcr die Qualit\u00e4t ihrer Produkte<\/p>\n<\/li>\n<\/ul>\n<p data-start=\"956\" data-end=\"978\">\ud83d\udce6 Produktinformation:<\/p>\n<ul data-start=\"979\" data-end=\"1118\">\n<li data-start=\"979\" data-end=\"1009\">\n<p data-start=\"981\" data-end=\"1009\">Nettogewicht: 500 g <\/p>\n<\/li>\n<li data-start=\"1010\" data-end=\"1043\">\n<p data-start=\"1012\" data-end=\"1043\">Hersteller: Al Rifai <\/p>\n<\/li>\n<\/ul>\n","protected":false},"excerpt":{"rendered":"<p class=\"ai-optimize-25 ai-optimize-introduction\"><strong>Ruhegriff 400 g Rifai<\/strong><\/p>\n<ul>\n<li class=\"ai-optimize-26\">Ein traditionelles orientalisches Dessert mit einem Geschmack von Bl\u00fcten und Mastix, einer weichen Textur, die auf der Zunge zergeht, und einem Geschmack, der Sie in die Zeit der guten alten Zeit zur\u00fcckversetzt. <\/li>\n<li class=\"ai-optimize-27\" data-start=\"338\" data-end=\"636\">Um Ihnen eine weiche Textur und einen unwiderstehlichen Geschmack zu verleihen. Comfort ist eine der bekanntesten traditionellen S\u00fc\u00dfigkeiten in der Levante und der T\u00fcrkei <\/li>\n<\/ul>\n","protected":false},"featured_media":117458,"comment_status":"open","ping_status":"closed","template":"","meta":[],"product_brand":[],"product_cat":[301,297],"product_tag":[],"class_list":{"0":"post-117504","1":"product","2":"type-product","3":"status-publish","4":"has-post-thumbnail","6":"product_cat-arabische-suessigkeiten","7":"product_cat-dessert-chips-2","9":"first","10":"outofstock","11":"taxable","12":"shipping-taxable","13":"purchasable","14":"product-type-simple"},"yoast_head":"<!-- This site is optimized with the Yoast SEO Premium plugin v26.5 (Yoast SEO v27.4) - https:\/\/yoast.com\/product\/yoast-seo-premium-wordpress\/ -->\n<title>Ruhegriff 400 g Rifai - Yasmin Food<\/title>\n<meta name=\"description\" content=\"Genie\u00dfen Sie traditionelles orientalisches Halva mit einem 400 g Rifai Holding Comfort mit einem k\u00f6stlichen blumigen und mastixartigen Geschmack. Bestellen Sie es jetzt f\u00fcr Ihre Bestimmung! \u2705 Yasmin Food\" \/>\n<meta name=\"robots\" content=\"index, follow, max-snippet:-1, max-image-preview:large, max-video-preview:-1\" \/>\n<link rel=\"canonical\" href=\"https:\/\/yasminfood.ch\/de\/product\/einbau-mit-halterung-500-g-al-rifai\/\" \/>\n<meta property=\"og:locale\" content=\"de_DE\" \/>\n<meta property=\"og:type\" content=\"article\" \/>\n<meta property=\"og:title\" content=\"Ruhegriff 400 g Rifai\" \/>\n<meta property=\"og:description\" content=\"Ruhegriff 400 g Rifai   Ein traditionelles orientalisches Dessert mit einem Geschmack von Bl\u00fcten und Mastix, einer weichen Textur, die auf der Zunge zergeht, und einem Geschmack, der Sie in die Zeit der guten alten Zeit zur\u00fcckversetzt.  Um Ihnen eine weiche Textur und einen unwiderstehlichen Geschmack zu verleihen. Comfort ist eine der bekanntesten traditionellen S\u00fc\u00dfigkeiten in der Levante und der T\u00fcrkei\" \/>\n<meta property=\"og:url\" content=\"https:\/\/yasminfood.ch\/de\/product\/einbau-mit-halterung-500-g-al-rifai\/\" \/>\n<meta property=\"og:site_name\" content=\"Yasmin Food\" \/>\n<meta property=\"article:publisher\" content=\"https:\/\/www.facebook.com\/yasminmarkt1\" \/>\n<meta property=\"article:modified_time\" content=\"2025-07-30T14:37:25+00:00\" \/>\n<meta property=\"og:image\" content=\"https:\/\/yasminfood.ch\/wp-content\/uploads\/2025\/06\/\u0631\u0627\u062d\u0629-\u0645\u0645\u0633\u0643\u0629-500-\u063a-\u0627\u0644\u0631\u0641\u0627\u0639\u064a--1024x1024.png\" \/>\n\t<meta property=\"og:image:width\" content=\"1024\" \/>\n\t<meta property=\"og:image:height\" content=\"1024\" \/>\n\t<meta property=\"og:image:type\" content=\"image\/png\" \/>\n<meta name=\"twitter:card\" content=\"summary_large_image\" \/>\n<meta name=\"twitter:label1\" content=\"Preis\" \/>\n\t<meta name=\"twitter:data1\" content=\"4.95&nbsp;&#067;&#072;&#070;\" \/>\n\t<meta name=\"twitter:label2\" content=\"Verf\u00fcgbarkeit\" \/>\n\t<meta name=\"twitter:data2\" content=\"ausverkauft\" \/>\n<script type=\"application\/ld+json\" class=\"yoast-schema-graph\">{\"@context\":\"https:\\\/\\\/schema.org\",\"@graph\":[{\"@type\":\"WebPage\",\"@id\":\"https:\\\/\\\/yasminfood.ch\\\/de\\\/product\\\/einbau-mit-halterung-500-g-al-rifai\\\/\",\"url\":\"https:\\\/\\\/yasminfood.ch\\\/de\\\/product\\\/einbau-mit-halterung-500-g-al-rifai\\\/\",\"name\":\"Ruhegriff 400 g Rifai - Yasmin Food\",\"isPartOf\":{\"@id\":\"https:\\\/\\\/yasminfood.ch\\\/de\\\/#website\"},\"primaryImageOfPage\":{\"@id\":\"https:\\\/\\\/yasminfood.ch\\\/de\\\/product\\\/einbau-mit-halterung-500-g-al-rifai\\\/#primaryimage\"},\"image\":{\"@id\":\"https:\\\/\\\/yasminfood.ch\\\/de\\\/product\\\/einbau-mit-halterung-500-g-al-rifai\\\/#primaryimage\"},\"thumbnailUrl\":\"https:\\\/\\\/yasminfood.ch\\\/wp-content\\\/uploads\\\/2025\\\/06\\\/\u0631\u0627\u062d\u0629-\u0645\u0645\u0633\u0643\u0629-500-\u063a-\u0627\u0644\u0631\u0641\u0627\u0639\u064a-.png\",\"datePublished\":\"2025-06-19T11:24:21+00:00\",\"dateModified\":\"2025-07-30T14:37:25+00:00\",\"description\":\"Genie\u00dfen Sie traditionelles orientalisches Halva mit einem 400 g Rifai Holding Comfort mit einem k\u00f6stlichen blumigen und mastixartigen Geschmack. Bestellen Sie es jetzt f\u00fcr Ihre Bestimmung! \u2705 Yasmin Food\",\"breadcrumb\":{\"@id\":\"https:\\\/\\\/yasminfood.ch\\\/de\\\/product\\\/einbau-mit-halterung-500-g-al-rifai\\\/#breadcrumb\"},\"inLanguage\":\"de\",\"potentialAction\":[{\"@type\":\"ReadAction\",\"target\":[\"https:\\\/\\\/yasminfood.ch\\\/de\\\/product\\\/einbau-mit-halterung-500-g-al-rifai\\\/\"]}]},{\"@type\":\"ImageObject\",\"inLanguage\":\"de\",\"@id\":\"https:\\\/\\\/yasminfood.ch\\\/de\\\/product\\\/einbau-mit-halterung-500-g-al-rifai\\\/#primaryimage\",\"url\":\"https:\\\/\\\/yasminfood.ch\\\/wp-content\\\/uploads\\\/2025\\\/06\\\/\u0631\u0627\u062d\u0629-\u0645\u0645\u0633\u0643\u0629-500-\u063a-\u0627\u0644\u0631\u0641\u0627\u0639\u064a-.png\",\"contentUrl\":\"https:\\\/\\\/yasminfood.ch\\\/wp-content\\\/uploads\\\/2025\\\/06\\\/\u0631\u0627\u062d\u0629-\u0645\u0645\u0633\u0643\u0629-500-\u063a-\u0627\u0644\u0631\u0641\u0627\u0639\u064a-.png\",\"width\":1890,\"height\":1890,\"caption\":\"Einbau mit Halterung 500 g Al Rifai\"},{\"@type\":\"BreadcrumbList\",\"@id\":\"https:\\\/\\\/yasminfood.ch\\\/de\\\/product\\\/einbau-mit-halterung-500-g-al-rifai\\\/#breadcrumb\",\"itemListElement\":[{\"@type\":\"ListItem\",\"position\":1,\"name\":\"\u0627\u0644\u0631\u0626\u064a\u0633\u064a\u0629\",\"item\":\"https:\\\/\\\/yasminfood.ch\\\/de\\\/zuhause\\\/\"},{\"@type\":\"ListItem\",\"position\":2,\"name\":\"Shop\",\"item\":\"https:\\\/\\\/yasminfood.ch\\\/de\\\/shop\\\/\"},{\"@type\":\"ListItem\",\"position\":3,\"name\":\"Dessert &amp; Chips\",\"item\":\"https:\\\/\\\/yasminfood.ch\\\/de\\\/produkt-kategorie\\\/dessert-chips-2\\\/\"},{\"@type\":\"ListItem\",\"position\":4,\"name\":\"Arabische s\u00fc\u00dfigkeiten\",\"item\":\"https:\\\/\\\/yasminfood.ch\\\/de\\\/produkt-kategorie\\\/dessert-chips-2\\\/arabische-suessigkeiten\\\/\"},{\"@type\":\"ListItem\",\"position\":5,\"name\":\"Ruhegriff 400 g Rifai\"}]},{\"@type\":\"WebSite\",\"@id\":\"https:\\\/\\\/yasminfood.ch\\\/de\\\/#website\",\"url\":\"https:\\\/\\\/yasminfood.ch\\\/de\\\/\",\"name\":\"\u064a\u0627\u0633\u0645\u064a\u0646 \u0645\u0627\u0631\u0643\u062a\",\"description\":\"Alles, was Sie brauchen, an einem Ort\",\"publisher\":{\"@id\":\"https:\\\/\\\/yasminfood.ch\\\/de\\\/#organization\"},\"alternateName\":\"Yasmin Food\",\"potentialAction\":[{\"@type\":\"SearchAction\",\"target\":{\"@type\":\"EntryPoint\",\"urlTemplate\":\"https:\\\/\\\/yasminfood.ch\\\/de\\\/?s={search_term_string}\"},\"query-input\":{\"@type\":\"PropertyValueSpecification\",\"valueRequired\":true,\"valueName\":\"search_term_string\"}}],\"inLanguage\":\"de\"},{\"@type\":\"Organization\",\"@id\":\"https:\\\/\\\/yasminfood.ch\\\/de\\\/#organization\",\"name\":\"\u064a\u0627\u0633\u0645\u064a\u0646 \u0645\u0627\u0631\u0643\u062a\",\"alternateName\":\"Yasmin Food\",\"url\":\"https:\\\/\\\/yasminfood.ch\\\/de\\\/\",\"logo\":{\"@type\":\"ImageObject\",\"inLanguage\":\"de\",\"@id\":\"https:\\\/\\\/yasminfood.ch\\\/de\\\/#\\\/schema\\\/logo\\\/image\\\/\",\"url\":\"https:\\\/\\\/yasminfood.ch\\\/wp-content\\\/uploads\\\/2025\\\/05\\\/yasmin-food-header-logo.png\",\"contentUrl\":\"https:\\\/\\\/yasminfood.ch\\\/wp-content\\\/uploads\\\/2025\\\/05\\\/yasmin-food-header-logo.png\",\"width\":330,\"height\":120,\"caption\":\"\u064a\u0627\u0633\u0645\u064a\u0646 \u0645\u0627\u0631\u0643\u062a\"},\"image\":{\"@id\":\"https:\\\/\\\/yasminfood.ch\\\/de\\\/#\\\/schema\\\/logo\\\/image\\\/\"},\"sameAs\":[\"https:\\\/\\\/www.facebook.com\\\/yasminmarkt1\",\"https:\\\/\\\/www.tiktok.com\\\/@yasminmarkt\",\"https:\\\/\\\/www.instagram.com\\\/yasmin.markt1\\\/\",\"https:\\\/\\\/api.whatsapp.com\\\/send\\\/?phone=41799000104\"],\"publishingPrinciples\":\"https:\\\/\\\/yasminfood.ch\\\/de\\\/shop\\\/\",\"ownershipFundingInfo\":\"https:\\\/\\\/yasminfood.ch\\\/de\\\/shop\\\/\"}]}<\/script>\n<meta property=\"product:price:amount\" content=\"4.95\" \/>\n<meta property=\"product:price:currency\" content=\"CHF\" \/>\n<meta property=\"og:availability\" content=\"out of stock\" \/>\n<meta property=\"product:availability\" content=\"out of stock\" \/>\n<meta property=\"product:condition\" content=\"new\" \/>\n<!-- \/ Yoast SEO Premium plugin. -->","yoast_head_json":{"title":"Ruhegriff 400 g Rifai - Yasmin Food","description":"Genie\u00dfen Sie traditionelles orientalisches Halva mit einem 400 g Rifai Holding Comfort mit einem k\u00f6stlichen blumigen und mastixartigen Geschmack. Bestellen Sie es jetzt f\u00fcr Ihre Bestimmung! \u2705 Yasmin Food","robots":{"index":"index","follow":"follow","max-snippet":"max-snippet:-1","max-image-preview":"max-image-preview:large","max-video-preview":"max-video-preview:-1"},"canonical":"https:\/\/yasminfood.ch\/de\/product\/einbau-mit-halterung-500-g-al-rifai\/","og_locale":"de_DE","og_type":"article","og_title":"Ruhegriff 400 g Rifai","og_description":"Ruhegriff 400 g Rifai   Ein traditionelles orientalisches Dessert mit einem Geschmack von Bl\u00fcten und Mastix, einer weichen Textur, die auf der Zunge zergeht, und einem Geschmack, der Sie in die Zeit der guten alten Zeit zur\u00fcckversetzt.  Um Ihnen eine weiche Textur und einen unwiderstehlichen Geschmack zu verleihen. Comfort ist eine der bekanntesten traditionellen S\u00fc\u00dfigkeiten in der Levante und der T\u00fcrkei","og_url":"https:\/\/yasminfood.ch\/de\/product\/einbau-mit-halterung-500-g-al-rifai\/","og_site_name":"Yasmin Food","article_publisher":"https:\/\/www.facebook.com\/yasminmarkt1","article_modified_time":"2025-07-30T14:37:25+00:00","og_image":[{"width":1024,"height":1024,"url":"https:\/\/yasminfood.ch\/wp-content\/uploads\/2025\/06\/\u0631\u0627\u062d\u0629-\u0645\u0645\u0633\u0643\u0629-500-\u063a-\u0627\u0644\u0631\u0641\u0627\u0639\u064a--1024x1024.png","type":"image\/png"}],"twitter_card":"summary_large_image","twitter_misc":{"Preis":"4.95&nbsp;&#67;&#72;&#70;","Verf\u00fcgbarkeit":"ausverkauft"},"schema":{"@context":"https:\/\/schema.org","@graph":[{"@type":"WebPage","@id":"https:\/\/yasminfood.ch\/de\/product\/einbau-mit-halterung-500-g-al-rifai\/","url":"https:\/\/yasminfood.ch\/de\/product\/einbau-mit-halterung-500-g-al-rifai\/","name":"Ruhegriff 400 g Rifai - Yasmin Food","isPartOf":{"@id":"https:\/\/yasminfood.ch\/de\/#website"},"primaryImageOfPage":{"@id":"https:\/\/yasminfood.ch\/de\/product\/einbau-mit-halterung-500-g-al-rifai\/#primaryimage"},"image":{"@id":"https:\/\/yasminfood.ch\/de\/product\/einbau-mit-halterung-500-g-al-rifai\/#primaryimage"},"thumbnailUrl":"https:\/\/yasminfood.ch\/wp-content\/uploads\/2025\/06\/\u0631\u0627\u062d\u0629-\u0645\u0645\u0633\u0643\u0629-500-\u063a-\u0627\u0644\u0631\u0641\u0627\u0639\u064a-.png","datePublished":"2025-06-19T11:24:21+00:00","dateModified":"2025-07-30T14:37:25+00:00","description":"Genie\u00dfen Sie traditionelles orientalisches Halva mit einem 400 g Rifai Holding Comfort mit einem k\u00f6stlichen blumigen und mastixartigen Geschmack. Bestellen Sie es jetzt f\u00fcr Ihre Bestimmung! \u2705 Yasmin Food","breadcrumb":{"@id":"https:\/\/yasminfood.ch\/de\/product\/einbau-mit-halterung-500-g-al-rifai\/#breadcrumb"},"inLanguage":"de","potentialAction":[{"@type":"ReadAction","target":["https:\/\/yasminfood.ch\/de\/product\/einbau-mit-halterung-500-g-al-rifai\/"]}]},{"@type":"ImageObject","inLanguage":"de","@id":"https:\/\/yasminfood.ch\/de\/product\/einbau-mit-halterung-500-g-al-rifai\/#primaryimage","url":"https:\/\/yasminfood.ch\/wp-content\/uploads\/2025\/06\/\u0631\u0627\u062d\u0629-\u0645\u0645\u0633\u0643\u0629-500-\u063a-\u0627\u0644\u0631\u0641\u0627\u0639\u064a-.png","contentUrl":"https:\/\/yasminfood.ch\/wp-content\/uploads\/2025\/06\/\u0631\u0627\u062d\u0629-\u0645\u0645\u0633\u0643\u0629-500-\u063a-\u0627\u0644\u0631\u0641\u0627\u0639\u064a-.png","width":1890,"height":1890,"caption":"Einbau mit Halterung 500 g Al Rifai"},{"@type":"BreadcrumbList","@id":"https:\/\/yasminfood.ch\/de\/product\/einbau-mit-halterung-500-g-al-rifai\/#breadcrumb","itemListElement":[{"@type":"ListItem","position":1,"name":"\u0627\u0644\u0631\u0626\u064a\u0633\u064a\u0629","item":"https:\/\/yasminfood.ch\/de\/zuhause\/"},{"@type":"ListItem","position":2,"name":"Shop","item":"https:\/\/yasminfood.ch\/de\/shop\/"},{"@type":"ListItem","position":3,"name":"Dessert &amp; Chips","item":"https:\/\/yasminfood.ch\/de\/produkt-kategorie\/dessert-chips-2\/"},{"@type":"ListItem","position":4,"name":"Arabische s\u00fc\u00dfigkeiten","item":"https:\/\/yasminfood.ch\/de\/produkt-kategorie\/dessert-chips-2\/arabische-suessigkeiten\/"},{"@type":"ListItem","position":5,"name":"Ruhegriff 400 g Rifai"}]},{"@type":"WebSite","@id":"https:\/\/yasminfood.ch\/de\/#website","url":"https:\/\/yasminfood.ch\/de\/","name":"\u064a\u0627\u0633\u0645\u064a\u0646 \u0645\u0627\u0631\u0643\u062a","description":"Alles, was Sie brauchen, an einem Ort","publisher":{"@id":"https:\/\/yasminfood.ch\/de\/#organization"},"alternateName":"Yasmin Food","potentialAction":[{"@type":"SearchAction","target":{"@type":"EntryPoint","urlTemplate":"https:\/\/yasminfood.ch\/de\/?s={search_term_string}"},"query-input":{"@type":"PropertyValueSpecification","valueRequired":true,"valueName":"search_term_string"}}],"inLanguage":"de"},{"@type":"Organization","@id":"https:\/\/yasminfood.ch\/de\/#organization","name":"\u064a\u0627\u0633\u0645\u064a\u0646 \u0645\u0627\u0631\u0643\u062a","alternateName":"Yasmin Food","url":"https:\/\/yasminfood.ch\/de\/","logo":{"@type":"ImageObject","inLanguage":"de","@id":"https:\/\/yasminfood.ch\/de\/#\/schema\/logo\/image\/","url":"https:\/\/yasminfood.ch\/wp-content\/uploads\/2025\/05\/yasmin-food-header-logo.png","contentUrl":"https:\/\/yasminfood.ch\/wp-content\/uploads\/2025\/05\/yasmin-food-header-logo.png","width":330,"height":120,"caption":"\u064a\u0627\u0633\u0645\u064a\u0646 \u0645\u0627\u0631\u0643\u062a"},"image":{"@id":"https:\/\/yasminfood.ch\/de\/#\/schema\/logo\/image\/"},"sameAs":["https:\/\/www.facebook.com\/yasminmarkt1","https:\/\/www.tiktok.com\/@yasminmarkt","https:\/\/www.instagram.com\/yasmin.markt1\/","https:\/\/api.whatsapp.com\/send\/?phone=41799000104"],"publishingPrinciples":"https:\/\/yasminfood.ch\/de\/shop\/","ownershipFundingInfo":"https:\/\/yasminfood.ch\/de\/shop\/"}]},"product_price_amount":"4.95","product_price_currency":"CHF","og_availability":"out of stock","product_availability":"out of stock","product_condition":"new"},"jetpack_sharing_enabled":true,"_links":{"self":[{"href":"https:\/\/yasminfood.ch\/de\/wp-json\/wp\/v2\/product\/117504","targetHints":{"allow":["GET"]}}],"collection":[{"href":"https:\/\/yasminfood.ch\/de\/wp-json\/wp\/v2\/product"}],"about":[{"href":"https:\/\/yasminfood.ch\/de\/wp-json\/wp\/v2\/types\/product"}],"replies":[{"embeddable":true,"href":"https:\/\/yasminfood.ch\/de\/wp-json\/wp\/v2\/comments?post=117504"}],"version-history":[{"count":2,"href":"https:\/\/yasminfood.ch\/de\/wp-json\/wp\/v2\/product\/117504\/revisions"}],"predecessor-version":[{"id":118568,"href":"https:\/\/yasminfood.ch\/de\/wp-json\/wp\/v2\/product\/117504\/revisions\/118568"}],"wp:featuredmedia":[{"embeddable":true,"href":"https:\/\/yasminfood.ch\/de\/wp-json\/wp\/v2\/media\/117458"}],"wp:attachment":[{"href":"https:\/\/yasminfood.ch\/de\/wp-json\/wp\/v2\/media?parent=117504"}],"wp:term":[{"taxonomy":"product_brand","embeddable":true,"href":"https:\/\/yasminfood.ch\/de\/wp-json\/wp\/v2\/product_brand?post=117504"},{"taxonomy":"product_cat","embeddable":true,"href":"https:\/\/yasminfood.ch\/de\/wp-json\/wp\/v2\/product_cat?post=117504"},{"taxonomy":"product_tag","embeddable":true,"href":"https:\/\/yasminfood.ch\/de\/wp-json\/wp\/v2\/product_tag?post=117504"}],"curies":[{"name":"wp","href":"https:\/\/api.w.org\/{rel}","templated":true}]}}