{"id":117525,"date":"2025-06-19T16:07:26","date_gmt":"2025-06-19T14:07:26","guid":{"rendered":"https:\/\/yasminfood.ch\/product\/eingelegte-gurke-lara-660g\/"},"modified":"2025-06-20T00:47:09","modified_gmt":"2025-06-19T22:47:09","slug":"eingelegte-gurke-lara-660g","status":"publish","type":"product","link":"https:\/\/yasminfood.ch\/de\/product\/eingelegte-gurke-lara-660g\/","title":{"rendered":"Eingelegte Gurke Lara 660g"},"content":{"rendered":"<p><strong>Eingelegte Gurke Lara 660g<\/strong> knusprig, erfrischend und schonend mit feinsten Gurken zubereitet, ideal als orientalische Vorspeise oder Essensbegleiter  <\/p>\n<ul>\n<li>Zubereitet mit einer frischen, sorgf\u00e4ltig ausgew\u00e4hlten Gurke, die in eine L\u00f6sung aus nat\u00fcrlichem Essig und traditionellen orientalischen Gew\u00fcrzen getaucht wird. <\/li>\n<li>Diese Gurke zeichnet sich durch ihre einzigartige Knusprigkeit und ihr geschmackliches Gleichgewicht zwischen S\u00e4ure und Salzgehalt aus.<\/li>\n<li>Damit ist es die perfekte Wahl als Vorspeise zu Gegrillten, Sandwiches oder auf dem Tisch zu Hauptgerichten. <\/li>\n<\/ul>\n<p data-start=\"643\" data-end=\"728\">Das Produkt wird in <strong data-start=\"658\" data-end=\"682\">einer Glasflasche geliefert, die<\/strong> Geschmack und Textur bewahrt und die Verwendung und Lagerung erleichtert.<\/p>\n<hr data-start=\"730\" data-end=\"733\">\n<p data-start=\"735\" data-end=\"749\"><strong data-start=\"735\" data-end=\"749\">\u2705 Funktionen:<\/strong><\/p>\n<ul data-start=\"750\" data-end=\"886\">\n<li data-start=\"750\" data-end=\"770\">\n<p data-start=\"752\" data-end=\"770\">Knusprige und frische Gurke<\/p>\n<\/li>\n<li data-start=\"807\" data-end=\"829\">\n<p data-start=\"809\" data-end=\"829\">Orientalischer traditioneller Geschmack<\/p>\n<\/li>\n<li data-start=\"830\" data-end=\"859\">\n<p data-start=\"832\" data-end=\"859\">Ideal f\u00fcr Mahlzeiten und Sandwiches<\/p>\n<\/li>\n<li data-start=\"860\" data-end=\"886\">\n<p data-start=\"862\" data-end=\"886\">Hygienische und sichere Glasverpackungen<\/p>\n<\/li>\n<\/ul>\n<hr data-start=\"888\" data-end=\"891\">\n<p data-start=\"893\" data-end=\"915\"><strong data-start=\"893\" data-end=\"915\">\ud83d\udce6 Produktinformation:<\/strong><\/p>\n<ul data-start=\"916\" data-end=\"1066\">\n<li data-start=\"916\" data-end=\"946\">\n<p data-start=\"918\" data-end=\"946\"><strong data-start=\"918\" data-end=\"935\">Nettogewicht:<\/strong> 660 g<\/p>\n<\/li>\n<li data-start=\"947\" data-end=\"977\">\n<p data-start=\"949\" data-end=\"977\"><strong data-start=\"949\" data-end=\"970\">Hersteller:<\/strong> Lara<\/p>\n<\/li>\n<li data-start=\"978\" data-end=\"1002\">\n<p data-start=\"980\" data-end=\"1002\"><strong data-start=\"980\" data-end=\"995\">Verpackungstyp:<\/strong> Glas<\/p>\n<\/li>\n<li data-start=\"1003\" data-end=\"1066\">\n<p data-start=\"1005\" data-end=\"1066\">\n<\/li>\n<\/ul>\n","protected":false},"excerpt":{"rendered":"<p class=\"ai-optimize-26 ai-optimize-introduction\"><strong>Eingelegte Gurke Lara 660g<\/strong> knusprig, erfrischend und schonend mit feinsten Gurken zubereitet, ideal als orientalische Vorspeise oder Essensbegleiter  <\/p>\n<p class=\"ai-optimize-27\" data-start=\"328\" data-end=\"641\">Zubereitet mit einer sorgf\u00e4ltig ausgew\u00e4hlten frischen Gurke, getaucht in eine nat\u00fcrliche Essigl\u00f6sung und traditionelle orientalische Gew\u00fcrze <\/p>\n","protected":false},"featured_media":117521,"comment_status":"open","ping_status":"closed","template":"","meta":[],"product_brand":[],"product_cat":[257,245],"product_tag":[],"class_list":{"0":"post-117525","1":"product","2":"type-product","3":"status-publish","4":"has-post-thumbnail","6":"product_cat-eingelegtes-gemuse","7":"product_cat-konserven-lebensmittel","9":"first","10":"instock","11":"taxable","12":"shipping-taxable","13":"purchasable","14":"product-type-simple"},"yoast_head":"<!-- This site is optimized with the Yoast SEO Premium plugin v26.5 (Yoast SEO v27.3) - https:\/\/yoast.com\/product\/yoast-seo-premium-wordpress\/ -->\n<title>Eingelegte Gurke Lara 660g - Yasmin Food<\/title>\n<meta name=\"description\" content=\"Genie\u00dfen Sie den eingelegten Crunch von Lara Gurke 660g, frisch und in einer sicheren Flasche aufbewahrt. Perfekt zu Ihren Lieblingsgerichten, holen Sie es sich noch heute! Yasmin Food Eingelegte Gurke Lara 660g\" \/>\n<meta name=\"robots\" content=\"index, follow, max-snippet:-1, max-image-preview:large, max-video-preview:-1\" \/>\n<link rel=\"canonical\" href=\"https:\/\/yasminfood.ch\/de\/product\/eingelegte-gurke-lara-660g\/\" \/>\n<meta property=\"og:locale\" content=\"de_DE\" \/>\n<meta property=\"og:type\" content=\"article\" \/>\n<meta property=\"og:title\" content=\"Eingelegte Gurke Lara 660g\" \/>\n<meta property=\"og:description\" content=\"Eingelegte Gurke Lara 660g knusprig, erfrischend und schonend mit feinsten Gurken zubereitet, ideal als orientalische Vorspeise oder Essensbegleiter  Zubereitet mit einer sorgf\u00e4ltig ausgew\u00e4hlten frischen Gurke, getaucht in eine nat\u00fcrliche Essigl\u00f6sung und traditionelle orientalische Gew\u00fcrze\" \/>\n<meta property=\"og:url\" content=\"https:\/\/yasminfood.ch\/de\/product\/eingelegte-gurke-lara-660g\/\" \/>\n<meta property=\"og:site_name\" content=\"Yasmin Food\" \/>\n<meta property=\"article:publisher\" content=\"https:\/\/www.facebook.com\/yasminmarkt1\" \/>\n<meta property=\"article:modified_time\" content=\"2025-06-19T22:47:09+00:00\" \/>\n<meta property=\"og:image\" content=\"https:\/\/yasminfood.ch\/wp-content\/uploads\/2025\/06\/\u0645\u062e\u0644\u0644-\u062e\u064a\u0627\u0631-\u0644\u0627\u0631\u0627-660\u063a.png\" \/>\n\t<meta property=\"og:image:width\" content=\"1890\" \/>\n\t<meta property=\"og:image:height\" content=\"1890\" \/>\n\t<meta property=\"og:image:type\" content=\"image\/png\" \/>\n<meta name=\"twitter:card\" content=\"summary_large_image\" \/>\n<meta name=\"twitter:label1\" content=\"Preis\" \/>\n\t<meta name=\"twitter:data1\" content=\"4.50&nbsp;&#067;&#072;&#070;\" \/>\n\t<meta name=\"twitter:label2\" content=\"Verf\u00fcgbarkeit\" \/>\n\t<meta name=\"twitter:data2\" content=\"Auf Lager\" \/>\n<script type=\"application\/ld+json\" class=\"yoast-schema-graph\">{\"@context\":\"https:\\\/\\\/schema.org\",\"@graph\":[{\"@type\":\"WebPage\",\"@id\":\"https:\\\/\\\/yasminfood.ch\\\/de\\\/product\\\/eingelegte-gurke-lara-660g\\\/\",\"url\":\"https:\\\/\\\/yasminfood.ch\\\/de\\\/product\\\/eingelegte-gurke-lara-660g\\\/\",\"name\":\"Eingelegte Gurke Lara 660g - Yasmin Food\",\"isPartOf\":{\"@id\":\"https:\\\/\\\/yasminfood.ch\\\/de\\\/#website\"},\"primaryImageOfPage\":{\"@id\":\"https:\\\/\\\/yasminfood.ch\\\/de\\\/product\\\/eingelegte-gurke-lara-660g\\\/#primaryimage\"},\"image\":{\"@id\":\"https:\\\/\\\/yasminfood.ch\\\/de\\\/product\\\/eingelegte-gurke-lara-660g\\\/#primaryimage\"},\"thumbnailUrl\":\"https:\\\/\\\/yasminfood.ch\\\/wp-content\\\/uploads\\\/2025\\\/06\\\/\u0645\u062e\u0644\u0644-\u062e\u064a\u0627\u0631-\u0644\u0627\u0631\u0627-660\u063a.png\",\"datePublished\":\"2025-06-19T14:07:26+00:00\",\"dateModified\":\"2025-06-19T22:47:09+00:00\",\"description\":\"Genie\u00dfen Sie den eingelegten Crunch von Lara Gurke 660g, frisch und in einer sicheren Flasche aufbewahrt. Perfekt zu Ihren Lieblingsgerichten, holen Sie es sich noch heute! Yasmin Food Eingelegte Gurke Lara 660g\",\"breadcrumb\":{\"@id\":\"https:\\\/\\\/yasminfood.ch\\\/de\\\/product\\\/eingelegte-gurke-lara-660g\\\/#breadcrumb\"},\"inLanguage\":\"de\",\"potentialAction\":[{\"@type\":\"ReadAction\",\"target\":[\"https:\\\/\\\/yasminfood.ch\\\/de\\\/product\\\/eingelegte-gurke-lara-660g\\\/\"]}]},{\"@type\":\"ImageObject\",\"inLanguage\":\"de\",\"@id\":\"https:\\\/\\\/yasminfood.ch\\\/de\\\/product\\\/eingelegte-gurke-lara-660g\\\/#primaryimage\",\"url\":\"https:\\\/\\\/yasminfood.ch\\\/wp-content\\\/uploads\\\/2025\\\/06\\\/\u0645\u062e\u0644\u0644-\u062e\u064a\u0627\u0631-\u0644\u0627\u0631\u0627-660\u063a.png\",\"contentUrl\":\"https:\\\/\\\/yasminfood.ch\\\/wp-content\\\/uploads\\\/2025\\\/06\\\/\u0645\u062e\u0644\u0644-\u062e\u064a\u0627\u0631-\u0644\u0627\u0631\u0627-660\u063a.png\",\"width\":1890,\"height\":1890,\"caption\":\"Eingelegte Gurke Lara 660g\"},{\"@type\":\"BreadcrumbList\",\"@id\":\"https:\\\/\\\/yasminfood.ch\\\/de\\\/product\\\/eingelegte-gurke-lara-660g\\\/#breadcrumb\",\"itemListElement\":[{\"@type\":\"ListItem\",\"position\":1,\"name\":\"\u0627\u0644\u0631\u0626\u064a\u0633\u064a\u0629\",\"item\":\"https:\\\/\\\/yasminfood.ch\\\/de\\\/zuhause\\\/\"},{\"@type\":\"ListItem\",\"position\":2,\"name\":\"Shop\",\"item\":\"https:\\\/\\\/yasminfood.ch\\\/de\\\/shop\\\/\"},{\"@type\":\"ListItem\",\"position\":3,\"name\":\"Konserven - Lebensmittel\",\"item\":\"https:\\\/\\\/yasminfood.ch\\\/de\\\/produkt-kategorie\\\/konserven-lebensmittel\\\/\"},{\"@type\":\"ListItem\",\"position\":4,\"name\":\"Eingelegtes Gem\u00fcse\",\"item\":\"https:\\\/\\\/yasminfood.ch\\\/de\\\/produkt-kategorie\\\/konserven-lebensmittel\\\/eingelegtes-gemuse\\\/\"},{\"@type\":\"ListItem\",\"position\":5,\"name\":\"Eingelegte Gurke Lara 660g\"}]},{\"@type\":\"WebSite\",\"@id\":\"https:\\\/\\\/yasminfood.ch\\\/de\\\/#website\",\"url\":\"https:\\\/\\\/yasminfood.ch\\\/de\\\/\",\"name\":\"\u064a\u0627\u0633\u0645\u064a\u0646 \u0645\u0627\u0631\u0643\u062a\",\"description\":\"Alles, was Sie brauchen, an einem Ort\",\"publisher\":{\"@id\":\"https:\\\/\\\/yasminfood.ch\\\/de\\\/#organization\"},\"alternateName\":\"Yasmin Food\",\"potentialAction\":[{\"@type\":\"SearchAction\",\"target\":{\"@type\":\"EntryPoint\",\"urlTemplate\":\"https:\\\/\\\/yasminfood.ch\\\/de\\\/?s={search_term_string}\"},\"query-input\":{\"@type\":\"PropertyValueSpecification\",\"valueRequired\":true,\"valueName\":\"search_term_string\"}}],\"inLanguage\":\"de\"},{\"@type\":\"Organization\",\"@id\":\"https:\\\/\\\/yasminfood.ch\\\/de\\\/#organization\",\"name\":\"\u064a\u0627\u0633\u0645\u064a\u0646 \u0645\u0627\u0631\u0643\u062a\",\"alternateName\":\"Yasmin Food\",\"url\":\"https:\\\/\\\/yasminfood.ch\\\/de\\\/\",\"logo\":{\"@type\":\"ImageObject\",\"inLanguage\":\"de\",\"@id\":\"https:\\\/\\\/yasminfood.ch\\\/de\\\/#\\\/schema\\\/logo\\\/image\\\/\",\"url\":\"https:\\\/\\\/yasminfood.ch\\\/wp-content\\\/uploads\\\/2025\\\/05\\\/yasmin-food-header-logo.png\",\"contentUrl\":\"https:\\\/\\\/yasminfood.ch\\\/wp-content\\\/uploads\\\/2025\\\/05\\\/yasmin-food-header-logo.png\",\"width\":330,\"height\":120,\"caption\":\"\u064a\u0627\u0633\u0645\u064a\u0646 \u0645\u0627\u0631\u0643\u062a\"},\"image\":{\"@id\":\"https:\\\/\\\/yasminfood.ch\\\/de\\\/#\\\/schema\\\/logo\\\/image\\\/\"},\"sameAs\":[\"https:\\\/\\\/www.facebook.com\\\/yasminmarkt1\",\"https:\\\/\\\/www.tiktok.com\\\/@yasminmarkt\",\"https:\\\/\\\/www.instagram.com\\\/yasmin.markt1\\\/\",\"https:\\\/\\\/api.whatsapp.com\\\/send\\\/?phone=41799000104\"],\"publishingPrinciples\":\"https:\\\/\\\/yasminfood.ch\\\/de\\\/shop\\\/\",\"ownershipFundingInfo\":\"https:\\\/\\\/yasminfood.ch\\\/de\\\/shop\\\/\"}]}<\/script>\n<meta property=\"product:price:amount\" content=\"4.50\" \/>\n<meta property=\"product:price:currency\" content=\"CHF\" \/>\n<meta property=\"og:availability\" content=\"instock\" \/>\n<meta property=\"product:availability\" content=\"instock\" \/>\n<meta property=\"product:condition\" content=\"new\" \/>\n<!-- \/ Yoast SEO Premium plugin. -->","yoast_head_json":{"title":"Eingelegte Gurke Lara 660g - Yasmin Food","description":"Genie\u00dfen Sie den eingelegten Crunch von Lara Gurke 660g, frisch und in einer sicheren Flasche aufbewahrt. Perfekt zu Ihren Lieblingsgerichten, holen Sie es sich noch heute! Yasmin Food Eingelegte Gurke Lara 660g","robots":{"index":"index","follow":"follow","max-snippet":"max-snippet:-1","max-image-preview":"max-image-preview:large","max-video-preview":"max-video-preview:-1"},"canonical":"https:\/\/yasminfood.ch\/de\/product\/eingelegte-gurke-lara-660g\/","og_locale":"de_DE","og_type":"article","og_title":"Eingelegte Gurke Lara 660g","og_description":"Eingelegte Gurke Lara 660g knusprig, erfrischend und schonend mit feinsten Gurken zubereitet, ideal als orientalische Vorspeise oder Essensbegleiter  Zubereitet mit einer sorgf\u00e4ltig ausgew\u00e4hlten frischen Gurke, getaucht in eine nat\u00fcrliche Essigl\u00f6sung und traditionelle orientalische Gew\u00fcrze","og_url":"https:\/\/yasminfood.ch\/de\/product\/eingelegte-gurke-lara-660g\/","og_site_name":"Yasmin Food","article_publisher":"https:\/\/www.facebook.com\/yasminmarkt1","article_modified_time":"2025-06-19T22:47:09+00:00","og_image":[{"width":1890,"height":1890,"url":"https:\/\/yasminfood.ch\/wp-content\/uploads\/2025\/06\/\u0645\u062e\u0644\u0644-\u062e\u064a\u0627\u0631-\u0644\u0627\u0631\u0627-660\u063a.png","type":"image\/png"}],"twitter_card":"summary_large_image","twitter_misc":{"Preis":"4.50&nbsp;&#67;&#72;&#70;","Verf\u00fcgbarkeit":"Auf Lager"},"schema":{"@context":"https:\/\/schema.org","@graph":[{"@type":"WebPage","@id":"https:\/\/yasminfood.ch\/de\/product\/eingelegte-gurke-lara-660g\/","url":"https:\/\/yasminfood.ch\/de\/product\/eingelegte-gurke-lara-660g\/","name":"Eingelegte Gurke Lara 660g - Yasmin Food","isPartOf":{"@id":"https:\/\/yasminfood.ch\/de\/#website"},"primaryImageOfPage":{"@id":"https:\/\/yasminfood.ch\/de\/product\/eingelegte-gurke-lara-660g\/#primaryimage"},"image":{"@id":"https:\/\/yasminfood.ch\/de\/product\/eingelegte-gurke-lara-660g\/#primaryimage"},"thumbnailUrl":"https:\/\/yasminfood.ch\/wp-content\/uploads\/2025\/06\/\u0645\u062e\u0644\u0644-\u062e\u064a\u0627\u0631-\u0644\u0627\u0631\u0627-660\u063a.png","datePublished":"2025-06-19T14:07:26+00:00","dateModified":"2025-06-19T22:47:09+00:00","description":"Genie\u00dfen Sie den eingelegten Crunch von Lara Gurke 660g, frisch und in einer sicheren Flasche aufbewahrt. Perfekt zu Ihren Lieblingsgerichten, holen Sie es sich noch heute! Yasmin Food Eingelegte Gurke Lara 660g","breadcrumb":{"@id":"https:\/\/yasminfood.ch\/de\/product\/eingelegte-gurke-lara-660g\/#breadcrumb"},"inLanguage":"de","potentialAction":[{"@type":"ReadAction","target":["https:\/\/yasminfood.ch\/de\/product\/eingelegte-gurke-lara-660g\/"]}]},{"@type":"ImageObject","inLanguage":"de","@id":"https:\/\/yasminfood.ch\/de\/product\/eingelegte-gurke-lara-660g\/#primaryimage","url":"https:\/\/yasminfood.ch\/wp-content\/uploads\/2025\/06\/\u0645\u062e\u0644\u0644-\u062e\u064a\u0627\u0631-\u0644\u0627\u0631\u0627-660\u063a.png","contentUrl":"https:\/\/yasminfood.ch\/wp-content\/uploads\/2025\/06\/\u0645\u062e\u0644\u0644-\u062e\u064a\u0627\u0631-\u0644\u0627\u0631\u0627-660\u063a.png","width":1890,"height":1890,"caption":"Eingelegte Gurke Lara 660g"},{"@type":"BreadcrumbList","@id":"https:\/\/yasminfood.ch\/de\/product\/eingelegte-gurke-lara-660g\/#breadcrumb","itemListElement":[{"@type":"ListItem","position":1,"name":"\u0627\u0644\u0631\u0626\u064a\u0633\u064a\u0629","item":"https:\/\/yasminfood.ch\/de\/zuhause\/"},{"@type":"ListItem","position":2,"name":"Shop","item":"https:\/\/yasminfood.ch\/de\/shop\/"},{"@type":"ListItem","position":3,"name":"Konserven - Lebensmittel","item":"https:\/\/yasminfood.ch\/de\/produkt-kategorie\/konserven-lebensmittel\/"},{"@type":"ListItem","position":4,"name":"Eingelegtes Gem\u00fcse","item":"https:\/\/yasminfood.ch\/de\/produkt-kategorie\/konserven-lebensmittel\/eingelegtes-gemuse\/"},{"@type":"ListItem","position":5,"name":"Eingelegte Gurke Lara 660g"}]},{"@type":"WebSite","@id":"https:\/\/yasminfood.ch\/de\/#website","url":"https:\/\/yasminfood.ch\/de\/","name":"\u064a\u0627\u0633\u0645\u064a\u0646 \u0645\u0627\u0631\u0643\u062a","description":"Alles, was Sie brauchen, an einem Ort","publisher":{"@id":"https:\/\/yasminfood.ch\/de\/#organization"},"alternateName":"Yasmin Food","potentialAction":[{"@type":"SearchAction","target":{"@type":"EntryPoint","urlTemplate":"https:\/\/yasminfood.ch\/de\/?s={search_term_string}"},"query-input":{"@type":"PropertyValueSpecification","valueRequired":true,"valueName":"search_term_string"}}],"inLanguage":"de"},{"@type":"Organization","@id":"https:\/\/yasminfood.ch\/de\/#organization","name":"\u064a\u0627\u0633\u0645\u064a\u0646 \u0645\u0627\u0631\u0643\u062a","alternateName":"Yasmin Food","url":"https:\/\/yasminfood.ch\/de\/","logo":{"@type":"ImageObject","inLanguage":"de","@id":"https:\/\/yasminfood.ch\/de\/#\/schema\/logo\/image\/","url":"https:\/\/yasminfood.ch\/wp-content\/uploads\/2025\/05\/yasmin-food-header-logo.png","contentUrl":"https:\/\/yasminfood.ch\/wp-content\/uploads\/2025\/05\/yasmin-food-header-logo.png","width":330,"height":120,"caption":"\u064a\u0627\u0633\u0645\u064a\u0646 \u0645\u0627\u0631\u0643\u062a"},"image":{"@id":"https:\/\/yasminfood.ch\/de\/#\/schema\/logo\/image\/"},"sameAs":["https:\/\/www.facebook.com\/yasminmarkt1","https:\/\/www.tiktok.com\/@yasminmarkt","https:\/\/www.instagram.com\/yasmin.markt1\/","https:\/\/api.whatsapp.com\/send\/?phone=41799000104"],"publishingPrinciples":"https:\/\/yasminfood.ch\/de\/shop\/","ownershipFundingInfo":"https:\/\/yasminfood.ch\/de\/shop\/"}]},"product_price_amount":"4.50","product_price_currency":"CHF","og_availability":"instock","product_availability":"instock","product_condition":"new"},"jetpack_sharing_enabled":true,"_links":{"self":[{"href":"https:\/\/yasminfood.ch\/de\/wp-json\/wp\/v2\/product\/117525","targetHints":{"allow":["GET"]}}],"collection":[{"href":"https:\/\/yasminfood.ch\/de\/wp-json\/wp\/v2\/product"}],"about":[{"href":"https:\/\/yasminfood.ch\/de\/wp-json\/wp\/v2\/types\/product"}],"replies":[{"embeddable":true,"href":"https:\/\/yasminfood.ch\/de\/wp-json\/wp\/v2\/comments?post=117525"}],"version-history":[{"count":0,"href":"https:\/\/yasminfood.ch\/de\/wp-json\/wp\/v2\/product\/117525\/revisions"}],"wp:featuredmedia":[{"embeddable":true,"href":"https:\/\/yasminfood.ch\/de\/wp-json\/wp\/v2\/media\/117521"}],"wp:attachment":[{"href":"https:\/\/yasminfood.ch\/de\/wp-json\/wp\/v2\/media?parent=117525"}],"wp:term":[{"taxonomy":"product_brand","embeddable":true,"href":"https:\/\/yasminfood.ch\/de\/wp-json\/wp\/v2\/product_brand?post=117525"},{"taxonomy":"product_cat","embeddable":true,"href":"https:\/\/yasminfood.ch\/de\/wp-json\/wp\/v2\/product_cat?post=117525"},{"taxonomy":"product_tag","embeddable":true,"href":"https:\/\/yasminfood.ch\/de\/wp-json\/wp\/v2\/product_tag?post=117525"}],"curies":[{"name":"wp","href":"https:\/\/api.w.org\/{rel}","templated":true}]}}