{"id":117581,"date":"2025-06-23T18:05:36","date_gmt":"2025-06-23T16:17:53","guid":{"rendered":"https:\/\/yasminfood.ch\/product\/eingelegte-gruene-chili-720g-yaren\/"},"modified":"2025-06-23T18:17:53","modified_gmt":"2025-06-23T16:17:53","slug":"eingelegte-gruene-chili-720g-yaren","status":"publish","type":"product","link":"https:\/\/yasminfood.ch\/de\/product\/eingelegte-gruene-chili-720g-yaren\/","title":{"rendered":"Eingelegte gr\u00fcne Chili 720g Yaren"},"content":{"rendered":"<p>Eingelegte gr\u00fcne Chili 720g Yaren<\/p>\n<p data-start=\"140\" data-end=\"286\"><strong data-start=\"140\" data-end=\"190\">Ein authentischer orientalischer Geschmack mit w\u00fcrzigem Charakter f\u00fcr Liebhaber des k\u00fchnen Geschmacks!<\/strong><br data-start=\"190\" data-end=\"193\">Die eingelegte gr\u00fcne Chilischote von Yaren kommt mit perfekter Frische und einem scharfen Geschmack, der den Geschmack Ihrer t\u00e4glichen Gerichte verbessert.<\/p>\n<ul data-start=\"317\" data-end=\"572\">\n<li data-start=\"317\" data-end=\"343\">\n<p data-start=\"319\" data-end=\"343\"><strong data-start=\"319\" data-end=\"332\">Nettogewicht:<\/strong> 720g<\/p>\n<\/li>\n<li data-start=\"344\" data-end=\"383\">\n<p data-start=\"346\" data-end=\"383\"><strong data-start=\"346\" data-end=\"361\">Pfeffersorte:<\/strong> Nat\u00fcrlicher gr\u00fcner Peperoni<\/p>\n<\/li>\n<li data-start=\"384\" data-end=\"442\">\n<p data-start=\"386\" data-end=\"442\"><strong data-start=\"386\" data-end=\"397\">Geschmack:<\/strong> w\u00fcrzig, salzig und ausgewogen mit reinem Essig und ausgew\u00e4hlten Gew\u00fcrzen <\/p>\n<\/li>\n<li data-start=\"443\" data-end=\"505\">\n<p data-start=\"445\" data-end=\"505\"><strong data-start=\"445\" data-end=\"463\">Kochen:<\/strong> Traditionelles Einlegen bewahrt Knusprigkeit und Frische<\/p>\n<\/li>\n<li data-start=\"506\" data-end=\"572\">\n<p data-start=\"508\" data-end=\"572\"><strong data-start=\"508\" data-end=\"520\">Verpackung:<\/strong> Luftdichte Glasflasche zur Erhaltung von Geschmack und Qualit\u00e4t<\/p>\n<\/li>\n<li data-start=\"763\" data-end=\"799\">\n<p data-start=\"765\" data-end=\"799\">Eine perfekte Erg\u00e4nzung zu Grills und Sandwiches<\/p>\n<\/li>\n<li data-start=\"800\" data-end=\"830\">\n<p data-start=\"802\" data-end=\"830\">Vorspeisen auf dem orientalischen Tisch<\/p>\n<\/li>\n<li data-start=\"831\" data-end=\"866\">\n<p data-start=\"833\" data-end=\"866\">Verbessert den Geschmack von w\u00fcrziger hausgemachter K\u00fcche<\/p>\n<\/li>\n<\/ul>\n","protected":false},"excerpt":{"rendered":"<p>Eingelegte gr\u00fcne Chili 720g Yaren<\/p>\n<p data-start=\"140\" data-end=\"286\"><strong data-start=\"140\" data-end=\"190\">Ein authentischer orientalischer Geschmack mit w\u00fcrzigem Charakter f\u00fcr Liebhaber des k\u00fchnen Geschmacks!<\/strong><br data-start=\"190\" data-end=\"193\">Die eingelegte gr\u00fcne Chilischote von Yaren kommt mit perfekter Frische und einem scharfen Geschmack, der den Geschmack Ihrer t\u00e4glichen Gerichte verbessert.<\/p>\n","protected":false},"featured_media":117559,"comment_status":"open","ping_status":"closed","template":"","meta":[],"product_brand":[],"product_cat":[257,245],"product_tag":[],"class_list":{"0":"post-117581","1":"product","2":"type-product","3":"status-publish","4":"has-post-thumbnail","6":"product_cat-eingelegtes-gemuse","7":"product_cat-konserven-lebensmittel","9":"first","10":"instock","11":"taxable","12":"shipping-taxable","13":"purchasable","14":"product-type-simple"},"yoast_head":"<!-- This site is optimized with the Yoast SEO Premium plugin v26.5 (Yoast SEO v27.3) - https:\/\/yoast.com\/product\/yoast-seo-premium-wordpress\/ -->\n<title>Eingelegte gr\u00fcne Chili 720g Yaren - Yasmin Food<\/title>\n<meta name=\"description\" content=\"Entdecken Sie den Geschmack von eingelegtem gr\u00fcnem Chili 720g Yaren, perfekt f\u00fcr Ihre t\u00e4glichen Mahlzeiten! Eine gro\u00dfartige Erg\u00e4nzung zu Grills und Sandwiches, probieren Sie es jetzt aus! Yasmin Food\" \/>\n<meta name=\"robots\" content=\"index, follow, max-snippet:-1, max-image-preview:large, max-video-preview:-1\" \/>\n<link rel=\"canonical\" href=\"https:\/\/yasminfood.ch\/de\/product\/eingelegte-gruene-chili-720g-yaren\/\" \/>\n<meta property=\"og:locale\" content=\"de_DE\" \/>\n<meta property=\"og:type\" content=\"article\" \/>\n<meta property=\"og:title\" content=\"Eingelegte gr\u00fcne Chili 720g Yaren\" \/>\n<meta property=\"og:description\" content=\"Eingelegte gr\u00fcne Chili 720g Yaren Ein authentischer orientalischer Geschmack mit w\u00fcrzigem Charakter f\u00fcr Liebhaber des k\u00fchnen Geschmacks!Die eingelegte gr\u00fcne Chilischote von Yaren kommt mit perfekter Frische und einem scharfen Geschmack, der den Geschmack Ihrer t\u00e4glichen Gerichte verbessert.\" \/>\n<meta property=\"og:url\" content=\"https:\/\/yasminfood.ch\/de\/product\/eingelegte-gruene-chili-720g-yaren\/\" \/>\n<meta property=\"og:site_name\" content=\"Yasmin Food\" \/>\n<meta property=\"article:publisher\" content=\"https:\/\/www.facebook.com\/yasminmarkt1\" \/>\n<meta property=\"og:image\" content=\"https:\/\/yasminfood.ch\/wp-content\/uploads\/2025\/06\/\u0645\u062e\u0644\u0644-\u0641\u0644\u0641\u0644-\u062d\u0631-\u0623\u062e\u0636\u0631-720\u063a-Yaren.png\" \/>\n\t<meta property=\"og:image:width\" content=\"1080\" \/>\n\t<meta property=\"og:image:height\" content=\"1080\" \/>\n\t<meta property=\"og:image:type\" content=\"image\/png\" \/>\n<meta name=\"twitter:card\" content=\"summary_large_image\" \/>\n<meta name=\"twitter:label1\" content=\"Preis\" \/>\n\t<meta name=\"twitter:data1\" content=\"4.95&nbsp;&#067;&#072;&#070;\" \/>\n\t<meta name=\"twitter:label2\" content=\"Verf\u00fcgbarkeit\" \/>\n\t<meta name=\"twitter:data2\" content=\"Auf Lager\" \/>\n<script type=\"application\/ld+json\" class=\"yoast-schema-graph\">{\"@context\":\"https:\\\/\\\/schema.org\",\"@graph\":[{\"@type\":\"WebPage\",\"@id\":\"https:\\\/\\\/yasminfood.ch\\\/de\\\/product\\\/eingelegte-gruene-chili-720g-yaren\\\/\",\"url\":\"https:\\\/\\\/yasminfood.ch\\\/de\\\/product\\\/eingelegte-gruene-chili-720g-yaren\\\/\",\"name\":\"Eingelegte gr\u00fcne Chili 720g Yaren - Yasmin Food\",\"isPartOf\":{\"@id\":\"https:\\\/\\\/yasminfood.ch\\\/de\\\/#website\"},\"primaryImageOfPage\":{\"@id\":\"https:\\\/\\\/yasminfood.ch\\\/de\\\/product\\\/eingelegte-gruene-chili-720g-yaren\\\/#primaryimage\"},\"image\":{\"@id\":\"https:\\\/\\\/yasminfood.ch\\\/de\\\/product\\\/eingelegte-gruene-chili-720g-yaren\\\/#primaryimage\"},\"thumbnailUrl\":\"https:\\\/\\\/yasminfood.ch\\\/wp-content\\\/uploads\\\/2025\\\/06\\\/\u0645\u062e\u0644\u0644-\u0641\u0644\u0641\u0644-\u062d\u0631-\u0623\u062e\u0636\u0631-720\u063a-Yaren.png\",\"datePublished\":\"2025-06-23T16:17:53+00:00\",\"description\":\"Entdecken Sie den Geschmack von eingelegtem gr\u00fcnem Chili 720g Yaren, perfekt f\u00fcr Ihre t\u00e4glichen Mahlzeiten! Eine gro\u00dfartige Erg\u00e4nzung zu Grills und Sandwiches, probieren Sie es jetzt aus! Yasmin Food\",\"breadcrumb\":{\"@id\":\"https:\\\/\\\/yasminfood.ch\\\/de\\\/product\\\/eingelegte-gruene-chili-720g-yaren\\\/#breadcrumb\"},\"inLanguage\":\"de\",\"potentialAction\":[{\"@type\":\"ReadAction\",\"target\":[\"https:\\\/\\\/yasminfood.ch\\\/de\\\/product\\\/eingelegte-gruene-chili-720g-yaren\\\/\"]}]},{\"@type\":\"ImageObject\",\"inLanguage\":\"de\",\"@id\":\"https:\\\/\\\/yasminfood.ch\\\/de\\\/product\\\/eingelegte-gruene-chili-720g-yaren\\\/#primaryimage\",\"url\":\"https:\\\/\\\/yasminfood.ch\\\/wp-content\\\/uploads\\\/2025\\\/06\\\/\u0645\u062e\u0644\u0644-\u0641\u0644\u0641\u0644-\u062d\u0631-\u0623\u062e\u0636\u0631-720\u063a-Yaren.png\",\"contentUrl\":\"https:\\\/\\\/yasminfood.ch\\\/wp-content\\\/uploads\\\/2025\\\/06\\\/\u0645\u062e\u0644\u0644-\u0641\u0644\u0641\u0644-\u062d\u0631-\u0623\u062e\u0636\u0631-720\u063a-Yaren.png\",\"width\":1080,\"height\":1080,\"caption\":\"Eingelegte gr\u00fcne Chili 720g Yaren\"},{\"@type\":\"BreadcrumbList\",\"@id\":\"https:\\\/\\\/yasminfood.ch\\\/de\\\/product\\\/eingelegte-gruene-chili-720g-yaren\\\/#breadcrumb\",\"itemListElement\":[{\"@type\":\"ListItem\",\"position\":1,\"name\":\"\u0627\u0644\u0631\u0626\u064a\u0633\u064a\u0629\",\"item\":\"https:\\\/\\\/yasminfood.ch\\\/de\\\/zuhause\\\/\"},{\"@type\":\"ListItem\",\"position\":2,\"name\":\"Shop\",\"item\":\"https:\\\/\\\/yasminfood.ch\\\/de\\\/shop\\\/\"},{\"@type\":\"ListItem\",\"position\":3,\"name\":\"Konserven - Lebensmittel\",\"item\":\"https:\\\/\\\/yasminfood.ch\\\/de\\\/produkt-kategorie\\\/konserven-lebensmittel\\\/\"},{\"@type\":\"ListItem\",\"position\":4,\"name\":\"Eingelegte gr\u00fcne Chili 720g Yaren\"}]},{\"@type\":\"WebSite\",\"@id\":\"https:\\\/\\\/yasminfood.ch\\\/de\\\/#website\",\"url\":\"https:\\\/\\\/yasminfood.ch\\\/de\\\/\",\"name\":\"\u064a\u0627\u0633\u0645\u064a\u0646 \u0645\u0627\u0631\u0643\u062a\",\"description\":\"Alles, was Sie brauchen, an einem Ort\",\"publisher\":{\"@id\":\"https:\\\/\\\/yasminfood.ch\\\/de\\\/#organization\"},\"alternateName\":\"Yasmin Food\",\"potentialAction\":[{\"@type\":\"SearchAction\",\"target\":{\"@type\":\"EntryPoint\",\"urlTemplate\":\"https:\\\/\\\/yasminfood.ch\\\/de\\\/?s={search_term_string}\"},\"query-input\":{\"@type\":\"PropertyValueSpecification\",\"valueRequired\":true,\"valueName\":\"search_term_string\"}}],\"inLanguage\":\"de\"},{\"@type\":\"Organization\",\"@id\":\"https:\\\/\\\/yasminfood.ch\\\/de\\\/#organization\",\"name\":\"\u064a\u0627\u0633\u0645\u064a\u0646 \u0645\u0627\u0631\u0643\u062a\",\"alternateName\":\"Yasmin Food\",\"url\":\"https:\\\/\\\/yasminfood.ch\\\/de\\\/\",\"logo\":{\"@type\":\"ImageObject\",\"inLanguage\":\"de\",\"@id\":\"https:\\\/\\\/yasminfood.ch\\\/de\\\/#\\\/schema\\\/logo\\\/image\\\/\",\"url\":\"https:\\\/\\\/yasminfood.ch\\\/wp-content\\\/uploads\\\/2025\\\/05\\\/yasmin-food-header-logo.png\",\"contentUrl\":\"https:\\\/\\\/yasminfood.ch\\\/wp-content\\\/uploads\\\/2025\\\/05\\\/yasmin-food-header-logo.png\",\"width\":330,\"height\":120,\"caption\":\"\u064a\u0627\u0633\u0645\u064a\u0646 \u0645\u0627\u0631\u0643\u062a\"},\"image\":{\"@id\":\"https:\\\/\\\/yasminfood.ch\\\/de\\\/#\\\/schema\\\/logo\\\/image\\\/\"},\"sameAs\":[\"https:\\\/\\\/www.facebook.com\\\/yasminmarkt1\",\"https:\\\/\\\/www.tiktok.com\\\/@yasminmarkt\",\"https:\\\/\\\/www.instagram.com\\\/yasmin.markt1\\\/\",\"https:\\\/\\\/api.whatsapp.com\\\/send\\\/?phone=41799000104\"],\"publishingPrinciples\":\"https:\\\/\\\/yasminfood.ch\\\/de\\\/shop\\\/\",\"ownershipFundingInfo\":\"https:\\\/\\\/yasminfood.ch\\\/de\\\/shop\\\/\"}]}<\/script>\n<meta property=\"product:price:amount\" content=\"4.95\" \/>\n<meta property=\"product:price:currency\" content=\"CHF\" \/>\n<meta property=\"og:availability\" content=\"instock\" \/>\n<meta property=\"product:availability\" content=\"instock\" \/>\n<meta property=\"product:condition\" content=\"new\" \/>\n<!-- \/ Yoast SEO Premium plugin. -->","yoast_head_json":{"title":"Eingelegte gr\u00fcne Chili 720g Yaren - Yasmin Food","description":"Entdecken Sie den Geschmack von eingelegtem gr\u00fcnem Chili 720g Yaren, perfekt f\u00fcr Ihre t\u00e4glichen Mahlzeiten! Eine gro\u00dfartige Erg\u00e4nzung zu Grills und Sandwiches, probieren Sie es jetzt aus! Yasmin Food","robots":{"index":"index","follow":"follow","max-snippet":"max-snippet:-1","max-image-preview":"max-image-preview:large","max-video-preview":"max-video-preview:-1"},"canonical":"https:\/\/yasminfood.ch\/de\/product\/eingelegte-gruene-chili-720g-yaren\/","og_locale":"de_DE","og_type":"article","og_title":"Eingelegte gr\u00fcne Chili 720g Yaren","og_description":"Eingelegte gr\u00fcne Chili 720g Yaren Ein authentischer orientalischer Geschmack mit w\u00fcrzigem Charakter f\u00fcr Liebhaber des k\u00fchnen Geschmacks!Die eingelegte gr\u00fcne Chilischote von Yaren kommt mit perfekter Frische und einem scharfen Geschmack, der den Geschmack Ihrer t\u00e4glichen Gerichte verbessert.","og_url":"https:\/\/yasminfood.ch\/de\/product\/eingelegte-gruene-chili-720g-yaren\/","og_site_name":"Yasmin Food","article_publisher":"https:\/\/www.facebook.com\/yasminmarkt1","og_image":[{"width":1080,"height":1080,"url":"https:\/\/yasminfood.ch\/wp-content\/uploads\/2025\/06\/\u0645\u062e\u0644\u0644-\u0641\u0644\u0641\u0644-\u062d\u0631-\u0623\u062e\u0636\u0631-720\u063a-Yaren.png","type":"image\/png"}],"twitter_card":"summary_large_image","twitter_misc":{"Preis":"4.95&nbsp;&#67;&#72;&#70;","Verf\u00fcgbarkeit":"Auf Lager"},"schema":{"@context":"https:\/\/schema.org","@graph":[{"@type":"WebPage","@id":"https:\/\/yasminfood.ch\/de\/product\/eingelegte-gruene-chili-720g-yaren\/","url":"https:\/\/yasminfood.ch\/de\/product\/eingelegte-gruene-chili-720g-yaren\/","name":"Eingelegte gr\u00fcne Chili 720g Yaren - Yasmin Food","isPartOf":{"@id":"https:\/\/yasminfood.ch\/de\/#website"},"primaryImageOfPage":{"@id":"https:\/\/yasminfood.ch\/de\/product\/eingelegte-gruene-chili-720g-yaren\/#primaryimage"},"image":{"@id":"https:\/\/yasminfood.ch\/de\/product\/eingelegte-gruene-chili-720g-yaren\/#primaryimage"},"thumbnailUrl":"https:\/\/yasminfood.ch\/wp-content\/uploads\/2025\/06\/\u0645\u062e\u0644\u0644-\u0641\u0644\u0641\u0644-\u062d\u0631-\u0623\u062e\u0636\u0631-720\u063a-Yaren.png","datePublished":"2025-06-23T16:17:53+00:00","description":"Entdecken Sie den Geschmack von eingelegtem gr\u00fcnem Chili 720g Yaren, perfekt f\u00fcr Ihre t\u00e4glichen Mahlzeiten! Eine gro\u00dfartige Erg\u00e4nzung zu Grills und Sandwiches, probieren Sie es jetzt aus! Yasmin Food","breadcrumb":{"@id":"https:\/\/yasminfood.ch\/de\/product\/eingelegte-gruene-chili-720g-yaren\/#breadcrumb"},"inLanguage":"de","potentialAction":[{"@type":"ReadAction","target":["https:\/\/yasminfood.ch\/de\/product\/eingelegte-gruene-chili-720g-yaren\/"]}]},{"@type":"ImageObject","inLanguage":"de","@id":"https:\/\/yasminfood.ch\/de\/product\/eingelegte-gruene-chili-720g-yaren\/#primaryimage","url":"https:\/\/yasminfood.ch\/wp-content\/uploads\/2025\/06\/\u0645\u062e\u0644\u0644-\u0641\u0644\u0641\u0644-\u062d\u0631-\u0623\u062e\u0636\u0631-720\u063a-Yaren.png","contentUrl":"https:\/\/yasminfood.ch\/wp-content\/uploads\/2025\/06\/\u0645\u062e\u0644\u0644-\u0641\u0644\u0641\u0644-\u062d\u0631-\u0623\u062e\u0636\u0631-720\u063a-Yaren.png","width":1080,"height":1080,"caption":"Eingelegte gr\u00fcne Chili 720g Yaren"},{"@type":"BreadcrumbList","@id":"https:\/\/yasminfood.ch\/de\/product\/eingelegte-gruene-chili-720g-yaren\/#breadcrumb","itemListElement":[{"@type":"ListItem","position":1,"name":"\u0627\u0644\u0631\u0626\u064a\u0633\u064a\u0629","item":"https:\/\/yasminfood.ch\/de\/zuhause\/"},{"@type":"ListItem","position":2,"name":"Shop","item":"https:\/\/yasminfood.ch\/de\/shop\/"},{"@type":"ListItem","position":3,"name":"Konserven - Lebensmittel","item":"https:\/\/yasminfood.ch\/de\/produkt-kategorie\/konserven-lebensmittel\/"},{"@type":"ListItem","position":4,"name":"Eingelegte gr\u00fcne Chili 720g Yaren"}]},{"@type":"WebSite","@id":"https:\/\/yasminfood.ch\/de\/#website","url":"https:\/\/yasminfood.ch\/de\/","name":"\u064a\u0627\u0633\u0645\u064a\u0646 \u0645\u0627\u0631\u0643\u062a","description":"Alles, was Sie brauchen, an einem Ort","publisher":{"@id":"https:\/\/yasminfood.ch\/de\/#organization"},"alternateName":"Yasmin Food","potentialAction":[{"@type":"SearchAction","target":{"@type":"EntryPoint","urlTemplate":"https:\/\/yasminfood.ch\/de\/?s={search_term_string}"},"query-input":{"@type":"PropertyValueSpecification","valueRequired":true,"valueName":"search_term_string"}}],"inLanguage":"de"},{"@type":"Organization","@id":"https:\/\/yasminfood.ch\/de\/#organization","name":"\u064a\u0627\u0633\u0645\u064a\u0646 \u0645\u0627\u0631\u0643\u062a","alternateName":"Yasmin Food","url":"https:\/\/yasminfood.ch\/de\/","logo":{"@type":"ImageObject","inLanguage":"de","@id":"https:\/\/yasminfood.ch\/de\/#\/schema\/logo\/image\/","url":"https:\/\/yasminfood.ch\/wp-content\/uploads\/2025\/05\/yasmin-food-header-logo.png","contentUrl":"https:\/\/yasminfood.ch\/wp-content\/uploads\/2025\/05\/yasmin-food-header-logo.png","width":330,"height":120,"caption":"\u064a\u0627\u0633\u0645\u064a\u0646 \u0645\u0627\u0631\u0643\u062a"},"image":{"@id":"https:\/\/yasminfood.ch\/de\/#\/schema\/logo\/image\/"},"sameAs":["https:\/\/www.facebook.com\/yasminmarkt1","https:\/\/www.tiktok.com\/@yasminmarkt","https:\/\/www.instagram.com\/yasmin.markt1\/","https:\/\/api.whatsapp.com\/send\/?phone=41799000104"],"publishingPrinciples":"https:\/\/yasminfood.ch\/de\/shop\/","ownershipFundingInfo":"https:\/\/yasminfood.ch\/de\/shop\/"}]},"product_price_amount":"4.95","product_price_currency":"CHF","og_availability":"instock","product_availability":"instock","product_condition":"new"},"jetpack_sharing_enabled":true,"_links":{"self":[{"href":"https:\/\/yasminfood.ch\/de\/wp-json\/wp\/v2\/product\/117581","targetHints":{"allow":["GET"]}}],"collection":[{"href":"https:\/\/yasminfood.ch\/de\/wp-json\/wp\/v2\/product"}],"about":[{"href":"https:\/\/yasminfood.ch\/de\/wp-json\/wp\/v2\/types\/product"}],"replies":[{"embeddable":true,"href":"https:\/\/yasminfood.ch\/de\/wp-json\/wp\/v2\/comments?post=117581"}],"version-history":[{"count":0,"href":"https:\/\/yasminfood.ch\/de\/wp-json\/wp\/v2\/product\/117581\/revisions"}],"wp:featuredmedia":[{"embeddable":true,"href":"https:\/\/yasminfood.ch\/de\/wp-json\/wp\/v2\/media\/117559"}],"wp:attachment":[{"href":"https:\/\/yasminfood.ch\/de\/wp-json\/wp\/v2\/media?parent=117581"}],"wp:term":[{"taxonomy":"product_brand","embeddable":true,"href":"https:\/\/yasminfood.ch\/de\/wp-json\/wp\/v2\/product_brand?post=117581"},{"taxonomy":"product_cat","embeddable":true,"href":"https:\/\/yasminfood.ch\/de\/wp-json\/wp\/v2\/product_cat?post=117581"},{"taxonomy":"product_tag","embeddable":true,"href":"https:\/\/yasminfood.ch\/de\/wp-json\/wp\/v2\/product_tag?post=117581"}],"curies":[{"name":"wp","href":"https:\/\/api.w.org\/{rel}","templated":true}]}}