{"id":117582,"date":"2025-06-23T18:09:20","date_gmt":"2025-06-23T16:17:54","guid":{"rendered":"https:\/\/yasminfood.ch\/product\/sauerkraut-720g-yaren\/"},"modified":"2025-06-23T18:17:54","modified_gmt":"2025-06-23T16:17:54","slug":"sauerkraut-720g-yaren","status":"publish","type":"product","link":"https:\/\/yasminfood.ch\/de\/product\/sauerkraut-720g-yaren\/","title":{"rendered":"Sauerkraut 720g Yaren"},"content":{"rendered":"<p>Sauerkraut 720g Yaren<\/p>\n<p><strong data-start=\"121\" data-end=\"154\">Ein traditioneller Geschmack mit authentischem t\u00fcrkischem Charakter!<\/strong><br data-start=\"154\" data-end=\"157\">Sauerkraut aus Yaren ist die ideale Wahl f\u00fcr Liebhaber von frischen Vorspeisen und nat\u00fcrlichen Gurken. Er wird sorgf\u00e4ltig eingelegt, um Ihnen einen ausgewogenen Geschmack zwischen S\u00e4ure und Salzgehalt zu bieten, mit einem unverwechselbaren Crunch, der den Geschmack befriedigt  <\/p>\n<ul>\n<li data-start=\"360\" data-end=\"390\">\n<p data-start=\"362\" data-end=\"390\"><strong data-start=\"362\" data-end=\"379\">Nettogewicht:<\/strong> 720 g<\/p>\n<\/li>\n<li data-start=\"391\" data-end=\"444\">\n<p data-start=\"393\" data-end=\"444\"><strong data-start=\"393\" data-end=\"413\">Hauptzutat:<\/strong> sorgf\u00e4ltig gehackter und eingelegter Wei\u00dfkohl<\/p>\n<\/li>\n<li data-start=\"445\" data-end=\"499\">\n<p data-start=\"447\" data-end=\"499\"><strong data-start=\"447\" data-end=\"458\">Geschmack:<\/strong> S\u00e4uerlich, ausgewogen, reich an nat\u00fcrlichen Aromen <\/p>\n<\/li>\n<li data-start=\"500\" data-end=\"557\">\n<p data-start=\"502\" data-end=\"557\"><strong data-start=\"502\" data-end=\"520\">Kochen:<\/strong> Traditionelles Beizen ohne sch\u00e4dliche synthetische Substanzen<\/p>\n<\/li>\n<li data-start=\"558\" data-end=\"617\">\n<p data-start=\"560\" data-end=\"617\"><strong data-start=\"560\" data-end=\"572\">Verpackung:<\/strong> Dichte Glasverpackung, um Frische und Qualit\u00e4t zu erhalten<\/p>\n<\/li>\n<li data-start=\"737\" data-end=\"782\">\n<p data-start=\"739\" data-end=\"782\">Wird als Vorspeise zu den Hauptgerichten serviert<\/p>\n<\/li>\n<li data-start=\"783\" data-end=\"820\">\n<p data-start=\"785\" data-end=\"820\">Verleiht Sandwiches Frische und Geschmack<\/p>\n<\/li>\n<li data-start=\"821\" data-end=\"855\">\n<p data-start=\"823\" data-end=\"855\">Ideal zu Grillgerichten und fetthaltigen Speisen<\/p>\n<\/li>\n<li data-start=\"558\" data-end=\"617\">\n<\/li>\n<\/ul>\n","protected":false},"excerpt":{"rendered":"<p>Sauerkraut 720g Yaren<\/p>\n<p><strong data-start=\"121\" data-end=\"154\">Ein traditioneller Geschmack mit authentischem t\u00fcrkischem Charakter!<\/strong><br data-start=\"154\" data-end=\"157\">Sauerkraut aus Yaren ist die ideale Wahl f\u00fcr Liebhaber von frischen Vorspeisen und nat\u00fcrlichen Gurken. Er wird sorgf\u00e4ltig eingelegt, um Ihnen einen ausgewogenen Geschmack zwischen S\u00e4ure und Salzgehalt zu bieten, mit einem unverwechselbaren Crunch, der den Geschmack befriedigt  <\/p>\n","protected":false},"featured_media":117562,"comment_status":"open","ping_status":"closed","template":"","meta":[],"product_brand":[],"product_cat":[257,245],"product_tag":[],"class_list":{"0":"post-117582","1":"product","2":"type-product","3":"status-publish","4":"has-post-thumbnail","6":"product_cat-eingelegtes-gemuse","7":"product_cat-konserven-lebensmittel","9":"first","10":"instock","11":"taxable","12":"shipping-taxable","13":"purchasable","14":"product-type-simple"},"yoast_head":"<!-- This site is optimized with the Yoast SEO Premium plugin v26.5 (Yoast SEO v27.3) - https:\/\/yoast.com\/product\/yoast-seo-premium-wordpress\/ -->\n<title>Sauerkraut 720g Yaren - Yasmin Food<\/title>\n<meta name=\"description\" content=\"Genie\u00dfen Sie den Geschmack von traditionellem 720g Yaren Sauerkraut und machen Sie Ihren Tisch gl\u00fccklich! Perfekt zu Grillgerichten und eine k\u00f6stliche Erg\u00e4nzung zu Sandwiches. Yasmin Food Sauerkraut 720g Yaren\" \/>\n<meta name=\"robots\" content=\"index, follow, max-snippet:-1, max-image-preview:large, max-video-preview:-1\" \/>\n<link rel=\"canonical\" href=\"https:\/\/yasminfood.ch\/de\/product\/sauerkraut-720g-yaren\/\" \/>\n<meta property=\"og:locale\" content=\"de_DE\" \/>\n<meta property=\"og:type\" content=\"article\" \/>\n<meta property=\"og:title\" content=\"Sauerkraut 720g Yaren\" \/>\n<meta property=\"og:description\" content=\"Sauerkraut 720g Yaren Ein traditioneller Geschmack mit authentischem t\u00fcrkischem Charakter!Sauerkraut aus Yaren ist die ideale Wahl f\u00fcr Liebhaber von frischen Vorspeisen und nat\u00fcrlichen Gurken. Er wird sorgf\u00e4ltig eingelegt, um Ihnen einen ausgewogenen Geschmack zwischen S\u00e4ure und Salzgehalt zu bieten, mit einem unverwechselbaren Crunch, der den Geschmack befriedigt\" \/>\n<meta property=\"og:url\" content=\"https:\/\/yasminfood.ch\/de\/product\/sauerkraut-720g-yaren\/\" \/>\n<meta property=\"og:site_name\" content=\"Yasmin Food\" \/>\n<meta property=\"article:publisher\" content=\"https:\/\/www.facebook.com\/yasminmarkt1\" \/>\n<meta property=\"og:image\" content=\"https:\/\/yasminfood.ch\/wp-content\/uploads\/2025\/06\/\u0645\u062e\u0644\u0644-\u0645\u0644\u0641\u0648\u0641-720\u063a-Yaren.png\" \/>\n\t<meta property=\"og:image:width\" content=\"1080\" \/>\n\t<meta property=\"og:image:height\" content=\"1080\" \/>\n\t<meta property=\"og:image:type\" content=\"image\/png\" \/>\n<meta name=\"twitter:card\" content=\"summary_large_image\" \/>\n<meta name=\"twitter:label1\" content=\"Preis\" \/>\n\t<meta name=\"twitter:data1\" content=\"4.95&nbsp;&#067;&#072;&#070;\" \/>\n\t<meta name=\"twitter:label2\" content=\"Verf\u00fcgbarkeit\" \/>\n\t<meta name=\"twitter:data2\" content=\"Auf Lager\" \/>\n<script type=\"application\/ld+json\" class=\"yoast-schema-graph\">{\"@context\":\"https:\\\/\\\/schema.org\",\"@graph\":[{\"@type\":\"WebPage\",\"@id\":\"https:\\\/\\\/yasminfood.ch\\\/de\\\/product\\\/sauerkraut-720g-yaren\\\/\",\"url\":\"https:\\\/\\\/yasminfood.ch\\\/de\\\/product\\\/sauerkraut-720g-yaren\\\/\",\"name\":\"Sauerkraut 720g Yaren - Yasmin Food\",\"isPartOf\":{\"@id\":\"https:\\\/\\\/yasminfood.ch\\\/de\\\/#website\"},\"primaryImageOfPage\":{\"@id\":\"https:\\\/\\\/yasminfood.ch\\\/de\\\/product\\\/sauerkraut-720g-yaren\\\/#primaryimage\"},\"image\":{\"@id\":\"https:\\\/\\\/yasminfood.ch\\\/de\\\/product\\\/sauerkraut-720g-yaren\\\/#primaryimage\"},\"thumbnailUrl\":\"https:\\\/\\\/yasminfood.ch\\\/wp-content\\\/uploads\\\/2025\\\/06\\\/\u0645\u062e\u0644\u0644-\u0645\u0644\u0641\u0648\u0641-720\u063a-Yaren.png\",\"datePublished\":\"2025-06-23T16:17:54+00:00\",\"description\":\"Genie\u00dfen Sie den Geschmack von traditionellem 720g Yaren Sauerkraut und machen Sie Ihren Tisch gl\u00fccklich! Perfekt zu Grillgerichten und eine k\u00f6stliche Erg\u00e4nzung zu Sandwiches. Yasmin Food Sauerkraut 720g Yaren\",\"breadcrumb\":{\"@id\":\"https:\\\/\\\/yasminfood.ch\\\/de\\\/product\\\/sauerkraut-720g-yaren\\\/#breadcrumb\"},\"inLanguage\":\"de\",\"potentialAction\":[{\"@type\":\"ReadAction\",\"target\":[\"https:\\\/\\\/yasminfood.ch\\\/de\\\/product\\\/sauerkraut-720g-yaren\\\/\"]}]},{\"@type\":\"ImageObject\",\"inLanguage\":\"de\",\"@id\":\"https:\\\/\\\/yasminfood.ch\\\/de\\\/product\\\/sauerkraut-720g-yaren\\\/#primaryimage\",\"url\":\"https:\\\/\\\/yasminfood.ch\\\/wp-content\\\/uploads\\\/2025\\\/06\\\/\u0645\u062e\u0644\u0644-\u0645\u0644\u0641\u0648\u0641-720\u063a-Yaren.png\",\"contentUrl\":\"https:\\\/\\\/yasminfood.ch\\\/wp-content\\\/uploads\\\/2025\\\/06\\\/\u0645\u062e\u0644\u0644-\u0645\u0644\u0641\u0648\u0641-720\u063a-Yaren.png\",\"width\":1080,\"height\":1080,\"caption\":\"Sauerkraut 720g Yaren\"},{\"@type\":\"BreadcrumbList\",\"@id\":\"https:\\\/\\\/yasminfood.ch\\\/de\\\/product\\\/sauerkraut-720g-yaren\\\/#breadcrumb\",\"itemListElement\":[{\"@type\":\"ListItem\",\"position\":1,\"name\":\"\u0627\u0644\u0631\u0626\u064a\u0633\u064a\u0629\",\"item\":\"https:\\\/\\\/yasminfood.ch\\\/de\\\/zuhause\\\/\"},{\"@type\":\"ListItem\",\"position\":2,\"name\":\"Shop\",\"item\":\"https:\\\/\\\/yasminfood.ch\\\/de\\\/shop\\\/\"},{\"@type\":\"ListItem\",\"position\":3,\"name\":\"Konserven - Lebensmittel\",\"item\":\"https:\\\/\\\/yasminfood.ch\\\/de\\\/produkt-kategorie\\\/konserven-lebensmittel\\\/\"},{\"@type\":\"ListItem\",\"position\":4,\"name\":\"Sauerkraut 720g Yaren\"}]},{\"@type\":\"WebSite\",\"@id\":\"https:\\\/\\\/yasminfood.ch\\\/de\\\/#website\",\"url\":\"https:\\\/\\\/yasminfood.ch\\\/de\\\/\",\"name\":\"\u064a\u0627\u0633\u0645\u064a\u0646 \u0645\u0627\u0631\u0643\u062a\",\"description\":\"Alles, was Sie brauchen, an einem Ort\",\"publisher\":{\"@id\":\"https:\\\/\\\/yasminfood.ch\\\/de\\\/#organization\"},\"alternateName\":\"Yasmin Food\",\"potentialAction\":[{\"@type\":\"SearchAction\",\"target\":{\"@type\":\"EntryPoint\",\"urlTemplate\":\"https:\\\/\\\/yasminfood.ch\\\/de\\\/?s={search_term_string}\"},\"query-input\":{\"@type\":\"PropertyValueSpecification\",\"valueRequired\":true,\"valueName\":\"search_term_string\"}}],\"inLanguage\":\"de\"},{\"@type\":\"Organization\",\"@id\":\"https:\\\/\\\/yasminfood.ch\\\/de\\\/#organization\",\"name\":\"\u064a\u0627\u0633\u0645\u064a\u0646 \u0645\u0627\u0631\u0643\u062a\",\"alternateName\":\"Yasmin Food\",\"url\":\"https:\\\/\\\/yasminfood.ch\\\/de\\\/\",\"logo\":{\"@type\":\"ImageObject\",\"inLanguage\":\"de\",\"@id\":\"https:\\\/\\\/yasminfood.ch\\\/de\\\/#\\\/schema\\\/logo\\\/image\\\/\",\"url\":\"https:\\\/\\\/yasminfood.ch\\\/wp-content\\\/uploads\\\/2025\\\/05\\\/yasmin-food-header-logo.png\",\"contentUrl\":\"https:\\\/\\\/yasminfood.ch\\\/wp-content\\\/uploads\\\/2025\\\/05\\\/yasmin-food-header-logo.png\",\"width\":330,\"height\":120,\"caption\":\"\u064a\u0627\u0633\u0645\u064a\u0646 \u0645\u0627\u0631\u0643\u062a\"},\"image\":{\"@id\":\"https:\\\/\\\/yasminfood.ch\\\/de\\\/#\\\/schema\\\/logo\\\/image\\\/\"},\"sameAs\":[\"https:\\\/\\\/www.facebook.com\\\/yasminmarkt1\",\"https:\\\/\\\/www.tiktok.com\\\/@yasminmarkt\",\"https:\\\/\\\/www.instagram.com\\\/yasmin.markt1\\\/\",\"https:\\\/\\\/api.whatsapp.com\\\/send\\\/?phone=41799000104\"],\"publishingPrinciples\":\"https:\\\/\\\/yasminfood.ch\\\/de\\\/shop\\\/\",\"ownershipFundingInfo\":\"https:\\\/\\\/yasminfood.ch\\\/de\\\/shop\\\/\"}]}<\/script>\n<meta property=\"product:price:amount\" content=\"4.95\" \/>\n<meta property=\"product:price:currency\" content=\"CHF\" \/>\n<meta property=\"og:availability\" content=\"instock\" \/>\n<meta property=\"product:availability\" content=\"instock\" \/>\n<meta property=\"product:condition\" content=\"new\" \/>\n<!-- \/ Yoast SEO Premium plugin. -->","yoast_head_json":{"title":"Sauerkraut 720g Yaren - Yasmin Food","description":"Genie\u00dfen Sie den Geschmack von traditionellem 720g Yaren Sauerkraut und machen Sie Ihren Tisch gl\u00fccklich! Perfekt zu Grillgerichten und eine k\u00f6stliche Erg\u00e4nzung zu Sandwiches. Yasmin Food Sauerkraut 720g Yaren","robots":{"index":"index","follow":"follow","max-snippet":"max-snippet:-1","max-image-preview":"max-image-preview:large","max-video-preview":"max-video-preview:-1"},"canonical":"https:\/\/yasminfood.ch\/de\/product\/sauerkraut-720g-yaren\/","og_locale":"de_DE","og_type":"article","og_title":"Sauerkraut 720g Yaren","og_description":"Sauerkraut 720g Yaren Ein traditioneller Geschmack mit authentischem t\u00fcrkischem Charakter!Sauerkraut aus Yaren ist die ideale Wahl f\u00fcr Liebhaber von frischen Vorspeisen und nat\u00fcrlichen Gurken. Er wird sorgf\u00e4ltig eingelegt, um Ihnen einen ausgewogenen Geschmack zwischen S\u00e4ure und Salzgehalt zu bieten, mit einem unverwechselbaren Crunch, der den Geschmack befriedigt","og_url":"https:\/\/yasminfood.ch\/de\/product\/sauerkraut-720g-yaren\/","og_site_name":"Yasmin Food","article_publisher":"https:\/\/www.facebook.com\/yasminmarkt1","og_image":[{"width":1080,"height":1080,"url":"https:\/\/yasminfood.ch\/wp-content\/uploads\/2025\/06\/\u0645\u062e\u0644\u0644-\u0645\u0644\u0641\u0648\u0641-720\u063a-Yaren.png","type":"image\/png"}],"twitter_card":"summary_large_image","twitter_misc":{"Preis":"4.95&nbsp;&#67;&#72;&#70;","Verf\u00fcgbarkeit":"Auf Lager"},"schema":{"@context":"https:\/\/schema.org","@graph":[{"@type":"WebPage","@id":"https:\/\/yasminfood.ch\/de\/product\/sauerkraut-720g-yaren\/","url":"https:\/\/yasminfood.ch\/de\/product\/sauerkraut-720g-yaren\/","name":"Sauerkraut 720g Yaren - Yasmin Food","isPartOf":{"@id":"https:\/\/yasminfood.ch\/de\/#website"},"primaryImageOfPage":{"@id":"https:\/\/yasminfood.ch\/de\/product\/sauerkraut-720g-yaren\/#primaryimage"},"image":{"@id":"https:\/\/yasminfood.ch\/de\/product\/sauerkraut-720g-yaren\/#primaryimage"},"thumbnailUrl":"https:\/\/yasminfood.ch\/wp-content\/uploads\/2025\/06\/\u0645\u062e\u0644\u0644-\u0645\u0644\u0641\u0648\u0641-720\u063a-Yaren.png","datePublished":"2025-06-23T16:17:54+00:00","description":"Genie\u00dfen Sie den Geschmack von traditionellem 720g Yaren Sauerkraut und machen Sie Ihren Tisch gl\u00fccklich! Perfekt zu Grillgerichten und eine k\u00f6stliche Erg\u00e4nzung zu Sandwiches. Yasmin Food Sauerkraut 720g Yaren","breadcrumb":{"@id":"https:\/\/yasminfood.ch\/de\/product\/sauerkraut-720g-yaren\/#breadcrumb"},"inLanguage":"de","potentialAction":[{"@type":"ReadAction","target":["https:\/\/yasminfood.ch\/de\/product\/sauerkraut-720g-yaren\/"]}]},{"@type":"ImageObject","inLanguage":"de","@id":"https:\/\/yasminfood.ch\/de\/product\/sauerkraut-720g-yaren\/#primaryimage","url":"https:\/\/yasminfood.ch\/wp-content\/uploads\/2025\/06\/\u0645\u062e\u0644\u0644-\u0645\u0644\u0641\u0648\u0641-720\u063a-Yaren.png","contentUrl":"https:\/\/yasminfood.ch\/wp-content\/uploads\/2025\/06\/\u0645\u062e\u0644\u0644-\u0645\u0644\u0641\u0648\u0641-720\u063a-Yaren.png","width":1080,"height":1080,"caption":"Sauerkraut 720g Yaren"},{"@type":"BreadcrumbList","@id":"https:\/\/yasminfood.ch\/de\/product\/sauerkraut-720g-yaren\/#breadcrumb","itemListElement":[{"@type":"ListItem","position":1,"name":"\u0627\u0644\u0631\u0626\u064a\u0633\u064a\u0629","item":"https:\/\/yasminfood.ch\/de\/zuhause\/"},{"@type":"ListItem","position":2,"name":"Shop","item":"https:\/\/yasminfood.ch\/de\/shop\/"},{"@type":"ListItem","position":3,"name":"Konserven - Lebensmittel","item":"https:\/\/yasminfood.ch\/de\/produkt-kategorie\/konserven-lebensmittel\/"},{"@type":"ListItem","position":4,"name":"Sauerkraut 720g Yaren"}]},{"@type":"WebSite","@id":"https:\/\/yasminfood.ch\/de\/#website","url":"https:\/\/yasminfood.ch\/de\/","name":"\u064a\u0627\u0633\u0645\u064a\u0646 \u0645\u0627\u0631\u0643\u062a","description":"Alles, was Sie brauchen, an einem Ort","publisher":{"@id":"https:\/\/yasminfood.ch\/de\/#organization"},"alternateName":"Yasmin Food","potentialAction":[{"@type":"SearchAction","target":{"@type":"EntryPoint","urlTemplate":"https:\/\/yasminfood.ch\/de\/?s={search_term_string}"},"query-input":{"@type":"PropertyValueSpecification","valueRequired":true,"valueName":"search_term_string"}}],"inLanguage":"de"},{"@type":"Organization","@id":"https:\/\/yasminfood.ch\/de\/#organization","name":"\u064a\u0627\u0633\u0645\u064a\u0646 \u0645\u0627\u0631\u0643\u062a","alternateName":"Yasmin Food","url":"https:\/\/yasminfood.ch\/de\/","logo":{"@type":"ImageObject","inLanguage":"de","@id":"https:\/\/yasminfood.ch\/de\/#\/schema\/logo\/image\/","url":"https:\/\/yasminfood.ch\/wp-content\/uploads\/2025\/05\/yasmin-food-header-logo.png","contentUrl":"https:\/\/yasminfood.ch\/wp-content\/uploads\/2025\/05\/yasmin-food-header-logo.png","width":330,"height":120,"caption":"\u064a\u0627\u0633\u0645\u064a\u0646 \u0645\u0627\u0631\u0643\u062a"},"image":{"@id":"https:\/\/yasminfood.ch\/de\/#\/schema\/logo\/image\/"},"sameAs":["https:\/\/www.facebook.com\/yasminmarkt1","https:\/\/www.tiktok.com\/@yasminmarkt","https:\/\/www.instagram.com\/yasmin.markt1\/","https:\/\/api.whatsapp.com\/send\/?phone=41799000104"],"publishingPrinciples":"https:\/\/yasminfood.ch\/de\/shop\/","ownershipFundingInfo":"https:\/\/yasminfood.ch\/de\/shop\/"}]},"product_price_amount":"4.95","product_price_currency":"CHF","og_availability":"instock","product_availability":"instock","product_condition":"new"},"jetpack_sharing_enabled":true,"_links":{"self":[{"href":"https:\/\/yasminfood.ch\/de\/wp-json\/wp\/v2\/product\/117582","targetHints":{"allow":["GET"]}}],"collection":[{"href":"https:\/\/yasminfood.ch\/de\/wp-json\/wp\/v2\/product"}],"about":[{"href":"https:\/\/yasminfood.ch\/de\/wp-json\/wp\/v2\/types\/product"}],"replies":[{"embeddable":true,"href":"https:\/\/yasminfood.ch\/de\/wp-json\/wp\/v2\/comments?post=117582"}],"version-history":[{"count":0,"href":"https:\/\/yasminfood.ch\/de\/wp-json\/wp\/v2\/product\/117582\/revisions"}],"wp:featuredmedia":[{"embeddable":true,"href":"https:\/\/yasminfood.ch\/de\/wp-json\/wp\/v2\/media\/117562"}],"wp:attachment":[{"href":"https:\/\/yasminfood.ch\/de\/wp-json\/wp\/v2\/media?parent=117582"}],"wp:term":[{"taxonomy":"product_brand","embeddable":true,"href":"https:\/\/yasminfood.ch\/de\/wp-json\/wp\/v2\/product_brand?post=117582"},{"taxonomy":"product_cat","embeddable":true,"href":"https:\/\/yasminfood.ch\/de\/wp-json\/wp\/v2\/product_cat?post=117582"},{"taxonomy":"product_tag","embeddable":true,"href":"https:\/\/yasminfood.ch\/de\/wp-json\/wp\/v2\/product_tag?post=117582"}],"curies":[{"name":"wp","href":"https:\/\/api.w.org\/{rel}","templated":true}]}}