{"id":117622,"date":"2025-06-23T20:54:21","date_gmt":"2025-06-23T18:54:21","guid":{"rendered":"https:\/\/yasminfood.ch\/product\/roter-samen-sonne-300g\/"},"modified":"2025-06-24T09:56:59","modified_gmt":"2025-06-24T07:56:59","slug":"roter-samen-sonne-300g","status":"publish","type":"product","link":"https:\/\/yasminfood.ch\/de\/product\/roter-samen-sonne-300g\/","title":{"rendered":"Roter Samen-Sonne 300g"},"content":{"rendered":"<p><strong>Red Seed Sun 300g<\/strong> Authentischer Crunch mit unwiderstehlichem Geschmack!<br data-start=\"149\" data-end=\"152\">Shamsin Rot ist die ideale Wahl f\u00fcr Liebhaber von nat\u00fcrlichen Snacks. Sorgf\u00e4ltig ger\u00f6stet, um den reichen Geschmack und die knusprige Textur zu erhalten, und serviert in einer Verpackung, die f\u00fcr den Verzehr in der Familie oder im Einzelfall geeignet ist.  <\/p>\n<ul data-start=\"350\" data-end=\"567\">\n<li data-start=\"350\" data-end=\"380\">\n<p data-start=\"352\" data-end=\"380\"><strong data-start=\"352\" data-end=\"369\">Nettogewicht:<\/strong> 300 g<\/p>\n<\/li>\n<li data-start=\"381\" data-end=\"430\">\n<p data-start=\"383\" data-end=\"430\"><strong data-start=\"383\" data-end=\"393\">Typ:<\/strong> Rote Sonnenblume \u2013 ger\u00f6stet und gesalzen<\/p>\n<\/li>\n<li data-start=\"431\" data-end=\"473\">\n<p data-start=\"433\" data-end=\"473\"><strong data-start=\"433\" data-end=\"444\">Geschmack:<\/strong> Salzig und ausgewogen ohne \u00dcbertreibung<\/p>\n<\/li>\n<li data-start=\"474\" data-end=\"501\">\n<p data-start=\"476\" data-end=\"501\"><strong data-start=\"476\" data-end=\"487\">Textur:<\/strong> Knusprig &amp; frisch<\/p>\n<\/li>\n<li data-start=\"502\" data-end=\"567\">\n<p data-start=\"504\" data-end=\"567\"><strong data-start=\"504\" data-end=\"518\">Verwendung:<\/strong> Ideal zum Sitzen, Abends oder als Snack zu jeder Zeit <\/p>\n<\/li>\n<\/ul>\n","protected":false},"excerpt":{"rendered":"<p><strong>Red Seed Sun 300g<\/strong> Authentischer Crunch mit unwiderstehlichem Geschmack!<br data-start=\"149\" data-end=\"152\">Shamsin Rot ist die ideale Wahl f\u00fcr Liebhaber von nat\u00fcrlichen Snacks. Sorgf\u00e4ltig ger\u00f6stet, um seinen reichen Geschmack zu erhalten. <\/p>\n","protected":false},"featured_media":117591,"comment_status":"open","ping_status":"closed","template":"","meta":[],"product_brand":[2332],"product_cat":[356,359],"product_tag":[],"class_list":{"0":"post-117622","1":"product","2":"type-product","3":"status-publish","4":"has-post-thumbnail","6":"product_brand-chamsine-de","7":"product_cat-gewuerze-nuesse","8":"product_cat-nusse","10":"first","11":"instock","12":"taxable","13":"shipping-taxable","14":"purchasable","15":"product-type-simple"},"yoast_head":"<!-- This site is optimized with the Yoast SEO Premium plugin v26.5 (Yoast SEO v27.3) - https:\/\/yoast.com\/product\/yoast-seo-premium-wordpress\/ -->\n<title>Roter Samen-Sonne 300g - Yasmin Food<\/title>\n<meta name=\"description\" content=\"Genie\u00dfe den authentischen Crunch mit einer roten Knopfsonne 300g. Perfekt f\u00fcr nat\u00fcrliche Snacks, bietet es einen reichhaltigen Geschmack und eine knusprige Textur! \ud83c\udf7d\ufe0f Yasmin Food Roter Samen-Sonne 300g\" \/>\n<meta name=\"robots\" content=\"index, follow, max-snippet:-1, max-image-preview:large, max-video-preview:-1\" \/>\n<link rel=\"canonical\" href=\"https:\/\/yasminfood.ch\/de\/product\/roter-samen-sonne-300g\/\" \/>\n<meta property=\"og:locale\" content=\"de_DE\" \/>\n<meta property=\"og:type\" content=\"article\" \/>\n<meta property=\"og:title\" content=\"Roter Samen-Sonne 300g\" \/>\n<meta property=\"og:description\" content=\"Red Seed Sun 300g Authentischer Crunch mit unwiderstehlichem Geschmack!Shamsin Rot ist die ideale Wahl f\u00fcr Liebhaber von nat\u00fcrlichen Snacks. Sorgf\u00e4ltig ger\u00f6stet, um seinen reichen Geschmack zu erhalten.\" \/>\n<meta property=\"og:url\" content=\"https:\/\/yasminfood.ch\/de\/product\/roter-samen-sonne-300g\/\" \/>\n<meta property=\"og:site_name\" content=\"Yasmin Food\" \/>\n<meta property=\"article:publisher\" content=\"https:\/\/www.facebook.com\/yasminmarkt1\" \/>\n<meta property=\"article:modified_time\" content=\"2025-06-24T07:56:59+00:00\" \/>\n<meta property=\"og:image\" content=\"https:\/\/yasminfood.ch\/wp-content\/uploads\/2025\/06\/\u0628\u0632\u0631-\u0627\u062d\u0645\u0631-\u0634\u0645\u0633\u064a\u0646-300\u063a-.png\" \/>\n\t<meta property=\"og:image:width\" content=\"1080\" \/>\n\t<meta property=\"og:image:height\" content=\"1080\" \/>\n\t<meta property=\"og:image:type\" content=\"image\/png\" \/>\n<meta name=\"twitter:card\" content=\"summary_large_image\" \/>\n<meta name=\"twitter:label1\" content=\"Preis\" \/>\n\t<meta name=\"twitter:data1\" content=\"3.95&nbsp;&#067;&#072;&#070;\" \/>\n\t<meta name=\"twitter:label2\" content=\"Verf\u00fcgbarkeit\" \/>\n\t<meta name=\"twitter:data2\" content=\"Auf Lager\" \/>\n<script type=\"application\/ld+json\" class=\"yoast-schema-graph\">{\"@context\":\"https:\\\/\\\/schema.org\",\"@graph\":[{\"@type\":\"WebPage\",\"@id\":\"https:\\\/\\\/yasminfood.ch\\\/de\\\/product\\\/roter-samen-sonne-300g\\\/\",\"url\":\"https:\\\/\\\/yasminfood.ch\\\/de\\\/product\\\/roter-samen-sonne-300g\\\/\",\"name\":\"Roter Samen-Sonne 300g - Yasmin Food\",\"isPartOf\":{\"@id\":\"https:\\\/\\\/yasminfood.ch\\\/de\\\/#website\"},\"primaryImageOfPage\":{\"@id\":\"https:\\\/\\\/yasminfood.ch\\\/de\\\/product\\\/roter-samen-sonne-300g\\\/#primaryimage\"},\"image\":{\"@id\":\"https:\\\/\\\/yasminfood.ch\\\/de\\\/product\\\/roter-samen-sonne-300g\\\/#primaryimage\"},\"thumbnailUrl\":\"https:\\\/\\\/yasminfood.ch\\\/wp-content\\\/uploads\\\/2025\\\/06\\\/\u0628\u0632\u0631-\u0627\u062d\u0645\u0631-\u0634\u0645\u0633\u064a\u0646-300\u063a-.png\",\"datePublished\":\"2025-06-23T18:54:21+00:00\",\"dateModified\":\"2025-06-24T07:56:59+00:00\",\"description\":\"Genie\u00dfe den authentischen Crunch mit einer roten Knopfsonne 300g. Perfekt f\u00fcr nat\u00fcrliche Snacks, bietet es einen reichhaltigen Geschmack und eine knusprige Textur! \ud83c\udf7d\ufe0f Yasmin Food Roter Samen-Sonne 300g\",\"breadcrumb\":{\"@id\":\"https:\\\/\\\/yasminfood.ch\\\/de\\\/product\\\/roter-samen-sonne-300g\\\/#breadcrumb\"},\"inLanguage\":\"de\",\"potentialAction\":[{\"@type\":\"ReadAction\",\"target\":[\"https:\\\/\\\/yasminfood.ch\\\/de\\\/product\\\/roter-samen-sonne-300g\\\/\"]}]},{\"@type\":\"ImageObject\",\"inLanguage\":\"de\",\"@id\":\"https:\\\/\\\/yasminfood.ch\\\/de\\\/product\\\/roter-samen-sonne-300g\\\/#primaryimage\",\"url\":\"https:\\\/\\\/yasminfood.ch\\\/wp-content\\\/uploads\\\/2025\\\/06\\\/\u0628\u0632\u0631-\u0627\u062d\u0645\u0631-\u0634\u0645\u0633\u064a\u0646-300\u063a-.png\",\"contentUrl\":\"https:\\\/\\\/yasminfood.ch\\\/wp-content\\\/uploads\\\/2025\\\/06\\\/\u0628\u0632\u0631-\u0627\u062d\u0645\u0631-\u0634\u0645\u0633\u064a\u0646-300\u063a-.png\",\"width\":1080,\"height\":1080,\"caption\":\"Roter Samen-Sonne 300g\"},{\"@type\":\"BreadcrumbList\",\"@id\":\"https:\\\/\\\/yasminfood.ch\\\/de\\\/product\\\/roter-samen-sonne-300g\\\/#breadcrumb\",\"itemListElement\":[{\"@type\":\"ListItem\",\"position\":1,\"name\":\"\u0627\u0644\u0631\u0626\u064a\u0633\u064a\u0629\",\"item\":\"https:\\\/\\\/yasminfood.ch\\\/de\\\/zuhause\\\/\"},{\"@type\":\"ListItem\",\"position\":2,\"name\":\"Shop\",\"item\":\"https:\\\/\\\/yasminfood.ch\\\/de\\\/shop\\\/\"},{\"@type\":\"ListItem\",\"position\":3,\"name\":\"Gew\u00fcrze &amp; N\u00fcsse\",\"item\":\"https:\\\/\\\/yasminfood.ch\\\/de\\\/produkt-kategorie\\\/gewuerze-nuesse\\\/\"},{\"@type\":\"ListItem\",\"position\":4,\"name\":\"Roter Samen-Sonne 300g\"}]},{\"@type\":\"WebSite\",\"@id\":\"https:\\\/\\\/yasminfood.ch\\\/de\\\/#website\",\"url\":\"https:\\\/\\\/yasminfood.ch\\\/de\\\/\",\"name\":\"\u064a\u0627\u0633\u0645\u064a\u0646 \u0645\u0627\u0631\u0643\u062a\",\"description\":\"Alles, was Sie brauchen, an einem Ort\",\"publisher\":{\"@id\":\"https:\\\/\\\/yasminfood.ch\\\/de\\\/#organization\"},\"alternateName\":\"Yasmin Food\",\"potentialAction\":[{\"@type\":\"SearchAction\",\"target\":{\"@type\":\"EntryPoint\",\"urlTemplate\":\"https:\\\/\\\/yasminfood.ch\\\/de\\\/?s={search_term_string}\"},\"query-input\":{\"@type\":\"PropertyValueSpecification\",\"valueRequired\":true,\"valueName\":\"search_term_string\"}}],\"inLanguage\":\"de\"},{\"@type\":\"Organization\",\"@id\":\"https:\\\/\\\/yasminfood.ch\\\/de\\\/#organization\",\"name\":\"\u064a\u0627\u0633\u0645\u064a\u0646 \u0645\u0627\u0631\u0643\u062a\",\"alternateName\":\"Yasmin Food\",\"url\":\"https:\\\/\\\/yasminfood.ch\\\/de\\\/\",\"logo\":{\"@type\":\"ImageObject\",\"inLanguage\":\"de\",\"@id\":\"https:\\\/\\\/yasminfood.ch\\\/de\\\/#\\\/schema\\\/logo\\\/image\\\/\",\"url\":\"https:\\\/\\\/yasminfood.ch\\\/wp-content\\\/uploads\\\/2025\\\/05\\\/yasmin-food-header-logo.png\",\"contentUrl\":\"https:\\\/\\\/yasminfood.ch\\\/wp-content\\\/uploads\\\/2025\\\/05\\\/yasmin-food-header-logo.png\",\"width\":330,\"height\":120,\"caption\":\"\u064a\u0627\u0633\u0645\u064a\u0646 \u0645\u0627\u0631\u0643\u062a\"},\"image\":{\"@id\":\"https:\\\/\\\/yasminfood.ch\\\/de\\\/#\\\/schema\\\/logo\\\/image\\\/\"},\"sameAs\":[\"https:\\\/\\\/www.facebook.com\\\/yasminmarkt1\",\"https:\\\/\\\/www.tiktok.com\\\/@yasminmarkt\",\"https:\\\/\\\/www.instagram.com\\\/yasmin.markt1\\\/\",\"https:\\\/\\\/api.whatsapp.com\\\/send\\\/?phone=41799000104\"],\"publishingPrinciples\":\"https:\\\/\\\/yasminfood.ch\\\/de\\\/shop\\\/\",\"ownershipFundingInfo\":\"https:\\\/\\\/yasminfood.ch\\\/de\\\/shop\\\/\"}]}<\/script>\n<meta property=\"product:price:amount\" content=\"3.95\" \/>\n<meta property=\"product:price:currency\" content=\"CHF\" \/>\n<meta property=\"og:availability\" content=\"instock\" \/>\n<meta property=\"product:availability\" content=\"instock\" \/>\n<meta property=\"product:condition\" content=\"new\" \/>\n<!-- \/ Yoast SEO Premium plugin. -->","yoast_head_json":{"title":"Roter Samen-Sonne 300g - Yasmin Food","description":"Genie\u00dfe den authentischen Crunch mit einer roten Knopfsonne 300g. Perfekt f\u00fcr nat\u00fcrliche Snacks, bietet es einen reichhaltigen Geschmack und eine knusprige Textur! \ud83c\udf7d\ufe0f Yasmin Food Roter Samen-Sonne 300g","robots":{"index":"index","follow":"follow","max-snippet":"max-snippet:-1","max-image-preview":"max-image-preview:large","max-video-preview":"max-video-preview:-1"},"canonical":"https:\/\/yasminfood.ch\/de\/product\/roter-samen-sonne-300g\/","og_locale":"de_DE","og_type":"article","og_title":"Roter Samen-Sonne 300g","og_description":"Red Seed Sun 300g Authentischer Crunch mit unwiderstehlichem Geschmack!Shamsin Rot ist die ideale Wahl f\u00fcr Liebhaber von nat\u00fcrlichen Snacks. Sorgf\u00e4ltig ger\u00f6stet, um seinen reichen Geschmack zu erhalten.","og_url":"https:\/\/yasminfood.ch\/de\/product\/roter-samen-sonne-300g\/","og_site_name":"Yasmin Food","article_publisher":"https:\/\/www.facebook.com\/yasminmarkt1","article_modified_time":"2025-06-24T07:56:59+00:00","og_image":[{"width":1080,"height":1080,"url":"https:\/\/yasminfood.ch\/wp-content\/uploads\/2025\/06\/\u0628\u0632\u0631-\u0627\u062d\u0645\u0631-\u0634\u0645\u0633\u064a\u0646-300\u063a-.png","type":"image\/png"}],"twitter_card":"summary_large_image","twitter_misc":{"Preis":"3.95&nbsp;&#67;&#72;&#70;","Verf\u00fcgbarkeit":"Auf Lager"},"schema":{"@context":"https:\/\/schema.org","@graph":[{"@type":"WebPage","@id":"https:\/\/yasminfood.ch\/de\/product\/roter-samen-sonne-300g\/","url":"https:\/\/yasminfood.ch\/de\/product\/roter-samen-sonne-300g\/","name":"Roter Samen-Sonne 300g - Yasmin Food","isPartOf":{"@id":"https:\/\/yasminfood.ch\/de\/#website"},"primaryImageOfPage":{"@id":"https:\/\/yasminfood.ch\/de\/product\/roter-samen-sonne-300g\/#primaryimage"},"image":{"@id":"https:\/\/yasminfood.ch\/de\/product\/roter-samen-sonne-300g\/#primaryimage"},"thumbnailUrl":"https:\/\/yasminfood.ch\/wp-content\/uploads\/2025\/06\/\u0628\u0632\u0631-\u0627\u062d\u0645\u0631-\u0634\u0645\u0633\u064a\u0646-300\u063a-.png","datePublished":"2025-06-23T18:54:21+00:00","dateModified":"2025-06-24T07:56:59+00:00","description":"Genie\u00dfe den authentischen Crunch mit einer roten Knopfsonne 300g. Perfekt f\u00fcr nat\u00fcrliche Snacks, bietet es einen reichhaltigen Geschmack und eine knusprige Textur! \ud83c\udf7d\ufe0f Yasmin Food Roter Samen-Sonne 300g","breadcrumb":{"@id":"https:\/\/yasminfood.ch\/de\/product\/roter-samen-sonne-300g\/#breadcrumb"},"inLanguage":"de","potentialAction":[{"@type":"ReadAction","target":["https:\/\/yasminfood.ch\/de\/product\/roter-samen-sonne-300g\/"]}]},{"@type":"ImageObject","inLanguage":"de","@id":"https:\/\/yasminfood.ch\/de\/product\/roter-samen-sonne-300g\/#primaryimage","url":"https:\/\/yasminfood.ch\/wp-content\/uploads\/2025\/06\/\u0628\u0632\u0631-\u0627\u062d\u0645\u0631-\u0634\u0645\u0633\u064a\u0646-300\u063a-.png","contentUrl":"https:\/\/yasminfood.ch\/wp-content\/uploads\/2025\/06\/\u0628\u0632\u0631-\u0627\u062d\u0645\u0631-\u0634\u0645\u0633\u064a\u0646-300\u063a-.png","width":1080,"height":1080,"caption":"Roter Samen-Sonne 300g"},{"@type":"BreadcrumbList","@id":"https:\/\/yasminfood.ch\/de\/product\/roter-samen-sonne-300g\/#breadcrumb","itemListElement":[{"@type":"ListItem","position":1,"name":"\u0627\u0644\u0631\u0626\u064a\u0633\u064a\u0629","item":"https:\/\/yasminfood.ch\/de\/zuhause\/"},{"@type":"ListItem","position":2,"name":"Shop","item":"https:\/\/yasminfood.ch\/de\/shop\/"},{"@type":"ListItem","position":3,"name":"Gew\u00fcrze &amp; N\u00fcsse","item":"https:\/\/yasminfood.ch\/de\/produkt-kategorie\/gewuerze-nuesse\/"},{"@type":"ListItem","position":4,"name":"Roter Samen-Sonne 300g"}]},{"@type":"WebSite","@id":"https:\/\/yasminfood.ch\/de\/#website","url":"https:\/\/yasminfood.ch\/de\/","name":"\u064a\u0627\u0633\u0645\u064a\u0646 \u0645\u0627\u0631\u0643\u062a","description":"Alles, was Sie brauchen, an einem Ort","publisher":{"@id":"https:\/\/yasminfood.ch\/de\/#organization"},"alternateName":"Yasmin Food","potentialAction":[{"@type":"SearchAction","target":{"@type":"EntryPoint","urlTemplate":"https:\/\/yasminfood.ch\/de\/?s={search_term_string}"},"query-input":{"@type":"PropertyValueSpecification","valueRequired":true,"valueName":"search_term_string"}}],"inLanguage":"de"},{"@type":"Organization","@id":"https:\/\/yasminfood.ch\/de\/#organization","name":"\u064a\u0627\u0633\u0645\u064a\u0646 \u0645\u0627\u0631\u0643\u062a","alternateName":"Yasmin Food","url":"https:\/\/yasminfood.ch\/de\/","logo":{"@type":"ImageObject","inLanguage":"de","@id":"https:\/\/yasminfood.ch\/de\/#\/schema\/logo\/image\/","url":"https:\/\/yasminfood.ch\/wp-content\/uploads\/2025\/05\/yasmin-food-header-logo.png","contentUrl":"https:\/\/yasminfood.ch\/wp-content\/uploads\/2025\/05\/yasmin-food-header-logo.png","width":330,"height":120,"caption":"\u064a\u0627\u0633\u0645\u064a\u0646 \u0645\u0627\u0631\u0643\u062a"},"image":{"@id":"https:\/\/yasminfood.ch\/de\/#\/schema\/logo\/image\/"},"sameAs":["https:\/\/www.facebook.com\/yasminmarkt1","https:\/\/www.tiktok.com\/@yasminmarkt","https:\/\/www.instagram.com\/yasmin.markt1\/","https:\/\/api.whatsapp.com\/send\/?phone=41799000104"],"publishingPrinciples":"https:\/\/yasminfood.ch\/de\/shop\/","ownershipFundingInfo":"https:\/\/yasminfood.ch\/de\/shop\/"}]},"product_price_amount":"3.95","product_price_currency":"CHF","og_availability":"instock","product_availability":"instock","product_condition":"new"},"jetpack_sharing_enabled":true,"_links":{"self":[{"href":"https:\/\/yasminfood.ch\/de\/wp-json\/wp\/v2\/product\/117622","targetHints":{"allow":["GET"]}}],"collection":[{"href":"https:\/\/yasminfood.ch\/de\/wp-json\/wp\/v2\/product"}],"about":[{"href":"https:\/\/yasminfood.ch\/de\/wp-json\/wp\/v2\/types\/product"}],"replies":[{"embeddable":true,"href":"https:\/\/yasminfood.ch\/de\/wp-json\/wp\/v2\/comments?post=117622"}],"version-history":[{"count":0,"href":"https:\/\/yasminfood.ch\/de\/wp-json\/wp\/v2\/product\/117622\/revisions"}],"wp:featuredmedia":[{"embeddable":true,"href":"https:\/\/yasminfood.ch\/de\/wp-json\/wp\/v2\/media\/117591"}],"wp:attachment":[{"href":"https:\/\/yasminfood.ch\/de\/wp-json\/wp\/v2\/media?parent=117622"}],"wp:term":[{"taxonomy":"product_brand","embeddable":true,"href":"https:\/\/yasminfood.ch\/de\/wp-json\/wp\/v2\/product_brand?post=117622"},{"taxonomy":"product_cat","embeddable":true,"href":"https:\/\/yasminfood.ch\/de\/wp-json\/wp\/v2\/product_cat?post=117622"},{"taxonomy":"product_tag","embeddable":true,"href":"https:\/\/yasminfood.ch\/de\/wp-json\/wp\/v2\/product_tag?post=117622"}],"curies":[{"name":"wp","href":"https:\/\/api.w.org\/{rel}","templated":true}]}}