{"id":117664,"date":"2025-06-24T12:17:38","date_gmt":"2025-06-24T10:28:22","guid":{"rendered":"https:\/\/yasminfood.ch\/product\/goldenes-entenloeffel-set\/"},"modified":"2025-06-24T12:28:22","modified_gmt":"2025-06-24T10:28:22","slug":"goldenes-entenloeffel-set","status":"publish","type":"product","link":"https:\/\/yasminfood.ch\/de\/product\/goldenes-entenloeffel-set\/","title":{"rendered":"Goldenes Entenl\u00f6ffel-Set"},"content":{"rendered":"<p><strong>Goldenes Entenl\u00f6ffel-Set<\/strong><\/p>\n<ul>\n<li><span><strong>Funktionen:<\/strong> <\/span><\/li>\n<\/ul>\n<p><span>1. Der Spatel besteht aus Edelstahlmaterial mit Polierverfahren, das hell und langlebig ist. <\/span><br \/>\n<span>2. Exquisite Verarbeitung und sch\u00f6nes Aussehen, es ist auch eine sch\u00f6ne Dekoration f\u00fcr die K\u00fcche. <\/span><br \/>\n<span>3. Der Hauptk\u00f6rper des L\u00f6ffelhalters besteht aus hochwertigem Zinklegierungsmaterial, das korrosionsbest\u00e4ndig ist. <\/span><br \/>\n<span>4. Der sch\u00f6ne L\u00f6ffelhalter kann im Wohnzimmer, Esszimmer oder K\u00fcchentisch aufgestellt werden.<\/span><br \/>\n<span>5. Die Oberfl\u00e4che des Schwans wird mit Galvanik behandelt und der realistische Fl\u00fcgel ist sch\u00f6ner. <\/span><\/p>\n<ul>\n<li><span><strong>Spezifikationen<\/strong>:<\/span><br \/>\n<span>Produkttyp: L\u00f6ffel und Schwanenst\u00e4nder Material: Zinklegierung  <\/span><br \/>\n<span>Material des L\u00f6ffels: Edelstahl <\/span><br \/>\n<span>Polierprozess: Hochglanzpolieren <\/span><br \/>\n<span>Farbe: Gold <\/span><br \/>\n<span>Abmessungen des Schwanenl\u00f6ffelhalters: Ca. 15\u00d75\u00d77,5 cm \/ 5,9\u00d72\u00d73&#8243; <\/span><br \/>\n<span>Abmessungen des L\u00f6ffels: Ca. 13 \u00d7 2,5 cm \/ 5,1 \u00d7 1&#8243; <\/span><br \/>\n<span>Gewicht: Ca. 342 g \/ 12,1 oz <\/span><\/li>\n<\/ul>\n<p><strong>Paketliste:<\/strong><br \/>\n<span>1 \u00d7 Schwanenf\u00f6rmiger L\u00f6ffelhalter,<\/span><br \/>\n<span>6 Essl\u00f6ffel.<\/span><\/p>\n","protected":false},"excerpt":{"rendered":"<p><strong>Goldenes Entenl\u00f6ffel-Set<\/strong><\/p>\n<ul>\n<li><strong>Funktionen:<\/strong><\/li>\n<\/ul>\n<p>1. Der Spatel besteht aus Edelstahlmaterial mit Polierverfahren, das hell und langlebig ist.<br \/>\n2. Exquisite Verarbeitung und sch\u00f6nes Aussehen, es ist auch eine sch\u00f6ne Dekoration f\u00fcr die K\u00fcche.  <\/p>\n","protected":false},"featured_media":117655,"comment_status":"open","ping_status":"closed","template":"","meta":[],"product_brand":[],"product_cat":[904,388],"product_tag":[],"class_list":{"0":"post-117664","1":"product","2":"type-product","3":"status-publish","4":"has-post-thumbnail","6":"product_cat-kuechenutensilien","7":"product_cat-nonfood","9":"first","10":"instock","11":"taxable","12":"shipping-taxable","13":"purchasable","14":"product-type-simple"},"yoast_head":"<!-- This site is optimized with the Yoast SEO Premium plugin v26.5 (Yoast SEO v27.3) - https:\/\/yoast.com\/product\/yoast-seo-premium-wordpress\/ -->\n<title>Goldenes Entenl\u00f6ffel-Set - Yasmin Food<\/title>\n<meta name=\"description\" content=\"Genie\u00dfen Sie die \u00c4sthetik und Innovation dieses goldenen Entenl\u00f6ffel-Sets aus Edelstahl. Verleihen Sie Ihrer K\u00fcche noch heute eine stilvolle Note! Yasmin Food Goldenes Entenl\u00f6ffel-Set\" \/>\n<meta name=\"robots\" content=\"index, follow, max-snippet:-1, max-image-preview:large, max-video-preview:-1\" \/>\n<link rel=\"canonical\" href=\"https:\/\/yasminfood.ch\/de\/product\/goldenes-entenloeffel-set\/\" \/>\n<meta property=\"og:locale\" content=\"de_DE\" \/>\n<meta property=\"og:type\" content=\"article\" \/>\n<meta property=\"og:title\" content=\"Goldenes Entenl\u00f6ffel-Set\" \/>\n<meta property=\"og:description\" content=\"Goldenes Entenl\u00f6ffel-Set  Funktionen: 1. Der Spatel besteht aus Edelstahlmaterial mit Polierverfahren, das hell und langlebig ist. 2. Exquisite Verarbeitung und sch\u00f6nes Aussehen, es ist auch eine sch\u00f6ne Dekoration f\u00fcr die K\u00fcche.\" \/>\n<meta property=\"og:url\" content=\"https:\/\/yasminfood.ch\/de\/product\/goldenes-entenloeffel-set\/\" \/>\n<meta property=\"og:site_name\" content=\"Yasmin Food\" \/>\n<meta property=\"article:publisher\" content=\"https:\/\/www.facebook.com\/yasminmarkt1\" \/>\n<meta property=\"og:image\" content=\"https:\/\/yasminfood.ch\/wp-content\/uploads\/2025\/06\/\u0637\u0642\u0645-\u0645\u0644\u0627\u0639\u0642-\u0628\u0637\u0629-\u0630\u0647\u0628\u064a2-1024x1024.png\" \/>\n\t<meta property=\"og:image:width\" content=\"1024\" \/>\n\t<meta property=\"og:image:height\" content=\"1024\" \/>\n\t<meta property=\"og:image:type\" content=\"image\/png\" \/>\n<meta name=\"twitter:card\" content=\"summary_large_image\" \/>\n<meta name=\"twitter:label1\" content=\"Preis\" \/>\n\t<meta name=\"twitter:data1\" content=\"11.95&nbsp;&#067;&#072;&#070;\" \/>\n\t<meta name=\"twitter:label2\" content=\"Verf\u00fcgbarkeit\" \/>\n\t<meta name=\"twitter:data2\" content=\"Auf Lager\" \/>\n<script type=\"application\/ld+json\" class=\"yoast-schema-graph\">{\"@context\":\"https:\\\/\\\/schema.org\",\"@graph\":[{\"@type\":\"WebPage\",\"@id\":\"https:\\\/\\\/yasminfood.ch\\\/de\\\/product\\\/goldenes-entenloeffel-set\\\/\",\"url\":\"https:\\\/\\\/yasminfood.ch\\\/de\\\/product\\\/goldenes-entenloeffel-set\\\/\",\"name\":\"Goldenes Entenl\u00f6ffel-Set - Yasmin Food\",\"isPartOf\":{\"@id\":\"https:\\\/\\\/yasminfood.ch\\\/de\\\/#website\"},\"primaryImageOfPage\":{\"@id\":\"https:\\\/\\\/yasminfood.ch\\\/de\\\/product\\\/goldenes-entenloeffel-set\\\/#primaryimage\"},\"image\":{\"@id\":\"https:\\\/\\\/yasminfood.ch\\\/de\\\/product\\\/goldenes-entenloeffel-set\\\/#primaryimage\"},\"thumbnailUrl\":\"https:\\\/\\\/yasminfood.ch\\\/wp-content\\\/uploads\\\/2025\\\/06\\\/\u0637\u0642\u0645-\u0645\u0644\u0627\u0639\u0642-\u0628\u0637\u0629-\u0630\u0647\u0628\u064a2.png\",\"datePublished\":\"2025-06-24T10:28:22+00:00\",\"description\":\"Genie\u00dfen Sie die \u00c4sthetik und Innovation dieses goldenen Entenl\u00f6ffel-Sets aus Edelstahl. Verleihen Sie Ihrer K\u00fcche noch heute eine stilvolle Note! Yasmin Food Goldenes Entenl\u00f6ffel-Set\",\"breadcrumb\":{\"@id\":\"https:\\\/\\\/yasminfood.ch\\\/de\\\/product\\\/goldenes-entenloeffel-set\\\/#breadcrumb\"},\"inLanguage\":\"de\",\"potentialAction\":[{\"@type\":\"ReadAction\",\"target\":[\"https:\\\/\\\/yasminfood.ch\\\/de\\\/product\\\/goldenes-entenloeffel-set\\\/\"]}]},{\"@type\":\"ImageObject\",\"inLanguage\":\"de\",\"@id\":\"https:\\\/\\\/yasminfood.ch\\\/de\\\/product\\\/goldenes-entenloeffel-set\\\/#primaryimage\",\"url\":\"https:\\\/\\\/yasminfood.ch\\\/wp-content\\\/uploads\\\/2025\\\/06\\\/\u0637\u0642\u0645-\u0645\u0644\u0627\u0639\u0642-\u0628\u0637\u0629-\u0630\u0647\u0628\u064a2.png\",\"contentUrl\":\"https:\\\/\\\/yasminfood.ch\\\/wp-content\\\/uploads\\\/2025\\\/06\\\/\u0637\u0642\u0645-\u0645\u0644\u0627\u0639\u0642-\u0628\u0637\u0629-\u0630\u0647\u0628\u064a2.png\",\"width\":1890,\"height\":1890,\"caption\":\"Goldenes Entenl\u00f6ffel-Set\"},{\"@type\":\"BreadcrumbList\",\"@id\":\"https:\\\/\\\/yasminfood.ch\\\/de\\\/product\\\/goldenes-entenloeffel-set\\\/#breadcrumb\",\"itemListElement\":[{\"@type\":\"ListItem\",\"position\":1,\"name\":\"\u0627\u0644\u0631\u0626\u064a\u0633\u064a\u0629\",\"item\":\"https:\\\/\\\/yasminfood.ch\\\/de\\\/zuhause\\\/\"},{\"@type\":\"ListItem\",\"position\":2,\"name\":\"Shop\",\"item\":\"https:\\\/\\\/yasminfood.ch\\\/de\\\/shop\\\/\"},{\"@type\":\"ListItem\",\"position\":3,\"name\":\"Nonfood\",\"item\":\"https:\\\/\\\/yasminfood.ch\\\/de\\\/produkt-kategorie\\\/nonfood\\\/\"},{\"@type\":\"ListItem\",\"position\":4,\"name\":\"Goldenes Entenl\u00f6ffel-Set\"}]},{\"@type\":\"WebSite\",\"@id\":\"https:\\\/\\\/yasminfood.ch\\\/de\\\/#website\",\"url\":\"https:\\\/\\\/yasminfood.ch\\\/de\\\/\",\"name\":\"\u064a\u0627\u0633\u0645\u064a\u0646 \u0645\u0627\u0631\u0643\u062a\",\"description\":\"Alles, was Sie brauchen, an einem Ort\",\"publisher\":{\"@id\":\"https:\\\/\\\/yasminfood.ch\\\/de\\\/#organization\"},\"alternateName\":\"Yasmin Food\",\"potentialAction\":[{\"@type\":\"SearchAction\",\"target\":{\"@type\":\"EntryPoint\",\"urlTemplate\":\"https:\\\/\\\/yasminfood.ch\\\/de\\\/?s={search_term_string}\"},\"query-input\":{\"@type\":\"PropertyValueSpecification\",\"valueRequired\":true,\"valueName\":\"search_term_string\"}}],\"inLanguage\":\"de\"},{\"@type\":\"Organization\",\"@id\":\"https:\\\/\\\/yasminfood.ch\\\/de\\\/#organization\",\"name\":\"\u064a\u0627\u0633\u0645\u064a\u0646 \u0645\u0627\u0631\u0643\u062a\",\"alternateName\":\"Yasmin Food\",\"url\":\"https:\\\/\\\/yasminfood.ch\\\/de\\\/\",\"logo\":{\"@type\":\"ImageObject\",\"inLanguage\":\"de\",\"@id\":\"https:\\\/\\\/yasminfood.ch\\\/de\\\/#\\\/schema\\\/logo\\\/image\\\/\",\"url\":\"https:\\\/\\\/yasminfood.ch\\\/wp-content\\\/uploads\\\/2025\\\/05\\\/yasmin-food-header-logo.png\",\"contentUrl\":\"https:\\\/\\\/yasminfood.ch\\\/wp-content\\\/uploads\\\/2025\\\/05\\\/yasmin-food-header-logo.png\",\"width\":330,\"height\":120,\"caption\":\"\u064a\u0627\u0633\u0645\u064a\u0646 \u0645\u0627\u0631\u0643\u062a\"},\"image\":{\"@id\":\"https:\\\/\\\/yasminfood.ch\\\/de\\\/#\\\/schema\\\/logo\\\/image\\\/\"},\"sameAs\":[\"https:\\\/\\\/www.facebook.com\\\/yasminmarkt1\",\"https:\\\/\\\/www.tiktok.com\\\/@yasminmarkt\",\"https:\\\/\\\/www.instagram.com\\\/yasmin.markt1\\\/\",\"https:\\\/\\\/api.whatsapp.com\\\/send\\\/?phone=41799000104\"],\"publishingPrinciples\":\"https:\\\/\\\/yasminfood.ch\\\/de\\\/shop\\\/\",\"ownershipFundingInfo\":\"https:\\\/\\\/yasminfood.ch\\\/de\\\/shop\\\/\"}]}<\/script>\n<meta property=\"product:price:amount\" content=\"11.95\" \/>\n<meta property=\"product:price:currency\" content=\"CHF\" \/>\n<meta property=\"og:availability\" content=\"instock\" \/>\n<meta property=\"product:availability\" content=\"instock\" \/>\n<meta property=\"product:condition\" content=\"new\" \/>\n<!-- \/ Yoast SEO Premium plugin. -->","yoast_head_json":{"title":"Goldenes Entenl\u00f6ffel-Set - Yasmin Food","description":"Genie\u00dfen Sie die \u00c4sthetik und Innovation dieses goldenen Entenl\u00f6ffel-Sets aus Edelstahl. Verleihen Sie Ihrer K\u00fcche noch heute eine stilvolle Note! Yasmin Food Goldenes Entenl\u00f6ffel-Set","robots":{"index":"index","follow":"follow","max-snippet":"max-snippet:-1","max-image-preview":"max-image-preview:large","max-video-preview":"max-video-preview:-1"},"canonical":"https:\/\/yasminfood.ch\/de\/product\/goldenes-entenloeffel-set\/","og_locale":"de_DE","og_type":"article","og_title":"Goldenes Entenl\u00f6ffel-Set","og_description":"Goldenes Entenl\u00f6ffel-Set  Funktionen: 1. Der Spatel besteht aus Edelstahlmaterial mit Polierverfahren, das hell und langlebig ist. 2. Exquisite Verarbeitung und sch\u00f6nes Aussehen, es ist auch eine sch\u00f6ne Dekoration f\u00fcr die K\u00fcche.","og_url":"https:\/\/yasminfood.ch\/de\/product\/goldenes-entenloeffel-set\/","og_site_name":"Yasmin Food","article_publisher":"https:\/\/www.facebook.com\/yasminmarkt1","og_image":[{"width":1024,"height":1024,"url":"https:\/\/yasminfood.ch\/wp-content\/uploads\/2025\/06\/\u0637\u0642\u0645-\u0645\u0644\u0627\u0639\u0642-\u0628\u0637\u0629-\u0630\u0647\u0628\u064a2-1024x1024.png","type":"image\/png"}],"twitter_card":"summary_large_image","twitter_misc":{"Preis":"11.95&nbsp;&#67;&#72;&#70;","Verf\u00fcgbarkeit":"Auf Lager"},"schema":{"@context":"https:\/\/schema.org","@graph":[{"@type":"WebPage","@id":"https:\/\/yasminfood.ch\/de\/product\/goldenes-entenloeffel-set\/","url":"https:\/\/yasminfood.ch\/de\/product\/goldenes-entenloeffel-set\/","name":"Goldenes Entenl\u00f6ffel-Set - Yasmin Food","isPartOf":{"@id":"https:\/\/yasminfood.ch\/de\/#website"},"primaryImageOfPage":{"@id":"https:\/\/yasminfood.ch\/de\/product\/goldenes-entenloeffel-set\/#primaryimage"},"image":{"@id":"https:\/\/yasminfood.ch\/de\/product\/goldenes-entenloeffel-set\/#primaryimage"},"thumbnailUrl":"https:\/\/yasminfood.ch\/wp-content\/uploads\/2025\/06\/\u0637\u0642\u0645-\u0645\u0644\u0627\u0639\u0642-\u0628\u0637\u0629-\u0630\u0647\u0628\u064a2.png","datePublished":"2025-06-24T10:28:22+00:00","description":"Genie\u00dfen Sie die \u00c4sthetik und Innovation dieses goldenen Entenl\u00f6ffel-Sets aus Edelstahl. Verleihen Sie Ihrer K\u00fcche noch heute eine stilvolle Note! Yasmin Food Goldenes Entenl\u00f6ffel-Set","breadcrumb":{"@id":"https:\/\/yasminfood.ch\/de\/product\/goldenes-entenloeffel-set\/#breadcrumb"},"inLanguage":"de","potentialAction":[{"@type":"ReadAction","target":["https:\/\/yasminfood.ch\/de\/product\/goldenes-entenloeffel-set\/"]}]},{"@type":"ImageObject","inLanguage":"de","@id":"https:\/\/yasminfood.ch\/de\/product\/goldenes-entenloeffel-set\/#primaryimage","url":"https:\/\/yasminfood.ch\/wp-content\/uploads\/2025\/06\/\u0637\u0642\u0645-\u0645\u0644\u0627\u0639\u0642-\u0628\u0637\u0629-\u0630\u0647\u0628\u064a2.png","contentUrl":"https:\/\/yasminfood.ch\/wp-content\/uploads\/2025\/06\/\u0637\u0642\u0645-\u0645\u0644\u0627\u0639\u0642-\u0628\u0637\u0629-\u0630\u0647\u0628\u064a2.png","width":1890,"height":1890,"caption":"Goldenes Entenl\u00f6ffel-Set"},{"@type":"BreadcrumbList","@id":"https:\/\/yasminfood.ch\/de\/product\/goldenes-entenloeffel-set\/#breadcrumb","itemListElement":[{"@type":"ListItem","position":1,"name":"\u0627\u0644\u0631\u0626\u064a\u0633\u064a\u0629","item":"https:\/\/yasminfood.ch\/de\/zuhause\/"},{"@type":"ListItem","position":2,"name":"Shop","item":"https:\/\/yasminfood.ch\/de\/shop\/"},{"@type":"ListItem","position":3,"name":"Nonfood","item":"https:\/\/yasminfood.ch\/de\/produkt-kategorie\/nonfood\/"},{"@type":"ListItem","position":4,"name":"Goldenes Entenl\u00f6ffel-Set"}]},{"@type":"WebSite","@id":"https:\/\/yasminfood.ch\/de\/#website","url":"https:\/\/yasminfood.ch\/de\/","name":"\u064a\u0627\u0633\u0645\u064a\u0646 \u0645\u0627\u0631\u0643\u062a","description":"Alles, was Sie brauchen, an einem Ort","publisher":{"@id":"https:\/\/yasminfood.ch\/de\/#organization"},"alternateName":"Yasmin Food","potentialAction":[{"@type":"SearchAction","target":{"@type":"EntryPoint","urlTemplate":"https:\/\/yasminfood.ch\/de\/?s={search_term_string}"},"query-input":{"@type":"PropertyValueSpecification","valueRequired":true,"valueName":"search_term_string"}}],"inLanguage":"de"},{"@type":"Organization","@id":"https:\/\/yasminfood.ch\/de\/#organization","name":"\u064a\u0627\u0633\u0645\u064a\u0646 \u0645\u0627\u0631\u0643\u062a","alternateName":"Yasmin Food","url":"https:\/\/yasminfood.ch\/de\/","logo":{"@type":"ImageObject","inLanguage":"de","@id":"https:\/\/yasminfood.ch\/de\/#\/schema\/logo\/image\/","url":"https:\/\/yasminfood.ch\/wp-content\/uploads\/2025\/05\/yasmin-food-header-logo.png","contentUrl":"https:\/\/yasminfood.ch\/wp-content\/uploads\/2025\/05\/yasmin-food-header-logo.png","width":330,"height":120,"caption":"\u064a\u0627\u0633\u0645\u064a\u0646 \u0645\u0627\u0631\u0643\u062a"},"image":{"@id":"https:\/\/yasminfood.ch\/de\/#\/schema\/logo\/image\/"},"sameAs":["https:\/\/www.facebook.com\/yasminmarkt1","https:\/\/www.tiktok.com\/@yasminmarkt","https:\/\/www.instagram.com\/yasmin.markt1\/","https:\/\/api.whatsapp.com\/send\/?phone=41799000104"],"publishingPrinciples":"https:\/\/yasminfood.ch\/de\/shop\/","ownershipFundingInfo":"https:\/\/yasminfood.ch\/de\/shop\/"}]},"product_price_amount":"11.95","product_price_currency":"CHF","og_availability":"instock","product_availability":"instock","product_condition":"new"},"jetpack_sharing_enabled":true,"_links":{"self":[{"href":"https:\/\/yasminfood.ch\/de\/wp-json\/wp\/v2\/product\/117664","targetHints":{"allow":["GET"]}}],"collection":[{"href":"https:\/\/yasminfood.ch\/de\/wp-json\/wp\/v2\/product"}],"about":[{"href":"https:\/\/yasminfood.ch\/de\/wp-json\/wp\/v2\/types\/product"}],"replies":[{"embeddable":true,"href":"https:\/\/yasminfood.ch\/de\/wp-json\/wp\/v2\/comments?post=117664"}],"version-history":[{"count":0,"href":"https:\/\/yasminfood.ch\/de\/wp-json\/wp\/v2\/product\/117664\/revisions"}],"wp:featuredmedia":[{"embeddable":true,"href":"https:\/\/yasminfood.ch\/de\/wp-json\/wp\/v2\/media\/117655"}],"wp:attachment":[{"href":"https:\/\/yasminfood.ch\/de\/wp-json\/wp\/v2\/media?parent=117664"}],"wp:term":[{"taxonomy":"product_brand","embeddable":true,"href":"https:\/\/yasminfood.ch\/de\/wp-json\/wp\/v2\/product_brand?post=117664"},{"taxonomy":"product_cat","embeddable":true,"href":"https:\/\/yasminfood.ch\/de\/wp-json\/wp\/v2\/product_cat?post=117664"},{"taxonomy":"product_tag","embeddable":true,"href":"https:\/\/yasminfood.ch\/de\/wp-json\/wp\/v2\/product_tag?post=117664"}],"curies":[{"name":"wp","href":"https:\/\/api.w.org\/{rel}","templated":true}]}}