{"id":117672,"date":"2025-06-24T13:20:48","date_gmt":"2025-06-24T11:20:48","guid":{"rendered":"https:\/\/yasminfood.ch\/product\/freekeh-gemeinde-800g-shamsin\/"},"modified":"2025-06-24T13:22:13","modified_gmt":"2025-06-24T11:22:13","slug":"freekeh-gemeinde-800g-shamsin","status":"publish","type":"product","link":"https:\/\/yasminfood.ch\/de\/product\/freekeh-gemeinde-800g-shamsin\/","title":{"rendered":"Freekeh Gemeinde 800g Shamsin"},"content":{"rendered":"<p><strong>Freekeh Gemeinde 800g Shamsin<\/strong><\/p>\n<ul>\n<li>100% nat\u00fcrliches kommunales Freekeh aus Shamseen, sorgf\u00e4ltig ger\u00f6stet, um seinen reichhaltigen Rauchgeschmack zu erhalten. <br data-start=\"254\" data-end=\"257\">Eine ausgezeichnete Quelle f\u00fcr Ballaststoffe und Proteine, ideal f\u00fcr die Zubereitung von Maqluba, H\u00fchnchen-Freekeh oder als nahrhafte Suppe.  <\/li>\n<\/ul>\n<p data-start=\"346\" data-end=\"365\"><strong data-start=\"349\" data-end=\"363\">Leistungsbeschreibung:<\/strong><\/p>\n<ul data-start=\"366\" data-end=\"524\">\n<li data-start=\"366\" data-end=\"385\">\n<p data-start=\"368\" data-end=\"385\">Gewicht: 800 g <\/p>\n<\/li>\n<li data-start=\"386\" data-end=\"414\">\n<p data-start=\"388\" data-end=\"414\">Typ: Getrocknetes st\u00e4dtisches Freekeh <\/p>\n<\/li>\n<li data-start=\"415\" data-end=\"455\">\n<p data-start=\"417\" data-end=\"455\">Verwendung: F\u00fcr das t\u00e4gliche Kochen oder Anl\u00e4sse <\/p>\n<\/li>\n<li data-start=\"456\" data-end=\"486\">\n<p data-start=\"458\" data-end=\"486\">Frei von industriellen Zus\u00e4tzen<\/p>\n<\/li>\n<li data-start=\"487\" data-end=\"524\">\n<p data-start=\"489\" data-end=\"524\">Sichere Verpackung, die Qualit\u00e4t und Frische bewahrt<\/p>\n<\/li>\n<\/ul>\n<p data-start=\"526\" data-end=\"553\"><strong data-start=\"526\" data-end=\"547\">Hersteller:<\/strong> Shamsin<\/p>\n<p data-start=\"526\" data-end=\"553\">#\u0641\u0631\u064a\u0643\u0629 #\u0641\u0631\u064a\u0643\u0629_\u0628\u0644\u062f\u064a\u0629 #\u0634\u0645\u0633\u064a\u0646 #\u0645\u0646\u062a\u062c\u0627\u062a_\u0628\u0644\u062f\u064a\u0629 #\u0623\u0643\u0644_\u0635\u062d\u064a #\u062d\u0628\u0648\u0628_\u0643\u0627\u0645\u0644\u0629 #\u0645\u0637\u0628\u062e_\u0634\u0631\u0642\u064a<\/p>\n","protected":false},"excerpt":{"rendered":"<p><strong>Freekeh Gemeinde 800g Shamsin<\/strong><\/p>\n<article class=\"text-token-text-primary w-full\" dir=\"auto\" data-testid=\"conversation-turn-14\" data-scroll-anchor=\"true\">\n<div class=\"text-base my-auto mx-auto py-5 [--thread-content-margin:--spacing(4)] @[37rem]:[--thread-content-margin:--spacing(6)] @[72rem]:[--thread-content-margin:--spacing(16)] px-(--thread-content-margin)\">\n<div class=\"[--thread-content-max-width:32rem] @[34rem]:[--thread-content-max-width:40rem] @[64rem]:[--thread-content-max-width:48rem] mx-auto flex max-w-(--thread-content-max-width) flex-1 text-base gap-4 md:gap-5 lg:gap-6 group\/turn-messages focus-visible:outline-hidden\" tabindex=\"-1\">\n<div class=\"group\/conversation-turn relative flex w-full min-w-0 flex-col agent-turn\">\n<div class=\"relative flex-col gap-1 md:gap-3\">\n<div class=\"flex max-w-full flex-col grow\">\n<div class=\"min-h-8 text-message relative flex w-full flex-col items-end gap-2 text-start break-words whitespace-normal [.text-message+&amp;]:mt-5\" dir=\"auto\" data-message-author-role=\"assistant\" data-message-id=\"d8733119-a0ed-4416-b802-000d498e7c71\" data-message-model-slug=\"gpt-4o\">\n<div class=\"flex w-full flex-col gap-1 empty:hidden first:pt-[3px]\">\n<div class=\"markdown prose dark:prose-invert w-full break-words light\">\n<article class=\"text-token-text-primary w-full\" dir=\"auto\" data-testid=\"conversation-turn-14\" data-scroll-anchor=\"true\">\n<div class=\"text-base my-auto mx-auto py-5 [--thread-content-margin:--spacing(4)] @[37rem]:[--thread-content-margin:--spacing(6)] @[72rem]:[--thread-content-margin:--spacing(16)] px-(--thread-content-margin)\">\n<div class=\"[--thread-content-max-width:32rem] @[34rem]:[--thread-content-max-width:40rem] @[64rem]:[--thread-content-max-width:48rem] mx-auto flex max-w-(--thread-content-max-width) flex-1 text-base gap-4 md:gap-5 lg:gap-6 group\/turn-messages focus-visible:outline-hidden\" tabindex=\"-1\">\n<div class=\"group\/conversation-turn relative flex w-full min-w-0 flex-col agent-turn\">\n<div class=\"relative flex-col gap-1 md:gap-3\">\n<div class=\"flex max-w-full flex-col grow\">\n<div class=\"min-h-8 text-message relative flex w-full flex-col items-end gap-2 text-start break-words whitespace-normal [.text-message+&amp;]:mt-5\" dir=\"auto\" data-message-author-role=\"assistant\" data-message-id=\"d8733119-a0ed-4416-b802-000d498e7c71\" data-message-model-slug=\"gpt-4o\">\n<div class=\"flex w-full flex-col gap-1 empty:hidden first:pt-[3px]\">\n<div class=\"markdown prose dark:prose-invert w-full break-words light\">\n<ul>\n<li data-start=\"27\" data-end=\"178\">Nat\u00fcrliches Freekeh sorgf\u00e4ltig ger\u00f6stet mit einem authentischen orientalischen Geschmack, perfekt f\u00fcr Upside Down, H\u00fchnchen-Freekeh und Suppen. Nahrhaft, reich an Ballaststoffen und Proteinen     <\/li>\n<\/ul>\n<\/div>\n<\/div>\n<\/div>\n<\/div>\n<\/div>\n<\/div>\n<\/div>\n<\/div>\n<\/article>\n<\/div>\n<\/div>\n<\/div>\n<\/div>\n<\/div>\n<\/div>\n<\/div>\n<\/div>\n<\/article>\n","protected":false},"featured_media":117669,"comment_status":"open","ping_status":"closed","template":"","meta":[],"product_brand":[2332],"product_cat":[334,320],"product_tag":[],"class_list":{"0":"post-117672","1":"product","2":"type-product","3":"status-publish","4":"has-post-thumbnail","6":"product_brand-chamsine-de","7":"product_cat-freekeh","8":"product_cat-reis-getreide","10":"first","11":"outofstock","12":"taxable","13":"shipping-taxable","14":"purchasable","15":"product-type-simple"},"yoast_head":"<!-- This site is optimized with the Yoast SEO Premium plugin v26.5 (Yoast SEO v27.5) - https:\/\/yoast.com\/product\/yoast-seo-premium-wordpress\/ -->\n<title>Freekeh Municipality 800g Shamsin f\u00fcr den t\u00e4glichen Gebrauch beim Kochen - Yasmin Food<\/title>\n<meta name=\"description\" content=\"Genie\u00dfen Sie den Geschmack von Freekeh Baladi 800g Shamsin Natural, sorgf\u00e4ltig ger\u00f6stet f\u00fcr ein einzigartiges kulinarisches Erlebnis. Bestellen Sie es jetzt, um Ihre Mahlzeiten noch k\u00f6stlicher zu machen! Yasmin Food Freekeh Gemeinde 800g Shamsin\" \/>\n<meta name=\"robots\" content=\"index, follow, max-snippet:-1, max-image-preview:large, max-video-preview:-1\" \/>\n<link rel=\"canonical\" href=\"https:\/\/yasminfood.ch\/de\/product\/freekeh-gemeinde-800g-shamsin\/\" \/>\n<meta property=\"og:locale\" content=\"de_DE\" \/>\n<meta property=\"og:type\" content=\"article\" \/>\n<meta property=\"og:title\" content=\"Freekeh Gemeinde 800g Shamsin\" \/>\n<meta property=\"og:description\" content=\"Freekeh Gemeinde 800g Shamsin           Nat\u00fcrliches Freekeh sorgf\u00e4ltig ger\u00f6stet mit einem authentischen orientalischen Geschmack, perfekt f\u00fcr Upside Down, H\u00fchnchen-Freekeh und Suppen. Nahrhaft, reich an Ballaststoffen und Proteinen\" \/>\n<meta property=\"og:url\" content=\"https:\/\/yasminfood.ch\/de\/product\/freekeh-gemeinde-800g-shamsin\/\" \/>\n<meta property=\"og:site_name\" content=\"Yasmin Food\" \/>\n<meta property=\"article:publisher\" content=\"https:\/\/www.facebook.com\/yasminmarkt1\" \/>\n<meta property=\"article:modified_time\" content=\"2025-06-24T11:22:13+00:00\" \/>\n<meta property=\"og:image\" content=\"https:\/\/yasminfood.ch\/wp-content\/uploads\/2025\/06\/\u0641\u0631\u064a\u0643\u0629-\u0628\u0644\u062f\u064a\u0629-800\u063a-\u0634\u0645\u0633\u064a\u0646-1024x1024.png\" \/>\n\t<meta property=\"og:image:width\" content=\"1024\" \/>\n\t<meta property=\"og:image:height\" content=\"1024\" \/>\n\t<meta property=\"og:image:type\" content=\"image\/png\" \/>\n<meta name=\"twitter:card\" content=\"summary_large_image\" \/>\n<meta name=\"twitter:label1\" content=\"Preis\" \/>\n\t<meta name=\"twitter:data1\" content=\"8.50&nbsp;&#067;&#072;&#070;\" \/>\n\t<meta name=\"twitter:label2\" content=\"Verf\u00fcgbarkeit\" \/>\n\t<meta name=\"twitter:data2\" content=\"ausverkauft\" \/>\n<script type=\"application\/ld+json\" class=\"yoast-schema-graph\">{\"@context\":\"https:\\\/\\\/schema.org\",\"@graph\":[{\"@type\":\"WebPage\",\"@id\":\"https:\\\/\\\/yasminfood.ch\\\/de\\\/product\\\/freekeh-gemeinde-800g-shamsin\\\/\",\"url\":\"https:\\\/\\\/yasminfood.ch\\\/de\\\/product\\\/freekeh-gemeinde-800g-shamsin\\\/\",\"name\":\"Freekeh Municipality 800g Shamsin f\u00fcr den t\u00e4glichen Gebrauch beim Kochen - Yasmin Food\",\"isPartOf\":{\"@id\":\"https:\\\/\\\/yasminfood.ch\\\/de\\\/#website\"},\"primaryImageOfPage\":{\"@id\":\"https:\\\/\\\/yasminfood.ch\\\/de\\\/product\\\/freekeh-gemeinde-800g-shamsin\\\/#primaryimage\"},\"image\":{\"@id\":\"https:\\\/\\\/yasminfood.ch\\\/de\\\/product\\\/freekeh-gemeinde-800g-shamsin\\\/#primaryimage\"},\"thumbnailUrl\":\"https:\\\/\\\/yasminfood.ch\\\/wp-content\\\/uploads\\\/2025\\\/06\\\/\u0641\u0631\u064a\u0643\u0629-\u0628\u0644\u062f\u064a\u0629-800\u063a-\u0634\u0645\u0633\u064a\u0646.png\",\"datePublished\":\"2025-06-24T11:20:48+00:00\",\"dateModified\":\"2025-06-24T11:22:13+00:00\",\"description\":\"Genie\u00dfen Sie den Geschmack von Freekeh Baladi 800g Shamsin Natural, sorgf\u00e4ltig ger\u00f6stet f\u00fcr ein einzigartiges kulinarisches Erlebnis. Bestellen Sie es jetzt, um Ihre Mahlzeiten noch k\u00f6stlicher zu machen! Yasmin Food Freekeh Gemeinde 800g Shamsin\",\"breadcrumb\":{\"@id\":\"https:\\\/\\\/yasminfood.ch\\\/de\\\/product\\\/freekeh-gemeinde-800g-shamsin\\\/#breadcrumb\"},\"inLanguage\":\"de\",\"potentialAction\":[{\"@type\":\"ReadAction\",\"target\":[\"https:\\\/\\\/yasminfood.ch\\\/de\\\/product\\\/freekeh-gemeinde-800g-shamsin\\\/\"]}]},{\"@type\":\"ImageObject\",\"inLanguage\":\"de\",\"@id\":\"https:\\\/\\\/yasminfood.ch\\\/de\\\/product\\\/freekeh-gemeinde-800g-shamsin\\\/#primaryimage\",\"url\":\"https:\\\/\\\/yasminfood.ch\\\/wp-content\\\/uploads\\\/2025\\\/06\\\/\u0641\u0631\u064a\u0643\u0629-\u0628\u0644\u062f\u064a\u0629-800\u063a-\u0634\u0645\u0633\u064a\u0646.png\",\"contentUrl\":\"https:\\\/\\\/yasminfood.ch\\\/wp-content\\\/uploads\\\/2025\\\/06\\\/\u0641\u0631\u064a\u0643\u0629-\u0628\u0644\u062f\u064a\u0629-800\u063a-\u0634\u0645\u0633\u064a\u0646.png\",\"width\":1890,\"height\":1890,\"caption\":\"Freekeh Gemeinde 800g Shamsin\"},{\"@type\":\"BreadcrumbList\",\"@id\":\"https:\\\/\\\/yasminfood.ch\\\/de\\\/product\\\/freekeh-gemeinde-800g-shamsin\\\/#breadcrumb\",\"itemListElement\":[{\"@type\":\"ListItem\",\"position\":1,\"name\":\"\u0627\u0644\u0631\u0626\u064a\u0633\u064a\u0629\",\"item\":\"https:\\\/\\\/yasminfood.ch\\\/de\\\/zuhause\\\/\"},{\"@type\":\"ListItem\",\"position\":2,\"name\":\"Shop\",\"item\":\"https:\\\/\\\/yasminfood.ch\\\/de\\\/shop\\\/\"},{\"@type\":\"ListItem\",\"position\":3,\"name\":\"Reis &amp; Getreide\",\"item\":\"https:\\\/\\\/yasminfood.ch\\\/de\\\/produkt-kategorie\\\/reis-getreide\\\/\"},{\"@type\":\"ListItem\",\"position\":4,\"name\":\"Freekeh\",\"item\":\"https:\\\/\\\/yasminfood.ch\\\/de\\\/produkt-kategorie\\\/reis-getreide\\\/freekeh\\\/\"},{\"@type\":\"ListItem\",\"position\":5,\"name\":\"Freekeh Gemeinde 800g Shamsin\"}]},{\"@type\":\"WebSite\",\"@id\":\"https:\\\/\\\/yasminfood.ch\\\/de\\\/#website\",\"url\":\"https:\\\/\\\/yasminfood.ch\\\/de\\\/\",\"name\":\"\u064a\u0627\u0633\u0645\u064a\u0646 \u0645\u0627\u0631\u0643\u062a\",\"description\":\"Alles, was Sie brauchen, an einem Ort\",\"publisher\":{\"@id\":\"https:\\\/\\\/yasminfood.ch\\\/de\\\/#organization\"},\"alternateName\":\"Yasmin Food\",\"potentialAction\":[{\"@type\":\"SearchAction\",\"target\":{\"@type\":\"EntryPoint\",\"urlTemplate\":\"https:\\\/\\\/yasminfood.ch\\\/de\\\/?s={search_term_string}\"},\"query-input\":{\"@type\":\"PropertyValueSpecification\",\"valueRequired\":true,\"valueName\":\"search_term_string\"}}],\"inLanguage\":\"de\"},{\"@type\":\"Organization\",\"@id\":\"https:\\\/\\\/yasminfood.ch\\\/de\\\/#organization\",\"name\":\"\u064a\u0627\u0633\u0645\u064a\u0646 \u0645\u0627\u0631\u0643\u062a\",\"alternateName\":\"Yasmin Food\",\"url\":\"https:\\\/\\\/yasminfood.ch\\\/de\\\/\",\"logo\":{\"@type\":\"ImageObject\",\"inLanguage\":\"de\",\"@id\":\"https:\\\/\\\/yasminfood.ch\\\/de\\\/#\\\/schema\\\/logo\\\/image\\\/\",\"url\":\"https:\\\/\\\/yasminfood.ch\\\/wp-content\\\/uploads\\\/2025\\\/05\\\/yasmin-food-header-logo.png\",\"contentUrl\":\"https:\\\/\\\/yasminfood.ch\\\/wp-content\\\/uploads\\\/2025\\\/05\\\/yasmin-food-header-logo.png\",\"width\":330,\"height\":120,\"caption\":\"\u064a\u0627\u0633\u0645\u064a\u0646 \u0645\u0627\u0631\u0643\u062a\"},\"image\":{\"@id\":\"https:\\\/\\\/yasminfood.ch\\\/de\\\/#\\\/schema\\\/logo\\\/image\\\/\"},\"sameAs\":[\"https:\\\/\\\/www.facebook.com\\\/yasminmarkt1\",\"https:\\\/\\\/www.tiktok.com\\\/@yasminmarkt\",\"https:\\\/\\\/www.instagram.com\\\/yasmin.markt1\\\/\",\"https:\\\/\\\/api.whatsapp.com\\\/send\\\/?phone=41799000104\"],\"publishingPrinciples\":\"https:\\\/\\\/yasminfood.ch\\\/de\\\/shop\\\/\",\"ownershipFundingInfo\":\"https:\\\/\\\/yasminfood.ch\\\/de\\\/shop\\\/\"}]}<\/script>\n<meta property=\"product:price:amount\" content=\"8.50\" \/>\n<meta property=\"product:price:currency\" content=\"CHF\" \/>\n<meta property=\"og:availability\" content=\"out of stock\" \/>\n<meta property=\"product:availability\" content=\"out of stock\" \/>\n<meta property=\"product:condition\" content=\"new\" \/>\n<!-- \/ Yoast SEO Premium plugin. -->","yoast_head_json":{"title":"Freekeh Municipality 800g Shamsin f\u00fcr den t\u00e4glichen Gebrauch beim Kochen - Yasmin Food","description":"Genie\u00dfen Sie den Geschmack von Freekeh Baladi 800g Shamsin Natural, sorgf\u00e4ltig ger\u00f6stet f\u00fcr ein einzigartiges kulinarisches Erlebnis. Bestellen Sie es jetzt, um Ihre Mahlzeiten noch k\u00f6stlicher zu machen! Yasmin Food Freekeh Gemeinde 800g Shamsin","robots":{"index":"index","follow":"follow","max-snippet":"max-snippet:-1","max-image-preview":"max-image-preview:large","max-video-preview":"max-video-preview:-1"},"canonical":"https:\/\/yasminfood.ch\/de\/product\/freekeh-gemeinde-800g-shamsin\/","og_locale":"de_DE","og_type":"article","og_title":"Freekeh Gemeinde 800g Shamsin","og_description":"Freekeh Gemeinde 800g Shamsin           Nat\u00fcrliches Freekeh sorgf\u00e4ltig ger\u00f6stet mit einem authentischen orientalischen Geschmack, perfekt f\u00fcr Upside Down, H\u00fchnchen-Freekeh und Suppen. Nahrhaft, reich an Ballaststoffen und Proteinen","og_url":"https:\/\/yasminfood.ch\/de\/product\/freekeh-gemeinde-800g-shamsin\/","og_site_name":"Yasmin Food","article_publisher":"https:\/\/www.facebook.com\/yasminmarkt1","article_modified_time":"2025-06-24T11:22:13+00:00","og_image":[{"width":1024,"height":1024,"url":"https:\/\/yasminfood.ch\/wp-content\/uploads\/2025\/06\/\u0641\u0631\u064a\u0643\u0629-\u0628\u0644\u062f\u064a\u0629-800\u063a-\u0634\u0645\u0633\u064a\u0646-1024x1024.png","type":"image\/png"}],"twitter_card":"summary_large_image","twitter_misc":{"Preis":"8.50&nbsp;&#67;&#72;&#70;","Verf\u00fcgbarkeit":"ausverkauft"},"schema":{"@context":"https:\/\/schema.org","@graph":[{"@type":"WebPage","@id":"https:\/\/yasminfood.ch\/de\/product\/freekeh-gemeinde-800g-shamsin\/","url":"https:\/\/yasminfood.ch\/de\/product\/freekeh-gemeinde-800g-shamsin\/","name":"Freekeh Municipality 800g Shamsin f\u00fcr den t\u00e4glichen Gebrauch beim Kochen - Yasmin Food","isPartOf":{"@id":"https:\/\/yasminfood.ch\/de\/#website"},"primaryImageOfPage":{"@id":"https:\/\/yasminfood.ch\/de\/product\/freekeh-gemeinde-800g-shamsin\/#primaryimage"},"image":{"@id":"https:\/\/yasminfood.ch\/de\/product\/freekeh-gemeinde-800g-shamsin\/#primaryimage"},"thumbnailUrl":"https:\/\/yasminfood.ch\/wp-content\/uploads\/2025\/06\/\u0641\u0631\u064a\u0643\u0629-\u0628\u0644\u062f\u064a\u0629-800\u063a-\u0634\u0645\u0633\u064a\u0646.png","datePublished":"2025-06-24T11:20:48+00:00","dateModified":"2025-06-24T11:22:13+00:00","description":"Genie\u00dfen Sie den Geschmack von Freekeh Baladi 800g Shamsin Natural, sorgf\u00e4ltig ger\u00f6stet f\u00fcr ein einzigartiges kulinarisches Erlebnis. Bestellen Sie es jetzt, um Ihre Mahlzeiten noch k\u00f6stlicher zu machen! Yasmin Food Freekeh Gemeinde 800g Shamsin","breadcrumb":{"@id":"https:\/\/yasminfood.ch\/de\/product\/freekeh-gemeinde-800g-shamsin\/#breadcrumb"},"inLanguage":"de","potentialAction":[{"@type":"ReadAction","target":["https:\/\/yasminfood.ch\/de\/product\/freekeh-gemeinde-800g-shamsin\/"]}]},{"@type":"ImageObject","inLanguage":"de","@id":"https:\/\/yasminfood.ch\/de\/product\/freekeh-gemeinde-800g-shamsin\/#primaryimage","url":"https:\/\/yasminfood.ch\/wp-content\/uploads\/2025\/06\/\u0641\u0631\u064a\u0643\u0629-\u0628\u0644\u062f\u064a\u0629-800\u063a-\u0634\u0645\u0633\u064a\u0646.png","contentUrl":"https:\/\/yasminfood.ch\/wp-content\/uploads\/2025\/06\/\u0641\u0631\u064a\u0643\u0629-\u0628\u0644\u062f\u064a\u0629-800\u063a-\u0634\u0645\u0633\u064a\u0646.png","width":1890,"height":1890,"caption":"Freekeh Gemeinde 800g Shamsin"},{"@type":"BreadcrumbList","@id":"https:\/\/yasminfood.ch\/de\/product\/freekeh-gemeinde-800g-shamsin\/#breadcrumb","itemListElement":[{"@type":"ListItem","position":1,"name":"\u0627\u0644\u0631\u0626\u064a\u0633\u064a\u0629","item":"https:\/\/yasminfood.ch\/de\/zuhause\/"},{"@type":"ListItem","position":2,"name":"Shop","item":"https:\/\/yasminfood.ch\/de\/shop\/"},{"@type":"ListItem","position":3,"name":"Reis &amp; Getreide","item":"https:\/\/yasminfood.ch\/de\/produkt-kategorie\/reis-getreide\/"},{"@type":"ListItem","position":4,"name":"Freekeh","item":"https:\/\/yasminfood.ch\/de\/produkt-kategorie\/reis-getreide\/freekeh\/"},{"@type":"ListItem","position":5,"name":"Freekeh Gemeinde 800g Shamsin"}]},{"@type":"WebSite","@id":"https:\/\/yasminfood.ch\/de\/#website","url":"https:\/\/yasminfood.ch\/de\/","name":"\u064a\u0627\u0633\u0645\u064a\u0646 \u0645\u0627\u0631\u0643\u062a","description":"Alles, was Sie brauchen, an einem Ort","publisher":{"@id":"https:\/\/yasminfood.ch\/de\/#organization"},"alternateName":"Yasmin Food","potentialAction":[{"@type":"SearchAction","target":{"@type":"EntryPoint","urlTemplate":"https:\/\/yasminfood.ch\/de\/?s={search_term_string}"},"query-input":{"@type":"PropertyValueSpecification","valueRequired":true,"valueName":"search_term_string"}}],"inLanguage":"de"},{"@type":"Organization","@id":"https:\/\/yasminfood.ch\/de\/#organization","name":"\u064a\u0627\u0633\u0645\u064a\u0646 \u0645\u0627\u0631\u0643\u062a","alternateName":"Yasmin Food","url":"https:\/\/yasminfood.ch\/de\/","logo":{"@type":"ImageObject","inLanguage":"de","@id":"https:\/\/yasminfood.ch\/de\/#\/schema\/logo\/image\/","url":"https:\/\/yasminfood.ch\/wp-content\/uploads\/2025\/05\/yasmin-food-header-logo.png","contentUrl":"https:\/\/yasminfood.ch\/wp-content\/uploads\/2025\/05\/yasmin-food-header-logo.png","width":330,"height":120,"caption":"\u064a\u0627\u0633\u0645\u064a\u0646 \u0645\u0627\u0631\u0643\u062a"},"image":{"@id":"https:\/\/yasminfood.ch\/de\/#\/schema\/logo\/image\/"},"sameAs":["https:\/\/www.facebook.com\/yasminmarkt1","https:\/\/www.tiktok.com\/@yasminmarkt","https:\/\/www.instagram.com\/yasmin.markt1\/","https:\/\/api.whatsapp.com\/send\/?phone=41799000104"],"publishingPrinciples":"https:\/\/yasminfood.ch\/de\/shop\/","ownershipFundingInfo":"https:\/\/yasminfood.ch\/de\/shop\/"}]},"product_price_amount":"8.50","product_price_currency":"CHF","og_availability":"out of stock","product_availability":"out of stock","product_condition":"new"},"jetpack_sharing_enabled":true,"_links":{"self":[{"href":"https:\/\/yasminfood.ch\/de\/wp-json\/wp\/v2\/product\/117672","targetHints":{"allow":["GET"]}}],"collection":[{"href":"https:\/\/yasminfood.ch\/de\/wp-json\/wp\/v2\/product"}],"about":[{"href":"https:\/\/yasminfood.ch\/de\/wp-json\/wp\/v2\/types\/product"}],"replies":[{"embeddable":true,"href":"https:\/\/yasminfood.ch\/de\/wp-json\/wp\/v2\/comments?post=117672"}],"version-history":[{"count":0,"href":"https:\/\/yasminfood.ch\/de\/wp-json\/wp\/v2\/product\/117672\/revisions"}],"wp:featuredmedia":[{"embeddable":true,"href":"https:\/\/yasminfood.ch\/de\/wp-json\/wp\/v2\/media\/117669"}],"wp:attachment":[{"href":"https:\/\/yasminfood.ch\/de\/wp-json\/wp\/v2\/media?parent=117672"}],"wp:term":[{"taxonomy":"product_brand","embeddable":true,"href":"https:\/\/yasminfood.ch\/de\/wp-json\/wp\/v2\/product_brand?post=117672"},{"taxonomy":"product_cat","embeddable":true,"href":"https:\/\/yasminfood.ch\/de\/wp-json\/wp\/v2\/product_cat?post=117672"},{"taxonomy":"product_tag","embeddable":true,"href":"https:\/\/yasminfood.ch\/de\/wp-json\/wp\/v2\/product_tag?post=117672"}],"curies":[{"name":"wp","href":"https:\/\/api.w.org\/{rel}","templated":true}]}}