{"id":117806,"date":"2025-06-25T16:14:24","date_gmt":"2025-06-25T14:35:52","guid":{"rendered":"https:\/\/yasminfood.ch\/product\/gefuehle-weichspueler-300-ml\/"},"modified":"2025-06-25T16:35:52","modified_gmt":"2025-06-25T14:35:52","slug":"gefuehle-weichspueler-300-ml","status":"publish","type":"product","link":"https:\/\/yasminfood.ch\/de\/product\/gefuehle-weichspueler-300-ml\/","title":{"rendered":"Gef\u00fchle Weichsp\u00fcler 300 ml"},"content":{"rendered":"<p>Gef\u00fchle Weichsp\u00fcler 300 ml<\/p>\n<ul>\n<li>Verleihen Sie Ihrer h\u00e4uslichen Atmosph\u00e4re einen Hauch von Empfindung und Romantik mit dem Stimmungsconditioner &#8222;Emotions&#8220; von Elamta.<\/li>\n<li>Feminine, aromatische Verpackung mit attraktivem rosa Design und herzzerrei\u00dfendem Duft. Verleiht einem Ort &#8222;Gef\u00fchle&#8220; W\u00e4rme und Weichheit <\/li>\n<li>Dank seiner blumigen Komposition, die Jasmin, Vanille und einen Hauch von Fr\u00fcchten kombiniert.\n<p>Dieser Conditioner ist perfekt f\u00fcr Salons, Schlafzimmer, besondere Anl\u00e4sse oder sogar um die Atmosph\u00e4re des Hauses nach der Reinigung aufzufrischen.  <\/p>\n<p>\u2714\ufe0f Ein zarter blumig-vanilliger Duft, der die Sinne kitzelt Geeignet<br \/>\n\u2714\ufe0f f\u00fcr den t\u00e4glichen Gebrauch, ohne schwer<br \/>\n\u2714\ufe0f zu sein Hebt die Atmosph\u00e4re des Ortes auf und verleiht ein Gef\u00fchl von Freude und Ruhe<br \/>\n Elegante feminine Verpackung, die das Dekor des Ortes\u2714\ufe0f<br \/>\n erg\u00e4nzt Wirtschaftliches Fassungsverm\u00f6gen 300 ml Lang anhaltend\u2714\ufe0f<\/p>\n<p>W\u00e4hlen Sie &#8222;Mashaer&#8220; und verleihen Sie dem Ort einen Duft, der Weiblichkeit und Z\u00e4rtlichkeit simuliert.<\/li>\n<\/ul>\n","protected":false},"excerpt":{"rendered":"<p>Feelings Soothing 300 ml Ein zarter, femininer Duft, der vor Emotion und W\u00e4rme pulsiert.<\/p>\n","protected":false},"featured_media":117713,"comment_status":"open","ping_status":"closed","template":"","meta":[],"product_brand":[],"product_cat":[388,908],"product_tag":[],"class_list":{"0":"post-117806","1":"product","2":"type-product","3":"status-publish","4":"has-post-thumbnail","6":"product_cat-nonfood","7":"product_cat-waschmittel","9":"first","10":"instock","11":"taxable","12":"shipping-taxable","13":"purchasable","14":"product-type-simple"},"yoast_head":"<!-- This site is optimized with the Yoast SEO Premium plugin v26.5 (Yoast SEO v27.3) - https:\/\/yoast.com\/product\/yoast-seo-premium-wordpress\/ -->\n<title>Gef\u00fchle Weichsp\u00fcler 300 ml - Yasmin Food<\/title>\n<meta name=\"description\" content=\"Erleben Sie das Aroma der Romantik mit den 300 ml Emotions Soothing von Elamta, die einen charmanten Duft von Jasmin und Vanille kombinieren. Machen Sie Ihr Zuhause w\u00e4rmer! Yasmin Food\" \/>\n<meta name=\"robots\" content=\"index, follow, max-snippet:-1, max-image-preview:large, max-video-preview:-1\" \/>\n<link rel=\"canonical\" href=\"https:\/\/yasminfood.ch\/de\/product\/gefuehle-weichspueler-300-ml\/\" \/>\n<meta property=\"og:locale\" content=\"de_DE\" \/>\n<meta property=\"og:type\" content=\"article\" \/>\n<meta property=\"og:title\" content=\"Gef\u00fchle Weichsp\u00fcler 300 ml\" \/>\n<meta property=\"og:description\" content=\"Feelings Soothing 300 ml Ein zarter, femininer Duft, der vor Emotion und W\u00e4rme pulsiert.\" \/>\n<meta property=\"og:url\" content=\"https:\/\/yasminfood.ch\/de\/product\/gefuehle-weichspueler-300-ml\/\" \/>\n<meta property=\"og:site_name\" content=\"Yasmin Food\" \/>\n<meta property=\"article:publisher\" content=\"https:\/\/www.facebook.com\/yasminmarkt1\" \/>\n<meta property=\"og:image\" content=\"https:\/\/yasminfood.ch\/wp-content\/uploads\/2025\/06\/\u0645\u0644\u0637\u0641-\u062c\u0648-\u0645\u0634\u0627\u0639\u0631-300-\u0645\u0644.png\" \/>\n\t<meta property=\"og:image:width\" content=\"1755\" \/>\n\t<meta property=\"og:image:height\" content=\"1755\" \/>\n\t<meta property=\"og:image:type\" content=\"image\/png\" \/>\n<meta name=\"twitter:card\" content=\"summary_large_image\" \/>\n<meta name=\"twitter:label1\" content=\"Preis\" \/>\n\t<meta name=\"twitter:data1\" content=\"9.50&nbsp;&#067;&#072;&#070;\" \/>\n\t<meta name=\"twitter:label2\" content=\"Verf\u00fcgbarkeit\" \/>\n\t<meta name=\"twitter:data2\" content=\"Auf Lager\" \/>\n<script type=\"application\/ld+json\" class=\"yoast-schema-graph\">{\"@context\":\"https:\\\/\\\/schema.org\",\"@graph\":[{\"@type\":\"WebPage\",\"@id\":\"https:\\\/\\\/yasminfood.ch\\\/de\\\/product\\\/gefuehle-weichspueler-300-ml\\\/\",\"url\":\"https:\\\/\\\/yasminfood.ch\\\/de\\\/product\\\/gefuehle-weichspueler-300-ml\\\/\",\"name\":\"Gef\u00fchle Weichsp\u00fcler 300 ml - Yasmin Food\",\"isPartOf\":{\"@id\":\"https:\\\/\\\/yasminfood.ch\\\/de\\\/#website\"},\"primaryImageOfPage\":{\"@id\":\"https:\\\/\\\/yasminfood.ch\\\/de\\\/product\\\/gefuehle-weichspueler-300-ml\\\/#primaryimage\"},\"image\":{\"@id\":\"https:\\\/\\\/yasminfood.ch\\\/de\\\/product\\\/gefuehle-weichspueler-300-ml\\\/#primaryimage\"},\"thumbnailUrl\":\"https:\\\/\\\/yasminfood.ch\\\/wp-content\\\/uploads\\\/2025\\\/06\\\/\u0645\u0644\u0637\u0641-\u062c\u0648-\u0645\u0634\u0627\u0639\u0631-300-\u0645\u0644.png\",\"datePublished\":\"2025-06-25T14:35:52+00:00\",\"description\":\"Erleben Sie das Aroma der Romantik mit den 300 ml Emotions Soothing von Elamta, die einen charmanten Duft von Jasmin und Vanille kombinieren. Machen Sie Ihr Zuhause w\u00e4rmer! Yasmin Food\",\"breadcrumb\":{\"@id\":\"https:\\\/\\\/yasminfood.ch\\\/de\\\/product\\\/gefuehle-weichspueler-300-ml\\\/#breadcrumb\"},\"inLanguage\":\"de\",\"potentialAction\":[{\"@type\":\"ReadAction\",\"target\":[\"https:\\\/\\\/yasminfood.ch\\\/de\\\/product\\\/gefuehle-weichspueler-300-ml\\\/\"]}]},{\"@type\":\"ImageObject\",\"inLanguage\":\"de\",\"@id\":\"https:\\\/\\\/yasminfood.ch\\\/de\\\/product\\\/gefuehle-weichspueler-300-ml\\\/#primaryimage\",\"url\":\"https:\\\/\\\/yasminfood.ch\\\/wp-content\\\/uploads\\\/2025\\\/06\\\/\u0645\u0644\u0637\u0641-\u062c\u0648-\u0645\u0634\u0627\u0639\u0631-300-\u0645\u0644.png\",\"contentUrl\":\"https:\\\/\\\/yasminfood.ch\\\/wp-content\\\/uploads\\\/2025\\\/06\\\/\u0645\u0644\u0637\u0641-\u062c\u0648-\u0645\u0634\u0627\u0639\u0631-300-\u0645\u0644.png\",\"width\":1755,\"height\":1755,\"caption\":\"Gef\u00fchle Weichsp\u00fcler 300 ml\"},{\"@type\":\"BreadcrumbList\",\"@id\":\"https:\\\/\\\/yasminfood.ch\\\/de\\\/product\\\/gefuehle-weichspueler-300-ml\\\/#breadcrumb\",\"itemListElement\":[{\"@type\":\"ListItem\",\"position\":1,\"name\":\"\u0627\u0644\u0631\u0626\u064a\u0633\u064a\u0629\",\"item\":\"https:\\\/\\\/yasminfood.ch\\\/de\\\/zuhause\\\/\"},{\"@type\":\"ListItem\",\"position\":2,\"name\":\"Shop\",\"item\":\"https:\\\/\\\/yasminfood.ch\\\/de\\\/shop\\\/\"},{\"@type\":\"ListItem\",\"position\":3,\"name\":\"Nonfood\",\"item\":\"https:\\\/\\\/yasminfood.ch\\\/de\\\/produkt-kategorie\\\/nonfood\\\/\"},{\"@type\":\"ListItem\",\"position\":4,\"name\":\"Gef\u00fchle Weichsp\u00fcler 300 ml\"}]},{\"@type\":\"WebSite\",\"@id\":\"https:\\\/\\\/yasminfood.ch\\\/de\\\/#website\",\"url\":\"https:\\\/\\\/yasminfood.ch\\\/de\\\/\",\"name\":\"\u064a\u0627\u0633\u0645\u064a\u0646 \u0645\u0627\u0631\u0643\u062a\",\"description\":\"Alles, was Sie brauchen, an einem Ort\",\"publisher\":{\"@id\":\"https:\\\/\\\/yasminfood.ch\\\/de\\\/#organization\"},\"alternateName\":\"Yasmin Food\",\"potentialAction\":[{\"@type\":\"SearchAction\",\"target\":{\"@type\":\"EntryPoint\",\"urlTemplate\":\"https:\\\/\\\/yasminfood.ch\\\/de\\\/?s={search_term_string}\"},\"query-input\":{\"@type\":\"PropertyValueSpecification\",\"valueRequired\":true,\"valueName\":\"search_term_string\"}}],\"inLanguage\":\"de\"},{\"@type\":\"Organization\",\"@id\":\"https:\\\/\\\/yasminfood.ch\\\/de\\\/#organization\",\"name\":\"\u064a\u0627\u0633\u0645\u064a\u0646 \u0645\u0627\u0631\u0643\u062a\",\"alternateName\":\"Yasmin Food\",\"url\":\"https:\\\/\\\/yasminfood.ch\\\/de\\\/\",\"logo\":{\"@type\":\"ImageObject\",\"inLanguage\":\"de\",\"@id\":\"https:\\\/\\\/yasminfood.ch\\\/de\\\/#\\\/schema\\\/logo\\\/image\\\/\",\"url\":\"https:\\\/\\\/yasminfood.ch\\\/wp-content\\\/uploads\\\/2025\\\/05\\\/yasmin-food-header-logo.png\",\"contentUrl\":\"https:\\\/\\\/yasminfood.ch\\\/wp-content\\\/uploads\\\/2025\\\/05\\\/yasmin-food-header-logo.png\",\"width\":330,\"height\":120,\"caption\":\"\u064a\u0627\u0633\u0645\u064a\u0646 \u0645\u0627\u0631\u0643\u062a\"},\"image\":{\"@id\":\"https:\\\/\\\/yasminfood.ch\\\/de\\\/#\\\/schema\\\/logo\\\/image\\\/\"},\"sameAs\":[\"https:\\\/\\\/www.facebook.com\\\/yasminmarkt1\",\"https:\\\/\\\/www.tiktok.com\\\/@yasminmarkt\",\"https:\\\/\\\/www.instagram.com\\\/yasmin.markt1\\\/\",\"https:\\\/\\\/api.whatsapp.com\\\/send\\\/?phone=41799000104\"],\"publishingPrinciples\":\"https:\\\/\\\/yasminfood.ch\\\/de\\\/shop\\\/\",\"ownershipFundingInfo\":\"https:\\\/\\\/yasminfood.ch\\\/de\\\/shop\\\/\"}]}<\/script>\n<meta property=\"product:price:amount\" content=\"9.50\" \/>\n<meta property=\"product:price:currency\" content=\"CHF\" \/>\n<meta property=\"og:availability\" content=\"instock\" \/>\n<meta property=\"product:availability\" content=\"instock\" \/>\n<meta property=\"product:condition\" content=\"new\" \/>\n<!-- \/ Yoast SEO Premium plugin. -->","yoast_head_json":{"title":"Gef\u00fchle Weichsp\u00fcler 300 ml - Yasmin Food","description":"Erleben Sie das Aroma der Romantik mit den 300 ml Emotions Soothing von Elamta, die einen charmanten Duft von Jasmin und Vanille kombinieren. Machen Sie Ihr Zuhause w\u00e4rmer! Yasmin Food","robots":{"index":"index","follow":"follow","max-snippet":"max-snippet:-1","max-image-preview":"max-image-preview:large","max-video-preview":"max-video-preview:-1"},"canonical":"https:\/\/yasminfood.ch\/de\/product\/gefuehle-weichspueler-300-ml\/","og_locale":"de_DE","og_type":"article","og_title":"Gef\u00fchle Weichsp\u00fcler 300 ml","og_description":"Feelings Soothing 300 ml Ein zarter, femininer Duft, der vor Emotion und W\u00e4rme pulsiert.","og_url":"https:\/\/yasminfood.ch\/de\/product\/gefuehle-weichspueler-300-ml\/","og_site_name":"Yasmin Food","article_publisher":"https:\/\/www.facebook.com\/yasminmarkt1","og_image":[{"width":1755,"height":1755,"url":"https:\/\/yasminfood.ch\/wp-content\/uploads\/2025\/06\/\u0645\u0644\u0637\u0641-\u062c\u0648-\u0645\u0634\u0627\u0639\u0631-300-\u0645\u0644.png","type":"image\/png"}],"twitter_card":"summary_large_image","twitter_misc":{"Preis":"9.50&nbsp;&#67;&#72;&#70;","Verf\u00fcgbarkeit":"Auf Lager"},"schema":{"@context":"https:\/\/schema.org","@graph":[{"@type":"WebPage","@id":"https:\/\/yasminfood.ch\/de\/product\/gefuehle-weichspueler-300-ml\/","url":"https:\/\/yasminfood.ch\/de\/product\/gefuehle-weichspueler-300-ml\/","name":"Gef\u00fchle Weichsp\u00fcler 300 ml - Yasmin Food","isPartOf":{"@id":"https:\/\/yasminfood.ch\/de\/#website"},"primaryImageOfPage":{"@id":"https:\/\/yasminfood.ch\/de\/product\/gefuehle-weichspueler-300-ml\/#primaryimage"},"image":{"@id":"https:\/\/yasminfood.ch\/de\/product\/gefuehle-weichspueler-300-ml\/#primaryimage"},"thumbnailUrl":"https:\/\/yasminfood.ch\/wp-content\/uploads\/2025\/06\/\u0645\u0644\u0637\u0641-\u062c\u0648-\u0645\u0634\u0627\u0639\u0631-300-\u0645\u0644.png","datePublished":"2025-06-25T14:35:52+00:00","description":"Erleben Sie das Aroma der Romantik mit den 300 ml Emotions Soothing von Elamta, die einen charmanten Duft von Jasmin und Vanille kombinieren. Machen Sie Ihr Zuhause w\u00e4rmer! Yasmin Food","breadcrumb":{"@id":"https:\/\/yasminfood.ch\/de\/product\/gefuehle-weichspueler-300-ml\/#breadcrumb"},"inLanguage":"de","potentialAction":[{"@type":"ReadAction","target":["https:\/\/yasminfood.ch\/de\/product\/gefuehle-weichspueler-300-ml\/"]}]},{"@type":"ImageObject","inLanguage":"de","@id":"https:\/\/yasminfood.ch\/de\/product\/gefuehle-weichspueler-300-ml\/#primaryimage","url":"https:\/\/yasminfood.ch\/wp-content\/uploads\/2025\/06\/\u0645\u0644\u0637\u0641-\u062c\u0648-\u0645\u0634\u0627\u0639\u0631-300-\u0645\u0644.png","contentUrl":"https:\/\/yasminfood.ch\/wp-content\/uploads\/2025\/06\/\u0645\u0644\u0637\u0641-\u062c\u0648-\u0645\u0634\u0627\u0639\u0631-300-\u0645\u0644.png","width":1755,"height":1755,"caption":"Gef\u00fchle Weichsp\u00fcler 300 ml"},{"@type":"BreadcrumbList","@id":"https:\/\/yasminfood.ch\/de\/product\/gefuehle-weichspueler-300-ml\/#breadcrumb","itemListElement":[{"@type":"ListItem","position":1,"name":"\u0627\u0644\u0631\u0626\u064a\u0633\u064a\u0629","item":"https:\/\/yasminfood.ch\/de\/zuhause\/"},{"@type":"ListItem","position":2,"name":"Shop","item":"https:\/\/yasminfood.ch\/de\/shop\/"},{"@type":"ListItem","position":3,"name":"Nonfood","item":"https:\/\/yasminfood.ch\/de\/produkt-kategorie\/nonfood\/"},{"@type":"ListItem","position":4,"name":"Gef\u00fchle Weichsp\u00fcler 300 ml"}]},{"@type":"WebSite","@id":"https:\/\/yasminfood.ch\/de\/#website","url":"https:\/\/yasminfood.ch\/de\/","name":"\u064a\u0627\u0633\u0645\u064a\u0646 \u0645\u0627\u0631\u0643\u062a","description":"Alles, was Sie brauchen, an einem Ort","publisher":{"@id":"https:\/\/yasminfood.ch\/de\/#organization"},"alternateName":"Yasmin Food","potentialAction":[{"@type":"SearchAction","target":{"@type":"EntryPoint","urlTemplate":"https:\/\/yasminfood.ch\/de\/?s={search_term_string}"},"query-input":{"@type":"PropertyValueSpecification","valueRequired":true,"valueName":"search_term_string"}}],"inLanguage":"de"},{"@type":"Organization","@id":"https:\/\/yasminfood.ch\/de\/#organization","name":"\u064a\u0627\u0633\u0645\u064a\u0646 \u0645\u0627\u0631\u0643\u062a","alternateName":"Yasmin Food","url":"https:\/\/yasminfood.ch\/de\/","logo":{"@type":"ImageObject","inLanguage":"de","@id":"https:\/\/yasminfood.ch\/de\/#\/schema\/logo\/image\/","url":"https:\/\/yasminfood.ch\/wp-content\/uploads\/2025\/05\/yasmin-food-header-logo.png","contentUrl":"https:\/\/yasminfood.ch\/wp-content\/uploads\/2025\/05\/yasmin-food-header-logo.png","width":330,"height":120,"caption":"\u064a\u0627\u0633\u0645\u064a\u0646 \u0645\u0627\u0631\u0643\u062a"},"image":{"@id":"https:\/\/yasminfood.ch\/de\/#\/schema\/logo\/image\/"},"sameAs":["https:\/\/www.facebook.com\/yasminmarkt1","https:\/\/www.tiktok.com\/@yasminmarkt","https:\/\/www.instagram.com\/yasmin.markt1\/","https:\/\/api.whatsapp.com\/send\/?phone=41799000104"],"publishingPrinciples":"https:\/\/yasminfood.ch\/de\/shop\/","ownershipFundingInfo":"https:\/\/yasminfood.ch\/de\/shop\/"}]},"product_price_amount":"9.50","product_price_currency":"CHF","og_availability":"instock","product_availability":"instock","product_condition":"new"},"jetpack_sharing_enabled":true,"_links":{"self":[{"href":"https:\/\/yasminfood.ch\/de\/wp-json\/wp\/v2\/product\/117806","targetHints":{"allow":["GET"]}}],"collection":[{"href":"https:\/\/yasminfood.ch\/de\/wp-json\/wp\/v2\/product"}],"about":[{"href":"https:\/\/yasminfood.ch\/de\/wp-json\/wp\/v2\/types\/product"}],"replies":[{"embeddable":true,"href":"https:\/\/yasminfood.ch\/de\/wp-json\/wp\/v2\/comments?post=117806"}],"version-history":[{"count":0,"href":"https:\/\/yasminfood.ch\/de\/wp-json\/wp\/v2\/product\/117806\/revisions"}],"wp:featuredmedia":[{"embeddable":true,"href":"https:\/\/yasminfood.ch\/de\/wp-json\/wp\/v2\/media\/117713"}],"wp:attachment":[{"href":"https:\/\/yasminfood.ch\/de\/wp-json\/wp\/v2\/media?parent=117806"}],"wp:term":[{"taxonomy":"product_brand","embeddable":true,"href":"https:\/\/yasminfood.ch\/de\/wp-json\/wp\/v2\/product_brand?post=117806"},{"taxonomy":"product_cat","embeddable":true,"href":"https:\/\/yasminfood.ch\/de\/wp-json\/wp\/v2\/product_cat?post=117806"},{"taxonomy":"product_tag","embeddable":true,"href":"https:\/\/yasminfood.ch\/de\/wp-json\/wp\/v2\/product_tag?post=117806"}],"curies":[{"name":"wp","href":"https:\/\/api.w.org\/{rel}","templated":true}]}}