{"id":117808,"date":"2025-06-25T15:51:34","date_gmt":"2025-06-25T14:36:00","guid":{"rendered":"https:\/\/yasminfood.ch\/product\/stals-teekanne-aus-stahl-4-liter\/"},"modified":"2025-06-25T16:36:00","modified_gmt":"2025-06-25T14:36:00","slug":"stals-teekanne-aus-stahl-4-liter","status":"publish","type":"product","link":"https:\/\/yasminfood.ch\/de\/product\/stals-teekanne-aus-stahl-4-liter\/","title":{"rendered":"Stals Teekanne aus Stahl 4 Liter"},"content":{"rendered":"<p>Stals Teekanne aus Stahl 4 Liter<\/p>\n<ul>\n<li>Verleihen Sie Ihrer K\u00fcche mit dieser Teekanne aus Edelstahl einen Hauch von Funktionalit\u00e4t und Stil<\/li>\n<li>Hohe Qualit\u00e4t mit einem Fassungsverm\u00f6gen von 4 Litern. Diese Kanne besteht aus einem starken Material aus Edelstahl 18\/10 <\/li>\n<li>Damit eignet er sich ideal, um Wasser zu kochen oder gro\u00dfe Mengen Tee sicher und effektiv zuzubereiten.\n<p>\u2714\ufe0f Gro\u00dfes Fassungsverm\u00f6gen von bis zu 4 Litern \u2013 ideal f\u00fcr Familien oder Gastfreundschaft<br \/>\n\u2714\ufe0f Hergestellt aus hochwertigem<br \/>\n\u2714\ufe0f Edelstahl 18\/10 Komfortabler, langlebiger, hitzebest\u00e4ndiger<br \/>\n\u2714\ufe0f Griff Stabiler und sicherer Unterlage f\u00fcr den Einsatz auf verschiedenen Arten von \u00d6fen<br \/>\n\u2714\ufe0f Schlankes Design und leicht zu reinigen<\/p>\n<p>Herstellungsland: China<br \/>\nMaterial: Edelstahl 18\/10<br \/>\nVerwendung: Warmwasserbereitung oder Teezubereitung   <\/p>\n<p>&nbsp;<\/li>\n<\/ul>\n","protected":false},"excerpt":{"rendered":"<p>Edelstahl-Teekanne 4L \u2013 Langlebig, praktisch, perfekt f\u00fcr den t\u00e4glichen Gebrauch oder bei gro\u00dfen Anl\u00e4ssen. <\/p>\n","protected":false},"featured_media":117698,"comment_status":"open","ping_status":"closed","template":"","meta":[],"product_brand":[],"product_cat":[904,388],"product_tag":[],"class_list":{"0":"post-117808","1":"product","2":"type-product","3":"status-publish","4":"has-post-thumbnail","6":"product_cat-kuechenutensilien","7":"product_cat-nonfood","9":"first","10":"instock","11":"taxable","12":"shipping-taxable","13":"purchasable","14":"product-type-simple"},"yoast_head":"<!-- This site is optimized with the Yoast SEO Premium plugin v26.5 (Yoast SEO v27.3) - https:\/\/yoast.com\/product\/yoast-seo-premium-wordpress\/ -->\n<title>Stals Teekanne aus Stahl 4 Liter - Yasmin Food<\/title>\n<meta name=\"description\" content=\"Genie\u00dfen Sie ein einzigartiges Teeerlebnis mit der Stals Steel 4L Teekanne. Konzipiert f\u00fcr gro\u00dfe Kapazit\u00e4ten und perfekt f\u00fcr Familien, holen Sie es sich jetzt! \u2615 Yasmin Food Stals Teekanne aus Stahl 4 Liter\" \/>\n<meta name=\"robots\" content=\"index, follow, max-snippet:-1, max-image-preview:large, max-video-preview:-1\" \/>\n<link rel=\"canonical\" href=\"https:\/\/yasminfood.ch\/de\/product\/stals-teekanne-aus-stahl-4-liter\/\" \/>\n<meta property=\"og:locale\" content=\"de_DE\" \/>\n<meta property=\"og:type\" content=\"article\" \/>\n<meta property=\"og:title\" content=\"Stals Teekanne aus Stahl 4 Liter\" \/>\n<meta property=\"og:description\" content=\"Edelstahl-Teekanne 4L \u2013 Langlebig, praktisch, perfekt f\u00fcr den t\u00e4glichen Gebrauch oder bei gro\u00dfen Anl\u00e4ssen.\" \/>\n<meta property=\"og:url\" content=\"https:\/\/yasminfood.ch\/de\/product\/stals-teekanne-aus-stahl-4-liter\/\" \/>\n<meta property=\"og:site_name\" content=\"Yasmin Food\" \/>\n<meta property=\"article:publisher\" content=\"https:\/\/www.facebook.com\/yasminmarkt1\" \/>\n<meta property=\"og:image\" content=\"https:\/\/yasminfood.ch\/wp-content\/uploads\/2025\/06\/\u0627\u0628\u0631\u064a\u0642-\u0634\u0627\u064a-\u0633\u062a\u0627\u0644\u0633-\u0633\u062a\u064a\u0644-4-\u0644\u062a\u0631.png\" \/>\n\t<meta property=\"og:image:width\" content=\"1755\" \/>\n\t<meta property=\"og:image:height\" content=\"1755\" \/>\n\t<meta property=\"og:image:type\" content=\"image\/png\" \/>\n<meta name=\"twitter:card\" content=\"summary_large_image\" \/>\n<meta name=\"twitter:label1\" content=\"Preis\" \/>\n\t<meta name=\"twitter:data1\" content=\"18.00&nbsp;&#067;&#072;&#070;\" \/>\n\t<meta name=\"twitter:label2\" content=\"Verf\u00fcgbarkeit\" \/>\n\t<meta name=\"twitter:data2\" content=\"Auf Lager\" \/>\n<script type=\"application\/ld+json\" class=\"yoast-schema-graph\">{\"@context\":\"https:\\\/\\\/schema.org\",\"@graph\":[{\"@type\":\"WebPage\",\"@id\":\"https:\\\/\\\/yasminfood.ch\\\/de\\\/product\\\/stals-teekanne-aus-stahl-4-liter\\\/\",\"url\":\"https:\\\/\\\/yasminfood.ch\\\/de\\\/product\\\/stals-teekanne-aus-stahl-4-liter\\\/\",\"name\":\"Stals Teekanne aus Stahl 4 Liter - Yasmin Food\",\"isPartOf\":{\"@id\":\"https:\\\/\\\/yasminfood.ch\\\/de\\\/#website\"},\"primaryImageOfPage\":{\"@id\":\"https:\\\/\\\/yasminfood.ch\\\/de\\\/product\\\/stals-teekanne-aus-stahl-4-liter\\\/#primaryimage\"},\"image\":{\"@id\":\"https:\\\/\\\/yasminfood.ch\\\/de\\\/product\\\/stals-teekanne-aus-stahl-4-liter\\\/#primaryimage\"},\"thumbnailUrl\":\"https:\\\/\\\/yasminfood.ch\\\/wp-content\\\/uploads\\\/2025\\\/06\\\/\u0627\u0628\u0631\u064a\u0642-\u0634\u0627\u064a-\u0633\u062a\u0627\u0644\u0633-\u0633\u062a\u064a\u0644-4-\u0644\u062a\u0631.png\",\"datePublished\":\"2025-06-25T14:36:00+00:00\",\"description\":\"Genie\u00dfen Sie ein einzigartiges Teeerlebnis mit der Stals Steel 4L Teekanne. Konzipiert f\u00fcr gro\u00dfe Kapazit\u00e4ten und perfekt f\u00fcr Familien, holen Sie es sich jetzt! \u2615 Yasmin Food Stals Teekanne aus Stahl 4 Liter\",\"breadcrumb\":{\"@id\":\"https:\\\/\\\/yasminfood.ch\\\/de\\\/product\\\/stals-teekanne-aus-stahl-4-liter\\\/#breadcrumb\"},\"inLanguage\":\"de\",\"potentialAction\":[{\"@type\":\"ReadAction\",\"target\":[\"https:\\\/\\\/yasminfood.ch\\\/de\\\/product\\\/stals-teekanne-aus-stahl-4-liter\\\/\"]}]},{\"@type\":\"ImageObject\",\"inLanguage\":\"de\",\"@id\":\"https:\\\/\\\/yasminfood.ch\\\/de\\\/product\\\/stals-teekanne-aus-stahl-4-liter\\\/#primaryimage\",\"url\":\"https:\\\/\\\/yasminfood.ch\\\/wp-content\\\/uploads\\\/2025\\\/06\\\/\u0627\u0628\u0631\u064a\u0642-\u0634\u0627\u064a-\u0633\u062a\u0627\u0644\u0633-\u0633\u062a\u064a\u0644-4-\u0644\u062a\u0631.png\",\"contentUrl\":\"https:\\\/\\\/yasminfood.ch\\\/wp-content\\\/uploads\\\/2025\\\/06\\\/\u0627\u0628\u0631\u064a\u0642-\u0634\u0627\u064a-\u0633\u062a\u0627\u0644\u0633-\u0633\u062a\u064a\u0644-4-\u0644\u062a\u0631.png\",\"width\":1755,\"height\":1755,\"caption\":\"Stals Teekanne aus Stahl 4 Liter\"},{\"@type\":\"BreadcrumbList\",\"@id\":\"https:\\\/\\\/yasminfood.ch\\\/de\\\/product\\\/stals-teekanne-aus-stahl-4-liter\\\/#breadcrumb\",\"itemListElement\":[{\"@type\":\"ListItem\",\"position\":1,\"name\":\"\u0627\u0644\u0631\u0626\u064a\u0633\u064a\u0629\",\"item\":\"https:\\\/\\\/yasminfood.ch\\\/de\\\/zuhause\\\/\"},{\"@type\":\"ListItem\",\"position\":2,\"name\":\"Shop\",\"item\":\"https:\\\/\\\/yasminfood.ch\\\/de\\\/shop\\\/\"},{\"@type\":\"ListItem\",\"position\":3,\"name\":\"Nonfood\",\"item\":\"https:\\\/\\\/yasminfood.ch\\\/de\\\/produkt-kategorie\\\/nonfood\\\/\"},{\"@type\":\"ListItem\",\"position\":4,\"name\":\"Stals Teekanne aus Stahl 4 Liter\"}]},{\"@type\":\"WebSite\",\"@id\":\"https:\\\/\\\/yasminfood.ch\\\/de\\\/#website\",\"url\":\"https:\\\/\\\/yasminfood.ch\\\/de\\\/\",\"name\":\"\u064a\u0627\u0633\u0645\u064a\u0646 \u0645\u0627\u0631\u0643\u062a\",\"description\":\"Alles, was Sie brauchen, an einem Ort\",\"publisher\":{\"@id\":\"https:\\\/\\\/yasminfood.ch\\\/de\\\/#organization\"},\"alternateName\":\"Yasmin Food\",\"potentialAction\":[{\"@type\":\"SearchAction\",\"target\":{\"@type\":\"EntryPoint\",\"urlTemplate\":\"https:\\\/\\\/yasminfood.ch\\\/de\\\/?s={search_term_string}\"},\"query-input\":{\"@type\":\"PropertyValueSpecification\",\"valueRequired\":true,\"valueName\":\"search_term_string\"}}],\"inLanguage\":\"de\"},{\"@type\":\"Organization\",\"@id\":\"https:\\\/\\\/yasminfood.ch\\\/de\\\/#organization\",\"name\":\"\u064a\u0627\u0633\u0645\u064a\u0646 \u0645\u0627\u0631\u0643\u062a\",\"alternateName\":\"Yasmin Food\",\"url\":\"https:\\\/\\\/yasminfood.ch\\\/de\\\/\",\"logo\":{\"@type\":\"ImageObject\",\"inLanguage\":\"de\",\"@id\":\"https:\\\/\\\/yasminfood.ch\\\/de\\\/#\\\/schema\\\/logo\\\/image\\\/\",\"url\":\"https:\\\/\\\/yasminfood.ch\\\/wp-content\\\/uploads\\\/2025\\\/05\\\/yasmin-food-header-logo.png\",\"contentUrl\":\"https:\\\/\\\/yasminfood.ch\\\/wp-content\\\/uploads\\\/2025\\\/05\\\/yasmin-food-header-logo.png\",\"width\":330,\"height\":120,\"caption\":\"\u064a\u0627\u0633\u0645\u064a\u0646 \u0645\u0627\u0631\u0643\u062a\"},\"image\":{\"@id\":\"https:\\\/\\\/yasminfood.ch\\\/de\\\/#\\\/schema\\\/logo\\\/image\\\/\"},\"sameAs\":[\"https:\\\/\\\/www.facebook.com\\\/yasminmarkt1\",\"https:\\\/\\\/www.tiktok.com\\\/@yasminmarkt\",\"https:\\\/\\\/www.instagram.com\\\/yasmin.markt1\\\/\",\"https:\\\/\\\/api.whatsapp.com\\\/send\\\/?phone=41799000104\"],\"publishingPrinciples\":\"https:\\\/\\\/yasminfood.ch\\\/de\\\/shop\\\/\",\"ownershipFundingInfo\":\"https:\\\/\\\/yasminfood.ch\\\/de\\\/shop\\\/\"}]}<\/script>\n<meta property=\"product:price:amount\" content=\"18.00\" \/>\n<meta property=\"product:price:currency\" content=\"CHF\" \/>\n<meta property=\"og:availability\" content=\"instock\" \/>\n<meta property=\"product:availability\" content=\"instock\" \/>\n<meta property=\"product:condition\" content=\"new\" \/>\n<!-- \/ Yoast SEO Premium plugin. -->","yoast_head_json":{"title":"Stals Teekanne aus Stahl 4 Liter - Yasmin Food","description":"Genie\u00dfen Sie ein einzigartiges Teeerlebnis mit der Stals Steel 4L Teekanne. Konzipiert f\u00fcr gro\u00dfe Kapazit\u00e4ten und perfekt f\u00fcr Familien, holen Sie es sich jetzt! \u2615 Yasmin Food Stals Teekanne aus Stahl 4 Liter","robots":{"index":"index","follow":"follow","max-snippet":"max-snippet:-1","max-image-preview":"max-image-preview:large","max-video-preview":"max-video-preview:-1"},"canonical":"https:\/\/yasminfood.ch\/de\/product\/stals-teekanne-aus-stahl-4-liter\/","og_locale":"de_DE","og_type":"article","og_title":"Stals Teekanne aus Stahl 4 Liter","og_description":"Edelstahl-Teekanne 4L \u2013 Langlebig, praktisch, perfekt f\u00fcr den t\u00e4glichen Gebrauch oder bei gro\u00dfen Anl\u00e4ssen.","og_url":"https:\/\/yasminfood.ch\/de\/product\/stals-teekanne-aus-stahl-4-liter\/","og_site_name":"Yasmin Food","article_publisher":"https:\/\/www.facebook.com\/yasminmarkt1","og_image":[{"width":1755,"height":1755,"url":"https:\/\/yasminfood.ch\/wp-content\/uploads\/2025\/06\/\u0627\u0628\u0631\u064a\u0642-\u0634\u0627\u064a-\u0633\u062a\u0627\u0644\u0633-\u0633\u062a\u064a\u0644-4-\u0644\u062a\u0631.png","type":"image\/png"}],"twitter_card":"summary_large_image","twitter_misc":{"Preis":"18.00&nbsp;&#67;&#72;&#70;","Verf\u00fcgbarkeit":"Auf Lager"},"schema":{"@context":"https:\/\/schema.org","@graph":[{"@type":"WebPage","@id":"https:\/\/yasminfood.ch\/de\/product\/stals-teekanne-aus-stahl-4-liter\/","url":"https:\/\/yasminfood.ch\/de\/product\/stals-teekanne-aus-stahl-4-liter\/","name":"Stals Teekanne aus Stahl 4 Liter - Yasmin Food","isPartOf":{"@id":"https:\/\/yasminfood.ch\/de\/#website"},"primaryImageOfPage":{"@id":"https:\/\/yasminfood.ch\/de\/product\/stals-teekanne-aus-stahl-4-liter\/#primaryimage"},"image":{"@id":"https:\/\/yasminfood.ch\/de\/product\/stals-teekanne-aus-stahl-4-liter\/#primaryimage"},"thumbnailUrl":"https:\/\/yasminfood.ch\/wp-content\/uploads\/2025\/06\/\u0627\u0628\u0631\u064a\u0642-\u0634\u0627\u064a-\u0633\u062a\u0627\u0644\u0633-\u0633\u062a\u064a\u0644-4-\u0644\u062a\u0631.png","datePublished":"2025-06-25T14:36:00+00:00","description":"Genie\u00dfen Sie ein einzigartiges Teeerlebnis mit der Stals Steel 4L Teekanne. Konzipiert f\u00fcr gro\u00dfe Kapazit\u00e4ten und perfekt f\u00fcr Familien, holen Sie es sich jetzt! \u2615 Yasmin Food Stals Teekanne aus Stahl 4 Liter","breadcrumb":{"@id":"https:\/\/yasminfood.ch\/de\/product\/stals-teekanne-aus-stahl-4-liter\/#breadcrumb"},"inLanguage":"de","potentialAction":[{"@type":"ReadAction","target":["https:\/\/yasminfood.ch\/de\/product\/stals-teekanne-aus-stahl-4-liter\/"]}]},{"@type":"ImageObject","inLanguage":"de","@id":"https:\/\/yasminfood.ch\/de\/product\/stals-teekanne-aus-stahl-4-liter\/#primaryimage","url":"https:\/\/yasminfood.ch\/wp-content\/uploads\/2025\/06\/\u0627\u0628\u0631\u064a\u0642-\u0634\u0627\u064a-\u0633\u062a\u0627\u0644\u0633-\u0633\u062a\u064a\u0644-4-\u0644\u062a\u0631.png","contentUrl":"https:\/\/yasminfood.ch\/wp-content\/uploads\/2025\/06\/\u0627\u0628\u0631\u064a\u0642-\u0634\u0627\u064a-\u0633\u062a\u0627\u0644\u0633-\u0633\u062a\u064a\u0644-4-\u0644\u062a\u0631.png","width":1755,"height":1755,"caption":"Stals Teekanne aus Stahl 4 Liter"},{"@type":"BreadcrumbList","@id":"https:\/\/yasminfood.ch\/de\/product\/stals-teekanne-aus-stahl-4-liter\/#breadcrumb","itemListElement":[{"@type":"ListItem","position":1,"name":"\u0627\u0644\u0631\u0626\u064a\u0633\u064a\u0629","item":"https:\/\/yasminfood.ch\/de\/zuhause\/"},{"@type":"ListItem","position":2,"name":"Shop","item":"https:\/\/yasminfood.ch\/de\/shop\/"},{"@type":"ListItem","position":3,"name":"Nonfood","item":"https:\/\/yasminfood.ch\/de\/produkt-kategorie\/nonfood\/"},{"@type":"ListItem","position":4,"name":"Stals Teekanne aus Stahl 4 Liter"}]},{"@type":"WebSite","@id":"https:\/\/yasminfood.ch\/de\/#website","url":"https:\/\/yasminfood.ch\/de\/","name":"\u064a\u0627\u0633\u0645\u064a\u0646 \u0645\u0627\u0631\u0643\u062a","description":"Alles, was Sie brauchen, an einem Ort","publisher":{"@id":"https:\/\/yasminfood.ch\/de\/#organization"},"alternateName":"Yasmin Food","potentialAction":[{"@type":"SearchAction","target":{"@type":"EntryPoint","urlTemplate":"https:\/\/yasminfood.ch\/de\/?s={search_term_string}"},"query-input":{"@type":"PropertyValueSpecification","valueRequired":true,"valueName":"search_term_string"}}],"inLanguage":"de"},{"@type":"Organization","@id":"https:\/\/yasminfood.ch\/de\/#organization","name":"\u064a\u0627\u0633\u0645\u064a\u0646 \u0645\u0627\u0631\u0643\u062a","alternateName":"Yasmin Food","url":"https:\/\/yasminfood.ch\/de\/","logo":{"@type":"ImageObject","inLanguage":"de","@id":"https:\/\/yasminfood.ch\/de\/#\/schema\/logo\/image\/","url":"https:\/\/yasminfood.ch\/wp-content\/uploads\/2025\/05\/yasmin-food-header-logo.png","contentUrl":"https:\/\/yasminfood.ch\/wp-content\/uploads\/2025\/05\/yasmin-food-header-logo.png","width":330,"height":120,"caption":"\u064a\u0627\u0633\u0645\u064a\u0646 \u0645\u0627\u0631\u0643\u062a"},"image":{"@id":"https:\/\/yasminfood.ch\/de\/#\/schema\/logo\/image\/"},"sameAs":["https:\/\/www.facebook.com\/yasminmarkt1","https:\/\/www.tiktok.com\/@yasminmarkt","https:\/\/www.instagram.com\/yasmin.markt1\/","https:\/\/api.whatsapp.com\/send\/?phone=41799000104"],"publishingPrinciples":"https:\/\/yasminfood.ch\/de\/shop\/","ownershipFundingInfo":"https:\/\/yasminfood.ch\/de\/shop\/"}]},"product_price_amount":"18.00","product_price_currency":"CHF","og_availability":"instock","product_availability":"instock","product_condition":"new"},"jetpack_sharing_enabled":true,"_links":{"self":[{"href":"https:\/\/yasminfood.ch\/de\/wp-json\/wp\/v2\/product\/117808","targetHints":{"allow":["GET"]}}],"collection":[{"href":"https:\/\/yasminfood.ch\/de\/wp-json\/wp\/v2\/product"}],"about":[{"href":"https:\/\/yasminfood.ch\/de\/wp-json\/wp\/v2\/types\/product"}],"replies":[{"embeddable":true,"href":"https:\/\/yasminfood.ch\/de\/wp-json\/wp\/v2\/comments?post=117808"}],"version-history":[{"count":0,"href":"https:\/\/yasminfood.ch\/de\/wp-json\/wp\/v2\/product\/117808\/revisions"}],"wp:featuredmedia":[{"embeddable":true,"href":"https:\/\/yasminfood.ch\/de\/wp-json\/wp\/v2\/media\/117698"}],"wp:attachment":[{"href":"https:\/\/yasminfood.ch\/de\/wp-json\/wp\/v2\/media?parent=117808"}],"wp:term":[{"taxonomy":"product_brand","embeddable":true,"href":"https:\/\/yasminfood.ch\/de\/wp-json\/wp\/v2\/product_brand?post=117808"},{"taxonomy":"product_cat","embeddable":true,"href":"https:\/\/yasminfood.ch\/de\/wp-json\/wp\/v2\/product_cat?post=117808"},{"taxonomy":"product_tag","embeddable":true,"href":"https:\/\/yasminfood.ch\/de\/wp-json\/wp\/v2\/product_tag?post=117808"}],"curies":[{"name":"wp","href":"https:\/\/api.w.org\/{rel}","templated":true}]}}