{"id":117812,"date":"2025-06-25T15:58:01","date_gmt":"2025-06-25T14:36:02","guid":{"rendered":"https:\/\/yasminfood.ch\/product\/hayati-air-beruhigend-300-ml\/"},"modified":"2025-06-25T16:36:02","modified_gmt":"2025-06-25T14:36:02","slug":"hayati-air-beruhigend-300-ml","status":"publish","type":"product","link":"https:\/\/yasminfood.ch\/de\/product\/hayati-air-beruhigend-300-ml\/","title":{"rendered":"Hayati Air Beruhigend 300 ml"},"content":{"rendered":"<p>Hayati Air Beruhigend 300 ml<\/p>\n<ul>\n<li>Wenn Sie auf der Suche nach einem luxuri\u00f6sen aromatischen Erlebnis sind, das die Sinne ber\u00fchrt und dem Ort ein Gef\u00fchl von W\u00e4rme und Luxus verleiht,<\/li>\n<li>Die Klimaanlage &#8222;My Life&#8220; von Elamta ist die ideale Wahl. Dieser luxuri\u00f6se Duft kommt in einer eleganten Verpackung mit goldenem Touch und einem orientalischen Design, das Raffinesse und authentische arabische Sch\u00f6nheit widerspiegelt.\n<p>Seine einzigartige Formel verbindet Oud-Noten mit tiefen orientalischen Noten und weichem Moschus und verleiht dem Ort einen attraktiven Duft, der lange anh\u00e4lt. Egal, ob Sie es im Salon, im Wohnzimmer, im B\u00fcro oder sogar im Auto verwenden, Hayati bringt einen Charakter von Luxus an jeden Ort.     <\/p>\n<p>\u2714\ufe0f Ein reichhaltiger orientalischer Duft, der zu hohen<br \/>\n\u2714\ufe0f Geschm\u00e4ckern passt Erfrischt die Atmosph\u00e4re und beseitigt unangenehme Ger\u00fcche schnell<br \/>\n\u2714\ufe0f Lang anhaltende Formel auch nach dem Spr\u00fchen<br \/>\n Sch\u00f6nes k\u00fcnstlerisches Design, das in jedes Interieur\u2714\ufe0f<br \/>\n passt 300 ml \u2013 wirtschaftlich und h\u00e4lt \u2714\ufe0f<\/p>\n<p>Sie k\u00f6nnen diese Wohltuung jederzeit nutzen \u2013 morgens, um sich zu verj\u00fcngen, oder abends, um eine ruhige und entspannte Atmosph\u00e4re zu schaffen. Es ist auch ideal f\u00fcr die Verwendung nach der Reinigung des Hauses, um Ihnen ein tolles Finish zu verleihen.  <\/p>\n<p>Machen Sie jeden Moment zu einem besonderen aromatischen Moment&#8230; Mit meinem Leben aus Elamta<\/li>\n<\/ul>\n","protected":false},"excerpt":{"rendered":"<p>Hayati Soothing 300 ml ist ein lang anhaltender orientalischer Duft, der eine warme und elegante Atmosph\u00e4re verleiht.<\/p>\n","protected":false},"featured_media":117704,"comment_status":"open","ping_status":"closed","template":"","meta":[],"product_brand":[],"product_cat":[388,908],"product_tag":[],"class_list":{"0":"post-117812","1":"product","2":"type-product","3":"status-publish","4":"has-post-thumbnail","6":"product_cat-nonfood","7":"product_cat-waschmittel","9":"first","10":"instock","11":"taxable","12":"shipping-taxable","13":"purchasable","14":"product-type-simple"},"yoast_head":"<!-- This site is optimized with the Yoast SEO Premium plugin v26.5 (Yoast SEO v27.3) - https:\/\/yoast.com\/product\/yoast-seo-premium-wordpress\/ -->\n<title>Hayati Air Beruhigend 300 ml - Yasmin Food<\/title>\n<meta name=\"description\" content=\"Genie\u00dfen Sie die Atmosph\u00e4re des Luxus mit der Hayati 300 ml Klimaanlage. Ein lang anhaltender orientalischer Duft, der Ihrem Zuhause eine warme Note verleiht, entdecken Sie ihn jetzt! Yasmin Food Hayati Air Beruhigend 300 ml\" \/>\n<meta name=\"robots\" content=\"index, follow, max-snippet:-1, max-image-preview:large, max-video-preview:-1\" \/>\n<link rel=\"canonical\" href=\"https:\/\/yasminfood.ch\/de\/product\/hayati-air-beruhigend-300-ml\/\" \/>\n<meta property=\"og:locale\" content=\"de_DE\" \/>\n<meta property=\"og:type\" content=\"article\" \/>\n<meta property=\"og:title\" content=\"Hayati Air Beruhigend 300 ml\" \/>\n<meta property=\"og:description\" content=\"Hayati Soothing 300 ml ist ein lang anhaltender orientalischer Duft, der eine warme und elegante Atmosph\u00e4re verleiht.\" \/>\n<meta property=\"og:url\" content=\"https:\/\/yasminfood.ch\/de\/product\/hayati-air-beruhigend-300-ml\/\" \/>\n<meta property=\"og:site_name\" content=\"Yasmin Food\" \/>\n<meta property=\"article:publisher\" content=\"https:\/\/www.facebook.com\/yasminmarkt1\" \/>\n<meta property=\"og:image\" content=\"https:\/\/yasminfood.ch\/wp-content\/uploads\/2025\/06\/\u0645\u0644\u0637\u0641-\u062c\u0648-\u062d\u064a\u0627\u062a\u064a-300-\u0645\u0644.png\" \/>\n\t<meta property=\"og:image:width\" content=\"1755\" \/>\n\t<meta property=\"og:image:height\" content=\"1755\" \/>\n\t<meta property=\"og:image:type\" content=\"image\/png\" \/>\n<meta name=\"twitter:card\" content=\"summary_large_image\" \/>\n<meta name=\"twitter:label1\" content=\"Preis\" \/>\n\t<meta name=\"twitter:data1\" content=\"9.50&nbsp;&#067;&#072;&#070;\" \/>\n\t<meta name=\"twitter:label2\" content=\"Verf\u00fcgbarkeit\" \/>\n\t<meta name=\"twitter:data2\" content=\"Auf Lager\" \/>\n<script type=\"application\/ld+json\" class=\"yoast-schema-graph\">{\"@context\":\"https:\\\/\\\/schema.org\",\"@graph\":[{\"@type\":\"WebPage\",\"@id\":\"https:\\\/\\\/yasminfood.ch\\\/de\\\/product\\\/hayati-air-beruhigend-300-ml\\\/\",\"url\":\"https:\\\/\\\/yasminfood.ch\\\/de\\\/product\\\/hayati-air-beruhigend-300-ml\\\/\",\"name\":\"Hayati Air Beruhigend 300 ml - Yasmin Food\",\"isPartOf\":{\"@id\":\"https:\\\/\\\/yasminfood.ch\\\/de\\\/#website\"},\"primaryImageOfPage\":{\"@id\":\"https:\\\/\\\/yasminfood.ch\\\/de\\\/product\\\/hayati-air-beruhigend-300-ml\\\/#primaryimage\"},\"image\":{\"@id\":\"https:\\\/\\\/yasminfood.ch\\\/de\\\/product\\\/hayati-air-beruhigend-300-ml\\\/#primaryimage\"},\"thumbnailUrl\":\"https:\\\/\\\/yasminfood.ch\\\/wp-content\\\/uploads\\\/2025\\\/06\\\/\u0645\u0644\u0637\u0641-\u062c\u0648-\u062d\u064a\u0627\u062a\u064a-300-\u0645\u0644.png\",\"datePublished\":\"2025-06-25T14:36:02+00:00\",\"description\":\"Genie\u00dfen Sie die Atmosph\u00e4re des Luxus mit der Hayati 300 ml Klimaanlage. Ein lang anhaltender orientalischer Duft, der Ihrem Zuhause eine warme Note verleiht, entdecken Sie ihn jetzt! Yasmin Food Hayati Air Beruhigend 300 ml\",\"breadcrumb\":{\"@id\":\"https:\\\/\\\/yasminfood.ch\\\/de\\\/product\\\/hayati-air-beruhigend-300-ml\\\/#breadcrumb\"},\"inLanguage\":\"de\",\"potentialAction\":[{\"@type\":\"ReadAction\",\"target\":[\"https:\\\/\\\/yasminfood.ch\\\/de\\\/product\\\/hayati-air-beruhigend-300-ml\\\/\"]}]},{\"@type\":\"ImageObject\",\"inLanguage\":\"de\",\"@id\":\"https:\\\/\\\/yasminfood.ch\\\/de\\\/product\\\/hayati-air-beruhigend-300-ml\\\/#primaryimage\",\"url\":\"https:\\\/\\\/yasminfood.ch\\\/wp-content\\\/uploads\\\/2025\\\/06\\\/\u0645\u0644\u0637\u0641-\u062c\u0648-\u062d\u064a\u0627\u062a\u064a-300-\u0645\u0644.png\",\"contentUrl\":\"https:\\\/\\\/yasminfood.ch\\\/wp-content\\\/uploads\\\/2025\\\/06\\\/\u0645\u0644\u0637\u0641-\u062c\u0648-\u062d\u064a\u0627\u062a\u064a-300-\u0645\u0644.png\",\"width\":1755,\"height\":1755,\"caption\":\"Hayati Air Beruhigend 300 ml\"},{\"@type\":\"BreadcrumbList\",\"@id\":\"https:\\\/\\\/yasminfood.ch\\\/de\\\/product\\\/hayati-air-beruhigend-300-ml\\\/#breadcrumb\",\"itemListElement\":[{\"@type\":\"ListItem\",\"position\":1,\"name\":\"\u0627\u0644\u0631\u0626\u064a\u0633\u064a\u0629\",\"item\":\"https:\\\/\\\/yasminfood.ch\\\/de\\\/zuhause\\\/\"},{\"@type\":\"ListItem\",\"position\":2,\"name\":\"Shop\",\"item\":\"https:\\\/\\\/yasminfood.ch\\\/de\\\/shop\\\/\"},{\"@type\":\"ListItem\",\"position\":3,\"name\":\"Nonfood\",\"item\":\"https:\\\/\\\/yasminfood.ch\\\/de\\\/produkt-kategorie\\\/nonfood\\\/\"},{\"@type\":\"ListItem\",\"position\":4,\"name\":\"Hayati Air Beruhigend 300 ml\"}]},{\"@type\":\"WebSite\",\"@id\":\"https:\\\/\\\/yasminfood.ch\\\/de\\\/#website\",\"url\":\"https:\\\/\\\/yasminfood.ch\\\/de\\\/\",\"name\":\"\u064a\u0627\u0633\u0645\u064a\u0646 \u0645\u0627\u0631\u0643\u062a\",\"description\":\"Alles, was Sie brauchen, an einem Ort\",\"publisher\":{\"@id\":\"https:\\\/\\\/yasminfood.ch\\\/de\\\/#organization\"},\"alternateName\":\"Yasmin Food\",\"potentialAction\":[{\"@type\":\"SearchAction\",\"target\":{\"@type\":\"EntryPoint\",\"urlTemplate\":\"https:\\\/\\\/yasminfood.ch\\\/de\\\/?s={search_term_string}\"},\"query-input\":{\"@type\":\"PropertyValueSpecification\",\"valueRequired\":true,\"valueName\":\"search_term_string\"}}],\"inLanguage\":\"de\"},{\"@type\":\"Organization\",\"@id\":\"https:\\\/\\\/yasminfood.ch\\\/de\\\/#organization\",\"name\":\"\u064a\u0627\u0633\u0645\u064a\u0646 \u0645\u0627\u0631\u0643\u062a\",\"alternateName\":\"Yasmin Food\",\"url\":\"https:\\\/\\\/yasminfood.ch\\\/de\\\/\",\"logo\":{\"@type\":\"ImageObject\",\"inLanguage\":\"de\",\"@id\":\"https:\\\/\\\/yasminfood.ch\\\/de\\\/#\\\/schema\\\/logo\\\/image\\\/\",\"url\":\"https:\\\/\\\/yasminfood.ch\\\/wp-content\\\/uploads\\\/2025\\\/05\\\/yasmin-food-header-logo.png\",\"contentUrl\":\"https:\\\/\\\/yasminfood.ch\\\/wp-content\\\/uploads\\\/2025\\\/05\\\/yasmin-food-header-logo.png\",\"width\":330,\"height\":120,\"caption\":\"\u064a\u0627\u0633\u0645\u064a\u0646 \u0645\u0627\u0631\u0643\u062a\"},\"image\":{\"@id\":\"https:\\\/\\\/yasminfood.ch\\\/de\\\/#\\\/schema\\\/logo\\\/image\\\/\"},\"sameAs\":[\"https:\\\/\\\/www.facebook.com\\\/yasminmarkt1\",\"https:\\\/\\\/www.tiktok.com\\\/@yasminmarkt\",\"https:\\\/\\\/www.instagram.com\\\/yasmin.markt1\\\/\",\"https:\\\/\\\/api.whatsapp.com\\\/send\\\/?phone=41799000104\"],\"publishingPrinciples\":\"https:\\\/\\\/yasminfood.ch\\\/de\\\/shop\\\/\",\"ownershipFundingInfo\":\"https:\\\/\\\/yasminfood.ch\\\/de\\\/shop\\\/\"}]}<\/script>\n<meta property=\"product:price:amount\" content=\"9.50\" \/>\n<meta property=\"product:price:currency\" content=\"CHF\" \/>\n<meta property=\"og:availability\" content=\"instock\" \/>\n<meta property=\"product:availability\" content=\"instock\" \/>\n<meta property=\"product:condition\" content=\"new\" \/>\n<!-- \/ Yoast SEO Premium plugin. -->","yoast_head_json":{"title":"Hayati Air Beruhigend 300 ml - Yasmin Food","description":"Genie\u00dfen Sie die Atmosph\u00e4re des Luxus mit der Hayati 300 ml Klimaanlage. Ein lang anhaltender orientalischer Duft, der Ihrem Zuhause eine warme Note verleiht, entdecken Sie ihn jetzt! Yasmin Food Hayati Air Beruhigend 300 ml","robots":{"index":"index","follow":"follow","max-snippet":"max-snippet:-1","max-image-preview":"max-image-preview:large","max-video-preview":"max-video-preview:-1"},"canonical":"https:\/\/yasminfood.ch\/de\/product\/hayati-air-beruhigend-300-ml\/","og_locale":"de_DE","og_type":"article","og_title":"Hayati Air Beruhigend 300 ml","og_description":"Hayati Soothing 300 ml ist ein lang anhaltender orientalischer Duft, der eine warme und elegante Atmosph\u00e4re verleiht.","og_url":"https:\/\/yasminfood.ch\/de\/product\/hayati-air-beruhigend-300-ml\/","og_site_name":"Yasmin Food","article_publisher":"https:\/\/www.facebook.com\/yasminmarkt1","og_image":[{"width":1755,"height":1755,"url":"https:\/\/yasminfood.ch\/wp-content\/uploads\/2025\/06\/\u0645\u0644\u0637\u0641-\u062c\u0648-\u062d\u064a\u0627\u062a\u064a-300-\u0645\u0644.png","type":"image\/png"}],"twitter_card":"summary_large_image","twitter_misc":{"Preis":"9.50&nbsp;&#67;&#72;&#70;","Verf\u00fcgbarkeit":"Auf Lager"},"schema":{"@context":"https:\/\/schema.org","@graph":[{"@type":"WebPage","@id":"https:\/\/yasminfood.ch\/de\/product\/hayati-air-beruhigend-300-ml\/","url":"https:\/\/yasminfood.ch\/de\/product\/hayati-air-beruhigend-300-ml\/","name":"Hayati Air Beruhigend 300 ml - Yasmin Food","isPartOf":{"@id":"https:\/\/yasminfood.ch\/de\/#website"},"primaryImageOfPage":{"@id":"https:\/\/yasminfood.ch\/de\/product\/hayati-air-beruhigend-300-ml\/#primaryimage"},"image":{"@id":"https:\/\/yasminfood.ch\/de\/product\/hayati-air-beruhigend-300-ml\/#primaryimage"},"thumbnailUrl":"https:\/\/yasminfood.ch\/wp-content\/uploads\/2025\/06\/\u0645\u0644\u0637\u0641-\u062c\u0648-\u062d\u064a\u0627\u062a\u064a-300-\u0645\u0644.png","datePublished":"2025-06-25T14:36:02+00:00","description":"Genie\u00dfen Sie die Atmosph\u00e4re des Luxus mit der Hayati 300 ml Klimaanlage. Ein lang anhaltender orientalischer Duft, der Ihrem Zuhause eine warme Note verleiht, entdecken Sie ihn jetzt! Yasmin Food Hayati Air Beruhigend 300 ml","breadcrumb":{"@id":"https:\/\/yasminfood.ch\/de\/product\/hayati-air-beruhigend-300-ml\/#breadcrumb"},"inLanguage":"de","potentialAction":[{"@type":"ReadAction","target":["https:\/\/yasminfood.ch\/de\/product\/hayati-air-beruhigend-300-ml\/"]}]},{"@type":"ImageObject","inLanguage":"de","@id":"https:\/\/yasminfood.ch\/de\/product\/hayati-air-beruhigend-300-ml\/#primaryimage","url":"https:\/\/yasminfood.ch\/wp-content\/uploads\/2025\/06\/\u0645\u0644\u0637\u0641-\u062c\u0648-\u062d\u064a\u0627\u062a\u064a-300-\u0645\u0644.png","contentUrl":"https:\/\/yasminfood.ch\/wp-content\/uploads\/2025\/06\/\u0645\u0644\u0637\u0641-\u062c\u0648-\u062d\u064a\u0627\u062a\u064a-300-\u0645\u0644.png","width":1755,"height":1755,"caption":"Hayati Air Beruhigend 300 ml"},{"@type":"BreadcrumbList","@id":"https:\/\/yasminfood.ch\/de\/product\/hayati-air-beruhigend-300-ml\/#breadcrumb","itemListElement":[{"@type":"ListItem","position":1,"name":"\u0627\u0644\u0631\u0626\u064a\u0633\u064a\u0629","item":"https:\/\/yasminfood.ch\/de\/zuhause\/"},{"@type":"ListItem","position":2,"name":"Shop","item":"https:\/\/yasminfood.ch\/de\/shop\/"},{"@type":"ListItem","position":3,"name":"Nonfood","item":"https:\/\/yasminfood.ch\/de\/produkt-kategorie\/nonfood\/"},{"@type":"ListItem","position":4,"name":"Hayati Air Beruhigend 300 ml"}]},{"@type":"WebSite","@id":"https:\/\/yasminfood.ch\/de\/#website","url":"https:\/\/yasminfood.ch\/de\/","name":"\u064a\u0627\u0633\u0645\u064a\u0646 \u0645\u0627\u0631\u0643\u062a","description":"Alles, was Sie brauchen, an einem Ort","publisher":{"@id":"https:\/\/yasminfood.ch\/de\/#organization"},"alternateName":"Yasmin Food","potentialAction":[{"@type":"SearchAction","target":{"@type":"EntryPoint","urlTemplate":"https:\/\/yasminfood.ch\/de\/?s={search_term_string}"},"query-input":{"@type":"PropertyValueSpecification","valueRequired":true,"valueName":"search_term_string"}}],"inLanguage":"de"},{"@type":"Organization","@id":"https:\/\/yasminfood.ch\/de\/#organization","name":"\u064a\u0627\u0633\u0645\u064a\u0646 \u0645\u0627\u0631\u0643\u062a","alternateName":"Yasmin Food","url":"https:\/\/yasminfood.ch\/de\/","logo":{"@type":"ImageObject","inLanguage":"de","@id":"https:\/\/yasminfood.ch\/de\/#\/schema\/logo\/image\/","url":"https:\/\/yasminfood.ch\/wp-content\/uploads\/2025\/05\/yasmin-food-header-logo.png","contentUrl":"https:\/\/yasminfood.ch\/wp-content\/uploads\/2025\/05\/yasmin-food-header-logo.png","width":330,"height":120,"caption":"\u064a\u0627\u0633\u0645\u064a\u0646 \u0645\u0627\u0631\u0643\u062a"},"image":{"@id":"https:\/\/yasminfood.ch\/de\/#\/schema\/logo\/image\/"},"sameAs":["https:\/\/www.facebook.com\/yasminmarkt1","https:\/\/www.tiktok.com\/@yasminmarkt","https:\/\/www.instagram.com\/yasmin.markt1\/","https:\/\/api.whatsapp.com\/send\/?phone=41799000104"],"publishingPrinciples":"https:\/\/yasminfood.ch\/de\/shop\/","ownershipFundingInfo":"https:\/\/yasminfood.ch\/de\/shop\/"}]},"product_price_amount":"9.50","product_price_currency":"CHF","og_availability":"instock","product_availability":"instock","product_condition":"new"},"jetpack_sharing_enabled":true,"_links":{"self":[{"href":"https:\/\/yasminfood.ch\/de\/wp-json\/wp\/v2\/product\/117812","targetHints":{"allow":["GET"]}}],"collection":[{"href":"https:\/\/yasminfood.ch\/de\/wp-json\/wp\/v2\/product"}],"about":[{"href":"https:\/\/yasminfood.ch\/de\/wp-json\/wp\/v2\/types\/product"}],"replies":[{"embeddable":true,"href":"https:\/\/yasminfood.ch\/de\/wp-json\/wp\/v2\/comments?post=117812"}],"version-history":[{"count":0,"href":"https:\/\/yasminfood.ch\/de\/wp-json\/wp\/v2\/product\/117812\/revisions"}],"wp:featuredmedia":[{"embeddable":true,"href":"https:\/\/yasminfood.ch\/de\/wp-json\/wp\/v2\/media\/117704"}],"wp:attachment":[{"href":"https:\/\/yasminfood.ch\/de\/wp-json\/wp\/v2\/media?parent=117812"}],"wp:term":[{"taxonomy":"product_brand","embeddable":true,"href":"https:\/\/yasminfood.ch\/de\/wp-json\/wp\/v2\/product_brand?post=117812"},{"taxonomy":"product_cat","embeddable":true,"href":"https:\/\/yasminfood.ch\/de\/wp-json\/wp\/v2\/product_cat?post=117812"},{"taxonomy":"product_tag","embeddable":true,"href":"https:\/\/yasminfood.ch\/de\/wp-json\/wp\/v2\/product_tag?post=117812"}],"curies":[{"name":"wp","href":"https:\/\/api.w.org\/{rel}","templated":true}]}}