{"id":117815,"date":"2025-06-25T15:26:33","date_gmt":"2025-06-25T13:26:33","guid":{"rendered":"https:\/\/yasminfood.ch\/product\/chill-out-hot-chips-nar-60g\/"},"modified":"2025-06-25T16:36:03","modified_gmt":"2025-06-25T14:36:03","slug":"chill-out-hot-chips-nar-60g","status":"publish","type":"product","link":"https:\/\/yasminfood.ch\/de\/product\/chill-out-hot-chips-nar-60g\/","title":{"rendered":"Chill Out Hot Chips Nar 60g"},"content":{"rendered":"<p><strong>Chill Out Hot Chips Nar 60g<\/strong><\/p>\n<ul>\n<li>\ud83d\udd25 Auf der Suche nach einem kr\u00e4ftigen Geschmack? Machen Sie sich bereit, Chillout Hot Nar Chips zu probieren \u2013 feuriger Pfeffergeschmack f\u00fcr w\u00fcrzige Liebhaber!<br \/>\nDiese charakteristischen 60-g-Chips werden aus nat\u00fcrlichen Zutaten wie Mais, Reis und Hafer hergestellt und im Ofen gegrillt, um Ihnen knusprig ohne \u00fcbersch\u00fcssiges Fett zu machen.  <\/p>\n<p>\u2714\ufe0f Intensiver, w\u00fcrziger Geschmack, der die Sinne<br \/>\n\u2714\ufe0f anregt Im Ofen gegrillt \u2013 frittiertes Gitter<br \/>\n\u2714\ufe0f 70% weniger Fett<br \/>\n\u2714\ufe0f Reich an Proteinen und Ballaststoffen<br \/>\n\u2714\ufe0f Ohne Konservierungsstoffe<br \/>\n \u2714\ufe0f<\/p>\n<p>Perfekt als Snack w\u00e4hrend des Tages oder mit Freunden, f\u00fcr Liebhaber von kr\u00e4ftigen und unverwechselbaren Aromen. <\/p>\n<p>&nbsp;<\/li>\n<\/ul>\n","protected":false},"excerpt":{"rendered":"<p>Chill Out Hot Chips Nar 60g<\/p>\n<p>Feuriger Geschmack, leckerer Crunch und gegrillte Snacks, die reich an Proteinen und Ballaststoffen sind!  <\/p>\n","protected":false},"featured_media":117761,"comment_status":"open","ping_status":"closed","template":"","meta":[],"product_brand":[],"product_cat":[297,302],"product_tag":[],"class_list":{"0":"post-117815","1":"product","2":"type-product","3":"status-publish","4":"has-post-thumbnail","6":"product_cat-dessert-chips-2","7":"product_cat-kartoffelchips","9":"first","10":"outofstock","11":"taxable","12":"shipping-taxable","13":"purchasable","14":"product-type-simple"},"yoast_head":"<!-- This site is optimized with the Yoast SEO Premium plugin v26.5 (Yoast SEO v27.5) - https:\/\/yoast.com\/product\/yoast-seo-premium-wordpress\/ -->\n<title>Chill Out Hot Chips Nar 60g - Yasmin Food<\/title>\n<meta name=\"description\" content=\"Machen Sie sich bereit, Chillout Hot Hot Chips 60g mit gegrilltem feurigem Pfeffergeschmack ohne Fett zu probieren! Hol dir jetzt einen leckeren Crunch und einen gesunden Snack! \ud83d\udd25 Yasmin Food Chill Out Hot Chips Nar 60g\" \/>\n<meta name=\"robots\" content=\"index, follow, max-snippet:-1, max-image-preview:large, max-video-preview:-1\" \/>\n<link rel=\"canonical\" href=\"https:\/\/yasminfood.ch\/de\/product\/chill-out-hot-chips-nar-60g\/\" \/>\n<meta property=\"og:locale\" content=\"de_DE\" \/>\n<meta property=\"og:type\" content=\"article\" \/>\n<meta property=\"og:title\" content=\"Chill Out Hot Chips Nar 60g\" \/>\n<meta property=\"og:description\" content=\"Chill Out Hot Chips Nar 60g Feuriger Geschmack, leckerer Crunch und gegrillte Snacks, die reich an Proteinen und Ballaststoffen sind!\" \/>\n<meta property=\"og:url\" content=\"https:\/\/yasminfood.ch\/de\/product\/chill-out-hot-chips-nar-60g\/\" \/>\n<meta property=\"og:site_name\" content=\"Yasmin Food\" \/>\n<meta property=\"article:publisher\" content=\"https:\/\/www.facebook.com\/yasminmarkt1\" \/>\n<meta property=\"article:modified_time\" content=\"2025-06-25T14:36:03+00:00\" \/>\n<meta property=\"og:image\" content=\"https:\/\/yasminfood.ch\/wp-content\/uploads\/2025\/06\/\u0634\u064a\u0628\u0633-\u0634\u064a\u0644-\u0627\u0648\u062a-\u062d\u0627\u0631-\u0646\u0627\u0627\u0631-60\u063a.png\" \/>\n\t<meta property=\"og:image:width\" content=\"1080\" \/>\n\t<meta property=\"og:image:height\" content=\"1080\" \/>\n\t<meta property=\"og:image:type\" content=\"image\/png\" \/>\n<meta name=\"twitter:card\" content=\"summary_large_image\" \/>\n<meta name=\"twitter:label1\" content=\"Preis\" \/>\n\t<meta name=\"twitter:data1\" content=\"1.25&nbsp;&#067;&#072;&#070;\" \/>\n\t<meta name=\"twitter:label2\" content=\"Verf\u00fcgbarkeit\" \/>\n\t<meta name=\"twitter:data2\" content=\"ausverkauft\" \/>\n<script type=\"application\/ld+json\" class=\"yoast-schema-graph\">{\"@context\":\"https:\\\/\\\/schema.org\",\"@graph\":[{\"@type\":\"WebPage\",\"@id\":\"https:\\\/\\\/yasminfood.ch\\\/de\\\/product\\\/chill-out-hot-chips-nar-60g\\\/\",\"url\":\"https:\\\/\\\/yasminfood.ch\\\/de\\\/product\\\/chill-out-hot-chips-nar-60g\\\/\",\"name\":\"Chill Out Hot Chips Nar 60g - Yasmin Food\",\"isPartOf\":{\"@id\":\"https:\\\/\\\/yasminfood.ch\\\/de\\\/#website\"},\"primaryImageOfPage\":{\"@id\":\"https:\\\/\\\/yasminfood.ch\\\/de\\\/product\\\/chill-out-hot-chips-nar-60g\\\/#primaryimage\"},\"image\":{\"@id\":\"https:\\\/\\\/yasminfood.ch\\\/de\\\/product\\\/chill-out-hot-chips-nar-60g\\\/#primaryimage\"},\"thumbnailUrl\":\"https:\\\/\\\/yasminfood.ch\\\/wp-content\\\/uploads\\\/2025\\\/06\\\/\u0634\u064a\u0628\u0633-\u0634\u064a\u0644-\u0627\u0648\u062a-\u062d\u0627\u0631-\u0646\u0627\u0627\u0631-60\u063a.png\",\"datePublished\":\"2025-06-25T13:26:33+00:00\",\"dateModified\":\"2025-06-25T14:36:03+00:00\",\"description\":\"Machen Sie sich bereit, Chillout Hot Hot Chips 60g mit gegrilltem feurigem Pfeffergeschmack ohne Fett zu probieren! Hol dir jetzt einen leckeren Crunch und einen gesunden Snack! \ud83d\udd25 Yasmin Food Chill Out Hot Chips Nar 60g\",\"breadcrumb\":{\"@id\":\"https:\\\/\\\/yasminfood.ch\\\/de\\\/product\\\/chill-out-hot-chips-nar-60g\\\/#breadcrumb\"},\"inLanguage\":\"de\",\"potentialAction\":[{\"@type\":\"ReadAction\",\"target\":[\"https:\\\/\\\/yasminfood.ch\\\/de\\\/product\\\/chill-out-hot-chips-nar-60g\\\/\"]}]},{\"@type\":\"ImageObject\",\"inLanguage\":\"de\",\"@id\":\"https:\\\/\\\/yasminfood.ch\\\/de\\\/product\\\/chill-out-hot-chips-nar-60g\\\/#primaryimage\",\"url\":\"https:\\\/\\\/yasminfood.ch\\\/wp-content\\\/uploads\\\/2025\\\/06\\\/\u0634\u064a\u0628\u0633-\u0634\u064a\u0644-\u0627\u0648\u062a-\u062d\u0627\u0631-\u0646\u0627\u0627\u0631-60\u063a.png\",\"contentUrl\":\"https:\\\/\\\/yasminfood.ch\\\/wp-content\\\/uploads\\\/2025\\\/06\\\/\u0634\u064a\u0628\u0633-\u0634\u064a\u0644-\u0627\u0648\u062a-\u062d\u0627\u0631-\u0646\u0627\u0627\u0631-60\u063a.png\",\"width\":1080,\"height\":1080,\"caption\":\"Chill Out Hot Chips Nar 60g\"},{\"@type\":\"BreadcrumbList\",\"@id\":\"https:\\\/\\\/yasminfood.ch\\\/de\\\/product\\\/chill-out-hot-chips-nar-60g\\\/#breadcrumb\",\"itemListElement\":[{\"@type\":\"ListItem\",\"position\":1,\"name\":\"\u0627\u0644\u0631\u0626\u064a\u0633\u064a\u0629\",\"item\":\"https:\\\/\\\/yasminfood.ch\\\/de\\\/zuhause\\\/\"},{\"@type\":\"ListItem\",\"position\":2,\"name\":\"Shop\",\"item\":\"https:\\\/\\\/yasminfood.ch\\\/de\\\/shop\\\/\"},{\"@type\":\"ListItem\",\"position\":3,\"name\":\"Dessert &amp; Chips\",\"item\":\"https:\\\/\\\/yasminfood.ch\\\/de\\\/produkt-kategorie\\\/dessert-chips-2\\\/\"},{\"@type\":\"ListItem\",\"position\":4,\"name\":\"Kartoffelchips\",\"item\":\"https:\\\/\\\/yasminfood.ch\\\/de\\\/produkt-kategorie\\\/dessert-chips-2\\\/kartoffelchips\\\/\"},{\"@type\":\"ListItem\",\"position\":5,\"name\":\"Chill Out Hot Chips Nar 60g\"}]},{\"@type\":\"WebSite\",\"@id\":\"https:\\\/\\\/yasminfood.ch\\\/de\\\/#website\",\"url\":\"https:\\\/\\\/yasminfood.ch\\\/de\\\/\",\"name\":\"\u064a\u0627\u0633\u0645\u064a\u0646 \u0645\u0627\u0631\u0643\u062a\",\"description\":\"Alles, was Sie brauchen, an einem Ort\",\"publisher\":{\"@id\":\"https:\\\/\\\/yasminfood.ch\\\/de\\\/#organization\"},\"alternateName\":\"Yasmin Food\",\"potentialAction\":[{\"@type\":\"SearchAction\",\"target\":{\"@type\":\"EntryPoint\",\"urlTemplate\":\"https:\\\/\\\/yasminfood.ch\\\/de\\\/?s={search_term_string}\"},\"query-input\":{\"@type\":\"PropertyValueSpecification\",\"valueRequired\":true,\"valueName\":\"search_term_string\"}}],\"inLanguage\":\"de\"},{\"@type\":\"Organization\",\"@id\":\"https:\\\/\\\/yasminfood.ch\\\/de\\\/#organization\",\"name\":\"\u064a\u0627\u0633\u0645\u064a\u0646 \u0645\u0627\u0631\u0643\u062a\",\"alternateName\":\"Yasmin Food\",\"url\":\"https:\\\/\\\/yasminfood.ch\\\/de\\\/\",\"logo\":{\"@type\":\"ImageObject\",\"inLanguage\":\"de\",\"@id\":\"https:\\\/\\\/yasminfood.ch\\\/de\\\/#\\\/schema\\\/logo\\\/image\\\/\",\"url\":\"https:\\\/\\\/yasminfood.ch\\\/wp-content\\\/uploads\\\/2025\\\/05\\\/yasmin-food-header-logo.png\",\"contentUrl\":\"https:\\\/\\\/yasminfood.ch\\\/wp-content\\\/uploads\\\/2025\\\/05\\\/yasmin-food-header-logo.png\",\"width\":330,\"height\":120,\"caption\":\"\u064a\u0627\u0633\u0645\u064a\u0646 \u0645\u0627\u0631\u0643\u062a\"},\"image\":{\"@id\":\"https:\\\/\\\/yasminfood.ch\\\/de\\\/#\\\/schema\\\/logo\\\/image\\\/\"},\"sameAs\":[\"https:\\\/\\\/www.facebook.com\\\/yasminmarkt1\",\"https:\\\/\\\/www.tiktok.com\\\/@yasminmarkt\",\"https:\\\/\\\/www.instagram.com\\\/yasmin.markt1\\\/\",\"https:\\\/\\\/api.whatsapp.com\\\/send\\\/?phone=41799000104\"],\"publishingPrinciples\":\"https:\\\/\\\/yasminfood.ch\\\/de\\\/shop\\\/\",\"ownershipFundingInfo\":\"https:\\\/\\\/yasminfood.ch\\\/de\\\/shop\\\/\"}]}<\/script>\n<meta property=\"product:price:amount\" content=\"1.25\" \/>\n<meta property=\"product:price:currency\" content=\"CHF\" \/>\n<meta property=\"og:availability\" content=\"out of stock\" \/>\n<meta property=\"product:availability\" content=\"out of stock\" \/>\n<meta property=\"product:condition\" content=\"new\" \/>\n<!-- \/ Yoast SEO Premium plugin. -->","yoast_head_json":{"title":"Chill Out Hot Chips Nar 60g - Yasmin Food","description":"Machen Sie sich bereit, Chillout Hot Hot Chips 60g mit gegrilltem feurigem Pfeffergeschmack ohne Fett zu probieren! Hol dir jetzt einen leckeren Crunch und einen gesunden Snack! \ud83d\udd25 Yasmin Food Chill Out Hot Chips Nar 60g","robots":{"index":"index","follow":"follow","max-snippet":"max-snippet:-1","max-image-preview":"max-image-preview:large","max-video-preview":"max-video-preview:-1"},"canonical":"https:\/\/yasminfood.ch\/de\/product\/chill-out-hot-chips-nar-60g\/","og_locale":"de_DE","og_type":"article","og_title":"Chill Out Hot Chips Nar 60g","og_description":"Chill Out Hot Chips Nar 60g Feuriger Geschmack, leckerer Crunch und gegrillte Snacks, die reich an Proteinen und Ballaststoffen sind!","og_url":"https:\/\/yasminfood.ch\/de\/product\/chill-out-hot-chips-nar-60g\/","og_site_name":"Yasmin Food","article_publisher":"https:\/\/www.facebook.com\/yasminmarkt1","article_modified_time":"2025-06-25T14:36:03+00:00","og_image":[{"width":1080,"height":1080,"url":"https:\/\/yasminfood.ch\/wp-content\/uploads\/2025\/06\/\u0634\u064a\u0628\u0633-\u0634\u064a\u0644-\u0627\u0648\u062a-\u062d\u0627\u0631-\u0646\u0627\u0627\u0631-60\u063a.png","type":"image\/png"}],"twitter_card":"summary_large_image","twitter_misc":{"Preis":"1.25&nbsp;&#67;&#72;&#70;","Verf\u00fcgbarkeit":"ausverkauft"},"schema":{"@context":"https:\/\/schema.org","@graph":[{"@type":"WebPage","@id":"https:\/\/yasminfood.ch\/de\/product\/chill-out-hot-chips-nar-60g\/","url":"https:\/\/yasminfood.ch\/de\/product\/chill-out-hot-chips-nar-60g\/","name":"Chill Out Hot Chips Nar 60g - Yasmin Food","isPartOf":{"@id":"https:\/\/yasminfood.ch\/de\/#website"},"primaryImageOfPage":{"@id":"https:\/\/yasminfood.ch\/de\/product\/chill-out-hot-chips-nar-60g\/#primaryimage"},"image":{"@id":"https:\/\/yasminfood.ch\/de\/product\/chill-out-hot-chips-nar-60g\/#primaryimage"},"thumbnailUrl":"https:\/\/yasminfood.ch\/wp-content\/uploads\/2025\/06\/\u0634\u064a\u0628\u0633-\u0634\u064a\u0644-\u0627\u0648\u062a-\u062d\u0627\u0631-\u0646\u0627\u0627\u0631-60\u063a.png","datePublished":"2025-06-25T13:26:33+00:00","dateModified":"2025-06-25T14:36:03+00:00","description":"Machen Sie sich bereit, Chillout Hot Hot Chips 60g mit gegrilltem feurigem Pfeffergeschmack ohne Fett zu probieren! Hol dir jetzt einen leckeren Crunch und einen gesunden Snack! \ud83d\udd25 Yasmin Food Chill Out Hot Chips Nar 60g","breadcrumb":{"@id":"https:\/\/yasminfood.ch\/de\/product\/chill-out-hot-chips-nar-60g\/#breadcrumb"},"inLanguage":"de","potentialAction":[{"@type":"ReadAction","target":["https:\/\/yasminfood.ch\/de\/product\/chill-out-hot-chips-nar-60g\/"]}]},{"@type":"ImageObject","inLanguage":"de","@id":"https:\/\/yasminfood.ch\/de\/product\/chill-out-hot-chips-nar-60g\/#primaryimage","url":"https:\/\/yasminfood.ch\/wp-content\/uploads\/2025\/06\/\u0634\u064a\u0628\u0633-\u0634\u064a\u0644-\u0627\u0648\u062a-\u062d\u0627\u0631-\u0646\u0627\u0627\u0631-60\u063a.png","contentUrl":"https:\/\/yasminfood.ch\/wp-content\/uploads\/2025\/06\/\u0634\u064a\u0628\u0633-\u0634\u064a\u0644-\u0627\u0648\u062a-\u062d\u0627\u0631-\u0646\u0627\u0627\u0631-60\u063a.png","width":1080,"height":1080,"caption":"Chill Out Hot Chips Nar 60g"},{"@type":"BreadcrumbList","@id":"https:\/\/yasminfood.ch\/de\/product\/chill-out-hot-chips-nar-60g\/#breadcrumb","itemListElement":[{"@type":"ListItem","position":1,"name":"\u0627\u0644\u0631\u0626\u064a\u0633\u064a\u0629","item":"https:\/\/yasminfood.ch\/de\/zuhause\/"},{"@type":"ListItem","position":2,"name":"Shop","item":"https:\/\/yasminfood.ch\/de\/shop\/"},{"@type":"ListItem","position":3,"name":"Dessert &amp; Chips","item":"https:\/\/yasminfood.ch\/de\/produkt-kategorie\/dessert-chips-2\/"},{"@type":"ListItem","position":4,"name":"Kartoffelchips","item":"https:\/\/yasminfood.ch\/de\/produkt-kategorie\/dessert-chips-2\/kartoffelchips\/"},{"@type":"ListItem","position":5,"name":"Chill Out Hot Chips Nar 60g"}]},{"@type":"WebSite","@id":"https:\/\/yasminfood.ch\/de\/#website","url":"https:\/\/yasminfood.ch\/de\/","name":"\u064a\u0627\u0633\u0645\u064a\u0646 \u0645\u0627\u0631\u0643\u062a","description":"Alles, was Sie brauchen, an einem Ort","publisher":{"@id":"https:\/\/yasminfood.ch\/de\/#organization"},"alternateName":"Yasmin Food","potentialAction":[{"@type":"SearchAction","target":{"@type":"EntryPoint","urlTemplate":"https:\/\/yasminfood.ch\/de\/?s={search_term_string}"},"query-input":{"@type":"PropertyValueSpecification","valueRequired":true,"valueName":"search_term_string"}}],"inLanguage":"de"},{"@type":"Organization","@id":"https:\/\/yasminfood.ch\/de\/#organization","name":"\u064a\u0627\u0633\u0645\u064a\u0646 \u0645\u0627\u0631\u0643\u062a","alternateName":"Yasmin Food","url":"https:\/\/yasminfood.ch\/de\/","logo":{"@type":"ImageObject","inLanguage":"de","@id":"https:\/\/yasminfood.ch\/de\/#\/schema\/logo\/image\/","url":"https:\/\/yasminfood.ch\/wp-content\/uploads\/2025\/05\/yasmin-food-header-logo.png","contentUrl":"https:\/\/yasminfood.ch\/wp-content\/uploads\/2025\/05\/yasmin-food-header-logo.png","width":330,"height":120,"caption":"\u064a\u0627\u0633\u0645\u064a\u0646 \u0645\u0627\u0631\u0643\u062a"},"image":{"@id":"https:\/\/yasminfood.ch\/de\/#\/schema\/logo\/image\/"},"sameAs":["https:\/\/www.facebook.com\/yasminmarkt1","https:\/\/www.tiktok.com\/@yasminmarkt","https:\/\/www.instagram.com\/yasmin.markt1\/","https:\/\/api.whatsapp.com\/send\/?phone=41799000104"],"publishingPrinciples":"https:\/\/yasminfood.ch\/de\/shop\/","ownershipFundingInfo":"https:\/\/yasminfood.ch\/de\/shop\/"}]},"product_price_amount":"1.25","product_price_currency":"CHF","og_availability":"out of stock","product_availability":"out of stock","product_condition":"new"},"jetpack_sharing_enabled":true,"_links":{"self":[{"href":"https:\/\/yasminfood.ch\/de\/wp-json\/wp\/v2\/product\/117815","targetHints":{"allow":["GET"]}}],"collection":[{"href":"https:\/\/yasminfood.ch\/de\/wp-json\/wp\/v2\/product"}],"about":[{"href":"https:\/\/yasminfood.ch\/de\/wp-json\/wp\/v2\/types\/product"}],"replies":[{"embeddable":true,"href":"https:\/\/yasminfood.ch\/de\/wp-json\/wp\/v2\/comments?post=117815"}],"version-history":[{"count":0,"href":"https:\/\/yasminfood.ch\/de\/wp-json\/wp\/v2\/product\/117815\/revisions"}],"wp:featuredmedia":[{"embeddable":true,"href":"https:\/\/yasminfood.ch\/de\/wp-json\/wp\/v2\/media\/117761"}],"wp:attachment":[{"href":"https:\/\/yasminfood.ch\/de\/wp-json\/wp\/v2\/media?parent=117815"}],"wp:term":[{"taxonomy":"product_brand","embeddable":true,"href":"https:\/\/yasminfood.ch\/de\/wp-json\/wp\/v2\/product_brand?post=117815"},{"taxonomy":"product_cat","embeddable":true,"href":"https:\/\/yasminfood.ch\/de\/wp-json\/wp\/v2\/product_cat?post=117815"},{"taxonomy":"product_tag","embeddable":true,"href":"https:\/\/yasminfood.ch\/de\/wp-json\/wp\/v2\/product_tag?post=117815"}],"curies":[{"name":"wp","href":"https:\/\/api.w.org\/{rel}","templated":true}]}}