{"id":117821,"date":"2025-06-25T15:36:53","date_gmt":"2025-06-25T14:36:18","guid":{"rendered":"https:\/\/yasminfood.ch\/product\/arabischer-kaffee-dallah-klein-1\/"},"modified":"2025-06-25T16:36:18","modified_gmt":"2025-06-25T14:36:18","slug":"arabischer-kaffee-dallah-klein-1","status":"publish","type":"product","link":"https:\/\/yasminfood.ch\/de\/product\/arabischer-kaffee-dallah-klein-1\/","title":{"rendered":"Arabischer Kaffee Dallah Klein 1"},"content":{"rendered":"<p>Arabischer Kaffee Dallah Klein 1<\/p>\n<ul>\n<li>Verleihen Sie Ihrer Gastfreundschaft einen Hauch von Authentizit\u00e4t und Luxus mit der kleinen arabischen Kaffeekanne \u2013 ein Kunstwerk, das sorgf\u00e4ltig gefertigt wurde, um die Sch\u00f6nheit des arabischen Erbes widerzuspiegeln.<br \/>\nDieser Dallah hat eine praktische Gr\u00f6\u00dfe, die sich zum Servieren von Kaffee bei Familienfeiern oder Sonnenbr\u00e4unen eignet. Hergestellt aus hochwertigen Materialien, mit vergoldeten Details und arabischen Mustern, die Ihrer Tafel eine besondere Eleganz verleihen.  <\/p>\n<p>\u2714\ufe0f Luxuri\u00f6ses<br \/>\n\u2714\ufe0f traditionelles arabisches Design, geeignet f\u00fcr die t\u00e4gliche Pr\u00e4sentation oder besondere<br \/>\n\u2714\ufe0f Anl\u00e4sse Eleganter, mit Leder umwickelter Griff f\u00fcr<br \/>\n\u2714\ufe0f Tragekomfort Hergestellt aus langlebigen und rostbest\u00e4ndigen<br \/>\n\u2714\ufe0f Materialien Perfektes St\u00fcck als hochwertiges Heritage-Geschenk<\/p>\n<p>Anzahl der Teile: 1<br \/>\nGr\u00f6\u00dfe: Klein \u2013 Perfekt zum Servieren von authentischem arabischem Kaffee  <\/li>\n<\/ul>\n","protected":false},"excerpt":{"rendered":"<p>1 kleine arabische Kaffeekanne mit elegantem Heritage-Design und unverwechselbarer k\u00fcnstlerischer Note, um Kaffee mit authentischem Charakter zu pr\u00e4sentieren.<\/p>\n","protected":false},"featured_media":117686,"comment_status":"open","ping_status":"closed","template":"","meta":[],"product_brand":[],"product_cat":[904,388],"product_tag":[2292],"class_list":{"0":"post-117821","1":"product","2":"type-product","3":"status-publish","4":"has-post-thumbnail","6":"product_cat-kuechenutensilien","7":"product_cat-nonfood","8":"product_tag-arabischer-dallah","10":"first","11":"instock","12":"taxable","13":"shipping-taxable","14":"purchasable","15":"product-type-simple"},"yoast_head":"<!-- This site is optimized with the Yoast SEO Premium plugin v26.5 (Yoast SEO v27.3) - https:\/\/yoast.com\/product\/yoast-seo-premium-wordpress\/ -->\n<title>Arabischer Kaffee Dallah Klein 1 - Yasmin Food<\/title>\n<meta name=\"description\" content=\"Verleihen Sie Ihren Veranstaltungen mit 1 kleinen arabischen Kaffeekanne eine einzigartige Note. Perfekt zum Servieren von Kaffee bei privaten und famili\u00e4ren Anl\u00e4ssen. \ud83c\udf89 Yasmin Food Arabischer Kaffee Dallah Klein 1\" \/>\n<meta name=\"robots\" content=\"index, follow, max-snippet:-1, max-image-preview:large, max-video-preview:-1\" \/>\n<link rel=\"canonical\" href=\"https:\/\/yasminfood.ch\/de\/product\/arabischer-kaffee-dallah-klein-1\/\" \/>\n<meta property=\"og:locale\" content=\"de_DE\" \/>\n<meta property=\"og:type\" content=\"article\" \/>\n<meta property=\"og:title\" content=\"Arabischer Kaffee Dallah Klein 1\" \/>\n<meta property=\"og:description\" content=\"1 kleine arabische Kaffeekanne mit elegantem Heritage-Design und unverwechselbarer k\u00fcnstlerischer Note, um Kaffee mit authentischem Charakter zu pr\u00e4sentieren.\" \/>\n<meta property=\"og:url\" content=\"https:\/\/yasminfood.ch\/de\/product\/arabischer-kaffee-dallah-klein-1\/\" \/>\n<meta property=\"og:site_name\" content=\"Yasmin Food\" \/>\n<meta property=\"article:publisher\" content=\"https:\/\/www.facebook.com\/yasminmarkt1\" \/>\n<meta property=\"og:image\" content=\"https:\/\/yasminfood.ch\/wp-content\/uploads\/2025\/06\/\u062f\u0644\u0629-\u0642\u0647\u0648\u0629-\u0639\u0631\u0628\u064a\u0629-\u0635\u063a\u064a\u0631-\u0639\u062f\u062f-1.png\" \/>\n\t<meta property=\"og:image:width\" content=\"1755\" \/>\n\t<meta property=\"og:image:height\" content=\"1755\" \/>\n\t<meta property=\"og:image:type\" content=\"image\/png\" \/>\n<meta name=\"twitter:card\" content=\"summary_large_image\" \/>\n<meta name=\"twitter:label1\" content=\"Preis\" \/>\n\t<meta name=\"twitter:data1\" content=\"32.00&nbsp;&#067;&#072;&#070;\" \/>\n\t<meta name=\"twitter:label2\" content=\"Verf\u00fcgbarkeit\" \/>\n\t<meta name=\"twitter:data2\" content=\"Auf Lager\" \/>\n<script type=\"application\/ld+json\" class=\"yoast-schema-graph\">{\"@context\":\"https:\\\/\\\/schema.org\",\"@graph\":[{\"@type\":\"WebPage\",\"@id\":\"https:\\\/\\\/yasminfood.ch\\\/de\\\/product\\\/arabischer-kaffee-dallah-klein-1\\\/\",\"url\":\"https:\\\/\\\/yasminfood.ch\\\/de\\\/product\\\/arabischer-kaffee-dallah-klein-1\\\/\",\"name\":\"Arabischer Kaffee Dallah Klein 1 - Yasmin Food\",\"isPartOf\":{\"@id\":\"https:\\\/\\\/yasminfood.ch\\\/de\\\/#website\"},\"primaryImageOfPage\":{\"@id\":\"https:\\\/\\\/yasminfood.ch\\\/de\\\/product\\\/arabischer-kaffee-dallah-klein-1\\\/#primaryimage\"},\"image\":{\"@id\":\"https:\\\/\\\/yasminfood.ch\\\/de\\\/product\\\/arabischer-kaffee-dallah-klein-1\\\/#primaryimage\"},\"thumbnailUrl\":\"https:\\\/\\\/yasminfood.ch\\\/wp-content\\\/uploads\\\/2025\\\/06\\\/\u062f\u0644\u0629-\u0642\u0647\u0648\u0629-\u0639\u0631\u0628\u064a\u0629-\u0635\u063a\u064a\u0631-\u0639\u062f\u062f-1.png\",\"datePublished\":\"2025-06-25T14:36:18+00:00\",\"description\":\"Verleihen Sie Ihren Veranstaltungen mit 1 kleinen arabischen Kaffeekanne eine einzigartige Note. Perfekt zum Servieren von Kaffee bei privaten und famili\u00e4ren Anl\u00e4ssen. \ud83c\udf89 Yasmin Food Arabischer Kaffee Dallah Klein 1\",\"breadcrumb\":{\"@id\":\"https:\\\/\\\/yasminfood.ch\\\/de\\\/product\\\/arabischer-kaffee-dallah-klein-1\\\/#breadcrumb\"},\"inLanguage\":\"de\",\"potentialAction\":[{\"@type\":\"ReadAction\",\"target\":[\"https:\\\/\\\/yasminfood.ch\\\/de\\\/product\\\/arabischer-kaffee-dallah-klein-1\\\/\"]}]},{\"@type\":\"ImageObject\",\"inLanguage\":\"de\",\"@id\":\"https:\\\/\\\/yasminfood.ch\\\/de\\\/product\\\/arabischer-kaffee-dallah-klein-1\\\/#primaryimage\",\"url\":\"https:\\\/\\\/yasminfood.ch\\\/wp-content\\\/uploads\\\/2025\\\/06\\\/\u062f\u0644\u0629-\u0642\u0647\u0648\u0629-\u0639\u0631\u0628\u064a\u0629-\u0635\u063a\u064a\u0631-\u0639\u062f\u062f-1.png\",\"contentUrl\":\"https:\\\/\\\/yasminfood.ch\\\/wp-content\\\/uploads\\\/2025\\\/06\\\/\u062f\u0644\u0629-\u0642\u0647\u0648\u0629-\u0639\u0631\u0628\u064a\u0629-\u0635\u063a\u064a\u0631-\u0639\u062f\u062f-1.png\",\"width\":1755,\"height\":1755,\"caption\":\"_ Kleiner arabischer Kaffee Dallah x 1\"},{\"@type\":\"BreadcrumbList\",\"@id\":\"https:\\\/\\\/yasminfood.ch\\\/de\\\/product\\\/arabischer-kaffee-dallah-klein-1\\\/#breadcrumb\",\"itemListElement\":[{\"@type\":\"ListItem\",\"position\":1,\"name\":\"\u0627\u0644\u0631\u0626\u064a\u0633\u064a\u0629\",\"item\":\"https:\\\/\\\/yasminfood.ch\\\/de\\\/zuhause\\\/\"},{\"@type\":\"ListItem\",\"position\":2,\"name\":\"Shop\",\"item\":\"https:\\\/\\\/yasminfood.ch\\\/de\\\/shop\\\/\"},{\"@type\":\"ListItem\",\"position\":3,\"name\":\"Nonfood\",\"item\":\"https:\\\/\\\/yasminfood.ch\\\/de\\\/produkt-kategorie\\\/nonfood\\\/\"},{\"@type\":\"ListItem\",\"position\":4,\"name\":\"Arabischer Kaffee Dallah Klein 1\"}]},{\"@type\":\"WebSite\",\"@id\":\"https:\\\/\\\/yasminfood.ch\\\/de\\\/#website\",\"url\":\"https:\\\/\\\/yasminfood.ch\\\/de\\\/\",\"name\":\"\u064a\u0627\u0633\u0645\u064a\u0646 \u0645\u0627\u0631\u0643\u062a\",\"description\":\"Alles, was Sie brauchen, an einem Ort\",\"publisher\":{\"@id\":\"https:\\\/\\\/yasminfood.ch\\\/de\\\/#organization\"},\"alternateName\":\"Yasmin Food\",\"potentialAction\":[{\"@type\":\"SearchAction\",\"target\":{\"@type\":\"EntryPoint\",\"urlTemplate\":\"https:\\\/\\\/yasminfood.ch\\\/de\\\/?s={search_term_string}\"},\"query-input\":{\"@type\":\"PropertyValueSpecification\",\"valueRequired\":true,\"valueName\":\"search_term_string\"}}],\"inLanguage\":\"de\"},{\"@type\":\"Organization\",\"@id\":\"https:\\\/\\\/yasminfood.ch\\\/de\\\/#organization\",\"name\":\"\u064a\u0627\u0633\u0645\u064a\u0646 \u0645\u0627\u0631\u0643\u062a\",\"alternateName\":\"Yasmin Food\",\"url\":\"https:\\\/\\\/yasminfood.ch\\\/de\\\/\",\"logo\":{\"@type\":\"ImageObject\",\"inLanguage\":\"de\",\"@id\":\"https:\\\/\\\/yasminfood.ch\\\/de\\\/#\\\/schema\\\/logo\\\/image\\\/\",\"url\":\"https:\\\/\\\/yasminfood.ch\\\/wp-content\\\/uploads\\\/2025\\\/05\\\/yasmin-food-header-logo.png\",\"contentUrl\":\"https:\\\/\\\/yasminfood.ch\\\/wp-content\\\/uploads\\\/2025\\\/05\\\/yasmin-food-header-logo.png\",\"width\":330,\"height\":120,\"caption\":\"\u064a\u0627\u0633\u0645\u064a\u0646 \u0645\u0627\u0631\u0643\u062a\"},\"image\":{\"@id\":\"https:\\\/\\\/yasminfood.ch\\\/de\\\/#\\\/schema\\\/logo\\\/image\\\/\"},\"sameAs\":[\"https:\\\/\\\/www.facebook.com\\\/yasminmarkt1\",\"https:\\\/\\\/www.tiktok.com\\\/@yasminmarkt\",\"https:\\\/\\\/www.instagram.com\\\/yasmin.markt1\\\/\",\"https:\\\/\\\/api.whatsapp.com\\\/send\\\/?phone=41799000104\"],\"publishingPrinciples\":\"https:\\\/\\\/yasminfood.ch\\\/de\\\/shop\\\/\",\"ownershipFundingInfo\":\"https:\\\/\\\/yasminfood.ch\\\/de\\\/shop\\\/\"}]}<\/script>\n<meta property=\"product:price:amount\" content=\"32.00\" \/>\n<meta property=\"product:price:currency\" content=\"CHF\" \/>\n<meta property=\"og:availability\" content=\"instock\" \/>\n<meta property=\"product:availability\" content=\"instock\" \/>\n<meta property=\"product:condition\" content=\"new\" \/>\n<!-- \/ Yoast SEO Premium plugin. -->","yoast_head_json":{"title":"Arabischer Kaffee Dallah Klein 1 - Yasmin Food","description":"Verleihen Sie Ihren Veranstaltungen mit 1 kleinen arabischen Kaffeekanne eine einzigartige Note. Perfekt zum Servieren von Kaffee bei privaten und famili\u00e4ren Anl\u00e4ssen. \ud83c\udf89 Yasmin Food Arabischer Kaffee Dallah Klein 1","robots":{"index":"index","follow":"follow","max-snippet":"max-snippet:-1","max-image-preview":"max-image-preview:large","max-video-preview":"max-video-preview:-1"},"canonical":"https:\/\/yasminfood.ch\/de\/product\/arabischer-kaffee-dallah-klein-1\/","og_locale":"de_DE","og_type":"article","og_title":"Arabischer Kaffee Dallah Klein 1","og_description":"1 kleine arabische Kaffeekanne mit elegantem Heritage-Design und unverwechselbarer k\u00fcnstlerischer Note, um Kaffee mit authentischem Charakter zu pr\u00e4sentieren.","og_url":"https:\/\/yasminfood.ch\/de\/product\/arabischer-kaffee-dallah-klein-1\/","og_site_name":"Yasmin Food","article_publisher":"https:\/\/www.facebook.com\/yasminmarkt1","og_image":[{"width":1755,"height":1755,"url":"https:\/\/yasminfood.ch\/wp-content\/uploads\/2025\/06\/\u062f\u0644\u0629-\u0642\u0647\u0648\u0629-\u0639\u0631\u0628\u064a\u0629-\u0635\u063a\u064a\u0631-\u0639\u062f\u062f-1.png","type":"image\/png"}],"twitter_card":"summary_large_image","twitter_misc":{"Preis":"32.00&nbsp;&#67;&#72;&#70;","Verf\u00fcgbarkeit":"Auf Lager"},"schema":{"@context":"https:\/\/schema.org","@graph":[{"@type":"WebPage","@id":"https:\/\/yasminfood.ch\/de\/product\/arabischer-kaffee-dallah-klein-1\/","url":"https:\/\/yasminfood.ch\/de\/product\/arabischer-kaffee-dallah-klein-1\/","name":"Arabischer Kaffee Dallah Klein 1 - Yasmin Food","isPartOf":{"@id":"https:\/\/yasminfood.ch\/de\/#website"},"primaryImageOfPage":{"@id":"https:\/\/yasminfood.ch\/de\/product\/arabischer-kaffee-dallah-klein-1\/#primaryimage"},"image":{"@id":"https:\/\/yasminfood.ch\/de\/product\/arabischer-kaffee-dallah-klein-1\/#primaryimage"},"thumbnailUrl":"https:\/\/yasminfood.ch\/wp-content\/uploads\/2025\/06\/\u062f\u0644\u0629-\u0642\u0647\u0648\u0629-\u0639\u0631\u0628\u064a\u0629-\u0635\u063a\u064a\u0631-\u0639\u062f\u062f-1.png","datePublished":"2025-06-25T14:36:18+00:00","description":"Verleihen Sie Ihren Veranstaltungen mit 1 kleinen arabischen Kaffeekanne eine einzigartige Note. Perfekt zum Servieren von Kaffee bei privaten und famili\u00e4ren Anl\u00e4ssen. \ud83c\udf89 Yasmin Food Arabischer Kaffee Dallah Klein 1","breadcrumb":{"@id":"https:\/\/yasminfood.ch\/de\/product\/arabischer-kaffee-dallah-klein-1\/#breadcrumb"},"inLanguage":"de","potentialAction":[{"@type":"ReadAction","target":["https:\/\/yasminfood.ch\/de\/product\/arabischer-kaffee-dallah-klein-1\/"]}]},{"@type":"ImageObject","inLanguage":"de","@id":"https:\/\/yasminfood.ch\/de\/product\/arabischer-kaffee-dallah-klein-1\/#primaryimage","url":"https:\/\/yasminfood.ch\/wp-content\/uploads\/2025\/06\/\u062f\u0644\u0629-\u0642\u0647\u0648\u0629-\u0639\u0631\u0628\u064a\u0629-\u0635\u063a\u064a\u0631-\u0639\u062f\u062f-1.png","contentUrl":"https:\/\/yasminfood.ch\/wp-content\/uploads\/2025\/06\/\u062f\u0644\u0629-\u0642\u0647\u0648\u0629-\u0639\u0631\u0628\u064a\u0629-\u0635\u063a\u064a\u0631-\u0639\u062f\u062f-1.png","width":1755,"height":1755,"caption":"_ Kleiner arabischer Kaffee Dallah x 1"},{"@type":"BreadcrumbList","@id":"https:\/\/yasminfood.ch\/de\/product\/arabischer-kaffee-dallah-klein-1\/#breadcrumb","itemListElement":[{"@type":"ListItem","position":1,"name":"\u0627\u0644\u0631\u0626\u064a\u0633\u064a\u0629","item":"https:\/\/yasminfood.ch\/de\/zuhause\/"},{"@type":"ListItem","position":2,"name":"Shop","item":"https:\/\/yasminfood.ch\/de\/shop\/"},{"@type":"ListItem","position":3,"name":"Nonfood","item":"https:\/\/yasminfood.ch\/de\/produkt-kategorie\/nonfood\/"},{"@type":"ListItem","position":4,"name":"Arabischer Kaffee Dallah Klein 1"}]},{"@type":"WebSite","@id":"https:\/\/yasminfood.ch\/de\/#website","url":"https:\/\/yasminfood.ch\/de\/","name":"\u064a\u0627\u0633\u0645\u064a\u0646 \u0645\u0627\u0631\u0643\u062a","description":"Alles, was Sie brauchen, an einem Ort","publisher":{"@id":"https:\/\/yasminfood.ch\/de\/#organization"},"alternateName":"Yasmin Food","potentialAction":[{"@type":"SearchAction","target":{"@type":"EntryPoint","urlTemplate":"https:\/\/yasminfood.ch\/de\/?s={search_term_string}"},"query-input":{"@type":"PropertyValueSpecification","valueRequired":true,"valueName":"search_term_string"}}],"inLanguage":"de"},{"@type":"Organization","@id":"https:\/\/yasminfood.ch\/de\/#organization","name":"\u064a\u0627\u0633\u0645\u064a\u0646 \u0645\u0627\u0631\u0643\u062a","alternateName":"Yasmin Food","url":"https:\/\/yasminfood.ch\/de\/","logo":{"@type":"ImageObject","inLanguage":"de","@id":"https:\/\/yasminfood.ch\/de\/#\/schema\/logo\/image\/","url":"https:\/\/yasminfood.ch\/wp-content\/uploads\/2025\/05\/yasmin-food-header-logo.png","contentUrl":"https:\/\/yasminfood.ch\/wp-content\/uploads\/2025\/05\/yasmin-food-header-logo.png","width":330,"height":120,"caption":"\u064a\u0627\u0633\u0645\u064a\u0646 \u0645\u0627\u0631\u0643\u062a"},"image":{"@id":"https:\/\/yasminfood.ch\/de\/#\/schema\/logo\/image\/"},"sameAs":["https:\/\/www.facebook.com\/yasminmarkt1","https:\/\/www.tiktok.com\/@yasminmarkt","https:\/\/www.instagram.com\/yasmin.markt1\/","https:\/\/api.whatsapp.com\/send\/?phone=41799000104"],"publishingPrinciples":"https:\/\/yasminfood.ch\/de\/shop\/","ownershipFundingInfo":"https:\/\/yasminfood.ch\/de\/shop\/"}]},"product_price_amount":"32.00","product_price_currency":"CHF","og_availability":"instock","product_availability":"instock","product_condition":"new"},"jetpack_sharing_enabled":true,"_links":{"self":[{"href":"https:\/\/yasminfood.ch\/de\/wp-json\/wp\/v2\/product\/117821","targetHints":{"allow":["GET"]}}],"collection":[{"href":"https:\/\/yasminfood.ch\/de\/wp-json\/wp\/v2\/product"}],"about":[{"href":"https:\/\/yasminfood.ch\/de\/wp-json\/wp\/v2\/types\/product"}],"replies":[{"embeddable":true,"href":"https:\/\/yasminfood.ch\/de\/wp-json\/wp\/v2\/comments?post=117821"}],"version-history":[{"count":0,"href":"https:\/\/yasminfood.ch\/de\/wp-json\/wp\/v2\/product\/117821\/revisions"}],"wp:featuredmedia":[{"embeddable":true,"href":"https:\/\/yasminfood.ch\/de\/wp-json\/wp\/v2\/media\/117686"}],"wp:attachment":[{"href":"https:\/\/yasminfood.ch\/de\/wp-json\/wp\/v2\/media?parent=117821"}],"wp:term":[{"taxonomy":"product_brand","embeddable":true,"href":"https:\/\/yasminfood.ch\/de\/wp-json\/wp\/v2\/product_brand?post=117821"},{"taxonomy":"product_cat","embeddable":true,"href":"https:\/\/yasminfood.ch\/de\/wp-json\/wp\/v2\/product_cat?post=117821"},{"taxonomy":"product_tag","embeddable":true,"href":"https:\/\/yasminfood.ch\/de\/wp-json\/wp\/v2\/product_tag?post=117821"}],"curies":[{"name":"wp","href":"https:\/\/api.w.org\/{rel}","templated":true}]}}