{"id":117824,"date":"2025-06-25T15:46:27","date_gmt":"2025-06-25T14:36:32","guid":{"rendered":"https:\/\/yasminfood.ch\/product\/arabischer-kaffee-dallah-gross-1-stueck\/"},"modified":"2025-06-25T16:36:32","modified_gmt":"2025-06-25T14:36:32","slug":"arabischer-kaffee-dallah-gross-1-stueck","status":"publish","type":"product","link":"https:\/\/yasminfood.ch\/de\/product\/arabischer-kaffee-dallah-gross-1-stueck\/","title":{"rendered":"Arabischer Kaffee Dallah Gro\u00df 1 St\u00fcck"},"content":{"rendered":"<p><strong>Arabischer Kaffee Dallah Gro\u00df 1 St\u00fcck  <\/strong><\/p>\n<ul>\n<li>Sorgf\u00e4ltig aus hochwertigen Materialien gefertigt,<\/li>\n<li>Eine arabische Kaffeekanne mit atemberaubenden arabischen Motiven verleiht den Kaffeesessions einen Hauch von Luxus.<\/li>\n<li>\n<p data-start=\"241\" data-end=\"450\">Bringen Sie Ihre Gastfreundschaft auf ein neues Niveau \u2013 ein historisches Meisterwerk, das raffinierten Geschmack und Zweckm\u00e4\u00dfigkeit vereint.<\/p>\n<\/li>\n<li data-start=\"452\" data-end=\"565\">Dank seiner Gr\u00f6\u00dfe ist er ideal f\u00fcr das Servieren gr\u00f6\u00dferer Kaffeemengen bei Banketten, Veranstaltungen oder Familiensitzungen.  <\/li>\n<\/ul>\n<p data-start=\"567\" data-end=\"786\">\u2714\ufe0f <strong data-start=\"570\" data-end=\"610\">Luxuri\u00f6ses Design, das das authentische arabische Erbe widerspiegelt<\/strong><br data-start=\"610\" data-end=\"613\">\u2714\ufe0f <strong data-start=\"616\" data-end=\"654\">Gro\u00dfe Kapazit\u00e4t, ideal f\u00fcr Veranstaltungen und G\u00e4ste<\/strong><br data-start=\"654\" data-end=\"657\">\u2714\ufe0f <strong data-start=\"660\" data-end=\"693\">Ergonomischer Ledergriff und sicher zu bedienen<\/strong><br data-start=\"693\" data-end=\"696\">\u2714\ufe0f <strong data-start=\"699\" data-end=\"736\">Hergestellt aus strapazierf\u00e4higem rostfreiem Material<\/strong><br data-start=\"736\" data-end=\"739\">\u2714\ufe0f <strong data-start=\"742\" data-end=\"786\">Ein elegantes St\u00fcck, das sich auch als unverwechselbares Heritage-Geschenk eignet<\/strong><\/p>\n<p data-start=\"788\" data-end=\"870\"><strong data-start=\"788\" data-end=\"804\">Anzahl der Teile: 1<\/strong><br data-start=\"804\" data-end=\"807\"><strong data-start=\"807\" data-end=\"822\">Gr\u00f6\u00dfe: Gro\u00df <\/strong><br data-start=\"822\" data-end=\"825\"><strong data-start=\"825\" data-end=\"870\">Verwendung: Serviert traditionellen arabischen Kaffee <\/strong><\/p>\n","protected":false},"excerpt":{"rendered":"<p><strong>Gro\u00dfe arabische Kaffeekanne x 1 <\/strong>mit luxuri\u00f6sem Design und Servierkapazit\u00e4t f\u00fcr eine unvergessliche Gastfreundschaft.<\/p>\n","protected":false},"featured_media":117692,"comment_status":"open","ping_status":"closed","template":"","meta":[],"product_brand":[],"product_cat":[904,388],"product_tag":[],"class_list":{"0":"post-117824","1":"product","2":"type-product","3":"status-publish","4":"has-post-thumbnail","6":"product_cat-kuechenutensilien","7":"product_cat-nonfood","9":"first","10":"instock","11":"taxable","12":"shipping-taxable","13":"purchasable","14":"product-type-simple"},"yoast_head":"<!-- This site is optimized with the Yoast SEO Premium plugin v26.5 (Yoast SEO v27.5) - https:\/\/yoast.com\/product\/yoast-seo-premium-wordpress\/ -->\n<title>Arabischer Kaffee Dallah Gro\u00df 1 St\u00fcck - Yasmin Food<\/title>\n<meta name=\"description\" content=\"Steigern Sie Ihre Gastfreundschaft mit einer gro\u00dfen arabischen Kaffeekanne x 1, einem atemberaubenden Meisterwerk, das Luxus und Leistung vereint. Genie\u00dfen Sie es, Ihren Lieben Kaffee zu servieren! Yasmin Food\" \/>\n<meta name=\"robots\" content=\"index, follow, max-snippet:-1, max-image-preview:large, max-video-preview:-1\" \/>\n<link rel=\"canonical\" href=\"https:\/\/yasminfood.ch\/de\/product\/arabischer-kaffee-dallah-gross-1-stueck\/\" \/>\n<meta property=\"og:locale\" content=\"de_DE\" \/>\n<meta property=\"og:type\" content=\"article\" \/>\n<meta property=\"og:title\" content=\"Arabischer Kaffee Dallah Gro\u00df 1 St\u00fcck\" \/>\n<meta property=\"og:description\" content=\"Gro\u00dfe arabische Kaffeekanne x 1 mit luxuri\u00f6sem Design und Servierkapazit\u00e4t f\u00fcr eine unvergessliche Gastfreundschaft.\" \/>\n<meta property=\"og:url\" content=\"https:\/\/yasminfood.ch\/de\/product\/arabischer-kaffee-dallah-gross-1-stueck\/\" \/>\n<meta property=\"og:site_name\" content=\"Yasmin Food\" \/>\n<meta property=\"article:publisher\" content=\"https:\/\/www.facebook.com\/yasminmarkt1\" \/>\n<meta property=\"og:image\" content=\"https:\/\/yasminfood.ch\/wp-content\/uploads\/2025\/06\/\u062f\u0644\u0629-\u0642\u0647\u0648\u0629-\u0639\u0631\u0628\u064a\u0629-\u0643\u0628\u064a\u0631-\u0639\u062f\u062f-1.png\" \/>\n\t<meta property=\"og:image:width\" content=\"1755\" \/>\n\t<meta property=\"og:image:height\" content=\"1755\" \/>\n\t<meta property=\"og:image:type\" content=\"image\/png\" \/>\n<meta name=\"twitter:card\" content=\"summary_large_image\" \/>\n<meta name=\"twitter:label1\" content=\"Preis\" \/>\n\t<meta name=\"twitter:data1\" content=\"47.00&nbsp;&#067;&#072;&#070;\" \/>\n\t<meta name=\"twitter:label2\" content=\"Verf\u00fcgbarkeit\" \/>\n\t<meta name=\"twitter:data2\" content=\"Auf Lager\" \/>\n<script type=\"application\/ld+json\" class=\"yoast-schema-graph\">{\"@context\":\"https:\\\/\\\/schema.org\",\"@graph\":[{\"@type\":\"WebPage\",\"@id\":\"https:\\\/\\\/yasminfood.ch\\\/de\\\/product\\\/arabischer-kaffee-dallah-gross-1-stueck\\\/\",\"url\":\"https:\\\/\\\/yasminfood.ch\\\/de\\\/product\\\/arabischer-kaffee-dallah-gross-1-stueck\\\/\",\"name\":\"Arabischer Kaffee Dallah Gro\u00df 1 St\u00fcck - Yasmin Food\",\"isPartOf\":{\"@id\":\"https:\\\/\\\/yasminfood.ch\\\/de\\\/#website\"},\"primaryImageOfPage\":{\"@id\":\"https:\\\/\\\/yasminfood.ch\\\/de\\\/product\\\/arabischer-kaffee-dallah-gross-1-stueck\\\/#primaryimage\"},\"image\":{\"@id\":\"https:\\\/\\\/yasminfood.ch\\\/de\\\/product\\\/arabischer-kaffee-dallah-gross-1-stueck\\\/#primaryimage\"},\"thumbnailUrl\":\"https:\\\/\\\/yasminfood.ch\\\/wp-content\\\/uploads\\\/2025\\\/06\\\/\u062f\u0644\u0629-\u0642\u0647\u0648\u0629-\u0639\u0631\u0628\u064a\u0629-\u0643\u0628\u064a\u0631-\u0639\u062f\u062f-1.png\",\"datePublished\":\"2025-06-25T14:36:32+00:00\",\"description\":\"Steigern Sie Ihre Gastfreundschaft mit einer gro\u00dfen arabischen Kaffeekanne x 1, einem atemberaubenden Meisterwerk, das Luxus und Leistung vereint. Genie\u00dfen Sie es, Ihren Lieben Kaffee zu servieren! Yasmin Food\",\"breadcrumb\":{\"@id\":\"https:\\\/\\\/yasminfood.ch\\\/de\\\/product\\\/arabischer-kaffee-dallah-gross-1-stueck\\\/#breadcrumb\"},\"inLanguage\":\"de\",\"potentialAction\":[{\"@type\":\"ReadAction\",\"target\":[\"https:\\\/\\\/yasminfood.ch\\\/de\\\/product\\\/arabischer-kaffee-dallah-gross-1-stueck\\\/\"]}]},{\"@type\":\"ImageObject\",\"inLanguage\":\"de\",\"@id\":\"https:\\\/\\\/yasminfood.ch\\\/de\\\/product\\\/arabischer-kaffee-dallah-gross-1-stueck\\\/#primaryimage\",\"url\":\"https:\\\/\\\/yasminfood.ch\\\/wp-content\\\/uploads\\\/2025\\\/06\\\/\u062f\u0644\u0629-\u0642\u0647\u0648\u0629-\u0639\u0631\u0628\u064a\u0629-\u0643\u0628\u064a\u0631-\u0639\u062f\u062f-1.png\",\"contentUrl\":\"https:\\\/\\\/yasminfood.ch\\\/wp-content\\\/uploads\\\/2025\\\/06\\\/\u062f\u0644\u0629-\u0642\u0647\u0648\u0629-\u0639\u0631\u0628\u064a\u0629-\u0643\u0628\u064a\u0631-\u0639\u062f\u062f-1.png\",\"width\":1755,\"height\":1755,\"caption\":\"Arabischer Kaffee Dallah Gro\u00df 1 St\u00fcck\"},{\"@type\":\"BreadcrumbList\",\"@id\":\"https:\\\/\\\/yasminfood.ch\\\/de\\\/product\\\/arabischer-kaffee-dallah-gross-1-stueck\\\/#breadcrumb\",\"itemListElement\":[{\"@type\":\"ListItem\",\"position\":1,\"name\":\"\u0627\u0644\u0631\u0626\u064a\u0633\u064a\u0629\",\"item\":\"https:\\\/\\\/yasminfood.ch\\\/de\\\/zuhause\\\/\"},{\"@type\":\"ListItem\",\"position\":2,\"name\":\"Shop\",\"item\":\"https:\\\/\\\/yasminfood.ch\\\/de\\\/shop\\\/\"},{\"@type\":\"ListItem\",\"position\":3,\"name\":\"Nonfood\",\"item\":\"https:\\\/\\\/yasminfood.ch\\\/de\\\/produkt-kategorie\\\/nonfood\\\/\"},{\"@type\":\"ListItem\",\"position\":4,\"name\":\"Arabischer Kaffee Dallah Gro\u00df 1 St\u00fcck\"}]},{\"@type\":\"WebSite\",\"@id\":\"https:\\\/\\\/yasminfood.ch\\\/de\\\/#website\",\"url\":\"https:\\\/\\\/yasminfood.ch\\\/de\\\/\",\"name\":\"\u064a\u0627\u0633\u0645\u064a\u0646 \u0645\u0627\u0631\u0643\u062a\",\"description\":\"Alles, was Sie brauchen, an einem Ort\",\"publisher\":{\"@id\":\"https:\\\/\\\/yasminfood.ch\\\/de\\\/#organization\"},\"alternateName\":\"Yasmin Food\",\"potentialAction\":[{\"@type\":\"SearchAction\",\"target\":{\"@type\":\"EntryPoint\",\"urlTemplate\":\"https:\\\/\\\/yasminfood.ch\\\/de\\\/?s={search_term_string}\"},\"query-input\":{\"@type\":\"PropertyValueSpecification\",\"valueRequired\":true,\"valueName\":\"search_term_string\"}}],\"inLanguage\":\"de\"},{\"@type\":\"Organization\",\"@id\":\"https:\\\/\\\/yasminfood.ch\\\/de\\\/#organization\",\"name\":\"\u064a\u0627\u0633\u0645\u064a\u0646 \u0645\u0627\u0631\u0643\u062a\",\"alternateName\":\"Yasmin Food\",\"url\":\"https:\\\/\\\/yasminfood.ch\\\/de\\\/\",\"logo\":{\"@type\":\"ImageObject\",\"inLanguage\":\"de\",\"@id\":\"https:\\\/\\\/yasminfood.ch\\\/de\\\/#\\\/schema\\\/logo\\\/image\\\/\",\"url\":\"https:\\\/\\\/yasminfood.ch\\\/wp-content\\\/uploads\\\/2025\\\/05\\\/yasmin-food-header-logo.png\",\"contentUrl\":\"https:\\\/\\\/yasminfood.ch\\\/wp-content\\\/uploads\\\/2025\\\/05\\\/yasmin-food-header-logo.png\",\"width\":330,\"height\":120,\"caption\":\"\u064a\u0627\u0633\u0645\u064a\u0646 \u0645\u0627\u0631\u0643\u062a\"},\"image\":{\"@id\":\"https:\\\/\\\/yasminfood.ch\\\/de\\\/#\\\/schema\\\/logo\\\/image\\\/\"},\"sameAs\":[\"https:\\\/\\\/www.facebook.com\\\/yasminmarkt1\",\"https:\\\/\\\/www.tiktok.com\\\/@yasminmarkt\",\"https:\\\/\\\/www.instagram.com\\\/yasmin.markt1\\\/\",\"https:\\\/\\\/api.whatsapp.com\\\/send\\\/?phone=41799000104\"],\"publishingPrinciples\":\"https:\\\/\\\/yasminfood.ch\\\/de\\\/shop\\\/\",\"ownershipFundingInfo\":\"https:\\\/\\\/yasminfood.ch\\\/de\\\/shop\\\/\"}]}<\/script>\n<meta property=\"product:price:amount\" content=\"47.00\" \/>\n<meta property=\"product:price:currency\" content=\"CHF\" \/>\n<meta property=\"og:availability\" content=\"instock\" \/>\n<meta property=\"product:availability\" content=\"instock\" \/>\n<meta property=\"product:condition\" content=\"new\" \/>\n<!-- \/ Yoast SEO Premium plugin. -->","yoast_head_json":{"title":"Arabischer Kaffee Dallah Gro\u00df 1 St\u00fcck - Yasmin Food","description":"Steigern Sie Ihre Gastfreundschaft mit einer gro\u00dfen arabischen Kaffeekanne x 1, einem atemberaubenden Meisterwerk, das Luxus und Leistung vereint. Genie\u00dfen Sie es, Ihren Lieben Kaffee zu servieren! Yasmin Food","robots":{"index":"index","follow":"follow","max-snippet":"max-snippet:-1","max-image-preview":"max-image-preview:large","max-video-preview":"max-video-preview:-1"},"canonical":"https:\/\/yasminfood.ch\/de\/product\/arabischer-kaffee-dallah-gross-1-stueck\/","og_locale":"de_DE","og_type":"article","og_title":"Arabischer Kaffee Dallah Gro\u00df 1 St\u00fcck","og_description":"Gro\u00dfe arabische Kaffeekanne x 1 mit luxuri\u00f6sem Design und Servierkapazit\u00e4t f\u00fcr eine unvergessliche Gastfreundschaft.","og_url":"https:\/\/yasminfood.ch\/de\/product\/arabischer-kaffee-dallah-gross-1-stueck\/","og_site_name":"Yasmin Food","article_publisher":"https:\/\/www.facebook.com\/yasminmarkt1","og_image":[{"width":1755,"height":1755,"url":"https:\/\/yasminfood.ch\/wp-content\/uploads\/2025\/06\/\u062f\u0644\u0629-\u0642\u0647\u0648\u0629-\u0639\u0631\u0628\u064a\u0629-\u0643\u0628\u064a\u0631-\u0639\u062f\u062f-1.png","type":"image\/png"}],"twitter_card":"summary_large_image","twitter_misc":{"Preis":"47.00&nbsp;&#67;&#72;&#70;","Verf\u00fcgbarkeit":"Auf Lager"},"schema":{"@context":"https:\/\/schema.org","@graph":[{"@type":"WebPage","@id":"https:\/\/yasminfood.ch\/de\/product\/arabischer-kaffee-dallah-gross-1-stueck\/","url":"https:\/\/yasminfood.ch\/de\/product\/arabischer-kaffee-dallah-gross-1-stueck\/","name":"Arabischer Kaffee Dallah Gro\u00df 1 St\u00fcck - Yasmin Food","isPartOf":{"@id":"https:\/\/yasminfood.ch\/de\/#website"},"primaryImageOfPage":{"@id":"https:\/\/yasminfood.ch\/de\/product\/arabischer-kaffee-dallah-gross-1-stueck\/#primaryimage"},"image":{"@id":"https:\/\/yasminfood.ch\/de\/product\/arabischer-kaffee-dallah-gross-1-stueck\/#primaryimage"},"thumbnailUrl":"https:\/\/yasminfood.ch\/wp-content\/uploads\/2025\/06\/\u062f\u0644\u0629-\u0642\u0647\u0648\u0629-\u0639\u0631\u0628\u064a\u0629-\u0643\u0628\u064a\u0631-\u0639\u062f\u062f-1.png","datePublished":"2025-06-25T14:36:32+00:00","description":"Steigern Sie Ihre Gastfreundschaft mit einer gro\u00dfen arabischen Kaffeekanne x 1, einem atemberaubenden Meisterwerk, das Luxus und Leistung vereint. Genie\u00dfen Sie es, Ihren Lieben Kaffee zu servieren! Yasmin Food","breadcrumb":{"@id":"https:\/\/yasminfood.ch\/de\/product\/arabischer-kaffee-dallah-gross-1-stueck\/#breadcrumb"},"inLanguage":"de","potentialAction":[{"@type":"ReadAction","target":["https:\/\/yasminfood.ch\/de\/product\/arabischer-kaffee-dallah-gross-1-stueck\/"]}]},{"@type":"ImageObject","inLanguage":"de","@id":"https:\/\/yasminfood.ch\/de\/product\/arabischer-kaffee-dallah-gross-1-stueck\/#primaryimage","url":"https:\/\/yasminfood.ch\/wp-content\/uploads\/2025\/06\/\u062f\u0644\u0629-\u0642\u0647\u0648\u0629-\u0639\u0631\u0628\u064a\u0629-\u0643\u0628\u064a\u0631-\u0639\u062f\u062f-1.png","contentUrl":"https:\/\/yasminfood.ch\/wp-content\/uploads\/2025\/06\/\u062f\u0644\u0629-\u0642\u0647\u0648\u0629-\u0639\u0631\u0628\u064a\u0629-\u0643\u0628\u064a\u0631-\u0639\u062f\u062f-1.png","width":1755,"height":1755,"caption":"Arabischer Kaffee Dallah Gro\u00df 1 St\u00fcck"},{"@type":"BreadcrumbList","@id":"https:\/\/yasminfood.ch\/de\/product\/arabischer-kaffee-dallah-gross-1-stueck\/#breadcrumb","itemListElement":[{"@type":"ListItem","position":1,"name":"\u0627\u0644\u0631\u0626\u064a\u0633\u064a\u0629","item":"https:\/\/yasminfood.ch\/de\/zuhause\/"},{"@type":"ListItem","position":2,"name":"Shop","item":"https:\/\/yasminfood.ch\/de\/shop\/"},{"@type":"ListItem","position":3,"name":"Nonfood","item":"https:\/\/yasminfood.ch\/de\/produkt-kategorie\/nonfood\/"},{"@type":"ListItem","position":4,"name":"Arabischer Kaffee Dallah Gro\u00df 1 St\u00fcck"}]},{"@type":"WebSite","@id":"https:\/\/yasminfood.ch\/de\/#website","url":"https:\/\/yasminfood.ch\/de\/","name":"\u064a\u0627\u0633\u0645\u064a\u0646 \u0645\u0627\u0631\u0643\u062a","description":"Alles, was Sie brauchen, an einem Ort","publisher":{"@id":"https:\/\/yasminfood.ch\/de\/#organization"},"alternateName":"Yasmin Food","potentialAction":[{"@type":"SearchAction","target":{"@type":"EntryPoint","urlTemplate":"https:\/\/yasminfood.ch\/de\/?s={search_term_string}"},"query-input":{"@type":"PropertyValueSpecification","valueRequired":true,"valueName":"search_term_string"}}],"inLanguage":"de"},{"@type":"Organization","@id":"https:\/\/yasminfood.ch\/de\/#organization","name":"\u064a\u0627\u0633\u0645\u064a\u0646 \u0645\u0627\u0631\u0643\u062a","alternateName":"Yasmin Food","url":"https:\/\/yasminfood.ch\/de\/","logo":{"@type":"ImageObject","inLanguage":"de","@id":"https:\/\/yasminfood.ch\/de\/#\/schema\/logo\/image\/","url":"https:\/\/yasminfood.ch\/wp-content\/uploads\/2025\/05\/yasmin-food-header-logo.png","contentUrl":"https:\/\/yasminfood.ch\/wp-content\/uploads\/2025\/05\/yasmin-food-header-logo.png","width":330,"height":120,"caption":"\u064a\u0627\u0633\u0645\u064a\u0646 \u0645\u0627\u0631\u0643\u062a"},"image":{"@id":"https:\/\/yasminfood.ch\/de\/#\/schema\/logo\/image\/"},"sameAs":["https:\/\/www.facebook.com\/yasminmarkt1","https:\/\/www.tiktok.com\/@yasminmarkt","https:\/\/www.instagram.com\/yasmin.markt1\/","https:\/\/api.whatsapp.com\/send\/?phone=41799000104"],"publishingPrinciples":"https:\/\/yasminfood.ch\/de\/shop\/","ownershipFundingInfo":"https:\/\/yasminfood.ch\/de\/shop\/"}]},"product_price_amount":"47.00","product_price_currency":"CHF","og_availability":"instock","product_availability":"instock","product_condition":"new"},"jetpack_sharing_enabled":true,"_links":{"self":[{"href":"https:\/\/yasminfood.ch\/de\/wp-json\/wp\/v2\/product\/117824","targetHints":{"allow":["GET"]}}],"collection":[{"href":"https:\/\/yasminfood.ch\/de\/wp-json\/wp\/v2\/product"}],"about":[{"href":"https:\/\/yasminfood.ch\/de\/wp-json\/wp\/v2\/types\/product"}],"replies":[{"embeddable":true,"href":"https:\/\/yasminfood.ch\/de\/wp-json\/wp\/v2\/comments?post=117824"}],"version-history":[{"count":0,"href":"https:\/\/yasminfood.ch\/de\/wp-json\/wp\/v2\/product\/117824\/revisions"}],"wp:featuredmedia":[{"embeddable":true,"href":"https:\/\/yasminfood.ch\/de\/wp-json\/wp\/v2\/media\/117692"}],"wp:attachment":[{"href":"https:\/\/yasminfood.ch\/de\/wp-json\/wp\/v2\/media?parent=117824"}],"wp:term":[{"taxonomy":"product_brand","embeddable":true,"href":"https:\/\/yasminfood.ch\/de\/wp-json\/wp\/v2\/product_brand?post=117824"},{"taxonomy":"product_cat","embeddable":true,"href":"https:\/\/yasminfood.ch\/de\/wp-json\/wp\/v2\/product_cat?post=117824"},{"taxonomy":"product_tag","embeddable":true,"href":"https:\/\/yasminfood.ch\/de\/wp-json\/wp\/v2\/product_tag?post=117824"}],"curies":[{"name":"wp","href":"https:\/\/api.w.org\/{rel}","templated":true}]}}