{"id":117843,"date":"2025-06-25T19:34:25","date_gmt":"2025-06-25T17:34:25","guid":{"rendered":"https:\/\/yasminfood.ch\/product\/shampoo-hamool-400-ml\/"},"modified":"2025-06-25T19:49:13","modified_gmt":"2025-06-25T17:49:13","slug":"shampoo-hamool-400-ml","status":"publish","type":"product","link":"https:\/\/yasminfood.ch\/de\/product\/shampoo-hamool-400-ml\/","title":{"rendered":"Shampoo Hamool 400 ml"},"content":{"rendered":"<p>Shampoo Hamool 400 ml<\/p>\n<ul>\n<li>Holen Sie sich eine effektive t\u00e4gliche Pflege, die f\u00fcr alle Haartypen geeignet ist.<br \/>\nDie ausgewogene Formel reinigt sanft die Kopfhaut und das Haar, hilft, \u00fcbersch\u00fcssiges \u00d6l und Unreinheiten zu entfernen, w\u00e4hrend das Haar auf nat\u00fcrliche Weise mit Feuchtigkeit versorgt wird.<br \/>\nHamoul Shampoo ist bekannt f\u00fcr seine leichte Formel, die f\u00fcr den h\u00e4ufigen Gebrauch geeignet ist, was es zu einer idealen Wahl macht <\/li>\n<\/ul>\n<p>Au\u00dferdem macht es das Haar sauber, weich und k\u00e4mmbar, ohne die Kopfhaut auszutrocknen oder zu reizen.<br \/>\n\u2714\ufe0f Geeignet f\u00fcr alle Haartypen<br \/>\n\u2714\ufe0f Reinigt sanft und verleiht ein Gef\u00fchl von Frische Leichte<br \/>\n\u2714\ufe0f und sanfte Formel auf der Kopfhaut<br \/>\n\u2714\ufe0f Ideal f\u00fcr den t\u00e4glichen<br \/>\n\u2714\ufe0f Gebrauch Praktische 400-ml-Flasche \u2013 einfach zu verwenden und zu lagern <\/p>\n","protected":false},"excerpt":{"rendered":"<p>Hamool Shampoo 400 ml sanfte Formel reinigt das Haar sanft und macht es weich und frisch<\/p>\n","protected":false},"featured_media":117731,"comment_status":"open","ping_status":"closed","template":"","meta":[],"product_brand":[],"product_cat":[916,388],"product_tag":[],"class_list":{"0":"post-117843","1":"product","2":"type-product","3":"status-publish","4":"has-post-thumbnail","6":"product_cat-gesundheit-schoenheit","7":"product_cat-nonfood","9":"first","10":"instock","11":"taxable","12":"shipping-taxable","13":"purchasable","14":"product-type-simple"},"yoast_head":"<!-- This site is optimized with the Yoast SEO Premium plugin v26.5 (Yoast SEO v27.3) - https:\/\/yoast.com\/product\/yoast-seo-premium-wordpress\/ -->\n<title>Shampoo Hamool 400 ml - Yasmin Food<\/title>\n<meta name=\"description\" content=\"Genie\u00dfen Sie die t\u00e4gliche Pflege mit Hamool Shampoo 400ml, es ist f\u00fcr alle Haartypen geeignet und hat eine leichte Formel. Holen Sie es sich jetzt und genie\u00dfen Sie feines Haar! Shampoo Hamool 400 ml\" \/>\n<meta name=\"robots\" content=\"index, follow, max-snippet:-1, max-image-preview:large, max-video-preview:-1\" \/>\n<link rel=\"canonical\" href=\"https:\/\/yasminfood.ch\/de\/product\/shampoo-hamool-400-ml\/\" \/>\n<meta property=\"og:locale\" content=\"de_DE\" \/>\n<meta property=\"og:type\" content=\"article\" \/>\n<meta property=\"og:title\" content=\"Shampoo Hamool 400 ml\" \/>\n<meta property=\"og:description\" content=\"Hamool Shampoo 400 ml sanfte Formel reinigt das Haar sanft und macht es weich und frisch\" \/>\n<meta property=\"og:url\" content=\"https:\/\/yasminfood.ch\/de\/product\/shampoo-hamool-400-ml\/\" \/>\n<meta property=\"og:site_name\" content=\"Yasmin Food\" \/>\n<meta property=\"article:publisher\" content=\"https:\/\/www.facebook.com\/yasminmarkt1\" \/>\n<meta property=\"article:modified_time\" content=\"2025-06-25T17:49:13+00:00\" \/>\n<meta property=\"og:image\" content=\"https:\/\/yasminfood.ch\/wp-content\/uploads\/2025\/06\/\u0634\u0627\u0645\u0628\u0648-\u0647\u0627\u0645\u0648\u0644-400-\u0645\u0644.png\" \/>\n\t<meta property=\"og:image:width\" content=\"1755\" \/>\n\t<meta property=\"og:image:height\" content=\"1755\" \/>\n\t<meta property=\"og:image:type\" content=\"image\/png\" \/>\n<meta name=\"twitter:card\" content=\"summary_large_image\" \/>\n<meta name=\"twitter:label1\" content=\"Preis\" \/>\n\t<meta name=\"twitter:data1\" content=\"6.95&nbsp;&#067;&#072;&#070;\" \/>\n\t<meta name=\"twitter:label2\" content=\"Verf\u00fcgbarkeit\" \/>\n\t<meta name=\"twitter:data2\" content=\"Auf Lager\" \/>\n<script type=\"application\/ld+json\" class=\"yoast-schema-graph\">{\"@context\":\"https:\\\/\\\/schema.org\",\"@graph\":[{\"@type\":\"WebPage\",\"@id\":\"https:\\\/\\\/yasminfood.ch\\\/de\\\/product\\\/shampoo-hamool-400-ml\\\/\",\"url\":\"https:\\\/\\\/yasminfood.ch\\\/de\\\/product\\\/shampoo-hamool-400-ml\\\/\",\"name\":\"Shampoo Hamool 400 ml - Yasmin Food\",\"isPartOf\":{\"@id\":\"https:\\\/\\\/yasminfood.ch\\\/de\\\/#website\"},\"primaryImageOfPage\":{\"@id\":\"https:\\\/\\\/yasminfood.ch\\\/de\\\/product\\\/shampoo-hamool-400-ml\\\/#primaryimage\"},\"image\":{\"@id\":\"https:\\\/\\\/yasminfood.ch\\\/de\\\/product\\\/shampoo-hamool-400-ml\\\/#primaryimage\"},\"thumbnailUrl\":\"https:\\\/\\\/yasminfood.ch\\\/wp-content\\\/uploads\\\/2025\\\/06\\\/\u0634\u0627\u0645\u0628\u0648-\u0647\u0627\u0645\u0648\u0644-400-\u0645\u0644.png\",\"datePublished\":\"2025-06-25T17:34:25+00:00\",\"dateModified\":\"2025-06-25T17:49:13+00:00\",\"description\":\"Genie\u00dfen Sie die t\u00e4gliche Pflege mit Hamool Shampoo 400ml, es ist f\u00fcr alle Haartypen geeignet und hat eine leichte Formel. Holen Sie es sich jetzt und genie\u00dfen Sie feines Haar! Shampoo Hamool 400 ml\",\"breadcrumb\":{\"@id\":\"https:\\\/\\\/yasminfood.ch\\\/de\\\/product\\\/shampoo-hamool-400-ml\\\/#breadcrumb\"},\"inLanguage\":\"de\",\"potentialAction\":[{\"@type\":\"ReadAction\",\"target\":[\"https:\\\/\\\/yasminfood.ch\\\/de\\\/product\\\/shampoo-hamool-400-ml\\\/\"]}]},{\"@type\":\"ImageObject\",\"inLanguage\":\"de\",\"@id\":\"https:\\\/\\\/yasminfood.ch\\\/de\\\/product\\\/shampoo-hamool-400-ml\\\/#primaryimage\",\"url\":\"https:\\\/\\\/yasminfood.ch\\\/wp-content\\\/uploads\\\/2025\\\/06\\\/\u0634\u0627\u0645\u0628\u0648-\u0647\u0627\u0645\u0648\u0644-400-\u0645\u0644.png\",\"contentUrl\":\"https:\\\/\\\/yasminfood.ch\\\/wp-content\\\/uploads\\\/2025\\\/06\\\/\u0634\u0627\u0645\u0628\u0648-\u0647\u0627\u0645\u0648\u0644-400-\u0645\u0644.png\",\"width\":1755,\"height\":1755,\"caption\":\"Shampoo Hamool 400 ml\"},{\"@type\":\"BreadcrumbList\",\"@id\":\"https:\\\/\\\/yasminfood.ch\\\/de\\\/product\\\/shampoo-hamool-400-ml\\\/#breadcrumb\",\"itemListElement\":[{\"@type\":\"ListItem\",\"position\":1,\"name\":\"\u0627\u0644\u0631\u0626\u064a\u0633\u064a\u0629\",\"item\":\"https:\\\/\\\/yasminfood.ch\\\/de\\\/zuhause\\\/\"},{\"@type\":\"ListItem\",\"position\":2,\"name\":\"Shop\",\"item\":\"https:\\\/\\\/yasminfood.ch\\\/de\\\/shop\\\/\"},{\"@type\":\"ListItem\",\"position\":3,\"name\":\"Nonfood\",\"item\":\"https:\\\/\\\/yasminfood.ch\\\/de\\\/produkt-kategorie\\\/nonfood\\\/\"},{\"@type\":\"ListItem\",\"position\":4,\"name\":\"Gesundheit &amp; Sch\u00f6nheit\",\"item\":\"https:\\\/\\\/yasminfood.ch\\\/de\\\/produkt-kategorie\\\/nonfood\\\/gesundheit-schoenheit\\\/\"},{\"@type\":\"ListItem\",\"position\":5,\"name\":\"Shampoo Hamool 400 ml\"}]},{\"@type\":\"WebSite\",\"@id\":\"https:\\\/\\\/yasminfood.ch\\\/de\\\/#website\",\"url\":\"https:\\\/\\\/yasminfood.ch\\\/de\\\/\",\"name\":\"\u064a\u0627\u0633\u0645\u064a\u0646 \u0645\u0627\u0631\u0643\u062a\",\"description\":\"Alles, was Sie brauchen, an einem Ort\",\"publisher\":{\"@id\":\"https:\\\/\\\/yasminfood.ch\\\/de\\\/#organization\"},\"alternateName\":\"Yasmin Food\",\"potentialAction\":[{\"@type\":\"SearchAction\",\"target\":{\"@type\":\"EntryPoint\",\"urlTemplate\":\"https:\\\/\\\/yasminfood.ch\\\/de\\\/?s={search_term_string}\"},\"query-input\":{\"@type\":\"PropertyValueSpecification\",\"valueRequired\":true,\"valueName\":\"search_term_string\"}}],\"inLanguage\":\"de\"},{\"@type\":\"Organization\",\"@id\":\"https:\\\/\\\/yasminfood.ch\\\/de\\\/#organization\",\"name\":\"\u064a\u0627\u0633\u0645\u064a\u0646 \u0645\u0627\u0631\u0643\u062a\",\"alternateName\":\"Yasmin Food\",\"url\":\"https:\\\/\\\/yasminfood.ch\\\/de\\\/\",\"logo\":{\"@type\":\"ImageObject\",\"inLanguage\":\"de\",\"@id\":\"https:\\\/\\\/yasminfood.ch\\\/de\\\/#\\\/schema\\\/logo\\\/image\\\/\",\"url\":\"https:\\\/\\\/yasminfood.ch\\\/wp-content\\\/uploads\\\/2025\\\/05\\\/yasmin-food-header-logo.png\",\"contentUrl\":\"https:\\\/\\\/yasminfood.ch\\\/wp-content\\\/uploads\\\/2025\\\/05\\\/yasmin-food-header-logo.png\",\"width\":330,\"height\":120,\"caption\":\"\u064a\u0627\u0633\u0645\u064a\u0646 \u0645\u0627\u0631\u0643\u062a\"},\"image\":{\"@id\":\"https:\\\/\\\/yasminfood.ch\\\/de\\\/#\\\/schema\\\/logo\\\/image\\\/\"},\"sameAs\":[\"https:\\\/\\\/www.facebook.com\\\/yasminmarkt1\",\"https:\\\/\\\/www.tiktok.com\\\/@yasminmarkt\",\"https:\\\/\\\/www.instagram.com\\\/yasmin.markt1\\\/\",\"https:\\\/\\\/api.whatsapp.com\\\/send\\\/?phone=41799000104\"],\"publishingPrinciples\":\"https:\\\/\\\/yasminfood.ch\\\/de\\\/shop\\\/\",\"ownershipFundingInfo\":\"https:\\\/\\\/yasminfood.ch\\\/de\\\/shop\\\/\"}]}<\/script>\n<meta property=\"product:price:amount\" content=\"6.95\" \/>\n<meta property=\"product:price:currency\" content=\"CHF\" \/>\n<meta property=\"og:availability\" content=\"instock\" \/>\n<meta property=\"product:availability\" content=\"instock\" \/>\n<meta property=\"product:condition\" content=\"new\" \/>\n<!-- \/ Yoast SEO Premium plugin. -->","yoast_head_json":{"title":"Shampoo Hamool 400 ml - Yasmin Food","description":"Genie\u00dfen Sie die t\u00e4gliche Pflege mit Hamool Shampoo 400ml, es ist f\u00fcr alle Haartypen geeignet und hat eine leichte Formel. Holen Sie es sich jetzt und genie\u00dfen Sie feines Haar! Shampoo Hamool 400 ml","robots":{"index":"index","follow":"follow","max-snippet":"max-snippet:-1","max-image-preview":"max-image-preview:large","max-video-preview":"max-video-preview:-1"},"canonical":"https:\/\/yasminfood.ch\/de\/product\/shampoo-hamool-400-ml\/","og_locale":"de_DE","og_type":"article","og_title":"Shampoo Hamool 400 ml","og_description":"Hamool Shampoo 400 ml sanfte Formel reinigt das Haar sanft und macht es weich und frisch","og_url":"https:\/\/yasminfood.ch\/de\/product\/shampoo-hamool-400-ml\/","og_site_name":"Yasmin Food","article_publisher":"https:\/\/www.facebook.com\/yasminmarkt1","article_modified_time":"2025-06-25T17:49:13+00:00","og_image":[{"width":1755,"height":1755,"url":"https:\/\/yasminfood.ch\/wp-content\/uploads\/2025\/06\/\u0634\u0627\u0645\u0628\u0648-\u0647\u0627\u0645\u0648\u0644-400-\u0645\u0644.png","type":"image\/png"}],"twitter_card":"summary_large_image","twitter_misc":{"Preis":"6.95&nbsp;&#67;&#72;&#70;","Verf\u00fcgbarkeit":"Auf Lager"},"schema":{"@context":"https:\/\/schema.org","@graph":[{"@type":"WebPage","@id":"https:\/\/yasminfood.ch\/de\/product\/shampoo-hamool-400-ml\/","url":"https:\/\/yasminfood.ch\/de\/product\/shampoo-hamool-400-ml\/","name":"Shampoo Hamool 400 ml - Yasmin Food","isPartOf":{"@id":"https:\/\/yasminfood.ch\/de\/#website"},"primaryImageOfPage":{"@id":"https:\/\/yasminfood.ch\/de\/product\/shampoo-hamool-400-ml\/#primaryimage"},"image":{"@id":"https:\/\/yasminfood.ch\/de\/product\/shampoo-hamool-400-ml\/#primaryimage"},"thumbnailUrl":"https:\/\/yasminfood.ch\/wp-content\/uploads\/2025\/06\/\u0634\u0627\u0645\u0628\u0648-\u0647\u0627\u0645\u0648\u0644-400-\u0645\u0644.png","datePublished":"2025-06-25T17:34:25+00:00","dateModified":"2025-06-25T17:49:13+00:00","description":"Genie\u00dfen Sie die t\u00e4gliche Pflege mit Hamool Shampoo 400ml, es ist f\u00fcr alle Haartypen geeignet und hat eine leichte Formel. Holen Sie es sich jetzt und genie\u00dfen Sie feines Haar! Shampoo Hamool 400 ml","breadcrumb":{"@id":"https:\/\/yasminfood.ch\/de\/product\/shampoo-hamool-400-ml\/#breadcrumb"},"inLanguage":"de","potentialAction":[{"@type":"ReadAction","target":["https:\/\/yasminfood.ch\/de\/product\/shampoo-hamool-400-ml\/"]}]},{"@type":"ImageObject","inLanguage":"de","@id":"https:\/\/yasminfood.ch\/de\/product\/shampoo-hamool-400-ml\/#primaryimage","url":"https:\/\/yasminfood.ch\/wp-content\/uploads\/2025\/06\/\u0634\u0627\u0645\u0628\u0648-\u0647\u0627\u0645\u0648\u0644-400-\u0645\u0644.png","contentUrl":"https:\/\/yasminfood.ch\/wp-content\/uploads\/2025\/06\/\u0634\u0627\u0645\u0628\u0648-\u0647\u0627\u0645\u0648\u0644-400-\u0645\u0644.png","width":1755,"height":1755,"caption":"Shampoo Hamool 400 ml"},{"@type":"BreadcrumbList","@id":"https:\/\/yasminfood.ch\/de\/product\/shampoo-hamool-400-ml\/#breadcrumb","itemListElement":[{"@type":"ListItem","position":1,"name":"\u0627\u0644\u0631\u0626\u064a\u0633\u064a\u0629","item":"https:\/\/yasminfood.ch\/de\/zuhause\/"},{"@type":"ListItem","position":2,"name":"Shop","item":"https:\/\/yasminfood.ch\/de\/shop\/"},{"@type":"ListItem","position":3,"name":"Nonfood","item":"https:\/\/yasminfood.ch\/de\/produkt-kategorie\/nonfood\/"},{"@type":"ListItem","position":4,"name":"Gesundheit &amp; Sch\u00f6nheit","item":"https:\/\/yasminfood.ch\/de\/produkt-kategorie\/nonfood\/gesundheit-schoenheit\/"},{"@type":"ListItem","position":5,"name":"Shampoo Hamool 400 ml"}]},{"@type":"WebSite","@id":"https:\/\/yasminfood.ch\/de\/#website","url":"https:\/\/yasminfood.ch\/de\/","name":"\u064a\u0627\u0633\u0645\u064a\u0646 \u0645\u0627\u0631\u0643\u062a","description":"Alles, was Sie brauchen, an einem Ort","publisher":{"@id":"https:\/\/yasminfood.ch\/de\/#organization"},"alternateName":"Yasmin Food","potentialAction":[{"@type":"SearchAction","target":{"@type":"EntryPoint","urlTemplate":"https:\/\/yasminfood.ch\/de\/?s={search_term_string}"},"query-input":{"@type":"PropertyValueSpecification","valueRequired":true,"valueName":"search_term_string"}}],"inLanguage":"de"},{"@type":"Organization","@id":"https:\/\/yasminfood.ch\/de\/#organization","name":"\u064a\u0627\u0633\u0645\u064a\u0646 \u0645\u0627\u0631\u0643\u062a","alternateName":"Yasmin Food","url":"https:\/\/yasminfood.ch\/de\/","logo":{"@type":"ImageObject","inLanguage":"de","@id":"https:\/\/yasminfood.ch\/de\/#\/schema\/logo\/image\/","url":"https:\/\/yasminfood.ch\/wp-content\/uploads\/2025\/05\/yasmin-food-header-logo.png","contentUrl":"https:\/\/yasminfood.ch\/wp-content\/uploads\/2025\/05\/yasmin-food-header-logo.png","width":330,"height":120,"caption":"\u064a\u0627\u0633\u0645\u064a\u0646 \u0645\u0627\u0631\u0643\u062a"},"image":{"@id":"https:\/\/yasminfood.ch\/de\/#\/schema\/logo\/image\/"},"sameAs":["https:\/\/www.facebook.com\/yasminmarkt1","https:\/\/www.tiktok.com\/@yasminmarkt","https:\/\/www.instagram.com\/yasmin.markt1\/","https:\/\/api.whatsapp.com\/send\/?phone=41799000104"],"publishingPrinciples":"https:\/\/yasminfood.ch\/de\/shop\/","ownershipFundingInfo":"https:\/\/yasminfood.ch\/de\/shop\/"}]},"product_price_amount":"6.95","product_price_currency":"CHF","og_availability":"instock","product_availability":"instock","product_condition":"new"},"jetpack_sharing_enabled":true,"_links":{"self":[{"href":"https:\/\/yasminfood.ch\/de\/wp-json\/wp\/v2\/product\/117843","targetHints":{"allow":["GET"]}}],"collection":[{"href":"https:\/\/yasminfood.ch\/de\/wp-json\/wp\/v2\/product"}],"about":[{"href":"https:\/\/yasminfood.ch\/de\/wp-json\/wp\/v2\/types\/product"}],"replies":[{"embeddable":true,"href":"https:\/\/yasminfood.ch\/de\/wp-json\/wp\/v2\/comments?post=117843"}],"version-history":[{"count":0,"href":"https:\/\/yasminfood.ch\/de\/wp-json\/wp\/v2\/product\/117843\/revisions"}],"wp:featuredmedia":[{"embeddable":true,"href":"https:\/\/yasminfood.ch\/de\/wp-json\/wp\/v2\/media\/117731"}],"wp:attachment":[{"href":"https:\/\/yasminfood.ch\/de\/wp-json\/wp\/v2\/media?parent=117843"}],"wp:term":[{"taxonomy":"product_brand","embeddable":true,"href":"https:\/\/yasminfood.ch\/de\/wp-json\/wp\/v2\/product_brand?post=117843"},{"taxonomy":"product_cat","embeddable":true,"href":"https:\/\/yasminfood.ch\/de\/wp-json\/wp\/v2\/product_cat?post=117843"},{"taxonomy":"product_tag","embeddable":true,"href":"https:\/\/yasminfood.ch\/de\/wp-json\/wp\/v2\/product_tag?post=117843"}],"curies":[{"name":"wp","href":"https:\/\/api.w.org\/{rel}","templated":true}]}}