{"id":117849,"date":"2025-06-25T19:42:00","date_gmt":"2025-06-25T17:42:00","guid":{"rendered":"https:\/\/yasminfood.ch\/product\/laurel-zanabili-seifenbeutel-4-stueck\/"},"modified":"2025-06-25T19:49:16","modified_gmt":"2025-06-25T17:49:16","slug":"laurel-zanabili-seifenbeutel-4-stueck","status":"publish","type":"product","link":"https:\/\/yasminfood.ch\/de\/product\/laurel-zanabili-seifenbeutel-4-stueck\/","title":{"rendered":"Laurel Zanabili Seifenbeutel 4 St\u00fcck"},"content":{"rendered":"<p><strong>Laurel Zanabili Seifenbeutel 4 St\u00fcck<\/strong><\/p>\n<ul>\n<li>\n<p data-start=\"320\" data-end=\"606\">Genie\u00dfen Sie ein nat\u00fcrliches und authentisches Reinigungserlebnis, das nach der traditionellen Methode in der syrischen Stadt Aleppo handgefertigt wird.<br data-start=\"452\" data-end=\"455\">Hoher Gehalt an <strong data-start=\"479\" data-end=\"506\">reinem Oliven\u00f6l (99%)<\/strong> und<strong data-start=\"508\" data-end=\"526\">Lorbeer\u00f6l (1%),<\/strong><\/p>\n<\/li>\n<li>\n<p data-start=\"320\" data-end=\"606\">Um Ihnen ein wirksames Naturprodukt anzubieten, das f\u00fcr den t\u00e4glichen Gebrauch des gesamten K\u00f6rpers und der Haare geeignet ist.<\/p>\n<p data-start=\"608\" data-end=\"878\">Diese Seife zeichnet sich durch ihre feuchtigkeitsspendenden und antiseptischen Eigenschaften aus und hilft, das Haar zu st\u00e4rken, die Haut zu n\u00e4hren und sie sauber und frisch zu halten, ohne sch\u00e4dliche Chemikalien.<br data-start=\"748\" data-end=\"751\">Das Produkt wird in <strong data-start=\"767\" data-end=\"801\">einem praktischen Stoffbeutel mit 4 Teilen<\/strong> geliefert, jedes St\u00fcck wiegt ca. 210 g, h\u00e4lt lange und ist f\u00fcr den pers\u00f6nlichen oder famili\u00e4ren Gebrauch geeignet.   <\/p>\n<p data-start=\"880\" data-end=\"1155\">\u2714\ufe0f <strong data-start=\"883\" data-end=\"935\">100% nat\u00fcrliche Seife ohne k\u00fcnstliche Duftstoffe oder Zusatz von Farbstoffen<\/strong><br data-start=\"935\" data-end=\"938\">\u2714\ufe0f <strong data-start=\"941\" data-end=\"976\">Geeignet f\u00fcr alle Haut- und Haartypen<\/strong><br data-start=\"976\" data-end=\"979\">\u2714\ufe0f <strong data-start=\"982\" data-end=\"1018\">Hochwertiges traditionelles Handwerk<\/strong><br data-start=\"1018\" data-end=\"1021\">\u2714\ufe0f <strong data-start=\"1024\" data-end=\"1062\">Enth\u00e4lt reines Oliven\u00f6l &amp; Lorbeer\u00f6l<\/strong><br data-start=\"1062\" data-end=\"1065\">\u2714\ufe0f <strong data-start=\"1068\" data-end=\"1119\">Hergestellt in der T\u00fcrkei \u2013 mit den gleichen original syrischen Spezifikationen<\/strong><br data-start=\"1119\" data-end=\"1122\">\u2714\ufe0f <strong data-start=\"1125\" data-end=\"1155\">Praktische Tasche mit 4 Seifenst\u00fccken<\/strong><\/p>\n<p data-start=\"1157\" data-end=\"1175\"><strong data-start=\"1157\" data-end=\"1173\">Benutzungen:<\/strong><\/p>\n<ul data-start=\"1176\" data-end=\"1269\">\n<li data-start=\"1176\" data-end=\"1198\">\n<p data-start=\"1178\" data-end=\"1198\">K\u00f6rper- und Gesichtsreinigung<\/p>\n<\/li>\n<li data-start=\"1199\" data-end=\"1229\">\n<p data-start=\"1201\" data-end=\"1229\">Haar- und Kopfhautpflege<\/p>\n<\/li>\n<li data-start=\"1230\" data-end=\"1269\">\n<p data-start=\"1232\" data-end=\"1269\">Eine nat\u00fcrliche Alternative zu synthetischer Seife oder Shampoo<\/p>\n<\/li>\n<\/ul>\n<\/li>\n<\/ul>\n","protected":false},"excerpt":{"rendered":"<p>Laurel Zanabili Seifenbeutel 4 St\u00fcck Traditionelle Lorbeerseife mit Oliven\u00f6l und Lorbeer\u00f6l \u2013 100% nat\u00fcrlich, f\u00fcr die t\u00e4gliche Haut- und Haarpflege. <\/p>\n","protected":false},"featured_media":117737,"comment_status":"open","ping_status":"closed","template":"","meta":[],"product_brand":[],"product_cat":[916,388],"product_tag":[],"class_list":{"0":"post-117849","1":"product","2":"type-product","3":"status-publish","4":"has-post-thumbnail","6":"product_cat-gesundheit-schoenheit","7":"product_cat-nonfood","9":"first","10":"outofstock","11":"taxable","12":"shipping-taxable","13":"purchasable","14":"product-type-simple"},"yoast_head":"<!-- This site is optimized with the Yoast SEO Premium plugin v26.5 (Yoast SEO v27.5) - https:\/\/yoast.com\/product\/yoast-seo-premium-wordpress\/ -->\n<title>Laurel Zanabili Seifenbeutel 4 St\u00fcck - Yasmin Food<\/title>\n<meta name=\"description\" content=\"Genie\u00dfen Sie eine nat\u00fcrliche Reinigung mit der Ghar Zanabili Bag 4 Pieces Soap, die Oliven\u00f6l und reines Lorbeer\u00f6l enth\u00e4lt. Erleben Sie hohe Qualit\u00e4t in jeder Anwendung! Laurel Zanabili Seifenbeutel 4 St\u00fcck\" \/>\n<meta name=\"robots\" content=\"index, follow, max-snippet:-1, max-image-preview:large, max-video-preview:-1\" \/>\n<link rel=\"canonical\" href=\"https:\/\/yasminfood.ch\/de\/product\/laurel-zanabili-seifenbeutel-4-stueck\/\" \/>\n<meta property=\"og:locale\" content=\"de_DE\" \/>\n<meta property=\"og:type\" content=\"article\" \/>\n<meta property=\"og:title\" content=\"Laurel Zanabili Seifenbeutel 4 St\u00fcck\" \/>\n<meta property=\"og:description\" content=\"Laurel Zanabili Seifenbeutel 4 St\u00fcck Traditionelle Lorbeerseife mit Oliven\u00f6l und Lorbeer\u00f6l \u2013 100% nat\u00fcrlich, f\u00fcr die t\u00e4gliche Haut- und Haarpflege.\" \/>\n<meta property=\"og:url\" content=\"https:\/\/yasminfood.ch\/de\/product\/laurel-zanabili-seifenbeutel-4-stueck\/\" \/>\n<meta property=\"og:site_name\" content=\"Yasmin Food\" \/>\n<meta property=\"article:publisher\" content=\"https:\/\/www.facebook.com\/yasminmarkt1\" \/>\n<meta property=\"article:modified_time\" content=\"2025-06-25T17:49:16+00:00\" \/>\n<meta property=\"og:image\" content=\"https:\/\/yasminfood.ch\/wp-content\/uploads\/2025\/06\/\u0635\u0627\u0628\u0648\u0646-\u063a\u0627\u0631-\u0632\u0646\u0627\u0628\u064a\u0644\u064a-\u0643\u064a\u0633-4-\u0642\u0637\u0639-1024x1024.png\" \/>\n\t<meta property=\"og:image:width\" content=\"1024\" \/>\n\t<meta property=\"og:image:height\" content=\"1024\" \/>\n\t<meta property=\"og:image:type\" content=\"image\/png\" \/>\n<meta name=\"twitter:card\" content=\"summary_large_image\" \/>\n<meta name=\"twitter:label1\" content=\"Preis\" \/>\n\t<meta name=\"twitter:data1\" content=\"10.00&nbsp;&#067;&#072;&#070;\" \/>\n\t<meta name=\"twitter:label2\" content=\"Verf\u00fcgbarkeit\" \/>\n\t<meta name=\"twitter:data2\" content=\"ausverkauft\" \/>\n<script type=\"application\/ld+json\" class=\"yoast-schema-graph\">{\"@context\":\"https:\\\/\\\/schema.org\",\"@graph\":[{\"@type\":\"WebPage\",\"@id\":\"https:\\\/\\\/yasminfood.ch\\\/de\\\/product\\\/laurel-zanabili-seifenbeutel-4-stueck\\\/\",\"url\":\"https:\\\/\\\/yasminfood.ch\\\/de\\\/product\\\/laurel-zanabili-seifenbeutel-4-stueck\\\/\",\"name\":\"Laurel Zanabili Seifenbeutel 4 St\u00fcck - Yasmin Food\",\"isPartOf\":{\"@id\":\"https:\\\/\\\/yasminfood.ch\\\/de\\\/#website\"},\"primaryImageOfPage\":{\"@id\":\"https:\\\/\\\/yasminfood.ch\\\/de\\\/product\\\/laurel-zanabili-seifenbeutel-4-stueck\\\/#primaryimage\"},\"image\":{\"@id\":\"https:\\\/\\\/yasminfood.ch\\\/de\\\/product\\\/laurel-zanabili-seifenbeutel-4-stueck\\\/#primaryimage\"},\"thumbnailUrl\":\"https:\\\/\\\/yasminfood.ch\\\/wp-content\\\/uploads\\\/2025\\\/06\\\/\u0635\u0627\u0628\u0648\u0646-\u063a\u0627\u0631-\u0632\u0646\u0627\u0628\u064a\u0644\u064a-\u0643\u064a\u0633-4-\u0642\u0637\u0639.png\",\"datePublished\":\"2025-06-25T17:42:00+00:00\",\"dateModified\":\"2025-06-25T17:49:16+00:00\",\"description\":\"Genie\u00dfen Sie eine nat\u00fcrliche Reinigung mit der Ghar Zanabili Bag 4 Pieces Soap, die Oliven\u00f6l und reines Lorbeer\u00f6l enth\u00e4lt. Erleben Sie hohe Qualit\u00e4t in jeder Anwendung! Laurel Zanabili Seifenbeutel 4 St\u00fcck\",\"breadcrumb\":{\"@id\":\"https:\\\/\\\/yasminfood.ch\\\/de\\\/product\\\/laurel-zanabili-seifenbeutel-4-stueck\\\/#breadcrumb\"},\"inLanguage\":\"de\",\"potentialAction\":[{\"@type\":\"ReadAction\",\"target\":[\"https:\\\/\\\/yasminfood.ch\\\/de\\\/product\\\/laurel-zanabili-seifenbeutel-4-stueck\\\/\"]}]},{\"@type\":\"ImageObject\",\"inLanguage\":\"de\",\"@id\":\"https:\\\/\\\/yasminfood.ch\\\/de\\\/product\\\/laurel-zanabili-seifenbeutel-4-stueck\\\/#primaryimage\",\"url\":\"https:\\\/\\\/yasminfood.ch\\\/wp-content\\\/uploads\\\/2025\\\/06\\\/\u0635\u0627\u0628\u0648\u0646-\u063a\u0627\u0631-\u0632\u0646\u0627\u0628\u064a\u0644\u064a-\u0643\u064a\u0633-4-\u0642\u0637\u0639.png\",\"contentUrl\":\"https:\\\/\\\/yasminfood.ch\\\/wp-content\\\/uploads\\\/2025\\\/06\\\/\u0635\u0627\u0628\u0648\u0646-\u063a\u0627\u0631-\u0632\u0646\u0627\u0628\u064a\u0644\u064a-\u0643\u064a\u0633-4-\u0642\u0637\u0639.png\",\"width\":1755,\"height\":1755,\"caption\":\"Laurel Zanabili Seifenbeutel 4 St\u00fcck\"},{\"@type\":\"BreadcrumbList\",\"@id\":\"https:\\\/\\\/yasminfood.ch\\\/de\\\/product\\\/laurel-zanabili-seifenbeutel-4-stueck\\\/#breadcrumb\",\"itemListElement\":[{\"@type\":\"ListItem\",\"position\":1,\"name\":\"\u0627\u0644\u0631\u0626\u064a\u0633\u064a\u0629\",\"item\":\"https:\\\/\\\/yasminfood.ch\\\/de\\\/zuhause\\\/\"},{\"@type\":\"ListItem\",\"position\":2,\"name\":\"Shop\",\"item\":\"https:\\\/\\\/yasminfood.ch\\\/de\\\/shop\\\/\"},{\"@type\":\"ListItem\",\"position\":3,\"name\":\"Nonfood\",\"item\":\"https:\\\/\\\/yasminfood.ch\\\/de\\\/produkt-kategorie\\\/nonfood\\\/\"},{\"@type\":\"ListItem\",\"position\":4,\"name\":\"Gesundheit &amp; Sch\u00f6nheit\",\"item\":\"https:\\\/\\\/yasminfood.ch\\\/de\\\/produkt-kategorie\\\/nonfood\\\/gesundheit-schoenheit\\\/\"},{\"@type\":\"ListItem\",\"position\":5,\"name\":\"Laurel Zanabili Seifenbeutel 4 St\u00fcck\"}]},{\"@type\":\"WebSite\",\"@id\":\"https:\\\/\\\/yasminfood.ch\\\/de\\\/#website\",\"url\":\"https:\\\/\\\/yasminfood.ch\\\/de\\\/\",\"name\":\"\u064a\u0627\u0633\u0645\u064a\u0646 \u0645\u0627\u0631\u0643\u062a\",\"description\":\"Alles, was Sie brauchen, an einem Ort\",\"publisher\":{\"@id\":\"https:\\\/\\\/yasminfood.ch\\\/de\\\/#organization\"},\"alternateName\":\"Yasmin Food\",\"potentialAction\":[{\"@type\":\"SearchAction\",\"target\":{\"@type\":\"EntryPoint\",\"urlTemplate\":\"https:\\\/\\\/yasminfood.ch\\\/de\\\/?s={search_term_string}\"},\"query-input\":{\"@type\":\"PropertyValueSpecification\",\"valueRequired\":true,\"valueName\":\"search_term_string\"}}],\"inLanguage\":\"de\"},{\"@type\":\"Organization\",\"@id\":\"https:\\\/\\\/yasminfood.ch\\\/de\\\/#organization\",\"name\":\"\u064a\u0627\u0633\u0645\u064a\u0646 \u0645\u0627\u0631\u0643\u062a\",\"alternateName\":\"Yasmin Food\",\"url\":\"https:\\\/\\\/yasminfood.ch\\\/de\\\/\",\"logo\":{\"@type\":\"ImageObject\",\"inLanguage\":\"de\",\"@id\":\"https:\\\/\\\/yasminfood.ch\\\/de\\\/#\\\/schema\\\/logo\\\/image\\\/\",\"url\":\"https:\\\/\\\/yasminfood.ch\\\/wp-content\\\/uploads\\\/2025\\\/05\\\/yasmin-food-header-logo.png\",\"contentUrl\":\"https:\\\/\\\/yasminfood.ch\\\/wp-content\\\/uploads\\\/2025\\\/05\\\/yasmin-food-header-logo.png\",\"width\":330,\"height\":120,\"caption\":\"\u064a\u0627\u0633\u0645\u064a\u0646 \u0645\u0627\u0631\u0643\u062a\"},\"image\":{\"@id\":\"https:\\\/\\\/yasminfood.ch\\\/de\\\/#\\\/schema\\\/logo\\\/image\\\/\"},\"sameAs\":[\"https:\\\/\\\/www.facebook.com\\\/yasminmarkt1\",\"https:\\\/\\\/www.tiktok.com\\\/@yasminmarkt\",\"https:\\\/\\\/www.instagram.com\\\/yasmin.markt1\\\/\",\"https:\\\/\\\/api.whatsapp.com\\\/send\\\/?phone=41799000104\"],\"publishingPrinciples\":\"https:\\\/\\\/yasminfood.ch\\\/de\\\/shop\\\/\",\"ownershipFundingInfo\":\"https:\\\/\\\/yasminfood.ch\\\/de\\\/shop\\\/\"}]}<\/script>\n<meta property=\"product:price:amount\" content=\"10.00\" \/>\n<meta property=\"product:price:currency\" content=\"CHF\" \/>\n<meta property=\"og:availability\" content=\"out of stock\" \/>\n<meta property=\"product:availability\" content=\"out of stock\" \/>\n<meta property=\"product:condition\" content=\"new\" \/>\n<!-- \/ Yoast SEO Premium plugin. -->","yoast_head_json":{"title":"Laurel Zanabili Seifenbeutel 4 St\u00fcck - Yasmin Food","description":"Genie\u00dfen Sie eine nat\u00fcrliche Reinigung mit der Ghar Zanabili Bag 4 Pieces Soap, die Oliven\u00f6l und reines Lorbeer\u00f6l enth\u00e4lt. Erleben Sie hohe Qualit\u00e4t in jeder Anwendung! Laurel Zanabili Seifenbeutel 4 St\u00fcck","robots":{"index":"index","follow":"follow","max-snippet":"max-snippet:-1","max-image-preview":"max-image-preview:large","max-video-preview":"max-video-preview:-1"},"canonical":"https:\/\/yasminfood.ch\/de\/product\/laurel-zanabili-seifenbeutel-4-stueck\/","og_locale":"de_DE","og_type":"article","og_title":"Laurel Zanabili Seifenbeutel 4 St\u00fcck","og_description":"Laurel Zanabili Seifenbeutel 4 St\u00fcck Traditionelle Lorbeerseife mit Oliven\u00f6l und Lorbeer\u00f6l \u2013 100% nat\u00fcrlich, f\u00fcr die t\u00e4gliche Haut- und Haarpflege.","og_url":"https:\/\/yasminfood.ch\/de\/product\/laurel-zanabili-seifenbeutel-4-stueck\/","og_site_name":"Yasmin Food","article_publisher":"https:\/\/www.facebook.com\/yasminmarkt1","article_modified_time":"2025-06-25T17:49:16+00:00","og_image":[{"width":1024,"height":1024,"url":"https:\/\/yasminfood.ch\/wp-content\/uploads\/2025\/06\/\u0635\u0627\u0628\u0648\u0646-\u063a\u0627\u0631-\u0632\u0646\u0627\u0628\u064a\u0644\u064a-\u0643\u064a\u0633-4-\u0642\u0637\u0639-1024x1024.png","type":"image\/png"}],"twitter_card":"summary_large_image","twitter_misc":{"Preis":"10.00&nbsp;&#67;&#72;&#70;","Verf\u00fcgbarkeit":"ausverkauft"},"schema":{"@context":"https:\/\/schema.org","@graph":[{"@type":"WebPage","@id":"https:\/\/yasminfood.ch\/de\/product\/laurel-zanabili-seifenbeutel-4-stueck\/","url":"https:\/\/yasminfood.ch\/de\/product\/laurel-zanabili-seifenbeutel-4-stueck\/","name":"Laurel Zanabili Seifenbeutel 4 St\u00fcck - Yasmin Food","isPartOf":{"@id":"https:\/\/yasminfood.ch\/de\/#website"},"primaryImageOfPage":{"@id":"https:\/\/yasminfood.ch\/de\/product\/laurel-zanabili-seifenbeutel-4-stueck\/#primaryimage"},"image":{"@id":"https:\/\/yasminfood.ch\/de\/product\/laurel-zanabili-seifenbeutel-4-stueck\/#primaryimage"},"thumbnailUrl":"https:\/\/yasminfood.ch\/wp-content\/uploads\/2025\/06\/\u0635\u0627\u0628\u0648\u0646-\u063a\u0627\u0631-\u0632\u0646\u0627\u0628\u064a\u0644\u064a-\u0643\u064a\u0633-4-\u0642\u0637\u0639.png","datePublished":"2025-06-25T17:42:00+00:00","dateModified":"2025-06-25T17:49:16+00:00","description":"Genie\u00dfen Sie eine nat\u00fcrliche Reinigung mit der Ghar Zanabili Bag 4 Pieces Soap, die Oliven\u00f6l und reines Lorbeer\u00f6l enth\u00e4lt. Erleben Sie hohe Qualit\u00e4t in jeder Anwendung! Laurel Zanabili Seifenbeutel 4 St\u00fcck","breadcrumb":{"@id":"https:\/\/yasminfood.ch\/de\/product\/laurel-zanabili-seifenbeutel-4-stueck\/#breadcrumb"},"inLanguage":"de","potentialAction":[{"@type":"ReadAction","target":["https:\/\/yasminfood.ch\/de\/product\/laurel-zanabili-seifenbeutel-4-stueck\/"]}]},{"@type":"ImageObject","inLanguage":"de","@id":"https:\/\/yasminfood.ch\/de\/product\/laurel-zanabili-seifenbeutel-4-stueck\/#primaryimage","url":"https:\/\/yasminfood.ch\/wp-content\/uploads\/2025\/06\/\u0635\u0627\u0628\u0648\u0646-\u063a\u0627\u0631-\u0632\u0646\u0627\u0628\u064a\u0644\u064a-\u0643\u064a\u0633-4-\u0642\u0637\u0639.png","contentUrl":"https:\/\/yasminfood.ch\/wp-content\/uploads\/2025\/06\/\u0635\u0627\u0628\u0648\u0646-\u063a\u0627\u0631-\u0632\u0646\u0627\u0628\u064a\u0644\u064a-\u0643\u064a\u0633-4-\u0642\u0637\u0639.png","width":1755,"height":1755,"caption":"Laurel Zanabili Seifenbeutel 4 St\u00fcck"},{"@type":"BreadcrumbList","@id":"https:\/\/yasminfood.ch\/de\/product\/laurel-zanabili-seifenbeutel-4-stueck\/#breadcrumb","itemListElement":[{"@type":"ListItem","position":1,"name":"\u0627\u0644\u0631\u0626\u064a\u0633\u064a\u0629","item":"https:\/\/yasminfood.ch\/de\/zuhause\/"},{"@type":"ListItem","position":2,"name":"Shop","item":"https:\/\/yasminfood.ch\/de\/shop\/"},{"@type":"ListItem","position":3,"name":"Nonfood","item":"https:\/\/yasminfood.ch\/de\/produkt-kategorie\/nonfood\/"},{"@type":"ListItem","position":4,"name":"Gesundheit &amp; Sch\u00f6nheit","item":"https:\/\/yasminfood.ch\/de\/produkt-kategorie\/nonfood\/gesundheit-schoenheit\/"},{"@type":"ListItem","position":5,"name":"Laurel Zanabili Seifenbeutel 4 St\u00fcck"}]},{"@type":"WebSite","@id":"https:\/\/yasminfood.ch\/de\/#website","url":"https:\/\/yasminfood.ch\/de\/","name":"\u064a\u0627\u0633\u0645\u064a\u0646 \u0645\u0627\u0631\u0643\u062a","description":"Alles, was Sie brauchen, an einem Ort","publisher":{"@id":"https:\/\/yasminfood.ch\/de\/#organization"},"alternateName":"Yasmin Food","potentialAction":[{"@type":"SearchAction","target":{"@type":"EntryPoint","urlTemplate":"https:\/\/yasminfood.ch\/de\/?s={search_term_string}"},"query-input":{"@type":"PropertyValueSpecification","valueRequired":true,"valueName":"search_term_string"}}],"inLanguage":"de"},{"@type":"Organization","@id":"https:\/\/yasminfood.ch\/de\/#organization","name":"\u064a\u0627\u0633\u0645\u064a\u0646 \u0645\u0627\u0631\u0643\u062a","alternateName":"Yasmin Food","url":"https:\/\/yasminfood.ch\/de\/","logo":{"@type":"ImageObject","inLanguage":"de","@id":"https:\/\/yasminfood.ch\/de\/#\/schema\/logo\/image\/","url":"https:\/\/yasminfood.ch\/wp-content\/uploads\/2025\/05\/yasmin-food-header-logo.png","contentUrl":"https:\/\/yasminfood.ch\/wp-content\/uploads\/2025\/05\/yasmin-food-header-logo.png","width":330,"height":120,"caption":"\u064a\u0627\u0633\u0645\u064a\u0646 \u0645\u0627\u0631\u0643\u062a"},"image":{"@id":"https:\/\/yasminfood.ch\/de\/#\/schema\/logo\/image\/"},"sameAs":["https:\/\/www.facebook.com\/yasminmarkt1","https:\/\/www.tiktok.com\/@yasminmarkt","https:\/\/www.instagram.com\/yasmin.markt1\/","https:\/\/api.whatsapp.com\/send\/?phone=41799000104"],"publishingPrinciples":"https:\/\/yasminfood.ch\/de\/shop\/","ownershipFundingInfo":"https:\/\/yasminfood.ch\/de\/shop\/"}]},"product_price_amount":"10.00","product_price_currency":"CHF","og_availability":"out of stock","product_availability":"out of stock","product_condition":"new"},"jetpack_sharing_enabled":true,"_links":{"self":[{"href":"https:\/\/yasminfood.ch\/de\/wp-json\/wp\/v2\/product\/117849","targetHints":{"allow":["GET"]}}],"collection":[{"href":"https:\/\/yasminfood.ch\/de\/wp-json\/wp\/v2\/product"}],"about":[{"href":"https:\/\/yasminfood.ch\/de\/wp-json\/wp\/v2\/types\/product"}],"replies":[{"embeddable":true,"href":"https:\/\/yasminfood.ch\/de\/wp-json\/wp\/v2\/comments?post=117849"}],"version-history":[{"count":0,"href":"https:\/\/yasminfood.ch\/de\/wp-json\/wp\/v2\/product\/117849\/revisions"}],"wp:featuredmedia":[{"embeddable":true,"href":"https:\/\/yasminfood.ch\/de\/wp-json\/wp\/v2\/media\/117737"}],"wp:attachment":[{"href":"https:\/\/yasminfood.ch\/de\/wp-json\/wp\/v2\/media?parent=117849"}],"wp:term":[{"taxonomy":"product_brand","embeddable":true,"href":"https:\/\/yasminfood.ch\/de\/wp-json\/wp\/v2\/product_brand?post=117849"},{"taxonomy":"product_cat","embeddable":true,"href":"https:\/\/yasminfood.ch\/de\/wp-json\/wp\/v2\/product_cat?post=117849"},{"taxonomy":"product_tag","embeddable":true,"href":"https:\/\/yasminfood.ch\/de\/wp-json\/wp\/v2\/product_tag?post=117849"}],"curies":[{"name":"wp","href":"https:\/\/api.w.org\/{rel}","templated":true}]}}