{"id":117854,"date":"2025-06-25T19:14:00","date_gmt":"2025-06-25T17:14:00","guid":{"rendered":"https:\/\/yasminfood.ch\/product\/callogne-rosa-hamool-200-ml\/"},"modified":"2025-06-25T19:49:21","modified_gmt":"2025-06-25T17:49:21","slug":"callogne-rosa-hamool-200-ml","status":"publish","type":"product","link":"https:\/\/yasminfood.ch\/de\/product\/callogne-rosa-hamool-200-ml\/","title":{"rendered":"Callogne Rosa Hamool 200 ml"},"content":{"rendered":"<p>Callogne Rosa Hamool 200 ml<\/p>\n<ul>\n<li>Entdecken Sie wahre Frische, die in jedem Moment ein Gef\u00fchl von Sauberkeit und Frische vermittelt.<br \/>\nDieser zarte, blumige Duft sorgt f\u00fcr eine frische, aromatische Note nach dem Duschen oder w\u00e4hrend des Tages und ist f\u00fcr den t\u00e4glichen Gebrauch f\u00fcr jedes Alter geeignet.  <\/p>\n<p>\u2714\ufe0f Leichter und frischer<br \/>\n\u2714\ufe0f blumiger Duft Sanfte Formel auf der Haut<br \/>\n\u2714\ufe0f , die f\u00fcr die t\u00e4gliche Anwendung nach der Rasur oder dem Duschen<br \/>\n\u2714\ufe0f geeignet ist Einfach zu verwendende Flasche mit 200 ml<br \/>\n\u2714\ufe0f Zuverl\u00e4ssige Herstellung von Hamoul<\/p>\n<p>Empfohlene Verwendung:<\/p>\n<p>K\u00f6rperparf\u00fcm nach dem Baden<\/p>\n<p>Schnelle Erholung w\u00e4hrend des Tages<\/p>\n<p>Auch als Hand- und K\u00f6rperdesinfektionsmittel geeignet<\/p>\n<p>&nbsp;<\/li>\n<\/ul>\n","protected":false},"excerpt":{"rendered":"<p>Callonia Pink Hamoul 200ml Erfrischend von Hamul \u2013 ein Hauch von Reinheit und aromatischem Blumenduft, der anh\u00e4lt.<\/p>\n","protected":false},"featured_media":117722,"comment_status":"open","ping_status":"closed","template":"","meta":[],"product_brand":[],"product_cat":[916,388],"product_tag":[],"class_list":{"0":"post-117854","1":"product","2":"type-product","3":"status-publish","4":"has-post-thumbnail","6":"product_cat-gesundheit-schoenheit","7":"product_cat-nonfood","9":"first","10":"outofstock","11":"taxable","12":"shipping-taxable","13":"purchasable","14":"product-type-simple"},"yoast_head":"<!-- This site is optimized with the Yoast SEO Premium plugin v26.5 (Yoast SEO v27.3) - https:\/\/yoast.com\/product\/yoast-seo-premium-wordpress\/ -->\n<title>Callogne Rosa Hamool 200 ml - Yasmin Food<\/title>\n<meta name=\"description\" content=\"Genie\u00dfen Sie das Gef\u00fchl von Frische mit Callonia Pink Hamoul 200ml, einem leichten blumigen Duft, der jedem Moment einen Hauch von Reinheit verleiht. Probieren Sie es jetzt aus! \ud83c\udf38 Yasmin Food\" \/>\n<meta name=\"robots\" content=\"index, follow, max-snippet:-1, max-image-preview:large, max-video-preview:-1\" \/>\n<link rel=\"canonical\" href=\"https:\/\/yasminfood.ch\/de\/product\/callogne-rosa-hamool-200-ml\/\" \/>\n<meta property=\"og:locale\" content=\"de_DE\" \/>\n<meta property=\"og:type\" content=\"article\" \/>\n<meta property=\"og:title\" content=\"Callogne Rosa Hamool 200 ml\" \/>\n<meta property=\"og:description\" content=\"Callonia Pink Hamoul 200ml Erfrischend von Hamul \u2013 ein Hauch von Reinheit und aromatischem Blumenduft, der anh\u00e4lt.\" \/>\n<meta property=\"og:url\" content=\"https:\/\/yasminfood.ch\/de\/product\/callogne-rosa-hamool-200-ml\/\" \/>\n<meta property=\"og:site_name\" content=\"Yasmin Food\" \/>\n<meta property=\"article:publisher\" content=\"https:\/\/www.facebook.com\/yasminmarkt1\" \/>\n<meta property=\"article:modified_time\" content=\"2025-06-25T17:49:21+00:00\" \/>\n<meta property=\"og:image\" content=\"https:\/\/yasminfood.ch\/wp-content\/uploads\/2025\/06\/\u0643\u0627\u0644\u0648\u0646\u064a\u0627-\u0632\u0647\u0631\u064a-\u0647\u0627\u0645\u0648\u0644-200-\u0645\u0644.png\" \/>\n\t<meta property=\"og:image:width\" content=\"1755\" \/>\n\t<meta property=\"og:image:height\" content=\"1755\" \/>\n\t<meta property=\"og:image:type\" content=\"image\/png\" \/>\n<meta name=\"twitter:card\" content=\"summary_large_image\" \/>\n<meta name=\"twitter:label1\" content=\"Preis\" \/>\n\t<meta name=\"twitter:data1\" content=\"4.50&nbsp;&#067;&#072;&#070;\" \/>\n\t<meta name=\"twitter:label2\" content=\"Verf\u00fcgbarkeit\" \/>\n\t<meta name=\"twitter:data2\" content=\"ausverkauft\" \/>\n<script type=\"application\/ld+json\" class=\"yoast-schema-graph\">{\"@context\":\"https:\\\/\\\/schema.org\",\"@graph\":[{\"@type\":\"WebPage\",\"@id\":\"https:\\\/\\\/yasminfood.ch\\\/de\\\/product\\\/callogne-rosa-hamool-200-ml\\\/\",\"url\":\"https:\\\/\\\/yasminfood.ch\\\/de\\\/product\\\/callogne-rosa-hamool-200-ml\\\/\",\"name\":\"Callogne Rosa Hamool 200 ml - Yasmin Food\",\"isPartOf\":{\"@id\":\"https:\\\/\\\/yasminfood.ch\\\/de\\\/#website\"},\"primaryImageOfPage\":{\"@id\":\"https:\\\/\\\/yasminfood.ch\\\/de\\\/product\\\/callogne-rosa-hamool-200-ml\\\/#primaryimage\"},\"image\":{\"@id\":\"https:\\\/\\\/yasminfood.ch\\\/de\\\/product\\\/callogne-rosa-hamool-200-ml\\\/#primaryimage\"},\"thumbnailUrl\":\"https:\\\/\\\/yasminfood.ch\\\/wp-content\\\/uploads\\\/2025\\\/06\\\/\u0643\u0627\u0644\u0648\u0646\u064a\u0627-\u0632\u0647\u0631\u064a-\u0647\u0627\u0645\u0648\u0644-200-\u0645\u0644.png\",\"datePublished\":\"2025-06-25T17:14:00+00:00\",\"dateModified\":\"2025-06-25T17:49:21+00:00\",\"description\":\"Genie\u00dfen Sie das Gef\u00fchl von Frische mit Callonia Pink Hamoul 200ml, einem leichten blumigen Duft, der jedem Moment einen Hauch von Reinheit verleiht. Probieren Sie es jetzt aus! \ud83c\udf38 Yasmin Food\",\"breadcrumb\":{\"@id\":\"https:\\\/\\\/yasminfood.ch\\\/de\\\/product\\\/callogne-rosa-hamool-200-ml\\\/#breadcrumb\"},\"inLanguage\":\"de\",\"potentialAction\":[{\"@type\":\"ReadAction\",\"target\":[\"https:\\\/\\\/yasminfood.ch\\\/de\\\/product\\\/callogne-rosa-hamool-200-ml\\\/\"]}]},{\"@type\":\"ImageObject\",\"inLanguage\":\"de\",\"@id\":\"https:\\\/\\\/yasminfood.ch\\\/de\\\/product\\\/callogne-rosa-hamool-200-ml\\\/#primaryimage\",\"url\":\"https:\\\/\\\/yasminfood.ch\\\/wp-content\\\/uploads\\\/2025\\\/06\\\/\u0643\u0627\u0644\u0648\u0646\u064a\u0627-\u0632\u0647\u0631\u064a-\u0647\u0627\u0645\u0648\u0644-200-\u0645\u0644.png\",\"contentUrl\":\"https:\\\/\\\/yasminfood.ch\\\/wp-content\\\/uploads\\\/2025\\\/06\\\/\u0643\u0627\u0644\u0648\u0646\u064a\u0627-\u0632\u0647\u0631\u064a-\u0647\u0627\u0645\u0648\u0644-200-\u0645\u0644.png\",\"width\":1755,\"height\":1755,\"caption\":\"Callogne Rosa Hamool 200 ml\"},{\"@type\":\"BreadcrumbList\",\"@id\":\"https:\\\/\\\/yasminfood.ch\\\/de\\\/product\\\/callogne-rosa-hamool-200-ml\\\/#breadcrumb\",\"itemListElement\":[{\"@type\":\"ListItem\",\"position\":1,\"name\":\"\u0627\u0644\u0631\u0626\u064a\u0633\u064a\u0629\",\"item\":\"https:\\\/\\\/yasminfood.ch\\\/de\\\/zuhause\\\/\"},{\"@type\":\"ListItem\",\"position\":2,\"name\":\"Shop\",\"item\":\"https:\\\/\\\/yasminfood.ch\\\/de\\\/shop\\\/\"},{\"@type\":\"ListItem\",\"position\":3,\"name\":\"Nonfood\",\"item\":\"https:\\\/\\\/yasminfood.ch\\\/de\\\/produkt-kategorie\\\/nonfood\\\/\"},{\"@type\":\"ListItem\",\"position\":4,\"name\":\"Gesundheit &amp; Sch\u00f6nheit\",\"item\":\"https:\\\/\\\/yasminfood.ch\\\/de\\\/produkt-kategorie\\\/nonfood\\\/gesundheit-schoenheit\\\/\"},{\"@type\":\"ListItem\",\"position\":5,\"name\":\"Callogne Rosa Hamool 200 ml\"}]},{\"@type\":\"WebSite\",\"@id\":\"https:\\\/\\\/yasminfood.ch\\\/de\\\/#website\",\"url\":\"https:\\\/\\\/yasminfood.ch\\\/de\\\/\",\"name\":\"\u064a\u0627\u0633\u0645\u064a\u0646 \u0645\u0627\u0631\u0643\u062a\",\"description\":\"Alles, was Sie brauchen, an einem Ort\",\"publisher\":{\"@id\":\"https:\\\/\\\/yasminfood.ch\\\/de\\\/#organization\"},\"alternateName\":\"Yasmin Food\",\"potentialAction\":[{\"@type\":\"SearchAction\",\"target\":{\"@type\":\"EntryPoint\",\"urlTemplate\":\"https:\\\/\\\/yasminfood.ch\\\/de\\\/?s={search_term_string}\"},\"query-input\":{\"@type\":\"PropertyValueSpecification\",\"valueRequired\":true,\"valueName\":\"search_term_string\"}}],\"inLanguage\":\"de\"},{\"@type\":\"Organization\",\"@id\":\"https:\\\/\\\/yasminfood.ch\\\/de\\\/#organization\",\"name\":\"\u064a\u0627\u0633\u0645\u064a\u0646 \u0645\u0627\u0631\u0643\u062a\",\"alternateName\":\"Yasmin Food\",\"url\":\"https:\\\/\\\/yasminfood.ch\\\/de\\\/\",\"logo\":{\"@type\":\"ImageObject\",\"inLanguage\":\"de\",\"@id\":\"https:\\\/\\\/yasminfood.ch\\\/de\\\/#\\\/schema\\\/logo\\\/image\\\/\",\"url\":\"https:\\\/\\\/yasminfood.ch\\\/wp-content\\\/uploads\\\/2025\\\/05\\\/yasmin-food-header-logo.png\",\"contentUrl\":\"https:\\\/\\\/yasminfood.ch\\\/wp-content\\\/uploads\\\/2025\\\/05\\\/yasmin-food-header-logo.png\",\"width\":330,\"height\":120,\"caption\":\"\u064a\u0627\u0633\u0645\u064a\u0646 \u0645\u0627\u0631\u0643\u062a\"},\"image\":{\"@id\":\"https:\\\/\\\/yasminfood.ch\\\/de\\\/#\\\/schema\\\/logo\\\/image\\\/\"},\"sameAs\":[\"https:\\\/\\\/www.facebook.com\\\/yasminmarkt1\",\"https:\\\/\\\/www.tiktok.com\\\/@yasminmarkt\",\"https:\\\/\\\/www.instagram.com\\\/yasmin.markt1\\\/\",\"https:\\\/\\\/api.whatsapp.com\\\/send\\\/?phone=41799000104\"],\"publishingPrinciples\":\"https:\\\/\\\/yasminfood.ch\\\/de\\\/shop\\\/\",\"ownershipFundingInfo\":\"https:\\\/\\\/yasminfood.ch\\\/de\\\/shop\\\/\"}]}<\/script>\n<meta property=\"product:price:amount\" content=\"4.50\" \/>\n<meta property=\"product:price:currency\" content=\"CHF\" \/>\n<meta property=\"og:availability\" content=\"out of stock\" \/>\n<meta property=\"product:availability\" content=\"out of stock\" \/>\n<meta property=\"product:condition\" content=\"new\" \/>\n<!-- \/ Yoast SEO Premium plugin. -->","yoast_head_json":{"title":"Callogne Rosa Hamool 200 ml - Yasmin Food","description":"Genie\u00dfen Sie das Gef\u00fchl von Frische mit Callonia Pink Hamoul 200ml, einem leichten blumigen Duft, der jedem Moment einen Hauch von Reinheit verleiht. Probieren Sie es jetzt aus! \ud83c\udf38 Yasmin Food","robots":{"index":"index","follow":"follow","max-snippet":"max-snippet:-1","max-image-preview":"max-image-preview:large","max-video-preview":"max-video-preview:-1"},"canonical":"https:\/\/yasminfood.ch\/de\/product\/callogne-rosa-hamool-200-ml\/","og_locale":"de_DE","og_type":"article","og_title":"Callogne Rosa Hamool 200 ml","og_description":"Callonia Pink Hamoul 200ml Erfrischend von Hamul \u2013 ein Hauch von Reinheit und aromatischem Blumenduft, der anh\u00e4lt.","og_url":"https:\/\/yasminfood.ch\/de\/product\/callogne-rosa-hamool-200-ml\/","og_site_name":"Yasmin Food","article_publisher":"https:\/\/www.facebook.com\/yasminmarkt1","article_modified_time":"2025-06-25T17:49:21+00:00","og_image":[{"width":1755,"height":1755,"url":"https:\/\/yasminfood.ch\/wp-content\/uploads\/2025\/06\/\u0643\u0627\u0644\u0648\u0646\u064a\u0627-\u0632\u0647\u0631\u064a-\u0647\u0627\u0645\u0648\u0644-200-\u0645\u0644.png","type":"image\/png"}],"twitter_card":"summary_large_image","twitter_misc":{"Preis":"4.50&nbsp;&#67;&#72;&#70;","Verf\u00fcgbarkeit":"ausverkauft"},"schema":{"@context":"https:\/\/schema.org","@graph":[{"@type":"WebPage","@id":"https:\/\/yasminfood.ch\/de\/product\/callogne-rosa-hamool-200-ml\/","url":"https:\/\/yasminfood.ch\/de\/product\/callogne-rosa-hamool-200-ml\/","name":"Callogne Rosa Hamool 200 ml - Yasmin Food","isPartOf":{"@id":"https:\/\/yasminfood.ch\/de\/#website"},"primaryImageOfPage":{"@id":"https:\/\/yasminfood.ch\/de\/product\/callogne-rosa-hamool-200-ml\/#primaryimage"},"image":{"@id":"https:\/\/yasminfood.ch\/de\/product\/callogne-rosa-hamool-200-ml\/#primaryimage"},"thumbnailUrl":"https:\/\/yasminfood.ch\/wp-content\/uploads\/2025\/06\/\u0643\u0627\u0644\u0648\u0646\u064a\u0627-\u0632\u0647\u0631\u064a-\u0647\u0627\u0645\u0648\u0644-200-\u0645\u0644.png","datePublished":"2025-06-25T17:14:00+00:00","dateModified":"2025-06-25T17:49:21+00:00","description":"Genie\u00dfen Sie das Gef\u00fchl von Frische mit Callonia Pink Hamoul 200ml, einem leichten blumigen Duft, der jedem Moment einen Hauch von Reinheit verleiht. Probieren Sie es jetzt aus! \ud83c\udf38 Yasmin Food","breadcrumb":{"@id":"https:\/\/yasminfood.ch\/de\/product\/callogne-rosa-hamool-200-ml\/#breadcrumb"},"inLanguage":"de","potentialAction":[{"@type":"ReadAction","target":["https:\/\/yasminfood.ch\/de\/product\/callogne-rosa-hamool-200-ml\/"]}]},{"@type":"ImageObject","inLanguage":"de","@id":"https:\/\/yasminfood.ch\/de\/product\/callogne-rosa-hamool-200-ml\/#primaryimage","url":"https:\/\/yasminfood.ch\/wp-content\/uploads\/2025\/06\/\u0643\u0627\u0644\u0648\u0646\u064a\u0627-\u0632\u0647\u0631\u064a-\u0647\u0627\u0645\u0648\u0644-200-\u0645\u0644.png","contentUrl":"https:\/\/yasminfood.ch\/wp-content\/uploads\/2025\/06\/\u0643\u0627\u0644\u0648\u0646\u064a\u0627-\u0632\u0647\u0631\u064a-\u0647\u0627\u0645\u0648\u0644-200-\u0645\u0644.png","width":1755,"height":1755,"caption":"Callogne Rosa Hamool 200 ml"},{"@type":"BreadcrumbList","@id":"https:\/\/yasminfood.ch\/de\/product\/callogne-rosa-hamool-200-ml\/#breadcrumb","itemListElement":[{"@type":"ListItem","position":1,"name":"\u0627\u0644\u0631\u0626\u064a\u0633\u064a\u0629","item":"https:\/\/yasminfood.ch\/de\/zuhause\/"},{"@type":"ListItem","position":2,"name":"Shop","item":"https:\/\/yasminfood.ch\/de\/shop\/"},{"@type":"ListItem","position":3,"name":"Nonfood","item":"https:\/\/yasminfood.ch\/de\/produkt-kategorie\/nonfood\/"},{"@type":"ListItem","position":4,"name":"Gesundheit &amp; Sch\u00f6nheit","item":"https:\/\/yasminfood.ch\/de\/produkt-kategorie\/nonfood\/gesundheit-schoenheit\/"},{"@type":"ListItem","position":5,"name":"Callogne Rosa Hamool 200 ml"}]},{"@type":"WebSite","@id":"https:\/\/yasminfood.ch\/de\/#website","url":"https:\/\/yasminfood.ch\/de\/","name":"\u064a\u0627\u0633\u0645\u064a\u0646 \u0645\u0627\u0631\u0643\u062a","description":"Alles, was Sie brauchen, an einem Ort","publisher":{"@id":"https:\/\/yasminfood.ch\/de\/#organization"},"alternateName":"Yasmin Food","potentialAction":[{"@type":"SearchAction","target":{"@type":"EntryPoint","urlTemplate":"https:\/\/yasminfood.ch\/de\/?s={search_term_string}"},"query-input":{"@type":"PropertyValueSpecification","valueRequired":true,"valueName":"search_term_string"}}],"inLanguage":"de"},{"@type":"Organization","@id":"https:\/\/yasminfood.ch\/de\/#organization","name":"\u064a\u0627\u0633\u0645\u064a\u0646 \u0645\u0627\u0631\u0643\u062a","alternateName":"Yasmin Food","url":"https:\/\/yasminfood.ch\/de\/","logo":{"@type":"ImageObject","inLanguage":"de","@id":"https:\/\/yasminfood.ch\/de\/#\/schema\/logo\/image\/","url":"https:\/\/yasminfood.ch\/wp-content\/uploads\/2025\/05\/yasmin-food-header-logo.png","contentUrl":"https:\/\/yasminfood.ch\/wp-content\/uploads\/2025\/05\/yasmin-food-header-logo.png","width":330,"height":120,"caption":"\u064a\u0627\u0633\u0645\u064a\u0646 \u0645\u0627\u0631\u0643\u062a"},"image":{"@id":"https:\/\/yasminfood.ch\/de\/#\/schema\/logo\/image\/"},"sameAs":["https:\/\/www.facebook.com\/yasminmarkt1","https:\/\/www.tiktok.com\/@yasminmarkt","https:\/\/www.instagram.com\/yasmin.markt1\/","https:\/\/api.whatsapp.com\/send\/?phone=41799000104"],"publishingPrinciples":"https:\/\/yasminfood.ch\/de\/shop\/","ownershipFundingInfo":"https:\/\/yasminfood.ch\/de\/shop\/"}]},"product_price_amount":"4.50","product_price_currency":"CHF","og_availability":"out of stock","product_availability":"out of stock","product_condition":"new"},"jetpack_sharing_enabled":true,"_links":{"self":[{"href":"https:\/\/yasminfood.ch\/de\/wp-json\/wp\/v2\/product\/117854","targetHints":{"allow":["GET"]}}],"collection":[{"href":"https:\/\/yasminfood.ch\/de\/wp-json\/wp\/v2\/product"}],"about":[{"href":"https:\/\/yasminfood.ch\/de\/wp-json\/wp\/v2\/types\/product"}],"replies":[{"embeddable":true,"href":"https:\/\/yasminfood.ch\/de\/wp-json\/wp\/v2\/comments?post=117854"}],"version-history":[{"count":0,"href":"https:\/\/yasminfood.ch\/de\/wp-json\/wp\/v2\/product\/117854\/revisions"}],"wp:featuredmedia":[{"embeddable":true,"href":"https:\/\/yasminfood.ch\/de\/wp-json\/wp\/v2\/media\/117722"}],"wp:attachment":[{"href":"https:\/\/yasminfood.ch\/de\/wp-json\/wp\/v2\/media?parent=117854"}],"wp:term":[{"taxonomy":"product_brand","embeddable":true,"href":"https:\/\/yasminfood.ch\/de\/wp-json\/wp\/v2\/product_brand?post=117854"},{"taxonomy":"product_cat","embeddable":true,"href":"https:\/\/yasminfood.ch\/de\/wp-json\/wp\/v2\/product_cat?post=117854"},{"taxonomy":"product_tag","embeddable":true,"href":"https:\/\/yasminfood.ch\/de\/wp-json\/wp\/v2\/product_tag?post=117854"}],"curies":[{"name":"wp","href":"https:\/\/api.w.org\/{rel}","templated":true}]}}