{"id":117873,"date":"2025-06-27T15:17:08","date_gmt":"2025-06-27T13:20:37","guid":{"rendered":"https:\/\/yasminfood.ch\/product\/gewuerze-dolma-150g-sheikh\/"},"modified":"2025-06-27T15:20:37","modified_gmt":"2025-06-27T13:20:37","slug":"gewuerze-dolma-150g-sheikh","status":"publish","type":"product","link":"https:\/\/yasminfood.ch\/de\/product\/gewuerze-dolma-150g-sheikh\/","title":{"rendered":"Gew\u00fcrze Dolma 150g Sheikh"},"content":{"rendered":"<p><strong>Gew\u00fcrze Dolma 150g Sheikh<\/strong><\/p>\n<ul>\n<li>\n<p data-start=\"197\" data-end=\"486\">Verleihen Sie Ihren gef\u00fcllten Gerichten eine authentische und k\u00f6stliche Note Eine sorgf\u00e4ltig ausgewogene Mischung aus den feinsten Gew\u00fcrzen, die speziell f\u00fcr die Zubereitung von Dolma, Yabruk und Weinbl\u00e4ttern ausgew\u00e4hlt wurden<\/p>\n<\/li>\n<\/ul>\n<p data-start=\"197\" data-end=\"486\">Und alle Arten von Mahshi, um Ihnen einen reichhaltigen traditionellen Geschmack mit einem authentischen Geschmack zu bieten, der dem Geschmack der Familie entspricht und ein angenehmes Aroma hinzuf\u00fcgt, das den Appetit auf Ihre t\u00e4gliche Reise \u00f6ffnet. <\/p>\n<ul>\n<li data-start=\"488\" data-end=\"655\">\u2714\ufe0f <strong data-start=\"491\" data-end=\"500\">Gewicht<\/strong>: 150 g<br data-start=\"510\" data-end=\"513\">\u2714\ufe0f <strong data-start=\"516\" data-end=\"536\">MARKE<\/strong>: SHEIKH MILLS \u2013 ALSHEIKH COMPANY<br data-start=\"568\" data-end=\"571\">\u2714\ufe0f <strong data-start=\"574\" data-end=\"589\">Verwendung<\/strong>: Mahashi, Weinbl\u00e4tter, Yabriq, Zucchini und gef\u00fcllte Auberginen<br data-start=\"637\" data-end=\"640\"><strong data-start=\"643\" data-end=\"654\">Merkmale<\/strong>:<\/li>\n<li data-start=\"488\" data-end=\"655\">Nat\u00fcrliche Gew\u00fcrzmischung ohne sch\u00e4dliche k\u00fcnstliche Zusatzstoffe<\/li>\n<li data-start=\"701\" data-end=\"742\">\n<p data-start=\"703\" data-end=\"742\">Speziell f\u00fcr Liebhaber des authentischen orientalischen Geschmacks gemacht<\/p>\n<\/li>\n<li data-start=\"743\" data-end=\"828\">\n<p data-start=\"745\" data-end=\"828\">Verbessert den Geschmack von F\u00fcllungen und verleiht ihnen ein k\u00f6stliches Aroma<br data-start=\"780\" data-end=\"783\">\u2714\ufe0f <strong data-start=\"786\" data-end=\"800\">Herkunftsland<\/strong>: Deutschland <br data-start=\"814\" data-end=\"817\">\u2714\ufe0f <strong data-start=\"820\" data-end=\"828\">halal<\/strong><\/p>\n<\/li>\n<li data-start=\"743\" data-end=\"828\">\n<p data-start=\"745\" data-end=\"828\">\ud83d\udca1 <strong data-start=\"833\" data-end=\"852\">Wie benutzt man<\/strong>:<\/p>\n<\/li>\n<li data-start=\"743\" data-end=\"828\">\n<p data-start=\"745\" data-end=\"828\">F\u00fcgen Sie der Reismischung, dem Fleisch oder dem Bulgur eine angemessene Menge Dolma-Pfeffer hinzu,<\/p>\n<\/li>\n<li data-start=\"743\" data-end=\"828\">\n<p data-start=\"745\" data-end=\"828\">Gut mischen, um eine marinierte F\u00fcllung zu erhalten, die sich perfekt f\u00fcr alle Arten von F\u00fcllungen eignet.<\/p>\n<\/li>\n<\/ul>\n<p data-start=\"983\" data-end=\"1077\">\ud83d\udce6 <strong data-start=\"986\" data-end=\"997\">Lagerung<\/strong>:<br data-start=\"998\" data-end=\"1001\">An einem trockenen und k\u00fchlen Ort fern von Feuchtigkeit und Hitze lagern, um Geschmack und Qualit\u00e4t zu erhalten.<\/p>\n","protected":false},"excerpt":{"rendered":"<p><strong>Gew\u00fcrze Dolma 150g Sheikh<\/strong><\/p>\n<ul>\n<li>\n<p data-start=\"197\" data-end=\"486\">Verleihen Sie Ihren gef\u00fcllten Gerichten eine authentische und k\u00f6stliche Note Eine sorgf\u00e4ltig ausgewogene Mischung aus den feinsten Gew\u00fcrzen, die speziell f\u00fcr die Zubereitung von Dolma, Yabruk und Weinbl\u00e4ttern ausgew\u00e4hlt wurden<\/p>\n<\/li>\n<\/ul>\n","protected":false},"featured_media":117870,"comment_status":"open","ping_status":"closed","template":"","meta":[],"product_brand":[],"product_cat":[360,356],"product_tag":[],"class_list":{"0":"post-117873","1":"product","2":"type-product","3":"status-publish","4":"has-post-thumbnail","6":"product_cat-gewurze","7":"product_cat-gewuerze-nuesse","9":"first","10":"instock","11":"taxable","12":"shipping-taxable","13":"purchasable","14":"product-type-simple"},"yoast_head":"<!-- This site is optimized with the Yoast SEO Premium plugin v26.5 (Yoast SEO v27.3) - https:\/\/yoast.com\/product\/yoast-seo-premium-wordpress\/ -->\n<title>Gew\u00fcrze Dolma 150g Sheikh - Yasmin Food<\/title>\n<meta name=\"description\" content=\"Verleihen Sie Ihren Gerichten eine unverwechselbare Note mit Dolma Spices 150g Sheikh! Genie\u00dfen Sie den authentischen Geschmack, den Sie dem Mahashi verleihen, und bereiten Sie einzigartige Gerichte zu. Gew\u00fcrze Dolma 150g Sheikh\" \/>\n<meta name=\"robots\" content=\"index, follow, max-snippet:-1, max-image-preview:large, max-video-preview:-1\" \/>\n<link rel=\"canonical\" href=\"https:\/\/yasminfood.ch\/de\/product\/gewuerze-dolma-150g-sheikh\/\" \/>\n<meta property=\"og:locale\" content=\"de_DE\" \/>\n<meta property=\"og:type\" content=\"article\" \/>\n<meta property=\"og:title\" content=\"Gew\u00fcrze Dolma 150g Sheikh\" \/>\n<meta property=\"og:description\" content=\"Gew\u00fcrze Dolma 150g Sheikh   Verleihen Sie Ihren gef\u00fcllten Gerichten eine authentische und k\u00f6stliche Note Eine sorgf\u00e4ltig ausgewogene Mischung aus den feinsten Gew\u00fcrzen, die speziell f\u00fcr die Zubereitung von Dolma, Yabruk und Weinbl\u00e4ttern ausgew\u00e4hlt wurden\" \/>\n<meta property=\"og:url\" content=\"https:\/\/yasminfood.ch\/de\/product\/gewuerze-dolma-150g-sheikh\/\" \/>\n<meta property=\"og:site_name\" content=\"Yasmin Food\" \/>\n<meta property=\"article:publisher\" content=\"https:\/\/www.facebook.com\/yasminmarkt1\" \/>\n<meta property=\"og:image\" content=\"https:\/\/yasminfood.ch\/wp-content\/uploads\/2025\/06\/\u0628\u0647\u0627\u0631-\u062f\u0648\u0644\u0645\u0629-150\u063a-\u0627\u0644\u0634\u064a\u062e-1024x1024.png\" \/>\n\t<meta property=\"og:image:width\" content=\"1024\" \/>\n\t<meta property=\"og:image:height\" content=\"1024\" \/>\n\t<meta property=\"og:image:type\" content=\"image\/png\" \/>\n<meta name=\"twitter:card\" content=\"summary_large_image\" \/>\n<meta name=\"twitter:label1\" content=\"Preis\" \/>\n\t<meta name=\"twitter:data1\" content=\"4.50&nbsp;&#067;&#072;&#070;\" \/>\n\t<meta name=\"twitter:label2\" content=\"Verf\u00fcgbarkeit\" \/>\n\t<meta name=\"twitter:data2\" content=\"Auf Lager\" \/>\n<script type=\"application\/ld+json\" class=\"yoast-schema-graph\">{\"@context\":\"https:\\\/\\\/schema.org\",\"@graph\":[{\"@type\":\"WebPage\",\"@id\":\"https:\\\/\\\/yasminfood.ch\\\/de\\\/product\\\/gewuerze-dolma-150g-sheikh\\\/\",\"url\":\"https:\\\/\\\/yasminfood.ch\\\/de\\\/product\\\/gewuerze-dolma-150g-sheikh\\\/\",\"name\":\"Gew\u00fcrze Dolma 150g Sheikh - Yasmin Food\",\"isPartOf\":{\"@id\":\"https:\\\/\\\/yasminfood.ch\\\/de\\\/#website\"},\"primaryImageOfPage\":{\"@id\":\"https:\\\/\\\/yasminfood.ch\\\/de\\\/product\\\/gewuerze-dolma-150g-sheikh\\\/#primaryimage\"},\"image\":{\"@id\":\"https:\\\/\\\/yasminfood.ch\\\/de\\\/product\\\/gewuerze-dolma-150g-sheikh\\\/#primaryimage\"},\"thumbnailUrl\":\"https:\\\/\\\/yasminfood.ch\\\/wp-content\\\/uploads\\\/2025\\\/06\\\/\u0628\u0647\u0627\u0631-\u062f\u0648\u0644\u0645\u0629-150\u063a-\u0627\u0644\u0634\u064a\u062e.png\",\"datePublished\":\"2025-06-27T13:20:37+00:00\",\"description\":\"Verleihen Sie Ihren Gerichten eine unverwechselbare Note mit Dolma Spices 150g Sheikh! Genie\u00dfen Sie den authentischen Geschmack, den Sie dem Mahashi verleihen, und bereiten Sie einzigartige Gerichte zu. Gew\u00fcrze Dolma 150g Sheikh\",\"breadcrumb\":{\"@id\":\"https:\\\/\\\/yasminfood.ch\\\/de\\\/product\\\/gewuerze-dolma-150g-sheikh\\\/#breadcrumb\"},\"inLanguage\":\"de\",\"potentialAction\":[{\"@type\":\"ReadAction\",\"target\":[\"https:\\\/\\\/yasminfood.ch\\\/de\\\/product\\\/gewuerze-dolma-150g-sheikh\\\/\"]}]},{\"@type\":\"ImageObject\",\"inLanguage\":\"de\",\"@id\":\"https:\\\/\\\/yasminfood.ch\\\/de\\\/product\\\/gewuerze-dolma-150g-sheikh\\\/#primaryimage\",\"url\":\"https:\\\/\\\/yasminfood.ch\\\/wp-content\\\/uploads\\\/2025\\\/06\\\/\u0628\u0647\u0627\u0631-\u062f\u0648\u0644\u0645\u0629-150\u063a-\u0627\u0644\u0634\u064a\u062e.png\",\"contentUrl\":\"https:\\\/\\\/yasminfood.ch\\\/wp-content\\\/uploads\\\/2025\\\/06\\\/\u0628\u0647\u0627\u0631-\u062f\u0648\u0644\u0645\u0629-150\u063a-\u0627\u0644\u0634\u064a\u062e.png\",\"width\":1890,\"height\":1890,\"caption\":\"Gew\u00fcrze Dolma 150g Sheikh\"},{\"@type\":\"BreadcrumbList\",\"@id\":\"https:\\\/\\\/yasminfood.ch\\\/de\\\/product\\\/gewuerze-dolma-150g-sheikh\\\/#breadcrumb\",\"itemListElement\":[{\"@type\":\"ListItem\",\"position\":1,\"name\":\"\u0627\u0644\u0631\u0626\u064a\u0633\u064a\u0629\",\"item\":\"https:\\\/\\\/yasminfood.ch\\\/de\\\/zuhause\\\/\"},{\"@type\":\"ListItem\",\"position\":2,\"name\":\"Shop\",\"item\":\"https:\\\/\\\/yasminfood.ch\\\/de\\\/shop\\\/\"},{\"@type\":\"ListItem\",\"position\":3,\"name\":\"Gew\u00fcrze &amp; N\u00fcsse\",\"item\":\"https:\\\/\\\/yasminfood.ch\\\/de\\\/produkt-kategorie\\\/gewuerze-nuesse\\\/\"},{\"@type\":\"ListItem\",\"position\":4,\"name\":\"Gew\u00fcrze Dolma 150g Sheikh\"}]},{\"@type\":\"WebSite\",\"@id\":\"https:\\\/\\\/yasminfood.ch\\\/de\\\/#website\",\"url\":\"https:\\\/\\\/yasminfood.ch\\\/de\\\/\",\"name\":\"\u064a\u0627\u0633\u0645\u064a\u0646 \u0645\u0627\u0631\u0643\u062a\",\"description\":\"Alles, was Sie brauchen, an einem Ort\",\"publisher\":{\"@id\":\"https:\\\/\\\/yasminfood.ch\\\/de\\\/#organization\"},\"alternateName\":\"Yasmin Food\",\"potentialAction\":[{\"@type\":\"SearchAction\",\"target\":{\"@type\":\"EntryPoint\",\"urlTemplate\":\"https:\\\/\\\/yasminfood.ch\\\/de\\\/?s={search_term_string}\"},\"query-input\":{\"@type\":\"PropertyValueSpecification\",\"valueRequired\":true,\"valueName\":\"search_term_string\"}}],\"inLanguage\":\"de\"},{\"@type\":\"Organization\",\"@id\":\"https:\\\/\\\/yasminfood.ch\\\/de\\\/#organization\",\"name\":\"\u064a\u0627\u0633\u0645\u064a\u0646 \u0645\u0627\u0631\u0643\u062a\",\"alternateName\":\"Yasmin Food\",\"url\":\"https:\\\/\\\/yasminfood.ch\\\/de\\\/\",\"logo\":{\"@type\":\"ImageObject\",\"inLanguage\":\"de\",\"@id\":\"https:\\\/\\\/yasminfood.ch\\\/de\\\/#\\\/schema\\\/logo\\\/image\\\/\",\"url\":\"https:\\\/\\\/yasminfood.ch\\\/wp-content\\\/uploads\\\/2025\\\/05\\\/yasmin-food-header-logo.png\",\"contentUrl\":\"https:\\\/\\\/yasminfood.ch\\\/wp-content\\\/uploads\\\/2025\\\/05\\\/yasmin-food-header-logo.png\",\"width\":330,\"height\":120,\"caption\":\"\u064a\u0627\u0633\u0645\u064a\u0646 \u0645\u0627\u0631\u0643\u062a\"},\"image\":{\"@id\":\"https:\\\/\\\/yasminfood.ch\\\/de\\\/#\\\/schema\\\/logo\\\/image\\\/\"},\"sameAs\":[\"https:\\\/\\\/www.facebook.com\\\/yasminmarkt1\",\"https:\\\/\\\/www.tiktok.com\\\/@yasminmarkt\",\"https:\\\/\\\/www.instagram.com\\\/yasmin.markt1\\\/\",\"https:\\\/\\\/api.whatsapp.com\\\/send\\\/?phone=41799000104\"],\"publishingPrinciples\":\"https:\\\/\\\/yasminfood.ch\\\/de\\\/shop\\\/\",\"ownershipFundingInfo\":\"https:\\\/\\\/yasminfood.ch\\\/de\\\/shop\\\/\"}]}<\/script>\n<meta property=\"product:price:amount\" content=\"4.50\" \/>\n<meta property=\"product:price:currency\" content=\"CHF\" \/>\n<meta property=\"og:availability\" content=\"instock\" \/>\n<meta property=\"product:availability\" content=\"instock\" \/>\n<meta property=\"product:condition\" content=\"new\" \/>\n<!-- \/ Yoast SEO Premium plugin. -->","yoast_head_json":{"title":"Gew\u00fcrze Dolma 150g Sheikh - Yasmin Food","description":"Verleihen Sie Ihren Gerichten eine unverwechselbare Note mit Dolma Spices 150g Sheikh! Genie\u00dfen Sie den authentischen Geschmack, den Sie dem Mahashi verleihen, und bereiten Sie einzigartige Gerichte zu. Gew\u00fcrze Dolma 150g Sheikh","robots":{"index":"index","follow":"follow","max-snippet":"max-snippet:-1","max-image-preview":"max-image-preview:large","max-video-preview":"max-video-preview:-1"},"canonical":"https:\/\/yasminfood.ch\/de\/product\/gewuerze-dolma-150g-sheikh\/","og_locale":"de_DE","og_type":"article","og_title":"Gew\u00fcrze Dolma 150g Sheikh","og_description":"Gew\u00fcrze Dolma 150g Sheikh   Verleihen Sie Ihren gef\u00fcllten Gerichten eine authentische und k\u00f6stliche Note Eine sorgf\u00e4ltig ausgewogene Mischung aus den feinsten Gew\u00fcrzen, die speziell f\u00fcr die Zubereitung von Dolma, Yabruk und Weinbl\u00e4ttern ausgew\u00e4hlt wurden","og_url":"https:\/\/yasminfood.ch\/de\/product\/gewuerze-dolma-150g-sheikh\/","og_site_name":"Yasmin Food","article_publisher":"https:\/\/www.facebook.com\/yasminmarkt1","og_image":[{"width":1024,"height":1024,"url":"https:\/\/yasminfood.ch\/wp-content\/uploads\/2025\/06\/\u0628\u0647\u0627\u0631-\u062f\u0648\u0644\u0645\u0629-150\u063a-\u0627\u0644\u0634\u064a\u062e-1024x1024.png","type":"image\/png"}],"twitter_card":"summary_large_image","twitter_misc":{"Preis":"4.50&nbsp;&#67;&#72;&#70;","Verf\u00fcgbarkeit":"Auf Lager"},"schema":{"@context":"https:\/\/schema.org","@graph":[{"@type":"WebPage","@id":"https:\/\/yasminfood.ch\/de\/product\/gewuerze-dolma-150g-sheikh\/","url":"https:\/\/yasminfood.ch\/de\/product\/gewuerze-dolma-150g-sheikh\/","name":"Gew\u00fcrze Dolma 150g Sheikh - Yasmin Food","isPartOf":{"@id":"https:\/\/yasminfood.ch\/de\/#website"},"primaryImageOfPage":{"@id":"https:\/\/yasminfood.ch\/de\/product\/gewuerze-dolma-150g-sheikh\/#primaryimage"},"image":{"@id":"https:\/\/yasminfood.ch\/de\/product\/gewuerze-dolma-150g-sheikh\/#primaryimage"},"thumbnailUrl":"https:\/\/yasminfood.ch\/wp-content\/uploads\/2025\/06\/\u0628\u0647\u0627\u0631-\u062f\u0648\u0644\u0645\u0629-150\u063a-\u0627\u0644\u0634\u064a\u062e.png","datePublished":"2025-06-27T13:20:37+00:00","description":"Verleihen Sie Ihren Gerichten eine unverwechselbare Note mit Dolma Spices 150g Sheikh! Genie\u00dfen Sie den authentischen Geschmack, den Sie dem Mahashi verleihen, und bereiten Sie einzigartige Gerichte zu. Gew\u00fcrze Dolma 150g Sheikh","breadcrumb":{"@id":"https:\/\/yasminfood.ch\/de\/product\/gewuerze-dolma-150g-sheikh\/#breadcrumb"},"inLanguage":"de","potentialAction":[{"@type":"ReadAction","target":["https:\/\/yasminfood.ch\/de\/product\/gewuerze-dolma-150g-sheikh\/"]}]},{"@type":"ImageObject","inLanguage":"de","@id":"https:\/\/yasminfood.ch\/de\/product\/gewuerze-dolma-150g-sheikh\/#primaryimage","url":"https:\/\/yasminfood.ch\/wp-content\/uploads\/2025\/06\/\u0628\u0647\u0627\u0631-\u062f\u0648\u0644\u0645\u0629-150\u063a-\u0627\u0644\u0634\u064a\u062e.png","contentUrl":"https:\/\/yasminfood.ch\/wp-content\/uploads\/2025\/06\/\u0628\u0647\u0627\u0631-\u062f\u0648\u0644\u0645\u0629-150\u063a-\u0627\u0644\u0634\u064a\u062e.png","width":1890,"height":1890,"caption":"Gew\u00fcrze Dolma 150g Sheikh"},{"@type":"BreadcrumbList","@id":"https:\/\/yasminfood.ch\/de\/product\/gewuerze-dolma-150g-sheikh\/#breadcrumb","itemListElement":[{"@type":"ListItem","position":1,"name":"\u0627\u0644\u0631\u0626\u064a\u0633\u064a\u0629","item":"https:\/\/yasminfood.ch\/de\/zuhause\/"},{"@type":"ListItem","position":2,"name":"Shop","item":"https:\/\/yasminfood.ch\/de\/shop\/"},{"@type":"ListItem","position":3,"name":"Gew\u00fcrze &amp; N\u00fcsse","item":"https:\/\/yasminfood.ch\/de\/produkt-kategorie\/gewuerze-nuesse\/"},{"@type":"ListItem","position":4,"name":"Gew\u00fcrze Dolma 150g Sheikh"}]},{"@type":"WebSite","@id":"https:\/\/yasminfood.ch\/de\/#website","url":"https:\/\/yasminfood.ch\/de\/","name":"\u064a\u0627\u0633\u0645\u064a\u0646 \u0645\u0627\u0631\u0643\u062a","description":"Alles, was Sie brauchen, an einem Ort","publisher":{"@id":"https:\/\/yasminfood.ch\/de\/#organization"},"alternateName":"Yasmin Food","potentialAction":[{"@type":"SearchAction","target":{"@type":"EntryPoint","urlTemplate":"https:\/\/yasminfood.ch\/de\/?s={search_term_string}"},"query-input":{"@type":"PropertyValueSpecification","valueRequired":true,"valueName":"search_term_string"}}],"inLanguage":"de"},{"@type":"Organization","@id":"https:\/\/yasminfood.ch\/de\/#organization","name":"\u064a\u0627\u0633\u0645\u064a\u0646 \u0645\u0627\u0631\u0643\u062a","alternateName":"Yasmin Food","url":"https:\/\/yasminfood.ch\/de\/","logo":{"@type":"ImageObject","inLanguage":"de","@id":"https:\/\/yasminfood.ch\/de\/#\/schema\/logo\/image\/","url":"https:\/\/yasminfood.ch\/wp-content\/uploads\/2025\/05\/yasmin-food-header-logo.png","contentUrl":"https:\/\/yasminfood.ch\/wp-content\/uploads\/2025\/05\/yasmin-food-header-logo.png","width":330,"height":120,"caption":"\u064a\u0627\u0633\u0645\u064a\u0646 \u0645\u0627\u0631\u0643\u062a"},"image":{"@id":"https:\/\/yasminfood.ch\/de\/#\/schema\/logo\/image\/"},"sameAs":["https:\/\/www.facebook.com\/yasminmarkt1","https:\/\/www.tiktok.com\/@yasminmarkt","https:\/\/www.instagram.com\/yasmin.markt1\/","https:\/\/api.whatsapp.com\/send\/?phone=41799000104"],"publishingPrinciples":"https:\/\/yasminfood.ch\/de\/shop\/","ownershipFundingInfo":"https:\/\/yasminfood.ch\/de\/shop\/"}]},"product_price_amount":"4.50","product_price_currency":"CHF","og_availability":"instock","product_availability":"instock","product_condition":"new"},"jetpack_sharing_enabled":true,"_links":{"self":[{"href":"https:\/\/yasminfood.ch\/de\/wp-json\/wp\/v2\/product\/117873","targetHints":{"allow":["GET"]}}],"collection":[{"href":"https:\/\/yasminfood.ch\/de\/wp-json\/wp\/v2\/product"}],"about":[{"href":"https:\/\/yasminfood.ch\/de\/wp-json\/wp\/v2\/types\/product"}],"replies":[{"embeddable":true,"href":"https:\/\/yasminfood.ch\/de\/wp-json\/wp\/v2\/comments?post=117873"}],"version-history":[{"count":0,"href":"https:\/\/yasminfood.ch\/de\/wp-json\/wp\/v2\/product\/117873\/revisions"}],"wp:featuredmedia":[{"embeddable":true,"href":"https:\/\/yasminfood.ch\/de\/wp-json\/wp\/v2\/media\/117870"}],"wp:attachment":[{"href":"https:\/\/yasminfood.ch\/de\/wp-json\/wp\/v2\/media?parent=117873"}],"wp:term":[{"taxonomy":"product_brand","embeddable":true,"href":"https:\/\/yasminfood.ch\/de\/wp-json\/wp\/v2\/product_brand?post=117873"},{"taxonomy":"product_cat","embeddable":true,"href":"https:\/\/yasminfood.ch\/de\/wp-json\/wp\/v2\/product_cat?post=117873"},{"taxonomy":"product_tag","embeddable":true,"href":"https:\/\/yasminfood.ch\/de\/wp-json\/wp\/v2\/product_tag?post=117873"}],"curies":[{"name":"wp","href":"https:\/\/api.w.org\/{rel}","templated":true}]}}