{"id":117892,"date":"2025-06-27T16:56:08","date_gmt":"2025-06-27T14:56:08","guid":{"rendered":"https:\/\/yasminfood.ch\/product\/gekochte-saubohnen-naz-400g\/"},"modified":"2025-06-27T17:02:26","modified_gmt":"2025-06-27T15:02:26","slug":"gekochte-saubohnen-naz-400g","status":"publish","type":"product","link":"https:\/\/yasminfood.ch\/de\/product\/gekochte-saubohnen-naz-400g\/","title":{"rendered":"Gekochte Saubohnen Naz 400g"},"content":{"rendered":"<p><strong>Gekochte Saubohnen Naz 400g<\/strong><\/p>\n<ul>\n<li>\n<p data-start=\"222\" data-end=\"441\">Fertig zum Verzehr direkt oder zur schnellen Zubereitung mit Ihren t\u00e4glichen Rezepten.<\/p>\n<\/li>\n<li>\n<p data-start=\"222\" data-end=\"441\">Diese Bohne zeichnet sich durch ihre gro\u00dfen, koh\u00e4siven K\u00f6rner und ihren k\u00f6stlichen nat\u00fcrlichen Geschmack ohne k\u00fcnstliche Zusatzstoffe aus, um Ihren Gerichten einen reichen Geschmack und einen hohen N\u00e4hrwert zu verleihen. <\/p>\n<p data-start=\"443\" data-end=\"694\">Saubohnen sind eine ausgezeichnete Quelle f\u00fcr pflanzliches Eiwei\u00df und Ballaststoffe.<\/p>\n<\/li>\n<li>\n<p data-start=\"443\" data-end=\"694\">Es enth\u00e4lt auch Vitamine und Mineralstoffe, die f\u00fcr die Unterst\u00fctzung von Energie und K\u00f6rpergesundheit unerl\u00e4sslich sind.<\/p>\n<\/li>\n<li>\n<p data-start=\"443\" data-end=\"694\">Sie k\u00f6nnen es bei der Zubereitung von Vorspeisen, Salaten, Bohnen mit \u00d6l und Zitrone verwenden oder es zu Reis- und Gem\u00fcsegerichten hinzuf\u00fcgen, um ihm einen unverwechselbaren Geschmack zu verleihen.  <\/p>\n<p data-start=\"696\" data-end=\"866\">\u2714\ufe0f <strong data-start=\"699\" data-end=\"716\">Nettogewicht:<\/strong> 400 g<br data-start=\"725\" data-end=\"728\">\u2714\ufe0f <strong data-start=\"731\" data-end=\"744\">Zutaten:<\/strong> Saubohnen, Wasser, Salz<br data-start=\"763\" data-end=\"766\">\u2714\ufe0f <strong data-start=\"769\" data-end=\"785\">Verwendung:<\/strong> Verzehrfertig, f\u00fcr Vorspeisen, Salate und Fast Food<br data-start=\"839\" data-end=\"842\">\u2714\ufe0f <strong data-start=\"845\" data-end=\"860\">Herkunftsland:<\/strong> T\u00fcrkei  <\/p>\n<\/li>\n<\/ul>\n","protected":false},"excerpt":{"rendered":"<p><strong>Gekochte Saubohnen Naz 400g<\/strong><\/p>\n<ul>\n<li>\n<p data-start=\"222\" data-end=\"441\">Direkt verzehrfertig oder zur schnellen Zubereitung mit Ihren t\u00e4glichen Rezepten<\/p>\n<\/li>\n<\/ul>\n","protected":false},"featured_media":117881,"comment_status":"open","ping_status":"closed","template":"","meta":[],"product_brand":[],"product_cat":[282,245],"product_tag":[],"class_list":{"0":"post-117892","1":"product","2":"type-product","3":"status-publish","4":"has-post-thumbnail","6":"product_cat-fava-bohnen","7":"product_cat-konserven-lebensmittel","9":"first","10":"outofstock","11":"taxable","12":"shipping-taxable","13":"purchasable","14":"product-type-simple"},"yoast_head":"<!-- This site is optimized with the Yoast SEO Premium plugin v26.5 (Yoast SEO v27.4) - https:\/\/yoast.com\/product\/yoast-seo-premium-wordpress\/ -->\n<title>Gekochte Saubohnen Naz 400g - Yasmin Food<\/title>\n<meta name=\"description\" content=\"Genie\u00dfen Sie den reichhaltigen und nahrhaften Geschmack von saugekochten Bohnen 400g! Verzehrfertig und perfekt f\u00fcr Ihre t\u00e4glichen Rezepte, probieren Sie es jetzt aus. Yasmin Food\" \/>\n<meta name=\"robots\" content=\"index, follow, max-snippet:-1, max-image-preview:large, max-video-preview:-1\" \/>\n<link rel=\"canonical\" href=\"https:\/\/yasminfood.ch\/de\/product\/gekochte-saubohnen-naz-400g\/\" \/>\n<meta property=\"og:locale\" content=\"de_DE\" \/>\n<meta property=\"og:type\" content=\"article\" \/>\n<meta property=\"og:title\" content=\"Gekochte Saubohnen Naz 400g\" \/>\n<meta property=\"og:description\" content=\"Gekochte Saubohnen Naz 400g   Direkt verzehrfertig oder zur schnellen Zubereitung mit Ihren t\u00e4glichen Rezepten\" \/>\n<meta property=\"og:url\" content=\"https:\/\/yasminfood.ch\/de\/product\/gekochte-saubohnen-naz-400g\/\" \/>\n<meta property=\"og:site_name\" content=\"Yasmin Food\" \/>\n<meta property=\"article:publisher\" content=\"https:\/\/www.facebook.com\/yasminmarkt1\" \/>\n<meta property=\"article:modified_time\" content=\"2025-06-27T15:02:26+00:00\" \/>\n<meta property=\"og:image\" content=\"https:\/\/yasminfood.ch\/wp-content\/uploads\/2025\/06\/\u0641\u0648\u0644-\u0639\u0631\u064a\u0636-\u0645\u0633\u0644\u0648\u0642-\u0646\u0627\u0632-400\u063a.png\" \/>\n\t<meta property=\"og:image:width\" content=\"1080\" \/>\n\t<meta property=\"og:image:height\" content=\"1080\" \/>\n\t<meta property=\"og:image:type\" content=\"image\/png\" \/>\n<meta name=\"twitter:card\" content=\"summary_large_image\" \/>\n<meta name=\"twitter:label1\" content=\"Preis\" \/>\n\t<meta name=\"twitter:data1\" content=\"1.95&nbsp;&#067;&#072;&#070;\" \/>\n\t<meta name=\"twitter:label2\" content=\"Verf\u00fcgbarkeit\" \/>\n\t<meta name=\"twitter:data2\" content=\"ausverkauft\" \/>\n<script type=\"application\/ld+json\" class=\"yoast-schema-graph\">{\"@context\":\"https:\\\/\\\/schema.org\",\"@graph\":[{\"@type\":\"WebPage\",\"@id\":\"https:\\\/\\\/yasminfood.ch\\\/de\\\/product\\\/gekochte-saubohnen-naz-400g\\\/\",\"url\":\"https:\\\/\\\/yasminfood.ch\\\/de\\\/product\\\/gekochte-saubohnen-naz-400g\\\/\",\"name\":\"Gekochte Saubohnen Naz 400g - Yasmin Food\",\"isPartOf\":{\"@id\":\"https:\\\/\\\/yasminfood.ch\\\/de\\\/#website\"},\"primaryImageOfPage\":{\"@id\":\"https:\\\/\\\/yasminfood.ch\\\/de\\\/product\\\/gekochte-saubohnen-naz-400g\\\/#primaryimage\"},\"image\":{\"@id\":\"https:\\\/\\\/yasminfood.ch\\\/de\\\/product\\\/gekochte-saubohnen-naz-400g\\\/#primaryimage\"},\"thumbnailUrl\":\"https:\\\/\\\/yasminfood.ch\\\/wp-content\\\/uploads\\\/2025\\\/06\\\/\u0641\u0648\u0644-\u0639\u0631\u064a\u0636-\u0645\u0633\u0644\u0648\u0642-\u0646\u0627\u0632-400\u063a.png\",\"datePublished\":\"2025-06-27T14:56:08+00:00\",\"dateModified\":\"2025-06-27T15:02:26+00:00\",\"description\":\"Genie\u00dfen Sie den reichhaltigen und nahrhaften Geschmack von saugekochten Bohnen 400g! Verzehrfertig und perfekt f\u00fcr Ihre t\u00e4glichen Rezepte, probieren Sie es jetzt aus. Yasmin Food\",\"breadcrumb\":{\"@id\":\"https:\\\/\\\/yasminfood.ch\\\/de\\\/product\\\/gekochte-saubohnen-naz-400g\\\/#breadcrumb\"},\"inLanguage\":\"de\",\"potentialAction\":[{\"@type\":\"ReadAction\",\"target\":[\"https:\\\/\\\/yasminfood.ch\\\/de\\\/product\\\/gekochte-saubohnen-naz-400g\\\/\"]}]},{\"@type\":\"ImageObject\",\"inLanguage\":\"de\",\"@id\":\"https:\\\/\\\/yasminfood.ch\\\/de\\\/product\\\/gekochte-saubohnen-naz-400g\\\/#primaryimage\",\"url\":\"https:\\\/\\\/yasminfood.ch\\\/wp-content\\\/uploads\\\/2025\\\/06\\\/\u0641\u0648\u0644-\u0639\u0631\u064a\u0636-\u0645\u0633\u0644\u0648\u0642-\u0646\u0627\u0632-400\u063a.png\",\"contentUrl\":\"https:\\\/\\\/yasminfood.ch\\\/wp-content\\\/uploads\\\/2025\\\/06\\\/\u0641\u0648\u0644-\u0639\u0631\u064a\u0636-\u0645\u0633\u0644\u0648\u0642-\u0646\u0627\u0632-400\u063a.png\",\"width\":1080,\"height\":1080,\"caption\":\"Gekochte Saubohnen Naz 400g\"},{\"@type\":\"BreadcrumbList\",\"@id\":\"https:\\\/\\\/yasminfood.ch\\\/de\\\/product\\\/gekochte-saubohnen-naz-400g\\\/#breadcrumb\",\"itemListElement\":[{\"@type\":\"ListItem\",\"position\":1,\"name\":\"\u0627\u0644\u0631\u0626\u064a\u0633\u064a\u0629\",\"item\":\"https:\\\/\\\/yasminfood.ch\\\/de\\\/zuhause\\\/\"},{\"@type\":\"ListItem\",\"position\":2,\"name\":\"Shop\",\"item\":\"https:\\\/\\\/yasminfood.ch\\\/de\\\/shop\\\/\"},{\"@type\":\"ListItem\",\"position\":3,\"name\":\"Konserven - Lebensmittel\",\"item\":\"https:\\\/\\\/yasminfood.ch\\\/de\\\/produkt-kategorie\\\/konserven-lebensmittel\\\/\"},{\"@type\":\"ListItem\",\"position\":4,\"name\":\"Fava Bohnen\",\"item\":\"https:\\\/\\\/yasminfood.ch\\\/de\\\/produkt-kategorie\\\/konserven-lebensmittel\\\/fava-bohnen\\\/\"},{\"@type\":\"ListItem\",\"position\":5,\"name\":\"Gekochte Saubohnen Naz 400g\"}]},{\"@type\":\"WebSite\",\"@id\":\"https:\\\/\\\/yasminfood.ch\\\/de\\\/#website\",\"url\":\"https:\\\/\\\/yasminfood.ch\\\/de\\\/\",\"name\":\"\u064a\u0627\u0633\u0645\u064a\u0646 \u0645\u0627\u0631\u0643\u062a\",\"description\":\"Alles, was Sie brauchen, an einem Ort\",\"publisher\":{\"@id\":\"https:\\\/\\\/yasminfood.ch\\\/de\\\/#organization\"},\"alternateName\":\"Yasmin Food\",\"potentialAction\":[{\"@type\":\"SearchAction\",\"target\":{\"@type\":\"EntryPoint\",\"urlTemplate\":\"https:\\\/\\\/yasminfood.ch\\\/de\\\/?s={search_term_string}\"},\"query-input\":{\"@type\":\"PropertyValueSpecification\",\"valueRequired\":true,\"valueName\":\"search_term_string\"}}],\"inLanguage\":\"de\"},{\"@type\":\"Organization\",\"@id\":\"https:\\\/\\\/yasminfood.ch\\\/de\\\/#organization\",\"name\":\"\u064a\u0627\u0633\u0645\u064a\u0646 \u0645\u0627\u0631\u0643\u062a\",\"alternateName\":\"Yasmin Food\",\"url\":\"https:\\\/\\\/yasminfood.ch\\\/de\\\/\",\"logo\":{\"@type\":\"ImageObject\",\"inLanguage\":\"de\",\"@id\":\"https:\\\/\\\/yasminfood.ch\\\/de\\\/#\\\/schema\\\/logo\\\/image\\\/\",\"url\":\"https:\\\/\\\/yasminfood.ch\\\/wp-content\\\/uploads\\\/2025\\\/05\\\/yasmin-food-header-logo.png\",\"contentUrl\":\"https:\\\/\\\/yasminfood.ch\\\/wp-content\\\/uploads\\\/2025\\\/05\\\/yasmin-food-header-logo.png\",\"width\":330,\"height\":120,\"caption\":\"\u064a\u0627\u0633\u0645\u064a\u0646 \u0645\u0627\u0631\u0643\u062a\"},\"image\":{\"@id\":\"https:\\\/\\\/yasminfood.ch\\\/de\\\/#\\\/schema\\\/logo\\\/image\\\/\"},\"sameAs\":[\"https:\\\/\\\/www.facebook.com\\\/yasminmarkt1\",\"https:\\\/\\\/www.tiktok.com\\\/@yasminmarkt\",\"https:\\\/\\\/www.instagram.com\\\/yasmin.markt1\\\/\",\"https:\\\/\\\/api.whatsapp.com\\\/send\\\/?phone=41799000104\"],\"publishingPrinciples\":\"https:\\\/\\\/yasminfood.ch\\\/de\\\/shop\\\/\",\"ownershipFundingInfo\":\"https:\\\/\\\/yasminfood.ch\\\/de\\\/shop\\\/\"}]}<\/script>\n<meta property=\"product:price:amount\" content=\"1.95\" \/>\n<meta property=\"product:price:currency\" content=\"CHF\" \/>\n<meta property=\"og:availability\" content=\"out of stock\" \/>\n<meta property=\"product:availability\" content=\"out of stock\" \/>\n<meta property=\"product:condition\" content=\"new\" \/>\n<!-- \/ Yoast SEO Premium plugin. -->","yoast_head_json":{"title":"Gekochte Saubohnen Naz 400g - Yasmin Food","description":"Genie\u00dfen Sie den reichhaltigen und nahrhaften Geschmack von saugekochten Bohnen 400g! Verzehrfertig und perfekt f\u00fcr Ihre t\u00e4glichen Rezepte, probieren Sie es jetzt aus. Yasmin Food","robots":{"index":"index","follow":"follow","max-snippet":"max-snippet:-1","max-image-preview":"max-image-preview:large","max-video-preview":"max-video-preview:-1"},"canonical":"https:\/\/yasminfood.ch\/de\/product\/gekochte-saubohnen-naz-400g\/","og_locale":"de_DE","og_type":"article","og_title":"Gekochte Saubohnen Naz 400g","og_description":"Gekochte Saubohnen Naz 400g   Direkt verzehrfertig oder zur schnellen Zubereitung mit Ihren t\u00e4glichen Rezepten","og_url":"https:\/\/yasminfood.ch\/de\/product\/gekochte-saubohnen-naz-400g\/","og_site_name":"Yasmin Food","article_publisher":"https:\/\/www.facebook.com\/yasminmarkt1","article_modified_time":"2025-06-27T15:02:26+00:00","og_image":[{"width":1080,"height":1080,"url":"https:\/\/yasminfood.ch\/wp-content\/uploads\/2025\/06\/\u0641\u0648\u0644-\u0639\u0631\u064a\u0636-\u0645\u0633\u0644\u0648\u0642-\u0646\u0627\u0632-400\u063a.png","type":"image\/png"}],"twitter_card":"summary_large_image","twitter_misc":{"Preis":"1.95&nbsp;&#67;&#72;&#70;","Verf\u00fcgbarkeit":"ausverkauft"},"schema":{"@context":"https:\/\/schema.org","@graph":[{"@type":"WebPage","@id":"https:\/\/yasminfood.ch\/de\/product\/gekochte-saubohnen-naz-400g\/","url":"https:\/\/yasminfood.ch\/de\/product\/gekochte-saubohnen-naz-400g\/","name":"Gekochte Saubohnen Naz 400g - Yasmin Food","isPartOf":{"@id":"https:\/\/yasminfood.ch\/de\/#website"},"primaryImageOfPage":{"@id":"https:\/\/yasminfood.ch\/de\/product\/gekochte-saubohnen-naz-400g\/#primaryimage"},"image":{"@id":"https:\/\/yasminfood.ch\/de\/product\/gekochte-saubohnen-naz-400g\/#primaryimage"},"thumbnailUrl":"https:\/\/yasminfood.ch\/wp-content\/uploads\/2025\/06\/\u0641\u0648\u0644-\u0639\u0631\u064a\u0636-\u0645\u0633\u0644\u0648\u0642-\u0646\u0627\u0632-400\u063a.png","datePublished":"2025-06-27T14:56:08+00:00","dateModified":"2025-06-27T15:02:26+00:00","description":"Genie\u00dfen Sie den reichhaltigen und nahrhaften Geschmack von saugekochten Bohnen 400g! Verzehrfertig und perfekt f\u00fcr Ihre t\u00e4glichen Rezepte, probieren Sie es jetzt aus. Yasmin Food","breadcrumb":{"@id":"https:\/\/yasminfood.ch\/de\/product\/gekochte-saubohnen-naz-400g\/#breadcrumb"},"inLanguage":"de","potentialAction":[{"@type":"ReadAction","target":["https:\/\/yasminfood.ch\/de\/product\/gekochte-saubohnen-naz-400g\/"]}]},{"@type":"ImageObject","inLanguage":"de","@id":"https:\/\/yasminfood.ch\/de\/product\/gekochte-saubohnen-naz-400g\/#primaryimage","url":"https:\/\/yasminfood.ch\/wp-content\/uploads\/2025\/06\/\u0641\u0648\u0644-\u0639\u0631\u064a\u0636-\u0645\u0633\u0644\u0648\u0642-\u0646\u0627\u0632-400\u063a.png","contentUrl":"https:\/\/yasminfood.ch\/wp-content\/uploads\/2025\/06\/\u0641\u0648\u0644-\u0639\u0631\u064a\u0636-\u0645\u0633\u0644\u0648\u0642-\u0646\u0627\u0632-400\u063a.png","width":1080,"height":1080,"caption":"Gekochte Saubohnen Naz 400g"},{"@type":"BreadcrumbList","@id":"https:\/\/yasminfood.ch\/de\/product\/gekochte-saubohnen-naz-400g\/#breadcrumb","itemListElement":[{"@type":"ListItem","position":1,"name":"\u0627\u0644\u0631\u0626\u064a\u0633\u064a\u0629","item":"https:\/\/yasminfood.ch\/de\/zuhause\/"},{"@type":"ListItem","position":2,"name":"Shop","item":"https:\/\/yasminfood.ch\/de\/shop\/"},{"@type":"ListItem","position":3,"name":"Konserven - Lebensmittel","item":"https:\/\/yasminfood.ch\/de\/produkt-kategorie\/konserven-lebensmittel\/"},{"@type":"ListItem","position":4,"name":"Fava Bohnen","item":"https:\/\/yasminfood.ch\/de\/produkt-kategorie\/konserven-lebensmittel\/fava-bohnen\/"},{"@type":"ListItem","position":5,"name":"Gekochte Saubohnen Naz 400g"}]},{"@type":"WebSite","@id":"https:\/\/yasminfood.ch\/de\/#website","url":"https:\/\/yasminfood.ch\/de\/","name":"\u064a\u0627\u0633\u0645\u064a\u0646 \u0645\u0627\u0631\u0643\u062a","description":"Alles, was Sie brauchen, an einem Ort","publisher":{"@id":"https:\/\/yasminfood.ch\/de\/#organization"},"alternateName":"Yasmin Food","potentialAction":[{"@type":"SearchAction","target":{"@type":"EntryPoint","urlTemplate":"https:\/\/yasminfood.ch\/de\/?s={search_term_string}"},"query-input":{"@type":"PropertyValueSpecification","valueRequired":true,"valueName":"search_term_string"}}],"inLanguage":"de"},{"@type":"Organization","@id":"https:\/\/yasminfood.ch\/de\/#organization","name":"\u064a\u0627\u0633\u0645\u064a\u0646 \u0645\u0627\u0631\u0643\u062a","alternateName":"Yasmin Food","url":"https:\/\/yasminfood.ch\/de\/","logo":{"@type":"ImageObject","inLanguage":"de","@id":"https:\/\/yasminfood.ch\/de\/#\/schema\/logo\/image\/","url":"https:\/\/yasminfood.ch\/wp-content\/uploads\/2025\/05\/yasmin-food-header-logo.png","contentUrl":"https:\/\/yasminfood.ch\/wp-content\/uploads\/2025\/05\/yasmin-food-header-logo.png","width":330,"height":120,"caption":"\u064a\u0627\u0633\u0645\u064a\u0646 \u0645\u0627\u0631\u0643\u062a"},"image":{"@id":"https:\/\/yasminfood.ch\/de\/#\/schema\/logo\/image\/"},"sameAs":["https:\/\/www.facebook.com\/yasminmarkt1","https:\/\/www.tiktok.com\/@yasminmarkt","https:\/\/www.instagram.com\/yasmin.markt1\/","https:\/\/api.whatsapp.com\/send\/?phone=41799000104"],"publishingPrinciples":"https:\/\/yasminfood.ch\/de\/shop\/","ownershipFundingInfo":"https:\/\/yasminfood.ch\/de\/shop\/"}]},"product_price_amount":"1.95","product_price_currency":"CHF","og_availability":"out of stock","product_availability":"out of stock","product_condition":"new"},"jetpack_sharing_enabled":true,"_links":{"self":[{"href":"https:\/\/yasminfood.ch\/de\/wp-json\/wp\/v2\/product\/117892","targetHints":{"allow":["GET"]}}],"collection":[{"href":"https:\/\/yasminfood.ch\/de\/wp-json\/wp\/v2\/product"}],"about":[{"href":"https:\/\/yasminfood.ch\/de\/wp-json\/wp\/v2\/types\/product"}],"replies":[{"embeddable":true,"href":"https:\/\/yasminfood.ch\/de\/wp-json\/wp\/v2\/comments?post=117892"}],"version-history":[{"count":0,"href":"https:\/\/yasminfood.ch\/de\/wp-json\/wp\/v2\/product\/117892\/revisions"}],"wp:featuredmedia":[{"embeddable":true,"href":"https:\/\/yasminfood.ch\/de\/wp-json\/wp\/v2\/media\/117881"}],"wp:attachment":[{"href":"https:\/\/yasminfood.ch\/de\/wp-json\/wp\/v2\/media?parent=117892"}],"wp:term":[{"taxonomy":"product_brand","embeddable":true,"href":"https:\/\/yasminfood.ch\/de\/wp-json\/wp\/v2\/product_brand?post=117892"},{"taxonomy":"product_cat","embeddable":true,"href":"https:\/\/yasminfood.ch\/de\/wp-json\/wp\/v2\/product_cat?post=117892"},{"taxonomy":"product_tag","embeddable":true,"href":"https:\/\/yasminfood.ch\/de\/wp-json\/wp\/v2\/product_tag?post=117892"}],"curies":[{"name":"wp","href":"https:\/\/api.w.org\/{rel}","templated":true}]}}