{"id":117895,"date":"2025-06-27T16:45:25","date_gmt":"2025-06-27T14:45:25","guid":{"rendered":"https:\/\/yasminfood.ch\/product\/maisstaerke-350g-faenger\/"},"modified":"2025-06-27T17:02:27","modified_gmt":"2025-06-27T15:02:27","slug":"maisstaerke-350g-faenger","status":"publish","type":"product","link":"https:\/\/yasminfood.ch\/de\/product\/maisstaerke-350g-faenger\/","title":{"rendered":"Maisst\u00e4rke 350g F\u00e4nger"},"content":{"rendered":"<p><strong>Maisst\u00e4rke 350g F\u00e4nger<\/strong><\/p>\n<ul>\n<li>\n<p data-start=\"199\" data-end=\"403\">Verleihen Sie Ihren Rezepten einen Hauch von Weichheit und Leichtigkeit Diese St\u00e4rke wird sorgf\u00e4ltig aus feinstem Mais gewonnen<\/p>\n<\/li>\n<li>\n<p data-start=\"199\" data-end=\"403\">  Ein feines, wei\u00dfes Pulver, geruchlos, das sich leicht in kaltem oder hei\u00dfem Wasser aufl\u00f6st.  <\/p>\n<p data-start=\"405\" data-end=\"625\">Zerkleinerte Maisst\u00e4rke wird als nat\u00fcrliches Verdickungsmittel f\u00fcr die Zubereitung von Suppen, Eint\u00f6pfen und verschiedenen Saucen verwendet. <\/p>\n<\/li>\n<li>\n<p data-start=\"405\" data-end=\"625\">Es verleiht ihm eine homogene Textur und ein k\u00f6stliches Aussehen. Es wird auch bei der Herstellung von \u00f6stlichen und westlichen S\u00fc\u00dfigkeiten wie Pudding, Pudding und Kuchen verwendet, um deren Weichheit und Zerbrechlichkeit zu verbessern. <\/p>\n<p data-start=\"627\" data-end=\"792\">\u2714\ufe0f <strong data-start=\"630\" data-end=\"647\">Nettogewicht:<\/strong> 350 g<br data-start=\"656\" data-end=\"659\">\u2714\ufe0f <strong data-start=\"662\" data-end=\"675\">Zutaten:<\/strong> 100% reine Maisst\u00e4rke<br data-start=\"692\" data-end=\"695\">\u2714\ufe0f <strong data-start=\"698\" data-end=\"714\">Verwendung:<\/strong> Verdickungsmittel f\u00fcr Saucen und Suppen, Zubereitung von Desserts und Backwaren<br data-start=\"764\" data-end=\"767\">\u2714\ufe0f <strong data-start=\"770\" data-end=\"785\">Herkunftsland:<\/strong> Jordanien <\/p>\n<\/li>\n<\/ul>\n","protected":false},"excerpt":{"rendered":"<p><strong>Maisst\u00e4rke 350g F\u00e4nger<\/strong><\/p>\n<ul>\n<li>\n<p data-start=\"199\" data-end=\"403\">Verleihen Sie Ihren Rezepten einen Hauch von Weichheit und Leichtigkeit Diese St\u00e4rke wird sorgf\u00e4ltig aus feinstem Mais gewonnen<\/p>\n<\/li>\n<li>\n<p data-start=\"199\" data-end=\"403\">Ergibt ein weiches Pulver, das wei\u00df und geruchsfrei ist und sich leicht in kaltem oder hei\u00dfem Wasser aufl\u00f6st.  <\/p>\n<\/li>\n<\/ul>\n","protected":false},"featured_media":117878,"comment_status":"open","ping_status":"closed","template":"","meta":[],"product_brand":[],"product_cat":[360,356],"product_tag":[],"class_list":{"0":"post-117895","1":"product","2":"type-product","3":"status-publish","4":"has-post-thumbnail","6":"product_cat-gewurze","7":"product_cat-gewuerze-nuesse","9":"first","10":"outofstock","11":"taxable","12":"shipping-taxable","13":"purchasable","14":"product-type-simple"},"yoast_head":"<!-- This site is optimized with the Yoast SEO Premium plugin v26.5 (Yoast SEO v27.4) - https:\/\/yoast.com\/product\/yoast-seo-premium-wordpress\/ -->\n<title>Maisst\u00e4rke 350g F\u00e4nger - Yasmin Food<\/title>\n<meta name=\"description\" content=\"Viel Spa\u00df bei der Zubereitung Ihrer k\u00f6stlichen aromatisierten Rezepte mit Maisst\u00e4rke 350 g zerkleinert. Nat\u00fcrliches Verdickungsmittel, perfekt f\u00fcr Suppen und Desserts! \ud83c\udf3d Yasmin Food Maisst\u00e4rke 350g F\u00e4nger\" \/>\n<meta name=\"robots\" content=\"index, follow, max-snippet:-1, max-image-preview:large, max-video-preview:-1\" \/>\n<link rel=\"canonical\" href=\"https:\/\/yasminfood.ch\/de\/product\/maisstaerke-350g-faenger\/\" \/>\n<meta property=\"og:locale\" content=\"de_DE\" \/>\n<meta property=\"og:type\" content=\"article\" \/>\n<meta property=\"og:title\" content=\"Maisst\u00e4rke 350g F\u00e4nger\" \/>\n<meta property=\"og:description\" content=\"Maisst\u00e4rke 350g F\u00e4nger   Verleihen Sie Ihren Rezepten einen Hauch von Weichheit und Leichtigkeit Diese St\u00e4rke wird sorgf\u00e4ltig aus feinstem Mais gewonnen   Ergibt ein weiches Pulver, das wei\u00df und geruchsfrei ist und sich leicht in kaltem oder hei\u00dfem Wasser aufl\u00f6st.\" \/>\n<meta property=\"og:url\" content=\"https:\/\/yasminfood.ch\/de\/product\/maisstaerke-350g-faenger\/\" \/>\n<meta property=\"og:site_name\" content=\"Yasmin Food\" \/>\n<meta property=\"article:publisher\" content=\"https:\/\/www.facebook.com\/yasminmarkt1\" \/>\n<meta property=\"article:modified_time\" content=\"2025-06-27T15:02:27+00:00\" \/>\n<meta property=\"og:image\" content=\"https:\/\/yasminfood.ch\/wp-content\/uploads\/2025\/06\/\u0646\u0634\u0627\u0621-\u0627\u0644\u0630\u0631\u0629-350\u063a-\u063a-\u0627\u0644\u0643\u0633\u064a\u062d.png\" \/>\n\t<meta property=\"og:image:width\" content=\"1080\" \/>\n\t<meta property=\"og:image:height\" content=\"1080\" \/>\n\t<meta property=\"og:image:type\" content=\"image\/png\" \/>\n<meta name=\"twitter:card\" content=\"summary_large_image\" \/>\n<meta name=\"twitter:label1\" content=\"Preis\" \/>\n\t<meta name=\"twitter:data1\" content=\"4.50&nbsp;&#067;&#072;&#070;\" \/>\n\t<meta name=\"twitter:label2\" content=\"Verf\u00fcgbarkeit\" \/>\n\t<meta name=\"twitter:data2\" content=\"ausverkauft\" \/>\n<script type=\"application\/ld+json\" class=\"yoast-schema-graph\">{\"@context\":\"https:\\\/\\\/schema.org\",\"@graph\":[{\"@type\":\"WebPage\",\"@id\":\"https:\\\/\\\/yasminfood.ch\\\/de\\\/product\\\/maisstaerke-350g-faenger\\\/\",\"url\":\"https:\\\/\\\/yasminfood.ch\\\/de\\\/product\\\/maisstaerke-350g-faenger\\\/\",\"name\":\"Maisst\u00e4rke 350g F\u00e4nger - Yasmin Food\",\"isPartOf\":{\"@id\":\"https:\\\/\\\/yasminfood.ch\\\/de\\\/#website\"},\"primaryImageOfPage\":{\"@id\":\"https:\\\/\\\/yasminfood.ch\\\/de\\\/product\\\/maisstaerke-350g-faenger\\\/#primaryimage\"},\"image\":{\"@id\":\"https:\\\/\\\/yasminfood.ch\\\/de\\\/product\\\/maisstaerke-350g-faenger\\\/#primaryimage\"},\"thumbnailUrl\":\"https:\\\/\\\/yasminfood.ch\\\/wp-content\\\/uploads\\\/2025\\\/06\\\/\u0646\u0634\u0627\u0621-\u0627\u0644\u0630\u0631\u0629-350\u063a-\u063a-\u0627\u0644\u0643\u0633\u064a\u062d.png\",\"datePublished\":\"2025-06-27T14:45:25+00:00\",\"dateModified\":\"2025-06-27T15:02:27+00:00\",\"description\":\"Viel Spa\u00df bei der Zubereitung Ihrer k\u00f6stlichen aromatisierten Rezepte mit Maisst\u00e4rke 350 g zerkleinert. Nat\u00fcrliches Verdickungsmittel, perfekt f\u00fcr Suppen und Desserts! \ud83c\udf3d Yasmin Food Maisst\u00e4rke 350g F\u00e4nger\",\"breadcrumb\":{\"@id\":\"https:\\\/\\\/yasminfood.ch\\\/de\\\/product\\\/maisstaerke-350g-faenger\\\/#breadcrumb\"},\"inLanguage\":\"de\",\"potentialAction\":[{\"@type\":\"ReadAction\",\"target\":[\"https:\\\/\\\/yasminfood.ch\\\/de\\\/product\\\/maisstaerke-350g-faenger\\\/\"]}]},{\"@type\":\"ImageObject\",\"inLanguage\":\"de\",\"@id\":\"https:\\\/\\\/yasminfood.ch\\\/de\\\/product\\\/maisstaerke-350g-faenger\\\/#primaryimage\",\"url\":\"https:\\\/\\\/yasminfood.ch\\\/wp-content\\\/uploads\\\/2025\\\/06\\\/\u0646\u0634\u0627\u0621-\u0627\u0644\u0630\u0631\u0629-350\u063a-\u063a-\u0627\u0644\u0643\u0633\u064a\u062d.png\",\"contentUrl\":\"https:\\\/\\\/yasminfood.ch\\\/wp-content\\\/uploads\\\/2025\\\/06\\\/\u0646\u0634\u0627\u0621-\u0627\u0644\u0630\u0631\u0629-350\u063a-\u063a-\u0627\u0644\u0643\u0633\u064a\u062d.png\",\"width\":1080,\"height\":1080,\"caption\":\"Maisst\u00e4rke 350g F\u00e4nger\"},{\"@type\":\"BreadcrumbList\",\"@id\":\"https:\\\/\\\/yasminfood.ch\\\/de\\\/product\\\/maisstaerke-350g-faenger\\\/#breadcrumb\",\"itemListElement\":[{\"@type\":\"ListItem\",\"position\":1,\"name\":\"\u0627\u0644\u0631\u0626\u064a\u0633\u064a\u0629\",\"item\":\"https:\\\/\\\/yasminfood.ch\\\/de\\\/zuhause\\\/\"},{\"@type\":\"ListItem\",\"position\":2,\"name\":\"Shop\",\"item\":\"https:\\\/\\\/yasminfood.ch\\\/de\\\/shop\\\/\"},{\"@type\":\"ListItem\",\"position\":3,\"name\":\"Gew\u00fcrze &amp; N\u00fcsse\",\"item\":\"https:\\\/\\\/yasminfood.ch\\\/de\\\/produkt-kategorie\\\/gewuerze-nuesse\\\/\"},{\"@type\":\"ListItem\",\"position\":4,\"name\":\"Gew\u00fcrze\",\"item\":\"https:\\\/\\\/yasminfood.ch\\\/de\\\/produkt-kategorie\\\/gewuerze-nuesse\\\/gewurze\\\/\"},{\"@type\":\"ListItem\",\"position\":5,\"name\":\"Maisst\u00e4rke 350g F\u00e4nger\"}]},{\"@type\":\"WebSite\",\"@id\":\"https:\\\/\\\/yasminfood.ch\\\/de\\\/#website\",\"url\":\"https:\\\/\\\/yasminfood.ch\\\/de\\\/\",\"name\":\"\u064a\u0627\u0633\u0645\u064a\u0646 \u0645\u0627\u0631\u0643\u062a\",\"description\":\"Alles, was Sie brauchen, an einem Ort\",\"publisher\":{\"@id\":\"https:\\\/\\\/yasminfood.ch\\\/de\\\/#organization\"},\"alternateName\":\"Yasmin Food\",\"potentialAction\":[{\"@type\":\"SearchAction\",\"target\":{\"@type\":\"EntryPoint\",\"urlTemplate\":\"https:\\\/\\\/yasminfood.ch\\\/de\\\/?s={search_term_string}\"},\"query-input\":{\"@type\":\"PropertyValueSpecification\",\"valueRequired\":true,\"valueName\":\"search_term_string\"}}],\"inLanguage\":\"de\"},{\"@type\":\"Organization\",\"@id\":\"https:\\\/\\\/yasminfood.ch\\\/de\\\/#organization\",\"name\":\"\u064a\u0627\u0633\u0645\u064a\u0646 \u0645\u0627\u0631\u0643\u062a\",\"alternateName\":\"Yasmin Food\",\"url\":\"https:\\\/\\\/yasminfood.ch\\\/de\\\/\",\"logo\":{\"@type\":\"ImageObject\",\"inLanguage\":\"de\",\"@id\":\"https:\\\/\\\/yasminfood.ch\\\/de\\\/#\\\/schema\\\/logo\\\/image\\\/\",\"url\":\"https:\\\/\\\/yasminfood.ch\\\/wp-content\\\/uploads\\\/2025\\\/05\\\/yasmin-food-header-logo.png\",\"contentUrl\":\"https:\\\/\\\/yasminfood.ch\\\/wp-content\\\/uploads\\\/2025\\\/05\\\/yasmin-food-header-logo.png\",\"width\":330,\"height\":120,\"caption\":\"\u064a\u0627\u0633\u0645\u064a\u0646 \u0645\u0627\u0631\u0643\u062a\"},\"image\":{\"@id\":\"https:\\\/\\\/yasminfood.ch\\\/de\\\/#\\\/schema\\\/logo\\\/image\\\/\"},\"sameAs\":[\"https:\\\/\\\/www.facebook.com\\\/yasminmarkt1\",\"https:\\\/\\\/www.tiktok.com\\\/@yasminmarkt\",\"https:\\\/\\\/www.instagram.com\\\/yasmin.markt1\\\/\",\"https:\\\/\\\/api.whatsapp.com\\\/send\\\/?phone=41799000104\"],\"publishingPrinciples\":\"https:\\\/\\\/yasminfood.ch\\\/de\\\/shop\\\/\",\"ownershipFundingInfo\":\"https:\\\/\\\/yasminfood.ch\\\/de\\\/shop\\\/\"}]}<\/script>\n<meta property=\"product:price:amount\" content=\"4.50\" \/>\n<meta property=\"product:price:currency\" content=\"CHF\" \/>\n<meta property=\"og:availability\" content=\"out of stock\" \/>\n<meta property=\"product:availability\" content=\"out of stock\" \/>\n<meta property=\"product:condition\" content=\"new\" \/>\n<!-- \/ Yoast SEO Premium plugin. -->","yoast_head_json":{"title":"Maisst\u00e4rke 350g F\u00e4nger - Yasmin Food","description":"Viel Spa\u00df bei der Zubereitung Ihrer k\u00f6stlichen aromatisierten Rezepte mit Maisst\u00e4rke 350 g zerkleinert. Nat\u00fcrliches Verdickungsmittel, perfekt f\u00fcr Suppen und Desserts! \ud83c\udf3d Yasmin Food Maisst\u00e4rke 350g F\u00e4nger","robots":{"index":"index","follow":"follow","max-snippet":"max-snippet:-1","max-image-preview":"max-image-preview:large","max-video-preview":"max-video-preview:-1"},"canonical":"https:\/\/yasminfood.ch\/de\/product\/maisstaerke-350g-faenger\/","og_locale":"de_DE","og_type":"article","og_title":"Maisst\u00e4rke 350g F\u00e4nger","og_description":"Maisst\u00e4rke 350g F\u00e4nger   Verleihen Sie Ihren Rezepten einen Hauch von Weichheit und Leichtigkeit Diese St\u00e4rke wird sorgf\u00e4ltig aus feinstem Mais gewonnen   Ergibt ein weiches Pulver, das wei\u00df und geruchsfrei ist und sich leicht in kaltem oder hei\u00dfem Wasser aufl\u00f6st.","og_url":"https:\/\/yasminfood.ch\/de\/product\/maisstaerke-350g-faenger\/","og_site_name":"Yasmin Food","article_publisher":"https:\/\/www.facebook.com\/yasminmarkt1","article_modified_time":"2025-06-27T15:02:27+00:00","og_image":[{"width":1080,"height":1080,"url":"https:\/\/yasminfood.ch\/wp-content\/uploads\/2025\/06\/\u0646\u0634\u0627\u0621-\u0627\u0644\u0630\u0631\u0629-350\u063a-\u063a-\u0627\u0644\u0643\u0633\u064a\u062d.png","type":"image\/png"}],"twitter_card":"summary_large_image","twitter_misc":{"Preis":"4.50&nbsp;&#67;&#72;&#70;","Verf\u00fcgbarkeit":"ausverkauft"},"schema":{"@context":"https:\/\/schema.org","@graph":[{"@type":"WebPage","@id":"https:\/\/yasminfood.ch\/de\/product\/maisstaerke-350g-faenger\/","url":"https:\/\/yasminfood.ch\/de\/product\/maisstaerke-350g-faenger\/","name":"Maisst\u00e4rke 350g F\u00e4nger - Yasmin Food","isPartOf":{"@id":"https:\/\/yasminfood.ch\/de\/#website"},"primaryImageOfPage":{"@id":"https:\/\/yasminfood.ch\/de\/product\/maisstaerke-350g-faenger\/#primaryimage"},"image":{"@id":"https:\/\/yasminfood.ch\/de\/product\/maisstaerke-350g-faenger\/#primaryimage"},"thumbnailUrl":"https:\/\/yasminfood.ch\/wp-content\/uploads\/2025\/06\/\u0646\u0634\u0627\u0621-\u0627\u0644\u0630\u0631\u0629-350\u063a-\u063a-\u0627\u0644\u0643\u0633\u064a\u062d.png","datePublished":"2025-06-27T14:45:25+00:00","dateModified":"2025-06-27T15:02:27+00:00","description":"Viel Spa\u00df bei der Zubereitung Ihrer k\u00f6stlichen aromatisierten Rezepte mit Maisst\u00e4rke 350 g zerkleinert. Nat\u00fcrliches Verdickungsmittel, perfekt f\u00fcr Suppen und Desserts! \ud83c\udf3d Yasmin Food Maisst\u00e4rke 350g F\u00e4nger","breadcrumb":{"@id":"https:\/\/yasminfood.ch\/de\/product\/maisstaerke-350g-faenger\/#breadcrumb"},"inLanguage":"de","potentialAction":[{"@type":"ReadAction","target":["https:\/\/yasminfood.ch\/de\/product\/maisstaerke-350g-faenger\/"]}]},{"@type":"ImageObject","inLanguage":"de","@id":"https:\/\/yasminfood.ch\/de\/product\/maisstaerke-350g-faenger\/#primaryimage","url":"https:\/\/yasminfood.ch\/wp-content\/uploads\/2025\/06\/\u0646\u0634\u0627\u0621-\u0627\u0644\u0630\u0631\u0629-350\u063a-\u063a-\u0627\u0644\u0643\u0633\u064a\u062d.png","contentUrl":"https:\/\/yasminfood.ch\/wp-content\/uploads\/2025\/06\/\u0646\u0634\u0627\u0621-\u0627\u0644\u0630\u0631\u0629-350\u063a-\u063a-\u0627\u0644\u0643\u0633\u064a\u062d.png","width":1080,"height":1080,"caption":"Maisst\u00e4rke 350g F\u00e4nger"},{"@type":"BreadcrumbList","@id":"https:\/\/yasminfood.ch\/de\/product\/maisstaerke-350g-faenger\/#breadcrumb","itemListElement":[{"@type":"ListItem","position":1,"name":"\u0627\u0644\u0631\u0626\u064a\u0633\u064a\u0629","item":"https:\/\/yasminfood.ch\/de\/zuhause\/"},{"@type":"ListItem","position":2,"name":"Shop","item":"https:\/\/yasminfood.ch\/de\/shop\/"},{"@type":"ListItem","position":3,"name":"Gew\u00fcrze &amp; N\u00fcsse","item":"https:\/\/yasminfood.ch\/de\/produkt-kategorie\/gewuerze-nuesse\/"},{"@type":"ListItem","position":4,"name":"Gew\u00fcrze","item":"https:\/\/yasminfood.ch\/de\/produkt-kategorie\/gewuerze-nuesse\/gewurze\/"},{"@type":"ListItem","position":5,"name":"Maisst\u00e4rke 350g F\u00e4nger"}]},{"@type":"WebSite","@id":"https:\/\/yasminfood.ch\/de\/#website","url":"https:\/\/yasminfood.ch\/de\/","name":"\u064a\u0627\u0633\u0645\u064a\u0646 \u0645\u0627\u0631\u0643\u062a","description":"Alles, was Sie brauchen, an einem Ort","publisher":{"@id":"https:\/\/yasminfood.ch\/de\/#organization"},"alternateName":"Yasmin Food","potentialAction":[{"@type":"SearchAction","target":{"@type":"EntryPoint","urlTemplate":"https:\/\/yasminfood.ch\/de\/?s={search_term_string}"},"query-input":{"@type":"PropertyValueSpecification","valueRequired":true,"valueName":"search_term_string"}}],"inLanguage":"de"},{"@type":"Organization","@id":"https:\/\/yasminfood.ch\/de\/#organization","name":"\u064a\u0627\u0633\u0645\u064a\u0646 \u0645\u0627\u0631\u0643\u062a","alternateName":"Yasmin Food","url":"https:\/\/yasminfood.ch\/de\/","logo":{"@type":"ImageObject","inLanguage":"de","@id":"https:\/\/yasminfood.ch\/de\/#\/schema\/logo\/image\/","url":"https:\/\/yasminfood.ch\/wp-content\/uploads\/2025\/05\/yasmin-food-header-logo.png","contentUrl":"https:\/\/yasminfood.ch\/wp-content\/uploads\/2025\/05\/yasmin-food-header-logo.png","width":330,"height":120,"caption":"\u064a\u0627\u0633\u0645\u064a\u0646 \u0645\u0627\u0631\u0643\u062a"},"image":{"@id":"https:\/\/yasminfood.ch\/de\/#\/schema\/logo\/image\/"},"sameAs":["https:\/\/www.facebook.com\/yasminmarkt1","https:\/\/www.tiktok.com\/@yasminmarkt","https:\/\/www.instagram.com\/yasmin.markt1\/","https:\/\/api.whatsapp.com\/send\/?phone=41799000104"],"publishingPrinciples":"https:\/\/yasminfood.ch\/de\/shop\/","ownershipFundingInfo":"https:\/\/yasminfood.ch\/de\/shop\/"}]},"product_price_amount":"4.50","product_price_currency":"CHF","og_availability":"out of stock","product_availability":"out of stock","product_condition":"new"},"jetpack_sharing_enabled":true,"_links":{"self":[{"href":"https:\/\/yasminfood.ch\/de\/wp-json\/wp\/v2\/product\/117895","targetHints":{"allow":["GET"]}}],"collection":[{"href":"https:\/\/yasminfood.ch\/de\/wp-json\/wp\/v2\/product"}],"about":[{"href":"https:\/\/yasminfood.ch\/de\/wp-json\/wp\/v2\/types\/product"}],"replies":[{"embeddable":true,"href":"https:\/\/yasminfood.ch\/de\/wp-json\/wp\/v2\/comments?post=117895"}],"version-history":[{"count":0,"href":"https:\/\/yasminfood.ch\/de\/wp-json\/wp\/v2\/product\/117895\/revisions"}],"wp:featuredmedia":[{"embeddable":true,"href":"https:\/\/yasminfood.ch\/de\/wp-json\/wp\/v2\/media\/117878"}],"wp:attachment":[{"href":"https:\/\/yasminfood.ch\/de\/wp-json\/wp\/v2\/media?parent=117895"}],"wp:term":[{"taxonomy":"product_brand","embeddable":true,"href":"https:\/\/yasminfood.ch\/de\/wp-json\/wp\/v2\/product_brand?post=117895"},{"taxonomy":"product_cat","embeddable":true,"href":"https:\/\/yasminfood.ch\/de\/wp-json\/wp\/v2\/product_cat?post=117895"},{"taxonomy":"product_tag","embeddable":true,"href":"https:\/\/yasminfood.ch\/de\/wp-json\/wp\/v2\/product_tag?post=117895"}],"curies":[{"name":"wp","href":"https:\/\/api.w.org\/{rel}","templated":true}]}}