{"id":117897,"date":"2025-06-27T17:00:48","date_gmt":"2025-06-27T15:00:48","guid":{"rendered":"https:\/\/yasminfood.ch\/product\/scharfe-bohnen-800g-naz\/"},"modified":"2025-06-27T17:02:28","modified_gmt":"2025-06-27T15:02:28","slug":"scharfe-bohnen-800g-naz","status":"publish","type":"product","link":"https:\/\/yasminfood.ch\/de\/product\/scharfe-bohnen-800g-naz\/","title":{"rendered":"Scharfe Bohnen 800g Naz"},"content":{"rendered":"<p><strong>Scharfe Bohnen 800g Naz<\/strong><\/p>\n<ul>\n<li>\n<p data-start=\"210\" data-end=\"423\">Sofort einsatzbereit Dieses Produkt besteht aus sorgf\u00e4ltig gekochten, breiten, zusammenh\u00e4ngenden Bohnenk\u00f6rnern<\/p>\n<\/li>\n<li>\n<p data-start=\"210\" data-end=\"423\">Und angereichert mit einer w\u00fcrzigen Sauce, die reich an nat\u00fcrlichen Gew\u00fcrzen ist und Ihnen einen authentischen orientalischen Geschmack und einen starken Geschmack verleiht, der f\u00fcr Liebhaber scharfer Speisen geeignet ist.<\/p>\n<p data-start=\"425\" data-end=\"675\">Hei\u00dfe Ooz-Bohnen, perfekt als schnelles Hauptgericht oder als Vorspeise mit arabischem Brot, Oliven\u00f6l und Zitrone,<\/p>\n<\/li>\n<li>\n<p data-start=\"425\" data-end=\"675\">Sie k\u00f6nnen es auch zu Fr\u00fchst\u00fccksgerichten hinzuf\u00fcgen oder in wenigen Minuten leckere Sandwiches zubereiten. Reich an pflanzlichen Proteinen, Ballaststoffen und Mineralien, die f\u00fcr die Unterst\u00fctzung der Herzgesundheit und der t\u00e4glichen Energie unerl\u00e4sslich sind. <\/p>\n<p data-start=\"677\" data-end=\"863\">\u2714\ufe0f <strong data-start=\"680\" data-end=\"697\">Nettogewicht:<\/strong> 800 g<br data-start=\"706\" data-end=\"709\">\u2714\ufe0f <strong data-start=\"712\" data-end=\"725\">Zutaten:<\/strong> Bohnen, Wasser, Salz, Chili, nat\u00fcrliche Gew\u00fcrze<br data-start=\"766\" data-end=\"769\">\u2714\ufe0f <strong data-start=\"772\" data-end=\"788\">Verwendung:<\/strong> Verzehrfertig, Hauptgericht oder Beilage, f\u00fcr Vegetarier geeignet<br data-start=\"836\" data-end=\"839\">\u2714\ufe0f <strong data-start=\"842\" data-end=\"857\">Herkunftsland:<\/strong> T\u00fcrkei    <\/p>\n<\/li>\n<\/ul>\n","protected":false},"excerpt":{"rendered":"<p>Scharfe Bohnen 800g Naz<\/p>\n<ul>\n<li>\n<p data-start=\"222\" data-end=\"441\">Direkt verzehrfertig oder zur schnellen Zubereitung mit Ihren t\u00e4glichen Rezepten<\/p>\n<\/li>\n<\/ul>\n","protected":false},"featured_media":117888,"comment_status":"open","ping_status":"closed","template":"","meta":[],"product_brand":[],"product_cat":[282,245],"product_tag":[],"class_list":{"0":"post-117897","1":"product","2":"type-product","3":"status-publish","4":"has-post-thumbnail","6":"product_cat-fava-bohnen","7":"product_cat-konserven-lebensmittel","9":"first","10":"instock","11":"taxable","12":"shipping-taxable","13":"purchasable","14":"product-type-simple"},"yoast_head":"<!-- This site is optimized with the Yoast SEO Premium plugin v26.5 (Yoast SEO v27.3) - https:\/\/yoast.com\/product\/yoast-seo-premium-wordpress\/ -->\n<title>Scharfe Bohnen 800g Naz - Yasmin Food<\/title>\n<meta name=\"description\" content=\"Genie\u00dfen Sie den einzigartigen Geschmack von 800g Naz-Bohnen mit einer w\u00fcrzigen scharfen So\u00dfe. Sofort bereit, ein Hauptgericht oder eine k\u00f6stliche Vorspeise zu servieren! Yasmin Food\" \/>\n<meta name=\"robots\" content=\"index, follow, max-snippet:-1, max-image-preview:large, max-video-preview:-1\" \/>\n<link rel=\"canonical\" href=\"https:\/\/yasminfood.ch\/de\/product\/scharfe-bohnen-800g-naz\/\" \/>\n<meta property=\"og:locale\" content=\"de_DE\" \/>\n<meta property=\"og:type\" content=\"article\" \/>\n<meta property=\"og:title\" content=\"Scharfe Bohnen 800g Naz\" \/>\n<meta property=\"og:description\" content=\"Scharfe Bohnen 800g Naz   Direkt verzehrfertig oder zur schnellen Zubereitung mit Ihren t\u00e4glichen Rezepten\" \/>\n<meta property=\"og:url\" content=\"https:\/\/yasminfood.ch\/de\/product\/scharfe-bohnen-800g-naz\/\" \/>\n<meta property=\"og:site_name\" content=\"Yasmin Food\" \/>\n<meta property=\"article:publisher\" content=\"https:\/\/www.facebook.com\/yasminmarkt1\" \/>\n<meta property=\"article:modified_time\" content=\"2025-06-27T15:02:28+00:00\" \/>\n<meta property=\"og:image\" content=\"https:\/\/yasminfood.ch\/wp-content\/uploads\/2025\/06\/\u0641\u0648\u0644-\u062d\u0628-\u062d\u0627\u0631-800\u063a-\u0646\u0627\u0632.png\" \/>\n\t<meta property=\"og:image:width\" content=\"1080\" \/>\n\t<meta property=\"og:image:height\" content=\"1080\" \/>\n\t<meta property=\"og:image:type\" content=\"image\/png\" \/>\n<meta name=\"twitter:card\" content=\"summary_large_image\" \/>\n<meta name=\"twitter:label1\" content=\"Preis\" \/>\n\t<meta name=\"twitter:data1\" content=\"3.95&nbsp;&#067;&#072;&#070;\" \/>\n\t<meta name=\"twitter:label2\" content=\"Verf\u00fcgbarkeit\" \/>\n\t<meta name=\"twitter:data2\" content=\"Auf Lager\" \/>\n<script type=\"application\/ld+json\" class=\"yoast-schema-graph\">{\"@context\":\"https:\\\/\\\/schema.org\",\"@graph\":[{\"@type\":\"WebPage\",\"@id\":\"https:\\\/\\\/yasminfood.ch\\\/de\\\/product\\\/scharfe-bohnen-800g-naz\\\/\",\"url\":\"https:\\\/\\\/yasminfood.ch\\\/de\\\/product\\\/scharfe-bohnen-800g-naz\\\/\",\"name\":\"Scharfe Bohnen 800g Naz - Yasmin Food\",\"isPartOf\":{\"@id\":\"https:\\\/\\\/yasminfood.ch\\\/de\\\/#website\"},\"primaryImageOfPage\":{\"@id\":\"https:\\\/\\\/yasminfood.ch\\\/de\\\/product\\\/scharfe-bohnen-800g-naz\\\/#primaryimage\"},\"image\":{\"@id\":\"https:\\\/\\\/yasminfood.ch\\\/de\\\/product\\\/scharfe-bohnen-800g-naz\\\/#primaryimage\"},\"thumbnailUrl\":\"https:\\\/\\\/yasminfood.ch\\\/wp-content\\\/uploads\\\/2025\\\/06\\\/\u0641\u0648\u0644-\u062d\u0628-\u062d\u0627\u0631-800\u063a-\u0646\u0627\u0632.png\",\"datePublished\":\"2025-06-27T15:00:48+00:00\",\"dateModified\":\"2025-06-27T15:02:28+00:00\",\"description\":\"Genie\u00dfen Sie den einzigartigen Geschmack von 800g Naz-Bohnen mit einer w\u00fcrzigen scharfen So\u00dfe. Sofort bereit, ein Hauptgericht oder eine k\u00f6stliche Vorspeise zu servieren! Yasmin Food\",\"breadcrumb\":{\"@id\":\"https:\\\/\\\/yasminfood.ch\\\/de\\\/product\\\/scharfe-bohnen-800g-naz\\\/#breadcrumb\"},\"inLanguage\":\"de\",\"potentialAction\":[{\"@type\":\"ReadAction\",\"target\":[\"https:\\\/\\\/yasminfood.ch\\\/de\\\/product\\\/scharfe-bohnen-800g-naz\\\/\"]}]},{\"@type\":\"ImageObject\",\"inLanguage\":\"de\",\"@id\":\"https:\\\/\\\/yasminfood.ch\\\/de\\\/product\\\/scharfe-bohnen-800g-naz\\\/#primaryimage\",\"url\":\"https:\\\/\\\/yasminfood.ch\\\/wp-content\\\/uploads\\\/2025\\\/06\\\/\u0641\u0648\u0644-\u062d\u0628-\u062d\u0627\u0631-800\u063a-\u0646\u0627\u0632.png\",\"contentUrl\":\"https:\\\/\\\/yasminfood.ch\\\/wp-content\\\/uploads\\\/2025\\\/06\\\/\u0641\u0648\u0644-\u062d\u0628-\u062d\u0627\u0631-800\u063a-\u0646\u0627\u0632.png\",\"width\":1080,\"height\":1080,\"caption\":\"Scharfe Bohnen 800g Naz\"},{\"@type\":\"BreadcrumbList\",\"@id\":\"https:\\\/\\\/yasminfood.ch\\\/de\\\/product\\\/scharfe-bohnen-800g-naz\\\/#breadcrumb\",\"itemListElement\":[{\"@type\":\"ListItem\",\"position\":1,\"name\":\"\u0627\u0644\u0631\u0626\u064a\u0633\u064a\u0629\",\"item\":\"https:\\\/\\\/yasminfood.ch\\\/de\\\/zuhause\\\/\"},{\"@type\":\"ListItem\",\"position\":2,\"name\":\"Shop\",\"item\":\"https:\\\/\\\/yasminfood.ch\\\/de\\\/shop\\\/\"},{\"@type\":\"ListItem\",\"position\":3,\"name\":\"Konserven - Lebensmittel\",\"item\":\"https:\\\/\\\/yasminfood.ch\\\/de\\\/produkt-kategorie\\\/konserven-lebensmittel\\\/\"},{\"@type\":\"ListItem\",\"position\":4,\"name\":\"Scharfe Bohnen 800g Naz\"}]},{\"@type\":\"WebSite\",\"@id\":\"https:\\\/\\\/yasminfood.ch\\\/de\\\/#website\",\"url\":\"https:\\\/\\\/yasminfood.ch\\\/de\\\/\",\"name\":\"\u064a\u0627\u0633\u0645\u064a\u0646 \u0645\u0627\u0631\u0643\u062a\",\"description\":\"Alles, was Sie brauchen, an einem Ort\",\"publisher\":{\"@id\":\"https:\\\/\\\/yasminfood.ch\\\/de\\\/#organization\"},\"alternateName\":\"Yasmin Food\",\"potentialAction\":[{\"@type\":\"SearchAction\",\"target\":{\"@type\":\"EntryPoint\",\"urlTemplate\":\"https:\\\/\\\/yasminfood.ch\\\/de\\\/?s={search_term_string}\"},\"query-input\":{\"@type\":\"PropertyValueSpecification\",\"valueRequired\":true,\"valueName\":\"search_term_string\"}}],\"inLanguage\":\"de\"},{\"@type\":\"Organization\",\"@id\":\"https:\\\/\\\/yasminfood.ch\\\/de\\\/#organization\",\"name\":\"\u064a\u0627\u0633\u0645\u064a\u0646 \u0645\u0627\u0631\u0643\u062a\",\"alternateName\":\"Yasmin Food\",\"url\":\"https:\\\/\\\/yasminfood.ch\\\/de\\\/\",\"logo\":{\"@type\":\"ImageObject\",\"inLanguage\":\"de\",\"@id\":\"https:\\\/\\\/yasminfood.ch\\\/de\\\/#\\\/schema\\\/logo\\\/image\\\/\",\"url\":\"https:\\\/\\\/yasminfood.ch\\\/wp-content\\\/uploads\\\/2025\\\/05\\\/yasmin-food-header-logo.png\",\"contentUrl\":\"https:\\\/\\\/yasminfood.ch\\\/wp-content\\\/uploads\\\/2025\\\/05\\\/yasmin-food-header-logo.png\",\"width\":330,\"height\":120,\"caption\":\"\u064a\u0627\u0633\u0645\u064a\u0646 \u0645\u0627\u0631\u0643\u062a\"},\"image\":{\"@id\":\"https:\\\/\\\/yasminfood.ch\\\/de\\\/#\\\/schema\\\/logo\\\/image\\\/\"},\"sameAs\":[\"https:\\\/\\\/www.facebook.com\\\/yasminmarkt1\",\"https:\\\/\\\/www.tiktok.com\\\/@yasminmarkt\",\"https:\\\/\\\/www.instagram.com\\\/yasmin.markt1\\\/\",\"https:\\\/\\\/api.whatsapp.com\\\/send\\\/?phone=41799000104\"],\"publishingPrinciples\":\"https:\\\/\\\/yasminfood.ch\\\/de\\\/shop\\\/\",\"ownershipFundingInfo\":\"https:\\\/\\\/yasminfood.ch\\\/de\\\/shop\\\/\"}]}<\/script>\n<meta property=\"product:price:amount\" content=\"3.95\" \/>\n<meta property=\"product:price:currency\" content=\"CHF\" \/>\n<meta property=\"og:availability\" content=\"instock\" \/>\n<meta property=\"product:availability\" content=\"instock\" \/>\n<meta property=\"product:condition\" content=\"new\" \/>\n<!-- \/ Yoast SEO Premium plugin. -->","yoast_head_json":{"title":"Scharfe Bohnen 800g Naz - Yasmin Food","description":"Genie\u00dfen Sie den einzigartigen Geschmack von 800g Naz-Bohnen mit einer w\u00fcrzigen scharfen So\u00dfe. Sofort bereit, ein Hauptgericht oder eine k\u00f6stliche Vorspeise zu servieren! Yasmin Food","robots":{"index":"index","follow":"follow","max-snippet":"max-snippet:-1","max-image-preview":"max-image-preview:large","max-video-preview":"max-video-preview:-1"},"canonical":"https:\/\/yasminfood.ch\/de\/product\/scharfe-bohnen-800g-naz\/","og_locale":"de_DE","og_type":"article","og_title":"Scharfe Bohnen 800g Naz","og_description":"Scharfe Bohnen 800g Naz   Direkt verzehrfertig oder zur schnellen Zubereitung mit Ihren t\u00e4glichen Rezepten","og_url":"https:\/\/yasminfood.ch\/de\/product\/scharfe-bohnen-800g-naz\/","og_site_name":"Yasmin Food","article_publisher":"https:\/\/www.facebook.com\/yasminmarkt1","article_modified_time":"2025-06-27T15:02:28+00:00","og_image":[{"width":1080,"height":1080,"url":"https:\/\/yasminfood.ch\/wp-content\/uploads\/2025\/06\/\u0641\u0648\u0644-\u062d\u0628-\u062d\u0627\u0631-800\u063a-\u0646\u0627\u0632.png","type":"image\/png"}],"twitter_card":"summary_large_image","twitter_misc":{"Preis":"3.95&nbsp;&#67;&#72;&#70;","Verf\u00fcgbarkeit":"Auf Lager"},"schema":{"@context":"https:\/\/schema.org","@graph":[{"@type":"WebPage","@id":"https:\/\/yasminfood.ch\/de\/product\/scharfe-bohnen-800g-naz\/","url":"https:\/\/yasminfood.ch\/de\/product\/scharfe-bohnen-800g-naz\/","name":"Scharfe Bohnen 800g Naz - Yasmin Food","isPartOf":{"@id":"https:\/\/yasminfood.ch\/de\/#website"},"primaryImageOfPage":{"@id":"https:\/\/yasminfood.ch\/de\/product\/scharfe-bohnen-800g-naz\/#primaryimage"},"image":{"@id":"https:\/\/yasminfood.ch\/de\/product\/scharfe-bohnen-800g-naz\/#primaryimage"},"thumbnailUrl":"https:\/\/yasminfood.ch\/wp-content\/uploads\/2025\/06\/\u0641\u0648\u0644-\u062d\u0628-\u062d\u0627\u0631-800\u063a-\u0646\u0627\u0632.png","datePublished":"2025-06-27T15:00:48+00:00","dateModified":"2025-06-27T15:02:28+00:00","description":"Genie\u00dfen Sie den einzigartigen Geschmack von 800g Naz-Bohnen mit einer w\u00fcrzigen scharfen So\u00dfe. Sofort bereit, ein Hauptgericht oder eine k\u00f6stliche Vorspeise zu servieren! Yasmin Food","breadcrumb":{"@id":"https:\/\/yasminfood.ch\/de\/product\/scharfe-bohnen-800g-naz\/#breadcrumb"},"inLanguage":"de","potentialAction":[{"@type":"ReadAction","target":["https:\/\/yasminfood.ch\/de\/product\/scharfe-bohnen-800g-naz\/"]}]},{"@type":"ImageObject","inLanguage":"de","@id":"https:\/\/yasminfood.ch\/de\/product\/scharfe-bohnen-800g-naz\/#primaryimage","url":"https:\/\/yasminfood.ch\/wp-content\/uploads\/2025\/06\/\u0641\u0648\u0644-\u062d\u0628-\u062d\u0627\u0631-800\u063a-\u0646\u0627\u0632.png","contentUrl":"https:\/\/yasminfood.ch\/wp-content\/uploads\/2025\/06\/\u0641\u0648\u0644-\u062d\u0628-\u062d\u0627\u0631-800\u063a-\u0646\u0627\u0632.png","width":1080,"height":1080,"caption":"Scharfe Bohnen 800g Naz"},{"@type":"BreadcrumbList","@id":"https:\/\/yasminfood.ch\/de\/product\/scharfe-bohnen-800g-naz\/#breadcrumb","itemListElement":[{"@type":"ListItem","position":1,"name":"\u0627\u0644\u0631\u0626\u064a\u0633\u064a\u0629","item":"https:\/\/yasminfood.ch\/de\/zuhause\/"},{"@type":"ListItem","position":2,"name":"Shop","item":"https:\/\/yasminfood.ch\/de\/shop\/"},{"@type":"ListItem","position":3,"name":"Konserven - Lebensmittel","item":"https:\/\/yasminfood.ch\/de\/produkt-kategorie\/konserven-lebensmittel\/"},{"@type":"ListItem","position":4,"name":"Scharfe Bohnen 800g Naz"}]},{"@type":"WebSite","@id":"https:\/\/yasminfood.ch\/de\/#website","url":"https:\/\/yasminfood.ch\/de\/","name":"\u064a\u0627\u0633\u0645\u064a\u0646 \u0645\u0627\u0631\u0643\u062a","description":"Alles, was Sie brauchen, an einem Ort","publisher":{"@id":"https:\/\/yasminfood.ch\/de\/#organization"},"alternateName":"Yasmin Food","potentialAction":[{"@type":"SearchAction","target":{"@type":"EntryPoint","urlTemplate":"https:\/\/yasminfood.ch\/de\/?s={search_term_string}"},"query-input":{"@type":"PropertyValueSpecification","valueRequired":true,"valueName":"search_term_string"}}],"inLanguage":"de"},{"@type":"Organization","@id":"https:\/\/yasminfood.ch\/de\/#organization","name":"\u064a\u0627\u0633\u0645\u064a\u0646 \u0645\u0627\u0631\u0643\u062a","alternateName":"Yasmin Food","url":"https:\/\/yasminfood.ch\/de\/","logo":{"@type":"ImageObject","inLanguage":"de","@id":"https:\/\/yasminfood.ch\/de\/#\/schema\/logo\/image\/","url":"https:\/\/yasminfood.ch\/wp-content\/uploads\/2025\/05\/yasmin-food-header-logo.png","contentUrl":"https:\/\/yasminfood.ch\/wp-content\/uploads\/2025\/05\/yasmin-food-header-logo.png","width":330,"height":120,"caption":"\u064a\u0627\u0633\u0645\u064a\u0646 \u0645\u0627\u0631\u0643\u062a"},"image":{"@id":"https:\/\/yasminfood.ch\/de\/#\/schema\/logo\/image\/"},"sameAs":["https:\/\/www.facebook.com\/yasminmarkt1","https:\/\/www.tiktok.com\/@yasminmarkt","https:\/\/www.instagram.com\/yasmin.markt1\/","https:\/\/api.whatsapp.com\/send\/?phone=41799000104"],"publishingPrinciples":"https:\/\/yasminfood.ch\/de\/shop\/","ownershipFundingInfo":"https:\/\/yasminfood.ch\/de\/shop\/"}]},"product_price_amount":"3.95","product_price_currency":"CHF","og_availability":"instock","product_availability":"instock","product_condition":"new"},"jetpack_sharing_enabled":true,"_links":{"self":[{"href":"https:\/\/yasminfood.ch\/de\/wp-json\/wp\/v2\/product\/117897","targetHints":{"allow":["GET"]}}],"collection":[{"href":"https:\/\/yasminfood.ch\/de\/wp-json\/wp\/v2\/product"}],"about":[{"href":"https:\/\/yasminfood.ch\/de\/wp-json\/wp\/v2\/types\/product"}],"replies":[{"embeddable":true,"href":"https:\/\/yasminfood.ch\/de\/wp-json\/wp\/v2\/comments?post=117897"}],"version-history":[{"count":0,"href":"https:\/\/yasminfood.ch\/de\/wp-json\/wp\/v2\/product\/117897\/revisions"}],"wp:featuredmedia":[{"embeddable":true,"href":"https:\/\/yasminfood.ch\/de\/wp-json\/wp\/v2\/media\/117888"}],"wp:attachment":[{"href":"https:\/\/yasminfood.ch\/de\/wp-json\/wp\/v2\/media?parent=117897"}],"wp:term":[{"taxonomy":"product_brand","embeddable":true,"href":"https:\/\/yasminfood.ch\/de\/wp-json\/wp\/v2\/product_brand?post=117897"},{"taxonomy":"product_cat","embeddable":true,"href":"https:\/\/yasminfood.ch\/de\/wp-json\/wp\/v2\/product_cat?post=117897"},{"taxonomy":"product_tag","embeddable":true,"href":"https:\/\/yasminfood.ch\/de\/wp-json\/wp\/v2\/product_tag?post=117897"}],"curies":[{"name":"wp","href":"https:\/\/api.w.org\/{rel}","templated":true}]}}