{"id":117904,"date":"2025-06-28T10:02:14","date_gmt":"2025-06-28T08:02:14","guid":{"rendered":"https:\/\/yasminfood.ch\/product\/thunfisch-sonnenblumenoel-160g-shamsin\/"},"modified":"2025-06-28T10:03:11","modified_gmt":"2025-06-28T08:03:11","slug":"thunfisch-sonnenblumenoel-160g-shamsin","status":"publish","type":"product","link":"https:\/\/yasminfood.ch\/de\/product\/thunfisch-sonnenblumenoel-160g-shamsin\/","title":{"rendered":"Thunfisch Sonnenblumen\u00f6l 160g Shamsin"},"content":{"rendered":"<p><strong>Thunfisch Sonnenblumen\u00f6l 160g Shamsin<\/strong><\/p>\n<ul>\n<li>\n<p data-start=\"211\" data-end=\"373\">Genie\u00dfen Sie den k\u00f6stlichen Geschmack von Thunfisch bei Sonnenuntergang, konserviert in leichtem und gesundem Sonnenblumen\u00f6l. Hochwertiger Thunfisch, der sorgf\u00e4ltig ausgew\u00e4hlt wurde, um Ihnen bei jeder Mahlzeit einen reichhaltigen Geschmack und einen ausgewogenen N\u00e4hrwert zu bieten.  <\/p>\n<p data-start=\"375\" data-end=\"720\">\u2714\ufe0f <strong data-start=\"378\" data-end=\"396\">Reich an Proteinen<\/strong> , um die Muskelgesundheit und das S\u00e4ttigungsgef\u00fchl \u00fcber einen l\u00e4ngeren Zeitraum zu unterst\u00fctzen<br data-start=\"441\" data-end=\"444\">\u2714\ufe0f <strong data-start=\"447\" data-end=\"473\">Reserviert mit Sonnenblumen\u00f6l<\/strong> , das einen leichten und unverwechselbaren Geschmack verleiht, ohne den nat\u00fcrlichen Geschmack des Thunfischs zu beeintr\u00e4chtigen<br data-start=\"538\" data-end=\"541\">\u2714\ufe0f <strong data-start=\"544\" data-end=\"598\">Ideal f\u00fcr gesunde Salate, Sandwiches und Fast Food<\/strong><br data-start=\"598\" data-end=\"601\">\u2714\ufe0f <strong data-start=\"604\" data-end=\"640\">Frei von k\u00fcnstlichen Konservierungsstoffen, um<\/strong> nat\u00fcrlichen Geschmack und garantierte Reinheit zu gew\u00e4hrleisten<br data-start=\"668\" data-end=\"671\">\u2714\ufe0f <strong data-start=\"674\" data-end=\"699\" data-is-only-node=\"\">Leicht zu \u00f6ffnen und<\/strong> zu jeder Tageszeit zu verwenden<\/p>\n<p data-start=\"722\" data-end=\"798\">\ud83d\udd38 <strong data-start=\"725\" data-end=\"738\">Zutaten:<\/strong> Thunfisch, Sonnenblumen\u00f6l, Salz.<br data-start=\"765\" data-end=\"768\">\ud83d\udd38 <strong data-start=\"771\" data-end=\"788\">Nettogewicht:<\/strong> 160 g.  <\/p>\n<p data-start=\"800\" data-end=\"888\">\ud83d\udca1 <strong data-start=\"803\" data-end=\"823\">Tipp zur Verwendung:<\/strong> Mit Zitronensaft und Mais zum Salat geben, um einen erfrischenden und vollst\u00e4ndigen Geschmack zu erhalten.<\/p>\n<\/li>\n<\/ul>\n","protected":false},"excerpt":{"rendered":"<p><strong>Thunfisch Sonnenblumen\u00f6l 160g Shamsin<\/strong><\/p>\n<ul>\n<li>\n<p data-start=\"211\" data-end=\"373\">Genie\u00dfen Sie den k\u00f6stlichen Geschmack von Thunfisch bei Sonnenuntergang, konserviert in leichtem und gesundem Sonnenblumen\u00f6l. Hochwertiger Thunfisch, der sorgf\u00e4ltig ausgew\u00e4hlt wurde, um Ihnen bei jeder Mahlzeit einen reichhaltigen Geschmack und einen ausgewogenen N\u00e4hrwert zu bieten.  <\/p>\n<\/li>\n<\/ul>\n","protected":false},"featured_media":117901,"comment_status":"open","ping_status":"closed","template":"","meta":[],"product_brand":[],"product_cat":[245,264],"product_tag":[],"class_list":{"0":"post-117904","1":"product","2":"type-product","3":"status-publish","4":"has-post-thumbnail","6":"product_cat-konserven-lebensmittel","7":"product_cat-thunfisch-sardine","9":"first","10":"instock","11":"taxable","12":"shipping-taxable","13":"purchasable","14":"product-type-simple"},"yoast_head":"<!-- This site is optimized with the Yoast SEO Premium plugin v26.5 (Yoast SEO v27.3) - https:\/\/yoast.com\/product\/yoast-seo-premium-wordpress\/ -->\n<title>Thunfisch Sonnenblumen\u00f6l 160g Shamsin f\u00fcr gesunde Mahlzeiten - Yasmin Food<\/title>\n<meta name=\"description\" content=\"Genie\u00dfen Sie den Geschmack von Sonnenblumen\u00f6l Thunfisch 160g Shamsin, reich an Proteinen! Perfekt f\u00fcr Salate und Sandwiches, probieren Sie es jetzt aus. Yasmin Food Thunfisch Sonnenblumen\u00f6l 160g Shamsin\" \/>\n<meta name=\"robots\" content=\"index, follow, max-snippet:-1, max-image-preview:large, max-video-preview:-1\" \/>\n<link rel=\"canonical\" href=\"https:\/\/yasminfood.ch\/de\/product\/thunfisch-sonnenblumenoel-160g-shamsin\/\" \/>\n<meta property=\"og:locale\" content=\"de_DE\" \/>\n<meta property=\"og:type\" content=\"article\" \/>\n<meta property=\"og:title\" content=\"Thunfisch Sonnenblumen\u00f6l 160g Shamsin\" \/>\n<meta property=\"og:description\" content=\"Thunfisch Sonnenblumen\u00f6l 160g Shamsin   Genie\u00dfen Sie den k\u00f6stlichen Geschmack von Thunfisch bei Sonnenuntergang, konserviert in leichtem und gesundem Sonnenblumen\u00f6l. Hochwertiger Thunfisch, der sorgf\u00e4ltig ausgew\u00e4hlt wurde, um Ihnen bei jeder Mahlzeit einen reichhaltigen Geschmack und einen ausgewogenen N\u00e4hrwert zu bieten.\" \/>\n<meta property=\"og:url\" content=\"https:\/\/yasminfood.ch\/de\/product\/thunfisch-sonnenblumenoel-160g-shamsin\/\" \/>\n<meta property=\"og:site_name\" content=\"Yasmin Food\" \/>\n<meta property=\"article:publisher\" content=\"https:\/\/www.facebook.com\/yasminmarkt1\" \/>\n<meta property=\"article:modified_time\" content=\"2025-06-28T08:03:11+00:00\" \/>\n<meta property=\"og:image\" content=\"https:\/\/yasminfood.ch\/wp-content\/uploads\/2025\/06\/\u062a\u0648\u0646\u0647-\u0628\u0632\u064a\u062a-\u062f\u0648\u0627\u0631-\u0627\u0644\u0634\u0645\u0633-160\u063a-\u0634\u0645\u0633\u064a\u0646.png\" \/>\n\t<meta property=\"og:image:width\" content=\"1080\" \/>\n\t<meta property=\"og:image:height\" content=\"1080\" \/>\n\t<meta property=\"og:image:type\" content=\"image\/png\" \/>\n<meta name=\"twitter:card\" content=\"summary_large_image\" \/>\n<meta name=\"twitter:label1\" content=\"Preis\" \/>\n\t<meta name=\"twitter:data1\" content=\"2.95&nbsp;&#067;&#072;&#070;\" \/>\n\t<meta name=\"twitter:label2\" content=\"Verf\u00fcgbarkeit\" \/>\n\t<meta name=\"twitter:data2\" content=\"Auf Lager\" \/>\n<script type=\"application\/ld+json\" class=\"yoast-schema-graph\">{\"@context\":\"https:\\\/\\\/schema.org\",\"@graph\":[{\"@type\":\"WebPage\",\"@id\":\"https:\\\/\\\/yasminfood.ch\\\/de\\\/product\\\/thunfisch-sonnenblumenoel-160g-shamsin\\\/\",\"url\":\"https:\\\/\\\/yasminfood.ch\\\/de\\\/product\\\/thunfisch-sonnenblumenoel-160g-shamsin\\\/\",\"name\":\"Thunfisch Sonnenblumen\u00f6l 160g Shamsin f\u00fcr gesunde Mahlzeiten - Yasmin Food\",\"isPartOf\":{\"@id\":\"https:\\\/\\\/yasminfood.ch\\\/de\\\/#website\"},\"primaryImageOfPage\":{\"@id\":\"https:\\\/\\\/yasminfood.ch\\\/de\\\/product\\\/thunfisch-sonnenblumenoel-160g-shamsin\\\/#primaryimage\"},\"image\":{\"@id\":\"https:\\\/\\\/yasminfood.ch\\\/de\\\/product\\\/thunfisch-sonnenblumenoel-160g-shamsin\\\/#primaryimage\"},\"thumbnailUrl\":\"https:\\\/\\\/yasminfood.ch\\\/wp-content\\\/uploads\\\/2025\\\/06\\\/\u062a\u0648\u0646\u0647-\u0628\u0632\u064a\u062a-\u062f\u0648\u0627\u0631-\u0627\u0644\u0634\u0645\u0633-160\u063a-\u0634\u0645\u0633\u064a\u0646.png\",\"datePublished\":\"2025-06-28T08:02:14+00:00\",\"dateModified\":\"2025-06-28T08:03:11+00:00\",\"description\":\"Genie\u00dfen Sie den Geschmack von Sonnenblumen\u00f6l Thunfisch 160g Shamsin, reich an Proteinen! Perfekt f\u00fcr Salate und Sandwiches, probieren Sie es jetzt aus. Yasmin Food Thunfisch Sonnenblumen\u00f6l 160g Shamsin\",\"breadcrumb\":{\"@id\":\"https:\\\/\\\/yasminfood.ch\\\/de\\\/product\\\/thunfisch-sonnenblumenoel-160g-shamsin\\\/#breadcrumb\"},\"inLanguage\":\"de\",\"potentialAction\":[{\"@type\":\"ReadAction\",\"target\":[\"https:\\\/\\\/yasminfood.ch\\\/de\\\/product\\\/thunfisch-sonnenblumenoel-160g-shamsin\\\/\"]}]},{\"@type\":\"ImageObject\",\"inLanguage\":\"de\",\"@id\":\"https:\\\/\\\/yasminfood.ch\\\/de\\\/product\\\/thunfisch-sonnenblumenoel-160g-shamsin\\\/#primaryimage\",\"url\":\"https:\\\/\\\/yasminfood.ch\\\/wp-content\\\/uploads\\\/2025\\\/06\\\/\u062a\u0648\u0646\u0647-\u0628\u0632\u064a\u062a-\u062f\u0648\u0627\u0631-\u0627\u0644\u0634\u0645\u0633-160\u063a-\u0634\u0645\u0633\u064a\u0646.png\",\"contentUrl\":\"https:\\\/\\\/yasminfood.ch\\\/wp-content\\\/uploads\\\/2025\\\/06\\\/\u062a\u0648\u0646\u0647-\u0628\u0632\u064a\u062a-\u062f\u0648\u0627\u0631-\u0627\u0644\u0634\u0645\u0633-160\u063a-\u0634\u0645\u0633\u064a\u0646.png\",\"width\":1080,\"height\":1080,\"caption\":\"Thunfisch Sonnenblumen\u00f6l 160g Shamsin\"},{\"@type\":\"BreadcrumbList\",\"@id\":\"https:\\\/\\\/yasminfood.ch\\\/de\\\/product\\\/thunfisch-sonnenblumenoel-160g-shamsin\\\/#breadcrumb\",\"itemListElement\":[{\"@type\":\"ListItem\",\"position\":1,\"name\":\"\u0627\u0644\u0631\u0626\u064a\u0633\u064a\u0629\",\"item\":\"https:\\\/\\\/yasminfood.ch\\\/de\\\/zuhause\\\/\"},{\"@type\":\"ListItem\",\"position\":2,\"name\":\"Shop\",\"item\":\"https:\\\/\\\/yasminfood.ch\\\/de\\\/shop\\\/\"},{\"@type\":\"ListItem\",\"position\":3,\"name\":\"Konserven - Lebensmittel\",\"item\":\"https:\\\/\\\/yasminfood.ch\\\/de\\\/produkt-kategorie\\\/konserven-lebensmittel\\\/\"},{\"@type\":\"ListItem\",\"position\":4,\"name\":\"Thunfisch &amp; Sardine\",\"item\":\"https:\\\/\\\/yasminfood.ch\\\/de\\\/produkt-kategorie\\\/konserven-lebensmittel\\\/thunfisch-sardine\\\/\"},{\"@type\":\"ListItem\",\"position\":5,\"name\":\"Thunfisch Sonnenblumen\u00f6l 160g Shamsin\"}]},{\"@type\":\"WebSite\",\"@id\":\"https:\\\/\\\/yasminfood.ch\\\/de\\\/#website\",\"url\":\"https:\\\/\\\/yasminfood.ch\\\/de\\\/\",\"name\":\"\u064a\u0627\u0633\u0645\u064a\u0646 \u0645\u0627\u0631\u0643\u062a\",\"description\":\"Alles, was Sie brauchen, an einem Ort\",\"publisher\":{\"@id\":\"https:\\\/\\\/yasminfood.ch\\\/de\\\/#organization\"},\"alternateName\":\"Yasmin Food\",\"potentialAction\":[{\"@type\":\"SearchAction\",\"target\":{\"@type\":\"EntryPoint\",\"urlTemplate\":\"https:\\\/\\\/yasminfood.ch\\\/de\\\/?s={search_term_string}\"},\"query-input\":{\"@type\":\"PropertyValueSpecification\",\"valueRequired\":true,\"valueName\":\"search_term_string\"}}],\"inLanguage\":\"de\"},{\"@type\":\"Organization\",\"@id\":\"https:\\\/\\\/yasminfood.ch\\\/de\\\/#organization\",\"name\":\"\u064a\u0627\u0633\u0645\u064a\u0646 \u0645\u0627\u0631\u0643\u062a\",\"alternateName\":\"Yasmin Food\",\"url\":\"https:\\\/\\\/yasminfood.ch\\\/de\\\/\",\"logo\":{\"@type\":\"ImageObject\",\"inLanguage\":\"de\",\"@id\":\"https:\\\/\\\/yasminfood.ch\\\/de\\\/#\\\/schema\\\/logo\\\/image\\\/\",\"url\":\"https:\\\/\\\/yasminfood.ch\\\/wp-content\\\/uploads\\\/2025\\\/05\\\/yasmin-food-header-logo.png\",\"contentUrl\":\"https:\\\/\\\/yasminfood.ch\\\/wp-content\\\/uploads\\\/2025\\\/05\\\/yasmin-food-header-logo.png\",\"width\":330,\"height\":120,\"caption\":\"\u064a\u0627\u0633\u0645\u064a\u0646 \u0645\u0627\u0631\u0643\u062a\"},\"image\":{\"@id\":\"https:\\\/\\\/yasminfood.ch\\\/de\\\/#\\\/schema\\\/logo\\\/image\\\/\"},\"sameAs\":[\"https:\\\/\\\/www.facebook.com\\\/yasminmarkt1\",\"https:\\\/\\\/www.tiktok.com\\\/@yasminmarkt\",\"https:\\\/\\\/www.instagram.com\\\/yasmin.markt1\\\/\",\"https:\\\/\\\/api.whatsapp.com\\\/send\\\/?phone=41799000104\"],\"publishingPrinciples\":\"https:\\\/\\\/yasminfood.ch\\\/de\\\/shop\\\/\",\"ownershipFundingInfo\":\"https:\\\/\\\/yasminfood.ch\\\/de\\\/shop\\\/\"}]}<\/script>\n<meta property=\"product:price:amount\" content=\"2.95\" \/>\n<meta property=\"product:price:currency\" content=\"CHF\" \/>\n<meta property=\"og:availability\" content=\"instock\" \/>\n<meta property=\"product:availability\" content=\"instock\" \/>\n<meta property=\"product:condition\" content=\"new\" \/>\n<!-- \/ Yoast SEO Premium plugin. -->","yoast_head_json":{"title":"Thunfisch Sonnenblumen\u00f6l 160g Shamsin f\u00fcr gesunde Mahlzeiten - Yasmin Food","description":"Genie\u00dfen Sie den Geschmack von Sonnenblumen\u00f6l Thunfisch 160g Shamsin, reich an Proteinen! Perfekt f\u00fcr Salate und Sandwiches, probieren Sie es jetzt aus. Yasmin Food Thunfisch Sonnenblumen\u00f6l 160g Shamsin","robots":{"index":"index","follow":"follow","max-snippet":"max-snippet:-1","max-image-preview":"max-image-preview:large","max-video-preview":"max-video-preview:-1"},"canonical":"https:\/\/yasminfood.ch\/de\/product\/thunfisch-sonnenblumenoel-160g-shamsin\/","og_locale":"de_DE","og_type":"article","og_title":"Thunfisch Sonnenblumen\u00f6l 160g Shamsin","og_description":"Thunfisch Sonnenblumen\u00f6l 160g Shamsin   Genie\u00dfen Sie den k\u00f6stlichen Geschmack von Thunfisch bei Sonnenuntergang, konserviert in leichtem und gesundem Sonnenblumen\u00f6l. Hochwertiger Thunfisch, der sorgf\u00e4ltig ausgew\u00e4hlt wurde, um Ihnen bei jeder Mahlzeit einen reichhaltigen Geschmack und einen ausgewogenen N\u00e4hrwert zu bieten.","og_url":"https:\/\/yasminfood.ch\/de\/product\/thunfisch-sonnenblumenoel-160g-shamsin\/","og_site_name":"Yasmin Food","article_publisher":"https:\/\/www.facebook.com\/yasminmarkt1","article_modified_time":"2025-06-28T08:03:11+00:00","og_image":[{"width":1080,"height":1080,"url":"https:\/\/yasminfood.ch\/wp-content\/uploads\/2025\/06\/\u062a\u0648\u0646\u0647-\u0628\u0632\u064a\u062a-\u062f\u0648\u0627\u0631-\u0627\u0644\u0634\u0645\u0633-160\u063a-\u0634\u0645\u0633\u064a\u0646.png","type":"image\/png"}],"twitter_card":"summary_large_image","twitter_misc":{"Preis":"2.95&nbsp;&#67;&#72;&#70;","Verf\u00fcgbarkeit":"Auf Lager"},"schema":{"@context":"https:\/\/schema.org","@graph":[{"@type":"WebPage","@id":"https:\/\/yasminfood.ch\/de\/product\/thunfisch-sonnenblumenoel-160g-shamsin\/","url":"https:\/\/yasminfood.ch\/de\/product\/thunfisch-sonnenblumenoel-160g-shamsin\/","name":"Thunfisch Sonnenblumen\u00f6l 160g Shamsin f\u00fcr gesunde Mahlzeiten - Yasmin Food","isPartOf":{"@id":"https:\/\/yasminfood.ch\/de\/#website"},"primaryImageOfPage":{"@id":"https:\/\/yasminfood.ch\/de\/product\/thunfisch-sonnenblumenoel-160g-shamsin\/#primaryimage"},"image":{"@id":"https:\/\/yasminfood.ch\/de\/product\/thunfisch-sonnenblumenoel-160g-shamsin\/#primaryimage"},"thumbnailUrl":"https:\/\/yasminfood.ch\/wp-content\/uploads\/2025\/06\/\u062a\u0648\u0646\u0647-\u0628\u0632\u064a\u062a-\u062f\u0648\u0627\u0631-\u0627\u0644\u0634\u0645\u0633-160\u063a-\u0634\u0645\u0633\u064a\u0646.png","datePublished":"2025-06-28T08:02:14+00:00","dateModified":"2025-06-28T08:03:11+00:00","description":"Genie\u00dfen Sie den Geschmack von Sonnenblumen\u00f6l Thunfisch 160g Shamsin, reich an Proteinen! Perfekt f\u00fcr Salate und Sandwiches, probieren Sie es jetzt aus. Yasmin Food Thunfisch Sonnenblumen\u00f6l 160g Shamsin","breadcrumb":{"@id":"https:\/\/yasminfood.ch\/de\/product\/thunfisch-sonnenblumenoel-160g-shamsin\/#breadcrumb"},"inLanguage":"de","potentialAction":[{"@type":"ReadAction","target":["https:\/\/yasminfood.ch\/de\/product\/thunfisch-sonnenblumenoel-160g-shamsin\/"]}]},{"@type":"ImageObject","inLanguage":"de","@id":"https:\/\/yasminfood.ch\/de\/product\/thunfisch-sonnenblumenoel-160g-shamsin\/#primaryimage","url":"https:\/\/yasminfood.ch\/wp-content\/uploads\/2025\/06\/\u062a\u0648\u0646\u0647-\u0628\u0632\u064a\u062a-\u062f\u0648\u0627\u0631-\u0627\u0644\u0634\u0645\u0633-160\u063a-\u0634\u0645\u0633\u064a\u0646.png","contentUrl":"https:\/\/yasminfood.ch\/wp-content\/uploads\/2025\/06\/\u062a\u0648\u0646\u0647-\u0628\u0632\u064a\u062a-\u062f\u0648\u0627\u0631-\u0627\u0644\u0634\u0645\u0633-160\u063a-\u0634\u0645\u0633\u064a\u0646.png","width":1080,"height":1080,"caption":"Thunfisch Sonnenblumen\u00f6l 160g Shamsin"},{"@type":"BreadcrumbList","@id":"https:\/\/yasminfood.ch\/de\/product\/thunfisch-sonnenblumenoel-160g-shamsin\/#breadcrumb","itemListElement":[{"@type":"ListItem","position":1,"name":"\u0627\u0644\u0631\u0626\u064a\u0633\u064a\u0629","item":"https:\/\/yasminfood.ch\/de\/zuhause\/"},{"@type":"ListItem","position":2,"name":"Shop","item":"https:\/\/yasminfood.ch\/de\/shop\/"},{"@type":"ListItem","position":3,"name":"Konserven - Lebensmittel","item":"https:\/\/yasminfood.ch\/de\/produkt-kategorie\/konserven-lebensmittel\/"},{"@type":"ListItem","position":4,"name":"Thunfisch &amp; Sardine","item":"https:\/\/yasminfood.ch\/de\/produkt-kategorie\/konserven-lebensmittel\/thunfisch-sardine\/"},{"@type":"ListItem","position":5,"name":"Thunfisch Sonnenblumen\u00f6l 160g Shamsin"}]},{"@type":"WebSite","@id":"https:\/\/yasminfood.ch\/de\/#website","url":"https:\/\/yasminfood.ch\/de\/","name":"\u064a\u0627\u0633\u0645\u064a\u0646 \u0645\u0627\u0631\u0643\u062a","description":"Alles, was Sie brauchen, an einem Ort","publisher":{"@id":"https:\/\/yasminfood.ch\/de\/#organization"},"alternateName":"Yasmin Food","potentialAction":[{"@type":"SearchAction","target":{"@type":"EntryPoint","urlTemplate":"https:\/\/yasminfood.ch\/de\/?s={search_term_string}"},"query-input":{"@type":"PropertyValueSpecification","valueRequired":true,"valueName":"search_term_string"}}],"inLanguage":"de"},{"@type":"Organization","@id":"https:\/\/yasminfood.ch\/de\/#organization","name":"\u064a\u0627\u0633\u0645\u064a\u0646 \u0645\u0627\u0631\u0643\u062a","alternateName":"Yasmin Food","url":"https:\/\/yasminfood.ch\/de\/","logo":{"@type":"ImageObject","inLanguage":"de","@id":"https:\/\/yasminfood.ch\/de\/#\/schema\/logo\/image\/","url":"https:\/\/yasminfood.ch\/wp-content\/uploads\/2025\/05\/yasmin-food-header-logo.png","contentUrl":"https:\/\/yasminfood.ch\/wp-content\/uploads\/2025\/05\/yasmin-food-header-logo.png","width":330,"height":120,"caption":"\u064a\u0627\u0633\u0645\u064a\u0646 \u0645\u0627\u0631\u0643\u062a"},"image":{"@id":"https:\/\/yasminfood.ch\/de\/#\/schema\/logo\/image\/"},"sameAs":["https:\/\/www.facebook.com\/yasminmarkt1","https:\/\/www.tiktok.com\/@yasminmarkt","https:\/\/www.instagram.com\/yasmin.markt1\/","https:\/\/api.whatsapp.com\/send\/?phone=41799000104"],"publishingPrinciples":"https:\/\/yasminfood.ch\/de\/shop\/","ownershipFundingInfo":"https:\/\/yasminfood.ch\/de\/shop\/"}]},"product_price_amount":"2.95","product_price_currency":"CHF","og_availability":"instock","product_availability":"instock","product_condition":"new"},"jetpack_sharing_enabled":true,"_links":{"self":[{"href":"https:\/\/yasminfood.ch\/de\/wp-json\/wp\/v2\/product\/117904","targetHints":{"allow":["GET"]}}],"collection":[{"href":"https:\/\/yasminfood.ch\/de\/wp-json\/wp\/v2\/product"}],"about":[{"href":"https:\/\/yasminfood.ch\/de\/wp-json\/wp\/v2\/types\/product"}],"replies":[{"embeddable":true,"href":"https:\/\/yasminfood.ch\/de\/wp-json\/wp\/v2\/comments?post=117904"}],"version-history":[{"count":0,"href":"https:\/\/yasminfood.ch\/de\/wp-json\/wp\/v2\/product\/117904\/revisions"}],"wp:featuredmedia":[{"embeddable":true,"href":"https:\/\/yasminfood.ch\/de\/wp-json\/wp\/v2\/media\/117901"}],"wp:attachment":[{"href":"https:\/\/yasminfood.ch\/de\/wp-json\/wp\/v2\/media?parent=117904"}],"wp:term":[{"taxonomy":"product_brand","embeddable":true,"href":"https:\/\/yasminfood.ch\/de\/wp-json\/wp\/v2\/product_brand?post=117904"},{"taxonomy":"product_cat","embeddable":true,"href":"https:\/\/yasminfood.ch\/de\/wp-json\/wp\/v2\/product_cat?post=117904"},{"taxonomy":"product_tag","embeddable":true,"href":"https:\/\/yasminfood.ch\/de\/wp-json\/wp\/v2\/product_tag?post=117904"}],"curies":[{"name":"wp","href":"https:\/\/api.w.org\/{rel}","templated":true}]}}