{"id":117980,"date":"2025-06-28T22:58:05","date_gmt":"2025-06-28T21:23:21","guid":{"rendered":"https:\/\/yasminfood.ch\/product\/wurstgewuerze-500g-scheich\/"},"modified":"2025-06-28T23:23:21","modified_gmt":"2025-06-28T21:23:21","slug":"wurstgewuerze-500g-scheich","status":"publish","type":"product","link":"https:\/\/yasminfood.ch\/de\/product\/wurstgewuerze-500g-scheich\/","title":{"rendered":"Wurstgew\u00fcrze 500g Scheich"},"content":{"rendered":"<p><strong>Wurstgew\u00fcrze 500g Scheich<\/strong><\/p>\n<ul>\n<li>\n<p data-start=\"165\" data-end=\"318\">Bereiten Sie die k\u00f6stlichste hausgemachte Wurst mit einem authentischen orientalischen Geschmack zu<\/p>\n<\/li>\n<li>\n<p data-start=\"165\" data-end=\"318\">Aus den feinsten Gew\u00fcrzen, die sorgf\u00e4ltig ausgew\u00e4hlt wurden, um jedes Mal einen reichhaltigen und ausgewogenen Geschmack zu gew\u00e4hrleisten.<\/p>\n<p data-start=\"320\" data-end=\"645\">\u2714\ufe0f <strong data-start=\"323\" data-end=\"355\">Eine ausgewogene, gebrauchsfertige Mischung<\/strong> spart Ihnen Zeit bei der Zubereitung von Gew\u00fcrzen<br data-start=\"383\" data-end=\"386\">\u2714\ufe0f <strong data-start=\"389\" data-end=\"430\">Hergestellt aus feinsten nat\u00fcrlichen Gew\u00fcrzen<\/strong> ohne Konservierungsstoffe oder k\u00fcnstliche Farbstoffe<br data-start=\"462\" data-end=\"465\">\u2714\ufe0f <strong data-start=\"468\" data-end=\"527\">Ideal f\u00fcr die Zubereitung von orientalischer Wurst und mariniertem Hackfleisch<\/strong><br data-start=\"527\" data-end=\"530\">\u2714\ufe0f <strong data-start=\"533\" data-end=\"548\">Dichte Verpackung<\/strong> , um den starken Geschmack und die Frische zu erhalten<br data-start=\"582\" data-end=\"585\">\u2714\ufe0f <strong data-start=\"588\" data-end=\"612\">Wirtschaftliches Gewicht 500 g<\/strong> , geeignet f\u00fcr Restaurants und den Heimgebrauch<\/p>\n<p data-start=\"647\" data-end=\"874\">\ud83d\udd38 <strong data-start=\"650\" data-end=\"663\">Zutaten:<\/strong> Roter Pfeffer, Kreuzk\u00fcmmel, schwarzer Pfeffer, gemischte Gew\u00fcrze, Koriander, Muskatnuss, Zimt, Nelken, andere nat\u00fcrliche Gew\u00fcrze <br data-start=\"779\" data-end=\"782\">\ud83d\udd38 <strong data-start=\"785\" data-end=\"799\">Anwendung:<\/strong> Mischen Sie es mit Hackfleisch mit etwas Salz und Knoblauch, um zu Hause eine k\u00f6stliche Wurst zuzubereiten.    <\/p>\n<\/li>\n<\/ul>\n","protected":false},"excerpt":{"rendered":"<p><strong>Wurstgew\u00fcrze 500g Scheich<\/strong><\/p>\n<ul>\n<li>\n<p data-start=\"165\" data-end=\"318\">Bereiten Sie die k\u00f6stlichste hausgemachte Wurst mit einem authentischen orientalischen Geschmack zu<\/p>\n<\/li>\n<li>\n<p data-start=\"165\" data-end=\"318\">Aus den feinsten Gew\u00fcrzen, die sorgf\u00e4ltig ausgew\u00e4hlt wurden, um jedes Mal einen reichhaltigen und ausgewogenen Geschmack zu gew\u00e4hrleisten.<\/p>\n<\/li>\n<\/ul>\n","protected":false},"featured_media":117920,"comment_status":"open","ping_status":"closed","template":"","meta":[],"product_brand":[],"product_cat":[360,356],"product_tag":[],"class_list":{"0":"post-117980","1":"product","2":"type-product","3":"status-publish","4":"has-post-thumbnail","6":"product_cat-gewurze","7":"product_cat-gewuerze-nuesse","9":"first","10":"instock","11":"taxable","12":"shipping-taxable","13":"purchasable","14":"product-type-simple"},"yoast_head":"<!-- This site is optimized with the Yoast SEO Premium plugin v26.5 (Yoast SEO v27.3) - https:\/\/yoast.com\/product\/yoast-seo-premium-wordpress\/ -->\n<title>Wurstgew\u00fcrze 500g Scheich - Yasmin Food<\/title>\n<meta name=\"description\" content=\"Viel Spa\u00df bei der Zubereitung einer k\u00f6stlichen hausgemachten Wurst mit Wurstgew\u00fcrzen 500g Sheikh! Seine ausgewogene Formel sorgt f\u00fcr einen authentischen orientalischen Geschmack bei jeder Mahlzeit. Wurstgew\u00fcrze 500g Scheich\" \/>\n<meta name=\"robots\" content=\"index, follow, max-snippet:-1, max-image-preview:large, max-video-preview:-1\" \/>\n<link rel=\"canonical\" href=\"https:\/\/yasminfood.ch\/de\/product\/wurstgewuerze-500g-scheich\/\" \/>\n<meta property=\"og:locale\" content=\"de_DE\" \/>\n<meta property=\"og:type\" content=\"article\" \/>\n<meta property=\"og:title\" content=\"Wurstgew\u00fcrze 500g Scheich\" \/>\n<meta property=\"og:description\" content=\"Wurstgew\u00fcrze 500g Scheich   Bereiten Sie die k\u00f6stlichste hausgemachte Wurst mit einem authentischen orientalischen Geschmack zu   Aus den feinsten Gew\u00fcrzen, die sorgf\u00e4ltig ausgew\u00e4hlt wurden, um jedes Mal einen reichhaltigen und ausgewogenen Geschmack zu gew\u00e4hrleisten.\" \/>\n<meta property=\"og:url\" content=\"https:\/\/yasminfood.ch\/de\/product\/wurstgewuerze-500g-scheich\/\" \/>\n<meta property=\"og:site_name\" content=\"Yasmin Food\" \/>\n<meta property=\"article:publisher\" content=\"https:\/\/www.facebook.com\/yasminmarkt1\" \/>\n<meta property=\"og:image\" content=\"https:\/\/yasminfood.ch\/wp-content\/uploads\/2025\/06\/\u0628\u0647\u0627\u0631\u0627\u062a-\u0633\u062c\u0642-500\u063a-\u0627\u0644\u0634\u064a\u062e--1024x1024.png\" \/>\n\t<meta property=\"og:image:width\" content=\"1024\" \/>\n\t<meta property=\"og:image:height\" content=\"1024\" \/>\n\t<meta property=\"og:image:type\" content=\"image\/png\" \/>\n<meta name=\"twitter:card\" content=\"summary_large_image\" \/>\n<meta name=\"twitter:label1\" content=\"Preis\" \/>\n\t<meta name=\"twitter:data1\" content=\"14.95&nbsp;&#067;&#072;&#070;\" \/>\n\t<meta name=\"twitter:label2\" content=\"Verf\u00fcgbarkeit\" \/>\n\t<meta name=\"twitter:data2\" content=\"Auf Lager\" \/>\n<script type=\"application\/ld+json\" class=\"yoast-schema-graph\">{\"@context\":\"https:\\\/\\\/schema.org\",\"@graph\":[{\"@type\":\"WebPage\",\"@id\":\"https:\\\/\\\/yasminfood.ch\\\/de\\\/product\\\/wurstgewuerze-500g-scheich\\\/\",\"url\":\"https:\\\/\\\/yasminfood.ch\\\/de\\\/product\\\/wurstgewuerze-500g-scheich\\\/\",\"name\":\"Wurstgew\u00fcrze 500g Scheich - Yasmin Food\",\"isPartOf\":{\"@id\":\"https:\\\/\\\/yasminfood.ch\\\/de\\\/#website\"},\"primaryImageOfPage\":{\"@id\":\"https:\\\/\\\/yasminfood.ch\\\/de\\\/product\\\/wurstgewuerze-500g-scheich\\\/#primaryimage\"},\"image\":{\"@id\":\"https:\\\/\\\/yasminfood.ch\\\/de\\\/product\\\/wurstgewuerze-500g-scheich\\\/#primaryimage\"},\"thumbnailUrl\":\"https:\\\/\\\/yasminfood.ch\\\/wp-content\\\/uploads\\\/2025\\\/06\\\/\u0628\u0647\u0627\u0631\u0627\u062a-\u0633\u062c\u0642-500\u063a-\u0627\u0644\u0634\u064a\u062e-.png\",\"datePublished\":\"2025-06-28T21:23:21+00:00\",\"description\":\"Viel Spa\u00df bei der Zubereitung einer k\u00f6stlichen hausgemachten Wurst mit Wurstgew\u00fcrzen 500g Sheikh! Seine ausgewogene Formel sorgt f\u00fcr einen authentischen orientalischen Geschmack bei jeder Mahlzeit. Wurstgew\u00fcrze 500g Scheich\",\"breadcrumb\":{\"@id\":\"https:\\\/\\\/yasminfood.ch\\\/de\\\/product\\\/wurstgewuerze-500g-scheich\\\/#breadcrumb\"},\"inLanguage\":\"de\",\"potentialAction\":[{\"@type\":\"ReadAction\",\"target\":[\"https:\\\/\\\/yasminfood.ch\\\/de\\\/product\\\/wurstgewuerze-500g-scheich\\\/\"]}]},{\"@type\":\"ImageObject\",\"inLanguage\":\"de\",\"@id\":\"https:\\\/\\\/yasminfood.ch\\\/de\\\/product\\\/wurstgewuerze-500g-scheich\\\/#primaryimage\",\"url\":\"https:\\\/\\\/yasminfood.ch\\\/wp-content\\\/uploads\\\/2025\\\/06\\\/\u0628\u0647\u0627\u0631\u0627\u062a-\u0633\u062c\u0642-500\u063a-\u0627\u0644\u0634\u064a\u062e-.png\",\"contentUrl\":\"https:\\\/\\\/yasminfood.ch\\\/wp-content\\\/uploads\\\/2025\\\/06\\\/\u0628\u0647\u0627\u0631\u0627\u062a-\u0633\u062c\u0642-500\u063a-\u0627\u0644\u0634\u064a\u062e-.png\",\"width\":1890,\"height\":1890,\"caption\":\"Wurstgew\u00fcrze 500g Scheich\"},{\"@type\":\"BreadcrumbList\",\"@id\":\"https:\\\/\\\/yasminfood.ch\\\/de\\\/product\\\/wurstgewuerze-500g-scheich\\\/#breadcrumb\",\"itemListElement\":[{\"@type\":\"ListItem\",\"position\":1,\"name\":\"\u0627\u0644\u0631\u0626\u064a\u0633\u064a\u0629\",\"item\":\"https:\\\/\\\/yasminfood.ch\\\/de\\\/zuhause\\\/\"},{\"@type\":\"ListItem\",\"position\":2,\"name\":\"Shop\",\"item\":\"https:\\\/\\\/yasminfood.ch\\\/de\\\/shop\\\/\"},{\"@type\":\"ListItem\",\"position\":3,\"name\":\"Gew\u00fcrze &amp; N\u00fcsse\",\"item\":\"https:\\\/\\\/yasminfood.ch\\\/de\\\/produkt-kategorie\\\/gewuerze-nuesse\\\/\"},{\"@type\":\"ListItem\",\"position\":4,\"name\":\"Wurstgew\u00fcrze 500g Scheich\"}]},{\"@type\":\"WebSite\",\"@id\":\"https:\\\/\\\/yasminfood.ch\\\/de\\\/#website\",\"url\":\"https:\\\/\\\/yasminfood.ch\\\/de\\\/\",\"name\":\"\u064a\u0627\u0633\u0645\u064a\u0646 \u0645\u0627\u0631\u0643\u062a\",\"description\":\"Alles, was Sie brauchen, an einem Ort\",\"publisher\":{\"@id\":\"https:\\\/\\\/yasminfood.ch\\\/de\\\/#organization\"},\"alternateName\":\"Yasmin Food\",\"potentialAction\":[{\"@type\":\"SearchAction\",\"target\":{\"@type\":\"EntryPoint\",\"urlTemplate\":\"https:\\\/\\\/yasminfood.ch\\\/de\\\/?s={search_term_string}\"},\"query-input\":{\"@type\":\"PropertyValueSpecification\",\"valueRequired\":true,\"valueName\":\"search_term_string\"}}],\"inLanguage\":\"de\"},{\"@type\":\"Organization\",\"@id\":\"https:\\\/\\\/yasminfood.ch\\\/de\\\/#organization\",\"name\":\"\u064a\u0627\u0633\u0645\u064a\u0646 \u0645\u0627\u0631\u0643\u062a\",\"alternateName\":\"Yasmin Food\",\"url\":\"https:\\\/\\\/yasminfood.ch\\\/de\\\/\",\"logo\":{\"@type\":\"ImageObject\",\"inLanguage\":\"de\",\"@id\":\"https:\\\/\\\/yasminfood.ch\\\/de\\\/#\\\/schema\\\/logo\\\/image\\\/\",\"url\":\"https:\\\/\\\/yasminfood.ch\\\/wp-content\\\/uploads\\\/2025\\\/05\\\/yasmin-food-header-logo.png\",\"contentUrl\":\"https:\\\/\\\/yasminfood.ch\\\/wp-content\\\/uploads\\\/2025\\\/05\\\/yasmin-food-header-logo.png\",\"width\":330,\"height\":120,\"caption\":\"\u064a\u0627\u0633\u0645\u064a\u0646 \u0645\u0627\u0631\u0643\u062a\"},\"image\":{\"@id\":\"https:\\\/\\\/yasminfood.ch\\\/de\\\/#\\\/schema\\\/logo\\\/image\\\/\"},\"sameAs\":[\"https:\\\/\\\/www.facebook.com\\\/yasminmarkt1\",\"https:\\\/\\\/www.tiktok.com\\\/@yasminmarkt\",\"https:\\\/\\\/www.instagram.com\\\/yasmin.markt1\\\/\",\"https:\\\/\\\/api.whatsapp.com\\\/send\\\/?phone=41799000104\"],\"publishingPrinciples\":\"https:\\\/\\\/yasminfood.ch\\\/de\\\/shop\\\/\",\"ownershipFundingInfo\":\"https:\\\/\\\/yasminfood.ch\\\/de\\\/shop\\\/\"}]}<\/script>\n<meta property=\"product:price:amount\" content=\"14.95\" \/>\n<meta property=\"product:price:currency\" content=\"CHF\" \/>\n<meta property=\"og:availability\" content=\"instock\" \/>\n<meta property=\"product:availability\" content=\"instock\" \/>\n<meta property=\"product:condition\" content=\"new\" \/>\n<!-- \/ Yoast SEO Premium plugin. -->","yoast_head_json":{"title":"Wurstgew\u00fcrze 500g Scheich - Yasmin Food","description":"Viel Spa\u00df bei der Zubereitung einer k\u00f6stlichen hausgemachten Wurst mit Wurstgew\u00fcrzen 500g Sheikh! Seine ausgewogene Formel sorgt f\u00fcr einen authentischen orientalischen Geschmack bei jeder Mahlzeit. Wurstgew\u00fcrze 500g Scheich","robots":{"index":"index","follow":"follow","max-snippet":"max-snippet:-1","max-image-preview":"max-image-preview:large","max-video-preview":"max-video-preview:-1"},"canonical":"https:\/\/yasminfood.ch\/de\/product\/wurstgewuerze-500g-scheich\/","og_locale":"de_DE","og_type":"article","og_title":"Wurstgew\u00fcrze 500g Scheich","og_description":"Wurstgew\u00fcrze 500g Scheich   Bereiten Sie die k\u00f6stlichste hausgemachte Wurst mit einem authentischen orientalischen Geschmack zu   Aus den feinsten Gew\u00fcrzen, die sorgf\u00e4ltig ausgew\u00e4hlt wurden, um jedes Mal einen reichhaltigen und ausgewogenen Geschmack zu gew\u00e4hrleisten.","og_url":"https:\/\/yasminfood.ch\/de\/product\/wurstgewuerze-500g-scheich\/","og_site_name":"Yasmin Food","article_publisher":"https:\/\/www.facebook.com\/yasminmarkt1","og_image":[{"width":1024,"height":1024,"url":"https:\/\/yasminfood.ch\/wp-content\/uploads\/2025\/06\/\u0628\u0647\u0627\u0631\u0627\u062a-\u0633\u062c\u0642-500\u063a-\u0627\u0644\u0634\u064a\u062e--1024x1024.png","type":"image\/png"}],"twitter_card":"summary_large_image","twitter_misc":{"Preis":"14.95&nbsp;&#67;&#72;&#70;","Verf\u00fcgbarkeit":"Auf Lager"},"schema":{"@context":"https:\/\/schema.org","@graph":[{"@type":"WebPage","@id":"https:\/\/yasminfood.ch\/de\/product\/wurstgewuerze-500g-scheich\/","url":"https:\/\/yasminfood.ch\/de\/product\/wurstgewuerze-500g-scheich\/","name":"Wurstgew\u00fcrze 500g Scheich - Yasmin Food","isPartOf":{"@id":"https:\/\/yasminfood.ch\/de\/#website"},"primaryImageOfPage":{"@id":"https:\/\/yasminfood.ch\/de\/product\/wurstgewuerze-500g-scheich\/#primaryimage"},"image":{"@id":"https:\/\/yasminfood.ch\/de\/product\/wurstgewuerze-500g-scheich\/#primaryimage"},"thumbnailUrl":"https:\/\/yasminfood.ch\/wp-content\/uploads\/2025\/06\/\u0628\u0647\u0627\u0631\u0627\u062a-\u0633\u062c\u0642-500\u063a-\u0627\u0644\u0634\u064a\u062e-.png","datePublished":"2025-06-28T21:23:21+00:00","description":"Viel Spa\u00df bei der Zubereitung einer k\u00f6stlichen hausgemachten Wurst mit Wurstgew\u00fcrzen 500g Sheikh! Seine ausgewogene Formel sorgt f\u00fcr einen authentischen orientalischen Geschmack bei jeder Mahlzeit. Wurstgew\u00fcrze 500g Scheich","breadcrumb":{"@id":"https:\/\/yasminfood.ch\/de\/product\/wurstgewuerze-500g-scheich\/#breadcrumb"},"inLanguage":"de","potentialAction":[{"@type":"ReadAction","target":["https:\/\/yasminfood.ch\/de\/product\/wurstgewuerze-500g-scheich\/"]}]},{"@type":"ImageObject","inLanguage":"de","@id":"https:\/\/yasminfood.ch\/de\/product\/wurstgewuerze-500g-scheich\/#primaryimage","url":"https:\/\/yasminfood.ch\/wp-content\/uploads\/2025\/06\/\u0628\u0647\u0627\u0631\u0627\u062a-\u0633\u062c\u0642-500\u063a-\u0627\u0644\u0634\u064a\u062e-.png","contentUrl":"https:\/\/yasminfood.ch\/wp-content\/uploads\/2025\/06\/\u0628\u0647\u0627\u0631\u0627\u062a-\u0633\u062c\u0642-500\u063a-\u0627\u0644\u0634\u064a\u062e-.png","width":1890,"height":1890,"caption":"Wurstgew\u00fcrze 500g Scheich"},{"@type":"BreadcrumbList","@id":"https:\/\/yasminfood.ch\/de\/product\/wurstgewuerze-500g-scheich\/#breadcrumb","itemListElement":[{"@type":"ListItem","position":1,"name":"\u0627\u0644\u0631\u0626\u064a\u0633\u064a\u0629","item":"https:\/\/yasminfood.ch\/de\/zuhause\/"},{"@type":"ListItem","position":2,"name":"Shop","item":"https:\/\/yasminfood.ch\/de\/shop\/"},{"@type":"ListItem","position":3,"name":"Gew\u00fcrze &amp; N\u00fcsse","item":"https:\/\/yasminfood.ch\/de\/produkt-kategorie\/gewuerze-nuesse\/"},{"@type":"ListItem","position":4,"name":"Wurstgew\u00fcrze 500g Scheich"}]},{"@type":"WebSite","@id":"https:\/\/yasminfood.ch\/de\/#website","url":"https:\/\/yasminfood.ch\/de\/","name":"\u064a\u0627\u0633\u0645\u064a\u0646 \u0645\u0627\u0631\u0643\u062a","description":"Alles, was Sie brauchen, an einem Ort","publisher":{"@id":"https:\/\/yasminfood.ch\/de\/#organization"},"alternateName":"Yasmin Food","potentialAction":[{"@type":"SearchAction","target":{"@type":"EntryPoint","urlTemplate":"https:\/\/yasminfood.ch\/de\/?s={search_term_string}"},"query-input":{"@type":"PropertyValueSpecification","valueRequired":true,"valueName":"search_term_string"}}],"inLanguage":"de"},{"@type":"Organization","@id":"https:\/\/yasminfood.ch\/de\/#organization","name":"\u064a\u0627\u0633\u0645\u064a\u0646 \u0645\u0627\u0631\u0643\u062a","alternateName":"Yasmin Food","url":"https:\/\/yasminfood.ch\/de\/","logo":{"@type":"ImageObject","inLanguage":"de","@id":"https:\/\/yasminfood.ch\/de\/#\/schema\/logo\/image\/","url":"https:\/\/yasminfood.ch\/wp-content\/uploads\/2025\/05\/yasmin-food-header-logo.png","contentUrl":"https:\/\/yasminfood.ch\/wp-content\/uploads\/2025\/05\/yasmin-food-header-logo.png","width":330,"height":120,"caption":"\u064a\u0627\u0633\u0645\u064a\u0646 \u0645\u0627\u0631\u0643\u062a"},"image":{"@id":"https:\/\/yasminfood.ch\/de\/#\/schema\/logo\/image\/"},"sameAs":["https:\/\/www.facebook.com\/yasminmarkt1","https:\/\/www.tiktok.com\/@yasminmarkt","https:\/\/www.instagram.com\/yasmin.markt1\/","https:\/\/api.whatsapp.com\/send\/?phone=41799000104"],"publishingPrinciples":"https:\/\/yasminfood.ch\/de\/shop\/","ownershipFundingInfo":"https:\/\/yasminfood.ch\/de\/shop\/"}]},"product_price_amount":"14.95","product_price_currency":"CHF","og_availability":"instock","product_availability":"instock","product_condition":"new"},"jetpack_sharing_enabled":true,"_links":{"self":[{"href":"https:\/\/yasminfood.ch\/de\/wp-json\/wp\/v2\/product\/117980","targetHints":{"allow":["GET"]}}],"collection":[{"href":"https:\/\/yasminfood.ch\/de\/wp-json\/wp\/v2\/product"}],"about":[{"href":"https:\/\/yasminfood.ch\/de\/wp-json\/wp\/v2\/types\/product"}],"replies":[{"embeddable":true,"href":"https:\/\/yasminfood.ch\/de\/wp-json\/wp\/v2\/comments?post=117980"}],"version-history":[{"count":0,"href":"https:\/\/yasminfood.ch\/de\/wp-json\/wp\/v2\/product\/117980\/revisions"}],"wp:featuredmedia":[{"embeddable":true,"href":"https:\/\/yasminfood.ch\/de\/wp-json\/wp\/v2\/media\/117920"}],"wp:attachment":[{"href":"https:\/\/yasminfood.ch\/de\/wp-json\/wp\/v2\/media?parent=117980"}],"wp:term":[{"taxonomy":"product_brand","embeddable":true,"href":"https:\/\/yasminfood.ch\/de\/wp-json\/wp\/v2\/product_brand?post=117980"},{"taxonomy":"product_cat","embeddable":true,"href":"https:\/\/yasminfood.ch\/de\/wp-json\/wp\/v2\/product_cat?post=117980"},{"taxonomy":"product_tag","embeddable":true,"href":"https:\/\/yasminfood.ch\/de\/wp-json\/wp\/v2\/product_tag?post=117980"}],"curies":[{"name":"wp","href":"https:\/\/api.w.org\/{rel}","templated":true}]}}