{"id":117984,"date":"2025-06-28T21:51:40","date_gmt":"2025-06-28T19:51:40","guid":{"rendered":"https:\/\/yasminfood.ch\/product\/kaffee-mit-extra-kardamom-blauer-hamwi-180g\/"},"modified":"2025-06-28T23:25:06","modified_gmt":"2025-06-28T21:25:06","slug":"kaffee-mit-extra-kardamom-blauer-hamwi-180g","status":"publish","type":"product","link":"https:\/\/yasminfood.ch\/de\/product\/kaffee-mit-extra-kardamom-blauer-hamwi-180g\/","title":{"rendered":"Kaffee mit extra Kardamom Blauer Hamwi 180g"},"content":{"rendered":"<p><strong>Kaffee mit extra Kardamom Blauer Hamwi 180g<\/strong><\/p>\n<ul>\n<li>\n<p data-start=\"173\" data-end=\"291\">Entdecken Sie den Geschmack von authentischem arabischem Kaffee, gemischt mit feinstem Kardamom, um jeder Tasse einen reichhaltigen und aromatischen Geschmack zu verleihen.<\/p>\n<p data-start=\"293\" data-end=\"622\">\u2714\ufe0f <strong data-start=\"296\" data-end=\"324\">Hochwertiger gemahlener Kaffee<\/strong> aus feinsten arabischen Kaffeebohnen<br data-start=\"349\" data-end=\"352\">\u2714\ufe0f <strong data-start=\"355\" data-end=\"390\">Ihm wird luxuri\u00f6ser Kardamom zugesetzt,<\/strong> der ihm ein starkes Aroma und einen authentischen orientalischen Geschmack verleiht<br data-start=\"429\" data-end=\"432\">\u2714\ufe0f <strong data-start=\"435\" data-end=\"471\">Perfekt <\/strong>f\u00fcr alle Ihre Anl\u00e4sse<br data-start=\"488\" data-end=\"491\">\u2714\ufe0f <strong data-start=\"494\" data-end=\"509\">Dichte F\u00fcllung<\/strong> , um Geschmack und Aroma so lange wie m\u00f6glich zu erhalten<br data-start=\"552\" data-end=\"555\" data-is-only-node=\"\">\u2714\ufe0f <strong data-start=\"558\" data-end=\"584\">Das Gewicht einer praktischen Packung von 180 Gramm<\/strong> ist f\u00fcr den t\u00e4glichen Gebrauch oder auf Reisen geeignet<\/p>\n<p data-start=\"624\" data-end=\"785\">\ud83d\udd38 <strong data-start=\"627\" data-end=\"640\">Zutaten:<\/strong> Gemahlener arabischer Kaffee, Kardamom extra. <\/p>\n<\/li>\n<\/ul>\n","protected":false},"excerpt":{"rendered":"<p><strong>Kaffee mit extra Kardamom Blauer Hamwi 180g<\/strong><\/p>\n<ul>\n<li>\n<p data-start=\"173\" data-end=\"291\">Entdecken Sie den Geschmack von authentischem arabischem Kaffee, gemischt mit feinstem Kardamom, um jeder Tasse einen reichhaltigen und aromatischen Geschmack zu verleihen.<\/p>\n<\/li>\n<\/ul>\n","protected":false},"featured_media":117909,"comment_status":"open","ping_status":"closed","template":"","meta":[],"product_brand":[],"product_cat":[368,367],"product_tag":[],"class_list":{"0":"post-117984","1":"product","2":"type-product","3":"status-publish","4":"has-post-thumbnail","6":"product_cat-arabischer-kaffee","7":"product_cat-getraenke-fluessigkeiten","9":"first","10":"instock","11":"taxable","12":"shipping-taxable","13":"purchasable","14":"product-type-simple"},"yoast_head":"<!-- This site is optimized with the Yoast SEO Premium plugin v26.5 (Yoast SEO v27.3) - https:\/\/yoast.com\/product\/yoast-seo-premium-wordpress\/ -->\n<title>Kaffee mit extra Kardamom Blauer Hamwi 180g - Yasmin Food<\/title>\n<meta name=\"description\" content=\"Genie\u00dfen Sie den Geschmack von authentischem arabischem Kaffee mit Kaffee mit extra Kardamom blau Hamwi 180g. Perfekt f\u00fcr alle Gelegenheiten, bestellen Sie jetzt f\u00fcr einen besonderen Geschmack! Yasmin Food\" \/>\n<meta name=\"robots\" content=\"index, follow, max-snippet:-1, max-image-preview:large, max-video-preview:-1\" \/>\n<link rel=\"canonical\" href=\"https:\/\/yasminfood.ch\/de\/product\/kaffee-mit-extra-kardamom-blauer-hamwi-180g\/\" \/>\n<meta property=\"og:locale\" content=\"de_DE\" \/>\n<meta property=\"og:type\" content=\"article\" \/>\n<meta property=\"og:title\" content=\"Kaffee mit extra Kardamom Blauer Hamwi 180g\" \/>\n<meta property=\"og:description\" content=\"Kaffee mit extra Kardamom Blauer Hamwi 180g   Entdecken Sie den Geschmack von authentischem arabischem Kaffee, gemischt mit feinstem Kardamom, um jeder Tasse einen reichhaltigen und aromatischen Geschmack zu verleihen.\" \/>\n<meta property=\"og:url\" content=\"https:\/\/yasminfood.ch\/de\/product\/kaffee-mit-extra-kardamom-blauer-hamwi-180g\/\" \/>\n<meta property=\"og:site_name\" content=\"Yasmin Food\" \/>\n<meta property=\"article:publisher\" content=\"https:\/\/www.facebook.com\/yasminmarkt1\" \/>\n<meta property=\"article:modified_time\" content=\"2025-06-28T21:25:06+00:00\" \/>\n<meta property=\"og:image\" content=\"https:\/\/yasminfood.ch\/wp-content\/uploads\/2025\/06\/\u0628\u0646-\u0645\u0639-\u0625\u0643\u0633\u062a\u0631\u0627-\u0647\u0627\u0644-\u0627\u0632\u0631\u0642-\u0627\u0644\u062d\u0645\u0648\u064a-180-\u063a\u0631\u0627\u0645.png\" \/>\n\t<meta property=\"og:image:width\" content=\"1080\" \/>\n\t<meta property=\"og:image:height\" content=\"1080\" \/>\n\t<meta property=\"og:image:type\" content=\"image\/png\" \/>\n<meta name=\"twitter:card\" content=\"summary_large_image\" \/>\n<meta name=\"twitter:label1\" content=\"Preis\" \/>\n\t<meta name=\"twitter:data1\" content=\"8.95&nbsp;&#067;&#072;&#070;\" \/>\n\t<meta name=\"twitter:label2\" content=\"Verf\u00fcgbarkeit\" \/>\n\t<meta name=\"twitter:data2\" content=\"Auf Lager\" \/>\n<script type=\"application\/ld+json\" class=\"yoast-schema-graph\">{\"@context\":\"https:\\\/\\\/schema.org\",\"@graph\":[{\"@type\":\"WebPage\",\"@id\":\"https:\\\/\\\/yasminfood.ch\\\/de\\\/product\\\/kaffee-mit-extra-kardamom-blauer-hamwi-180g\\\/\",\"url\":\"https:\\\/\\\/yasminfood.ch\\\/de\\\/product\\\/kaffee-mit-extra-kardamom-blauer-hamwi-180g\\\/\",\"name\":\"Kaffee mit extra Kardamom Blauer Hamwi 180g - Yasmin Food\",\"isPartOf\":{\"@id\":\"https:\\\/\\\/yasminfood.ch\\\/de\\\/#website\"},\"primaryImageOfPage\":{\"@id\":\"https:\\\/\\\/yasminfood.ch\\\/de\\\/product\\\/kaffee-mit-extra-kardamom-blauer-hamwi-180g\\\/#primaryimage\"},\"image\":{\"@id\":\"https:\\\/\\\/yasminfood.ch\\\/de\\\/product\\\/kaffee-mit-extra-kardamom-blauer-hamwi-180g\\\/#primaryimage\"},\"thumbnailUrl\":\"https:\\\/\\\/yasminfood.ch\\\/wp-content\\\/uploads\\\/2025\\\/06\\\/\u0628\u0646-\u0645\u0639-\u0625\u0643\u0633\u062a\u0631\u0627-\u0647\u0627\u0644-\u0627\u0632\u0631\u0642-\u0627\u0644\u062d\u0645\u0648\u064a-180-\u063a\u0631\u0627\u0645.png\",\"datePublished\":\"2025-06-28T19:51:40+00:00\",\"dateModified\":\"2025-06-28T21:25:06+00:00\",\"description\":\"Genie\u00dfen Sie den Geschmack von authentischem arabischem Kaffee mit Kaffee mit extra Kardamom blau Hamwi 180g. Perfekt f\u00fcr alle Gelegenheiten, bestellen Sie jetzt f\u00fcr einen besonderen Geschmack! Yasmin Food\",\"breadcrumb\":{\"@id\":\"https:\\\/\\\/yasminfood.ch\\\/de\\\/product\\\/kaffee-mit-extra-kardamom-blauer-hamwi-180g\\\/#breadcrumb\"},\"inLanguage\":\"de\",\"potentialAction\":[{\"@type\":\"ReadAction\",\"target\":[\"https:\\\/\\\/yasminfood.ch\\\/de\\\/product\\\/kaffee-mit-extra-kardamom-blauer-hamwi-180g\\\/\"]}]},{\"@type\":\"ImageObject\",\"inLanguage\":\"de\",\"@id\":\"https:\\\/\\\/yasminfood.ch\\\/de\\\/product\\\/kaffee-mit-extra-kardamom-blauer-hamwi-180g\\\/#primaryimage\",\"url\":\"https:\\\/\\\/yasminfood.ch\\\/wp-content\\\/uploads\\\/2025\\\/06\\\/\u0628\u0646-\u0645\u0639-\u0625\u0643\u0633\u062a\u0631\u0627-\u0647\u0627\u0644-\u0627\u0632\u0631\u0642-\u0627\u0644\u062d\u0645\u0648\u064a-180-\u063a\u0631\u0627\u0645.png\",\"contentUrl\":\"https:\\\/\\\/yasminfood.ch\\\/wp-content\\\/uploads\\\/2025\\\/06\\\/\u0628\u0646-\u0645\u0639-\u0625\u0643\u0633\u062a\u0631\u0627-\u0647\u0627\u0644-\u0627\u0632\u0631\u0642-\u0627\u0644\u062d\u0645\u0648\u064a-180-\u063a\u0631\u0627\u0645.png\",\"width\":1080,\"height\":1080,\"caption\":\"Kaffee mit extra Kardamom blauer Hamwi 180 Gramm\"},{\"@type\":\"BreadcrumbList\",\"@id\":\"https:\\\/\\\/yasminfood.ch\\\/de\\\/product\\\/kaffee-mit-extra-kardamom-blauer-hamwi-180g\\\/#breadcrumb\",\"itemListElement\":[{\"@type\":\"ListItem\",\"position\":1,\"name\":\"\u0627\u0644\u0631\u0626\u064a\u0633\u064a\u0629\",\"item\":\"https:\\\/\\\/yasminfood.ch\\\/de\\\/zuhause\\\/\"},{\"@type\":\"ListItem\",\"position\":2,\"name\":\"Shop\",\"item\":\"https:\\\/\\\/yasminfood.ch\\\/de\\\/shop\\\/\"},{\"@type\":\"ListItem\",\"position\":3,\"name\":\"Getr\u00e4nke &amp; Fl\u00fcssigkeiten\",\"item\":\"https:\\\/\\\/yasminfood.ch\\\/de\\\/produkt-kategorie\\\/getraenke-fluessigkeiten\\\/\"},{\"@type\":\"ListItem\",\"position\":4,\"name\":\"Arabischer Kaffee\",\"item\":\"https:\\\/\\\/yasminfood.ch\\\/de\\\/produkt-kategorie\\\/getraenke-fluessigkeiten\\\/arabischer-kaffee\\\/\"},{\"@type\":\"ListItem\",\"position\":5,\"name\":\"Kaffee mit extra Kardamom Blauer Hamwi 180g\"}]},{\"@type\":\"WebSite\",\"@id\":\"https:\\\/\\\/yasminfood.ch\\\/de\\\/#website\",\"url\":\"https:\\\/\\\/yasminfood.ch\\\/de\\\/\",\"name\":\"\u064a\u0627\u0633\u0645\u064a\u0646 \u0645\u0627\u0631\u0643\u062a\",\"description\":\"Alles, was Sie brauchen, an einem Ort\",\"publisher\":{\"@id\":\"https:\\\/\\\/yasminfood.ch\\\/de\\\/#organization\"},\"alternateName\":\"Yasmin Food\",\"potentialAction\":[{\"@type\":\"SearchAction\",\"target\":{\"@type\":\"EntryPoint\",\"urlTemplate\":\"https:\\\/\\\/yasminfood.ch\\\/de\\\/?s={search_term_string}\"},\"query-input\":{\"@type\":\"PropertyValueSpecification\",\"valueRequired\":true,\"valueName\":\"search_term_string\"}}],\"inLanguage\":\"de\"},{\"@type\":\"Organization\",\"@id\":\"https:\\\/\\\/yasminfood.ch\\\/de\\\/#organization\",\"name\":\"\u064a\u0627\u0633\u0645\u064a\u0646 \u0645\u0627\u0631\u0643\u062a\",\"alternateName\":\"Yasmin Food\",\"url\":\"https:\\\/\\\/yasminfood.ch\\\/de\\\/\",\"logo\":{\"@type\":\"ImageObject\",\"inLanguage\":\"de\",\"@id\":\"https:\\\/\\\/yasminfood.ch\\\/de\\\/#\\\/schema\\\/logo\\\/image\\\/\",\"url\":\"https:\\\/\\\/yasminfood.ch\\\/wp-content\\\/uploads\\\/2025\\\/05\\\/yasmin-food-header-logo.png\",\"contentUrl\":\"https:\\\/\\\/yasminfood.ch\\\/wp-content\\\/uploads\\\/2025\\\/05\\\/yasmin-food-header-logo.png\",\"width\":330,\"height\":120,\"caption\":\"\u064a\u0627\u0633\u0645\u064a\u0646 \u0645\u0627\u0631\u0643\u062a\"},\"image\":{\"@id\":\"https:\\\/\\\/yasminfood.ch\\\/de\\\/#\\\/schema\\\/logo\\\/image\\\/\"},\"sameAs\":[\"https:\\\/\\\/www.facebook.com\\\/yasminmarkt1\",\"https:\\\/\\\/www.tiktok.com\\\/@yasminmarkt\",\"https:\\\/\\\/www.instagram.com\\\/yasmin.markt1\\\/\",\"https:\\\/\\\/api.whatsapp.com\\\/send\\\/?phone=41799000104\"],\"publishingPrinciples\":\"https:\\\/\\\/yasminfood.ch\\\/de\\\/shop\\\/\",\"ownershipFundingInfo\":\"https:\\\/\\\/yasminfood.ch\\\/de\\\/shop\\\/\"}]}<\/script>\n<meta property=\"product:price:amount\" content=\"8.95\" \/>\n<meta property=\"product:price:currency\" content=\"CHF\" \/>\n<meta property=\"og:availability\" content=\"instock\" \/>\n<meta property=\"product:availability\" content=\"instock\" \/>\n<meta property=\"product:condition\" content=\"new\" \/>\n<!-- \/ Yoast SEO Premium plugin. -->","yoast_head_json":{"title":"Kaffee mit extra Kardamom Blauer Hamwi 180g - Yasmin Food","description":"Genie\u00dfen Sie den Geschmack von authentischem arabischem Kaffee mit Kaffee mit extra Kardamom blau Hamwi 180g. Perfekt f\u00fcr alle Gelegenheiten, bestellen Sie jetzt f\u00fcr einen besonderen Geschmack! Yasmin Food","robots":{"index":"index","follow":"follow","max-snippet":"max-snippet:-1","max-image-preview":"max-image-preview:large","max-video-preview":"max-video-preview:-1"},"canonical":"https:\/\/yasminfood.ch\/de\/product\/kaffee-mit-extra-kardamom-blauer-hamwi-180g\/","og_locale":"de_DE","og_type":"article","og_title":"Kaffee mit extra Kardamom Blauer Hamwi 180g","og_description":"Kaffee mit extra Kardamom Blauer Hamwi 180g   Entdecken Sie den Geschmack von authentischem arabischem Kaffee, gemischt mit feinstem Kardamom, um jeder Tasse einen reichhaltigen und aromatischen Geschmack zu verleihen.","og_url":"https:\/\/yasminfood.ch\/de\/product\/kaffee-mit-extra-kardamom-blauer-hamwi-180g\/","og_site_name":"Yasmin Food","article_publisher":"https:\/\/www.facebook.com\/yasminmarkt1","article_modified_time":"2025-06-28T21:25:06+00:00","og_image":[{"width":1080,"height":1080,"url":"https:\/\/yasminfood.ch\/wp-content\/uploads\/2025\/06\/\u0628\u0646-\u0645\u0639-\u0625\u0643\u0633\u062a\u0631\u0627-\u0647\u0627\u0644-\u0627\u0632\u0631\u0642-\u0627\u0644\u062d\u0645\u0648\u064a-180-\u063a\u0631\u0627\u0645.png","type":"image\/png"}],"twitter_card":"summary_large_image","twitter_misc":{"Preis":"8.95&nbsp;&#67;&#72;&#70;","Verf\u00fcgbarkeit":"Auf Lager"},"schema":{"@context":"https:\/\/schema.org","@graph":[{"@type":"WebPage","@id":"https:\/\/yasminfood.ch\/de\/product\/kaffee-mit-extra-kardamom-blauer-hamwi-180g\/","url":"https:\/\/yasminfood.ch\/de\/product\/kaffee-mit-extra-kardamom-blauer-hamwi-180g\/","name":"Kaffee mit extra Kardamom Blauer Hamwi 180g - Yasmin Food","isPartOf":{"@id":"https:\/\/yasminfood.ch\/de\/#website"},"primaryImageOfPage":{"@id":"https:\/\/yasminfood.ch\/de\/product\/kaffee-mit-extra-kardamom-blauer-hamwi-180g\/#primaryimage"},"image":{"@id":"https:\/\/yasminfood.ch\/de\/product\/kaffee-mit-extra-kardamom-blauer-hamwi-180g\/#primaryimage"},"thumbnailUrl":"https:\/\/yasminfood.ch\/wp-content\/uploads\/2025\/06\/\u0628\u0646-\u0645\u0639-\u0625\u0643\u0633\u062a\u0631\u0627-\u0647\u0627\u0644-\u0627\u0632\u0631\u0642-\u0627\u0644\u062d\u0645\u0648\u064a-180-\u063a\u0631\u0627\u0645.png","datePublished":"2025-06-28T19:51:40+00:00","dateModified":"2025-06-28T21:25:06+00:00","description":"Genie\u00dfen Sie den Geschmack von authentischem arabischem Kaffee mit Kaffee mit extra Kardamom blau Hamwi 180g. Perfekt f\u00fcr alle Gelegenheiten, bestellen Sie jetzt f\u00fcr einen besonderen Geschmack! Yasmin Food","breadcrumb":{"@id":"https:\/\/yasminfood.ch\/de\/product\/kaffee-mit-extra-kardamom-blauer-hamwi-180g\/#breadcrumb"},"inLanguage":"de","potentialAction":[{"@type":"ReadAction","target":["https:\/\/yasminfood.ch\/de\/product\/kaffee-mit-extra-kardamom-blauer-hamwi-180g\/"]}]},{"@type":"ImageObject","inLanguage":"de","@id":"https:\/\/yasminfood.ch\/de\/product\/kaffee-mit-extra-kardamom-blauer-hamwi-180g\/#primaryimage","url":"https:\/\/yasminfood.ch\/wp-content\/uploads\/2025\/06\/\u0628\u0646-\u0645\u0639-\u0625\u0643\u0633\u062a\u0631\u0627-\u0647\u0627\u0644-\u0627\u0632\u0631\u0642-\u0627\u0644\u062d\u0645\u0648\u064a-180-\u063a\u0631\u0627\u0645.png","contentUrl":"https:\/\/yasminfood.ch\/wp-content\/uploads\/2025\/06\/\u0628\u0646-\u0645\u0639-\u0625\u0643\u0633\u062a\u0631\u0627-\u0647\u0627\u0644-\u0627\u0632\u0631\u0642-\u0627\u0644\u062d\u0645\u0648\u064a-180-\u063a\u0631\u0627\u0645.png","width":1080,"height":1080,"caption":"Kaffee mit extra Kardamom blauer Hamwi 180 Gramm"},{"@type":"BreadcrumbList","@id":"https:\/\/yasminfood.ch\/de\/product\/kaffee-mit-extra-kardamom-blauer-hamwi-180g\/#breadcrumb","itemListElement":[{"@type":"ListItem","position":1,"name":"\u0627\u0644\u0631\u0626\u064a\u0633\u064a\u0629","item":"https:\/\/yasminfood.ch\/de\/zuhause\/"},{"@type":"ListItem","position":2,"name":"Shop","item":"https:\/\/yasminfood.ch\/de\/shop\/"},{"@type":"ListItem","position":3,"name":"Getr\u00e4nke &amp; Fl\u00fcssigkeiten","item":"https:\/\/yasminfood.ch\/de\/produkt-kategorie\/getraenke-fluessigkeiten\/"},{"@type":"ListItem","position":4,"name":"Arabischer Kaffee","item":"https:\/\/yasminfood.ch\/de\/produkt-kategorie\/getraenke-fluessigkeiten\/arabischer-kaffee\/"},{"@type":"ListItem","position":5,"name":"Kaffee mit extra Kardamom Blauer Hamwi 180g"}]},{"@type":"WebSite","@id":"https:\/\/yasminfood.ch\/de\/#website","url":"https:\/\/yasminfood.ch\/de\/","name":"\u064a\u0627\u0633\u0645\u064a\u0646 \u0645\u0627\u0631\u0643\u062a","description":"Alles, was Sie brauchen, an einem Ort","publisher":{"@id":"https:\/\/yasminfood.ch\/de\/#organization"},"alternateName":"Yasmin Food","potentialAction":[{"@type":"SearchAction","target":{"@type":"EntryPoint","urlTemplate":"https:\/\/yasminfood.ch\/de\/?s={search_term_string}"},"query-input":{"@type":"PropertyValueSpecification","valueRequired":true,"valueName":"search_term_string"}}],"inLanguage":"de"},{"@type":"Organization","@id":"https:\/\/yasminfood.ch\/de\/#organization","name":"\u064a\u0627\u0633\u0645\u064a\u0646 \u0645\u0627\u0631\u0643\u062a","alternateName":"Yasmin Food","url":"https:\/\/yasminfood.ch\/de\/","logo":{"@type":"ImageObject","inLanguage":"de","@id":"https:\/\/yasminfood.ch\/de\/#\/schema\/logo\/image\/","url":"https:\/\/yasminfood.ch\/wp-content\/uploads\/2025\/05\/yasmin-food-header-logo.png","contentUrl":"https:\/\/yasminfood.ch\/wp-content\/uploads\/2025\/05\/yasmin-food-header-logo.png","width":330,"height":120,"caption":"\u064a\u0627\u0633\u0645\u064a\u0646 \u0645\u0627\u0631\u0643\u062a"},"image":{"@id":"https:\/\/yasminfood.ch\/de\/#\/schema\/logo\/image\/"},"sameAs":["https:\/\/www.facebook.com\/yasminmarkt1","https:\/\/www.tiktok.com\/@yasminmarkt","https:\/\/www.instagram.com\/yasmin.markt1\/","https:\/\/api.whatsapp.com\/send\/?phone=41799000104"],"publishingPrinciples":"https:\/\/yasminfood.ch\/de\/shop\/","ownershipFundingInfo":"https:\/\/yasminfood.ch\/de\/shop\/"}]},"product_price_amount":"8.95","product_price_currency":"CHF","og_availability":"instock","product_availability":"instock","product_condition":"new"},"jetpack_sharing_enabled":true,"_links":{"self":[{"href":"https:\/\/yasminfood.ch\/de\/wp-json\/wp\/v2\/product\/117984","targetHints":{"allow":["GET"]}}],"collection":[{"href":"https:\/\/yasminfood.ch\/de\/wp-json\/wp\/v2\/product"}],"about":[{"href":"https:\/\/yasminfood.ch\/de\/wp-json\/wp\/v2\/types\/product"}],"replies":[{"embeddable":true,"href":"https:\/\/yasminfood.ch\/de\/wp-json\/wp\/v2\/comments?post=117984"}],"version-history":[{"count":0,"href":"https:\/\/yasminfood.ch\/de\/wp-json\/wp\/v2\/product\/117984\/revisions"}],"wp:featuredmedia":[{"embeddable":true,"href":"https:\/\/yasminfood.ch\/de\/wp-json\/wp\/v2\/media\/117909"}],"wp:attachment":[{"href":"https:\/\/yasminfood.ch\/de\/wp-json\/wp\/v2\/media?parent=117984"}],"wp:term":[{"taxonomy":"product_brand","embeddable":true,"href":"https:\/\/yasminfood.ch\/de\/wp-json\/wp\/v2\/product_brand?post=117984"},{"taxonomy":"product_cat","embeddable":true,"href":"https:\/\/yasminfood.ch\/de\/wp-json\/wp\/v2\/product_cat?post=117984"},{"taxonomy":"product_tag","embeddable":true,"href":"https:\/\/yasminfood.ch\/de\/wp-json\/wp\/v2\/product_tag?post=117984"}],"curies":[{"name":"wp","href":"https:\/\/api.w.org\/{rel}","templated":true}]}}