{"id":117988,"date":"2025-06-28T22:50:43","date_gmt":"2025-06-28T21:25:08","guid":{"rendered":"https:\/\/yasminfood.ch\/product\/weisser-pfeffer-500g-scheich\/"},"modified":"2025-06-28T23:25:08","modified_gmt":"2025-06-28T21:25:08","slug":"weisser-pfeffer-500g-scheich","status":"publish","type":"product","link":"https:\/\/yasminfood.ch\/de\/product\/weisser-pfeffer-500g-scheich\/","title":{"rendered":"Wei\u00dfer Pfeffer 500g Scheich"},"content":{"rendered":"<p>Wei\u00dfer Pfeffer 500g Scheich<\/p>\n<ul>\n<li>\n<p data-start=\"145\" data-end=\"289\">Verleihen Sie Ihren Gerichten eine raffinierte und leichte Note Bekannt f\u00fcr seinen milden Geschmack und seine helle Farbe, perfekt f\u00fcr wei\u00dfe Speisen und cremige Saucen.<\/p>\n<p data-start=\"291\" data-end=\"615\">\u2714\ufe0f <strong data-start=\"294\" data-end=\"322\">Hohe Reinheit und hervorragende Qualit\u00e4t<\/strong> der feinsten wei\u00dfen Pfefferk\u00f6rner<br data-start=\"349\" data-end=\"352\">\u2714\ufe0f <strong data-start=\"355\" data-end=\"377\">Milder und angenehmer Geschmack<\/strong> , geeignet f\u00fcr Suppen, wei\u00dfe Saucen, H\u00fchnchen und Fisch<br data-start=\"426\" data-end=\"429\">\u2714\ufe0f <strong data-start=\"432\" data-end=\"446\">Fein gemahlen<\/strong> , das in Lebensmitteln leicht schmilzt, ohne Klumpen zu hinterlassen<br data-start=\"483\" data-end=\"486\">\u2714\ufe0f <strong data-start=\"489\" data-end=\"510\">Sichere und dichte Verpackung<\/strong> , um authentisches Aroma und Geschmack zu bewahren<br data-start=\"545\" data-end=\"548\" data-is-only-node=\"\">\u2714\ufe0f <strong data-start=\"551\" data-end=\"575\">Wirtschaftliches Gewicht von 500 g<\/strong> erf\u00fcllt die Bed\u00fcrfnisse des t\u00e4glichen Gebrauchs und der Gastronomie<\/p>\n<p data-start=\"617\" data-end=\"740\">\ud83d\udd38 <strong data-start=\"620\" data-end=\"633\">Zutaten:<\/strong> 100% reiner wei\u00dfer Pfeffer.<br data-start=\"653\" data-end=\"656\">\ud83d\udd38 <strong data-start=\"659\" data-end=\"673\">Anwendung:<\/strong> In den letzten Phasen des Kochens hinzuf\u00fcgen, um den zarten aromatischen Geschmack zu erhalten.<\/p>\n<\/li>\n<\/ul>\n","protected":false},"excerpt":{"rendered":"<p>Wei\u00dfer Pfeffer 500g Scheich<\/p>\n<ul>\n<li>\n<p data-start=\"145\" data-end=\"289\">Verleihen Sie Ihren Gerichten eine raffinierte und leichte Note Bekannt f\u00fcr seinen milden Geschmack und seine helle Farbe, perfekt f\u00fcr wei\u00dfe Speisen und cremige Saucen.<\/p>\n<\/li>\n<\/ul>\n","protected":false},"featured_media":117914,"comment_status":"open","ping_status":"closed","template":"","meta":[],"product_brand":[],"product_cat":[360,356],"product_tag":[],"class_list":{"0":"post-117988","1":"product","2":"type-product","3":"status-publish","4":"has-post-thumbnail","6":"product_cat-gewurze","7":"product_cat-gewuerze-nuesse","9":"first","10":"instock","11":"taxable","12":"shipping-taxable","13":"purchasable","14":"product-type-simple"},"yoast_head":"<!-- This site is optimized with the Yoast SEO Premium plugin v26.5 (Yoast SEO v27.3) - https:\/\/yoast.com\/product\/yoast-seo-premium-wordpress\/ -->\n<title>Wei\u00dfer Pfeffer 500g Scheich - Yasmin Food<\/title>\n<meta name=\"description\" content=\"Verleihen Sie Ihren Gerichten mit wei\u00dfem Pfeffer 500g Sheikh eine besondere Note. Es zeichnet sich durch seinen milden Geschmack und seine hohe Qualit\u00e4t aus, bestellen Sie es jetzt! Yasmin Food Wei\u00dfer Pfeffer 500g Scheich\" \/>\n<meta name=\"robots\" content=\"index, follow, max-snippet:-1, max-image-preview:large, max-video-preview:-1\" \/>\n<link rel=\"canonical\" href=\"https:\/\/yasminfood.ch\/de\/product\/weisser-pfeffer-500g-scheich\/\" \/>\n<meta property=\"og:locale\" content=\"de_DE\" \/>\n<meta property=\"og:type\" content=\"article\" \/>\n<meta property=\"og:title\" content=\"Wei\u00dfer Pfeffer 500g Scheich\" \/>\n<meta property=\"og:description\" content=\"Wei\u00dfer Pfeffer 500g Scheich   Verleihen Sie Ihren Gerichten eine raffinierte und leichte Note Bekannt f\u00fcr seinen milden Geschmack und seine helle Farbe, perfekt f\u00fcr wei\u00dfe Speisen und cremige Saucen.\" \/>\n<meta property=\"og:url\" content=\"https:\/\/yasminfood.ch\/de\/product\/weisser-pfeffer-500g-scheich\/\" \/>\n<meta property=\"og:site_name\" content=\"Yasmin Food\" \/>\n<meta property=\"article:publisher\" content=\"https:\/\/www.facebook.com\/yasminmarkt1\" \/>\n<meta property=\"og:image\" content=\"https:\/\/yasminfood.ch\/wp-content\/uploads\/2025\/06\/\u0641\u0644\u0641\u0644-\u0627\u0628\u064a\u0636-500\u063a-\u0627\u0644\u0634\u064a\u062e--1024x1024.png\" \/>\n\t<meta property=\"og:image:width\" content=\"1024\" \/>\n\t<meta property=\"og:image:height\" content=\"1024\" \/>\n\t<meta property=\"og:image:type\" content=\"image\/png\" \/>\n<meta name=\"twitter:card\" content=\"summary_large_image\" \/>\n<meta name=\"twitter:label1\" content=\"Preis\" \/>\n\t<meta name=\"twitter:data1\" content=\"14.95&nbsp;&#067;&#072;&#070;\" \/>\n\t<meta name=\"twitter:label2\" content=\"Verf\u00fcgbarkeit\" \/>\n\t<meta name=\"twitter:data2\" content=\"Auf Lager\" \/>\n<script type=\"application\/ld+json\" class=\"yoast-schema-graph\">{\"@context\":\"https:\\\/\\\/schema.org\",\"@graph\":[{\"@type\":\"WebPage\",\"@id\":\"https:\\\/\\\/yasminfood.ch\\\/de\\\/product\\\/weisser-pfeffer-500g-scheich\\\/\",\"url\":\"https:\\\/\\\/yasminfood.ch\\\/de\\\/product\\\/weisser-pfeffer-500g-scheich\\\/\",\"name\":\"Wei\u00dfer Pfeffer 500g Scheich - Yasmin Food\",\"isPartOf\":{\"@id\":\"https:\\\/\\\/yasminfood.ch\\\/de\\\/#website\"},\"primaryImageOfPage\":{\"@id\":\"https:\\\/\\\/yasminfood.ch\\\/de\\\/product\\\/weisser-pfeffer-500g-scheich\\\/#primaryimage\"},\"image\":{\"@id\":\"https:\\\/\\\/yasminfood.ch\\\/de\\\/product\\\/weisser-pfeffer-500g-scheich\\\/#primaryimage\"},\"thumbnailUrl\":\"https:\\\/\\\/yasminfood.ch\\\/wp-content\\\/uploads\\\/2025\\\/06\\\/\u0641\u0644\u0641\u0644-\u0627\u0628\u064a\u0636-500\u063a-\u0627\u0644\u0634\u064a\u062e-.png\",\"datePublished\":\"2025-06-28T21:25:08+00:00\",\"description\":\"Verleihen Sie Ihren Gerichten mit wei\u00dfem Pfeffer 500g Sheikh eine besondere Note. Es zeichnet sich durch seinen milden Geschmack und seine hohe Qualit\u00e4t aus, bestellen Sie es jetzt! Yasmin Food Wei\u00dfer Pfeffer 500g Scheich\",\"breadcrumb\":{\"@id\":\"https:\\\/\\\/yasminfood.ch\\\/de\\\/product\\\/weisser-pfeffer-500g-scheich\\\/#breadcrumb\"},\"inLanguage\":\"de\",\"potentialAction\":[{\"@type\":\"ReadAction\",\"target\":[\"https:\\\/\\\/yasminfood.ch\\\/de\\\/product\\\/weisser-pfeffer-500g-scheich\\\/\"]}]},{\"@type\":\"ImageObject\",\"inLanguage\":\"de\",\"@id\":\"https:\\\/\\\/yasminfood.ch\\\/de\\\/product\\\/weisser-pfeffer-500g-scheich\\\/#primaryimage\",\"url\":\"https:\\\/\\\/yasminfood.ch\\\/wp-content\\\/uploads\\\/2025\\\/06\\\/\u0641\u0644\u0641\u0644-\u0627\u0628\u064a\u0636-500\u063a-\u0627\u0644\u0634\u064a\u062e-.png\",\"contentUrl\":\"https:\\\/\\\/yasminfood.ch\\\/wp-content\\\/uploads\\\/2025\\\/06\\\/\u0641\u0644\u0641\u0644-\u0627\u0628\u064a\u0636-500\u063a-\u0627\u0644\u0634\u064a\u062e-.png\",\"width\":1890,\"height\":1890,\"caption\":\"Wei\u00dfer Pfeffer 500g Scheich\"},{\"@type\":\"BreadcrumbList\",\"@id\":\"https:\\\/\\\/yasminfood.ch\\\/de\\\/product\\\/weisser-pfeffer-500g-scheich\\\/#breadcrumb\",\"itemListElement\":[{\"@type\":\"ListItem\",\"position\":1,\"name\":\"\u0627\u0644\u0631\u0626\u064a\u0633\u064a\u0629\",\"item\":\"https:\\\/\\\/yasminfood.ch\\\/de\\\/zuhause\\\/\"},{\"@type\":\"ListItem\",\"position\":2,\"name\":\"Shop\",\"item\":\"https:\\\/\\\/yasminfood.ch\\\/de\\\/shop\\\/\"},{\"@type\":\"ListItem\",\"position\":3,\"name\":\"Gew\u00fcrze &amp; N\u00fcsse\",\"item\":\"https:\\\/\\\/yasminfood.ch\\\/de\\\/produkt-kategorie\\\/gewuerze-nuesse\\\/\"},{\"@type\":\"ListItem\",\"position\":4,\"name\":\"Wei\u00dfer Pfeffer 500g Scheich\"}]},{\"@type\":\"WebSite\",\"@id\":\"https:\\\/\\\/yasminfood.ch\\\/de\\\/#website\",\"url\":\"https:\\\/\\\/yasminfood.ch\\\/de\\\/\",\"name\":\"\u064a\u0627\u0633\u0645\u064a\u0646 \u0645\u0627\u0631\u0643\u062a\",\"description\":\"Alles, was Sie brauchen, an einem Ort\",\"publisher\":{\"@id\":\"https:\\\/\\\/yasminfood.ch\\\/de\\\/#organization\"},\"alternateName\":\"Yasmin Food\",\"potentialAction\":[{\"@type\":\"SearchAction\",\"target\":{\"@type\":\"EntryPoint\",\"urlTemplate\":\"https:\\\/\\\/yasminfood.ch\\\/de\\\/?s={search_term_string}\"},\"query-input\":{\"@type\":\"PropertyValueSpecification\",\"valueRequired\":true,\"valueName\":\"search_term_string\"}}],\"inLanguage\":\"de\"},{\"@type\":\"Organization\",\"@id\":\"https:\\\/\\\/yasminfood.ch\\\/de\\\/#organization\",\"name\":\"\u064a\u0627\u0633\u0645\u064a\u0646 \u0645\u0627\u0631\u0643\u062a\",\"alternateName\":\"Yasmin Food\",\"url\":\"https:\\\/\\\/yasminfood.ch\\\/de\\\/\",\"logo\":{\"@type\":\"ImageObject\",\"inLanguage\":\"de\",\"@id\":\"https:\\\/\\\/yasminfood.ch\\\/de\\\/#\\\/schema\\\/logo\\\/image\\\/\",\"url\":\"https:\\\/\\\/yasminfood.ch\\\/wp-content\\\/uploads\\\/2025\\\/05\\\/yasmin-food-header-logo.png\",\"contentUrl\":\"https:\\\/\\\/yasminfood.ch\\\/wp-content\\\/uploads\\\/2025\\\/05\\\/yasmin-food-header-logo.png\",\"width\":330,\"height\":120,\"caption\":\"\u064a\u0627\u0633\u0645\u064a\u0646 \u0645\u0627\u0631\u0643\u062a\"},\"image\":{\"@id\":\"https:\\\/\\\/yasminfood.ch\\\/de\\\/#\\\/schema\\\/logo\\\/image\\\/\"},\"sameAs\":[\"https:\\\/\\\/www.facebook.com\\\/yasminmarkt1\",\"https:\\\/\\\/www.tiktok.com\\\/@yasminmarkt\",\"https:\\\/\\\/www.instagram.com\\\/yasmin.markt1\\\/\",\"https:\\\/\\\/api.whatsapp.com\\\/send\\\/?phone=41799000104\"],\"publishingPrinciples\":\"https:\\\/\\\/yasminfood.ch\\\/de\\\/shop\\\/\",\"ownershipFundingInfo\":\"https:\\\/\\\/yasminfood.ch\\\/de\\\/shop\\\/\"}]}<\/script>\n<meta property=\"product:price:amount\" content=\"14.95\" \/>\n<meta property=\"product:price:currency\" content=\"CHF\" \/>\n<meta property=\"og:availability\" content=\"instock\" \/>\n<meta property=\"product:availability\" content=\"instock\" \/>\n<meta property=\"product:condition\" content=\"new\" \/>\n<!-- \/ Yoast SEO Premium plugin. -->","yoast_head_json":{"title":"Wei\u00dfer Pfeffer 500g Scheich - Yasmin Food","description":"Verleihen Sie Ihren Gerichten mit wei\u00dfem Pfeffer 500g Sheikh eine besondere Note. Es zeichnet sich durch seinen milden Geschmack und seine hohe Qualit\u00e4t aus, bestellen Sie es jetzt! Yasmin Food Wei\u00dfer Pfeffer 500g Scheich","robots":{"index":"index","follow":"follow","max-snippet":"max-snippet:-1","max-image-preview":"max-image-preview:large","max-video-preview":"max-video-preview:-1"},"canonical":"https:\/\/yasminfood.ch\/de\/product\/weisser-pfeffer-500g-scheich\/","og_locale":"de_DE","og_type":"article","og_title":"Wei\u00dfer Pfeffer 500g Scheich","og_description":"Wei\u00dfer Pfeffer 500g Scheich   Verleihen Sie Ihren Gerichten eine raffinierte und leichte Note Bekannt f\u00fcr seinen milden Geschmack und seine helle Farbe, perfekt f\u00fcr wei\u00dfe Speisen und cremige Saucen.","og_url":"https:\/\/yasminfood.ch\/de\/product\/weisser-pfeffer-500g-scheich\/","og_site_name":"Yasmin Food","article_publisher":"https:\/\/www.facebook.com\/yasminmarkt1","og_image":[{"width":1024,"height":1024,"url":"https:\/\/yasminfood.ch\/wp-content\/uploads\/2025\/06\/\u0641\u0644\u0641\u0644-\u0627\u0628\u064a\u0636-500\u063a-\u0627\u0644\u0634\u064a\u062e--1024x1024.png","type":"image\/png"}],"twitter_card":"summary_large_image","twitter_misc":{"Preis":"14.95&nbsp;&#67;&#72;&#70;","Verf\u00fcgbarkeit":"Auf Lager"},"schema":{"@context":"https:\/\/schema.org","@graph":[{"@type":"WebPage","@id":"https:\/\/yasminfood.ch\/de\/product\/weisser-pfeffer-500g-scheich\/","url":"https:\/\/yasminfood.ch\/de\/product\/weisser-pfeffer-500g-scheich\/","name":"Wei\u00dfer Pfeffer 500g Scheich - Yasmin Food","isPartOf":{"@id":"https:\/\/yasminfood.ch\/de\/#website"},"primaryImageOfPage":{"@id":"https:\/\/yasminfood.ch\/de\/product\/weisser-pfeffer-500g-scheich\/#primaryimage"},"image":{"@id":"https:\/\/yasminfood.ch\/de\/product\/weisser-pfeffer-500g-scheich\/#primaryimage"},"thumbnailUrl":"https:\/\/yasminfood.ch\/wp-content\/uploads\/2025\/06\/\u0641\u0644\u0641\u0644-\u0627\u0628\u064a\u0636-500\u063a-\u0627\u0644\u0634\u064a\u062e-.png","datePublished":"2025-06-28T21:25:08+00:00","description":"Verleihen Sie Ihren Gerichten mit wei\u00dfem Pfeffer 500g Sheikh eine besondere Note. Es zeichnet sich durch seinen milden Geschmack und seine hohe Qualit\u00e4t aus, bestellen Sie es jetzt! Yasmin Food Wei\u00dfer Pfeffer 500g Scheich","breadcrumb":{"@id":"https:\/\/yasminfood.ch\/de\/product\/weisser-pfeffer-500g-scheich\/#breadcrumb"},"inLanguage":"de","potentialAction":[{"@type":"ReadAction","target":["https:\/\/yasminfood.ch\/de\/product\/weisser-pfeffer-500g-scheich\/"]}]},{"@type":"ImageObject","inLanguage":"de","@id":"https:\/\/yasminfood.ch\/de\/product\/weisser-pfeffer-500g-scheich\/#primaryimage","url":"https:\/\/yasminfood.ch\/wp-content\/uploads\/2025\/06\/\u0641\u0644\u0641\u0644-\u0627\u0628\u064a\u0636-500\u063a-\u0627\u0644\u0634\u064a\u062e-.png","contentUrl":"https:\/\/yasminfood.ch\/wp-content\/uploads\/2025\/06\/\u0641\u0644\u0641\u0644-\u0627\u0628\u064a\u0636-500\u063a-\u0627\u0644\u0634\u064a\u062e-.png","width":1890,"height":1890,"caption":"Wei\u00dfer Pfeffer 500g Scheich"},{"@type":"BreadcrumbList","@id":"https:\/\/yasminfood.ch\/de\/product\/weisser-pfeffer-500g-scheich\/#breadcrumb","itemListElement":[{"@type":"ListItem","position":1,"name":"\u0627\u0644\u0631\u0626\u064a\u0633\u064a\u0629","item":"https:\/\/yasminfood.ch\/de\/zuhause\/"},{"@type":"ListItem","position":2,"name":"Shop","item":"https:\/\/yasminfood.ch\/de\/shop\/"},{"@type":"ListItem","position":3,"name":"Gew\u00fcrze &amp; N\u00fcsse","item":"https:\/\/yasminfood.ch\/de\/produkt-kategorie\/gewuerze-nuesse\/"},{"@type":"ListItem","position":4,"name":"Wei\u00dfer Pfeffer 500g Scheich"}]},{"@type":"WebSite","@id":"https:\/\/yasminfood.ch\/de\/#website","url":"https:\/\/yasminfood.ch\/de\/","name":"\u064a\u0627\u0633\u0645\u064a\u0646 \u0645\u0627\u0631\u0643\u062a","description":"Alles, was Sie brauchen, an einem Ort","publisher":{"@id":"https:\/\/yasminfood.ch\/de\/#organization"},"alternateName":"Yasmin Food","potentialAction":[{"@type":"SearchAction","target":{"@type":"EntryPoint","urlTemplate":"https:\/\/yasminfood.ch\/de\/?s={search_term_string}"},"query-input":{"@type":"PropertyValueSpecification","valueRequired":true,"valueName":"search_term_string"}}],"inLanguage":"de"},{"@type":"Organization","@id":"https:\/\/yasminfood.ch\/de\/#organization","name":"\u064a\u0627\u0633\u0645\u064a\u0646 \u0645\u0627\u0631\u0643\u062a","alternateName":"Yasmin Food","url":"https:\/\/yasminfood.ch\/de\/","logo":{"@type":"ImageObject","inLanguage":"de","@id":"https:\/\/yasminfood.ch\/de\/#\/schema\/logo\/image\/","url":"https:\/\/yasminfood.ch\/wp-content\/uploads\/2025\/05\/yasmin-food-header-logo.png","contentUrl":"https:\/\/yasminfood.ch\/wp-content\/uploads\/2025\/05\/yasmin-food-header-logo.png","width":330,"height":120,"caption":"\u064a\u0627\u0633\u0645\u064a\u0646 \u0645\u0627\u0631\u0643\u062a"},"image":{"@id":"https:\/\/yasminfood.ch\/de\/#\/schema\/logo\/image\/"},"sameAs":["https:\/\/www.facebook.com\/yasminmarkt1","https:\/\/www.tiktok.com\/@yasminmarkt","https:\/\/www.instagram.com\/yasmin.markt1\/","https:\/\/api.whatsapp.com\/send\/?phone=41799000104"],"publishingPrinciples":"https:\/\/yasminfood.ch\/de\/shop\/","ownershipFundingInfo":"https:\/\/yasminfood.ch\/de\/shop\/"}]},"product_price_amount":"14.95","product_price_currency":"CHF","og_availability":"instock","product_availability":"instock","product_condition":"new"},"jetpack_sharing_enabled":true,"_links":{"self":[{"href":"https:\/\/yasminfood.ch\/de\/wp-json\/wp\/v2\/product\/117988","targetHints":{"allow":["GET"]}}],"collection":[{"href":"https:\/\/yasminfood.ch\/de\/wp-json\/wp\/v2\/product"}],"about":[{"href":"https:\/\/yasminfood.ch\/de\/wp-json\/wp\/v2\/types\/product"}],"replies":[{"embeddable":true,"href":"https:\/\/yasminfood.ch\/de\/wp-json\/wp\/v2\/comments?post=117988"}],"version-history":[{"count":0,"href":"https:\/\/yasminfood.ch\/de\/wp-json\/wp\/v2\/product\/117988\/revisions"}],"wp:featuredmedia":[{"embeddable":true,"href":"https:\/\/yasminfood.ch\/de\/wp-json\/wp\/v2\/media\/117914"}],"wp:attachment":[{"href":"https:\/\/yasminfood.ch\/de\/wp-json\/wp\/v2\/media?parent=117988"}],"wp:term":[{"taxonomy":"product_brand","embeddable":true,"href":"https:\/\/yasminfood.ch\/de\/wp-json\/wp\/v2\/product_brand?post=117988"},{"taxonomy":"product_cat","embeddable":true,"href":"https:\/\/yasminfood.ch\/de\/wp-json\/wp\/v2\/product_cat?post=117988"},{"taxonomy":"product_tag","embeddable":true,"href":"https:\/\/yasminfood.ch\/de\/wp-json\/wp\/v2\/product_tag?post=117988"}],"curies":[{"name":"wp","href":"https:\/\/api.w.org\/{rel}","templated":true}]}}