{"id":118010,"date":"2025-06-29T00:06:55","date_gmt":"2025-06-28T22:06:55","guid":{"rendered":"https:\/\/yasminfood.ch\/product\/getrocknete-okraschoten-klein-lara-150g\/"},"modified":"2025-06-29T00:11:39","modified_gmt":"2025-06-28T22:11:39","slug":"getrocknete-okraschoten-klein-lara-150g","status":"publish","type":"product","link":"https:\/\/yasminfood.ch\/de\/product\/getrocknete-okraschoten-klein-lara-150g\/","title":{"rendered":"Getrocknete Okraschoten klein Lara 150g"},"content":{"rendered":"<p><strong>Getrocknete Okraschoten klein Lara 150g<\/strong><\/p>\n<ul>\n<li>\n<p data-start=\"160\" data-end=\"279\">Genie\u00dfen Sie den Geschmack von hochwertigen Okra, nat\u00fcrlich konserviert ohne Zusatz- und Konservierungsstoffe. <\/p>\n<p data-start=\"160\" data-end=\"279\">\n<\/li>\n<li>\n<p data-start=\"281\" data-end=\"704\">\u2714\ufe0f <strong data-start=\"349\" data-end=\"368\">Kompakte und harmonische Gr\u00f6\u00dfe<\/strong> , perfekt f\u00fcr traditionelle arabische K\u00fcche und Eint\u00f6pfe<\/p>\n<\/li>\n<li>\n<p data-start=\"281\" data-end=\"704\">\u2714\ufe0f <strong data-start=\"411\" data-end=\"427\">Einfach zuzubereiten<\/strong> Einweichen und direkt kochen, um den Geschmack und den N\u00e4hrwert zu erhalten<\/p>\n<\/li>\n<li>\n<p data-start=\"281\" data-end=\"704\">\u2714\ufe0f <strong data-start=\"486\" data-end=\"525\">Reich an Ballaststoffen, Vitaminen und Mineralstoffen<\/strong><\/p>\n<\/li>\n<li>\n<p data-start=\"281\" data-end=\"704\">\u2714\ufe0f <strong data-start=\"561\" data-end=\"584\">Luftdichte Abf\u00fcllung<\/strong> <br data-start=\"628\" data-end=\"631\">\u2714\ufe0f <strong data-start=\"634\" data-end=\"655\">Praktisches Gewicht von 150 g<\/strong> , geeignet f\u00fcr den Heimgebrauch und die Zubereitung von k\u00f6stlichen Familienmahlzeiten<\/p>\n<p data-start=\"706\" data-end=\"851\">\ud83d\udd38 <strong data-start=\"709\" data-end=\"722\">Zutaten:<\/strong> 100% nat\u00fcrliche getrocknete Okra.<br data-start=\"747\" data-end=\"750\">\ud83d\udd38 <strong data-start=\"753\" data-end=\"767\">Anwendung:<\/strong> 30 Minuten in warmem Wasser einweichen und dann je nach Rezept mit Fleisch oder Tomatensauce kochen.<\/p>\n<\/li>\n<\/ul>\n","protected":false},"excerpt":{"rendered":"<p><strong>Getrocknete Okraschoten klein Lara 150g<\/strong><\/p>\n<ul>\n<li>\n<p data-start=\"160\" data-end=\"279\">Genie\u00dfen Sie den Geschmack von hochwertigen Okra, nat\u00fcrlich konserviert ohne Zusatz- und Konservierungsstoffe. <\/p>\n<\/li>\n<\/ul>\n","protected":false},"featured_media":117959,"comment_status":"open","ping_status":"closed","template":"","meta":[],"product_brand":[2324],"product_cat":[245,270],"product_tag":[],"class_list":{"0":"post-118010","1":"product","2":"type-product","3":"status-publish","4":"has-post-thumbnail","6":"product_brand-lara-de","7":"product_cat-konserven-lebensmittel","8":"product_cat-trockner","10":"first","11":"outofstock","12":"taxable","13":"shipping-taxable","14":"purchasable","15":"product-type-simple"},"yoast_head":"<!-- This site is optimized with the Yoast SEO Premium plugin v26.5 (Yoast SEO v27.4) - https:\/\/yoast.com\/product\/yoast-seo-premium-wordpress\/ -->\n<title>Getrocknete Okraschoten klein Lara 150g - Yasmin Food<\/title>\n<meta name=\"description\" content=\"Genie\u00dfen Sie den Geschmack von getrockneten Okraschoten in kleiner Gr\u00f6\u00dfe Lara 150g, nat\u00fcrlich konserviert. F\u00fcgen Sie es Ihren Mahlzeiten hinzu und machen Sie es noch k\u00f6stlicher! Yasmin Food Getrocknete Okraschoten klein Lara 150g\" \/>\n<meta name=\"robots\" content=\"index, follow, max-snippet:-1, max-image-preview:large, max-video-preview:-1\" \/>\n<link rel=\"canonical\" href=\"https:\/\/yasminfood.ch\/de\/product\/getrocknete-okraschoten-klein-lara-150g\/\" \/>\n<meta property=\"og:locale\" content=\"de_DE\" \/>\n<meta property=\"og:type\" content=\"article\" \/>\n<meta property=\"og:title\" content=\"Getrocknete Okraschoten klein Lara 150g\" \/>\n<meta property=\"og:description\" content=\"Getrocknete Okraschoten klein Lara 150g   Genie\u00dfen Sie den Geschmack von hochwertigen Okra, nat\u00fcrlich konserviert ohne Zusatz- und Konservierungsstoffe.\" \/>\n<meta property=\"og:url\" content=\"https:\/\/yasminfood.ch\/de\/product\/getrocknete-okraschoten-klein-lara-150g\/\" \/>\n<meta property=\"og:site_name\" content=\"Yasmin Food\" \/>\n<meta property=\"article:publisher\" content=\"https:\/\/www.facebook.com\/yasminmarkt1\" \/>\n<meta property=\"article:modified_time\" content=\"2025-06-28T22:11:39+00:00\" \/>\n<meta property=\"og:image\" content=\"https:\/\/yasminfood.ch\/wp-content\/uploads\/2025\/06\/\u0628\u0627\u0645\u064a\u0629-\u0645\u062c\u0641\u0641\u0629-\u062d\u062c\u0645-\u0635\u063a\u064a\u0631-\u0644\u0627\u0631\u0627-150\u063a.png\" \/>\n\t<meta property=\"og:image:width\" content=\"1890\" \/>\n\t<meta property=\"og:image:height\" content=\"1890\" \/>\n\t<meta property=\"og:image:type\" content=\"image\/png\" \/>\n<meta name=\"twitter:card\" content=\"summary_large_image\" \/>\n<meta name=\"twitter:label1\" content=\"Preis\" \/>\n\t<meta name=\"twitter:data1\" content=\"9.95&nbsp;&#067;&#072;&#070;\" \/>\n\t<meta name=\"twitter:label2\" content=\"Verf\u00fcgbarkeit\" \/>\n\t<meta name=\"twitter:data2\" content=\"ausverkauft\" \/>\n<script type=\"application\/ld+json\" class=\"yoast-schema-graph\">{\"@context\":\"https:\\\/\\\/schema.org\",\"@graph\":[{\"@type\":\"WebPage\",\"@id\":\"https:\\\/\\\/yasminfood.ch\\\/de\\\/product\\\/getrocknete-okraschoten-klein-lara-150g\\\/\",\"url\":\"https:\\\/\\\/yasminfood.ch\\\/de\\\/product\\\/getrocknete-okraschoten-klein-lara-150g\\\/\",\"name\":\"Getrocknete Okraschoten klein Lara 150g - Yasmin Food\",\"isPartOf\":{\"@id\":\"https:\\\/\\\/yasminfood.ch\\\/de\\\/#website\"},\"primaryImageOfPage\":{\"@id\":\"https:\\\/\\\/yasminfood.ch\\\/de\\\/product\\\/getrocknete-okraschoten-klein-lara-150g\\\/#primaryimage\"},\"image\":{\"@id\":\"https:\\\/\\\/yasminfood.ch\\\/de\\\/product\\\/getrocknete-okraschoten-klein-lara-150g\\\/#primaryimage\"},\"thumbnailUrl\":\"https:\\\/\\\/yasminfood.ch\\\/wp-content\\\/uploads\\\/2025\\\/06\\\/\u0628\u0627\u0645\u064a\u0629-\u0645\u062c\u0641\u0641\u0629-\u062d\u062c\u0645-\u0635\u063a\u064a\u0631-\u0644\u0627\u0631\u0627-150\u063a.png\",\"datePublished\":\"2025-06-28T22:06:55+00:00\",\"dateModified\":\"2025-06-28T22:11:39+00:00\",\"description\":\"Genie\u00dfen Sie den Geschmack von getrockneten Okraschoten in kleiner Gr\u00f6\u00dfe Lara 150g, nat\u00fcrlich konserviert. F\u00fcgen Sie es Ihren Mahlzeiten hinzu und machen Sie es noch k\u00f6stlicher! Yasmin Food Getrocknete Okraschoten klein Lara 150g\",\"breadcrumb\":{\"@id\":\"https:\\\/\\\/yasminfood.ch\\\/de\\\/product\\\/getrocknete-okraschoten-klein-lara-150g\\\/#breadcrumb\"},\"inLanguage\":\"de\",\"potentialAction\":[{\"@type\":\"ReadAction\",\"target\":[\"https:\\\/\\\/yasminfood.ch\\\/de\\\/product\\\/getrocknete-okraschoten-klein-lara-150g\\\/\"]}]},{\"@type\":\"ImageObject\",\"inLanguage\":\"de\",\"@id\":\"https:\\\/\\\/yasminfood.ch\\\/de\\\/product\\\/getrocknete-okraschoten-klein-lara-150g\\\/#primaryimage\",\"url\":\"https:\\\/\\\/yasminfood.ch\\\/wp-content\\\/uploads\\\/2025\\\/06\\\/\u0628\u0627\u0645\u064a\u0629-\u0645\u062c\u0641\u0641\u0629-\u062d\u062c\u0645-\u0635\u063a\u064a\u0631-\u0644\u0627\u0631\u0627-150\u063a.png\",\"contentUrl\":\"https:\\\/\\\/yasminfood.ch\\\/wp-content\\\/uploads\\\/2025\\\/06\\\/\u0628\u0627\u0645\u064a\u0629-\u0645\u062c\u0641\u0641\u0629-\u062d\u062c\u0645-\u0635\u063a\u064a\u0631-\u0644\u0627\u0631\u0627-150\u063a.png\",\"width\":1890,\"height\":1890,\"caption\":\"Getrocknete Okraschoten klein Lara 150g\"},{\"@type\":\"BreadcrumbList\",\"@id\":\"https:\\\/\\\/yasminfood.ch\\\/de\\\/product\\\/getrocknete-okraschoten-klein-lara-150g\\\/#breadcrumb\",\"itemListElement\":[{\"@type\":\"ListItem\",\"position\":1,\"name\":\"\u0627\u0644\u0631\u0626\u064a\u0633\u064a\u0629\",\"item\":\"https:\\\/\\\/yasminfood.ch\\\/de\\\/zuhause\\\/\"},{\"@type\":\"ListItem\",\"position\":2,\"name\":\"Shop\",\"item\":\"https:\\\/\\\/yasminfood.ch\\\/de\\\/shop\\\/\"},{\"@type\":\"ListItem\",\"position\":3,\"name\":\"Konserven - Lebensmittel\",\"item\":\"https:\\\/\\\/yasminfood.ch\\\/de\\\/produkt-kategorie\\\/konserven-lebensmittel\\\/\"},{\"@type\":\"ListItem\",\"position\":4,\"name\":\"Trockner\",\"item\":\"https:\\\/\\\/yasminfood.ch\\\/de\\\/produkt-kategorie\\\/konserven-lebensmittel\\\/trockner\\\/\"},{\"@type\":\"ListItem\",\"position\":5,\"name\":\"Getrocknete Okraschoten klein Lara 150g\"}]},{\"@type\":\"WebSite\",\"@id\":\"https:\\\/\\\/yasminfood.ch\\\/de\\\/#website\",\"url\":\"https:\\\/\\\/yasminfood.ch\\\/de\\\/\",\"name\":\"\u064a\u0627\u0633\u0645\u064a\u0646 \u0645\u0627\u0631\u0643\u062a\",\"description\":\"Alles, was Sie brauchen, an einem Ort\",\"publisher\":{\"@id\":\"https:\\\/\\\/yasminfood.ch\\\/de\\\/#organization\"},\"alternateName\":\"Yasmin Food\",\"potentialAction\":[{\"@type\":\"SearchAction\",\"target\":{\"@type\":\"EntryPoint\",\"urlTemplate\":\"https:\\\/\\\/yasminfood.ch\\\/de\\\/?s={search_term_string}\"},\"query-input\":{\"@type\":\"PropertyValueSpecification\",\"valueRequired\":true,\"valueName\":\"search_term_string\"}}],\"inLanguage\":\"de\"},{\"@type\":\"Organization\",\"@id\":\"https:\\\/\\\/yasminfood.ch\\\/de\\\/#organization\",\"name\":\"\u064a\u0627\u0633\u0645\u064a\u0646 \u0645\u0627\u0631\u0643\u062a\",\"alternateName\":\"Yasmin Food\",\"url\":\"https:\\\/\\\/yasminfood.ch\\\/de\\\/\",\"logo\":{\"@type\":\"ImageObject\",\"inLanguage\":\"de\",\"@id\":\"https:\\\/\\\/yasminfood.ch\\\/de\\\/#\\\/schema\\\/logo\\\/image\\\/\",\"url\":\"https:\\\/\\\/yasminfood.ch\\\/wp-content\\\/uploads\\\/2025\\\/05\\\/yasmin-food-header-logo.png\",\"contentUrl\":\"https:\\\/\\\/yasminfood.ch\\\/wp-content\\\/uploads\\\/2025\\\/05\\\/yasmin-food-header-logo.png\",\"width\":330,\"height\":120,\"caption\":\"\u064a\u0627\u0633\u0645\u064a\u0646 \u0645\u0627\u0631\u0643\u062a\"},\"image\":{\"@id\":\"https:\\\/\\\/yasminfood.ch\\\/de\\\/#\\\/schema\\\/logo\\\/image\\\/\"},\"sameAs\":[\"https:\\\/\\\/www.facebook.com\\\/yasminmarkt1\",\"https:\\\/\\\/www.tiktok.com\\\/@yasminmarkt\",\"https:\\\/\\\/www.instagram.com\\\/yasmin.markt1\\\/\",\"https:\\\/\\\/api.whatsapp.com\\\/send\\\/?phone=41799000104\"],\"publishingPrinciples\":\"https:\\\/\\\/yasminfood.ch\\\/de\\\/shop\\\/\",\"ownershipFundingInfo\":\"https:\\\/\\\/yasminfood.ch\\\/de\\\/shop\\\/\"}]}<\/script>\n<meta property=\"product:price:amount\" content=\"9.95\" \/>\n<meta property=\"product:price:currency\" content=\"CHF\" \/>\n<meta property=\"og:availability\" content=\"out of stock\" \/>\n<meta property=\"product:availability\" content=\"out of stock\" \/>\n<meta property=\"product:condition\" content=\"new\" \/>\n<!-- \/ Yoast SEO Premium plugin. -->","yoast_head_json":{"title":"Getrocknete Okraschoten klein Lara 150g - Yasmin Food","description":"Genie\u00dfen Sie den Geschmack von getrockneten Okraschoten in kleiner Gr\u00f6\u00dfe Lara 150g, nat\u00fcrlich konserviert. F\u00fcgen Sie es Ihren Mahlzeiten hinzu und machen Sie es noch k\u00f6stlicher! Yasmin Food Getrocknete Okraschoten klein Lara 150g","robots":{"index":"index","follow":"follow","max-snippet":"max-snippet:-1","max-image-preview":"max-image-preview:large","max-video-preview":"max-video-preview:-1"},"canonical":"https:\/\/yasminfood.ch\/de\/product\/getrocknete-okraschoten-klein-lara-150g\/","og_locale":"de_DE","og_type":"article","og_title":"Getrocknete Okraschoten klein Lara 150g","og_description":"Getrocknete Okraschoten klein Lara 150g   Genie\u00dfen Sie den Geschmack von hochwertigen Okra, nat\u00fcrlich konserviert ohne Zusatz- und Konservierungsstoffe.","og_url":"https:\/\/yasminfood.ch\/de\/product\/getrocknete-okraschoten-klein-lara-150g\/","og_site_name":"Yasmin Food","article_publisher":"https:\/\/www.facebook.com\/yasminmarkt1","article_modified_time":"2025-06-28T22:11:39+00:00","og_image":[{"width":1890,"height":1890,"url":"https:\/\/yasminfood.ch\/wp-content\/uploads\/2025\/06\/\u0628\u0627\u0645\u064a\u0629-\u0645\u062c\u0641\u0641\u0629-\u062d\u062c\u0645-\u0635\u063a\u064a\u0631-\u0644\u0627\u0631\u0627-150\u063a.png","type":"image\/png"}],"twitter_card":"summary_large_image","twitter_misc":{"Preis":"9.95&nbsp;&#67;&#72;&#70;","Verf\u00fcgbarkeit":"ausverkauft"},"schema":{"@context":"https:\/\/schema.org","@graph":[{"@type":"WebPage","@id":"https:\/\/yasminfood.ch\/de\/product\/getrocknete-okraschoten-klein-lara-150g\/","url":"https:\/\/yasminfood.ch\/de\/product\/getrocknete-okraschoten-klein-lara-150g\/","name":"Getrocknete Okraschoten klein Lara 150g - Yasmin Food","isPartOf":{"@id":"https:\/\/yasminfood.ch\/de\/#website"},"primaryImageOfPage":{"@id":"https:\/\/yasminfood.ch\/de\/product\/getrocknete-okraschoten-klein-lara-150g\/#primaryimage"},"image":{"@id":"https:\/\/yasminfood.ch\/de\/product\/getrocknete-okraschoten-klein-lara-150g\/#primaryimage"},"thumbnailUrl":"https:\/\/yasminfood.ch\/wp-content\/uploads\/2025\/06\/\u0628\u0627\u0645\u064a\u0629-\u0645\u062c\u0641\u0641\u0629-\u062d\u062c\u0645-\u0635\u063a\u064a\u0631-\u0644\u0627\u0631\u0627-150\u063a.png","datePublished":"2025-06-28T22:06:55+00:00","dateModified":"2025-06-28T22:11:39+00:00","description":"Genie\u00dfen Sie den Geschmack von getrockneten Okraschoten in kleiner Gr\u00f6\u00dfe Lara 150g, nat\u00fcrlich konserviert. F\u00fcgen Sie es Ihren Mahlzeiten hinzu und machen Sie es noch k\u00f6stlicher! Yasmin Food Getrocknete Okraschoten klein Lara 150g","breadcrumb":{"@id":"https:\/\/yasminfood.ch\/de\/product\/getrocknete-okraschoten-klein-lara-150g\/#breadcrumb"},"inLanguage":"de","potentialAction":[{"@type":"ReadAction","target":["https:\/\/yasminfood.ch\/de\/product\/getrocknete-okraschoten-klein-lara-150g\/"]}]},{"@type":"ImageObject","inLanguage":"de","@id":"https:\/\/yasminfood.ch\/de\/product\/getrocknete-okraschoten-klein-lara-150g\/#primaryimage","url":"https:\/\/yasminfood.ch\/wp-content\/uploads\/2025\/06\/\u0628\u0627\u0645\u064a\u0629-\u0645\u062c\u0641\u0641\u0629-\u062d\u062c\u0645-\u0635\u063a\u064a\u0631-\u0644\u0627\u0631\u0627-150\u063a.png","contentUrl":"https:\/\/yasminfood.ch\/wp-content\/uploads\/2025\/06\/\u0628\u0627\u0645\u064a\u0629-\u0645\u062c\u0641\u0641\u0629-\u062d\u062c\u0645-\u0635\u063a\u064a\u0631-\u0644\u0627\u0631\u0627-150\u063a.png","width":1890,"height":1890,"caption":"Getrocknete Okraschoten klein Lara 150g"},{"@type":"BreadcrumbList","@id":"https:\/\/yasminfood.ch\/de\/product\/getrocknete-okraschoten-klein-lara-150g\/#breadcrumb","itemListElement":[{"@type":"ListItem","position":1,"name":"\u0627\u0644\u0631\u0626\u064a\u0633\u064a\u0629","item":"https:\/\/yasminfood.ch\/de\/zuhause\/"},{"@type":"ListItem","position":2,"name":"Shop","item":"https:\/\/yasminfood.ch\/de\/shop\/"},{"@type":"ListItem","position":3,"name":"Konserven - Lebensmittel","item":"https:\/\/yasminfood.ch\/de\/produkt-kategorie\/konserven-lebensmittel\/"},{"@type":"ListItem","position":4,"name":"Trockner","item":"https:\/\/yasminfood.ch\/de\/produkt-kategorie\/konserven-lebensmittel\/trockner\/"},{"@type":"ListItem","position":5,"name":"Getrocknete Okraschoten klein Lara 150g"}]},{"@type":"WebSite","@id":"https:\/\/yasminfood.ch\/de\/#website","url":"https:\/\/yasminfood.ch\/de\/","name":"\u064a\u0627\u0633\u0645\u064a\u0646 \u0645\u0627\u0631\u0643\u062a","description":"Alles, was Sie brauchen, an einem Ort","publisher":{"@id":"https:\/\/yasminfood.ch\/de\/#organization"},"alternateName":"Yasmin Food","potentialAction":[{"@type":"SearchAction","target":{"@type":"EntryPoint","urlTemplate":"https:\/\/yasminfood.ch\/de\/?s={search_term_string}"},"query-input":{"@type":"PropertyValueSpecification","valueRequired":true,"valueName":"search_term_string"}}],"inLanguage":"de"},{"@type":"Organization","@id":"https:\/\/yasminfood.ch\/de\/#organization","name":"\u064a\u0627\u0633\u0645\u064a\u0646 \u0645\u0627\u0631\u0643\u062a","alternateName":"Yasmin Food","url":"https:\/\/yasminfood.ch\/de\/","logo":{"@type":"ImageObject","inLanguage":"de","@id":"https:\/\/yasminfood.ch\/de\/#\/schema\/logo\/image\/","url":"https:\/\/yasminfood.ch\/wp-content\/uploads\/2025\/05\/yasmin-food-header-logo.png","contentUrl":"https:\/\/yasminfood.ch\/wp-content\/uploads\/2025\/05\/yasmin-food-header-logo.png","width":330,"height":120,"caption":"\u064a\u0627\u0633\u0645\u064a\u0646 \u0645\u0627\u0631\u0643\u062a"},"image":{"@id":"https:\/\/yasminfood.ch\/de\/#\/schema\/logo\/image\/"},"sameAs":["https:\/\/www.facebook.com\/yasminmarkt1","https:\/\/www.tiktok.com\/@yasminmarkt","https:\/\/www.instagram.com\/yasmin.markt1\/","https:\/\/api.whatsapp.com\/send\/?phone=41799000104"],"publishingPrinciples":"https:\/\/yasminfood.ch\/de\/shop\/","ownershipFundingInfo":"https:\/\/yasminfood.ch\/de\/shop\/"}]},"product_price_amount":"9.95","product_price_currency":"CHF","og_availability":"out of stock","product_availability":"out of stock","product_condition":"new"},"jetpack_sharing_enabled":true,"_links":{"self":[{"href":"https:\/\/yasminfood.ch\/de\/wp-json\/wp\/v2\/product\/118010","targetHints":{"allow":["GET"]}}],"collection":[{"href":"https:\/\/yasminfood.ch\/de\/wp-json\/wp\/v2\/product"}],"about":[{"href":"https:\/\/yasminfood.ch\/de\/wp-json\/wp\/v2\/types\/product"}],"replies":[{"embeddable":true,"href":"https:\/\/yasminfood.ch\/de\/wp-json\/wp\/v2\/comments?post=118010"}],"version-history":[{"count":0,"href":"https:\/\/yasminfood.ch\/de\/wp-json\/wp\/v2\/product\/118010\/revisions"}],"wp:featuredmedia":[{"embeddable":true,"href":"https:\/\/yasminfood.ch\/de\/wp-json\/wp\/v2\/media\/117959"}],"wp:attachment":[{"href":"https:\/\/yasminfood.ch\/de\/wp-json\/wp\/v2\/media?parent=118010"}],"wp:term":[{"taxonomy":"product_brand","embeddable":true,"href":"https:\/\/yasminfood.ch\/de\/wp-json\/wp\/v2\/product_brand?post=118010"},{"taxonomy":"product_cat","embeddable":true,"href":"https:\/\/yasminfood.ch\/de\/wp-json\/wp\/v2\/product_cat?post=118010"},{"taxonomy":"product_tag","embeddable":true,"href":"https:\/\/yasminfood.ch\/de\/wp-json\/wp\/v2\/product_tag?post=118010"}],"curies":[{"name":"wp","href":"https:\/\/api.w.org\/{rel}","templated":true}]}}