{"id":118011,"date":"2025-06-28T23:49:21","date_gmt":"2025-06-28T21:49:21","guid":{"rendered":"https:\/\/yasminfood.ch\/product\/kuerbiskerne-300g-sonnenschein\/"},"modified":"2025-06-29T00:11:39","modified_gmt":"2025-06-28T22:11:39","slug":"kuerbiskerne-300g-sonnenschein","status":"publish","type":"product","link":"https:\/\/yasminfood.ch\/de\/product\/kuerbiskerne-300g-sonnenschein\/","title":{"rendered":"K\u00fcrbiskerne 300g Sonnenschein"},"content":{"rendered":"<p><strong>300 g Sonnensamen <\/strong>von hoher Qualit\u00e4t, sorgf\u00e4ltig ausgew\u00e4hlt, um Ihnen den besten Crunch und nat\u00fcrlichen Geschmack zu bieten. <\/p>\n<p data-start=\"136\" data-end=\"254\">\n<ul>\n<li data-start=\"256\" data-end=\"666\">\u2714\ufe0f <strong data-start=\"259\" data-end=\"279\">100% reiner K\u00fcrbiskern<\/strong> ohne jegliche Zusatzstoffe oder Konservierungsstoffe<\/li>\n<li data-start=\"256\" data-end=\"666\">\u2714\ufe0f <strong data-start=\"314\" data-end=\"350\">Angereichert mit Protein, Magnesium und Zink<\/strong> zur Unterst\u00fctzung der Gesundheit von Herz, Immun und Muskeln<br data-start=\"383\" data-end=\"386\">\u2714\ufe0f <strong data-start=\"389\" data-end=\"415\">Es schmeckt k\u00f6stlich und hat eine knusprige Textur<\/strong> , die sich perfekt f\u00fcr eine gesunde t\u00e4gliche Unterhaltung eignet<br data-start=\"527\" data-end=\"530\" data-is-only-node=\"\">\u2714\ufe0f <strong data-start=\"533\" data-end=\"556\">Luftdichte F\u00fcllung<\/strong> , um Frische und Knusprigkeit so lange wie m\u00f6glich zu erhalten<br data-start=\"595\" data-end=\"598\">\u2714\ufe0f <strong data-start=\"601\" data-end=\"622\">Praktisches Gewicht 300 g<\/strong> , geeignet f\u00fcr die Tasche oder den Einsatz zu Hause und im B\u00fcro<\/li>\n<\/ul>\n<p data-start=\"668\" data-end=\"788\">\n","protected":false},"excerpt":{"rendered":"<p>Hochwertiger <strong>K\u00fcrbiskern 300g Sonnenschein<\/strong>, sorgf\u00e4ltig ausgew\u00e4hlt, um Ihnen den besten Crunch und nat\u00fcrlichen Geschmack zu bieten <\/p>\n","protected":false},"featured_media":117947,"comment_status":"open","ping_status":"closed","template":"","meta":[],"product_brand":[2332],"product_cat":[356,359],"product_tag":[],"class_list":{"0":"post-118011","1":"product","2":"type-product","3":"status-publish","4":"has-post-thumbnail","6":"product_brand-chamsine-de","7":"product_cat-gewuerze-nuesse","8":"product_cat-nusse","10":"first","11":"instock","12":"taxable","13":"shipping-taxable","14":"purchasable","15":"product-type-simple"},"yoast_head":"<!-- This site is optimized with the Yoast SEO Premium plugin v26.5 (Yoast SEO v27.3) - https:\/\/yoast.com\/product\/yoast-seo-premium-wordpress\/ -->\n<title>K\u00fcrbiskerne 300g Sonnenschein - Yasmin Food<\/title>\n<meta name=\"description\" content=\"Genie\u00dfen Sie einen tollen Geschmack und eine knusprige Textur mit einem hochwertigen 300g Sonnenk\u00fcrbiskern. Holen Sie sich gesunde, proteinreiche Lebensmittel und Unterst\u00fctzung f\u00fcr Ihren K\u00f6rper! Yasmin Food K\u00fcrbiskerne 300g Sonnenschein\" \/>\n<meta name=\"robots\" content=\"index, follow, max-snippet:-1, max-image-preview:large, max-video-preview:-1\" \/>\n<link rel=\"canonical\" href=\"https:\/\/yasminfood.ch\/de\/product\/kuerbiskerne-300g-sonnenschein\/\" \/>\n<meta property=\"og:locale\" content=\"de_DE\" \/>\n<meta property=\"og:type\" content=\"article\" \/>\n<meta property=\"og:title\" content=\"K\u00fcrbiskerne 300g Sonnenschein\" \/>\n<meta property=\"og:description\" content=\"Hochwertiger K\u00fcrbiskern 300g Sonnenschein, sorgf\u00e4ltig ausgew\u00e4hlt, um Ihnen den besten Crunch und nat\u00fcrlichen Geschmack zu bieten\" \/>\n<meta property=\"og:url\" content=\"https:\/\/yasminfood.ch\/de\/product\/kuerbiskerne-300g-sonnenschein\/\" \/>\n<meta property=\"og:site_name\" content=\"Yasmin Food\" \/>\n<meta property=\"article:publisher\" content=\"https:\/\/www.facebook.com\/yasminmarkt1\" \/>\n<meta property=\"article:modified_time\" content=\"2025-06-28T22:11:39+00:00\" \/>\n<meta property=\"og:image\" content=\"https:\/\/yasminfood.ch\/wp-content\/uploads\/2025\/06\/\u0628\u0632\u0631-\u0642\u0631\u0639-300\u063a-\u0634\u0645\u0633\u064a\u0646-1024x1024.png\" \/>\n\t<meta property=\"og:image:width\" content=\"1024\" \/>\n\t<meta property=\"og:image:height\" content=\"1024\" \/>\n\t<meta property=\"og:image:type\" content=\"image\/png\" \/>\n<meta name=\"twitter:card\" content=\"summary_large_image\" \/>\n<meta name=\"twitter:label1\" content=\"Preis\" \/>\n\t<meta name=\"twitter:data1\" content=\"3.95&nbsp;&#067;&#072;&#070;\" \/>\n\t<meta name=\"twitter:label2\" content=\"Verf\u00fcgbarkeit\" \/>\n\t<meta name=\"twitter:data2\" content=\"Auf Lager\" \/>\n<script type=\"application\/ld+json\" class=\"yoast-schema-graph\">{\"@context\":\"https:\\\/\\\/schema.org\",\"@graph\":[{\"@type\":\"WebPage\",\"@id\":\"https:\\\/\\\/yasminfood.ch\\\/de\\\/product\\\/kuerbiskerne-300g-sonnenschein\\\/\",\"url\":\"https:\\\/\\\/yasminfood.ch\\\/de\\\/product\\\/kuerbiskerne-300g-sonnenschein\\\/\",\"name\":\"K\u00fcrbiskerne 300g Sonnenschein - Yasmin Food\",\"isPartOf\":{\"@id\":\"https:\\\/\\\/yasminfood.ch\\\/de\\\/#website\"},\"primaryImageOfPage\":{\"@id\":\"https:\\\/\\\/yasminfood.ch\\\/de\\\/product\\\/kuerbiskerne-300g-sonnenschein\\\/#primaryimage\"},\"image\":{\"@id\":\"https:\\\/\\\/yasminfood.ch\\\/de\\\/product\\\/kuerbiskerne-300g-sonnenschein\\\/#primaryimage\"},\"thumbnailUrl\":\"https:\\\/\\\/yasminfood.ch\\\/wp-content\\\/uploads\\\/2025\\\/06\\\/\u0628\u0632\u0631-\u0642\u0631\u0639-300\u063a-\u0634\u0645\u0633\u064a\u0646.png\",\"datePublished\":\"2025-06-28T21:49:21+00:00\",\"dateModified\":\"2025-06-28T22:11:39+00:00\",\"description\":\"Genie\u00dfen Sie einen tollen Geschmack und eine knusprige Textur mit einem hochwertigen 300g Sonnenk\u00fcrbiskern. Holen Sie sich gesunde, proteinreiche Lebensmittel und Unterst\u00fctzung f\u00fcr Ihren K\u00f6rper! Yasmin Food K\u00fcrbiskerne 300g Sonnenschein\",\"breadcrumb\":{\"@id\":\"https:\\\/\\\/yasminfood.ch\\\/de\\\/product\\\/kuerbiskerne-300g-sonnenschein\\\/#breadcrumb\"},\"inLanguage\":\"de\",\"potentialAction\":[{\"@type\":\"ReadAction\",\"target\":[\"https:\\\/\\\/yasminfood.ch\\\/de\\\/product\\\/kuerbiskerne-300g-sonnenschein\\\/\"]}]},{\"@type\":\"ImageObject\",\"inLanguage\":\"de\",\"@id\":\"https:\\\/\\\/yasminfood.ch\\\/de\\\/product\\\/kuerbiskerne-300g-sonnenschein\\\/#primaryimage\",\"url\":\"https:\\\/\\\/yasminfood.ch\\\/wp-content\\\/uploads\\\/2025\\\/06\\\/\u0628\u0632\u0631-\u0642\u0631\u0639-300\u063a-\u0634\u0645\u0633\u064a\u0646.png\",\"contentUrl\":\"https:\\\/\\\/yasminfood.ch\\\/wp-content\\\/uploads\\\/2025\\\/06\\\/\u0628\u0632\u0631-\u0642\u0631\u0639-300\u063a-\u0634\u0645\u0633\u064a\u0646.png\",\"width\":1890,\"height\":1890,\"caption\":\"K\u00fcrbiskerne 300g Sonnenschein\"},{\"@type\":\"BreadcrumbList\",\"@id\":\"https:\\\/\\\/yasminfood.ch\\\/de\\\/product\\\/kuerbiskerne-300g-sonnenschein\\\/#breadcrumb\",\"itemListElement\":[{\"@type\":\"ListItem\",\"position\":1,\"name\":\"\u0627\u0644\u0631\u0626\u064a\u0633\u064a\u0629\",\"item\":\"https:\\\/\\\/yasminfood.ch\\\/de\\\/zuhause\\\/\"},{\"@type\":\"ListItem\",\"position\":2,\"name\":\"Shop\",\"item\":\"https:\\\/\\\/yasminfood.ch\\\/de\\\/shop\\\/\"},{\"@type\":\"ListItem\",\"position\":3,\"name\":\"Gew\u00fcrze &amp; N\u00fcsse\",\"item\":\"https:\\\/\\\/yasminfood.ch\\\/de\\\/produkt-kategorie\\\/gewuerze-nuesse\\\/\"},{\"@type\":\"ListItem\",\"position\":4,\"name\":\"K\u00fcrbiskerne 300g Sonnenschein\"}]},{\"@type\":\"WebSite\",\"@id\":\"https:\\\/\\\/yasminfood.ch\\\/de\\\/#website\",\"url\":\"https:\\\/\\\/yasminfood.ch\\\/de\\\/\",\"name\":\"\u064a\u0627\u0633\u0645\u064a\u0646 \u0645\u0627\u0631\u0643\u062a\",\"description\":\"Alles, was Sie brauchen, an einem Ort\",\"publisher\":{\"@id\":\"https:\\\/\\\/yasminfood.ch\\\/de\\\/#organization\"},\"alternateName\":\"Yasmin Food\",\"potentialAction\":[{\"@type\":\"SearchAction\",\"target\":{\"@type\":\"EntryPoint\",\"urlTemplate\":\"https:\\\/\\\/yasminfood.ch\\\/de\\\/?s={search_term_string}\"},\"query-input\":{\"@type\":\"PropertyValueSpecification\",\"valueRequired\":true,\"valueName\":\"search_term_string\"}}],\"inLanguage\":\"de\"},{\"@type\":\"Organization\",\"@id\":\"https:\\\/\\\/yasminfood.ch\\\/de\\\/#organization\",\"name\":\"\u064a\u0627\u0633\u0645\u064a\u0646 \u0645\u0627\u0631\u0643\u062a\",\"alternateName\":\"Yasmin Food\",\"url\":\"https:\\\/\\\/yasminfood.ch\\\/de\\\/\",\"logo\":{\"@type\":\"ImageObject\",\"inLanguage\":\"de\",\"@id\":\"https:\\\/\\\/yasminfood.ch\\\/de\\\/#\\\/schema\\\/logo\\\/image\\\/\",\"url\":\"https:\\\/\\\/yasminfood.ch\\\/wp-content\\\/uploads\\\/2025\\\/05\\\/yasmin-food-header-logo.png\",\"contentUrl\":\"https:\\\/\\\/yasminfood.ch\\\/wp-content\\\/uploads\\\/2025\\\/05\\\/yasmin-food-header-logo.png\",\"width\":330,\"height\":120,\"caption\":\"\u064a\u0627\u0633\u0645\u064a\u0646 \u0645\u0627\u0631\u0643\u062a\"},\"image\":{\"@id\":\"https:\\\/\\\/yasminfood.ch\\\/de\\\/#\\\/schema\\\/logo\\\/image\\\/\"},\"sameAs\":[\"https:\\\/\\\/www.facebook.com\\\/yasminmarkt1\",\"https:\\\/\\\/www.tiktok.com\\\/@yasminmarkt\",\"https:\\\/\\\/www.instagram.com\\\/yasmin.markt1\\\/\",\"https:\\\/\\\/api.whatsapp.com\\\/send\\\/?phone=41799000104\"],\"publishingPrinciples\":\"https:\\\/\\\/yasminfood.ch\\\/de\\\/shop\\\/\",\"ownershipFundingInfo\":\"https:\\\/\\\/yasminfood.ch\\\/de\\\/shop\\\/\"}]}<\/script>\n<meta property=\"product:price:amount\" content=\"3.95\" \/>\n<meta property=\"product:price:currency\" content=\"CHF\" \/>\n<meta property=\"og:availability\" content=\"instock\" \/>\n<meta property=\"product:availability\" content=\"instock\" \/>\n<meta property=\"product:condition\" content=\"new\" \/>\n<!-- \/ Yoast SEO Premium plugin. -->","yoast_head_json":{"title":"K\u00fcrbiskerne 300g Sonnenschein - Yasmin Food","description":"Genie\u00dfen Sie einen tollen Geschmack und eine knusprige Textur mit einem hochwertigen 300g Sonnenk\u00fcrbiskern. Holen Sie sich gesunde, proteinreiche Lebensmittel und Unterst\u00fctzung f\u00fcr Ihren K\u00f6rper! Yasmin Food K\u00fcrbiskerne 300g Sonnenschein","robots":{"index":"index","follow":"follow","max-snippet":"max-snippet:-1","max-image-preview":"max-image-preview:large","max-video-preview":"max-video-preview:-1"},"canonical":"https:\/\/yasminfood.ch\/de\/product\/kuerbiskerne-300g-sonnenschein\/","og_locale":"de_DE","og_type":"article","og_title":"K\u00fcrbiskerne 300g Sonnenschein","og_description":"Hochwertiger K\u00fcrbiskern 300g Sonnenschein, sorgf\u00e4ltig ausgew\u00e4hlt, um Ihnen den besten Crunch und nat\u00fcrlichen Geschmack zu bieten","og_url":"https:\/\/yasminfood.ch\/de\/product\/kuerbiskerne-300g-sonnenschein\/","og_site_name":"Yasmin Food","article_publisher":"https:\/\/www.facebook.com\/yasminmarkt1","article_modified_time":"2025-06-28T22:11:39+00:00","og_image":[{"width":1024,"height":1024,"url":"https:\/\/yasminfood.ch\/wp-content\/uploads\/2025\/06\/\u0628\u0632\u0631-\u0642\u0631\u0639-300\u063a-\u0634\u0645\u0633\u064a\u0646-1024x1024.png","type":"image\/png"}],"twitter_card":"summary_large_image","twitter_misc":{"Preis":"3.95&nbsp;&#67;&#72;&#70;","Verf\u00fcgbarkeit":"Auf Lager"},"schema":{"@context":"https:\/\/schema.org","@graph":[{"@type":"WebPage","@id":"https:\/\/yasminfood.ch\/de\/product\/kuerbiskerne-300g-sonnenschein\/","url":"https:\/\/yasminfood.ch\/de\/product\/kuerbiskerne-300g-sonnenschein\/","name":"K\u00fcrbiskerne 300g Sonnenschein - Yasmin Food","isPartOf":{"@id":"https:\/\/yasminfood.ch\/de\/#website"},"primaryImageOfPage":{"@id":"https:\/\/yasminfood.ch\/de\/product\/kuerbiskerne-300g-sonnenschein\/#primaryimage"},"image":{"@id":"https:\/\/yasminfood.ch\/de\/product\/kuerbiskerne-300g-sonnenschein\/#primaryimage"},"thumbnailUrl":"https:\/\/yasminfood.ch\/wp-content\/uploads\/2025\/06\/\u0628\u0632\u0631-\u0642\u0631\u0639-300\u063a-\u0634\u0645\u0633\u064a\u0646.png","datePublished":"2025-06-28T21:49:21+00:00","dateModified":"2025-06-28T22:11:39+00:00","description":"Genie\u00dfen Sie einen tollen Geschmack und eine knusprige Textur mit einem hochwertigen 300g Sonnenk\u00fcrbiskern. Holen Sie sich gesunde, proteinreiche Lebensmittel und Unterst\u00fctzung f\u00fcr Ihren K\u00f6rper! Yasmin Food K\u00fcrbiskerne 300g Sonnenschein","breadcrumb":{"@id":"https:\/\/yasminfood.ch\/de\/product\/kuerbiskerne-300g-sonnenschein\/#breadcrumb"},"inLanguage":"de","potentialAction":[{"@type":"ReadAction","target":["https:\/\/yasminfood.ch\/de\/product\/kuerbiskerne-300g-sonnenschein\/"]}]},{"@type":"ImageObject","inLanguage":"de","@id":"https:\/\/yasminfood.ch\/de\/product\/kuerbiskerne-300g-sonnenschein\/#primaryimage","url":"https:\/\/yasminfood.ch\/wp-content\/uploads\/2025\/06\/\u0628\u0632\u0631-\u0642\u0631\u0639-300\u063a-\u0634\u0645\u0633\u064a\u0646.png","contentUrl":"https:\/\/yasminfood.ch\/wp-content\/uploads\/2025\/06\/\u0628\u0632\u0631-\u0642\u0631\u0639-300\u063a-\u0634\u0645\u0633\u064a\u0646.png","width":1890,"height":1890,"caption":"K\u00fcrbiskerne 300g Sonnenschein"},{"@type":"BreadcrumbList","@id":"https:\/\/yasminfood.ch\/de\/product\/kuerbiskerne-300g-sonnenschein\/#breadcrumb","itemListElement":[{"@type":"ListItem","position":1,"name":"\u0627\u0644\u0631\u0626\u064a\u0633\u064a\u0629","item":"https:\/\/yasminfood.ch\/de\/zuhause\/"},{"@type":"ListItem","position":2,"name":"Shop","item":"https:\/\/yasminfood.ch\/de\/shop\/"},{"@type":"ListItem","position":3,"name":"Gew\u00fcrze &amp; N\u00fcsse","item":"https:\/\/yasminfood.ch\/de\/produkt-kategorie\/gewuerze-nuesse\/"},{"@type":"ListItem","position":4,"name":"K\u00fcrbiskerne 300g Sonnenschein"}]},{"@type":"WebSite","@id":"https:\/\/yasminfood.ch\/de\/#website","url":"https:\/\/yasminfood.ch\/de\/","name":"\u064a\u0627\u0633\u0645\u064a\u0646 \u0645\u0627\u0631\u0643\u062a","description":"Alles, was Sie brauchen, an einem Ort","publisher":{"@id":"https:\/\/yasminfood.ch\/de\/#organization"},"alternateName":"Yasmin Food","potentialAction":[{"@type":"SearchAction","target":{"@type":"EntryPoint","urlTemplate":"https:\/\/yasminfood.ch\/de\/?s={search_term_string}"},"query-input":{"@type":"PropertyValueSpecification","valueRequired":true,"valueName":"search_term_string"}}],"inLanguage":"de"},{"@type":"Organization","@id":"https:\/\/yasminfood.ch\/de\/#organization","name":"\u064a\u0627\u0633\u0645\u064a\u0646 \u0645\u0627\u0631\u0643\u062a","alternateName":"Yasmin Food","url":"https:\/\/yasminfood.ch\/de\/","logo":{"@type":"ImageObject","inLanguage":"de","@id":"https:\/\/yasminfood.ch\/de\/#\/schema\/logo\/image\/","url":"https:\/\/yasminfood.ch\/wp-content\/uploads\/2025\/05\/yasmin-food-header-logo.png","contentUrl":"https:\/\/yasminfood.ch\/wp-content\/uploads\/2025\/05\/yasmin-food-header-logo.png","width":330,"height":120,"caption":"\u064a\u0627\u0633\u0645\u064a\u0646 \u0645\u0627\u0631\u0643\u062a"},"image":{"@id":"https:\/\/yasminfood.ch\/de\/#\/schema\/logo\/image\/"},"sameAs":["https:\/\/www.facebook.com\/yasminmarkt1","https:\/\/www.tiktok.com\/@yasminmarkt","https:\/\/www.instagram.com\/yasmin.markt1\/","https:\/\/api.whatsapp.com\/send\/?phone=41799000104"],"publishingPrinciples":"https:\/\/yasminfood.ch\/de\/shop\/","ownershipFundingInfo":"https:\/\/yasminfood.ch\/de\/shop\/"}]},"product_price_amount":"3.95","product_price_currency":"CHF","og_availability":"instock","product_availability":"instock","product_condition":"new"},"jetpack_sharing_enabled":true,"_links":{"self":[{"href":"https:\/\/yasminfood.ch\/de\/wp-json\/wp\/v2\/product\/118011","targetHints":{"allow":["GET"]}}],"collection":[{"href":"https:\/\/yasminfood.ch\/de\/wp-json\/wp\/v2\/product"}],"about":[{"href":"https:\/\/yasminfood.ch\/de\/wp-json\/wp\/v2\/types\/product"}],"replies":[{"embeddable":true,"href":"https:\/\/yasminfood.ch\/de\/wp-json\/wp\/v2\/comments?post=118011"}],"version-history":[{"count":0,"href":"https:\/\/yasminfood.ch\/de\/wp-json\/wp\/v2\/product\/118011\/revisions"}],"wp:featuredmedia":[{"embeddable":true,"href":"https:\/\/yasminfood.ch\/de\/wp-json\/wp\/v2\/media\/117947"}],"wp:attachment":[{"href":"https:\/\/yasminfood.ch\/de\/wp-json\/wp\/v2\/media?parent=118011"}],"wp:term":[{"taxonomy":"product_brand","embeddable":true,"href":"https:\/\/yasminfood.ch\/de\/wp-json\/wp\/v2\/product_brand?post=118011"},{"taxonomy":"product_cat","embeddable":true,"href":"https:\/\/yasminfood.ch\/de\/wp-json\/wp\/v2\/product_cat?post=118011"},{"taxonomy":"product_tag","embeddable":true,"href":"https:\/\/yasminfood.ch\/de\/wp-json\/wp\/v2\/product_tag?post=118011"}],"curies":[{"name":"wp","href":"https:\/\/api.w.org\/{rel}","templated":true}]}}